{"id":19608,"date":"2026-01-16T12:03:38","date_gmt":"2026-01-16T10:03:38","guid":{"rendered":"https:\/\/senbera.com\/lt\/produktas\/dazu-valiklis\/"},"modified":"2026-01-16T12:03:48","modified_gmt":"2026-01-16T10:03:48","slug":"dazu-valiklis","status":"publish","type":"product","link":"https:\/\/senbera.com\/lt\/produktas\/dazu-valiklis\/","title":{"rendered":"Da\u017e\u0173 valiklis"},"content":{"rendered":"<p style=\"text-align: center\"><b>Pristatome da\u017e\u0173 valikl\u012f &#8211; paprast\u0105 b\u016bd\u0105 atnaujinti ir atnaujinti! \ud83c\udfa8<\/b><\/p>\n<p style=\"text-align: center\"><span style=\"font-weight: 400\">Padarykite savo sienas, baldus, automobilius ir \u017eaislus v\u0117l visi\u0161kai naujus &#8211; lengvai ir greitai!<\/span><\/p>\n<p><img decoding=\"async\" class=\"size-full wp-image-16193 aligncenter\" src=\"https:\/\/keluvo.com\/template\/wp-content\/uploads\/sites\/5\/2025\/04\/5075b5b2-8a26-4992-8919-69770bd3b254-ezgif.com-video-to-webp-converter.webp\" alt=\"\" \/><\/p>\n<h2 style=\"text-align: center\">Pagrindiniai Privalumai<\/h2>\n<p><span style=\"font-weight: 400\">\u2705 <\/span><b>Greitai nuvalo da\u017eus<\/b><span style=\"font-weight: 400\"> &#8211; greitai pa\u0161alina senus, nepageidaujamus da\u017eus nuo daugelio pavir\u0161i\u0173<\/span><\/p>\n<p><span style=\"font-weight: 400\"> \u2705 <\/span><b>Galingas ir efektyvus<\/b><span style=\"font-weight: 400\"> &#8211; stiprus tirpiklis greitai veikia, kad nulupt\u0173 da\u017eus<\/span><\/p>\n<p><span style=\"font-weight: 400\"> \u2705 <\/span><b>Saugus naudoti<\/b><span style=\"font-weight: 400\"> &#8211; nekenkia pavir\u0161iui, j\u016bs\u0173 rankoms, ar aplinkai<\/span><\/p>\n<p><span style=\"font-weight: 400\"> \u2705 <\/span><b>Paprasta naudoti<\/b><span style=\"font-weight: 400\"> &#8211; Tiesiog purk\u0161kite, palaukite ir nuplaukite<\/span><\/p>\n<p><span style=\"font-weight: 400\"> \u2705 <\/span><b>Puikiai tinka daugeliui darb\u0173<\/b><span style=\"font-weight: 400\"> &#8211; Puikiai tinka automobiliams, sienoms, baldams, metalui, \u017eaislams ir kt.<\/span><\/p>\n<p><img decoding=\"async\" class=\"size-full wp-image-16194 aligncenter\" src=\"https:\/\/keluvo.com\/template\/wp-content\/uploads\/sites\/5\/2025\/04\/ezgif.com-video-to-webp-converter.webp\" alt=\"\" \/><\/p>\n<h2 style=\"text-align: center\">Kod\u0117l Tai Yra Jums<\/h2>\n<p style=\"text-align: center\"><span style=\"font-weight: 400\">Jis lengvai nuvalo senus da\u017eus nepa\u017eeisdamas po jais esan\u010dio pavir\u0161iaus. Nesvarbu, ar atnaujinate senus baldus, valote grafiti, ar ruo\u0161iate automobil\u012f naujai dangai, \u0161is valiklis sutaupys jums laiko, pastang\u0173 ir streso.<\/span><\/p>\n<h2 style=\"text-align: center\">Kaip Naudoti<\/h2>\n<ol>\n<li style=\"font-weight: 400\"><span style=\"font-weight: 400\">Prie\u0161 naudodami gerai suplakite da\u017e\u0173 valikl\u012f.<\/span><span style=\"font-weight: 400\"><br \/>\n<\/span><\/li>\n<li style=\"font-weight: 400\"><span style=\"font-weight: 400\">Purk\u0161kite j\u012f ant da\u017eyto pavir\u0161iaus, kur\u012f norite valyti.<\/span><span style=\"font-weight: 400\"><br \/>\n<\/span><\/li>\n<li style=\"font-weight: 400\"><span style=\"font-weight: 400\">Palaukite apie 15 minu\u010di\u0173, kol da\u017eai prad\u0117s burbuliuoti ir luptis.<\/span><span style=\"font-weight: 400\"><br \/>\n<\/span><\/li>\n<li style=\"font-weight: 400\"><span style=\"font-weight: 400\">Nuplaukite vandeniu, kad nuplautum\u0117te senus da\u017eus.<\/span><span style=\"font-weight: 400\"><br \/>\n<\/span><\/li>\n<li style=\"font-weight: 400\"><span style=\"font-weight: 400\">M\u0117gaukit\u0117s \u0161variu ir \u0161vie\u017eiu pavir\u0161iumi, paruo\u0161tu naujai spalvai!<\/span><\/li>\n<\/ol>\n<h2 style=\"text-align: center\">Pakuot\u0117je Yra<\/h2>\n<ul>\n<li style=\"font-weight: 400\"><span style=\"font-weight: 400\">1, 2, 3x buteliukai 100 ml da\u017e\u0173 valiklio<\/span><\/li>\n<li style=\"font-weight: 400\"><span style=\"font-weight: 400\">1, 2, 3x da\u017e\u0173 \u0161epet\u0117lis.<\/span><\/li>\n<\/ul>\n<p>&nbsp;<\/p>\n","protected":false},"excerpt":{"rendered":"<p>Pristatome da\u017e\u0173 valikl\u012f &#8211; paprast\u0105 b\u016bd\u0105 atnaujinti ir atnaujinti! \ud83c\udfa8 Padarykite savo sienas, baldus, automobilius ir \u017eaislus v\u0117l visi\u0161kai naujus [&hellip;]<\/p>\n","protected":false},"featured_media":19604,"comment_status":"open","ping_status":"closed","template":"","meta":{"site-sidebar-layout":"default","site-content-layout":"","ast-site-content-layout":"default","site-content-style":"default","site-sidebar-style":"default","ast-global-header-display":"","ast-banner-title-visibility":"","ast-main-header-display":"","ast-hfb-above-header-display":"","ast-hfb-below-header-display":"","ast-hfb-mobile-header-display":"","site-post-title":"","ast-breadcrumbs-content":"","ast-featured-img":"","footer-sml-layout":"","theme-transparent-header-meta":"default","adv-header-id-meta":"","stick-header-meta":"","header-above-stick-meta":"","header-main-stick-meta":"","header-below-stick-meta":"","astra-migrate-meta-layouts":"set","ast-page-background-enabled":"default","ast-page-background-meta":{"desktop":{"background-color":"var(--ast-global-color-5)","background-image":"","background-repeat":"repeat","background-position":"center center","background-size":"auto","background-attachment":"scroll","background-type":"","background-media":"","overlay-type":"","overlay-color":"","overlay-opacity":"","overlay-gradient":""},"tablet":{"background-color":"","background-image":"","background-repeat":"repeat","background-position":"center center","background-size":"auto","background-attachment":"scroll","background-type":"","background-media":"","overlay-type":"","overlay-color":"","overlay-opacity":"","overlay-gradient":""},"mobile":{"background-color":"","background-image":"","background-repeat":"repeat","background-position":"center center","background-size":"auto","background-attachment":"scroll","background-type":"","background-media":"","overlay-type":"","overlay-color":"","overlay-opacity":"","overlay-gradient":""}},"ast-content-background-meta":{"desktop":{"background-color":"var(--ast-global-color-4)","background-image":"","background-repeat":"repeat","background-position":"center center","background-size":"auto","background-attachment":"scroll","background-type":"","background-media":"","overlay-type":"","overlay-color":"","overlay-opacity":"","overlay-gradient":""},"tablet":{"background-color":"var(--ast-global-color-4)","background-image":"","background-repeat":"repeat","background-position":"center center","background-size":"auto","background-attachment":"scroll","background-type":"","background-media":"","overlay-type":"","overlay-color":"","overlay-opacity":"","overlay-gradient":""},"mobile":{"background-color":"var(--ast-global-color-4)","background-image":"","background-repeat":"repeat","background-position":"center center","background-size":"auto","background-attachment":"scroll","background-type":"","background-media":"","overlay-type":"","overlay-color":"","overlay-opacity":"","overlay-gradient":""}}},"product_brand":[],"product_cat":[15],"product_tag":[],"class_list":{"0":"post-19608","1":"product","2":"type-product","3":"status-publish","4":"has-post-thumbnail","6":"product_cat-be-kategorijos","7":"pa_29385_h3wzhy92-1-vnt","8":"pa_29385_h3wzhy92-2-vnt","9":"pa_29385_h3wzhy92-3-vnt","10":"desktop-align-left","11":"tablet-align-left","12":"mobile-align-left","14":"first","15":"instock","16":"shipping-taxable","17":"purchasable","18":"product-type-variable"},"yoast_head":"<!-- This site is optimized with the Yoast SEO plugin v26.6 - https:\/\/yoast.com\/wordpress\/plugins\/seo\/ -->\n<title>Da\u017e\u0173 valiklis - Senbera LT<\/title>\n<meta name=\"robots\" content=\"noindex, follow, max-snippet:-1, max-image-preview:large, max-video-preview:-1\" \/>\n<meta property=\"og:locale\" content=\"lt_LT\" \/>\n<meta property=\"og:type\" content=\"article\" \/>\n<meta property=\"og:title\" content=\"Da\u017e\u0173 valiklis - Senbera LT\" \/>\n<meta property=\"og:description\" content=\"Pristatome da\u017e\u0173 valikl\u012f &#8211; paprast\u0105 b\u016bd\u0105 atnaujinti ir atnaujinti! \ud83c\udfa8 Padarykite savo sienas, baldus, automobilius ir \u017eaislus v\u0117l visi\u0161kai naujus [&hellip;]\" \/>\n<meta property=\"og:url\" content=\"https:\/\/senbera.com\/lt\/produktas\/dazu-valiklis\/\" \/>\n<meta property=\"og:site_name\" content=\"Senbera LT\" \/>\n<meta property=\"article:modified_time\" content=\"2026-01-16T10:03:48+00:00\" \/>\n<meta name=\"twitter:card\" content=\"summary_large_image\" \/>\n<meta name=\"twitter:label1\" content=\"Est. reading time\" \/>\n\t<meta name=\"twitter:data1\" content=\"1 minut\u0117\" \/>\n<script type=\"application\/ld+json\" class=\"yoast-schema-graph\">{\"@context\":\"https:\/\/schema.org\",\"@graph\":[{\"@type\":\"WebPage\",\"@id\":\"https:\/\/senbera.com\/lt\/produktas\/dazu-valiklis\/\",\"url\":\"https:\/\/senbera.com\/lt\/produktas\/dazu-valiklis\/\",\"name\":\"Da\u017e\u0173 valiklis - Senbera LT\",\"isPartOf\":{\"@id\":\"https:\/\/senbera.com\/lt\/#website\"},\"primaryImageOfPage\":{\"@id\":\"https:\/\/senbera.com\/lt\/produktas\/dazu-valiklis\/#primaryimage\"},\"image\":{\"@id\":\"https:\/\/senbera.com\/lt\/produktas\/dazu-valiklis\/#primaryimage\"},\"thumbnailUrl\":\"https:\/\/senbera.com\/lt\/wp-content\/uploads\/sites\/22\/2026\/01\/xzhgss3-1.webp\",\"datePublished\":\"2026-01-16T10:03:38+00:00\",\"dateModified\":\"2026-01-16T10:03:48+00:00\",\"breadcrumb\":{\"@id\":\"https:\/\/senbera.com\/lt\/produktas\/dazu-valiklis\/#breadcrumb\"},\"inLanguage\":\"lt-LT\",\"potentialAction\":[{\"@type\":\"ReadAction\",\"target\":[\"https:\/\/senbera.com\/lt\/produktas\/dazu-valiklis\/\"]}]},{\"@type\":\"ImageObject\",\"inLanguage\":\"lt-LT\",\"@id\":\"https:\/\/senbera.com\/lt\/produktas\/dazu-valiklis\/#primaryimage\",\"url\":\"https:\/\/senbera.com\/lt\/wp-content\/uploads\/sites\/22\/2026\/01\/xzhgss3-1.webp\",\"contentUrl\":\"https:\/\/senbera.com\/lt\/wp-content\/uploads\/sites\/22\/2026\/01\/xzhgss3-1.webp\",\"width\":800,\"height\":800},{\"@type\":\"BreadcrumbList\",\"@id\":\"https:\/\/senbera.com\/lt\/produktas\/dazu-valiklis\/#breadcrumb\",\"itemListElement\":[{\"@type\":\"ListItem\",\"position\":1,\"name\":\"Home\",\"item\":\"https:\/\/senbera.com\/lt\/\"},{\"@type\":\"ListItem\",\"position\":2,\"name\":\"Katalogas\",\"item\":\"https:\/\/senbera.com\/lt\/katalogas\/\"},{\"@type\":\"ListItem\",\"position\":3,\"name\":\"Da\u017e\u0173 valiklis\"}]},{\"@type\":\"WebSite\",\"@id\":\"https:\/\/senbera.com\/lt\/#website\",\"url\":\"https:\/\/senbera.com\/lt\/\",\"name\":\"Senbera LT\",\"description\":\"\",\"publisher\":{\"@id\":\"https:\/\/senbera.com\/lt\/#organization\"},\"potentialAction\":[{\"@type\":\"SearchAction\",\"target\":{\"@type\":\"EntryPoint\",\"urlTemplate\":\"https:\/\/senbera.com\/lt\/?s={search_term_string}\"},\"query-input\":{\"@type\":\"PropertyValueSpecification\",\"valueRequired\":true,\"valueName\":\"search_term_string\"}}],\"inLanguage\":\"lt-LT\"},{\"@type\":\"Organization\",\"@id\":\"https:\/\/senbera.com\/lt\/#organization\",\"name\":\"Mekulo\",\"url\":\"https:\/\/senbera.com\/lt\/\",\"logo\":{\"@type\":\"ImageObject\",\"inLanguage\":\"lt-LT\",\"@id\":\"https:\/\/senbera.com\/lt\/#\/schema\/logo\/image\/\",\"url\":\"https:\/\/senbera.com\/lt\/wp-content\/uploads\/sites\/22\/2025\/12\/favicon_mekulo.png\",\"contentUrl\":\"https:\/\/senbera.com\/lt\/wp-content\/uploads\/sites\/22\/2025\/12\/favicon_mekulo.png\",\"width\":50,\"height\":50,\"caption\":\"Mekulo\"},\"image\":{\"@id\":\"https:\/\/senbera.com\/lt\/#\/schema\/logo\/image\/\"}}]}<\/script>\n<!-- \/ Yoast SEO plugin. -->","yoast_head_json":{"title":"Da\u017e\u0173 valiklis - Senbera LT","robots":{"index":"noindex","follow":"follow","max-snippet":"max-snippet:-1","max-image-preview":"max-image-preview:large","max-video-preview":"max-video-preview:-1"},"og_locale":"lt_LT","og_type":"article","og_title":"Da\u017e\u0173 valiklis - Senbera LT","og_description":"Pristatome da\u017e\u0173 valikl\u012f &#8211; paprast\u0105 b\u016bd\u0105 atnaujinti ir atnaujinti! \ud83c\udfa8 Padarykite savo sienas, baldus, automobilius ir \u017eaislus v\u0117l visi\u0161kai naujus [&hellip;]","og_url":"https:\/\/senbera.com\/lt\/produktas\/dazu-valiklis\/","og_site_name":"Senbera LT","article_modified_time":"2026-01-16T10:03:48+00:00","twitter_card":"summary_large_image","twitter_misc":{"Est. reading time":"1 minut\u0117"},"schema":{"@context":"https:\/\/schema.org","@graph":[{"@type":"WebPage","@id":"https:\/\/senbera.com\/lt\/produktas\/dazu-valiklis\/","url":"https:\/\/senbera.com\/lt\/produktas\/dazu-valiklis\/","name":"Da\u017e\u0173 valiklis - Senbera LT","isPartOf":{"@id":"https:\/\/senbera.com\/lt\/#website"},"primaryImageOfPage":{"@id":"https:\/\/senbera.com\/lt\/produktas\/dazu-valiklis\/#primaryimage"},"image":{"@id":"https:\/\/senbera.com\/lt\/produktas\/dazu-valiklis\/#primaryimage"},"thumbnailUrl":"https:\/\/senbera.com\/lt\/wp-content\/uploads\/sites\/22\/2026\/01\/xzhgss3-1.webp","datePublished":"2026-01-16T10:03:38+00:00","dateModified":"2026-01-16T10:03:48+00:00","breadcrumb":{"@id":"https:\/\/senbera.com\/lt\/produktas\/dazu-valiklis\/#breadcrumb"},"inLanguage":"lt-LT","potentialAction":[{"@type":"ReadAction","target":["https:\/\/senbera.com\/lt\/produktas\/dazu-valiklis\/"]}]},{"@type":"ImageObject","inLanguage":"lt-LT","@id":"https:\/\/senbera.com\/lt\/produktas\/dazu-valiklis\/#primaryimage","url":"https:\/\/senbera.com\/lt\/wp-content\/uploads\/sites\/22\/2026\/01\/xzhgss3-1.webp","contentUrl":"https:\/\/senbera.com\/lt\/wp-content\/uploads\/sites\/22\/2026\/01\/xzhgss3-1.webp","width":800,"height":800},{"@type":"BreadcrumbList","@id":"https:\/\/senbera.com\/lt\/produktas\/dazu-valiklis\/#breadcrumb","itemListElement":[{"@type":"ListItem","position":1,"name":"Home","item":"https:\/\/senbera.com\/lt\/"},{"@type":"ListItem","position":2,"name":"Katalogas","item":"https:\/\/senbera.com\/lt\/katalogas\/"},{"@type":"ListItem","position":3,"name":"Da\u017e\u0173 valiklis"}]},{"@type":"WebSite","@id":"https:\/\/senbera.com\/lt\/#website","url":"https:\/\/senbera.com\/lt\/","name":"Senbera LT","description":"","publisher":{"@id":"https:\/\/senbera.com\/lt\/#organization"},"potentialAction":[{"@type":"SearchAction","target":{"@type":"EntryPoint","urlTemplate":"https:\/\/senbera.com\/lt\/?s={search_term_string}"},"query-input":{"@type":"PropertyValueSpecification","valueRequired":true,"valueName":"search_term_string"}}],"inLanguage":"lt-LT"},{"@type":"Organization","@id":"https:\/\/senbera.com\/lt\/#organization","name":"Mekulo","url":"https:\/\/senbera.com\/lt\/","logo":{"@type":"ImageObject","inLanguage":"lt-LT","@id":"https:\/\/senbera.com\/lt\/#\/schema\/logo\/image\/","url":"https:\/\/senbera.com\/lt\/wp-content\/uploads\/sites\/22\/2025\/12\/favicon_mekulo.png","contentUrl":"https:\/\/senbera.com\/lt\/wp-content\/uploads\/sites\/22\/2025\/12\/favicon_mekulo.png","width":50,"height":50,"caption":"Mekulo"},"image":{"@id":"https:\/\/senbera.com\/lt\/#\/schema\/logo\/image\/"}}]}},"_links":{"self":[{"href":"https:\/\/senbera.com\/lt\/wp-json\/wp\/v2\/product\/19608","targetHints":{"allow":["GET"]}}],"collection":[{"href":"https:\/\/senbera.com\/lt\/wp-json\/wp\/v2\/product"}],"about":[{"href":"https:\/\/senbera.com\/lt\/wp-json\/wp\/v2\/types\/product"}],"replies":[{"embeddable":true,"href":"https:\/\/senbera.com\/lt\/wp-json\/wp\/v2\/comments?post=19608"}],"wp:featuredmedia":[{"embeddable":true,"href":"https:\/\/senbera.com\/lt\/wp-json\/wp\/v2\/media\/19604"}],"wp:attachment":[{"href":"https:\/\/senbera.com\/lt\/wp-json\/wp\/v2\/media?parent=19608"}],"wp:term":[{"taxonomy":"product_brand","embeddable":true,"href":"https:\/\/senbera.com\/lt\/wp-json\/wp\/v2\/product_brand?post=19608"},{"taxonomy":"product_cat","embeddable":true,"href":"https:\/\/senbera.com\/lt\/wp-json\/wp\/v2\/product_cat?post=19608"},{"taxonomy":"product_tag","embeddable":true,"href":"https:\/\/senbera.com\/lt\/wp-json\/wp\/v2\/product_tag?post=19608"}],"curies":[{"name":"wp","href":"https:\/\/api.w.org\/{rel}","templated":true}]}}