{"id":19449,"date":"2026-01-15T08:45:59","date_gmt":"2026-01-15T06:45:59","guid":{"rendered":"https:\/\/senbera.com\/lt\/produktas\/rankines-telefono-deklas\/"},"modified":"2026-01-15T08:50:32","modified_gmt":"2026-01-15T06:50:32","slug":"rankines-telefono-deklas","status":"publish","type":"product","link":"https:\/\/senbera.com\/lt\/produktas\/rankines-telefono-deklas\/","title":{"rendered":"Rankin\u0117s telefono d\u0117klas"},"content":{"rendered":"<h2 style=\"text-align: center\" data-start=\"0\" data-end=\"53\">\ud83d\udc5c Stilius ir funkcionalumas<\/h2>\n<p class=\"\" style=\"text-align: center\" data-start=\"55\" data-end=\"174\"><span class=\"relative -mx-px my-[-0.2rem] rounded px-px py-[0.2rem] transition-colors duration-100 ease-in-out\">Padidinkite savo kasdieni\u0173 daikt\u0173 svarb\u0105 su m\u016bs\u0173 rankin\u0117s telefono d\u0117klu &#8211; puikiu mados ir prakti\u0161kumo deriniu.<\/span> <span class=\"relative -mx-px my-[-0.2rem] rounded px-px py-[0.2rem] transition-colors duration-100 ease-in-out\">\u0160is aksesuaras, sukurtas vertinantiems patogum\u0105 ir nekei\u010diantiems stiliaus, u\u017etikrina, kad telefonas visada bus pasiekiamas ir apsaugotas.<\/span><\/p>\n<p data-start=\"55\" data-end=\"174\"><img decoding=\"async\" class=\"size-full wp-image-14312 aligncenter\" src=\"https:\/\/keluvo.com\/template\/wp-content\/uploads\/sites\/5\/2025\/04\/variant-image-6.jpeg\" alt=\"\" \/><\/p>\n<h2 style=\"text-align: center\" data-start=\"181\" data-end=\"204\">\ud83c\udf1f Pagrindiniai privalumai<\/h2>\n<p class=\"\" data-start=\"208\" data-end=\"312\">Kompleksinis dizainas &#8222;viskas viename&#8221;: <span class=\"relative -mx-px my-[-0.2rem] rounded px-px py-[0.2rem] transition-colors duration-100 ease-in-out\">Viename komplekte suderintas rankin\u0117s patogumas ir telefono d\u0117klo apsauga, tod\u0117l nebereikia ne\u0161iotis keli\u0173 daikt\u0173<\/span>\u200b<\/p>\n<p class=\"\" data-start=\"315\" data-end=\"423\">Visos kokyb\u0117s med\u017eiaga: <span class=\"relative -mx-px my-[-0.2rem] rounded px-px py-[0.2rem] transition-colors duration-100 ease-in-out\">Sukurta i\u0161 patvari\u0173 med\u017eiag\u0173, kurios u\u017etikrina \u0161veln\u0173 prisilietim\u0105 ir ilgaam\u017e\u012f naudojim\u0105<\/span>\u200b<\/p>\n<p class=\"\" data-start=\"426\" data-end=\"523\">Saugiai priglunda: <span class=\"relative -mx-px my-[-0.2rem] rounded px-px py-[0.2rem] transition-colors duration-100 ease-in-out\">Lengvai pri\u017ei\u016brimas: pritaikytas taip, kad puikiai tikt\u0173 j\u016bs\u0173 telefonui, apsaugo j\u012f nuo dulki\u0173, \u012fbr\u0117\u017eim\u0173 ir sm\u016bgi\u0173<\/span>\u200b<\/p>\n<p class=\"\" data-start=\"526\" data-end=\"631\">Lengvai pri\u017ei\u016brimas: <span class=\"relative -mx-px my-[-0.2rem] rounded px-px py-[0.2rem] transition-colors duration-100 ease-in-out\">D\u0117kl\u0105 galima skalbti, tod\u0117l laikui b\u0117gant jis i\u0161liks \u0161varus ir gaivus<\/span><\/p>\n<p><img decoding=\"async\" class=\"size-full wp-image-14309 aligncenter\" src=\"https:\/\/keluvo.com\/template\/wp-content\/uploads\/sites\/5\/2025\/04\/main-image-5-1.jpeg\" alt=\"\" \/><\/p>\n<h2 style=\"text-align: center\" data-start=\"55\" data-end=\"174\">\ud83d\udccf Produkto specifikacijos<\/h2>\n<ul>\n<li class=\"\" data-start=\"673\" data-end=\"774\">\n<p class=\"\" data-start=\"675\" data-end=\"774\">Med\u017eiaga: <span class=\"relative -mx-px my-[-0.2rem] rounded px-px py-[0.2rem] transition-colors duration-100 ease-in-out\">Auk\u0161\u010diausios kokyb\u0117s med\u017eiaga<\/span>\u200b<\/p>\n<\/li>\n<li class=\"\" data-start=\"775\" data-end=\"874\">\n<p class=\"\" data-start=\"777\" data-end=\"874\">Dizainas: <span class=\"relative -mx-px my-[-0.2rem] rounded px-px py-[0.2rem] transition-colors duration-100 ease-in-out\">Madingas rankin\u0117s stilius, lengvai u\u017esegamas ir nuimamas<\/span>\u200b<\/p>\n<\/li>\n<li class=\"\" data-start=\"875\" data-end=\"978\">\n<p class=\"\" data-start=\"877\" data-end=\"978\">Apsauga: <span class=\"relative -mx-px my-[-0.2rem] rounded px-px py-[0.2rem] transition-colors duration-100 ease-in-out\">Visapusi\u0161ka apsauga nuo dulki\u0173, \u012fbr\u0117\u017eim\u0173 ir smulki\u0173 sm\u016bgi\u0173<\/span>\u200b<\/p>\n<\/li>\n<li class=\"\" data-start=\"979\" data-end=\"1083\">\n<p class=\"\" data-start=\"981\" data-end=\"1083\">Prie\u017ei\u016bra: <span class=\"relative -mx-px my-[-0.2rem] rounded px-px py-[0.2rem] transition-colors duration-100 ease-in-out\">Durable and washable for long-term use<\/span><\/p>\n<\/li>\n<\/ul>\n<h2 style=\"text-align: center\">\ud83d\udce6 Pakuot\u0119 sudaro<\/h2>\n<ul>\n<li>1x rankin\u0117s telefono d\u0117klas.<\/li>\n<\/ul>\n","protected":false},"excerpt":{"rendered":"<p>\ud83d\udc5c Stilius ir funkcionalumas Padidinkite savo kasdieni\u0173 daikt\u0173 svarb\u0105 su m\u016bs\u0173 rankin\u0117s telefono d\u0117klu &#8211; puikiu mados ir prakti\u0161kumo deriniu. [&hellip;]<\/p>\n","protected":false},"featured_media":19444,"comment_status":"open","ping_status":"closed","template":"","meta":{"site-sidebar-layout":"default","site-content-layout":"","ast-site-content-layout":"default","site-content-style":"default","site-sidebar-style":"default","ast-global-header-display":"","ast-banner-title-visibility":"","ast-main-header-display":"","ast-hfb-above-header-display":"","ast-hfb-below-header-display":"","ast-hfb-mobile-header-display":"","site-post-title":"","ast-breadcrumbs-content":"","ast-featured-img":"","footer-sml-layout":"","theme-transparent-header-meta":"default","adv-header-id-meta":"","stick-header-meta":"","header-above-stick-meta":"","header-main-stick-meta":"","header-below-stick-meta":"","astra-migrate-meta-layouts":"set","ast-page-background-enabled":"default","ast-page-background-meta":{"desktop":{"background-color":"var(--ast-global-color-5)","background-image":"","background-repeat":"repeat","background-position":"center center","background-size":"auto","background-attachment":"scroll","background-type":"","background-media":"","overlay-type":"","overlay-color":"","overlay-opacity":"","overlay-gradient":""},"tablet":{"background-color":"","background-image":"","background-repeat":"repeat","background-position":"center center","background-size":"auto","background-attachment":"scroll","background-type":"","background-media":"","overlay-type":"","overlay-color":"","overlay-opacity":"","overlay-gradient":""},"mobile":{"background-color":"","background-image":"","background-repeat":"repeat","background-position":"center center","background-size":"auto","background-attachment":"scroll","background-type":"","background-media":"","overlay-type":"","overlay-color":"","overlay-opacity":"","overlay-gradient":""}},"ast-content-background-meta":{"desktop":{"background-color":"var(--ast-global-color-4)","background-image":"","background-repeat":"repeat","background-position":"center center","background-size":"auto","background-attachment":"scroll","background-type":"","background-media":"","overlay-type":"","overlay-color":"","overlay-opacity":"","overlay-gradient":""},"tablet":{"background-color":"var(--ast-global-color-4)","background-image":"","background-repeat":"repeat","background-position":"center center","background-size":"auto","background-attachment":"scroll","background-type":"","background-media":"","overlay-type":"","overlay-color":"","overlay-opacity":"","overlay-gradient":""},"mobile":{"background-color":"var(--ast-global-color-4)","background-image":"","background-repeat":"repeat","background-position":"center center","background-size":"auto","background-attachment":"scroll","background-type":"","background-media":"","overlay-type":"","overlay-color":"","overlay-opacity":"","overlay-gradient":""}}},"product_brand":[],"product_cat":[15],"product_tag":[],"class_list":{"0":"post-19449","1":"product","2":"type-product","3":"status-publish","4":"has-post-thumbnail","6":"product_cat-be-kategorijos","7":"pa_31965_em4o3q8n-iphone-11","8":"pa_31965_em4o3q8n-iphone-11-pro","9":"pa_31965_em4o3q8n-iphone-11-pro-max","10":"pa_31965_em4o3q8n-iphone-12","11":"pa_31965_em4o3q8n-iphone-12-pro","12":"pa_31965_em4o3q8n-iphone-12-pro-max","13":"pa_31965_em4o3q8n-iphone-13","14":"pa_31965_em4o3q8n-iphone-13-pro","15":"pa_31965_em4o3q8n-iphone-13-pro-max","16":"pa_31965_em4o3q8n-iphone-14","17":"pa_31965_em4o3q8n-iphone-14-pro","18":"pa_31965_em4o3q8n-iphone-14-pro-max","19":"pa_31965_em4o3q8n-iphone-15","20":"pa_31965_em4o3q8n-iphone-15-pro","21":"pa_31965_em4o3q8n-iphone-15-pro-max","22":"pa_31965_quaw12oi-balta","23":"pa_31965_quaw12oi-juoda","24":"pa_31965_quaw12oi-raudona","25":"pa_31965_quaw12oi-rozinis","26":"pa_31965_quaw12oi-zalioji","27":"desktop-align-left","28":"tablet-align-left","29":"mobile-align-left","31":"first","32":"instock","33":"shipping-taxable","34":"purchasable","35":"product-type-variable","36":"has-default-attributes"},"yoast_head":"<!-- This site is optimized with the Yoast SEO plugin v26.6 - https:\/\/yoast.com\/wordpress\/plugins\/seo\/ -->\n<title>Rankin\u0117s telefono d\u0117klas - Senbera LT<\/title>\n<meta name=\"robots\" content=\"noindex, follow, max-snippet:-1, max-image-preview:large, max-video-preview:-1\" \/>\n<meta property=\"og:locale\" content=\"lt_LT\" \/>\n<meta property=\"og:type\" content=\"article\" \/>\n<meta property=\"og:title\" content=\"Rankin\u0117s telefono d\u0117klas - Senbera LT\" \/>\n<meta property=\"og:description\" content=\"\ud83d\udc5c Stilius ir funkcionalumas Padidinkite savo kasdieni\u0173 daikt\u0173 svarb\u0105 su m\u016bs\u0173 rankin\u0117s telefono d\u0117klu &#8211; puikiu mados ir prakti\u0161kumo deriniu. [&hellip;]\" \/>\n<meta property=\"og:url\" content=\"https:\/\/senbera.com\/lt\/produktas\/rankines-telefono-deklas\/\" \/>\n<meta property=\"og:site_name\" content=\"Senbera LT\" \/>\n<meta property=\"article:modified_time\" content=\"2026-01-15T06:50:32+00:00\" \/>\n<meta name=\"twitter:card\" content=\"summary_large_image\" \/>\n<meta name=\"twitter:label1\" content=\"Est. reading time\" \/>\n\t<meta name=\"twitter:data1\" content=\"1 minut\u0117\" \/>\n<script type=\"application\/ld+json\" class=\"yoast-schema-graph\">{\"@context\":\"https:\/\/schema.org\",\"@graph\":[{\"@type\":\"WebPage\",\"@id\":\"https:\/\/senbera.com\/lt\/produktas\/rankines-telefono-deklas\/\",\"url\":\"https:\/\/senbera.com\/lt\/produktas\/rankines-telefono-deklas\/\",\"name\":\"Rankin\u0117s telefono d\u0117klas - Senbera LT\",\"isPartOf\":{\"@id\":\"https:\/\/senbera.com\/lt\/#website\"},\"primaryImageOfPage\":{\"@id\":\"https:\/\/senbera.com\/lt\/produktas\/rankines-telefono-deklas\/#primaryimage\"},\"image\":{\"@id\":\"https:\/\/senbera.com\/lt\/produktas\/rankines-telefono-deklas\/#primaryimage\"},\"thumbnailUrl\":\"https:\/\/senbera.com\/lt\/wp-content\/uploads\/sites\/22\/2026\/01\/z8xlc59-1.jpeg\",\"datePublished\":\"2026-01-15T06:45:59+00:00\",\"dateModified\":\"2026-01-15T06:50:32+00:00\",\"breadcrumb\":{\"@id\":\"https:\/\/senbera.com\/lt\/produktas\/rankines-telefono-deklas\/#breadcrumb\"},\"inLanguage\":\"lt-LT\",\"potentialAction\":[{\"@type\":\"ReadAction\",\"target\":[\"https:\/\/senbera.com\/lt\/produktas\/rankines-telefono-deklas\/\"]}]},{\"@type\":\"ImageObject\",\"inLanguage\":\"lt-LT\",\"@id\":\"https:\/\/senbera.com\/lt\/produktas\/rankines-telefono-deklas\/#primaryimage\",\"url\":\"https:\/\/senbera.com\/lt\/wp-content\/uploads\/sites\/22\/2026\/01\/z8xlc59-1.jpeg\",\"contentUrl\":\"https:\/\/senbera.com\/lt\/wp-content\/uploads\/sites\/22\/2026\/01\/z8xlc59-1.jpeg\",\"width\":950,\"height\":950},{\"@type\":\"BreadcrumbList\",\"@id\":\"https:\/\/senbera.com\/lt\/produktas\/rankines-telefono-deklas\/#breadcrumb\",\"itemListElement\":[{\"@type\":\"ListItem\",\"position\":1,\"name\":\"Home\",\"item\":\"https:\/\/senbera.com\/lt\/\"},{\"@type\":\"ListItem\",\"position\":2,\"name\":\"Katalogas\",\"item\":\"https:\/\/senbera.com\/lt\/katalogas\/\"},{\"@type\":\"ListItem\",\"position\":3,\"name\":\"Rankin\u0117s telefono d\u0117klas\"}]},{\"@type\":\"WebSite\",\"@id\":\"https:\/\/senbera.com\/lt\/#website\",\"url\":\"https:\/\/senbera.com\/lt\/\",\"name\":\"Senbera LT\",\"description\":\"\",\"publisher\":{\"@id\":\"https:\/\/senbera.com\/lt\/#organization\"},\"potentialAction\":[{\"@type\":\"SearchAction\",\"target\":{\"@type\":\"EntryPoint\",\"urlTemplate\":\"https:\/\/senbera.com\/lt\/?s={search_term_string}\"},\"query-input\":{\"@type\":\"PropertyValueSpecification\",\"valueRequired\":true,\"valueName\":\"search_term_string\"}}],\"inLanguage\":\"lt-LT\"},{\"@type\":\"Organization\",\"@id\":\"https:\/\/senbera.com\/lt\/#organization\",\"name\":\"Mekulo\",\"url\":\"https:\/\/senbera.com\/lt\/\",\"logo\":{\"@type\":\"ImageObject\",\"inLanguage\":\"lt-LT\",\"@id\":\"https:\/\/senbera.com\/lt\/#\/schema\/logo\/image\/\",\"url\":\"https:\/\/senbera.com\/lt\/wp-content\/uploads\/sites\/22\/2025\/12\/favicon_mekulo.png\",\"contentUrl\":\"https:\/\/senbera.com\/lt\/wp-content\/uploads\/sites\/22\/2025\/12\/favicon_mekulo.png\",\"width\":50,\"height\":50,\"caption\":\"Mekulo\"},\"image\":{\"@id\":\"https:\/\/senbera.com\/lt\/#\/schema\/logo\/image\/\"}}]}<\/script>\n<!-- \/ Yoast SEO plugin. -->","yoast_head_json":{"title":"Rankin\u0117s telefono d\u0117klas - Senbera LT","robots":{"index":"noindex","follow":"follow","max-snippet":"max-snippet:-1","max-image-preview":"max-image-preview:large","max-video-preview":"max-video-preview:-1"},"og_locale":"lt_LT","og_type":"article","og_title":"Rankin\u0117s telefono d\u0117klas - Senbera LT","og_description":"\ud83d\udc5c Stilius ir funkcionalumas Padidinkite savo kasdieni\u0173 daikt\u0173 svarb\u0105 su m\u016bs\u0173 rankin\u0117s telefono d\u0117klu &#8211; puikiu mados ir prakti\u0161kumo deriniu. [&hellip;]","og_url":"https:\/\/senbera.com\/lt\/produktas\/rankines-telefono-deklas\/","og_site_name":"Senbera LT","article_modified_time":"2026-01-15T06:50:32+00:00","twitter_card":"summary_large_image","twitter_misc":{"Est. reading time":"1 minut\u0117"},"schema":{"@context":"https:\/\/schema.org","@graph":[{"@type":"WebPage","@id":"https:\/\/senbera.com\/lt\/produktas\/rankines-telefono-deklas\/","url":"https:\/\/senbera.com\/lt\/produktas\/rankines-telefono-deklas\/","name":"Rankin\u0117s telefono d\u0117klas - Senbera LT","isPartOf":{"@id":"https:\/\/senbera.com\/lt\/#website"},"primaryImageOfPage":{"@id":"https:\/\/senbera.com\/lt\/produktas\/rankines-telefono-deklas\/#primaryimage"},"image":{"@id":"https:\/\/senbera.com\/lt\/produktas\/rankines-telefono-deklas\/#primaryimage"},"thumbnailUrl":"https:\/\/senbera.com\/lt\/wp-content\/uploads\/sites\/22\/2026\/01\/z8xlc59-1.jpeg","datePublished":"2026-01-15T06:45:59+00:00","dateModified":"2026-01-15T06:50:32+00:00","breadcrumb":{"@id":"https:\/\/senbera.com\/lt\/produktas\/rankines-telefono-deklas\/#breadcrumb"},"inLanguage":"lt-LT","potentialAction":[{"@type":"ReadAction","target":["https:\/\/senbera.com\/lt\/produktas\/rankines-telefono-deklas\/"]}]},{"@type":"ImageObject","inLanguage":"lt-LT","@id":"https:\/\/senbera.com\/lt\/produktas\/rankines-telefono-deklas\/#primaryimage","url":"https:\/\/senbera.com\/lt\/wp-content\/uploads\/sites\/22\/2026\/01\/z8xlc59-1.jpeg","contentUrl":"https:\/\/senbera.com\/lt\/wp-content\/uploads\/sites\/22\/2026\/01\/z8xlc59-1.jpeg","width":950,"height":950},{"@type":"BreadcrumbList","@id":"https:\/\/senbera.com\/lt\/produktas\/rankines-telefono-deklas\/#breadcrumb","itemListElement":[{"@type":"ListItem","position":1,"name":"Home","item":"https:\/\/senbera.com\/lt\/"},{"@type":"ListItem","position":2,"name":"Katalogas","item":"https:\/\/senbera.com\/lt\/katalogas\/"},{"@type":"ListItem","position":3,"name":"Rankin\u0117s telefono d\u0117klas"}]},{"@type":"WebSite","@id":"https:\/\/senbera.com\/lt\/#website","url":"https:\/\/senbera.com\/lt\/","name":"Senbera LT","description":"","publisher":{"@id":"https:\/\/senbera.com\/lt\/#organization"},"potentialAction":[{"@type":"SearchAction","target":{"@type":"EntryPoint","urlTemplate":"https:\/\/senbera.com\/lt\/?s={search_term_string}"},"query-input":{"@type":"PropertyValueSpecification","valueRequired":true,"valueName":"search_term_string"}}],"inLanguage":"lt-LT"},{"@type":"Organization","@id":"https:\/\/senbera.com\/lt\/#organization","name":"Mekulo","url":"https:\/\/senbera.com\/lt\/","logo":{"@type":"ImageObject","inLanguage":"lt-LT","@id":"https:\/\/senbera.com\/lt\/#\/schema\/logo\/image\/","url":"https:\/\/senbera.com\/lt\/wp-content\/uploads\/sites\/22\/2025\/12\/favicon_mekulo.png","contentUrl":"https:\/\/senbera.com\/lt\/wp-content\/uploads\/sites\/22\/2025\/12\/favicon_mekulo.png","width":50,"height":50,"caption":"Mekulo"},"image":{"@id":"https:\/\/senbera.com\/lt\/#\/schema\/logo\/image\/"}}]}},"_links":{"self":[{"href":"https:\/\/senbera.com\/lt\/wp-json\/wp\/v2\/product\/19449","targetHints":{"allow":["GET"]}}],"collection":[{"href":"https:\/\/senbera.com\/lt\/wp-json\/wp\/v2\/product"}],"about":[{"href":"https:\/\/senbera.com\/lt\/wp-json\/wp\/v2\/types\/product"}],"replies":[{"embeddable":true,"href":"https:\/\/senbera.com\/lt\/wp-json\/wp\/v2\/comments?post=19449"}],"wp:featuredmedia":[{"embeddable":true,"href":"https:\/\/senbera.com\/lt\/wp-json\/wp\/v2\/media\/19444"}],"wp:attachment":[{"href":"https:\/\/senbera.com\/lt\/wp-json\/wp\/v2\/media?parent=19449"}],"wp:term":[{"taxonomy":"product_brand","embeddable":true,"href":"https:\/\/senbera.com\/lt\/wp-json\/wp\/v2\/product_brand?post=19449"},{"taxonomy":"product_cat","embeddable":true,"href":"https:\/\/senbera.com\/lt\/wp-json\/wp\/v2\/product_cat?post=19449"},{"taxonomy":"product_tag","embeddable":true,"href":"https:\/\/senbera.com\/lt\/wp-json\/wp\/v2\/product_tag?post=19449"}],"curies":[{"name":"wp","href":"https:\/\/api.w.org\/{rel}","templated":true}]}}