{"id":19422,"date":"2026-01-15T08:43:43","date_gmt":"2026-01-15T06:43:43","guid":{"rendered":"https:\/\/senbera.com\/lt\/produktas\/plauku-segtukas\/"},"modified":"2026-01-15T08:44:10","modified_gmt":"2026-01-15T06:44:10","slug":"plauku-segtukas","status":"publish","type":"product","link":"https:\/\/senbera.com\/lt\/produktas\/plauku-segtukas\/","title":{"rendered":"Plauk\u0173 segtukas"},"content":{"rendered":"<h2 style=\"text-align: center\" data-start=\"40\" data-end=\"95\">\u2728 Momentin\u0117 apimtis ir stilius be pastang\u0173<\/h2>\n<p class=\"\" style=\"text-align: center\" data-start=\"97\" data-end=\"216\"><span class=\"relative -mx-px my-[-0.2rem] rounded px-px py-[0.2rem] transition-colors duration-100 ease-in-out\">Pakeiskite savo \u0161ukuosen\u0105 per kelias sekundes su m\u016bs\u0173 plauk\u0173 segtuku!<\/span> <span class=\"relative -mx-px my-[-0.2rem] rounded px-px py-[0.2rem] transition-colors duration-100 ease-in-out\">\u0160is segtukas skirtas moterims, norin\u010dioms greitai sukurti eleganti\u0161k\u0105 \u0161ukuosen\u0105, ir suteikia nat\u016bral\u0173, apimties \u012fvaizd\u012f be r\u016bpes\u010di\u0173.<\/span><\/p>\n<p data-start=\"97\" data-end=\"216\"><img decoding=\"async\" class=\"size-full wp-image-14294 aligncenter\" src=\"https:\/\/keluvo.com\/template\/wp-content\/uploads\/sites\/5\/2025\/04\/7_44419318-a984-4908-bf0c-03e4a3e75f01.webp\" alt=\"\" \/><\/p>\n<h2 style=\"text-align: center\" data-start=\"223\" data-end=\"246\">\ud83c\udf1f Pagrindiniai privalumai<\/h2>\n<p class=\"\" data-start=\"250\" data-end=\"348\">Lengva naudoti: <span class=\"relative -mx-px my-[-0.2rem] rounded px-px py-[0.2rem] transition-colors duration-100 ease-in-out\">Papras\u010diausiai surinkite plaukus ir pritvirtinkite plauk\u0173 segtuk\u0105, kad sukurtum\u0117te nepriekai\u0161ting\u0105 \u0161ukuosen\u0105<\/span>\u200b<\/p>\n<p class=\"\" data-start=\"351\" data-end=\"456\">Nat\u016brali i\u0161vaizda: <span class=\"relative -mx-px my-[-0.2rem] rounded px-px py-[0.2rem] transition-colors duration-100 ease-in-out\">Pagaminta i\u0161 auk\u0161tos temperat\u016bros vielos, imituojan\u010dios tikr\u0173 plauk\u0173 tekst\u016br\u0105 ir blizges\u012f<\/span>\u200b<\/p>\n<p class=\"\" data-start=\"459\" data-end=\"561\">Komforti\u0161ka i\u0161vaizda: <span class=\"relative -mx-px my-[-0.2rem] rounded px-px py-[0.2rem] transition-colors duration-100 ease-in-out\">Lengva ir \u0161velni, tod\u0117l vis\u0105 dien\u0105 patogu nesitraukti ir neslysti<\/span>\u200b<\/p>\n<p class=\"\" data-start=\"564\" data-end=\"672\">Versifikuojamas stilius: <span class=\"relative -mx-px my-[-0.2rem] rounded px-px py-[0.2rem] transition-colors duration-100 ease-in-out\">Puikiai tinka kasdieniam ne\u0161iojimui, ypatingoms progoms arba kai tr\u016bksta laiko<\/span><\/p>\n<p><img decoding=\"async\" class=\"size-full wp-image-14302 aligncenter\" src=\"https:\/\/keluvo.com\/template\/wp-content\/uploads\/sites\/5\/2025\/04\/2_e234be52-da39-4a23-bbb7-b1175e405a7b.webp\" alt=\"\" \/><\/p>\n<h2 style=\"text-align: center\" data-start=\"679\" data-end=\"705\">\ud83d\udccf I\u0161sami informacija apie gamin\u012f<\/h2>\n<ul data-start=\"707\" data-end=\"1116\">\n<li class=\"\" data-start=\"707\" data-end=\"808\">\n<p class=\"\" data-start=\"709\" data-end=\"808\">Med\u017eiaga: <span class=\"relative -mx-px my-[-0.2rem] rounded px-px py-[0.2rem] transition-colors duration-100 ease-in-out\">Med\u017eiaga: auk\u0161tos temperat\u016bros viela<\/span>\u200b<\/p>\n<\/li>\n<li class=\"\" data-start=\"809\" data-end=\"908\">\n<p class=\"\" data-start=\"811\" data-end=\"908\">Dydis: <span class=\"relative -mx-px my-[-0.2rem] rounded px-px py-[0.2rem] transition-colors duration-100 ease-in-out\">25 cm<\/span>\u200b<\/p>\n<\/li>\n<li class=\"\" data-start=\"909\" data-end=\"1010\">\n<p class=\"\" data-start=\"911\" data-end=\"1010\">Pavyzd\u017eiai:: <span class=\"relative -mx-px my-[-0.2rem] rounded px-px py-[0.2rem] transition-colors duration-100 ease-in-out\">P\u016bkuota, mink\u0161ta liesti, nat\u016brali i\u0161vaizda.<\/span><\/p>\n<\/li>\n<\/ul>\n","protected":false},"excerpt":{"rendered":"<p>\u2728 Momentin\u0117 apimtis ir stilius be pastang\u0173 Pakeiskite savo \u0161ukuosen\u0105 per kelias sekundes su m\u016bs\u0173 plauk\u0173 segtuku! \u0160is segtukas skirtas [&hellip;]<\/p>\n","protected":false},"featured_media":19418,"comment_status":"open","ping_status":"closed","template":"","meta":{"site-sidebar-layout":"default","site-content-layout":"","ast-site-content-layout":"default","site-content-style":"default","site-sidebar-style":"default","ast-global-header-display":"","ast-banner-title-visibility":"","ast-main-header-display":"","ast-hfb-above-header-display":"","ast-hfb-below-header-display":"","ast-hfb-mobile-header-display":"","site-post-title":"","ast-breadcrumbs-content":"","ast-featured-img":"","footer-sml-layout":"","theme-transparent-header-meta":"default","adv-header-id-meta":"","stick-header-meta":"","header-above-stick-meta":"","header-main-stick-meta":"","header-below-stick-meta":"","astra-migrate-meta-layouts":"set","ast-page-background-enabled":"default","ast-page-background-meta":{"desktop":{"background-color":"var(--ast-global-color-5)","background-image":"","background-repeat":"repeat","background-position":"center center","background-size":"auto","background-attachment":"scroll","background-type":"","background-media":"","overlay-type":"","overlay-color":"","overlay-opacity":"","overlay-gradient":""},"tablet":{"background-color":"","background-image":"","background-repeat":"repeat","background-position":"center center","background-size":"auto","background-attachment":"scroll","background-type":"","background-media":"","overlay-type":"","overlay-color":"","overlay-opacity":"","overlay-gradient":""},"mobile":{"background-color":"","background-image":"","background-repeat":"repeat","background-position":"center center","background-size":"auto","background-attachment":"scroll","background-type":"","background-media":"","overlay-type":"","overlay-color":"","overlay-opacity":"","overlay-gradient":""}},"ast-content-background-meta":{"desktop":{"background-color":"var(--ast-global-color-4)","background-image":"","background-repeat":"repeat","background-position":"center center","background-size":"auto","background-attachment":"scroll","background-type":"","background-media":"","overlay-type":"","overlay-color":"","overlay-opacity":"","overlay-gradient":""},"tablet":{"background-color":"var(--ast-global-color-4)","background-image":"","background-repeat":"repeat","background-position":"center center","background-size":"auto","background-attachment":"scroll","background-type":"","background-media":"","overlay-type":"","overlay-color":"","overlay-opacity":"","overlay-gradient":""},"mobile":{"background-color":"var(--ast-global-color-4)","background-image":"","background-repeat":"repeat","background-position":"center center","background-size":"auto","background-attachment":"scroll","background-type":"","background-media":"","overlay-type":"","overlay-color":"","overlay-opacity":"","overlay-gradient":""}}},"product_brand":[],"product_cat":[15],"product_tag":[],"class_list":{"0":"post-19422","1":"product","2":"type-product","3":"status-publish","4":"has-post-thumbnail","6":"product_cat-be-kategorijos","7":"pa_19333_30glc3r8-sw207-2","8":"pa_19333_30glc3r8-sw207-2-30","9":"pa_19333_30glc3r8-sw207-2-33","10":"pa_19333_30glc3r8-sw207-24","11":"pa_19333_30glc3r8-sw207-4","12":"pa_19333_30glc3r8-sw207-4503","13":"pa_19333_30glc3r8-sw207-613","14":"pa_19333_30glc3r8-sw207-6a","15":"desktop-align-left","16":"tablet-align-left","17":"mobile-align-left","19":"first","20":"instock","21":"shipping-taxable","22":"purchasable","23":"product-type-variable"},"yoast_head":"<!-- This site is optimized with the Yoast SEO plugin v26.6 - https:\/\/yoast.com\/wordpress\/plugins\/seo\/ -->\n<title>Plauk\u0173 segtukas - Senbera LT<\/title>\n<meta name=\"robots\" content=\"noindex, follow, max-snippet:-1, max-image-preview:large, max-video-preview:-1\" \/>\n<meta property=\"og:locale\" content=\"lt_LT\" \/>\n<meta property=\"og:type\" content=\"article\" \/>\n<meta property=\"og:title\" content=\"Plauk\u0173 segtukas - Senbera LT\" \/>\n<meta property=\"og:description\" content=\"\u2728 Momentin\u0117 apimtis ir stilius be pastang\u0173 Pakeiskite savo \u0161ukuosen\u0105 per kelias sekundes su m\u016bs\u0173 plauk\u0173 segtuku! \u0160is segtukas skirtas [&hellip;]\" \/>\n<meta property=\"og:url\" content=\"https:\/\/senbera.com\/lt\/produktas\/plauku-segtukas\/\" \/>\n<meta property=\"og:site_name\" content=\"Senbera LT\" \/>\n<meta property=\"article:modified_time\" content=\"2026-01-15T06:44:10+00:00\" \/>\n<meta name=\"twitter:card\" content=\"summary_large_image\" \/>\n<meta name=\"twitter:label1\" content=\"Est. reading time\" \/>\n\t<meta name=\"twitter:data1\" content=\"1 minut\u0117\" \/>\n<script type=\"application\/ld+json\" class=\"yoast-schema-graph\">{\"@context\":\"https:\/\/schema.org\",\"@graph\":[{\"@type\":\"WebPage\",\"@id\":\"https:\/\/senbera.com\/lt\/produktas\/plauku-segtukas\/\",\"url\":\"https:\/\/senbera.com\/lt\/produktas\/plauku-segtukas\/\",\"name\":\"Plauk\u0173 segtukas - Senbera LT\",\"isPartOf\":{\"@id\":\"https:\/\/senbera.com\/lt\/#website\"},\"primaryImageOfPage\":{\"@id\":\"https:\/\/senbera.com\/lt\/produktas\/plauku-segtukas\/#primaryimage\"},\"image\":{\"@id\":\"https:\/\/senbera.com\/lt\/produktas\/plauku-segtukas\/#primaryimage\"},\"thumbnailUrl\":\"https:\/\/senbera.com\/lt\/wp-content\/uploads\/sites\/22\/2026\/01\/bmovvlb-1.jpg\",\"datePublished\":\"2026-01-15T06:43:43+00:00\",\"dateModified\":\"2026-01-15T06:44:10+00:00\",\"breadcrumb\":{\"@id\":\"https:\/\/senbera.com\/lt\/produktas\/plauku-segtukas\/#breadcrumb\"},\"inLanguage\":\"lt-LT\",\"potentialAction\":[{\"@type\":\"ReadAction\",\"target\":[\"https:\/\/senbera.com\/lt\/produktas\/plauku-segtukas\/\"]}]},{\"@type\":\"ImageObject\",\"inLanguage\":\"lt-LT\",\"@id\":\"https:\/\/senbera.com\/lt\/produktas\/plauku-segtukas\/#primaryimage\",\"url\":\"https:\/\/senbera.com\/lt\/wp-content\/uploads\/sites\/22\/2026\/01\/bmovvlb-1.jpg\",\"contentUrl\":\"https:\/\/senbera.com\/lt\/wp-content\/uploads\/sites\/22\/2026\/01\/bmovvlb-1.jpg\",\"width\":493,\"height\":493},{\"@type\":\"BreadcrumbList\",\"@id\":\"https:\/\/senbera.com\/lt\/produktas\/plauku-segtukas\/#breadcrumb\",\"itemListElement\":[{\"@type\":\"ListItem\",\"position\":1,\"name\":\"Home\",\"item\":\"https:\/\/senbera.com\/lt\/\"},{\"@type\":\"ListItem\",\"position\":2,\"name\":\"Katalogas\",\"item\":\"https:\/\/senbera.com\/lt\/katalogas\/\"},{\"@type\":\"ListItem\",\"position\":3,\"name\":\"Plauk\u0173 segtukas\"}]},{\"@type\":\"WebSite\",\"@id\":\"https:\/\/senbera.com\/lt\/#website\",\"url\":\"https:\/\/senbera.com\/lt\/\",\"name\":\"Senbera LT\",\"description\":\"\",\"publisher\":{\"@id\":\"https:\/\/senbera.com\/lt\/#organization\"},\"potentialAction\":[{\"@type\":\"SearchAction\",\"target\":{\"@type\":\"EntryPoint\",\"urlTemplate\":\"https:\/\/senbera.com\/lt\/?s={search_term_string}\"},\"query-input\":{\"@type\":\"PropertyValueSpecification\",\"valueRequired\":true,\"valueName\":\"search_term_string\"}}],\"inLanguage\":\"lt-LT\"},{\"@type\":\"Organization\",\"@id\":\"https:\/\/senbera.com\/lt\/#organization\",\"name\":\"Mekulo\",\"url\":\"https:\/\/senbera.com\/lt\/\",\"logo\":{\"@type\":\"ImageObject\",\"inLanguage\":\"lt-LT\",\"@id\":\"https:\/\/senbera.com\/lt\/#\/schema\/logo\/image\/\",\"url\":\"https:\/\/senbera.com\/lt\/wp-content\/uploads\/sites\/22\/2025\/12\/favicon_mekulo.png\",\"contentUrl\":\"https:\/\/senbera.com\/lt\/wp-content\/uploads\/sites\/22\/2025\/12\/favicon_mekulo.png\",\"width\":50,\"height\":50,\"caption\":\"Mekulo\"},\"image\":{\"@id\":\"https:\/\/senbera.com\/lt\/#\/schema\/logo\/image\/\"}}]}<\/script>\n<!-- \/ Yoast SEO plugin. -->","yoast_head_json":{"title":"Plauk\u0173 segtukas - Senbera LT","robots":{"index":"noindex","follow":"follow","max-snippet":"max-snippet:-1","max-image-preview":"max-image-preview:large","max-video-preview":"max-video-preview:-1"},"og_locale":"lt_LT","og_type":"article","og_title":"Plauk\u0173 segtukas - Senbera LT","og_description":"\u2728 Momentin\u0117 apimtis ir stilius be pastang\u0173 Pakeiskite savo \u0161ukuosen\u0105 per kelias sekundes su m\u016bs\u0173 plauk\u0173 segtuku! \u0160is segtukas skirtas [&hellip;]","og_url":"https:\/\/senbera.com\/lt\/produktas\/plauku-segtukas\/","og_site_name":"Senbera LT","article_modified_time":"2026-01-15T06:44:10+00:00","twitter_card":"summary_large_image","twitter_misc":{"Est. reading time":"1 minut\u0117"},"schema":{"@context":"https:\/\/schema.org","@graph":[{"@type":"WebPage","@id":"https:\/\/senbera.com\/lt\/produktas\/plauku-segtukas\/","url":"https:\/\/senbera.com\/lt\/produktas\/plauku-segtukas\/","name":"Plauk\u0173 segtukas - Senbera LT","isPartOf":{"@id":"https:\/\/senbera.com\/lt\/#website"},"primaryImageOfPage":{"@id":"https:\/\/senbera.com\/lt\/produktas\/plauku-segtukas\/#primaryimage"},"image":{"@id":"https:\/\/senbera.com\/lt\/produktas\/plauku-segtukas\/#primaryimage"},"thumbnailUrl":"https:\/\/senbera.com\/lt\/wp-content\/uploads\/sites\/22\/2026\/01\/bmovvlb-1.jpg","datePublished":"2026-01-15T06:43:43+00:00","dateModified":"2026-01-15T06:44:10+00:00","breadcrumb":{"@id":"https:\/\/senbera.com\/lt\/produktas\/plauku-segtukas\/#breadcrumb"},"inLanguage":"lt-LT","potentialAction":[{"@type":"ReadAction","target":["https:\/\/senbera.com\/lt\/produktas\/plauku-segtukas\/"]}]},{"@type":"ImageObject","inLanguage":"lt-LT","@id":"https:\/\/senbera.com\/lt\/produktas\/plauku-segtukas\/#primaryimage","url":"https:\/\/senbera.com\/lt\/wp-content\/uploads\/sites\/22\/2026\/01\/bmovvlb-1.jpg","contentUrl":"https:\/\/senbera.com\/lt\/wp-content\/uploads\/sites\/22\/2026\/01\/bmovvlb-1.jpg","width":493,"height":493},{"@type":"BreadcrumbList","@id":"https:\/\/senbera.com\/lt\/produktas\/plauku-segtukas\/#breadcrumb","itemListElement":[{"@type":"ListItem","position":1,"name":"Home","item":"https:\/\/senbera.com\/lt\/"},{"@type":"ListItem","position":2,"name":"Katalogas","item":"https:\/\/senbera.com\/lt\/katalogas\/"},{"@type":"ListItem","position":3,"name":"Plauk\u0173 segtukas"}]},{"@type":"WebSite","@id":"https:\/\/senbera.com\/lt\/#website","url":"https:\/\/senbera.com\/lt\/","name":"Senbera LT","description":"","publisher":{"@id":"https:\/\/senbera.com\/lt\/#organization"},"potentialAction":[{"@type":"SearchAction","target":{"@type":"EntryPoint","urlTemplate":"https:\/\/senbera.com\/lt\/?s={search_term_string}"},"query-input":{"@type":"PropertyValueSpecification","valueRequired":true,"valueName":"search_term_string"}}],"inLanguage":"lt-LT"},{"@type":"Organization","@id":"https:\/\/senbera.com\/lt\/#organization","name":"Mekulo","url":"https:\/\/senbera.com\/lt\/","logo":{"@type":"ImageObject","inLanguage":"lt-LT","@id":"https:\/\/senbera.com\/lt\/#\/schema\/logo\/image\/","url":"https:\/\/senbera.com\/lt\/wp-content\/uploads\/sites\/22\/2025\/12\/favicon_mekulo.png","contentUrl":"https:\/\/senbera.com\/lt\/wp-content\/uploads\/sites\/22\/2025\/12\/favicon_mekulo.png","width":50,"height":50,"caption":"Mekulo"},"image":{"@id":"https:\/\/senbera.com\/lt\/#\/schema\/logo\/image\/"}}]}},"_links":{"self":[{"href":"https:\/\/senbera.com\/lt\/wp-json\/wp\/v2\/product\/19422","targetHints":{"allow":["GET"]}}],"collection":[{"href":"https:\/\/senbera.com\/lt\/wp-json\/wp\/v2\/product"}],"about":[{"href":"https:\/\/senbera.com\/lt\/wp-json\/wp\/v2\/types\/product"}],"replies":[{"embeddable":true,"href":"https:\/\/senbera.com\/lt\/wp-json\/wp\/v2\/comments?post=19422"}],"wp:featuredmedia":[{"embeddable":true,"href":"https:\/\/senbera.com\/lt\/wp-json\/wp\/v2\/media\/19418"}],"wp:attachment":[{"href":"https:\/\/senbera.com\/lt\/wp-json\/wp\/v2\/media?parent=19422"}],"wp:term":[{"taxonomy":"product_brand","embeddable":true,"href":"https:\/\/senbera.com\/lt\/wp-json\/wp\/v2\/product_brand?post=19422"},{"taxonomy":"product_cat","embeddable":true,"href":"https:\/\/senbera.com\/lt\/wp-json\/wp\/v2\/product_cat?post=19422"},{"taxonomy":"product_tag","embeddable":true,"href":"https:\/\/senbera.com\/lt\/wp-json\/wp\/v2\/product_tag?post=19422"}],"curies":[{"name":"wp","href":"https:\/\/api.w.org\/{rel}","templated":true}]}}