{"id":19404,"date":"2026-01-15T08:42:08","date_gmt":"2026-01-15T06:42:08","guid":{"rendered":"https:\/\/senbera.com\/lt\/produktas\/elektrinis-malunelis\/"},"modified":"2026-01-15T08:42:08","modified_gmt":"2026-01-15T06:42:08","slug":"elektrinis-malunelis","status":"publish","type":"product","link":"https:\/\/senbera.com\/lt\/produktas\/elektrinis-malunelis\/","title":{"rendered":"Elektrinis mal\u016bn\u0117lis"},"content":{"rendered":"<h2 style=\"text-align: center\" data-start=\"40\" data-end=\"96\">\ud83d\udd2a Naujasis Geriausias J\u016bs\u0173 Virtuv\u0117s Draugas<\/h2>\n<p class=\"\" style=\"text-align: center\" data-start=\"98\" data-end=\"217\"><span class=\"relative -mx-px my-[-0.2rem] rounded px-px py-[0.2rem] transition-colors duration-100 ease-in-out\">S m\u016bs\u0173 elektriniu mal\u016bn\u0117liu lengvai paruo\u0161ite maist\u0105!<\/span> <span class=\"relative -mx-px my-[-0.2rem] rounded px-px py-[0.2rem] transition-colors duration-100 ease-in-out\">\u0160is galingas ir universalus virtuv\u0117s \u012frankis puikiai tinka smulkinti, malti ir mai\u0161yti \u012fvairius ingredientus, taupydamas j\u016bs\u0173 laik\u0105 ir pastangas virtuv\u0117je.<\/span><\/p>\n<p data-start=\"98\" data-end=\"217\"><img decoding=\"async\" class=\"size-full wp-image-14365 aligncenter\" src=\"https:\/\/keluvo.com\/template\/wp-content\/uploads\/sites\/5\/2025\/04\/cutter-3.jpg\" alt=\"\" \/><\/p>\n<h2 style=\"text-align: center\">\ud83c\udf1f Pagrindiniai Privalumai<\/h2>\n<p class=\"\" data-start=\"251\" data-end=\"358\">Galingas veikimas: <span class=\"relative -mx-px my-[-0.2rem] rounded px-px py-[0.2rem] transition-colors duration-100 ease-in-out\">500 W variklis ir 4 ner\u016bdijan\u010dio plieno peiliai leid\u017eia efektyviai sumalti m\u0117s\u0105, dar\u017eoves, vaisius ir dar daugiau<\/span>\u200b<\/p>\n<p class=\"\" data-start=\"362\" data-end=\"534\">Didel\u0117 talpa: 2 l ner\u016bdijan\u010dio plieno indas yra patvarus, lengvai valomas ir puikiai tinka ruo\u0161ti patiekalus visai \u0161eimai<\/p>\n<p class=\"\" data-start=\"538\" data-end=\"713\">Priimtinas dizainas: Lengvai valomas: du grei\u010dio nustatymai, kad b\u016bt\u0173 galima tiksliai valdyti, ir neslystantis kilim\u0117lis, kad mal\u016bn\u0117lis b\u016bt\u0173 stabilus naudojimo metu<\/p>\n<p class=\"\" data-start=\"717\" data-end=\"817\">Lengvai valomas: <span class=\"relative -mx-px my-[-0.2rem] rounded px-px py-[0.2rem] transition-colors duration-100 ease-in-out\">D\u0117l nuimam\u0173 dali\u0173 valymas tampa lengvas, tod\u0117l mal\u016bn\u0117lis bus paruo\u0161tas kitam naudojimui<\/span><\/p>\n<p><img decoding=\"async\" class=\"size-full wp-image-14369 aligncenter\" src=\"https:\/\/keluvo.com\/template\/wp-content\/uploads\/sites\/5\/2025\/04\/main-image-3-2.jpeg\" alt=\"\" \/><\/p>\n<h2 style=\"text-align: center\" data-start=\"824\" data-end=\"857\">\ud83d\udccf Produkto Specifikacijos<\/h2>\n<ul data-start=\"859\" data-end=\"1322\">\n<li class=\"\" data-start=\"859\" data-end=\"957\">\n<p class=\"\" data-start=\"861\" data-end=\"957\">Galimyb\u0117: <span class=\"relative -mx-px my-[-0.2rem] rounded px-px py-[0.2rem] transition-colors duration-100 ease-in-out\">500 W<\/span>\u200b<\/p>\n<\/li>\n<li class=\"\" data-start=\"959\" data-end=\"1060\">\n<p class=\"\" data-start=\"961\" data-end=\"1060\">Talpa: <span class=\"relative -mx-px my-[-0.2rem] rounded px-px py-[0.2rem] transition-colors duration-100 ease-in-out\">2 l<\/span>\u200b<\/p>\n<\/li>\n<li class=\"\" data-start=\"1062\" data-end=\"1163\">\n<p class=\"\" data-start=\"1064\" data-end=\"1163\">Med\u017eiaga: <span class=\"relative -mx-px my-[-0.2rem] rounded px-px py-[0.2rem] transition-colors duration-100 ease-in-out\">Ner\u016bdijan\u010dio plieno dubuo ir peiliai<\/span><\/p>\n<\/li>\n<li class=\"\" data-start=\"1165\" data-end=\"1234\">\n<p class=\"\" data-start=\"1167\" data-end=\"1234\">Pastovumas: 2<\/p>\n<\/li>\n<\/ul>\n<h2 style=\"text-align: center\">\ud83d\udce6 Pakuot\u0117je Yra<\/h2>\n<ul>\n<li>1x elextric mal\u016bn\u0117lis.\u200b<\/li>\n<\/ul>\n","protected":false},"excerpt":{"rendered":"<p>\ud83d\udd2a Naujasis Geriausias J\u016bs\u0173 Virtuv\u0117s Draugas S m\u016bs\u0173 elektriniu mal\u016bn\u0117liu lengvai paruo\u0161ite maist\u0105! \u0160is galingas ir universalus virtuv\u0117s \u012frankis puikiai [&hellip;]<\/p>\n","protected":false},"featured_media":19399,"comment_status":"open","ping_status":"closed","template":"","meta":{"site-sidebar-layout":"default","site-content-layout":"","ast-site-content-layout":"default","site-content-style":"default","site-sidebar-style":"default","ast-global-header-display":"","ast-banner-title-visibility":"","ast-main-header-display":"","ast-hfb-above-header-display":"","ast-hfb-below-header-display":"","ast-hfb-mobile-header-display":"","site-post-title":"","ast-breadcrumbs-content":"","ast-featured-img":"","footer-sml-layout":"","theme-transparent-header-meta":"default","adv-header-id-meta":"","stick-header-meta":"","header-above-stick-meta":"","header-main-stick-meta":"","header-below-stick-meta":"","astra-migrate-meta-layouts":"set","ast-page-background-enabled":"default","ast-page-background-meta":{"desktop":{"background-color":"var(--ast-global-color-5)","background-image":"","background-repeat":"repeat","background-position":"center center","background-size":"auto","background-attachment":"scroll","background-type":"","background-media":"","overlay-type":"","overlay-color":"","overlay-opacity":"","overlay-gradient":""},"tablet":{"background-color":"","background-image":"","background-repeat":"repeat","background-position":"center center","background-size":"auto","background-attachment":"scroll","background-type":"","background-media":"","overlay-type":"","overlay-color":"","overlay-opacity":"","overlay-gradient":""},"mobile":{"background-color":"","background-image":"","background-repeat":"repeat","background-position":"center center","background-size":"auto","background-attachment":"scroll","background-type":"","background-media":"","overlay-type":"","overlay-color":"","overlay-opacity":"","overlay-gradient":""}},"ast-content-background-meta":{"desktop":{"background-color":"var(--ast-global-color-4)","background-image":"","background-repeat":"repeat","background-position":"center center","background-size":"auto","background-attachment":"scroll","background-type":"","background-media":"","overlay-type":"","overlay-color":"","overlay-opacity":"","overlay-gradient":""},"tablet":{"background-color":"var(--ast-global-color-4)","background-image":"","background-repeat":"repeat","background-position":"center center","background-size":"auto","background-attachment":"scroll","background-type":"","background-media":"","overlay-type":"","overlay-color":"","overlay-opacity":"","overlay-gradient":""},"mobile":{"background-color":"var(--ast-global-color-4)","background-image":"","background-repeat":"repeat","background-position":"center center","background-size":"auto","background-attachment":"scroll","background-type":"","background-media":"","overlay-type":"","overlay-color":"","overlay-opacity":"","overlay-gradient":""}}},"product_brand":[],"product_cat":[15],"product_tag":[],"class_list":{"0":"post-19404","1":"product","2":"type-product","3":"status-publish","4":"has-post-thumbnail","6":"product_cat-be-kategorijos","7":"desktop-align-left","8":"tablet-align-left","9":"mobile-align-left","11":"first","12":"instock","13":"shipping-taxable","14":"purchasable","15":"product-type-simple"},"yoast_head":"<!-- This site is optimized with the Yoast SEO plugin v26.6 - https:\/\/yoast.com\/wordpress\/plugins\/seo\/ -->\n<title>Elektrinis mal\u016bn\u0117lis - Senbera LT<\/title>\n<meta name=\"robots\" content=\"noindex, follow, max-snippet:-1, max-image-preview:large, max-video-preview:-1\" \/>\n<meta property=\"og:locale\" content=\"lt_LT\" \/>\n<meta property=\"og:type\" content=\"article\" \/>\n<meta property=\"og:title\" content=\"Elektrinis mal\u016bn\u0117lis - Senbera LT\" \/>\n<meta property=\"og:description\" content=\"\ud83d\udd2a Naujasis Geriausias J\u016bs\u0173 Virtuv\u0117s Draugas S m\u016bs\u0173 elektriniu mal\u016bn\u0117liu lengvai paruo\u0161ite maist\u0105! \u0160is galingas ir universalus virtuv\u0117s \u012frankis puikiai [&hellip;]\" \/>\n<meta property=\"og:url\" content=\"https:\/\/senbera.com\/lt\/produktas\/elektrinis-malunelis\/\" \/>\n<meta property=\"og:site_name\" content=\"Senbera LT\" \/>\n<meta name=\"twitter:card\" content=\"summary_large_image\" \/>\n<meta name=\"twitter:label1\" content=\"Est. reading time\" \/>\n\t<meta name=\"twitter:data1\" content=\"1 minut\u0117\" \/>\n<script type=\"application\/ld+json\" class=\"yoast-schema-graph\">{\"@context\":\"https:\/\/schema.org\",\"@graph\":[{\"@type\":\"WebPage\",\"@id\":\"https:\/\/senbera.com\/lt\/produktas\/elektrinis-malunelis\/\",\"url\":\"https:\/\/senbera.com\/lt\/produktas\/elektrinis-malunelis\/\",\"name\":\"Elektrinis mal\u016bn\u0117lis - Senbera LT\",\"isPartOf\":{\"@id\":\"https:\/\/senbera.com\/lt\/#website\"},\"primaryImageOfPage\":{\"@id\":\"https:\/\/senbera.com\/lt\/produktas\/elektrinis-malunelis\/#primaryimage\"},\"image\":{\"@id\":\"https:\/\/senbera.com\/lt\/produktas\/elektrinis-malunelis\/#primaryimage\"},\"thumbnailUrl\":\"https:\/\/senbera.com\/lt\/wp-content\/uploads\/sites\/22\/2026\/01\/4fmgd0z-1.jpg\",\"datePublished\":\"2026-01-15T06:42:08+00:00\",\"breadcrumb\":{\"@id\":\"https:\/\/senbera.com\/lt\/produktas\/elektrinis-malunelis\/#breadcrumb\"},\"inLanguage\":\"lt-LT\",\"potentialAction\":[{\"@type\":\"ReadAction\",\"target\":[\"https:\/\/senbera.com\/lt\/produktas\/elektrinis-malunelis\/\"]}]},{\"@type\":\"ImageObject\",\"inLanguage\":\"lt-LT\",\"@id\":\"https:\/\/senbera.com\/lt\/produktas\/elektrinis-malunelis\/#primaryimage\",\"url\":\"https:\/\/senbera.com\/lt\/wp-content\/uploads\/sites\/22\/2026\/01\/4fmgd0z-1.jpg\",\"contentUrl\":\"https:\/\/senbera.com\/lt\/wp-content\/uploads\/sites\/22\/2026\/01\/4fmgd0z-1.jpg\",\"width\":1000,\"height\":1000},{\"@type\":\"BreadcrumbList\",\"@id\":\"https:\/\/senbera.com\/lt\/produktas\/elektrinis-malunelis\/#breadcrumb\",\"itemListElement\":[{\"@type\":\"ListItem\",\"position\":1,\"name\":\"Home\",\"item\":\"https:\/\/senbera.com\/lt\/\"},{\"@type\":\"ListItem\",\"position\":2,\"name\":\"Katalogas\",\"item\":\"https:\/\/senbera.com\/lt\/katalogas\/\"},{\"@type\":\"ListItem\",\"position\":3,\"name\":\"Elektrinis mal\u016bn\u0117lis\"}]},{\"@type\":\"WebSite\",\"@id\":\"https:\/\/senbera.com\/lt\/#website\",\"url\":\"https:\/\/senbera.com\/lt\/\",\"name\":\"Senbera LT\",\"description\":\"\",\"publisher\":{\"@id\":\"https:\/\/senbera.com\/lt\/#organization\"},\"potentialAction\":[{\"@type\":\"SearchAction\",\"target\":{\"@type\":\"EntryPoint\",\"urlTemplate\":\"https:\/\/senbera.com\/lt\/?s={search_term_string}\"},\"query-input\":{\"@type\":\"PropertyValueSpecification\",\"valueRequired\":true,\"valueName\":\"search_term_string\"}}],\"inLanguage\":\"lt-LT\"},{\"@type\":\"Organization\",\"@id\":\"https:\/\/senbera.com\/lt\/#organization\",\"name\":\"Mekulo\",\"url\":\"https:\/\/senbera.com\/lt\/\",\"logo\":{\"@type\":\"ImageObject\",\"inLanguage\":\"lt-LT\",\"@id\":\"https:\/\/senbera.com\/lt\/#\/schema\/logo\/image\/\",\"url\":\"https:\/\/senbera.com\/lt\/wp-content\/uploads\/sites\/22\/2025\/12\/favicon_mekulo.png\",\"contentUrl\":\"https:\/\/senbera.com\/lt\/wp-content\/uploads\/sites\/22\/2025\/12\/favicon_mekulo.png\",\"width\":50,\"height\":50,\"caption\":\"Mekulo\"},\"image\":{\"@id\":\"https:\/\/senbera.com\/lt\/#\/schema\/logo\/image\/\"}}]}<\/script>\n<!-- \/ Yoast SEO plugin. -->","yoast_head_json":{"title":"Elektrinis mal\u016bn\u0117lis - Senbera LT","robots":{"index":"noindex","follow":"follow","max-snippet":"max-snippet:-1","max-image-preview":"max-image-preview:large","max-video-preview":"max-video-preview:-1"},"og_locale":"lt_LT","og_type":"article","og_title":"Elektrinis mal\u016bn\u0117lis - Senbera LT","og_description":"\ud83d\udd2a Naujasis Geriausias J\u016bs\u0173 Virtuv\u0117s Draugas S m\u016bs\u0173 elektriniu mal\u016bn\u0117liu lengvai paruo\u0161ite maist\u0105! \u0160is galingas ir universalus virtuv\u0117s \u012frankis puikiai [&hellip;]","og_url":"https:\/\/senbera.com\/lt\/produktas\/elektrinis-malunelis\/","og_site_name":"Senbera LT","twitter_card":"summary_large_image","twitter_misc":{"Est. reading time":"1 minut\u0117"},"schema":{"@context":"https:\/\/schema.org","@graph":[{"@type":"WebPage","@id":"https:\/\/senbera.com\/lt\/produktas\/elektrinis-malunelis\/","url":"https:\/\/senbera.com\/lt\/produktas\/elektrinis-malunelis\/","name":"Elektrinis mal\u016bn\u0117lis - Senbera LT","isPartOf":{"@id":"https:\/\/senbera.com\/lt\/#website"},"primaryImageOfPage":{"@id":"https:\/\/senbera.com\/lt\/produktas\/elektrinis-malunelis\/#primaryimage"},"image":{"@id":"https:\/\/senbera.com\/lt\/produktas\/elektrinis-malunelis\/#primaryimage"},"thumbnailUrl":"https:\/\/senbera.com\/lt\/wp-content\/uploads\/sites\/22\/2026\/01\/4fmgd0z-1.jpg","datePublished":"2026-01-15T06:42:08+00:00","breadcrumb":{"@id":"https:\/\/senbera.com\/lt\/produktas\/elektrinis-malunelis\/#breadcrumb"},"inLanguage":"lt-LT","potentialAction":[{"@type":"ReadAction","target":["https:\/\/senbera.com\/lt\/produktas\/elektrinis-malunelis\/"]}]},{"@type":"ImageObject","inLanguage":"lt-LT","@id":"https:\/\/senbera.com\/lt\/produktas\/elektrinis-malunelis\/#primaryimage","url":"https:\/\/senbera.com\/lt\/wp-content\/uploads\/sites\/22\/2026\/01\/4fmgd0z-1.jpg","contentUrl":"https:\/\/senbera.com\/lt\/wp-content\/uploads\/sites\/22\/2026\/01\/4fmgd0z-1.jpg","width":1000,"height":1000},{"@type":"BreadcrumbList","@id":"https:\/\/senbera.com\/lt\/produktas\/elektrinis-malunelis\/#breadcrumb","itemListElement":[{"@type":"ListItem","position":1,"name":"Home","item":"https:\/\/senbera.com\/lt\/"},{"@type":"ListItem","position":2,"name":"Katalogas","item":"https:\/\/senbera.com\/lt\/katalogas\/"},{"@type":"ListItem","position":3,"name":"Elektrinis mal\u016bn\u0117lis"}]},{"@type":"WebSite","@id":"https:\/\/senbera.com\/lt\/#website","url":"https:\/\/senbera.com\/lt\/","name":"Senbera LT","description":"","publisher":{"@id":"https:\/\/senbera.com\/lt\/#organization"},"potentialAction":[{"@type":"SearchAction","target":{"@type":"EntryPoint","urlTemplate":"https:\/\/senbera.com\/lt\/?s={search_term_string}"},"query-input":{"@type":"PropertyValueSpecification","valueRequired":true,"valueName":"search_term_string"}}],"inLanguage":"lt-LT"},{"@type":"Organization","@id":"https:\/\/senbera.com\/lt\/#organization","name":"Mekulo","url":"https:\/\/senbera.com\/lt\/","logo":{"@type":"ImageObject","inLanguage":"lt-LT","@id":"https:\/\/senbera.com\/lt\/#\/schema\/logo\/image\/","url":"https:\/\/senbera.com\/lt\/wp-content\/uploads\/sites\/22\/2025\/12\/favicon_mekulo.png","contentUrl":"https:\/\/senbera.com\/lt\/wp-content\/uploads\/sites\/22\/2025\/12\/favicon_mekulo.png","width":50,"height":50,"caption":"Mekulo"},"image":{"@id":"https:\/\/senbera.com\/lt\/#\/schema\/logo\/image\/"}}]}},"_links":{"self":[{"href":"https:\/\/senbera.com\/lt\/wp-json\/wp\/v2\/product\/19404","targetHints":{"allow":["GET"]}}],"collection":[{"href":"https:\/\/senbera.com\/lt\/wp-json\/wp\/v2\/product"}],"about":[{"href":"https:\/\/senbera.com\/lt\/wp-json\/wp\/v2\/types\/product"}],"replies":[{"embeddable":true,"href":"https:\/\/senbera.com\/lt\/wp-json\/wp\/v2\/comments?post=19404"}],"wp:featuredmedia":[{"embeddable":true,"href":"https:\/\/senbera.com\/lt\/wp-json\/wp\/v2\/media\/19399"}],"wp:attachment":[{"href":"https:\/\/senbera.com\/lt\/wp-json\/wp\/v2\/media?parent=19404"}],"wp:term":[{"taxonomy":"product_brand","embeddable":true,"href":"https:\/\/senbera.com\/lt\/wp-json\/wp\/v2\/product_brand?post=19404"},{"taxonomy":"product_cat","embeddable":true,"href":"https:\/\/senbera.com\/lt\/wp-json\/wp\/v2\/product_cat?post=19404"},{"taxonomy":"product_tag","embeddable":true,"href":"https:\/\/senbera.com\/lt\/wp-json\/wp\/v2\/product_tag?post=19404"}],"curies":[{"name":"wp","href":"https:\/\/api.w.org\/{rel}","templated":true}]}}