{"id":546,"date":"2020-10-13T02:48:45","date_gmt":"2020-10-13T02:48:45","guid":{"rendered":"http:\/\/localhost\/razzi\/?page_id=546"},"modified":"2026-01-13T14:58:00","modified_gmt":"2026-01-13T12:58:00","slug":"pristatymas-ir-grazinimai","status":"publish","type":"page","link":"https:\/\/senbera.com\/lt\/pristatymas-ir-grazinimai\/","title":{"rendered":"Pristatymas ir gr\u0105\u017einimai"},"content":{"rendered":"\t\t<div data-elementor-type=\"wp-page\" data-elementor-id=\"546\" class=\"elementor elementor-546\" data-elementor-post-type=\"page\">\n\t\t\t\t<div class=\"elementor-element elementor-element-a937d85 e-flex e-con-boxed e-con e-parent\" data-id=\"a937d85\" data-element_type=\"container\">\n\t\t\t\t\t<div class=\"e-con-inner\">\n\t\t\t\t<div class=\"elementor-element elementor-element-3962e41 elementor-widget elementor-widget-heading\" data-id=\"3962e41\" data-element_type=\"widget\" data-widget_type=\"heading.default\">\n\t\t\t\t\t<h2 class=\"elementor-heading-title elementor-size-default\">Pristatymo informacija<\/h2>\t\t\t\t<\/div>\n\t\t\t\t<div class=\"elementor-element elementor-element-62b522a elementor-widget elementor-widget-text-editor\" data-id=\"62b522a\" data-element_type=\"widget\" data-widget_type=\"text-editor.default\">\n\t\t\t\t\t\t\t\t\t<p style=\"color: #000000; font-size: medium; font-style: normal; font-weight: 400;\" data-start=\"0\" data-end=\"20\"><strong data-start=\"0\" data-end=\"20\">Pristatymo b\u016bdai<\/strong><\/p>\n<p style=\"color: #000000; font-size: medium; font-style: normal; font-weight: 400;\" data-start=\"22\" data-end=\"56\">Standartinis \u201ePremium\u201c pristatymas<\/p>\n<p style=\"color: #000000; font-size: medium; font-style: normal; font-weight: 400;\" data-start=\"58\" data-end=\"97\">Visiems pristatymams Lietuvoje \u2013 2,99 \u20ac<\/p>\n<p style=\"color: #000000; font-size: medium; font-style: normal; font-weight: 400;\" data-start=\"99\" data-end=\"130\">Nemokamas \u201ePremium\u201c pristatymas<\/p>\n<p style=\"color: #000000; font-size: medium; font-style: normal; font-weight: 400;\" data-start=\"132\" data-end=\"208\">Nemokamas pristatymas visiems u\u017esakymams Lietuvoje, kuri\u0173 suma vir\u0161ija 35 \u20ac.<\/p>\n<p style=\"color: #000000; font-size: medium; font-style: normal; font-weight: 400;\" data-start=\"211\" data-end=\"231\"><strong data-start=\"211\" data-end=\"231\">Pristatymo zonos<\/strong><\/p>\n<p style=\"color: #000000; font-size: medium; font-style: normal; font-weight: 400;\" data-start=\"233\" data-end=\"376\">\u0160iuo metu pristatome tik Lietuvoje.<br data-start=\"268\" data-end=\"271\">Dirbame prie savo asortimento pl\u0117tros, kad artimiausiu metu gal\u0117tume pristatyti visoje Europos S\u0105jungoje.<\/p>\n<p style=\"color: #000000; font-size: medium; font-style: normal; font-weight: 400;\" data-start=\"379\" data-end=\"427\"><strong data-start=\"379\" data-end=\"427\">Pristatymo terminai ir papildoma informacija<\/strong><\/p>\n<p style=\"color: #000000; font-size: medium; font-style: normal; font-weight: 400;\" data-start=\"429\" data-end=\"736\">Visi u\u017esakymai apdorojami per 1\u20132 darbo dienas, o \u012fprastas pristatymo terminas yra 7\u201310 darbo dien\u0173. Priklausomai nuo j\u016bs\u0173 vietov\u0117s, prek\u0119 galite gauti ir anks\u010diau. Vis d\u0117lto visada vadovaukit\u0117s informacija, pateikta konkretaus produkto apra\u0161yme. Kai kuri\u0173 preki\u0173 pristatymas \u0161iuo metu gali u\u017etrukti ilgiau.<\/p>\n<p style=\"color: #000000; font-size: medium; font-style: normal; font-weight: 400;\" data-start=\"738\" data-end=\"1166\">Esame u\u017emezg\u0119 partnerystes su visais savo pristatymo ve\u017e\u0117jais ir siekiame, kad visos siuntos b\u016bt\u0173 pristatytos per nurodyt\u0105 laik\u0105. Atkreipiame d\u0117mes\u012f, kad neprisiimame atsakomyb\u0117s u\u017e v\u0117lavimus, kuriuos sukelia oro s\u0105lygos, neteisingai nurodyti adresai, ve\u017e\u0117jo problemos ar kitos nuo m\u016bs\u0173 nepriklausan\u010dios aplinkyb\u0117s. Visais atvejais stengsim\u0117s pad\u0117ti savo klientams sprend\u017eiant gr\u0105\u017einimo, pretenzij\u0173 ar prarast\u0173 siunt\u0173 klausimus.<\/p>\n<p style=\"color: #000000; font-size: medium; font-style: normal; font-weight: 400;\" data-start=\"1168\" data-end=\"1539\" data-is-last-node=\"\" data-is-only-node=\"\">Jeigu siunta pametama, dingsta arba pristatymas negali b\u016bti patvirtintas sekimo informacija, mes i\u0161si\u0173sime pakartotin\u0119 siunt\u0105. Siuntos, kuri\u0173 pristatymas patvirtintas ve\u017e\u0117jo, bus tiriamos ir iki tyrimo pabaigos n\u0117ra gr\u0105\u017einamos. Jei j\u016bs\u0173 siunta nepasiek\u0117 j\u016bs\u0173 arba atvyko pa\u017eeista, pra\u0161ome susisiekti su mumis el. pa\u0161tu<br data-start=\"1486\" data-end=\"1489\"><a rel=\"noopener\" data-start=\"1489\" data-end=\"1505\">info@senbera.com<\/a>&nbsp;ir nurodyti savo u\u017esakymo numer\u012f.<\/p>\t\t\t\t\t\t\t\t<\/div>\n\t\t\t\t\t<\/div>\n\t\t\t\t<\/div>\n\t\t\t\t<\/div>\n\t\t","protected":false},"excerpt":{"rendered":"<p>Pristatymo informacija Pristatymo b\u016bdai Standartinis \u201ePremium\u201c pristatymas Visiems pristatymams Lietuvoje \u2013 2,99 \u20ac Nemokamas \u201ePremium\u201c pristatymas Nemokamas pristatymas visiems u\u017esakymams [&hellip;]<\/p>\n","protected":false},"author":1,"featured_media":0,"parent":0,"menu_order":0,"comment_status":"closed","ping_status":"closed","template":"","meta":{"site-sidebar-layout":"default","site-content-layout":"","ast-site-content-layout":"default","site-content-style":"default","site-sidebar-style":"default","ast-global-header-display":"","ast-banner-title-visibility":"","ast-main-header-display":"","ast-hfb-above-header-display":"","ast-hfb-below-header-display":"","ast-hfb-mobile-header-display":"","site-post-title":"disabled","ast-breadcrumbs-content":"","ast-featured-img":"","footer-sml-layout":"","theme-transparent-header-meta":"","adv-header-id-meta":"","stick-header-meta":"","header-above-stick-meta":"","header-main-stick-meta":"","header-below-stick-meta":"","astra-migrate-meta-layouts":"default","ast-page-background-enabled":"default","ast-page-background-meta":{"desktop":{"background-color":"var(--ast-global-color-5)","background-image":"","background-repeat":"repeat","background-position":"center center","background-size":"auto","background-attachment":"scroll","background-type":"","background-media":"","overlay-type":"","overlay-color":"","overlay-opacity":"","overlay-gradient":""},"tablet":{"background-color":"","background-image":"","background-repeat":"repeat","background-position":"center center","background-size":"auto","background-attachment":"scroll","background-type":"","background-media":"","overlay-type":"","overlay-color":"","overlay-opacity":"","overlay-gradient":""},"mobile":{"background-color":"","background-image":"","background-repeat":"repeat","background-position":"center center","background-size":"auto","background-attachment":"scroll","background-type":"","background-media":"","overlay-type":"","overlay-color":"","overlay-opacity":"","overlay-gradient":""}},"ast-content-background-meta":{"desktop":{"background-color":"var(--ast-global-color-4)","background-image":"","background-repeat":"repeat","background-position":"center center","background-size":"auto","background-attachment":"scroll","background-type":"","background-media":"","overlay-type":"","overlay-color":"","overlay-opacity":"","overlay-gradient":""},"tablet":{"background-color":"var(--ast-global-color-4)","background-image":"","background-repeat":"repeat","background-position":"center center","background-size":"auto","background-attachment":"scroll","background-type":"","background-media":"","overlay-type":"","overlay-color":"","overlay-opacity":"","overlay-gradient":""},"mobile":{"background-color":"var(--ast-global-color-4)","background-image":"","background-repeat":"repeat","background-position":"center center","background-size":"auto","background-attachment":"scroll","background-type":"","background-media":"","overlay-type":"","overlay-color":"","overlay-opacity":"","overlay-gradient":""}},"footnotes":""},"class_list":["post-546","page","type-page","status-publish","hentry"],"yoast_head":"<!-- This site is optimized with the Yoast SEO plugin v26.6 - https:\/\/yoast.com\/wordpress\/plugins\/seo\/ -->\n<title>Pristatymas ir gr\u0105\u017einimai - Senbera LT<\/title>\n<meta name=\"robots\" content=\"noindex, follow, max-snippet:-1, max-image-preview:large, max-video-preview:-1\" \/>\n<meta property=\"og:locale\" content=\"lt_LT\" \/>\n<meta property=\"og:type\" content=\"article\" \/>\n<meta property=\"og:title\" content=\"Pristatymas ir gr\u0105\u017einimai - Senbera LT\" \/>\n<meta property=\"og:description\" content=\"Pristatymo informacija Pristatymo b\u016bdai Standartinis \u201ePremium\u201c pristatymas Visiems pristatymams Lietuvoje \u2013 2,99 \u20ac Nemokamas \u201ePremium\u201c pristatymas Nemokamas pristatymas visiems u\u017esakymams [&hellip;]\" \/>\n<meta property=\"og:url\" content=\"https:\/\/senbera.com\/lt\/pristatymas-ir-grazinimai\/\" \/>\n<meta property=\"og:site_name\" content=\"Senbera LT\" \/>\n<meta property=\"article:modified_time\" content=\"2026-01-13T12:58:00+00:00\" \/>\n<meta name=\"twitter:card\" content=\"summary_large_image\" \/>\n<meta name=\"twitter:label1\" content=\"Est. reading time\" \/>\n\t<meta name=\"twitter:data1\" content=\"2 minut\u0117s\" \/>\n<script type=\"application\/ld+json\" class=\"yoast-schema-graph\">{\"@context\":\"https:\/\/schema.org\",\"@graph\":[{\"@type\":\"WebPage\",\"@id\":\"https:\/\/senbera.com\/lt\/pristatymas-ir-grazinimai\/\",\"url\":\"https:\/\/senbera.com\/lt\/pristatymas-ir-grazinimai\/\",\"name\":\"Pristatymas ir gr\u0105\u017einimai - Senbera LT\",\"isPartOf\":{\"@id\":\"https:\/\/senbera.com\/lt\/#website\"},\"datePublished\":\"2020-10-13T02:48:45+00:00\",\"dateModified\":\"2026-01-13T12:58:00+00:00\",\"breadcrumb\":{\"@id\":\"https:\/\/senbera.com\/lt\/pristatymas-ir-grazinimai\/#breadcrumb\"},\"inLanguage\":\"lt-LT\",\"potentialAction\":[{\"@type\":\"ReadAction\",\"target\":[\"https:\/\/senbera.com\/lt\/pristatymas-ir-grazinimai\/\"]}]},{\"@type\":\"BreadcrumbList\",\"@id\":\"https:\/\/senbera.com\/lt\/pristatymas-ir-grazinimai\/#breadcrumb\",\"itemListElement\":[{\"@type\":\"ListItem\",\"position\":1,\"name\":\"Home\",\"item\":\"https:\/\/senbera.com\/lt\/\"},{\"@type\":\"ListItem\",\"position\":2,\"name\":\"Pristatymas ir gr\u0105\u017einimai\"}]},{\"@type\":\"WebSite\",\"@id\":\"https:\/\/senbera.com\/lt\/#website\",\"url\":\"https:\/\/senbera.com\/lt\/\",\"name\":\"Senbera LT\",\"description\":\"\",\"publisher\":{\"@id\":\"https:\/\/senbera.com\/lt\/#organization\"},\"potentialAction\":[{\"@type\":\"SearchAction\",\"target\":{\"@type\":\"EntryPoint\",\"urlTemplate\":\"https:\/\/senbera.com\/lt\/?s={search_term_string}\"},\"query-input\":{\"@type\":\"PropertyValueSpecification\",\"valueRequired\":true,\"valueName\":\"search_term_string\"}}],\"inLanguage\":\"lt-LT\"},{\"@type\":\"Organization\",\"@id\":\"https:\/\/senbera.com\/lt\/#organization\",\"name\":\"Mekulo\",\"url\":\"https:\/\/senbera.com\/lt\/\",\"logo\":{\"@type\":\"ImageObject\",\"inLanguage\":\"lt-LT\",\"@id\":\"https:\/\/senbera.com\/lt\/#\/schema\/logo\/image\/\",\"url\":\"https:\/\/senbera.com\/lt\/wp-content\/uploads\/sites\/22\/2025\/12\/favicon_mekulo.png\",\"contentUrl\":\"https:\/\/senbera.com\/lt\/wp-content\/uploads\/sites\/22\/2025\/12\/favicon_mekulo.png\",\"width\":50,\"height\":50,\"caption\":\"Mekulo\"},\"image\":{\"@id\":\"https:\/\/senbera.com\/lt\/#\/schema\/logo\/image\/\"}}]}<\/script>\n<!-- \/ Yoast SEO plugin. -->","yoast_head_json":{"title":"Pristatymas ir gr\u0105\u017einimai - Senbera LT","robots":{"index":"noindex","follow":"follow","max-snippet":"max-snippet:-1","max-image-preview":"max-image-preview:large","max-video-preview":"max-video-preview:-1"},"og_locale":"lt_LT","og_type":"article","og_title":"Pristatymas ir gr\u0105\u017einimai - Senbera LT","og_description":"Pristatymo informacija Pristatymo b\u016bdai Standartinis \u201ePremium\u201c pristatymas Visiems pristatymams Lietuvoje \u2013 2,99 \u20ac Nemokamas \u201ePremium\u201c pristatymas Nemokamas pristatymas visiems u\u017esakymams [&hellip;]","og_url":"https:\/\/senbera.com\/lt\/pristatymas-ir-grazinimai\/","og_site_name":"Senbera LT","article_modified_time":"2026-01-13T12:58:00+00:00","twitter_card":"summary_large_image","twitter_misc":{"Est. reading time":"2 minut\u0117s"},"schema":{"@context":"https:\/\/schema.org","@graph":[{"@type":"WebPage","@id":"https:\/\/senbera.com\/lt\/pristatymas-ir-grazinimai\/","url":"https:\/\/senbera.com\/lt\/pristatymas-ir-grazinimai\/","name":"Pristatymas ir gr\u0105\u017einimai - Senbera LT","isPartOf":{"@id":"https:\/\/senbera.com\/lt\/#website"},"datePublished":"2020-10-13T02:48:45+00:00","dateModified":"2026-01-13T12:58:00+00:00","breadcrumb":{"@id":"https:\/\/senbera.com\/lt\/pristatymas-ir-grazinimai\/#breadcrumb"},"inLanguage":"lt-LT","potentialAction":[{"@type":"ReadAction","target":["https:\/\/senbera.com\/lt\/pristatymas-ir-grazinimai\/"]}]},{"@type":"BreadcrumbList","@id":"https:\/\/senbera.com\/lt\/pristatymas-ir-grazinimai\/#breadcrumb","itemListElement":[{"@type":"ListItem","position":1,"name":"Home","item":"https:\/\/senbera.com\/lt\/"},{"@type":"ListItem","position":2,"name":"Pristatymas ir gr\u0105\u017einimai"}]},{"@type":"WebSite","@id":"https:\/\/senbera.com\/lt\/#website","url":"https:\/\/senbera.com\/lt\/","name":"Senbera LT","description":"","publisher":{"@id":"https:\/\/senbera.com\/lt\/#organization"},"potentialAction":[{"@type":"SearchAction","target":{"@type":"EntryPoint","urlTemplate":"https:\/\/senbera.com\/lt\/?s={search_term_string}"},"query-input":{"@type":"PropertyValueSpecification","valueRequired":true,"valueName":"search_term_string"}}],"inLanguage":"lt-LT"},{"@type":"Organization","@id":"https:\/\/senbera.com\/lt\/#organization","name":"Mekulo","url":"https:\/\/senbera.com\/lt\/","logo":{"@type":"ImageObject","inLanguage":"lt-LT","@id":"https:\/\/senbera.com\/lt\/#\/schema\/logo\/image\/","url":"https:\/\/senbera.com\/lt\/wp-content\/uploads\/sites\/22\/2025\/12\/favicon_mekulo.png","contentUrl":"https:\/\/senbera.com\/lt\/wp-content\/uploads\/sites\/22\/2025\/12\/favicon_mekulo.png","width":50,"height":50,"caption":"Mekulo"},"image":{"@id":"https:\/\/senbera.com\/lt\/#\/schema\/logo\/image\/"}}]}},"_links":{"self":[{"href":"https:\/\/senbera.com\/lt\/wp-json\/wp\/v2\/pages\/546","targetHints":{"allow":["GET"]}}],"collection":[{"href":"https:\/\/senbera.com\/lt\/wp-json\/wp\/v2\/pages"}],"about":[{"href":"https:\/\/senbera.com\/lt\/wp-json\/wp\/v2\/types\/page"}],"author":[{"embeddable":true,"href":"https:\/\/senbera.com\/lt\/wp-json\/wp\/v2\/users\/1"}],"replies":[{"embeddable":true,"href":"https:\/\/senbera.com\/lt\/wp-json\/wp\/v2\/comments?post=546"}],"version-history":[{"count":23,"href":"https:\/\/senbera.com\/lt\/wp-json\/wp\/v2\/pages\/546\/revisions"}],"predecessor-version":[{"id":19339,"href":"https:\/\/senbera.com\/lt\/wp-json\/wp\/v2\/pages\/546\/revisions\/19339"}],"wp:attachment":[{"href":"https:\/\/senbera.com\/lt\/wp-json\/wp\/v2\/media?parent=546"}],"curies":[{"name":"wp","href":"https:\/\/api.w.org\/{rel}","templated":true}]}}