{"id":12652,"date":"2025-12-05T15:20:29","date_gmt":"2025-12-05T15:20:29","guid":{"rendered":"https:\/\/senbera.com\/lt\/?page_id=12652"},"modified":"2026-01-13T15:16:10","modified_gmt":"2026-01-13T13:16:10","slug":"visos-kategorijos","status":"publish","type":"page","link":"https:\/\/senbera.com\/lt\/visos-kategorijos\/","title":{"rendered":"Visos kategorijos"},"content":{"rendered":"\t\t<div data-elementor-type=\"wp-page\" data-elementor-id=\"12652\" class=\"elementor elementor-12652\" data-elementor-post-type=\"page\">\n\t\t\t\t<div class=\"elementor-element elementor-element-00f6039 e-flex e-con-boxed e-con e-parent\" data-id=\"00f6039\" data-element_type=\"container\">\n\t\t\t\t\t<div class=\"e-con-inner\">\n\t\t\t\t<div class=\"elementor-element elementor-element-f65c670 elementor-widget elementor-widget-wl-category-grid\" data-id=\"f65c670\" data-element_type=\"widget\" data-widget_type=\"wl-category-grid.default\">\n\t\t\t\t<div class=\"elementor-widget-container\">\n\t\t\t\t\t<div class=\"wl-row  product-slider \" data-settings={\"arrows\":true,\"dots\":false,\"autoplay\":false,\"autoplay_speed\":0,\"animation_speed\":0,\"pause_on_hover\":true,\"rtl\":false,\"product_items\":6,\"scroll_columns\":3,\"tablet_width\":750,\"tablet_display_columns\":4,\"tablet_scroll_columns\":2,\"mobile_width\":480,\"mobile_display_columns\":3,\"mobile_scroll_columns\":1} style='display:none'>                <div class=\"wl-col-1\">\n\n                                            <div class=\"ht-category-wrap\">\n                                                        <div class=\"ht-category-image-3 ht-category-image-zoom\">\n                                <a href=\"https:\/\/senbera.com\/lt\/produkto-kategorija\/automobiliu-prekes\/\">\n                                    <img fetchpriority=\"high\" decoding=\"async\" width=\"240\" height=\"240\" src=\"https:\/\/senbera.com\/lt\/wp-content\/uploads\/sites\/22\/2026\/01\/Automotive_products-copy.webp\" class=\"attachment-full size-full\" alt=\"\" \/>                                <\/a>\n                            <\/div>\n                                                        <div class=\"ht-category-content-5\">\n                                <h3><a href=\"https:\/\/senbera.com\/lt\/produkto-kategorija\/automobiliu-prekes\/\">Automobili\u0173 prek\u0117s<\/a><\/h3>\n                            <\/div>\n                                                    <\/div>\n\n                    \n                <\/div>\n                                <div class=\"wl-col-1\">\n\n                                            <div class=\"ht-category-wrap\">\n                                                        <div class=\"ht-category-image-3 ht-category-image-zoom\">\n                                <a href=\"https:\/\/senbera.com\/lt\/produkto-kategorija\/avalyne-aksesuarai\/\">\n                                    <img decoding=\"async\" width=\"240\" height=\"240\" src=\"https:\/\/senbera.com\/lt\/wp-content\/uploads\/sites\/22\/2026\/01\/Footwear_Accessories-copy.webp\" class=\"attachment-full size-full\" alt=\"\" \/>                                <\/a>\n                            <\/div>\n                                                        <div class=\"ht-category-content-5\">\n                                <h3><a href=\"https:\/\/senbera.com\/lt\/produkto-kategorija\/avalyne-aksesuarai\/\">Avalyn\u0117, aksesuarai<\/a><\/h3>\n                            <\/div>\n                                                    <\/div>\n\n                    \n                <\/div>\n                                <div class=\"wl-col-1\">\n\n                                            <div class=\"ht-category-wrap\">\n                                                        <div class=\"ht-category-image-3 ht-category-image-zoom\">\n                                <a href=\"https:\/\/senbera.com\/lt\/produkto-kategorija\/elektronika\/\">\n                                    <img decoding=\"async\" width=\"1280\" height=\"1280\" src=\"https:\/\/senbera.com\/lt\/wp-content\/uploads\/sites\/22\/2026\/01\/Electronics-copy.webp\" class=\"attachment-full size-full\" alt=\"\" \/>                                <\/a>\n                            <\/div>\n                                                        <div class=\"ht-category-content-5\">\n                                <h3><a href=\"https:\/\/senbera.com\/lt\/produkto-kategorija\/elektronika\/\">Elektronika<\/a><\/h3>\n                            <\/div>\n                                                    <\/div>\n\n                    \n                <\/div>\n                                <div class=\"wl-col-1\">\n\n                                            <div class=\"ht-category-wrap\">\n                                                        <div class=\"ht-category-image-3 ht-category-image-zoom\">\n                                <a href=\"https:\/\/senbera.com\/lt\/produkto-kategorija\/grozio-ir-higienos-produktai\/\">\n                                    <img loading=\"lazy\" decoding=\"async\" width=\"240\" height=\"240\" src=\"https:\/\/senbera.com\/lt\/wp-content\/uploads\/sites\/22\/2026\/01\/Beauty-copy.webp\" class=\"attachment-full size-full\" alt=\"\" \/>                                <\/a>\n                            <\/div>\n                                                        <div class=\"ht-category-content-5\">\n                                <h3><a href=\"https:\/\/senbera.com\/lt\/produkto-kategorija\/grozio-ir-higienos-produktai\/\">Gro\u017eio ir higienos produktai<\/a><\/h3>\n                            <\/div>\n                                                    <\/div>\n\n                    \n                <\/div>\n                                <div class=\"wl-col-1\">\n\n                                            <div class=\"ht-category-wrap\">\n                                                        <div class=\"ht-category-image-3 ht-category-image-zoom\">\n                                <a href=\"https:\/\/senbera.com\/lt\/produkto-kategorija\/irankiai\/\">\n                                    <img loading=\"lazy\" decoding=\"async\" width=\"240\" height=\"240\" src=\"https:\/\/senbera.com\/lt\/wp-content\/uploads\/sites\/22\/2026\/01\/Tools-copy.webp\" class=\"attachment-full size-full\" alt=\"\" \/>                                <\/a>\n                            <\/div>\n                                                        <div class=\"ht-category-content-5\">\n                                <h3><a href=\"https:\/\/senbera.com\/lt\/produkto-kategorija\/irankiai\/\">\u012erankiai<\/a><\/h3>\n                            <\/div>\n                                                    <\/div>\n\n                    \n                <\/div>\n                                <div class=\"wl-col-1\">\n\n                                            <div class=\"ht-category-wrap\">\n                                                        <div class=\"ht-category-image-3 ht-category-image-zoom\">\n                                <a href=\"https:\/\/senbera.com\/lt\/produkto-kategorija\/moteriski-drabuziai\/\">\n                                    <img loading=\"lazy\" decoding=\"async\" width=\"240\" height=\"240\" src=\"https:\/\/senbera.com\/lt\/wp-content\/uploads\/sites\/22\/2026\/01\/Clothing_Women-copy.webp\" class=\"attachment-full size-full\" alt=\"\" \/>                                <\/a>\n                            <\/div>\n                                                        <div class=\"ht-category-content-5\">\n                                <h3><a href=\"https:\/\/senbera.com\/lt\/produkto-kategorija\/moteriski-drabuziai\/\">Moteri\u0161ki drabu\u017eiai<\/a><\/h3>\n                            <\/div>\n                                                    <\/div>\n\n                    \n                <\/div>\n                                <div class=\"wl-col-1\">\n\n                                            <div class=\"ht-category-wrap\">\n                                                        <div class=\"ht-category-image-3 ht-category-image-zoom\">\n                                <a href=\"https:\/\/senbera.com\/lt\/produkto-kategorija\/namu-apyvokos-prekes\/\">\n                                    <img loading=\"lazy\" decoding=\"async\" width=\"240\" height=\"240\" src=\"https:\/\/senbera.com\/lt\/wp-content\/uploads\/sites\/22\/2026\/01\/Household_goods-copy.webp\" class=\"attachment-full size-full\" alt=\"\" \/>                                <\/a>\n                            <\/div>\n                                                        <div class=\"ht-category-content-5\">\n                                <h3><a href=\"https:\/\/senbera.com\/lt\/produkto-kategorija\/namu-apyvokos-prekes\/\">Nam\u0173 apyvokos prek\u0117s<\/a><\/h3>\n                            <\/div>\n                                                    <\/div>\n\n                    \n                <\/div>\n                                <div class=\"wl-col-1\">\n\n                                            <div class=\"ht-category-wrap\">\n                                                        <div class=\"ht-category-image-3 ht-category-image-zoom\">\n                                <a href=\"https:\/\/senbera.com\/lt\/produkto-kategorija\/produktai-gyvunams\/\">\n                                    <img loading=\"lazy\" decoding=\"async\" width=\"240\" height=\"240\" src=\"https:\/\/senbera.com\/lt\/wp-content\/uploads\/sites\/22\/2026\/01\/Pets_products-copy.webp\" class=\"attachment-full size-full\" alt=\"\" \/>                                <\/a>\n                            <\/div>\n                                                        <div class=\"ht-category-content-5\">\n                                <h3><a href=\"https:\/\/senbera.com\/lt\/produkto-kategorija\/produktai-gyvunams\/\">Produktai gyv\u016bnams<\/a><\/h3>\n                            <\/div>\n                                                    <\/div>\n\n                    \n                <\/div>\n                                <div class=\"wl-col-1\">\n\n                                            <div class=\"ht-category-wrap\">\n                                                        <div class=\"ht-category-image-3 ht-category-image-zoom\">\n                                <a href=\"https:\/\/senbera.com\/lt\/produkto-kategorija\/sporto-prekes\/\">\n                                    <img loading=\"lazy\" decoding=\"async\" width=\"240\" height=\"240\" src=\"https:\/\/senbera.com\/lt\/wp-content\/uploads\/sites\/22\/2026\/01\/Sporting_goods-copy.webp\" class=\"attachment-full size-full\" alt=\"\" \/>                                <\/a>\n                            <\/div>\n                                                        <div class=\"ht-category-content-5\">\n                                <h3><a href=\"https:\/\/senbera.com\/lt\/produkto-kategorija\/sporto-prekes\/\">Sporto prek\u0117s<\/a><\/h3>\n                            <\/div>\n                                                    <\/div>\n\n                    \n                <\/div>\n                                <div class=\"wl-col-1\">\n\n                                            <div class=\"ht-category-wrap\">\n                                                        <div class=\"ht-category-image-3 ht-category-image-zoom\">\n                                <a href=\"https:\/\/senbera.com\/lt\/produkto-kategorija\/stovyklavimo-ir-laisvalaikio-prekes\/\">\n                                    <img loading=\"lazy\" decoding=\"async\" width=\"240\" height=\"240\" src=\"https:\/\/senbera.com\/lt\/wp-content\/uploads\/sites\/22\/2026\/01\/Hiking_products-copy.webp\" class=\"attachment-full size-full\" alt=\"\" \/>                                <\/a>\n                            <\/div>\n                                                        <div class=\"ht-category-content-5\">\n                                <h3><a href=\"https:\/\/senbera.com\/lt\/produkto-kategorija\/stovyklavimo-ir-laisvalaikio-prekes\/\">Stovyklavimo ir laisvalaikio prek\u0117s<\/a><\/h3>\n                            <\/div>\n                                                    <\/div>\n\n                    \n                <\/div>\n                                <div class=\"wl-col-1\">\n\n                                            <div class=\"ht-category-wrap\">\n                                                        <div class=\"ht-category-image-3 ht-category-image-zoom\">\n                                <a href=\"https:\/\/senbera.com\/lt\/produkto-kategorija\/sveikatingumo-prekes\/\">\n                                    <img loading=\"lazy\" decoding=\"async\" width=\"240\" height=\"240\" src=\"https:\/\/senbera.com\/lt\/wp-content\/uploads\/sites\/22\/2026\/01\/Health_care_supplies-copy.webp\" class=\"attachment-full size-full\" alt=\"\" \/>                                <\/a>\n                            <\/div>\n                                                        <div class=\"ht-category-content-5\">\n                                <h3><a href=\"https:\/\/senbera.com\/lt\/produkto-kategorija\/sveikatingumo-prekes\/\">Sveikatingumo prek\u0117s<\/a><\/h3>\n                            <\/div>\n                                                    <\/div>\n\n                    \n                <\/div>\n                                <div class=\"wl-col-1\">\n\n                                            <div class=\"ht-category-wrap\">\n                                                        <div class=\"ht-category-image-3 ht-category-image-zoom\">\n                                <a href=\"https:\/\/senbera.com\/lt\/produkto-kategorija\/vyriski-drabuziai\/\">\n                                    <img loading=\"lazy\" decoding=\"async\" width=\"240\" height=\"240\" src=\"https:\/\/senbera.com\/lt\/wp-content\/uploads\/sites\/22\/2026\/01\/Clothing_men-copy.webp\" class=\"attachment-full size-full\" alt=\"\" \/>                                <\/a>\n                            <\/div>\n                                                        <div class=\"ht-category-content-5\">\n                                <h3><a href=\"https:\/\/senbera.com\/lt\/produkto-kategorija\/vyriski-drabuziai\/\">Vyri\u0161ki drabu\u017eiai<\/a><\/h3>\n                            <\/div>\n                                                    <\/div>\n\n                    \n                <\/div>\n                                <div class=\"wl-col-1\">\n\n                                            <div class=\"ht-category-wrap\">\n                                                        <div class=\"ht-category-image-3 ht-category-image-zoom\">\n                                <a href=\"https:\/\/senbera.com\/lt\/produkto-kategorija\/zaislai-vaiku-ir-kudikiu-prekes\/\">\n                                    <img loading=\"lazy\" decoding=\"async\" width=\"240\" height=\"240\" src=\"https:\/\/senbera.com\/lt\/wp-content\/uploads\/sites\/22\/2026\/01\/Toys-copy.webp\" class=\"attachment-full size-full\" alt=\"\" \/>                                <\/a>\n                            <\/div>\n                                                        <div class=\"ht-category-content-5\">\n                                <h3><a href=\"https:\/\/senbera.com\/lt\/produkto-kategorija\/zaislai-vaiku-ir-kudikiu-prekes\/\">\u017daislai, vaik\u0173 ir k\u016bdiki\u0173 prek\u0117s<\/a><\/h3>\n                            <\/div>\n                                                    <\/div>\n\n                    \n                <\/div>\n                <\/div>\t\t\t\t<\/div>\n\t\t\t\t<\/div>\n\t\t\t\t\t<\/div>\n\t\t\t\t<\/div>\n\t\t\t\t<\/div>\n\t\t","protected":false},"excerpt":{"rendered":"<p>Automobili\u0173 prek\u0117s Avalyn\u0117, aksesuarai Elektronika Gro\u017eio ir higienos produktai \u012erankiai Moteri\u0161ki drabu\u017eiai Nam\u0173 apyvokos prek\u0117s Produktai gyv\u016bnams Sporto prek\u0117s Stovyklavimo [&hellip;]<\/p>\n","protected":false},"author":1,"featured_media":0,"parent":0,"menu_order":0,"comment_status":"closed","ping_status":"closed","template":"","meta":{"site-sidebar-layout":"no-sidebar","site-content-layout":"","ast-site-content-layout":"full-width-container","site-content-style":"default","site-sidebar-style":"default","ast-global-header-display":"","ast-banner-title-visibility":"","ast-main-header-display":"","ast-hfb-above-header-display":"","ast-hfb-below-header-display":"","ast-hfb-mobile-header-display":"","site-post-title":"","ast-breadcrumbs-content":"","ast-featured-img":"disabled","footer-sml-layout":"","theme-transparent-header-meta":"","adv-header-id-meta":"","stick-header-meta":"","header-above-stick-meta":"","header-main-stick-meta":"","header-below-stick-meta":"","astra-migrate-meta-layouts":"default","ast-page-background-enabled":"default","ast-page-background-meta":{"desktop":{"background-color":"var(--ast-global-color-5)","background-image":"","background-repeat":"repeat","background-position":"center center","background-size":"auto","background-attachment":"scroll","background-type":"","background-media":"","overlay-type":"","overlay-color":"","overlay-opacity":"","overlay-gradient":""},"tablet":{"background-color":"","background-image":"","background-repeat":"repeat","background-position":"center center","background-size":"auto","background-attachment":"scroll","background-type":"","background-media":"","overlay-type":"","overlay-color":"","overlay-opacity":"","overlay-gradient":""},"mobile":{"background-color":"","background-image":"","background-repeat":"repeat","background-position":"center center","background-size":"auto","background-attachment":"scroll","background-type":"","background-media":"","overlay-type":"","overlay-color":"","overlay-opacity":"","overlay-gradient":""}},"ast-content-background-meta":{"desktop":{"background-color":"var(--ast-global-color-4)","background-image":"","background-repeat":"repeat","background-position":"center center","background-size":"auto","background-attachment":"scroll","background-type":"","background-media":"","overlay-type":"","overlay-color":"","overlay-opacity":"","overlay-gradient":""},"tablet":{"background-color":"var(--ast-global-color-4)","background-image":"","background-repeat":"repeat","background-position":"center center","background-size":"auto","background-attachment":"scroll","background-type":"","background-media":"","overlay-type":"","overlay-color":"","overlay-opacity":"","overlay-gradient":""},"mobile":{"background-color":"var(--ast-global-color-4)","background-image":"","background-repeat":"repeat","background-position":"center center","background-size":"auto","background-attachment":"scroll","background-type":"","background-media":"","overlay-type":"","overlay-color":"","overlay-opacity":"","overlay-gradient":""}},"footnotes":""},"class_list":["post-12652","page","type-page","status-publish","hentry"],"yoast_head":"<!-- This site is optimized with the Yoast SEO plugin v26.6 - https:\/\/yoast.com\/wordpress\/plugins\/seo\/ -->\n<title>Visos kategorijos - Senbera LT<\/title>\n<meta name=\"robots\" content=\"noindex, follow, max-snippet:-1, max-image-preview:large, max-video-preview:-1\" \/>\n<meta property=\"og:locale\" content=\"lt_LT\" \/>\n<meta property=\"og:type\" content=\"article\" \/>\n<meta property=\"og:title\" content=\"Visos kategorijos - Senbera LT\" \/>\n<meta property=\"og:description\" content=\"Automobili\u0173 prek\u0117s Avalyn\u0117, aksesuarai Elektronika Gro\u017eio ir higienos produktai \u012erankiai Moteri\u0161ki drabu\u017eiai Nam\u0173 apyvokos prek\u0117s Produktai gyv\u016bnams Sporto prek\u0117s Stovyklavimo [&hellip;]\" \/>\n<meta property=\"og:url\" content=\"https:\/\/senbera.com\/lt\/visos-kategorijos\/\" \/>\n<meta property=\"og:site_name\" content=\"Senbera LT\" \/>\n<meta property=\"article:modified_time\" content=\"2026-01-13T13:16:10+00:00\" \/>\n<meta property=\"og:image\" content=\"https:\/\/senbera.com\/lt\/wp-content\/uploads\/sites\/22\/2025\/12\/Automotive_products-copy.webp\" \/>\n<meta name=\"twitter:card\" content=\"summary_large_image\" \/>\n<meta name=\"twitter:label1\" content=\"Est. reading time\" \/>\n\t<meta name=\"twitter:data1\" content=\"6 minut\u0117s\" \/>\n<script type=\"application\/ld+json\" class=\"yoast-schema-graph\">{\"@context\":\"https:\/\/schema.org\",\"@graph\":[{\"@type\":\"WebPage\",\"@id\":\"https:\/\/senbera.com\/lt\/visos-kategorijos\/\",\"url\":\"https:\/\/senbera.com\/lt\/visos-kategorijos\/\",\"name\":\"Visos kategorijos - Senbera LT\",\"isPartOf\":{\"@id\":\"https:\/\/senbera.com\/lt\/#website\"},\"primaryImageOfPage\":{\"@id\":\"https:\/\/senbera.com\/lt\/visos-kategorijos\/#primaryimage\"},\"image\":{\"@id\":\"https:\/\/senbera.com\/lt\/visos-kategorijos\/#primaryimage\"},\"thumbnailUrl\":\"https:\/\/senbera.com\/lt\/wp-content\/uploads\/sites\/22\/2025\/12\/Automotive_products-copy.webp\",\"datePublished\":\"2025-12-05T15:20:29+00:00\",\"dateModified\":\"2026-01-13T13:16:10+00:00\",\"breadcrumb\":{\"@id\":\"https:\/\/senbera.com\/lt\/visos-kategorijos\/#breadcrumb\"},\"inLanguage\":\"lt-LT\",\"potentialAction\":[{\"@type\":\"ReadAction\",\"target\":[\"https:\/\/senbera.com\/lt\/visos-kategorijos\/\"]}]},{\"@type\":\"ImageObject\",\"inLanguage\":\"lt-LT\",\"@id\":\"https:\/\/senbera.com\/lt\/visos-kategorijos\/#primaryimage\",\"url\":\"\",\"contentUrl\":\"\"},{\"@type\":\"BreadcrumbList\",\"@id\":\"https:\/\/senbera.com\/lt\/visos-kategorijos\/#breadcrumb\",\"itemListElement\":[{\"@type\":\"ListItem\",\"position\":1,\"name\":\"Home\",\"item\":\"https:\/\/senbera.com\/lt\/\"},{\"@type\":\"ListItem\",\"position\":2,\"name\":\"Visos kategorijos\"}]},{\"@type\":\"WebSite\",\"@id\":\"https:\/\/senbera.com\/lt\/#website\",\"url\":\"https:\/\/senbera.com\/lt\/\",\"name\":\"Senbera LT\",\"description\":\"\",\"publisher\":{\"@id\":\"https:\/\/senbera.com\/lt\/#organization\"},\"potentialAction\":[{\"@type\":\"SearchAction\",\"target\":{\"@type\":\"EntryPoint\",\"urlTemplate\":\"https:\/\/senbera.com\/lt\/?s={search_term_string}\"},\"query-input\":{\"@type\":\"PropertyValueSpecification\",\"valueRequired\":true,\"valueName\":\"search_term_string\"}}],\"inLanguage\":\"lt-LT\"},{\"@type\":\"Organization\",\"@id\":\"https:\/\/senbera.com\/lt\/#organization\",\"name\":\"Mekulo\",\"url\":\"https:\/\/senbera.com\/lt\/\",\"logo\":{\"@type\":\"ImageObject\",\"inLanguage\":\"lt-LT\",\"@id\":\"https:\/\/senbera.com\/lt\/#\/schema\/logo\/image\/\",\"url\":\"https:\/\/senbera.com\/lt\/wp-content\/uploads\/sites\/22\/2025\/12\/favicon_mekulo.png\",\"contentUrl\":\"https:\/\/senbera.com\/lt\/wp-content\/uploads\/sites\/22\/2025\/12\/favicon_mekulo.png\",\"width\":50,\"height\":50,\"caption\":\"Mekulo\"},\"image\":{\"@id\":\"https:\/\/senbera.com\/lt\/#\/schema\/logo\/image\/\"}}]}<\/script>\n<!-- \/ Yoast SEO plugin. -->","yoast_head_json":{"title":"Visos kategorijos - Senbera LT","robots":{"index":"noindex","follow":"follow","max-snippet":"max-snippet:-1","max-image-preview":"max-image-preview:large","max-video-preview":"max-video-preview:-1"},"og_locale":"lt_LT","og_type":"article","og_title":"Visos kategorijos - Senbera LT","og_description":"Automobili\u0173 prek\u0117s Avalyn\u0117, aksesuarai Elektronika Gro\u017eio ir higienos produktai \u012erankiai Moteri\u0161ki drabu\u017eiai Nam\u0173 apyvokos prek\u0117s Produktai gyv\u016bnams Sporto prek\u0117s Stovyklavimo [&hellip;]","og_url":"https:\/\/senbera.com\/lt\/visos-kategorijos\/","og_site_name":"Senbera LT","article_modified_time":"2026-01-13T13:16:10+00:00","og_image":[{"url":"https:\/\/senbera.com\/lt\/wp-content\/uploads\/sites\/22\/2025\/12\/Automotive_products-copy.webp","type":"","width":"","height":""}],"twitter_card":"summary_large_image","twitter_misc":{"Est. reading time":"6 minut\u0117s"},"schema":{"@context":"https:\/\/schema.org","@graph":[{"@type":"WebPage","@id":"https:\/\/senbera.com\/lt\/visos-kategorijos\/","url":"https:\/\/senbera.com\/lt\/visos-kategorijos\/","name":"Visos kategorijos - Senbera LT","isPartOf":{"@id":"https:\/\/senbera.com\/lt\/#website"},"primaryImageOfPage":{"@id":"https:\/\/senbera.com\/lt\/visos-kategorijos\/#primaryimage"},"image":{"@id":"https:\/\/senbera.com\/lt\/visos-kategorijos\/#primaryimage"},"thumbnailUrl":"https:\/\/senbera.com\/lt\/wp-content\/uploads\/sites\/22\/2025\/12\/Automotive_products-copy.webp","datePublished":"2025-12-05T15:20:29+00:00","dateModified":"2026-01-13T13:16:10+00:00","breadcrumb":{"@id":"https:\/\/senbera.com\/lt\/visos-kategorijos\/#breadcrumb"},"inLanguage":"lt-LT","potentialAction":[{"@type":"ReadAction","target":["https:\/\/senbera.com\/lt\/visos-kategorijos\/"]}]},{"@type":"ImageObject","inLanguage":"lt-LT","@id":"https:\/\/senbera.com\/lt\/visos-kategorijos\/#primaryimage","url":"","contentUrl":""},{"@type":"BreadcrumbList","@id":"https:\/\/senbera.com\/lt\/visos-kategorijos\/#breadcrumb","itemListElement":[{"@type":"ListItem","position":1,"name":"Home","item":"https:\/\/senbera.com\/lt\/"},{"@type":"ListItem","position":2,"name":"Visos kategorijos"}]},{"@type":"WebSite","@id":"https:\/\/senbera.com\/lt\/#website","url":"https:\/\/senbera.com\/lt\/","name":"Senbera LT","description":"","publisher":{"@id":"https:\/\/senbera.com\/lt\/#organization"},"potentialAction":[{"@type":"SearchAction","target":{"@type":"EntryPoint","urlTemplate":"https:\/\/senbera.com\/lt\/?s={search_term_string}"},"query-input":{"@type":"PropertyValueSpecification","valueRequired":true,"valueName":"search_term_string"}}],"inLanguage":"lt-LT"},{"@type":"Organization","@id":"https:\/\/senbera.com\/lt\/#organization","name":"Mekulo","url":"https:\/\/senbera.com\/lt\/","logo":{"@type":"ImageObject","inLanguage":"lt-LT","@id":"https:\/\/senbera.com\/lt\/#\/schema\/logo\/image\/","url":"https:\/\/senbera.com\/lt\/wp-content\/uploads\/sites\/22\/2025\/12\/favicon_mekulo.png","contentUrl":"https:\/\/senbera.com\/lt\/wp-content\/uploads\/sites\/22\/2025\/12\/favicon_mekulo.png","width":50,"height":50,"caption":"Mekulo"},"image":{"@id":"https:\/\/senbera.com\/lt\/#\/schema\/logo\/image\/"}}]}},"_links":{"self":[{"href":"https:\/\/senbera.com\/lt\/wp-json\/wp\/v2\/pages\/12652","targetHints":{"allow":["GET"]}}],"collection":[{"href":"https:\/\/senbera.com\/lt\/wp-json\/wp\/v2\/pages"}],"about":[{"href":"https:\/\/senbera.com\/lt\/wp-json\/wp\/v2\/types\/page"}],"author":[{"embeddable":true,"href":"https:\/\/senbera.com\/lt\/wp-json\/wp\/v2\/users\/1"}],"replies":[{"embeddable":true,"href":"https:\/\/senbera.com\/lt\/wp-json\/wp\/v2\/comments?post=12652"}],"version-history":[{"count":32,"href":"https:\/\/senbera.com\/lt\/wp-json\/wp\/v2\/pages\/12652\/revisions"}],"predecessor-version":[{"id":19362,"href":"https:\/\/senbera.com\/lt\/wp-json\/wp\/v2\/pages\/12652\/revisions\/19362"}],"wp:attachment":[{"href":"https:\/\/senbera.com\/lt\/wp-json\/wp\/v2\/media?parent=12652"}],"curies":[{"name":"wp","href":"https:\/\/api.w.org\/{rel}","templated":true}]}}