{"id":12648,"date":"2025-12-05T15:20:08","date_gmt":"2025-12-05T15:20:08","guid":{"rendered":"https:\/\/senbera.com\/lt\/?page_id=12648"},"modified":"2026-01-13T15:01:04","modified_gmt":"2026-01-13T13:01:04","slug":"privatumo-politika","status":"publish","type":"page","link":"https:\/\/senbera.com\/lt\/privatumo-politika\/","title":{"rendered":"Privatumo politika"},"content":{"rendered":"\t\t<div data-elementor-type=\"wp-page\" data-elementor-id=\"12648\" class=\"elementor elementor-12648\" data-elementor-post-type=\"page\">\n\t\t\t\t<div class=\"elementor-element elementor-element-d67336 e-flex e-con-boxed e-con e-parent\" data-id=\"d67336\" data-element_type=\"container\">\n\t\t\t\t\t<div class=\"e-con-inner\">\n\t\t\t\t<div class=\"elementor-element elementor-element-19c7ff05 elementor-widget elementor-widget-text-editor\" data-id=\"19c7ff05\" data-element_type=\"widget\" data-widget_type=\"text-editor.default\">\n\t\t\t\t\t\t\t\t\t\n<div class=\"text-base my-auto mx-auto pb-10 [--thread-content-margin:--spacing(4)] @w-sm\/main:[--thread-content-margin:--spacing(6)] @w-lg\/main:[--thread-content-margin:--spacing(16)] px-(--thread-content-margin)\">\n<div class=\"[--thread-content-max-width:40rem] @w-lg\/main:[--thread-content-max-width:48rem] mx-auto max-w-(--thread-content-max-width) flex-1 group\/turn-messages focus-visible:outline-hidden relative flex w-full min-w-0 flex-col agent-turn\" tabindex=\"-1\">\n<div class=\"flex max-w-full flex-col grow\">\n<div class=\"min-h-8 text-message relative flex w-full flex-col items-end gap-2 text-start break-words whitespace-normal [.text-message+&amp;]:mt-1\" dir=\"auto\" data-message-author-role=\"assistant\" data-message-id=\"271cdb85-9671-4b55-b3e9-c8e4001fe4d1\" data-message-model-slug=\"gpt-5-2\">\n<div class=\"flex w-full flex-col gap-1 empty:hidden first:pt-[1px]\">\n<div class=\"markdown prose dark:prose-invert w-full break-words light markdown-new-styling\">\n<p data-start=\"0\" data-end=\"33\"><strong data-start=\"0\" data-end=\"33\">\u012esigaliojimo data: 2025-12-12<\/strong><\/p>\n<p data-start=\"35\" data-end=\"281\">Xoltra O\u00dc (\u201emes\u201c, \u201em\u016bs\u0173\u201c) gerbia j\u016bs\u0173 privatum\u0105 ir yra \u012fsipareigojusi saugoti j\u016bs\u0173 asmens duomenis. \u0160i Privatumo politika paai\u0161kina, kaip renkame, naudojame, dalijam\u0117s ir saugome j\u016bs\u0173 informacij\u0105, kai lankot\u0117s arba perkate svetain\u0117je senbera.com.<\/p>\n<p data-start=\"283\" data-end=\"395\">Naudodamiesi m\u016bs\u0173 svetaine arba pirkdami i\u0161 m\u016bs\u0173, j\u016bs sutinkate su \u0161ioje Privatumo politikoje apra\u0161yta praktika.<\/p>\n<p data-start=\"398\" data-end=\"428\"><strong data-start=\"398\" data-end=\"428\">1. Kokius duomenis renkame<\/strong><\/p>\n<p data-start=\"430\" data-end=\"478\">I\u0161 savo naudotoj\u0173 renkame \u0161iuos asmens duomenis:<\/p>\n<p data-start=\"480\" data-end=\"581\">Tapatyb\u0117s ir kontaktiniai duomenys<br data-start=\"514\" data-end=\"517\" \/>Vardas, el. pa\u0161to adresas, telefono numeris, pristatymo adresas.<\/p>\n<p data-start=\"583\" data-end=\"684\">Mok\u0117jimo duomenys<br data-start=\"600\" data-end=\"603\" \/>Mok\u0117jimo kortel\u0117s arba kita mok\u0117jimo informacija, reikalinga u\u017esakymams apdoroti.<\/p>\n<p data-start=\"686\" data-end=\"742\">Techniniai duomenys<br data-start=\"705\" data-end=\"708\" \/>IP adresas, \u012frenginio informacija.<\/p>\n<p data-start=\"744\" data-end=\"844\">Analitikos ir sekimo duomenys<br data-start=\"773\" data-end=\"776\" \/>Duomenys, renkami naudojant analitikos \u012frankius ir \u201eFacebook Pixel\u201c.<\/p>\n<p data-start=\"846\" data-end=\"913\">Slapukai<br data-start=\"854\" data-end=\"857\" \/>Slapukai, b\u016btini svetain\u0117s funkcionalumui ir analitikai.<\/p>\n<p data-start=\"915\" data-end=\"982\">Mes nenaudojame slapuk\u0173 pakartotinei reklamai ar reklamos tikslams.<\/p>\n<p data-start=\"985\" data-end=\"1016\"><strong data-start=\"985\" data-end=\"1016\">2. Duomen\u0173 tvarkymo tikslai<\/strong><\/p>\n<p data-start=\"1018\" data-end=\"1063\">J\u016bs\u0173 asmens duomenis tvarkome \u0161iais tikslais:<\/p>\n<p data-start=\"1065\" data-end=\"1153\">U\u017esakym\u0173 apdorojimas ir pristatymas<br data-start=\"1100\" data-end=\"1103\" \/>U\u017esakym\u0173 vykdymui, valdymui ir preki\u0173 pristatymui.<\/p>\n<p data-start=\"1155\" data-end=\"1223\">Klient\u0173 aptarnavimas<br data-start=\"1175\" data-end=\"1178\" \/>U\u017eklaus\u0173 nagrin\u0117jimui ir problem\u0173 sprendimui.<\/p>\n<p data-start=\"1225\" data-end=\"1297\">Suk\u010diavimo prevencija ir saugumas<br data-start=\"1258\" data-end=\"1261\" \/>Suk\u010diavimo aptikimui ir prevencijai.<\/p>\n<p data-start=\"1299\" data-end=\"1392\">Rinkodara (neb\u016btina)<br data-start=\"1319\" data-end=\"1322\" \/>Naujienlai\u0161ki\u0173 ar reklamini\u0173 prane\u0161im\u0173 siuntimui, jei dav\u0117te sutikim\u0105.<\/p>\n<p data-start=\"1394\" data-end=\"1502\">Analitika ir svetain\u0117s tobulinimas<br data-start=\"1428\" data-end=\"1431\" \/>Svetain\u0117s lankomumo analizei, paslaug\u0173 gerinimui ir veiklos steb\u0117senai.<\/p>\n<p data-start=\"1505\" data-end=\"1554\"><strong data-start=\"1505\" data-end=\"1554\">3. Teisinis duomen\u0173 tvarkymo pagrindas (BDAR)<\/strong><\/p>\n<p data-start=\"1556\" data-end=\"1625\">J\u016bs\u0173 asmens duomenis tvarkome remdamiesi \u0161iais teisiniais pagrindais:<\/p>\n<p data-start=\"1627\" data-end=\"1710\">Sutarties vykdymas<br data-start=\"1645\" data-end=\"1648\" \/>Duomenys b\u016btini j\u016bs\u0173 u\u017esakymams \u012fvykdyti ir paslaugoms teikti.<\/p>\n<p data-start=\"1712\" data-end=\"1769\">Sutikimas<br data-start=\"1721\" data-end=\"1724\" \/>Kai esate sutik\u0119 gauti rinkodaros prane\u0161imus.<\/p>\n<p data-start=\"1771\" data-end=\"1860\">Teis\u0117tas interesas<br data-start=\"1789\" data-end=\"1792\" \/>Suk\u010diavimo prevencija, analitika, svetain\u0117s tobulinimas ir saugumas.<\/p>\n<p data-start=\"1862\" data-end=\"1958\">Teisin\u0117 prievol\u0117<br data-start=\"1878\" data-end=\"1881\" \/>Duomen\u0173 saugojimas apskaitos ir mokes\u010di\u0173 tikslais pagal Estijos teis\u0117s aktus.<\/p>\n<p data-start=\"1961\" data-end=\"2007\"><strong data-start=\"1961\" data-end=\"2007\">4. Duomen\u0173 perdavimas tretiesiems asmenims<\/strong><\/p>\n<p data-start=\"2009\" data-end=\"2109\">J\u016bs\u0173 asmens duomenimis dalijam\u0117s tik su tais tre\u010diaisiais asmenimis, kurie b\u016btini paslaug\u0173 teikimui:<\/p>\n<p data-start=\"2111\" data-end=\"2183\">Pristatymo \u012fmon\u0117s ir tiek\u0117jai<br data-start=\"2140\" data-end=\"2143\" \/>U\u017esakym\u0173 vykdymui ir siunt\u0173 pristatymui.<\/p>\n<p data-start=\"2185\" data-end=\"2243\">Mok\u0117jimo paslaug\u0173 teik\u0117jai<br data-start=\"2211\" data-end=\"2214\" \/>Saugiam mok\u0117jim\u0173 apdorojimui.<\/p>\n<p data-start=\"2245\" data-end=\"2330\">Mes neperduodame j\u016bs\u0173 duomen\u0173 rinkodaros platformoms ar kitiems tre\u010diesiems asmenims.<\/p>\n<p data-start=\"2333\" data-end=\"2358\"><strong data-start=\"2333\" data-end=\"2358\">5. Duomen\u0173 saugojimas<\/strong><\/p>\n<p data-start=\"2360\" data-end=\"2389\">J\u016bs\u0173 asmens duomenis saugome:<\/p>\n<p data-start=\"2391\" data-end=\"2470\">Iki u\u017esakymo \u012fvykdymo pabaigos, \u012fskaitant pristatym\u0105 ir galim\u0173 gin\u010d\u0173 sprendim\u0105.<\/p>\n<p data-start=\"2472\" data-end=\"2539\">Iki 7 met\u0173 apskaitos ir mokes\u010di\u0173 reikalavimams pagal Estijos teis\u0119.<\/p>\n<p data-start=\"2541\" data-end=\"2618\">Pasibaigus \u0161iam laikotarpiui, duomenys saugiai i\u0161trinami arba anonimizuojami.<\/p>\n<p data-start=\"2621\" data-end=\"2647\"><strong data-start=\"2621\" data-end=\"2647\">6. Slapukai ir sekimas<\/strong><\/p>\n<p data-start=\"2649\" data-end=\"2692\">Slapukus ir sekimo technologijas naudojame:<\/p>\n<p data-start=\"2694\" data-end=\"2730\">Svetain\u0117s funkcionalumui u\u017etikrinti.<\/p>\n<p data-start=\"2732\" data-end=\"2779\">Analitikos tikslais naudojant \u201eFacebook Pixel\u201c.<\/p>\n<p data-start=\"2781\" data-end=\"2851\">Slapukai nenaudojami pakartotinei reklamai ar tre\u010di\u0173j\u0173 \u0161ali\u0173 reklamai.<\/p>\n<p data-start=\"2854\" data-end=\"2892\"><strong data-start=\"2854\" data-end=\"2892\">7. Tarptautinis duomen\u0173 perdavimas<\/strong><\/p>\n<p data-start=\"2894\" data-end=\"3002\">Visi asmens duomenys yra saugomi ir tvarkomi Europos S\u0105jungos teritorijoje. Duomen\u0173 u\u017e ES rib\u0173 neperduodame.<\/p>\n<p data-start=\"3005\" data-end=\"3034\"><strong data-start=\"3005\" data-end=\"3034\">8. J\u016bs\u0173 teis\u0117s pagal BDAR<\/strong><\/p>\n<p data-start=\"3036\" data-end=\"3097\">J\u016bs turite \u0161ias teises, susijusias su j\u016bs\u0173 asmens duomenimis:<\/p>\n<p data-start=\"3099\" data-end=\"3173\">Teis\u0117 susipa\u017einti<br data-start=\"3116\" data-end=\"3119\" \/>Gauti informacij\u0105 apie j\u016bs\u0173 tvarkomus asmens duomenis.<\/p>\n<p data-start=\"3175\" data-end=\"3245\">Teis\u0117 i\u0161taisyti<br data-start=\"3190\" data-end=\"3193\" \/>Pra\u0161yti i\u0161taisyti netikslius ar nei\u0161samius duomenis.<\/p>\n<p data-start=\"3247\" data-end=\"3354\">Teis\u0117 i\u0161trinti<br data-start=\"3261\" data-end=\"3264\" \/>Pra\u0161yti i\u0161trinti j\u016bs\u0173 asmens duomenis, jei tai neprie\u0161tarauja teisiniams \u012fsipareigojimams.<\/p>\n<p data-start=\"3356\" data-end=\"3421\">Teis\u0117 apriboti tvarkym\u0105<br data-start=\"3379\" data-end=\"3382\" \/>Pra\u0161yti apriboti j\u016bs\u0173 duomen\u0173 tvarkym\u0105.<\/p>\n<p data-start=\"3423\" data-end=\"3541\">Teis\u0117 \u012f duomen\u0173 perkeliamum\u0105<br data-start=\"3451\" data-end=\"3454\" \/>Gauti savo duomenis strukt\u016brizuotu, \u012fprastai naudojamu ir kompiuterio skaitomu formatu.<\/p>\n<p data-start=\"3543\" data-end=\"3624\">Teis\u0117 nesutikti<br data-start=\"3558\" data-end=\"3561\" \/>Prie\u0161tarauti tam tikram duomen\u0173 tvarkymui, \u012fskaitant rinkodar\u0105.<\/p>\n<p data-start=\"3626\" data-end=\"3738\">Teis\u0117 at\u0161aukti sutikim\u0105<br data-start=\"3649\" data-end=\"3652\" \/>Bet kuriuo metu at\u0161aukti sutikim\u0105 rinkodarai, nedarant poveikio ankstesniam tvarkymui.<\/p>\n<p data-start=\"3740\" data-end=\"3857\">Teis\u0117 pateikti skund\u0105<br data-start=\"3761\" data-end=\"3764\" \/>Pateikti skund\u0105 prie\u017ei\u016bros institucijai, pavyzd\u017eiui, Estijos vartotoj\u0173 apsaugos institucijai.<\/p>\n<p data-start=\"3859\" data-end=\"3945\">Nor\u0117dami pasinaudoti savo teis\u0117mis, susisiekite su mumis el. pa\u0161tu<br data-start=\"3925\" data-end=\"3928\" \/><a class=\"decorated-link cursor-pointer\" rel=\"noopener\" data-start=\"3928\" data-end=\"3944\">info@senbera.com<\/a>.<\/p>\n<p data-start=\"3948\" data-end=\"3971\"><strong data-start=\"3948\" data-end=\"3971\">9. Duomen\u0173 saugumas<\/strong><\/p>\n<p data-start=\"3973\" data-end=\"4129\">Taikome tinkamas technines ir organizacines priemones, siekdami apsaugoti j\u016bs\u0173 asmens duomenis nuo neteis\u0117tos prieigos, praradimo, pakeitimo ar atskleidimo.<\/p>\n<p data-start=\"4132\" data-end=\"4170\"><strong data-start=\"4132\" data-end=\"4170\">10. Privatumo politikos pakeitimai<\/strong><\/p>\n<p data-start=\"4172\" data-end=\"4358\">Kartais galime atnaujinti \u0161i\u0105 Privatumo politik\u0105. Atnaujinta versija bus paskelbta svetain\u0117je senbera.com, nurodant \u012fsigaliojimo dat\u0105. Rekomenduojame reguliariai per\u017ei\u016br\u0117ti \u0161i\u0105 politik\u0105.<\/p>\n<p data-start=\"4361\" data-end=\"4391\"><strong data-start=\"4361\" data-end=\"4391\">11. Kontaktin\u0117 informacija<\/strong><\/p>\n<p data-start=\"4393\" data-end=\"4520\">Jeigu turite klausim\u0173, pastab\u0173 ar pra\u0161ym\u0173, susijusi\u0173 su \u0161ia Privatumo politika ar j\u016bs\u0173 asmens duomenimis, susisiekite su mumis:<\/p>\n<p data-start=\"4522\" data-end=\"4637\" data-is-last-node=\"\" data-is-only-node=\"\">Xoltra O\u00dc<br data-start=\"4531\" data-end=\"4534\" \/>Harju maakond, Tallinn, Kesklinna linnaosa, Tornim\u00e4e tn 5, 10145, Estija<br data-start=\"4606\" data-end=\"4609\" \/>El. pa\u0161tas: <a class=\"decorated-link cursor-pointer\" rel=\"noopener\" data-start=\"4621\" data-end=\"4637\" data-is-last-node=\"\">info@senbera.com<\/a><\/p>\n<\/div>\n<\/div>\n<\/div>\n<\/div>\n<\/div>\n<\/div>\n\t\t\t\t\t\t\t\t<\/div>\n\t\t\t\t\t<\/div>\n\t\t\t\t<\/div>\n\t\t\t\t<\/div>\n\t\t","protected":false},"excerpt":{"rendered":"<p>\u012esigaliojimo data: 2025-12-12 Xoltra O\u00dc (\u201emes\u201c, \u201em\u016bs\u0173\u201c) gerbia j\u016bs\u0173 privatum\u0105 ir yra \u012fsipareigojusi saugoti j\u016bs\u0173 asmens duomenis. \u0160i Privatumo politika [&hellip;]<\/p>\n","protected":false},"author":1,"featured_media":0,"parent":0,"menu_order":0,"comment_status":"closed","ping_status":"closed","template":"","meta":{"site-sidebar-layout":"default","site-content-layout":"","ast-site-content-layout":"default","site-content-style":"default","site-sidebar-style":"default","ast-global-header-display":"","ast-banner-title-visibility":"","ast-main-header-display":"","ast-hfb-above-header-display":"","ast-hfb-below-header-display":"","ast-hfb-mobile-header-display":"","site-post-title":"","ast-breadcrumbs-content":"","ast-featured-img":"","footer-sml-layout":"","theme-transparent-header-meta":"","adv-header-id-meta":"","stick-header-meta":"","header-above-stick-meta":"","header-main-stick-meta":"","header-below-stick-meta":"","astra-migrate-meta-layouts":"default","ast-page-background-enabled":"default","ast-page-background-meta":{"desktop":{"background-color":"var(--ast-global-color-5)","background-image":"","background-repeat":"repeat","background-position":"center center","background-size":"auto","background-attachment":"scroll","background-type":"","background-media":"","overlay-type":"","overlay-color":"","overlay-opacity":"","overlay-gradient":""},"tablet":{"background-color":"","background-image":"","background-repeat":"repeat","background-position":"center center","background-size":"auto","background-attachment":"scroll","background-type":"","background-media":"","overlay-type":"","overlay-color":"","overlay-opacity":"","overlay-gradient":""},"mobile":{"background-color":"","background-image":"","background-repeat":"repeat","background-position":"center center","background-size":"auto","background-attachment":"scroll","background-type":"","background-media":"","overlay-type":"","overlay-color":"","overlay-opacity":"","overlay-gradient":""}},"ast-content-background-meta":{"desktop":{"background-color":"var(--ast-global-color-4)","background-image":"","background-repeat":"repeat","background-position":"center center","background-size":"auto","background-attachment":"scroll","background-type":"","background-media":"","overlay-type":"","overlay-color":"","overlay-opacity":"","overlay-gradient":""},"tablet":{"background-color":"var(--ast-global-color-4)","background-image":"","background-repeat":"repeat","background-position":"center center","background-size":"auto","background-attachment":"scroll","background-type":"","background-media":"","overlay-type":"","overlay-color":"","overlay-opacity":"","overlay-gradient":""},"mobile":{"background-color":"var(--ast-global-color-4)","background-image":"","background-repeat":"repeat","background-position":"center center","background-size":"auto","background-attachment":"scroll","background-type":"","background-media":"","overlay-type":"","overlay-color":"","overlay-opacity":"","overlay-gradient":""}},"footnotes":""},"class_list":["post-12648","page","type-page","status-publish","hentry"],"yoast_head":"<!-- This site is optimized with the Yoast SEO plugin v26.6 - https:\/\/yoast.com\/wordpress\/plugins\/seo\/ -->\n<title>Privatumo politika - Senbera LT<\/title>\n<meta name=\"robots\" content=\"noindex, follow, max-snippet:-1, max-image-preview:large, max-video-preview:-1\" \/>\n<meta property=\"og:locale\" content=\"lt_LT\" \/>\n<meta property=\"og:type\" content=\"article\" \/>\n<meta property=\"og:title\" content=\"Privatumo politika - Senbera LT\" \/>\n<meta property=\"og:description\" content=\"\u012esigaliojimo data: 2025-12-12 Xoltra O\u00dc (\u201emes\u201c, \u201em\u016bs\u0173\u201c) gerbia j\u016bs\u0173 privatum\u0105 ir yra \u012fsipareigojusi saugoti j\u016bs\u0173 asmens duomenis. \u0160i Privatumo politika [&hellip;]\" \/>\n<meta property=\"og:url\" content=\"https:\/\/senbera.com\/lt\/privatumo-politika\/\" \/>\n<meta property=\"og:site_name\" content=\"Senbera LT\" \/>\n<meta property=\"article:modified_time\" content=\"2026-01-13T13:01:04+00:00\" \/>\n<meta name=\"twitter:card\" content=\"summary_large_image\" \/>\n<meta name=\"twitter:label1\" content=\"Est. reading time\" \/>\n\t<meta name=\"twitter:data1\" content=\"4 minut\u0117s\" \/>\n<script type=\"application\/ld+json\" class=\"yoast-schema-graph\">{\"@context\":\"https:\/\/schema.org\",\"@graph\":[{\"@type\":\"WebPage\",\"@id\":\"https:\/\/senbera.com\/lt\/privatumo-politika\/\",\"url\":\"https:\/\/senbera.com\/lt\/privatumo-politika\/\",\"name\":\"Privatumo politika - Senbera LT\",\"isPartOf\":{\"@id\":\"https:\/\/senbera.com\/lt\/#website\"},\"datePublished\":\"2025-12-05T15:20:08+00:00\",\"dateModified\":\"2026-01-13T13:01:04+00:00\",\"breadcrumb\":{\"@id\":\"https:\/\/senbera.com\/lt\/privatumo-politika\/#breadcrumb\"},\"inLanguage\":\"lt-LT\",\"potentialAction\":[{\"@type\":\"ReadAction\",\"target\":[\"https:\/\/senbera.com\/lt\/privatumo-politika\/\"]}]},{\"@type\":\"BreadcrumbList\",\"@id\":\"https:\/\/senbera.com\/lt\/privatumo-politika\/#breadcrumb\",\"itemListElement\":[{\"@type\":\"ListItem\",\"position\":1,\"name\":\"Home\",\"item\":\"https:\/\/senbera.com\/lt\/\"},{\"@type\":\"ListItem\",\"position\":2,\"name\":\"Privatumo politika\"}]},{\"@type\":\"WebSite\",\"@id\":\"https:\/\/senbera.com\/lt\/#website\",\"url\":\"https:\/\/senbera.com\/lt\/\",\"name\":\"Senbera LT\",\"description\":\"\",\"publisher\":{\"@id\":\"https:\/\/senbera.com\/lt\/#organization\"},\"potentialAction\":[{\"@type\":\"SearchAction\",\"target\":{\"@type\":\"EntryPoint\",\"urlTemplate\":\"https:\/\/senbera.com\/lt\/?s={search_term_string}\"},\"query-input\":{\"@type\":\"PropertyValueSpecification\",\"valueRequired\":true,\"valueName\":\"search_term_string\"}}],\"inLanguage\":\"lt-LT\"},{\"@type\":\"Organization\",\"@id\":\"https:\/\/senbera.com\/lt\/#organization\",\"name\":\"Mekulo\",\"url\":\"https:\/\/senbera.com\/lt\/\",\"logo\":{\"@type\":\"ImageObject\",\"inLanguage\":\"lt-LT\",\"@id\":\"https:\/\/senbera.com\/lt\/#\/schema\/logo\/image\/\",\"url\":\"https:\/\/senbera.com\/lt\/wp-content\/uploads\/sites\/22\/2025\/12\/favicon_mekulo.png\",\"contentUrl\":\"https:\/\/senbera.com\/lt\/wp-content\/uploads\/sites\/22\/2025\/12\/favicon_mekulo.png\",\"width\":50,\"height\":50,\"caption\":\"Mekulo\"},\"image\":{\"@id\":\"https:\/\/senbera.com\/lt\/#\/schema\/logo\/image\/\"}}]}<\/script>\n<!-- \/ Yoast SEO plugin. -->","yoast_head_json":{"title":"Privatumo politika - Senbera LT","robots":{"index":"noindex","follow":"follow","max-snippet":"max-snippet:-1","max-image-preview":"max-image-preview:large","max-video-preview":"max-video-preview:-1"},"og_locale":"lt_LT","og_type":"article","og_title":"Privatumo politika - Senbera LT","og_description":"\u012esigaliojimo data: 2025-12-12 Xoltra O\u00dc (\u201emes\u201c, \u201em\u016bs\u0173\u201c) gerbia j\u016bs\u0173 privatum\u0105 ir yra \u012fsipareigojusi saugoti j\u016bs\u0173 asmens duomenis. \u0160i Privatumo politika [&hellip;]","og_url":"https:\/\/senbera.com\/lt\/privatumo-politika\/","og_site_name":"Senbera LT","article_modified_time":"2026-01-13T13:01:04+00:00","twitter_card":"summary_large_image","twitter_misc":{"Est. reading time":"4 minut\u0117s"},"schema":{"@context":"https:\/\/schema.org","@graph":[{"@type":"WebPage","@id":"https:\/\/senbera.com\/lt\/privatumo-politika\/","url":"https:\/\/senbera.com\/lt\/privatumo-politika\/","name":"Privatumo politika - Senbera LT","isPartOf":{"@id":"https:\/\/senbera.com\/lt\/#website"},"datePublished":"2025-12-05T15:20:08+00:00","dateModified":"2026-01-13T13:01:04+00:00","breadcrumb":{"@id":"https:\/\/senbera.com\/lt\/privatumo-politika\/#breadcrumb"},"inLanguage":"lt-LT","potentialAction":[{"@type":"ReadAction","target":["https:\/\/senbera.com\/lt\/privatumo-politika\/"]}]},{"@type":"BreadcrumbList","@id":"https:\/\/senbera.com\/lt\/privatumo-politika\/#breadcrumb","itemListElement":[{"@type":"ListItem","position":1,"name":"Home","item":"https:\/\/senbera.com\/lt\/"},{"@type":"ListItem","position":2,"name":"Privatumo politika"}]},{"@type":"WebSite","@id":"https:\/\/senbera.com\/lt\/#website","url":"https:\/\/senbera.com\/lt\/","name":"Senbera LT","description":"","publisher":{"@id":"https:\/\/senbera.com\/lt\/#organization"},"potentialAction":[{"@type":"SearchAction","target":{"@type":"EntryPoint","urlTemplate":"https:\/\/senbera.com\/lt\/?s={search_term_string}"},"query-input":{"@type":"PropertyValueSpecification","valueRequired":true,"valueName":"search_term_string"}}],"inLanguage":"lt-LT"},{"@type":"Organization","@id":"https:\/\/senbera.com\/lt\/#organization","name":"Mekulo","url":"https:\/\/senbera.com\/lt\/","logo":{"@type":"ImageObject","inLanguage":"lt-LT","@id":"https:\/\/senbera.com\/lt\/#\/schema\/logo\/image\/","url":"https:\/\/senbera.com\/lt\/wp-content\/uploads\/sites\/22\/2025\/12\/favicon_mekulo.png","contentUrl":"https:\/\/senbera.com\/lt\/wp-content\/uploads\/sites\/22\/2025\/12\/favicon_mekulo.png","width":50,"height":50,"caption":"Mekulo"},"image":{"@id":"https:\/\/senbera.com\/lt\/#\/schema\/logo\/image\/"}}]}},"_links":{"self":[{"href":"https:\/\/senbera.com\/lt\/wp-json\/wp\/v2\/pages\/12648","targetHints":{"allow":["GET"]}}],"collection":[{"href":"https:\/\/senbera.com\/lt\/wp-json\/wp\/v2\/pages"}],"about":[{"href":"https:\/\/senbera.com\/lt\/wp-json\/wp\/v2\/types\/page"}],"author":[{"embeddable":true,"href":"https:\/\/senbera.com\/lt\/wp-json\/wp\/v2\/users\/1"}],"replies":[{"embeddable":true,"href":"https:\/\/senbera.com\/lt\/wp-json\/wp\/v2\/comments?post=12648"}],"version-history":[{"count":8,"href":"https:\/\/senbera.com\/lt\/wp-json\/wp\/v2\/pages\/12648\/revisions"}],"predecessor-version":[{"id":19343,"href":"https:\/\/senbera.com\/lt\/wp-json\/wp\/v2\/pages\/12648\/revisions\/19343"}],"wp:attachment":[{"href":"https:\/\/senbera.com\/lt\/wp-json\/wp\/v2\/media?parent=12648"}],"curies":[{"name":"wp","href":"https:\/\/api.w.org\/{rel}","templated":true}]}}