{"id":21646,"date":"2026-01-20T20:31:41","date_gmt":"2026-01-20T18:31:41","guid":{"rendered":"https:\/\/senbera.com\/fi\/tuote\/lompakko\/"},"modified":"2026-01-20T20:31:50","modified_gmt":"2026-01-20T18:31:50","slug":"lompakko","status":"publish","type":"product","link":"https:\/\/senbera.com\/fi\/tuote\/lompakko\/","title":{"rendered":"Lompakko"},"content":{"rendered":"<p style=\"text-align: center\"><strong><span style=\"font-weight: 400\">\ud83d\udcb3<\/span>Kanna kaikki olennainen yhdess\u00e4 s\u00f6p\u00f6ss\u00e4, kompaktissa lompakossa.<span style=\"font-weight: 400\">\ud83c\udf81<\/span><\/strong><\/p>\n<p style=\"text-align: center\"><span style=\"font-weight: 400\">T\u00e4m\u00e4 miniluottokorttilompakko on suunniteltu pit\u00e4m\u00e4\u00e4n kortit, kolikot ja k\u00e4teinen ja pit\u00e4m\u00e4\u00e4n kaikki turvassa ja j\u00e4rjestyksess\u00e4. Sen hauska muotoilu, tilavat sis\u00e4tilat ja helposti mukana kulkeva koko tekev\u00e4t siit\u00e4 t\u00e4ydellisen p\u00e4ivitt\u00e4iseen k\u00e4ytt\u00f6\u00f6n, matkoille tai lahjaksi.<\/span><\/p>\n<p><img decoding=\"async\" class=\"size-full wp-image-18121 aligncenter\" src=\"https:\/\/keluvo.com\/template\/wp-content\/uploads\/sites\/5\/2025\/05\/wallet-ezgif.com-video-to-webp-converter-1.webp\" alt=\"\" \/><\/p>\n<h2 style=\"text-align: center\">\u2705 T\u00e4rkeimm\u00e4t Edut<\/h2>\n<p><span style=\"font-weight: 400\">\ud83e\uddf5 Kest\u00e4v\u00e4 materiaali &#8211; valmistettu kulutusta kest\u00e4v\u00e4st\u00e4 PU:sta, joka kest\u00e4\u00e4 kulutusta<\/span><span style=\"font-weight: 400\"><br \/>\n<\/span><\/p>\n<p><span style=\"font-weight: 400\">\ud83d\udcb3 Mukaan mahtuu jopa 11 korttia &#8211; pid\u00e4 kaikki t\u00e4rke\u00e4t korttisi yhdess\u00e4 paikassa<\/span><span style=\"font-weight: 400\"><br \/>\n<\/span><\/p>\n<p><span style=\"font-weight: 400\">\ud83d\udc5c Kompakti &amp; kannettava &#8211; mahtuu helposti taskuun tai pieneen laukkuun<\/span><span style=\"font-weight: 400\"><br \/>\n<\/span><\/p>\n<p><span style=\"font-weight: 400\">\ud83d\udd10 Vetoketjullinen muotoilu &#8211; pit\u00e4\u00e4 kortit ja kolikot turvassa<\/span><span style=\"font-weight: 400\"><br \/>\n<\/span><\/p>\n<p><span style=\"font-weight: 400\">\ud83c\udf81 T\u00e4ydellinen lahja &#8211; sopii hyvin syntym\u00e4p\u00e4iville, juhlapyhiin tai erityistilaisuuksiin<\/span><\/p>\n<p><img decoding=\"async\" class=\"size-full wp-image-18127 aligncenter\" src=\"https:\/\/keluvo.com\/template\/wp-content\/uploads\/sites\/5\/2025\/05\/21170ee4-ac84-43c6-b4d8-bb47ab25a998.webp\" alt=\"\" \/><\/p>\n<h2 style=\"text-align: center\">\ud83d\udd04 K\u00e4ytt\u00f6<\/h2>\n<ol>\n<li style=\"font-weight: 400\"><span style=\"font-weight: 400\">Vetoketjulla lompakko aukeaa avataksesi sen.<\/span><span style=\"font-weight: 400\"><br \/>\n<\/span><\/li>\n<li style=\"font-weight: 400\"><span style=\"font-weight: 400\">Aseta korttisi harmonikkatyylisiin aukkoihin.<\/span><span style=\"font-weight: 400\"><br \/>\n<\/span><\/li>\n<li style=\"font-weight: 400\"><span style=\"font-weight: 400\">K\u00e4yt\u00e4 sis\u00e4ist\u00e4 lokeroa kolikoille, k\u00e4teiselle tai pienille tavaroille.<\/span><\/li>\n<li style=\"font-weight: 400\"><span style=\"font-weight: 400\">Sulje lompakko vetoketjulla, jotta kaikki pysyy turvassa ja sit\u00e4 on helppo kuljettaa.<\/span><\/li>\n<\/ol>\n<h2 style=\"text-align: center\">\ud83d\udcd0 Tuotetiedot<\/h2>\n<ul>\n<li style=\"font-weight: 400\"><span style=\"font-weight: 400\">Materiaali: PU-nahka<\/span><span style=\"font-weight: 400\"><br \/>\n<\/span><\/li>\n<li style=\"font-weight: 400\"><span style=\"font-weight: 400\">Koko: 12,4 x 8,2 x 3 cm<\/span><span style=\"font-weight: 400\"><br \/>\n<\/span><\/li>\n<li style=\"font-weight: 400\"><span style=\"font-weight: 400\">Tyyli: harmonikkakorttipaikat vetoketjulla suljettavana<\/span><\/li>\n<li style=\"font-weight: 400\"><span style=\"font-weight: 400\">Kapasiteetti: mahtuu jopa 11 korttia + kolikot<\/span><\/li>\n<\/ul>\n<h2 style=\"text-align: center\">\ud83d\udce6 Pakkaus Sis\u00e4lt\u00e4\u00e4<\/h2>\n<ul>\n<li style=\"font-weight: 400\"><span style=\"font-weight: 400\">1x luottokorttilompakko.<\/span><\/li>\n<\/ul>\n","protected":false},"excerpt":{"rendered":"<p>\ud83d\udcb3Kanna kaikki olennainen yhdess\u00e4 s\u00f6p\u00f6ss\u00e4, kompaktissa lompakossa.\ud83c\udf81 T\u00e4m\u00e4 miniluottokorttilompakko on suunniteltu pit\u00e4m\u00e4\u00e4n kortit, kolikot ja k\u00e4teinen ja pit\u00e4m\u00e4\u00e4n kaikki turvassa [&hellip;]<\/p>\n","protected":false},"featured_media":21642,"comment_status":"open","ping_status":"closed","template":"","meta":{"site-sidebar-layout":"default","site-content-layout":"","ast-site-content-layout":"default","site-content-style":"default","site-sidebar-style":"default","ast-global-header-display":"","ast-banner-title-visibility":"","ast-main-header-display":"","ast-hfb-above-header-display":"","ast-hfb-below-header-display":"","ast-hfb-mobile-header-display":"","site-post-title":"","ast-breadcrumbs-content":"","ast-featured-img":"","footer-sml-layout":"","theme-transparent-header-meta":"default","adv-header-id-meta":"","stick-header-meta":"","header-above-stick-meta":"","header-main-stick-meta":"","header-below-stick-meta":"","astra-migrate-meta-layouts":"set","ast-page-background-enabled":"default","ast-page-background-meta":{"desktop":{"background-color":"var(--ast-global-color-5)","background-image":"","background-repeat":"repeat","background-position":"center center","background-size":"auto","background-attachment":"scroll","background-type":"","background-media":"","overlay-type":"","overlay-color":"","overlay-opacity":"","overlay-gradient":""},"tablet":{"background-color":"","background-image":"","background-repeat":"repeat","background-position":"center center","background-size":"auto","background-attachment":"scroll","background-type":"","background-media":"","overlay-type":"","overlay-color":"","overlay-opacity":"","overlay-gradient":""},"mobile":{"background-color":"","background-image":"","background-repeat":"repeat","background-position":"center center","background-size":"auto","background-attachment":"scroll","background-type":"","background-media":"","overlay-type":"","overlay-color":"","overlay-opacity":"","overlay-gradient":""}},"ast-content-background-meta":{"desktop":{"background-color":"var(--ast-global-color-4)","background-image":"","background-repeat":"repeat","background-position":"center center","background-size":"auto","background-attachment":"scroll","background-type":"","background-media":"","overlay-type":"","overlay-color":"","overlay-opacity":"","overlay-gradient":""},"tablet":{"background-color":"var(--ast-global-color-4)","background-image":"","background-repeat":"repeat","background-position":"center center","background-size":"auto","background-attachment":"scroll","background-type":"","background-media":"","overlay-type":"","overlay-color":"","overlay-opacity":"","overlay-gradient":""},"mobile":{"background-color":"var(--ast-global-color-4)","background-image":"","background-repeat":"repeat","background-position":"center center","background-size":"auto","background-attachment":"scroll","background-type":"","background-media":"","overlay-type":"","overlay-color":"","overlay-opacity":"","overlay-gradient":""}}},"product_brand":[],"product_cat":[15],"product_tag":[],"class_list":{"0":"post-21646","1":"product","2":"type-product","3":"status-publish","4":"has-post-thumbnail","6":"product_cat-luokittelematon","7":"pa_18475_y0i4klf3-harmaa","8":"pa_18475_y0i4klf3-musta","9":"pa_18475_y0i4klf3-punainen","10":"pa_18475_y0i4klf3-vaaleanpunainen","11":"desktop-align-left","12":"tablet-align-left","13":"mobile-align-left","15":"first","16":"instock","17":"shipping-taxable","18":"purchasable","19":"product-type-variable"},"yoast_head":"<!-- This site is optimized with the Yoast SEO plugin v26.6 - https:\/\/yoast.com\/wordpress\/plugins\/seo\/ -->\n<title>Lompakko - Senbera FI<\/title>\n<meta name=\"robots\" content=\"index, follow, max-snippet:-1, max-image-preview:large, max-video-preview:-1\" \/>\n<link rel=\"canonical\" href=\"https:\/\/senbera.com\/fi\/tuote\/lompakko\/\" \/>\n<meta property=\"og:locale\" content=\"fi_FI\" \/>\n<meta property=\"og:type\" content=\"article\" \/>\n<meta property=\"og:title\" content=\"Lompakko - Senbera FI\" \/>\n<meta property=\"og:description\" content=\"\ud83d\udcb3Kanna kaikki olennainen yhdess\u00e4 s\u00f6p\u00f6ss\u00e4, kompaktissa lompakossa.\ud83c\udf81 T\u00e4m\u00e4 miniluottokorttilompakko on suunniteltu pit\u00e4m\u00e4\u00e4n kortit, kolikot ja k\u00e4teinen ja pit\u00e4m\u00e4\u00e4n kaikki turvassa [&hellip;]\" \/>\n<meta property=\"og:url\" content=\"https:\/\/senbera.com\/fi\/tuote\/lompakko\/\" \/>\n<meta property=\"og:site_name\" content=\"Senbera FI\" \/>\n<meta property=\"article:modified_time\" content=\"2026-01-20T18:31:50+00:00\" \/>\n<meta name=\"twitter:card\" content=\"summary_large_image\" \/>\n<meta name=\"twitter:label1\" content=\"Arvioitu lukuaika\" \/>\n\t<meta name=\"twitter:data1\" content=\"1 minuutti\" \/>\n<script type=\"application\/ld+json\" class=\"yoast-schema-graph\">{\"@context\":\"https:\/\/schema.org\",\"@graph\":[{\"@type\":\"WebPage\",\"@id\":\"https:\/\/senbera.com\/fi\/tuote\/lompakko\/\",\"url\":\"https:\/\/senbera.com\/fi\/tuote\/lompakko\/\",\"name\":\"Lompakko - Senbera FI\",\"isPartOf\":{\"@id\":\"https:\/\/senbera.com\/fi\/#website\"},\"primaryImageOfPage\":{\"@id\":\"https:\/\/senbera.com\/fi\/tuote\/lompakko\/#primaryimage\"},\"image\":{\"@id\":\"https:\/\/senbera.com\/fi\/tuote\/lompakko\/#primaryimage\"},\"thumbnailUrl\":\"https:\/\/senbera.com\/fi\/wp-content\/uploads\/sites\/19\/2026\/01\/f4eeork-1.webp\",\"datePublished\":\"2026-01-20T18:31:41+00:00\",\"dateModified\":\"2026-01-20T18:31:50+00:00\",\"breadcrumb\":{\"@id\":\"https:\/\/senbera.com\/fi\/tuote\/lompakko\/#breadcrumb\"},\"inLanguage\":\"fi\",\"potentialAction\":[{\"@type\":\"ReadAction\",\"target\":[\"https:\/\/senbera.com\/fi\/tuote\/lompakko\/\"]}]},{\"@type\":\"ImageObject\",\"inLanguage\":\"fi\",\"@id\":\"https:\/\/senbera.com\/fi\/tuote\/lompakko\/#primaryimage\",\"url\":\"https:\/\/senbera.com\/fi\/wp-content\/uploads\/sites\/19\/2026\/01\/f4eeork-1.webp\",\"contentUrl\":\"https:\/\/senbera.com\/fi\/wp-content\/uploads\/sites\/19\/2026\/01\/f4eeork-1.webp\",\"width\":800,\"height\":800},{\"@type\":\"BreadcrumbList\",\"@id\":\"https:\/\/senbera.com\/fi\/tuote\/lompakko\/#breadcrumb\",\"itemListElement\":[{\"@type\":\"ListItem\",\"position\":1,\"name\":\"Home\",\"item\":\"https:\/\/senbera.com\/fi\/\"},{\"@type\":\"ListItem\",\"position\":2,\"name\":\"Kauppa\",\"item\":\"https:\/\/senbera.com\/fi\/kauppa\/\"},{\"@type\":\"ListItem\",\"position\":3,\"name\":\"Lompakko\"}]},{\"@type\":\"WebSite\",\"@id\":\"https:\/\/senbera.com\/fi\/#website\",\"url\":\"https:\/\/senbera.com\/fi\/\",\"name\":\"Senbera FI\",\"description\":\"\",\"publisher\":{\"@id\":\"https:\/\/senbera.com\/fi\/#organization\"},\"potentialAction\":[{\"@type\":\"SearchAction\",\"target\":{\"@type\":\"EntryPoint\",\"urlTemplate\":\"https:\/\/senbera.com\/fi\/?s={search_term_string}\"},\"query-input\":{\"@type\":\"PropertyValueSpecification\",\"valueRequired\":true,\"valueName\":\"search_term_string\"}}],\"inLanguage\":\"fi\"},{\"@type\":\"Organization\",\"@id\":\"https:\/\/senbera.com\/fi\/#organization\",\"name\":\"Mekulo\",\"url\":\"https:\/\/senbera.com\/fi\/\",\"logo\":{\"@type\":\"ImageObject\",\"inLanguage\":\"fi\",\"@id\":\"https:\/\/senbera.com\/fi\/#\/schema\/logo\/image\/\",\"url\":\"https:\/\/senbera.com\/fi\/wp-content\/uploads\/sites\/19\/2025\/12\/favicon_mekulo.png\",\"contentUrl\":\"https:\/\/senbera.com\/fi\/wp-content\/uploads\/sites\/19\/2025\/12\/favicon_mekulo.png\",\"width\":50,\"height\":50,\"caption\":\"Mekulo\"},\"image\":{\"@id\":\"https:\/\/senbera.com\/fi\/#\/schema\/logo\/image\/\"}}]}<\/script>\n<!-- \/ Yoast SEO plugin. -->","yoast_head_json":{"title":"Lompakko - Senbera FI","robots":{"index":"index","follow":"follow","max-snippet":"max-snippet:-1","max-image-preview":"max-image-preview:large","max-video-preview":"max-video-preview:-1"},"canonical":"https:\/\/senbera.com\/fi\/tuote\/lompakko\/","og_locale":"fi_FI","og_type":"article","og_title":"Lompakko - Senbera FI","og_description":"\ud83d\udcb3Kanna kaikki olennainen yhdess\u00e4 s\u00f6p\u00f6ss\u00e4, kompaktissa lompakossa.\ud83c\udf81 T\u00e4m\u00e4 miniluottokorttilompakko on suunniteltu pit\u00e4m\u00e4\u00e4n kortit, kolikot ja k\u00e4teinen ja pit\u00e4m\u00e4\u00e4n kaikki turvassa [&hellip;]","og_url":"https:\/\/senbera.com\/fi\/tuote\/lompakko\/","og_site_name":"Senbera FI","article_modified_time":"2026-01-20T18:31:50+00:00","twitter_card":"summary_large_image","twitter_misc":{"Arvioitu lukuaika":"1 minuutti"},"schema":{"@context":"https:\/\/schema.org","@graph":[{"@type":"WebPage","@id":"https:\/\/senbera.com\/fi\/tuote\/lompakko\/","url":"https:\/\/senbera.com\/fi\/tuote\/lompakko\/","name":"Lompakko - Senbera FI","isPartOf":{"@id":"https:\/\/senbera.com\/fi\/#website"},"primaryImageOfPage":{"@id":"https:\/\/senbera.com\/fi\/tuote\/lompakko\/#primaryimage"},"image":{"@id":"https:\/\/senbera.com\/fi\/tuote\/lompakko\/#primaryimage"},"thumbnailUrl":"https:\/\/senbera.com\/fi\/wp-content\/uploads\/sites\/19\/2026\/01\/f4eeork-1.webp","datePublished":"2026-01-20T18:31:41+00:00","dateModified":"2026-01-20T18:31:50+00:00","breadcrumb":{"@id":"https:\/\/senbera.com\/fi\/tuote\/lompakko\/#breadcrumb"},"inLanguage":"fi","potentialAction":[{"@type":"ReadAction","target":["https:\/\/senbera.com\/fi\/tuote\/lompakko\/"]}]},{"@type":"ImageObject","inLanguage":"fi","@id":"https:\/\/senbera.com\/fi\/tuote\/lompakko\/#primaryimage","url":"https:\/\/senbera.com\/fi\/wp-content\/uploads\/sites\/19\/2026\/01\/f4eeork-1.webp","contentUrl":"https:\/\/senbera.com\/fi\/wp-content\/uploads\/sites\/19\/2026\/01\/f4eeork-1.webp","width":800,"height":800},{"@type":"BreadcrumbList","@id":"https:\/\/senbera.com\/fi\/tuote\/lompakko\/#breadcrumb","itemListElement":[{"@type":"ListItem","position":1,"name":"Home","item":"https:\/\/senbera.com\/fi\/"},{"@type":"ListItem","position":2,"name":"Kauppa","item":"https:\/\/senbera.com\/fi\/kauppa\/"},{"@type":"ListItem","position":3,"name":"Lompakko"}]},{"@type":"WebSite","@id":"https:\/\/senbera.com\/fi\/#website","url":"https:\/\/senbera.com\/fi\/","name":"Senbera FI","description":"","publisher":{"@id":"https:\/\/senbera.com\/fi\/#organization"},"potentialAction":[{"@type":"SearchAction","target":{"@type":"EntryPoint","urlTemplate":"https:\/\/senbera.com\/fi\/?s={search_term_string}"},"query-input":{"@type":"PropertyValueSpecification","valueRequired":true,"valueName":"search_term_string"}}],"inLanguage":"fi"},{"@type":"Organization","@id":"https:\/\/senbera.com\/fi\/#organization","name":"Mekulo","url":"https:\/\/senbera.com\/fi\/","logo":{"@type":"ImageObject","inLanguage":"fi","@id":"https:\/\/senbera.com\/fi\/#\/schema\/logo\/image\/","url":"https:\/\/senbera.com\/fi\/wp-content\/uploads\/sites\/19\/2025\/12\/favicon_mekulo.png","contentUrl":"https:\/\/senbera.com\/fi\/wp-content\/uploads\/sites\/19\/2025\/12\/favicon_mekulo.png","width":50,"height":50,"caption":"Mekulo"},"image":{"@id":"https:\/\/senbera.com\/fi\/#\/schema\/logo\/image\/"}}]}},"_links":{"self":[{"href":"https:\/\/senbera.com\/fi\/wp-json\/wp\/v2\/product\/21646","targetHints":{"allow":["GET"]}}],"collection":[{"href":"https:\/\/senbera.com\/fi\/wp-json\/wp\/v2\/product"}],"about":[{"href":"https:\/\/senbera.com\/fi\/wp-json\/wp\/v2\/types\/product"}],"replies":[{"embeddable":true,"href":"https:\/\/senbera.com\/fi\/wp-json\/wp\/v2\/comments?post=21646"}],"wp:featuredmedia":[{"embeddable":true,"href":"https:\/\/senbera.com\/fi\/wp-json\/wp\/v2\/media\/21642"}],"wp:attachment":[{"href":"https:\/\/senbera.com\/fi\/wp-json\/wp\/v2\/media?parent=21646"}],"wp:term":[{"taxonomy":"product_brand","embeddable":true,"href":"https:\/\/senbera.com\/fi\/wp-json\/wp\/v2\/product_brand?post=21646"},{"taxonomy":"product_cat","embeddable":true,"href":"https:\/\/senbera.com\/fi\/wp-json\/wp\/v2\/product_cat?post=21646"},{"taxonomy":"product_tag","embeddable":true,"href":"https:\/\/senbera.com\/fi\/wp-json\/wp\/v2\/product_tag?post=21646"}],"curies":[{"name":"wp","href":"https:\/\/api.w.org\/{rel}","templated":true}]}}