{"id":21631,"date":"2026-01-20T20:30:09","date_gmt":"2026-01-20T18:30:09","guid":{"rendered":"https:\/\/senbera.com\/fi\/tuote\/monikayttoinen-kyna\/"},"modified":"2026-01-20T20:30:16","modified_gmt":"2026-01-20T18:30:16","slug":"monikayttoinen-kyna","status":"publish","type":"product","link":"https:\/\/senbera.com\/fi\/tuote\/monikayttoinen-kyna\/","title":{"rendered":"Monik\u00e4ytt\u00f6inen kyn\u00e4"},"content":{"rendered":"<p style=\"text-align: center\"><strong><span style=\"font-weight: 400\">\ud83d\udd8a\ufe0f<\/span>All-in-one-kyn\u00e4, joka kirjoittaa, kiinnitt\u00e4\u00e4, pit\u00e4\u00e4 ja pyyhk\u00e4isee!<span style=\"font-weight: 400\">\ud83d\udd27<\/span><\/strong><\/p>\n<p style=\"text-align: center\"><span style=\"font-weight: 400\">Monitoimikyn\u00e4 on enemm\u00e4n kuin pelkk\u00e4 kyn\u00e4 &#8211; se on minity\u00f6kalupakettisi matkalla. Kyn\u00e4 sis\u00e4lt\u00e4\u00e4 7 sis\u00e4\u00e4nrakennettua ruuvimeisseli\u00e4, puhelimen pidikkeen, kyn\u00e4n ja sile\u00e4n kuulak\u00e4rkikyn\u00e4n, joten se on t\u00e4ydellinen jokap\u00e4iv\u00e4iseen kirjoittamiseen, nopeisiin korjauksiin ja videoiden katseluun ilman k\u00e4si\u00e4. Tarpeeksi pieni kannettavaksi kaikkialle, tarpeeksi tehokas k\u00e4sittelem\u00e4\u00e4n muutakin kuin muistiinpanoja.<\/span><\/p>\n<p><img decoding=\"async\" class=\"size-full wp-image-18163 aligncenter\" src=\"https:\/\/keluvo.com\/template\/wp-content\/uploads\/sites\/5\/2025\/05\/pen-ezgif.com-video-to-webp-converter.webp\" alt=\"\" \/><\/p>\n<h2 style=\"text-align: center\">\u2705 P\u00e4\u00e4asiallinen Benefits<\/h2>\n<p><span style=\"font-weight: 400\">\ud83d\udd8a\ufe0f Kirjoittaa sujuvasti kuin tavallinen kuulak\u00e4rkikyn\u00e4<\/span><span style=\"font-weight: 400\"><br \/>\n<\/span><\/p>\n<p><span style=\"font-weight: 400\">\ud83d\udd27 Sis\u00e4\u00e4nrakennettu ruuvimeisselisarja (7 bitti\u00e4) pieniin korjauksiin<\/span><span style=\"font-weight: 400\"><br \/>\n<\/span><\/p>\n<p><span style=\"font-weight: 400\">\ud83d\udcf1 Puhelinpidikkeen korkki handsfree-videokuvaukseen tai puheluihin<\/span><span style=\"font-weight: 400\"><br \/>\n<\/span><\/p>\n<p><span style=\"font-weight: 400\">\ud83e\udde4 Kosketusn\u00e4yt\u00f6n stylus toimii puhelimissa ja tableteissa<\/span><\/p>\n<p><span style=\"font-weight: 400\">\ud83d\udc5c Pienikokoinen ja kannettava &#8211; mahtuu taskuun tai osoitteeseen bag<\/span><\/p>\n<p><img decoding=\"async\" class=\"size-full wp-image-18167 aligncenter\" src=\"https:\/\/keluvo.com\/template\/wp-content\/uploads\/sites\/5\/2025\/05\/ba41e8c1-3e53-4e91-8c52-a5c95deead74.webp\" alt=\"\" \/><\/p>\n<h2 style=\"text-align: center\">\ud83d\udee0\ufe0f N\u00e4in K\u00e4yt\u00e4t<\/h2>\n<ol>\n<li style=\"font-weight: 400\"><span style=\"font-weight: 400\">K\u00e4yt\u00e4 kyn\u00e4n\u00e4 poistamalla korkki.<\/span><span style=\"font-weight: 400\"><br \/>\n<\/span><\/li>\n<li style=\"font-weight: 400\"><span style=\"font-weight: 400\">K\u00e4\u00e4nn\u00e4 korkki ymp\u00e4ri k\u00e4ytt\u00e4\u00e4ksesi sit\u00e4 puhelintelineen\u00e4.<\/span><span style=\"font-weight: 400\"><br \/>\n<\/span><\/li>\n<li style=\"font-weight: 400\"><span style=\"font-weight: 400\">napauta tai pyyhk\u00e4ise n\u00e4ytt\u00f6\u00e4 stylus-k\u00e4rjell\u00e4.<\/span><span style=\"font-weight: 400\"><br \/>\n<\/span><\/li>\n<li style=\"font-weight: 400\"><span style=\"font-weight: 400\">irrota kyn\u00e4n tynnyri p\u00e4\u00e4st\u00e4ksesi k\u00e4siksi 7 ruuvimeisselin ter\u00e4\u00e4n.<\/span><\/li>\n<li style=\"font-weight: 400\"><span style=\"font-weight: 400\">ty\u00f6nn\u00e4 haluamasi ter\u00e4 kyn\u00e4n magneettik\u00e4rkeen kirist\u00e4\u00e4ksesi tai l\u00f6ys\u00e4t\u00e4ksesi ruuveja.<\/span><\/li>\n<\/ol>\n<h2 style=\"text-align: center\">\ud83d\udcd0 Tuotetiedot<\/h2>\n<ul>\n<li style=\"font-weight: 400\"><span style=\"font-weight: 400\">Pituus: 15 cm<\/span><span style=\"font-weight: 400\"><br \/>\n<\/span><\/li>\n<li style=\"font-weight: 400\"><span style=\"font-weight: 400\">V\u00e4ri: kiilt\u00e4v\u00e4 metalli<\/span><span style=\"font-weight: 400\"><br \/>\n<\/span><\/li>\n<li style=\"font-weight: 400\"><span style=\"font-weight: 400\">Toiminnot: kuulak\u00e4rkikyn\u00e4, puhelimen pidike, stylus, ruuvimeisseli<\/span><span style=\"font-weight: 400\"><br \/>\n<\/span><\/li>\n<li style=\"font-weight: 400\"><span style=\"font-weight: 400\">Pakkauksen mukana: 7 vaihdettavaa ruuvimeisseli\u00e4 (kyn\u00e4n sis\u00e4ll\u00e4)<\/span><span style=\"font-weight: 400\"><br \/>\n<\/span><\/li>\n<li style=\"font-weight: 400\"><span style=\"font-weight: 400\">K\u00e4ytt\u00f6: kotiin, toimistoon, kouluun, matkoille tai h\u00e4t\u00e4tilanteisiin<\/span><\/li>\n<\/ul>\n<h2 style=\"text-align: center\">\ud83d\udce6 Pakkaus Sis\u00e4lt\u00e4\u00e4<\/h2>\n<ul>\n<li style=\"font-weight: 400\"><span style=\"font-weight: 400\">1x monitoimikyn\u00e4, jossa on:<\/span><span style=\"font-weight: 400\"><br \/>\n<\/span><\/p>\n<ul>\n<li style=\"font-weight: 400\"><span style=\"font-weight: 400\">1x kuulak\u00e4rkikyn\u00e4<\/span><span style=\"font-weight: 400\"><br \/>\n<\/span><\/li>\n<li style=\"font-weight: 400\"><span style=\"font-weight: 400\">1x stylus-k\u00e4rki<\/span><span style=\"font-weight: 400\"><br \/>\n<\/span><\/li>\n<li style=\"font-weight: 400\"><span style=\"font-weight: 400\">1x puhelimen pidikkeen korkki<\/span><span style=\"font-weight: 400\"><br \/>\n<\/span><\/li>\n<li style=\"font-weight: 400\"><span style=\"font-weight: 400\">7x ruuvimeisseli\u00e4 (tynnyrin sis\u00e4ll\u00e4)<\/span><\/li>\n<\/ul>\n<\/li>\n<\/ul>\n","protected":false},"excerpt":{"rendered":"<p>\ud83d\udd8a\ufe0fAll-in-one-kyn\u00e4, joka kirjoittaa, kiinnitt\u00e4\u00e4, pit\u00e4\u00e4 ja pyyhk\u00e4isee!\ud83d\udd27 Monitoimikyn\u00e4 on enemm\u00e4n kuin pelkk\u00e4 kyn\u00e4 &#8211; se on minity\u00f6kalupakettisi matkalla. Kyn\u00e4 sis\u00e4lt\u00e4\u00e4 [&hellip;]<\/p>\n","protected":false},"featured_media":21627,"comment_status":"open","ping_status":"closed","template":"","meta":{"site-sidebar-layout":"default","site-content-layout":"","ast-site-content-layout":"default","site-content-style":"default","site-sidebar-style":"default","ast-global-header-display":"","ast-banner-title-visibility":"","ast-main-header-display":"","ast-hfb-above-header-display":"","ast-hfb-below-header-display":"","ast-hfb-mobile-header-display":"","site-post-title":"","ast-breadcrumbs-content":"","ast-featured-img":"","footer-sml-layout":"","ast-disable-related-posts":"","theme-transparent-header-meta":"default","adv-header-id-meta":"","stick-header-meta":"","header-above-stick-meta":"","header-main-stick-meta":"","header-below-stick-meta":"","astra-migrate-meta-layouts":"set","ast-page-background-enabled":"default","ast-page-background-meta":{"desktop":{"background-color":"var(--ast-global-color-5)","background-image":"","background-repeat":"repeat","background-position":"center center","background-size":"auto","background-attachment":"scroll","background-type":"","background-media":"","overlay-type":"","overlay-color":"","overlay-opacity":"","overlay-gradient":""},"tablet":{"background-color":"","background-image":"","background-repeat":"repeat","background-position":"center center","background-size":"auto","background-attachment":"scroll","background-type":"","background-media":"","overlay-type":"","overlay-color":"","overlay-opacity":"","overlay-gradient":""},"mobile":{"background-color":"","background-image":"","background-repeat":"repeat","background-position":"center center","background-size":"auto","background-attachment":"scroll","background-type":"","background-media":"","overlay-type":"","overlay-color":"","overlay-opacity":"","overlay-gradient":""}},"ast-content-background-meta":{"desktop":{"background-color":"var(--ast-global-color-4)","background-image":"","background-repeat":"repeat","background-position":"center center","background-size":"auto","background-attachment":"scroll","background-type":"","background-media":"","overlay-type":"","overlay-color":"","overlay-opacity":"","overlay-gradient":""},"tablet":{"background-color":"var(--ast-global-color-4)","background-image":"","background-repeat":"repeat","background-position":"center center","background-size":"auto","background-attachment":"scroll","background-type":"","background-media":"","overlay-type":"","overlay-color":"","overlay-opacity":"","overlay-gradient":""},"mobile":{"background-color":"var(--ast-global-color-4)","background-image":"","background-repeat":"repeat","background-position":"center center","background-size":"auto","background-attachment":"scroll","background-type":"","background-media":"","overlay-type":"","overlay-color":"","overlay-opacity":"","overlay-gradient":""}}},"product_brand":[],"product_cat":[15],"product_tag":[],"class_list":{"0":"post-21631","1":"product","2":"type-product","3":"status-publish","4":"has-post-thumbnail","6":"product_cat-luokittelematon","7":"pa_23601_vmcbyycd-musta","8":"pa_23601_vmcbyycd-punainen","9":"pa_23601_vmcbyycd-sininen","10":"desktop-align-left","11":"tablet-align-left","12":"mobile-align-left","14":"first","15":"instock","16":"shipping-taxable","17":"purchasable","18":"product-type-variable"},"yoast_head":"<!-- This site is optimized with the Yoast SEO plugin v27.4 - https:\/\/yoast.com\/product\/yoast-seo-wordpress\/ -->\n<title>Monik\u00e4ytt\u00f6inen kyn\u00e4 - Senbera FI<\/title>\n<meta name=\"robots\" content=\"index, follow, max-snippet:-1, max-image-preview:large, max-video-preview:-1\" \/>\n<link rel=\"canonical\" href=\"https:\/\/senbera.com\/fi\/tuote\/monikayttoinen-kyna\/\" \/>\n<meta property=\"og:locale\" content=\"fi_FI\" \/>\n<meta property=\"og:type\" content=\"article\" \/>\n<meta property=\"og:title\" content=\"Monik\u00e4ytt\u00f6inen kyn\u00e4 - Senbera FI\" \/>\n<meta property=\"og:description\" content=\"\ud83d\udd8a\ufe0fAll-in-one-kyn\u00e4, joka kirjoittaa, kiinnitt\u00e4\u00e4, pit\u00e4\u00e4 ja pyyhk\u00e4isee!\ud83d\udd27 Monitoimikyn\u00e4 on enemm\u00e4n kuin pelkk\u00e4 kyn\u00e4 &#8211; se on minity\u00f6kalupakettisi matkalla. Kyn\u00e4 sis\u00e4lt\u00e4\u00e4 [&hellip;]\" \/>\n<meta property=\"og:url\" content=\"https:\/\/senbera.com\/fi\/tuote\/monikayttoinen-kyna\/\" \/>\n<meta property=\"og:site_name\" content=\"Senbera FI\" \/>\n<meta property=\"article:modified_time\" content=\"2026-01-20T18:30:16+00:00\" \/>\n<meta name=\"twitter:card\" content=\"summary_large_image\" \/>\n<meta name=\"twitter:label1\" content=\"Arvioitu lukuaika\" \/>\n\t<meta name=\"twitter:data1\" content=\"1 minuutti\" \/>\n<script type=\"application\/ld+json\" class=\"yoast-schema-graph\">{\"@context\":\"https:\\\/\\\/schema.org\",\"@graph\":[{\"@type\":\"WebPage\",\"@id\":\"https:\\\/\\\/senbera.com\\\/fi\\\/tuote\\\/monikayttoinen-kyna\\\/\",\"url\":\"https:\\\/\\\/senbera.com\\\/fi\\\/tuote\\\/monikayttoinen-kyna\\\/\",\"name\":\"Monik\u00e4ytt\u00f6inen kyn\u00e4 - Senbera FI\",\"isPartOf\":{\"@id\":\"https:\\\/\\\/senbera.com\\\/fi\\\/#website\"},\"primaryImageOfPage\":{\"@id\":\"https:\\\/\\\/senbera.com\\\/fi\\\/tuote\\\/monikayttoinen-kyna\\\/#primaryimage\"},\"image\":{\"@id\":\"https:\\\/\\\/senbera.com\\\/fi\\\/tuote\\\/monikayttoinen-kyna\\\/#primaryimage\"},\"thumbnailUrl\":\"https:\\\/\\\/senbera.com\\\/fi\\\/wp-content\\\/uploads\\\/sites\\\/19\\\/2026\\\/01\\\/slrw6h8-1.webp\",\"datePublished\":\"2026-01-20T18:30:09+00:00\",\"dateModified\":\"2026-01-20T18:30:16+00:00\",\"breadcrumb\":{\"@id\":\"https:\\\/\\\/senbera.com\\\/fi\\\/tuote\\\/monikayttoinen-kyna\\\/#breadcrumb\"},\"inLanguage\":\"fi\",\"potentialAction\":[{\"@type\":\"ReadAction\",\"target\":[\"https:\\\/\\\/senbera.com\\\/fi\\\/tuote\\\/monikayttoinen-kyna\\\/\"]}]},{\"@type\":\"ImageObject\",\"inLanguage\":\"fi\",\"@id\":\"https:\\\/\\\/senbera.com\\\/fi\\\/tuote\\\/monikayttoinen-kyna\\\/#primaryimage\",\"url\":\"https:\\\/\\\/senbera.com\\\/fi\\\/wp-content\\\/uploads\\\/sites\\\/19\\\/2026\\\/01\\\/slrw6h8-1.webp\",\"contentUrl\":\"https:\\\/\\\/senbera.com\\\/fi\\\/wp-content\\\/uploads\\\/sites\\\/19\\\/2026\\\/01\\\/slrw6h8-1.webp\",\"width\":480,\"height\":480},{\"@type\":\"BreadcrumbList\",\"@id\":\"https:\\\/\\\/senbera.com\\\/fi\\\/tuote\\\/monikayttoinen-kyna\\\/#breadcrumb\",\"itemListElement\":[{\"@type\":\"ListItem\",\"position\":1,\"name\":\"Home\",\"item\":\"https:\\\/\\\/senbera.com\\\/fi\\\/\"},{\"@type\":\"ListItem\",\"position\":2,\"name\":\"Kauppa\",\"item\":\"https:\\\/\\\/senbera.com\\\/fi\\\/kauppa\\\/\"},{\"@type\":\"ListItem\",\"position\":3,\"name\":\"Monik\u00e4ytt\u00f6inen kyn\u00e4\"}]},{\"@type\":\"WebSite\",\"@id\":\"https:\\\/\\\/senbera.com\\\/fi\\\/#website\",\"url\":\"https:\\\/\\\/senbera.com\\\/fi\\\/\",\"name\":\"Senbera FI\",\"description\":\"\",\"publisher\":{\"@id\":\"https:\\\/\\\/senbera.com\\\/fi\\\/#organization\"},\"potentialAction\":[{\"@type\":\"SearchAction\",\"target\":{\"@type\":\"EntryPoint\",\"urlTemplate\":\"https:\\\/\\\/senbera.com\\\/fi\\\/?s={search_term_string}\"},\"query-input\":{\"@type\":\"PropertyValueSpecification\",\"valueRequired\":true,\"valueName\":\"search_term_string\"}}],\"inLanguage\":\"fi\"},{\"@type\":\"Organization\",\"@id\":\"https:\\\/\\\/senbera.com\\\/fi\\\/#organization\",\"name\":\"Mekulo\",\"url\":\"https:\\\/\\\/senbera.com\\\/fi\\\/\",\"logo\":{\"@type\":\"ImageObject\",\"inLanguage\":\"fi\",\"@id\":\"https:\\\/\\\/senbera.com\\\/fi\\\/#\\\/schema\\\/logo\\\/image\\\/\",\"url\":\"https:\\\/\\\/senbera.com\\\/fi\\\/wp-content\\\/uploads\\\/sites\\\/19\\\/2025\\\/12\\\/favicon_mekulo.png\",\"contentUrl\":\"https:\\\/\\\/senbera.com\\\/fi\\\/wp-content\\\/uploads\\\/sites\\\/19\\\/2025\\\/12\\\/favicon_mekulo.png\",\"width\":50,\"height\":50,\"caption\":\"Mekulo\"},\"image\":{\"@id\":\"https:\\\/\\\/senbera.com\\\/fi\\\/#\\\/schema\\\/logo\\\/image\\\/\"}}]}<\/script>\n<!-- \/ Yoast SEO plugin. -->","yoast_head_json":{"title":"Monik\u00e4ytt\u00f6inen kyn\u00e4 - Senbera FI","robots":{"index":"index","follow":"follow","max-snippet":"max-snippet:-1","max-image-preview":"max-image-preview:large","max-video-preview":"max-video-preview:-1"},"canonical":"https:\/\/senbera.com\/fi\/tuote\/monikayttoinen-kyna\/","og_locale":"fi_FI","og_type":"article","og_title":"Monik\u00e4ytt\u00f6inen kyn\u00e4 - Senbera FI","og_description":"\ud83d\udd8a\ufe0fAll-in-one-kyn\u00e4, joka kirjoittaa, kiinnitt\u00e4\u00e4, pit\u00e4\u00e4 ja pyyhk\u00e4isee!\ud83d\udd27 Monitoimikyn\u00e4 on enemm\u00e4n kuin pelkk\u00e4 kyn\u00e4 &#8211; se on minity\u00f6kalupakettisi matkalla. Kyn\u00e4 sis\u00e4lt\u00e4\u00e4 [&hellip;]","og_url":"https:\/\/senbera.com\/fi\/tuote\/monikayttoinen-kyna\/","og_site_name":"Senbera FI","article_modified_time":"2026-01-20T18:30:16+00:00","twitter_card":"summary_large_image","twitter_misc":{"Arvioitu lukuaika":"1 minuutti"},"schema":{"@context":"https:\/\/schema.org","@graph":[{"@type":"WebPage","@id":"https:\/\/senbera.com\/fi\/tuote\/monikayttoinen-kyna\/","url":"https:\/\/senbera.com\/fi\/tuote\/monikayttoinen-kyna\/","name":"Monik\u00e4ytt\u00f6inen kyn\u00e4 - Senbera FI","isPartOf":{"@id":"https:\/\/senbera.com\/fi\/#website"},"primaryImageOfPage":{"@id":"https:\/\/senbera.com\/fi\/tuote\/monikayttoinen-kyna\/#primaryimage"},"image":{"@id":"https:\/\/senbera.com\/fi\/tuote\/monikayttoinen-kyna\/#primaryimage"},"thumbnailUrl":"https:\/\/senbera.com\/fi\/wp-content\/uploads\/sites\/19\/2026\/01\/slrw6h8-1.webp","datePublished":"2026-01-20T18:30:09+00:00","dateModified":"2026-01-20T18:30:16+00:00","breadcrumb":{"@id":"https:\/\/senbera.com\/fi\/tuote\/monikayttoinen-kyna\/#breadcrumb"},"inLanguage":"fi","potentialAction":[{"@type":"ReadAction","target":["https:\/\/senbera.com\/fi\/tuote\/monikayttoinen-kyna\/"]}]},{"@type":"ImageObject","inLanguage":"fi","@id":"https:\/\/senbera.com\/fi\/tuote\/monikayttoinen-kyna\/#primaryimage","url":"https:\/\/senbera.com\/fi\/wp-content\/uploads\/sites\/19\/2026\/01\/slrw6h8-1.webp","contentUrl":"https:\/\/senbera.com\/fi\/wp-content\/uploads\/sites\/19\/2026\/01\/slrw6h8-1.webp","width":480,"height":480},{"@type":"BreadcrumbList","@id":"https:\/\/senbera.com\/fi\/tuote\/monikayttoinen-kyna\/#breadcrumb","itemListElement":[{"@type":"ListItem","position":1,"name":"Home","item":"https:\/\/senbera.com\/fi\/"},{"@type":"ListItem","position":2,"name":"Kauppa","item":"https:\/\/senbera.com\/fi\/kauppa\/"},{"@type":"ListItem","position":3,"name":"Monik\u00e4ytt\u00f6inen kyn\u00e4"}]},{"@type":"WebSite","@id":"https:\/\/senbera.com\/fi\/#website","url":"https:\/\/senbera.com\/fi\/","name":"Senbera FI","description":"","publisher":{"@id":"https:\/\/senbera.com\/fi\/#organization"},"potentialAction":[{"@type":"SearchAction","target":{"@type":"EntryPoint","urlTemplate":"https:\/\/senbera.com\/fi\/?s={search_term_string}"},"query-input":{"@type":"PropertyValueSpecification","valueRequired":true,"valueName":"search_term_string"}}],"inLanguage":"fi"},{"@type":"Organization","@id":"https:\/\/senbera.com\/fi\/#organization","name":"Mekulo","url":"https:\/\/senbera.com\/fi\/","logo":{"@type":"ImageObject","inLanguage":"fi","@id":"https:\/\/senbera.com\/fi\/#\/schema\/logo\/image\/","url":"https:\/\/senbera.com\/fi\/wp-content\/uploads\/sites\/19\/2025\/12\/favicon_mekulo.png","contentUrl":"https:\/\/senbera.com\/fi\/wp-content\/uploads\/sites\/19\/2025\/12\/favicon_mekulo.png","width":50,"height":50,"caption":"Mekulo"},"image":{"@id":"https:\/\/senbera.com\/fi\/#\/schema\/logo\/image\/"}}]}},"_links":{"self":[{"href":"https:\/\/senbera.com\/fi\/wp-json\/wp\/v2\/product\/21631","targetHints":{"allow":["GET"]}}],"collection":[{"href":"https:\/\/senbera.com\/fi\/wp-json\/wp\/v2\/product"}],"about":[{"href":"https:\/\/senbera.com\/fi\/wp-json\/wp\/v2\/types\/product"}],"replies":[{"embeddable":true,"href":"https:\/\/senbera.com\/fi\/wp-json\/wp\/v2\/comments?post=21631"}],"wp:featuredmedia":[{"embeddable":true,"href":"https:\/\/senbera.com\/fi\/wp-json\/wp\/v2\/media\/21627"}],"wp:attachment":[{"href":"https:\/\/senbera.com\/fi\/wp-json\/wp\/v2\/media?parent=21631"}],"wp:term":[{"taxonomy":"product_brand","embeddable":true,"href":"https:\/\/senbera.com\/fi\/wp-json\/wp\/v2\/product_brand?post=21631"},{"taxonomy":"product_cat","embeddable":true,"href":"https:\/\/senbera.com\/fi\/wp-json\/wp\/v2\/product_cat?post=21631"},{"taxonomy":"product_tag","embeddable":true,"href":"https:\/\/senbera.com\/fi\/wp-json\/wp\/v2\/product_tag?post=21631"}],"curies":[{"name":"wp","href":"https:\/\/api.w.org\/{rel}","templated":true}]}}