{"id":21581,"date":"2026-01-20T20:25:48","date_gmt":"2026-01-20T18:25:48","guid":{"rendered":"https:\/\/senbera.com\/fi\/tuote\/puhdistustikut\/"},"modified":"2026-01-20T20:25:57","modified_gmt":"2026-01-20T18:25:57","slug":"puhdistustikut","status":"publish","type":"product","link":"https:\/\/senbera.com\/fi\/tuote\/puhdistustikut\/","title":{"rendered":"Puhdistustikut"},"content":{"rendered":"<p style=\"text-align: center\"><strong><span style=\"font-weight: 400\">\ud83d\udca7<\/span>Est\u00e4 tukkeutuneet viem\u00e4rit ja pahat hajut vain yhdell\u00e4 tikulla kuukaudessa.<span style=\"font-weight: 400\">\ud83e\uddfc <\/span><\/strong><\/p>\n<p style=\"text-align: center\"><span style=\"font-weight: 400\">N\u00e4m\u00e4 puhdistustikut ovat yksinkertainen ja tehokas tapa pit\u00e4\u00e4 viem\u00e4rit vapaina. Pudota vain tikku lavuaariin, ammeeseen tai suihkuviem\u00e4riin, ja se hajottaa rasvan, ruoan ja lian ja pys\u00e4ytt\u00e4\u00e4 hajut ennen kuin ne alkavat. N\u00e4m\u00e4 entsyymitoimiset tikut ovat turvallisia kaikentyyppisille putkistoille ja septisille j\u00e4rjestelmille, ja ne s\u00e4\u00e4st\u00e4v\u00e4t aikaa, rahaa ja sotkuisia puhdistust\u00f6it\u00e4.<\/span><\/p>\n<p><img decoding=\"async\" class=\"size-full wp-image-18214 aligncenter\" src=\"https:\/\/keluvo.com\/template\/wp-content\/uploads\/sites\/5\/2025\/05\/pJgON11Pje9fKcGqdQkN-ezgif.com-video-to-webp-converter-1.webp\" alt=\"\" \/><\/p>\n<h2 style=\"text-align: center\">\u2705 T\u00e4rkeimm\u00e4t Edut<\/h2>\n<p><span style=\"font-weight: 400\">\ud83d\udca7 Avaan ja puhdistan viem\u00e4rit hajottamalla rasvaa, ruokaa ja likaa<\/span><span style=\"font-weight: 400\"><br \/>\n<\/span><\/p>\n<p><span style=\"font-weight: 400\">\ud83c\udf31 Ymp\u00e4rist\u00f6yst\u00e4v\u00e4lliset entsyymit turvallisia kaikille putkille ja septitankeille<\/span><span style=\"font-weight: 400\"><br \/>\n<\/span><\/p>\n<p><span style=\"font-weight: 400\">\ud83e\uddfc Poistaa hajut pit\u00e4\u00e4kseen keitti\u00f6n ja kylpyhuoneen fresh<\/span><span style=\"font-weight: 400\"><br \/>\n<\/span><\/p>\n<p><span style=\"font-weight: 400\">\ud83d\uddd3\ufe0f Pitk\u00e4ik\u00e4inen- vain yksi tikku viem\u00e4ri\u00e4 kohden kuukaudessa<\/span><\/p>\n<p><span style=\"font-weight: 400\">\ud83d\udd12 Kompakti &amp; helppo k\u00e4ytt\u00e4\u00e4-ei tarvita ty\u00f6kaluja tai kemikaaleja<\/span><\/p>\n<p><img decoding=\"async\" class=\"size-full wp-image-18215 aligncenter\" src=\"https:\/\/keluvo.com\/template\/wp-content\/uploads\/sites\/5\/2025\/05\/0826545f-17e5-456e-bb62-90839c7eb7a4.webp\" alt=\"\" \/><\/p>\n<h2 style=\"text-align: center\">\ud83e\udded K\u00e4ytt\u00f6ohje<\/h2>\n<ol>\n<li style=\"font-weight: 400\"><span style=\"font-weight: 400\">Tarvitse yksi tikku pakkauksesta.<\/span><span style=\"font-weight: 400\"><br \/>\n<\/span><\/li>\n<li style=\"font-weight: 400\"><span style=\"font-weight: 400\">Pudota se suoraan viem\u00e4riin.<\/span><span style=\"font-weight: 400\"><br \/>\n<\/span><\/li>\n<li style=\"font-weight: 400\"><span style=\"font-weight: 400\">Anna sen vaikuttaa &#8211; sit\u00e4 ei tarvitse koskettaa tai poistaa.<\/span><\/li>\n<li style=\"font-weight: 400\"><span style=\"font-weight: 400\">Toista kuukausittain parhaan tuloksen saamiseksi.<\/span><\/li>\n<\/ol>\n<h2 style=\"text-align: center\">\ud83d\udcd0 Tuotetiedot<\/h2>\n<ul>\n<li style=\"font-weight: 400\"><span style=\"font-weight: 400\">Muoto: ohut ja sylinterim\u00e4inen, jotta se on helppo asentaa<\/span><span style=\"font-weight: 400\"><br \/>\n<\/span><\/li>\n<li style=\"font-weight: 400\"><span style=\"font-weight: 400\">Ainesosat: luonnollinen entsyymisekoitus<\/span><\/li>\n<li style=\"font-weight: 400\"><span style=\"font-weight: 400\">Turvallinen: kaikille putkille, lavuaareille, ammeille ja sakokaivoille<\/span><\/li>\n<\/ul>\n<h2 style=\"text-align: center\">\ud83d\udce6 Pakkaus Sis\u00e4lt\u00e4\u00e4<\/h2>\n<ul>\n<li style=\"font-weight: 400\"><span style=\"font-weight: 400\">12x puhdistuspuikkoa.<\/span><\/li>\n<\/ul>\n<p>&nbsp;<\/p>\n","protected":false},"excerpt":{"rendered":"<p>\ud83d\udca7Est\u00e4 tukkeutuneet viem\u00e4rit ja pahat hajut vain yhdell\u00e4 tikulla kuukaudessa.\ud83e\uddfc N\u00e4m\u00e4 puhdistustikut ovat yksinkertainen ja tehokas tapa pit\u00e4\u00e4 viem\u00e4rit vapaina. [&hellip;]<\/p>\n","protected":false},"featured_media":21577,"comment_status":"open","ping_status":"closed","template":"","meta":{"site-sidebar-layout":"default","site-content-layout":"","ast-site-content-layout":"default","site-content-style":"default","site-sidebar-style":"default","ast-global-header-display":"","ast-banner-title-visibility":"","ast-main-header-display":"","ast-hfb-above-header-display":"","ast-hfb-below-header-display":"","ast-hfb-mobile-header-display":"","site-post-title":"","ast-breadcrumbs-content":"","ast-featured-img":"","footer-sml-layout":"","theme-transparent-header-meta":"default","adv-header-id-meta":"","stick-header-meta":"","header-above-stick-meta":"","header-main-stick-meta":"","header-below-stick-meta":"","astra-migrate-meta-layouts":"set","ast-page-background-enabled":"default","ast-page-background-meta":{"desktop":{"background-color":"var(--ast-global-color-5)","background-image":"","background-repeat":"repeat","background-position":"center center","background-size":"auto","background-attachment":"scroll","background-type":"","background-media":"","overlay-type":"","overlay-color":"","overlay-opacity":"","overlay-gradient":""},"tablet":{"background-color":"","background-image":"","background-repeat":"repeat","background-position":"center center","background-size":"auto","background-attachment":"scroll","background-type":"","background-media":"","overlay-type":"","overlay-color":"","overlay-opacity":"","overlay-gradient":""},"mobile":{"background-color":"","background-image":"","background-repeat":"repeat","background-position":"center center","background-size":"auto","background-attachment":"scroll","background-type":"","background-media":"","overlay-type":"","overlay-color":"","overlay-opacity":"","overlay-gradient":""}},"ast-content-background-meta":{"desktop":{"background-color":"var(--ast-global-color-4)","background-image":"","background-repeat":"repeat","background-position":"center center","background-size":"auto","background-attachment":"scroll","background-type":"","background-media":"","overlay-type":"","overlay-color":"","overlay-opacity":"","overlay-gradient":""},"tablet":{"background-color":"var(--ast-global-color-4)","background-image":"","background-repeat":"repeat","background-position":"center center","background-size":"auto","background-attachment":"scroll","background-type":"","background-media":"","overlay-type":"","overlay-color":"","overlay-opacity":"","overlay-gradient":""},"mobile":{"background-color":"var(--ast-global-color-4)","background-image":"","background-repeat":"repeat","background-position":"center center","background-size":"auto","background-attachment":"scroll","background-type":"","background-media":"","overlay-type":"","overlay-color":"","overlay-opacity":"","overlay-gradient":""}}},"product_brand":[],"product_cat":[15],"product_tag":[],"class_list":{"0":"post-21581","1":"product","2":"type-product","3":"status-publish","4":"has-post-thumbnail","6":"product_cat-luokittelematon","7":"pa_21644_2z303srn-jasmine","8":"pa_21644_2z303srn-laventeli","9":"pa_21644_2z303srn-ocean","10":"pa_21644_2z303srn-sitruuna","11":"desktop-align-left","12":"tablet-align-left","13":"mobile-align-left","15":"first","16":"instock","17":"shipping-taxable","18":"purchasable","19":"product-type-variable"},"yoast_head":"<!-- This site is optimized with the Yoast SEO plugin v26.6 - https:\/\/yoast.com\/wordpress\/plugins\/seo\/ -->\n<title>Puhdistustikut - Senbera FI<\/title>\n<meta name=\"robots\" content=\"index, follow, max-snippet:-1, max-image-preview:large, max-video-preview:-1\" \/>\n<link rel=\"canonical\" href=\"https:\/\/senbera.com\/fi\/tuote\/puhdistustikut\/\" \/>\n<meta property=\"og:locale\" content=\"fi_FI\" \/>\n<meta property=\"og:type\" content=\"article\" \/>\n<meta property=\"og:title\" content=\"Puhdistustikut - Senbera FI\" \/>\n<meta property=\"og:description\" content=\"\ud83d\udca7Est\u00e4 tukkeutuneet viem\u00e4rit ja pahat hajut vain yhdell\u00e4 tikulla kuukaudessa.\ud83e\uddfc N\u00e4m\u00e4 puhdistustikut ovat yksinkertainen ja tehokas tapa pit\u00e4\u00e4 viem\u00e4rit vapaina. [&hellip;]\" \/>\n<meta property=\"og:url\" content=\"https:\/\/senbera.com\/fi\/tuote\/puhdistustikut\/\" \/>\n<meta property=\"og:site_name\" content=\"Senbera FI\" \/>\n<meta property=\"article:modified_time\" content=\"2026-01-20T18:25:57+00:00\" \/>\n<meta name=\"twitter:card\" content=\"summary_large_image\" \/>\n<meta name=\"twitter:label1\" content=\"Arvioitu lukuaika\" \/>\n\t<meta name=\"twitter:data1\" content=\"1 minuutti\" \/>\n<script type=\"application\/ld+json\" class=\"yoast-schema-graph\">{\"@context\":\"https:\/\/schema.org\",\"@graph\":[{\"@type\":\"WebPage\",\"@id\":\"https:\/\/senbera.com\/fi\/tuote\/puhdistustikut\/\",\"url\":\"https:\/\/senbera.com\/fi\/tuote\/puhdistustikut\/\",\"name\":\"Puhdistustikut - Senbera FI\",\"isPartOf\":{\"@id\":\"https:\/\/senbera.com\/fi\/#website\"},\"primaryImageOfPage\":{\"@id\":\"https:\/\/senbera.com\/fi\/tuote\/puhdistustikut\/#primaryimage\"},\"image\":{\"@id\":\"https:\/\/senbera.com\/fi\/tuote\/puhdistustikut\/#primaryimage\"},\"thumbnailUrl\":\"https:\/\/senbera.com\/fi\/wp-content\/uploads\/sites\/19\/2026\/01\/rierakm-1.webp\",\"datePublished\":\"2026-01-20T18:25:48+00:00\",\"dateModified\":\"2026-01-20T18:25:57+00:00\",\"breadcrumb\":{\"@id\":\"https:\/\/senbera.com\/fi\/tuote\/puhdistustikut\/#breadcrumb\"},\"inLanguage\":\"fi\",\"potentialAction\":[{\"@type\":\"ReadAction\",\"target\":[\"https:\/\/senbera.com\/fi\/tuote\/puhdistustikut\/\"]}]},{\"@type\":\"ImageObject\",\"inLanguage\":\"fi\",\"@id\":\"https:\/\/senbera.com\/fi\/tuote\/puhdistustikut\/#primaryimage\",\"url\":\"https:\/\/senbera.com\/fi\/wp-content\/uploads\/sites\/19\/2026\/01\/rierakm-1.webp\",\"contentUrl\":\"https:\/\/senbera.com\/fi\/wp-content\/uploads\/sites\/19\/2026\/01\/rierakm-1.webp\",\"width\":620,\"height\":620},{\"@type\":\"BreadcrumbList\",\"@id\":\"https:\/\/senbera.com\/fi\/tuote\/puhdistustikut\/#breadcrumb\",\"itemListElement\":[{\"@type\":\"ListItem\",\"position\":1,\"name\":\"Home\",\"item\":\"https:\/\/senbera.com\/fi\/\"},{\"@type\":\"ListItem\",\"position\":2,\"name\":\"Kauppa\",\"item\":\"https:\/\/senbera.com\/fi\/kauppa\/\"},{\"@type\":\"ListItem\",\"position\":3,\"name\":\"Puhdistustikut\"}]},{\"@type\":\"WebSite\",\"@id\":\"https:\/\/senbera.com\/fi\/#website\",\"url\":\"https:\/\/senbera.com\/fi\/\",\"name\":\"Senbera FI\",\"description\":\"\",\"publisher\":{\"@id\":\"https:\/\/senbera.com\/fi\/#organization\"},\"potentialAction\":[{\"@type\":\"SearchAction\",\"target\":{\"@type\":\"EntryPoint\",\"urlTemplate\":\"https:\/\/senbera.com\/fi\/?s={search_term_string}\"},\"query-input\":{\"@type\":\"PropertyValueSpecification\",\"valueRequired\":true,\"valueName\":\"search_term_string\"}}],\"inLanguage\":\"fi\"},{\"@type\":\"Organization\",\"@id\":\"https:\/\/senbera.com\/fi\/#organization\",\"name\":\"Mekulo\",\"url\":\"https:\/\/senbera.com\/fi\/\",\"logo\":{\"@type\":\"ImageObject\",\"inLanguage\":\"fi\",\"@id\":\"https:\/\/senbera.com\/fi\/#\/schema\/logo\/image\/\",\"url\":\"https:\/\/senbera.com\/fi\/wp-content\/uploads\/sites\/19\/2025\/12\/favicon_mekulo.png\",\"contentUrl\":\"https:\/\/senbera.com\/fi\/wp-content\/uploads\/sites\/19\/2025\/12\/favicon_mekulo.png\",\"width\":50,\"height\":50,\"caption\":\"Mekulo\"},\"image\":{\"@id\":\"https:\/\/senbera.com\/fi\/#\/schema\/logo\/image\/\"}}]}<\/script>\n<!-- \/ Yoast SEO plugin. -->","yoast_head_json":{"title":"Puhdistustikut - Senbera FI","robots":{"index":"index","follow":"follow","max-snippet":"max-snippet:-1","max-image-preview":"max-image-preview:large","max-video-preview":"max-video-preview:-1"},"canonical":"https:\/\/senbera.com\/fi\/tuote\/puhdistustikut\/","og_locale":"fi_FI","og_type":"article","og_title":"Puhdistustikut - Senbera FI","og_description":"\ud83d\udca7Est\u00e4 tukkeutuneet viem\u00e4rit ja pahat hajut vain yhdell\u00e4 tikulla kuukaudessa.\ud83e\uddfc N\u00e4m\u00e4 puhdistustikut ovat yksinkertainen ja tehokas tapa pit\u00e4\u00e4 viem\u00e4rit vapaina. [&hellip;]","og_url":"https:\/\/senbera.com\/fi\/tuote\/puhdistustikut\/","og_site_name":"Senbera FI","article_modified_time":"2026-01-20T18:25:57+00:00","twitter_card":"summary_large_image","twitter_misc":{"Arvioitu lukuaika":"1 minuutti"},"schema":{"@context":"https:\/\/schema.org","@graph":[{"@type":"WebPage","@id":"https:\/\/senbera.com\/fi\/tuote\/puhdistustikut\/","url":"https:\/\/senbera.com\/fi\/tuote\/puhdistustikut\/","name":"Puhdistustikut - Senbera FI","isPartOf":{"@id":"https:\/\/senbera.com\/fi\/#website"},"primaryImageOfPage":{"@id":"https:\/\/senbera.com\/fi\/tuote\/puhdistustikut\/#primaryimage"},"image":{"@id":"https:\/\/senbera.com\/fi\/tuote\/puhdistustikut\/#primaryimage"},"thumbnailUrl":"https:\/\/senbera.com\/fi\/wp-content\/uploads\/sites\/19\/2026\/01\/rierakm-1.webp","datePublished":"2026-01-20T18:25:48+00:00","dateModified":"2026-01-20T18:25:57+00:00","breadcrumb":{"@id":"https:\/\/senbera.com\/fi\/tuote\/puhdistustikut\/#breadcrumb"},"inLanguage":"fi","potentialAction":[{"@type":"ReadAction","target":["https:\/\/senbera.com\/fi\/tuote\/puhdistustikut\/"]}]},{"@type":"ImageObject","inLanguage":"fi","@id":"https:\/\/senbera.com\/fi\/tuote\/puhdistustikut\/#primaryimage","url":"https:\/\/senbera.com\/fi\/wp-content\/uploads\/sites\/19\/2026\/01\/rierakm-1.webp","contentUrl":"https:\/\/senbera.com\/fi\/wp-content\/uploads\/sites\/19\/2026\/01\/rierakm-1.webp","width":620,"height":620},{"@type":"BreadcrumbList","@id":"https:\/\/senbera.com\/fi\/tuote\/puhdistustikut\/#breadcrumb","itemListElement":[{"@type":"ListItem","position":1,"name":"Home","item":"https:\/\/senbera.com\/fi\/"},{"@type":"ListItem","position":2,"name":"Kauppa","item":"https:\/\/senbera.com\/fi\/kauppa\/"},{"@type":"ListItem","position":3,"name":"Puhdistustikut"}]},{"@type":"WebSite","@id":"https:\/\/senbera.com\/fi\/#website","url":"https:\/\/senbera.com\/fi\/","name":"Senbera FI","description":"","publisher":{"@id":"https:\/\/senbera.com\/fi\/#organization"},"potentialAction":[{"@type":"SearchAction","target":{"@type":"EntryPoint","urlTemplate":"https:\/\/senbera.com\/fi\/?s={search_term_string}"},"query-input":{"@type":"PropertyValueSpecification","valueRequired":true,"valueName":"search_term_string"}}],"inLanguage":"fi"},{"@type":"Organization","@id":"https:\/\/senbera.com\/fi\/#organization","name":"Mekulo","url":"https:\/\/senbera.com\/fi\/","logo":{"@type":"ImageObject","inLanguage":"fi","@id":"https:\/\/senbera.com\/fi\/#\/schema\/logo\/image\/","url":"https:\/\/senbera.com\/fi\/wp-content\/uploads\/sites\/19\/2025\/12\/favicon_mekulo.png","contentUrl":"https:\/\/senbera.com\/fi\/wp-content\/uploads\/sites\/19\/2025\/12\/favicon_mekulo.png","width":50,"height":50,"caption":"Mekulo"},"image":{"@id":"https:\/\/senbera.com\/fi\/#\/schema\/logo\/image\/"}}]}},"_links":{"self":[{"href":"https:\/\/senbera.com\/fi\/wp-json\/wp\/v2\/product\/21581","targetHints":{"allow":["GET"]}}],"collection":[{"href":"https:\/\/senbera.com\/fi\/wp-json\/wp\/v2\/product"}],"about":[{"href":"https:\/\/senbera.com\/fi\/wp-json\/wp\/v2\/types\/product"}],"replies":[{"embeddable":true,"href":"https:\/\/senbera.com\/fi\/wp-json\/wp\/v2\/comments?post=21581"}],"wp:featuredmedia":[{"embeddable":true,"href":"https:\/\/senbera.com\/fi\/wp-json\/wp\/v2\/media\/21577"}],"wp:attachment":[{"href":"https:\/\/senbera.com\/fi\/wp-json\/wp\/v2\/media?parent=21581"}],"wp:term":[{"taxonomy":"product_brand","embeddable":true,"href":"https:\/\/senbera.com\/fi\/wp-json\/wp\/v2\/product_brand?post=21581"},{"taxonomy":"product_cat","embeddable":true,"href":"https:\/\/senbera.com\/fi\/wp-json\/wp\/v2\/product_cat?post=21581"},{"taxonomy":"product_tag","embeddable":true,"href":"https:\/\/senbera.com\/fi\/wp-json\/wp\/v2\/product_tag?post=21581"}],"curies":[{"name":"wp","href":"https:\/\/api.w.org\/{rel}","templated":true}]}}