{"id":21500,"date":"2026-01-20T20:19:21","date_gmt":"2026-01-20T18:19:21","guid":{"rendered":"https:\/\/senbera.com\/fi\/tuote\/varaa-kassakaappi\/"},"modified":"2026-01-20T20:19:30","modified_gmt":"2026-01-20T18:19:30","slug":"varaa-kassakaappi","status":"publish","type":"product","link":"https:\/\/senbera.com\/fi\/tuote\/varaa-kassakaappi\/","title":{"rendered":"Varaa kassakaappi"},"content":{"rendered":"<p style=\"text-align: center\"><strong>Pid\u00e4 Arvotavarasi Turvassa Ja Piilossa N\u00e4kyvill\u00e4.<\/strong><\/p>\n<p style=\"text-align: center\"><span style=\"font-weight: 400\">T\u00e4m\u00e4 \u00e4lyk\u00e4s kirjakaappi n\u00e4ytt\u00e4\u00e4 tavalliselta sanakirjalta, mutta suojaa salaa k\u00e4teist\u00e4, avaimia, koruja ja muuta.<\/span><\/p>\n<h2 style=\"text-align: center\">\ud83d\udcda \u00c4lyk\u00e4s Tapa S\u00e4ilytt\u00e4\u00e4 T\u00e4rke\u00e4t Asiat<\/h2>\n<p style=\"text-align: center\"><span style=\"font-weight: 400\">Kirjakaappi on t\u00e4ydellinen sekoitus turvallisuutta ja tyyli\u00e4. Se on suunniteltu n\u00e4ytt\u00e4m\u00e4\u00e4n kovakantiselta englanninkieliselt\u00e4 sanakirjalta, ja se sulautuu luontevasti muihin hyllyss\u00e4si oleviin kirjoihin, mik\u00e4 tekee siit\u00e4 t\u00e4ydellisen piilopaikan rahoille, asiakirjoille ja arvoesineille kotona tai toimistossa.<\/span><\/p>\n<p><img decoding=\"async\" class=\"alignnone size-full wp-image-18070 aligncenter\" src=\"https:\/\/keluvo.com\/template\/wp-content\/uploads\/sites\/5\/2025\/05\/Booksafe-ezgif.com-video-to-webp-converter.webp\" alt=\"\" \/><\/p>\n<h2 style=\"text-align: center\">\u2705 T\u00e4rkeimm\u00e4t Edut<\/h2>\n<p><span style=\"font-weight: 400\">\ud83d\udd12 Piilotettu suoja &#8211; n\u00e4ytt\u00e4\u00e4 oikealta kirjalta piilottaaksesi tavarasi n\u00e4kyviin sight<\/span><span style=\"font-weight: 400\"><br \/>\n<\/span><\/p>\n<p><span style=\"font-weight: 400\">\ud83d\udee1\ufe0f Vahva ter\u00e4s sisus &#8211; suojaa peukaloinnilta ja vahingoittumiselta<\/span> <span style=\"font-weight: 400\">\u2013 protects against tampering and damage<\/span><span style=\"font-weight: 400\"><br \/>\n<\/span><\/p>\n<p><span style=\"font-weight: 400\">\ud83d\udd11 Mukana lukko &amp; avaimet &#8211; pit\u00e4\u00e4 tavarasi turvassa muilta<\/span><span style=\"font-weight: 400\"><br \/>\n<\/span><\/p>\n<p><span style=\"font-weight: 400\">\ud83c\udf81 T\u00e4ydellinen lahjaidea &#8211; k\u00e4yt\u00e4nn\u00f6llinen, nokkela ja tyylik\u00e4s<\/span><span style=\"font-weight: 400\"><br \/>\n<\/span><\/p>\n<p><span style=\"font-weight: 400\">\ud83c\udfe0 Sopii erinomaisesti kotiin tai toimistoon &#8211; sulautuu helposti kirjojen joukkoon mihin tahansa hyllyyn<\/span><\/p>\n<p><img decoding=\"async\" class=\"alignnone size-full wp-image-18062 aligncenter\" src=\"https:\/\/keluvo.com\/template\/wp-content\/uploads\/sites\/5\/2025\/05\/S262db9552f0e4d5a967dad9368ced848W.jpg_960x960q75.jpg_.jpeg\" alt=\"\" \/><\/p>\n<h2 style=\"text-align: center\">\ud83d\udcd8 K\u00e4ytt\u00f6ohjeet<\/h2>\n<ol>\n<li style=\"font-weight: 400\"><span style=\"font-weight: 400\">Sijoita arvotavarasi ter\u00e4ksisen lokeron sis\u00e4\u00e4n.<\/span><span style=\"font-weight: 400\"><br \/>\n<\/span><\/li>\n<li style=\"font-weight: 400\"><span style=\"font-weight: 400\">Sulje kansi ja lukitse se yhdell\u00e4 mukana tulevista avaimista.<\/span><span style=\"font-weight: 400\"><br \/>\n<\/span><\/li>\n<li style=\"font-weight: 400\"><span style=\"font-weight: 400\">s\u00e4ilyt\u00e4 sit\u00e4 kirjojesi joukossa tai hyllyll\u00e4 huomaamatonta s\u00e4ilytyst\u00e4 varten.<\/span><\/li>\n<\/ol>\n<h2 style=\"text-align: center\">\ud83d\udcd0 Tuotetiedot<\/h2>\n<ul>\n<li style=\"font-weight: 400\"><span style=\"font-weight: 400\">Eritys: englantilaisen sanakirjan tyylinen kansi<\/span><span style=\"font-weight: 400\"><br \/>\n<\/span><\/li>\n<li style=\"font-weight: 400\"><span style=\"font-weight: 400\">Materiaali: metallinen sisus, ABS + korkealaatuinen kuvioitu paperi<\/span><span style=\"font-weight: 400\"><br \/>\n<\/span><\/li>\n<li style=\"font-weight: 400\"><span style=\"font-weight: 400\">Koko: 240 x 155 x 55 mm<\/span><span style=\"font-weight: 400\"><br \/>\n<\/span><\/li>\n<li style=\"font-weight: 400\"><span style=\"font-weight: 400\">Paino: 710 g<\/span><span style=\"font-weight: 400\"><br \/>\n<\/span><\/li>\n<li style=\"font-weight: 400\"><span style=\"font-weight: 400\">V\u00e4ri: mattapintainen, joka luo realistisen kirjojen ulkoasun<\/span><\/li>\n<\/ul>\n<h2 style=\"text-align: center\">\ud83d\udce6 Pakkaus Sis\u00e4lt\u00e4\u00e4<\/h2>\n<ul>\n<li style=\"font-weight: 400\"><span style=\"font-weight: 400\">1x kirjakassakaapin<\/span><span style=\"font-weight: 400\"><br \/>\n<\/span><\/li>\n<li style=\"font-weight: 400\"><span style=\"font-weight: 400\">2x avaimet.<\/span><\/li>\n<\/ul>\n","protected":false},"excerpt":{"rendered":"<p>Pid\u00e4 Arvotavarasi Turvassa Ja Piilossa N\u00e4kyvill\u00e4. T\u00e4m\u00e4 \u00e4lyk\u00e4s kirjakaappi n\u00e4ytt\u00e4\u00e4 tavalliselta sanakirjalta, mutta suojaa salaa k\u00e4teist\u00e4, avaimia, koruja ja muuta. [&hellip;]<\/p>\n","protected":false},"featured_media":21496,"comment_status":"open","ping_status":"closed","template":"","meta":{"site-sidebar-layout":"default","site-content-layout":"","ast-site-content-layout":"default","site-content-style":"default","site-sidebar-style":"default","ast-global-header-display":"","ast-banner-title-visibility":"","ast-main-header-display":"","ast-hfb-above-header-display":"","ast-hfb-below-header-display":"","ast-hfb-mobile-header-display":"","site-post-title":"","ast-breadcrumbs-content":"","ast-featured-img":"","footer-sml-layout":"","theme-transparent-header-meta":"default","adv-header-id-meta":"","stick-header-meta":"","header-above-stick-meta":"","header-main-stick-meta":"","header-below-stick-meta":"","astra-migrate-meta-layouts":"set","ast-page-background-enabled":"default","ast-page-background-meta":{"desktop":{"background-color":"var(--ast-global-color-5)","background-image":"","background-repeat":"repeat","background-position":"center center","background-size":"auto","background-attachment":"scroll","background-type":"","background-media":"","overlay-type":"","overlay-color":"","overlay-opacity":"","overlay-gradient":""},"tablet":{"background-color":"","background-image":"","background-repeat":"repeat","background-position":"center center","background-size":"auto","background-attachment":"scroll","background-type":"","background-media":"","overlay-type":"","overlay-color":"","overlay-opacity":"","overlay-gradient":""},"mobile":{"background-color":"","background-image":"","background-repeat":"repeat","background-position":"center center","background-size":"auto","background-attachment":"scroll","background-type":"","background-media":"","overlay-type":"","overlay-color":"","overlay-opacity":"","overlay-gradient":""}},"ast-content-background-meta":{"desktop":{"background-color":"var(--ast-global-color-4)","background-image":"","background-repeat":"repeat","background-position":"center center","background-size":"auto","background-attachment":"scroll","background-type":"","background-media":"","overlay-type":"","overlay-color":"","overlay-opacity":"","overlay-gradient":""},"tablet":{"background-color":"var(--ast-global-color-4)","background-image":"","background-repeat":"repeat","background-position":"center center","background-size":"auto","background-attachment":"scroll","background-type":"","background-media":"","overlay-type":"","overlay-color":"","overlay-opacity":"","overlay-gradient":""},"mobile":{"background-color":"var(--ast-global-color-4)","background-image":"","background-repeat":"repeat","background-position":"center center","background-size":"auto","background-attachment":"scroll","background-type":"","background-media":"","overlay-type":"","overlay-color":"","overlay-opacity":"","overlay-gradient":""}}},"product_brand":[],"product_cat":[15],"product_tag":[],"class_list":{"0":"post-21500","1":"product","2":"type-product","3":"status-publish","4":"has-post-thumbnail","6":"product_cat-luokittelematon","7":"pa_41553_jqzldhjb-musta","8":"pa_41553_jqzldhjb-punainen","9":"pa_41553_jqzldhjb-ruskea","10":"pa_41553_jqzldhjb-sininen","11":"desktop-align-left","12":"tablet-align-left","13":"mobile-align-left","15":"first","16":"instock","17":"shipping-taxable","18":"purchasable","19":"product-type-variable"},"yoast_head":"<!-- This site is optimized with the Yoast SEO plugin v26.6 - https:\/\/yoast.com\/wordpress\/plugins\/seo\/ -->\n<title>Varaa kassakaappi - Senbera FI<\/title>\n<meta name=\"robots\" content=\"index, follow, max-snippet:-1, max-image-preview:large, max-video-preview:-1\" \/>\n<link rel=\"canonical\" href=\"https:\/\/senbera.com\/fi\/tuote\/varaa-kassakaappi\/\" \/>\n<meta property=\"og:locale\" content=\"fi_FI\" \/>\n<meta property=\"og:type\" content=\"article\" \/>\n<meta property=\"og:title\" content=\"Varaa kassakaappi - Senbera FI\" \/>\n<meta property=\"og:description\" content=\"Pid\u00e4 Arvotavarasi Turvassa Ja Piilossa N\u00e4kyvill\u00e4. T\u00e4m\u00e4 \u00e4lyk\u00e4s kirjakaappi n\u00e4ytt\u00e4\u00e4 tavalliselta sanakirjalta, mutta suojaa salaa k\u00e4teist\u00e4, avaimia, koruja ja muuta. [&hellip;]\" \/>\n<meta property=\"og:url\" content=\"https:\/\/senbera.com\/fi\/tuote\/varaa-kassakaappi\/\" \/>\n<meta property=\"og:site_name\" content=\"Senbera FI\" \/>\n<meta property=\"article:modified_time\" content=\"2026-01-20T18:19:30+00:00\" \/>\n<meta name=\"twitter:card\" content=\"summary_large_image\" \/>\n<meta name=\"twitter:label1\" content=\"Arvioitu lukuaika\" \/>\n\t<meta name=\"twitter:data1\" content=\"1 minuutti\" \/>\n<script type=\"application\/ld+json\" class=\"yoast-schema-graph\">{\"@context\":\"https:\/\/schema.org\",\"@graph\":[{\"@type\":\"WebPage\",\"@id\":\"https:\/\/senbera.com\/fi\/tuote\/varaa-kassakaappi\/\",\"url\":\"https:\/\/senbera.com\/fi\/tuote\/varaa-kassakaappi\/\",\"name\":\"Varaa kassakaappi - Senbera FI\",\"isPartOf\":{\"@id\":\"https:\/\/senbera.com\/fi\/#website\"},\"primaryImageOfPage\":{\"@id\":\"https:\/\/senbera.com\/fi\/tuote\/varaa-kassakaappi\/#primaryimage\"},\"image\":{\"@id\":\"https:\/\/senbera.com\/fi\/tuote\/varaa-kassakaappi\/#primaryimage\"},\"thumbnailUrl\":\"https:\/\/senbera.com\/fi\/wp-content\/uploads\/sites\/19\/2026\/01\/0711t0s-1.jpeg\",\"datePublished\":\"2026-01-20T18:19:21+00:00\",\"dateModified\":\"2026-01-20T18:19:30+00:00\",\"breadcrumb\":{\"@id\":\"https:\/\/senbera.com\/fi\/tuote\/varaa-kassakaappi\/#breadcrumb\"},\"inLanguage\":\"fi\",\"potentialAction\":[{\"@type\":\"ReadAction\",\"target\":[\"https:\/\/senbera.com\/fi\/tuote\/varaa-kassakaappi\/\"]}]},{\"@type\":\"ImageObject\",\"inLanguage\":\"fi\",\"@id\":\"https:\/\/senbera.com\/fi\/tuote\/varaa-kassakaappi\/#primaryimage\",\"url\":\"https:\/\/senbera.com\/fi\/wp-content\/uploads\/sites\/19\/2026\/01\/0711t0s-1.jpeg\",\"contentUrl\":\"https:\/\/senbera.com\/fi\/wp-content\/uploads\/sites\/19\/2026\/01\/0711t0s-1.jpeg\",\"width\":800,\"height\":800},{\"@type\":\"BreadcrumbList\",\"@id\":\"https:\/\/senbera.com\/fi\/tuote\/varaa-kassakaappi\/#breadcrumb\",\"itemListElement\":[{\"@type\":\"ListItem\",\"position\":1,\"name\":\"Home\",\"item\":\"https:\/\/senbera.com\/fi\/\"},{\"@type\":\"ListItem\",\"position\":2,\"name\":\"Kauppa\",\"item\":\"https:\/\/senbera.com\/fi\/kauppa\/\"},{\"@type\":\"ListItem\",\"position\":3,\"name\":\"Varaa kassakaappi\"}]},{\"@type\":\"WebSite\",\"@id\":\"https:\/\/senbera.com\/fi\/#website\",\"url\":\"https:\/\/senbera.com\/fi\/\",\"name\":\"Senbera FI\",\"description\":\"\",\"publisher\":{\"@id\":\"https:\/\/senbera.com\/fi\/#organization\"},\"potentialAction\":[{\"@type\":\"SearchAction\",\"target\":{\"@type\":\"EntryPoint\",\"urlTemplate\":\"https:\/\/senbera.com\/fi\/?s={search_term_string}\"},\"query-input\":{\"@type\":\"PropertyValueSpecification\",\"valueRequired\":true,\"valueName\":\"search_term_string\"}}],\"inLanguage\":\"fi\"},{\"@type\":\"Organization\",\"@id\":\"https:\/\/senbera.com\/fi\/#organization\",\"name\":\"Mekulo\",\"url\":\"https:\/\/senbera.com\/fi\/\",\"logo\":{\"@type\":\"ImageObject\",\"inLanguage\":\"fi\",\"@id\":\"https:\/\/senbera.com\/fi\/#\/schema\/logo\/image\/\",\"url\":\"https:\/\/senbera.com\/fi\/wp-content\/uploads\/sites\/19\/2025\/12\/favicon_mekulo.png\",\"contentUrl\":\"https:\/\/senbera.com\/fi\/wp-content\/uploads\/sites\/19\/2025\/12\/favicon_mekulo.png\",\"width\":50,\"height\":50,\"caption\":\"Mekulo\"},\"image\":{\"@id\":\"https:\/\/senbera.com\/fi\/#\/schema\/logo\/image\/\"}}]}<\/script>\n<!-- \/ Yoast SEO plugin. -->","yoast_head_json":{"title":"Varaa kassakaappi - Senbera FI","robots":{"index":"index","follow":"follow","max-snippet":"max-snippet:-1","max-image-preview":"max-image-preview:large","max-video-preview":"max-video-preview:-1"},"canonical":"https:\/\/senbera.com\/fi\/tuote\/varaa-kassakaappi\/","og_locale":"fi_FI","og_type":"article","og_title":"Varaa kassakaappi - Senbera FI","og_description":"Pid\u00e4 Arvotavarasi Turvassa Ja Piilossa N\u00e4kyvill\u00e4. T\u00e4m\u00e4 \u00e4lyk\u00e4s kirjakaappi n\u00e4ytt\u00e4\u00e4 tavalliselta sanakirjalta, mutta suojaa salaa k\u00e4teist\u00e4, avaimia, koruja ja muuta. [&hellip;]","og_url":"https:\/\/senbera.com\/fi\/tuote\/varaa-kassakaappi\/","og_site_name":"Senbera FI","article_modified_time":"2026-01-20T18:19:30+00:00","twitter_card":"summary_large_image","twitter_misc":{"Arvioitu lukuaika":"1 minuutti"},"schema":{"@context":"https:\/\/schema.org","@graph":[{"@type":"WebPage","@id":"https:\/\/senbera.com\/fi\/tuote\/varaa-kassakaappi\/","url":"https:\/\/senbera.com\/fi\/tuote\/varaa-kassakaappi\/","name":"Varaa kassakaappi - Senbera FI","isPartOf":{"@id":"https:\/\/senbera.com\/fi\/#website"},"primaryImageOfPage":{"@id":"https:\/\/senbera.com\/fi\/tuote\/varaa-kassakaappi\/#primaryimage"},"image":{"@id":"https:\/\/senbera.com\/fi\/tuote\/varaa-kassakaappi\/#primaryimage"},"thumbnailUrl":"https:\/\/senbera.com\/fi\/wp-content\/uploads\/sites\/19\/2026\/01\/0711t0s-1.jpeg","datePublished":"2026-01-20T18:19:21+00:00","dateModified":"2026-01-20T18:19:30+00:00","breadcrumb":{"@id":"https:\/\/senbera.com\/fi\/tuote\/varaa-kassakaappi\/#breadcrumb"},"inLanguage":"fi","potentialAction":[{"@type":"ReadAction","target":["https:\/\/senbera.com\/fi\/tuote\/varaa-kassakaappi\/"]}]},{"@type":"ImageObject","inLanguage":"fi","@id":"https:\/\/senbera.com\/fi\/tuote\/varaa-kassakaappi\/#primaryimage","url":"https:\/\/senbera.com\/fi\/wp-content\/uploads\/sites\/19\/2026\/01\/0711t0s-1.jpeg","contentUrl":"https:\/\/senbera.com\/fi\/wp-content\/uploads\/sites\/19\/2026\/01\/0711t0s-1.jpeg","width":800,"height":800},{"@type":"BreadcrumbList","@id":"https:\/\/senbera.com\/fi\/tuote\/varaa-kassakaappi\/#breadcrumb","itemListElement":[{"@type":"ListItem","position":1,"name":"Home","item":"https:\/\/senbera.com\/fi\/"},{"@type":"ListItem","position":2,"name":"Kauppa","item":"https:\/\/senbera.com\/fi\/kauppa\/"},{"@type":"ListItem","position":3,"name":"Varaa kassakaappi"}]},{"@type":"WebSite","@id":"https:\/\/senbera.com\/fi\/#website","url":"https:\/\/senbera.com\/fi\/","name":"Senbera FI","description":"","publisher":{"@id":"https:\/\/senbera.com\/fi\/#organization"},"potentialAction":[{"@type":"SearchAction","target":{"@type":"EntryPoint","urlTemplate":"https:\/\/senbera.com\/fi\/?s={search_term_string}"},"query-input":{"@type":"PropertyValueSpecification","valueRequired":true,"valueName":"search_term_string"}}],"inLanguage":"fi"},{"@type":"Organization","@id":"https:\/\/senbera.com\/fi\/#organization","name":"Mekulo","url":"https:\/\/senbera.com\/fi\/","logo":{"@type":"ImageObject","inLanguage":"fi","@id":"https:\/\/senbera.com\/fi\/#\/schema\/logo\/image\/","url":"https:\/\/senbera.com\/fi\/wp-content\/uploads\/sites\/19\/2025\/12\/favicon_mekulo.png","contentUrl":"https:\/\/senbera.com\/fi\/wp-content\/uploads\/sites\/19\/2025\/12\/favicon_mekulo.png","width":50,"height":50,"caption":"Mekulo"},"image":{"@id":"https:\/\/senbera.com\/fi\/#\/schema\/logo\/image\/"}}]}},"_links":{"self":[{"href":"https:\/\/senbera.com\/fi\/wp-json\/wp\/v2\/product\/21500","targetHints":{"allow":["GET"]}}],"collection":[{"href":"https:\/\/senbera.com\/fi\/wp-json\/wp\/v2\/product"}],"about":[{"href":"https:\/\/senbera.com\/fi\/wp-json\/wp\/v2\/types\/product"}],"replies":[{"embeddable":true,"href":"https:\/\/senbera.com\/fi\/wp-json\/wp\/v2\/comments?post=21500"}],"wp:featuredmedia":[{"embeddable":true,"href":"https:\/\/senbera.com\/fi\/wp-json\/wp\/v2\/media\/21496"}],"wp:attachment":[{"href":"https:\/\/senbera.com\/fi\/wp-json\/wp\/v2\/media?parent=21500"}],"wp:term":[{"taxonomy":"product_brand","embeddable":true,"href":"https:\/\/senbera.com\/fi\/wp-json\/wp\/v2\/product_brand?post=21500"},{"taxonomy":"product_cat","embeddable":true,"href":"https:\/\/senbera.com\/fi\/wp-json\/wp\/v2\/product_cat?post=21500"},{"taxonomy":"product_tag","embeddable":true,"href":"https:\/\/senbera.com\/fi\/wp-json\/wp\/v2\/product_tag?post=21500"}],"curies":[{"name":"wp","href":"https:\/\/api.w.org\/{rel}","templated":true}]}}