{"id":21280,"date":"2026-01-20T20:02:54","date_gmt":"2026-01-20T18:02:54","guid":{"rendered":"https:\/\/senbera.com\/fi\/tuote\/hammastava-lapanen\/"},"modified":"2026-01-20T20:03:02","modified_gmt":"2026-01-20T18:03:02","slug":"hammastava-lapanen","status":"publish","type":"product","link":"https:\/\/senbera.com\/fi\/tuote\/hammastava-lapanen\/","title":{"rendered":"Hammastava lapanen"},"content":{"rendered":"<p style=\"text-align: center\"><strong>Rauhoita Kipeytyneit\u00e4 Ikeni\u00e4 Ja Suojaa Pieni\u00e4 K\u00e4si\u00e4 Yhdell\u00e4 Yksinkertaisella Lapasella.<\/strong><\/p>\n<p style=\"text-align: center\"><span style=\"font-weight: 400\">Hampaiden pureskeluun tarkoitettu lapanen on turvallinen ja hell\u00e4varainen ratkaisu vauvoille hampaiden pureskelun alkuvaiheessa. Se on suunniteltu useilla kuvioiduilla silikonipinnoilla ja hauskalla rypistyv\u00e4ll\u00e4 \u00e4\u00e4nell\u00e4, ja se pit\u00e4\u00e4 vauvat viihdytettyn\u00e4 samalla kun se lievitt\u00e4\u00e4 ikenien ep\u00e4mukavuutta &#8211; ei tarvitse pit\u00e4\u00e4 purukumia.<\/span><\/p>\n<p><img decoding=\"async\" class=\"alignnone size-full wp-image-17860 aligncenter\" src=\"https:\/\/keluvo.com\/template\/wp-content\/uploads\/sites\/5\/2025\/05\/TeethingMitten-ezgif.com-video-to-webp-converter.webp\" alt=\"\" \/><\/p>\n<h2 style=\"text-align: center\">\ud83c\udf1f T\u00e4rkeimm\u00e4t Edut<\/h2>\n<p><span style=\"font-weight: 400\">\ud83d\udc76 Rauhoittaa kipeytyneit\u00e4 ikeni\u00e4 pehmeill\u00e4 silikonitekstuureilla<\/span><span style=\"font-weight: 400\"><br \/>\n<\/span><\/p>\n<p><span style=\"font-weight: 400\">\u270b Suojaa k\u00e4si\u00e4 syljelt\u00e4, naarmuuntumiselta ja \u00e4rsytykselt\u00e4<\/span><span style=\"font-weight: 400\"><br \/>\n<\/span><\/p>\n<p><span style=\"font-weight: 400\">\ud83d\udd0a Rypistyv\u00e4 \u00e4\u00e4ni pit\u00e4\u00e4 vauvan kiireisen\u00e4<\/span><span style=\"font-weight: 400\"><br \/>\n<\/span><\/p>\n<p><span style=\"font-weight: 400\">\ud83c\udf7c Ihanteellinen vauvoille, jotka eiv\u00e4t viel\u00e4 pysty pit\u00e4m\u00e4\u00e4n tavallisia hammastajia<\/span><span style=\"font-weight: 400\"><br \/>\n<\/span><\/p>\n<p><span style=\"font-weight: 400\">\ud83e\uddfc Konepest\u00e4v\u00e4 helppoon cleaning<\/span><\/p>\n<p><img decoding=\"async\" class=\"alignnone size-full wp-image-17849 aligncenter\" src=\"https:\/\/keluvo.com\/template\/wp-content\/uploads\/sites\/5\/2025\/05\/S5fee580249c649aea07c129194881d26H.jpg_960x960q75.jpg_.jpeg\" alt=\"\" \/><\/p>\n<h2 style=\"text-align: center\">\ud83d\udee0\ufe0f K\u00e4ytt\u00f6ohjeet<\/h2>\n<ol>\n<li style=\"font-weight: 400\"><span style=\"font-weight: 400\">Siirr\u00e4 kintaat vauvan k\u00e4teen.<\/span><span style=\"font-weight: 400\"><br \/>\n<\/span><\/li>\n<li style=\"font-weight: 400\"><span style=\"font-weight: 400\">Kiinnit\u00e4 se s\u00e4\u00e4dett\u00e4v\u00e4ll\u00e4 hihnalla, jos se on mukana.<\/span><span style=\"font-weight: 400\"><br \/>\n<\/span><\/li>\n<li style=\"font-weight: 400\"><span style=\"font-weight: 400\">anna vauvasi pureskella, tutkia ja nauttia rauhoittavasta helpotuksesta.<\/span><span style=\"font-weight: 400\"><br \/>\n<\/span><\/li>\n<li style=\"font-weight: 400\"><span style=\"font-weight: 400\">k\u00e4yt\u00f6n j\u00e4lkeen heit\u00e4 se pesukoneeseen ja anna sen kuivua ilmassa tai rumpukuivauksessa.<\/span><\/li>\n<\/ol>\n<h2 style=\"text-align: center\">\ud83d\udccf Tuotetiedot<\/h2>\n<ul>\n<li style=\"font-weight: 400\"><span style=\"font-weight: 400\">Materiaali: elintarvikekelpoista silikonia<\/span><span style=\"font-weight: 400\"><br \/>\n<\/span><\/li>\n<li style=\"font-weight: 400\"><span style=\"font-weight: 400\">Koko: 10 x 5,5 cm<\/span><span style=\"font-weight: 400\"><br \/>\n<\/span><\/li>\n<li style=\"font-weight: 400\"><span style=\"font-weight: 400\">Vauvoille, jotka ovat varhaisessa hammastusvaiheessa<\/span><\/li>\n<\/ul>\n<h2 style=\"text-align: center\">\ud83d\udce6 Pakkaus Sis\u00e4lt\u00e4\u00e4<\/h2>\n<ul>\n<li><span style=\"font-weight: 400\">1x hammastuskinnas.<\/span><\/li>\n<\/ul>\n","protected":false},"excerpt":{"rendered":"<p>Rauhoita Kipeytyneit\u00e4 Ikeni\u00e4 Ja Suojaa Pieni\u00e4 K\u00e4si\u00e4 Yhdell\u00e4 Yksinkertaisella Lapasella. Hampaiden pureskeluun tarkoitettu lapanen on turvallinen ja hell\u00e4varainen ratkaisu vauvoille [&hellip;]<\/p>\n","protected":false},"featured_media":21276,"comment_status":"open","ping_status":"closed","template":"","meta":{"site-sidebar-layout":"default","site-content-layout":"","ast-site-content-layout":"default","site-content-style":"default","site-sidebar-style":"default","ast-global-header-display":"","ast-banner-title-visibility":"","ast-main-header-display":"","ast-hfb-above-header-display":"","ast-hfb-below-header-display":"","ast-hfb-mobile-header-display":"","site-post-title":"","ast-breadcrumbs-content":"","ast-featured-img":"","footer-sml-layout":"","ast-disable-related-posts":"","theme-transparent-header-meta":"default","adv-header-id-meta":"","stick-header-meta":"","header-above-stick-meta":"","header-main-stick-meta":"","header-below-stick-meta":"","astra-migrate-meta-layouts":"set","ast-page-background-enabled":"default","ast-page-background-meta":{"desktop":{"background-color":"var(--ast-global-color-5)","background-image":"","background-repeat":"repeat","background-position":"center center","background-size":"auto","background-attachment":"scroll","background-type":"","background-media":"","overlay-type":"","overlay-color":"","overlay-opacity":"","overlay-gradient":""},"tablet":{"background-color":"","background-image":"","background-repeat":"repeat","background-position":"center center","background-size":"auto","background-attachment":"scroll","background-type":"","background-media":"","overlay-type":"","overlay-color":"","overlay-opacity":"","overlay-gradient":""},"mobile":{"background-color":"","background-image":"","background-repeat":"repeat","background-position":"center center","background-size":"auto","background-attachment":"scroll","background-type":"","background-media":"","overlay-type":"","overlay-color":"","overlay-opacity":"","overlay-gradient":""}},"ast-content-background-meta":{"desktop":{"background-color":"var(--ast-global-color-4)","background-image":"","background-repeat":"repeat","background-position":"center center","background-size":"auto","background-attachment":"scroll","background-type":"","background-media":"","overlay-type":"","overlay-color":"","overlay-opacity":"","overlay-gradient":""},"tablet":{"background-color":"var(--ast-global-color-4)","background-image":"","background-repeat":"repeat","background-position":"center center","background-size":"auto","background-attachment":"scroll","background-type":"","background-media":"","overlay-type":"","overlay-color":"","overlay-opacity":"","overlay-gradient":""},"mobile":{"background-color":"var(--ast-global-color-4)","background-image":"","background-repeat":"repeat","background-position":"center center","background-size":"auto","background-attachment":"scroll","background-type":"","background-media":"","overlay-type":"","overlay-color":"","overlay-opacity":"","overlay-gradient":""}}},"product_brand":[],"product_cat":[15],"product_tag":[],"class_list":{"0":"post-21280","1":"product","2":"type-product","3":"status-publish","4":"has-post-thumbnail","6":"product_cat-luokittelematon","7":"pa_37983_ialr3318-oranssi","8":"pa_37983_ialr3318-sininen","9":"pa_37983_ialr3318-vaaleanpunainen","10":"pa_37983_ialr3318-vihrea","11":"desktop-align-left","12":"tablet-align-left","13":"mobile-align-left","15":"first","16":"instock","17":"shipping-taxable","18":"purchasable","19":"product-type-variable"},"yoast_head":"<!-- This site is optimized with the Yoast SEO plugin v27.4 - https:\/\/yoast.com\/product\/yoast-seo-wordpress\/ -->\n<title>Hammastava lapanen - Senbera FI<\/title>\n<meta name=\"robots\" content=\"index, follow, max-snippet:-1, max-image-preview:large, max-video-preview:-1\" \/>\n<link rel=\"canonical\" href=\"https:\/\/senbera.com\/fi\/tuote\/hammastava-lapanen\/\" \/>\n<meta property=\"og:locale\" content=\"fi_FI\" \/>\n<meta property=\"og:type\" content=\"article\" \/>\n<meta property=\"og:title\" content=\"Hammastava lapanen - Senbera FI\" \/>\n<meta property=\"og:description\" content=\"Rauhoita Kipeytyneit\u00e4 Ikeni\u00e4 Ja Suojaa Pieni\u00e4 K\u00e4si\u00e4 Yhdell\u00e4 Yksinkertaisella Lapasella. Hampaiden pureskeluun tarkoitettu lapanen on turvallinen ja hell\u00e4varainen ratkaisu vauvoille [&hellip;]\" \/>\n<meta property=\"og:url\" content=\"https:\/\/senbera.com\/fi\/tuote\/hammastava-lapanen\/\" \/>\n<meta property=\"og:site_name\" content=\"Senbera FI\" \/>\n<meta property=\"article:modified_time\" content=\"2026-01-20T18:03:02+00:00\" \/>\n<meta name=\"twitter:card\" content=\"summary_large_image\" \/>\n<meta name=\"twitter:label1\" content=\"Arvioitu lukuaika\" \/>\n\t<meta name=\"twitter:data1\" content=\"1 minuutti\" \/>\n<script type=\"application\/ld+json\" class=\"yoast-schema-graph\">{\"@context\":\"https:\\\/\\\/schema.org\",\"@graph\":[{\"@type\":\"WebPage\",\"@id\":\"https:\\\/\\\/senbera.com\\\/fi\\\/tuote\\\/hammastava-lapanen\\\/\",\"url\":\"https:\\\/\\\/senbera.com\\\/fi\\\/tuote\\\/hammastava-lapanen\\\/\",\"name\":\"Hammastava lapanen - Senbera FI\",\"isPartOf\":{\"@id\":\"https:\\\/\\\/senbera.com\\\/fi\\\/#website\"},\"primaryImageOfPage\":{\"@id\":\"https:\\\/\\\/senbera.com\\\/fi\\\/tuote\\\/hammastava-lapanen\\\/#primaryimage\"},\"image\":{\"@id\":\"https:\\\/\\\/senbera.com\\\/fi\\\/tuote\\\/hammastava-lapanen\\\/#primaryimage\"},\"thumbnailUrl\":\"https:\\\/\\\/senbera.com\\\/fi\\\/wp-content\\\/uploads\\\/sites\\\/19\\\/2026\\\/01\\\/qpaqr84-1.jpeg\",\"datePublished\":\"2026-01-20T18:02:54+00:00\",\"dateModified\":\"2026-01-20T18:03:02+00:00\",\"breadcrumb\":{\"@id\":\"https:\\\/\\\/senbera.com\\\/fi\\\/tuote\\\/hammastava-lapanen\\\/#breadcrumb\"},\"inLanguage\":\"fi\",\"potentialAction\":[{\"@type\":\"ReadAction\",\"target\":[\"https:\\\/\\\/senbera.com\\\/fi\\\/tuote\\\/hammastava-lapanen\\\/\"]}]},{\"@type\":\"ImageObject\",\"inLanguage\":\"fi\",\"@id\":\"https:\\\/\\\/senbera.com\\\/fi\\\/tuote\\\/hammastava-lapanen\\\/#primaryimage\",\"url\":\"https:\\\/\\\/senbera.com\\\/fi\\\/wp-content\\\/uploads\\\/sites\\\/19\\\/2026\\\/01\\\/qpaqr84-1.jpeg\",\"contentUrl\":\"https:\\\/\\\/senbera.com\\\/fi\\\/wp-content\\\/uploads\\\/sites\\\/19\\\/2026\\\/01\\\/qpaqr84-1.jpeg\",\"width\":960,\"height\":960},{\"@type\":\"BreadcrumbList\",\"@id\":\"https:\\\/\\\/senbera.com\\\/fi\\\/tuote\\\/hammastava-lapanen\\\/#breadcrumb\",\"itemListElement\":[{\"@type\":\"ListItem\",\"position\":1,\"name\":\"Home\",\"item\":\"https:\\\/\\\/senbera.com\\\/fi\\\/\"},{\"@type\":\"ListItem\",\"position\":2,\"name\":\"Kauppa\",\"item\":\"https:\\\/\\\/senbera.com\\\/fi\\\/kauppa\\\/\"},{\"@type\":\"ListItem\",\"position\":3,\"name\":\"Hammastava lapanen\"}]},{\"@type\":\"WebSite\",\"@id\":\"https:\\\/\\\/senbera.com\\\/fi\\\/#website\",\"url\":\"https:\\\/\\\/senbera.com\\\/fi\\\/\",\"name\":\"Senbera FI\",\"description\":\"\",\"publisher\":{\"@id\":\"https:\\\/\\\/senbera.com\\\/fi\\\/#organization\"},\"potentialAction\":[{\"@type\":\"SearchAction\",\"target\":{\"@type\":\"EntryPoint\",\"urlTemplate\":\"https:\\\/\\\/senbera.com\\\/fi\\\/?s={search_term_string}\"},\"query-input\":{\"@type\":\"PropertyValueSpecification\",\"valueRequired\":true,\"valueName\":\"search_term_string\"}}],\"inLanguage\":\"fi\"},{\"@type\":\"Organization\",\"@id\":\"https:\\\/\\\/senbera.com\\\/fi\\\/#organization\",\"name\":\"Mekulo\",\"url\":\"https:\\\/\\\/senbera.com\\\/fi\\\/\",\"logo\":{\"@type\":\"ImageObject\",\"inLanguage\":\"fi\",\"@id\":\"https:\\\/\\\/senbera.com\\\/fi\\\/#\\\/schema\\\/logo\\\/image\\\/\",\"url\":\"https:\\\/\\\/senbera.com\\\/fi\\\/wp-content\\\/uploads\\\/sites\\\/19\\\/2025\\\/12\\\/favicon_mekulo.png\",\"contentUrl\":\"https:\\\/\\\/senbera.com\\\/fi\\\/wp-content\\\/uploads\\\/sites\\\/19\\\/2025\\\/12\\\/favicon_mekulo.png\",\"width\":50,\"height\":50,\"caption\":\"Mekulo\"},\"image\":{\"@id\":\"https:\\\/\\\/senbera.com\\\/fi\\\/#\\\/schema\\\/logo\\\/image\\\/\"}}]}<\/script>\n<!-- \/ Yoast SEO plugin. -->","yoast_head_json":{"title":"Hammastava lapanen - Senbera FI","robots":{"index":"index","follow":"follow","max-snippet":"max-snippet:-1","max-image-preview":"max-image-preview:large","max-video-preview":"max-video-preview:-1"},"canonical":"https:\/\/senbera.com\/fi\/tuote\/hammastava-lapanen\/","og_locale":"fi_FI","og_type":"article","og_title":"Hammastava lapanen - Senbera FI","og_description":"Rauhoita Kipeytyneit\u00e4 Ikeni\u00e4 Ja Suojaa Pieni\u00e4 K\u00e4si\u00e4 Yhdell\u00e4 Yksinkertaisella Lapasella. Hampaiden pureskeluun tarkoitettu lapanen on turvallinen ja hell\u00e4varainen ratkaisu vauvoille [&hellip;]","og_url":"https:\/\/senbera.com\/fi\/tuote\/hammastava-lapanen\/","og_site_name":"Senbera FI","article_modified_time":"2026-01-20T18:03:02+00:00","twitter_card":"summary_large_image","twitter_misc":{"Arvioitu lukuaika":"1 minuutti"},"schema":{"@context":"https:\/\/schema.org","@graph":[{"@type":"WebPage","@id":"https:\/\/senbera.com\/fi\/tuote\/hammastava-lapanen\/","url":"https:\/\/senbera.com\/fi\/tuote\/hammastava-lapanen\/","name":"Hammastava lapanen - Senbera FI","isPartOf":{"@id":"https:\/\/senbera.com\/fi\/#website"},"primaryImageOfPage":{"@id":"https:\/\/senbera.com\/fi\/tuote\/hammastava-lapanen\/#primaryimage"},"image":{"@id":"https:\/\/senbera.com\/fi\/tuote\/hammastava-lapanen\/#primaryimage"},"thumbnailUrl":"https:\/\/senbera.com\/fi\/wp-content\/uploads\/sites\/19\/2026\/01\/qpaqr84-1.jpeg","datePublished":"2026-01-20T18:02:54+00:00","dateModified":"2026-01-20T18:03:02+00:00","breadcrumb":{"@id":"https:\/\/senbera.com\/fi\/tuote\/hammastava-lapanen\/#breadcrumb"},"inLanguage":"fi","potentialAction":[{"@type":"ReadAction","target":["https:\/\/senbera.com\/fi\/tuote\/hammastava-lapanen\/"]}]},{"@type":"ImageObject","inLanguage":"fi","@id":"https:\/\/senbera.com\/fi\/tuote\/hammastava-lapanen\/#primaryimage","url":"https:\/\/senbera.com\/fi\/wp-content\/uploads\/sites\/19\/2026\/01\/qpaqr84-1.jpeg","contentUrl":"https:\/\/senbera.com\/fi\/wp-content\/uploads\/sites\/19\/2026\/01\/qpaqr84-1.jpeg","width":960,"height":960},{"@type":"BreadcrumbList","@id":"https:\/\/senbera.com\/fi\/tuote\/hammastava-lapanen\/#breadcrumb","itemListElement":[{"@type":"ListItem","position":1,"name":"Home","item":"https:\/\/senbera.com\/fi\/"},{"@type":"ListItem","position":2,"name":"Kauppa","item":"https:\/\/senbera.com\/fi\/kauppa\/"},{"@type":"ListItem","position":3,"name":"Hammastava lapanen"}]},{"@type":"WebSite","@id":"https:\/\/senbera.com\/fi\/#website","url":"https:\/\/senbera.com\/fi\/","name":"Senbera FI","description":"","publisher":{"@id":"https:\/\/senbera.com\/fi\/#organization"},"potentialAction":[{"@type":"SearchAction","target":{"@type":"EntryPoint","urlTemplate":"https:\/\/senbera.com\/fi\/?s={search_term_string}"},"query-input":{"@type":"PropertyValueSpecification","valueRequired":true,"valueName":"search_term_string"}}],"inLanguage":"fi"},{"@type":"Organization","@id":"https:\/\/senbera.com\/fi\/#organization","name":"Mekulo","url":"https:\/\/senbera.com\/fi\/","logo":{"@type":"ImageObject","inLanguage":"fi","@id":"https:\/\/senbera.com\/fi\/#\/schema\/logo\/image\/","url":"https:\/\/senbera.com\/fi\/wp-content\/uploads\/sites\/19\/2025\/12\/favicon_mekulo.png","contentUrl":"https:\/\/senbera.com\/fi\/wp-content\/uploads\/sites\/19\/2025\/12\/favicon_mekulo.png","width":50,"height":50,"caption":"Mekulo"},"image":{"@id":"https:\/\/senbera.com\/fi\/#\/schema\/logo\/image\/"}}]}},"_links":{"self":[{"href":"https:\/\/senbera.com\/fi\/wp-json\/wp\/v2\/product\/21280","targetHints":{"allow":["GET"]}}],"collection":[{"href":"https:\/\/senbera.com\/fi\/wp-json\/wp\/v2\/product"}],"about":[{"href":"https:\/\/senbera.com\/fi\/wp-json\/wp\/v2\/types\/product"}],"replies":[{"embeddable":true,"href":"https:\/\/senbera.com\/fi\/wp-json\/wp\/v2\/comments?post=21280"}],"wp:featuredmedia":[{"embeddable":true,"href":"https:\/\/senbera.com\/fi\/wp-json\/wp\/v2\/media\/21276"}],"wp:attachment":[{"href":"https:\/\/senbera.com\/fi\/wp-json\/wp\/v2\/media?parent=21280"}],"wp:term":[{"taxonomy":"product_brand","embeddable":true,"href":"https:\/\/senbera.com\/fi\/wp-json\/wp\/v2\/product_brand?post=21280"},{"taxonomy":"product_cat","embeddable":true,"href":"https:\/\/senbera.com\/fi\/wp-json\/wp\/v2\/product_cat?post=21280"},{"taxonomy":"product_tag","embeddable":true,"href":"https:\/\/senbera.com\/fi\/wp-json\/wp\/v2\/product_tag?post=21280"}],"curies":[{"name":"wp","href":"https:\/\/api.w.org\/{rel}","templated":true}]}}