{"id":21126,"date":"2026-01-19T08:43:25","date_gmt":"2026-01-19T06:43:25","guid":{"rendered":"https:\/\/senbera.com\/fi\/tuote\/kylpyharja\/"},"modified":"2026-01-19T08:43:34","modified_gmt":"2026-01-19T06:43:34","slug":"kylpyharja","status":"publish","type":"product","link":"https:\/\/senbera.com\/fi\/tuote\/kylpyharja\/","title":{"rendered":"Kylpyharja"},"content":{"rendered":"<p style=\"text-align: center\"><strong>Kuori, Puhdista Ja Virkist\u00e4 Vaivattomasti Koko Vartalo\u2014Jopa Selk\u00e4si.<\/strong><\/p>\n<p style=\"text-align: center\"><span style=\"font-weight: 400\">T\u00e4m\u00e4 pitk\u00e4vartinen kylpyharja tekee suihkuharjoittelusta helpompaa ja tehokkaampaa auttamalla sinua p\u00e4\u00e4sem\u00e4\u00e4n vaikeasti puhdistettaville alueille, kuten selk\u00e4\u00e4n. Pehmeiden harjakset ja sis\u00e4\u00e4nrakennettu suihkugeelis\u00e4ili\u00f6 poistavat hell\u00e4varaisesti kuollutta ihoa, parantavat verenkiertoa ja j\u00e4tt\u00e4v\u00e4t vartalon sile\u00e4ksi ja virkistyneeksi.<\/span><\/p>\n<p><img decoding=\"async\" class=\"alignnone size-full wp-image-17581 aligncenter\" src=\"https:\/\/keluvo.com\/template\/wp-content\/uploads\/sites\/5\/2025\/05\/BathBrush-ezgif.com-video-to-webp-converter.webp\" alt=\"\" \/><\/p>\n<h2 style=\"text-align: center\">\ud83c\udf1f T\u00e4rkeimm\u00e4t Edut<\/h2>\n<p><span style=\"font-weight: 400\">\ud83e\uddfc Poistaa kuollutta ihoa ja likaa helposti<\/span><span style=\"font-weight: 400\"><br \/>\n<\/span><\/p>\n<p><span style=\"font-weight: 400\">\ud83d\udec1 Sis\u00e4\u00e4nrakennettu suihkugeelis\u00e4ili\u00f6 yhdell\u00e4 kosketuksella bubbles<\/span><span style=\"font-weight: 400\"><br \/>\n<\/span><\/p>\n<p><span style=\"font-weight: 400\">\ud83d\udc86\u200d\u2640\ufe0f Tehostaa verenkiertoa ja auttaa v\u00e4hent\u00e4m\u00e4\u00e4n turvotusta<\/span><span style=\"font-weight: 400\"><br \/>\n<\/span><\/p>\n<p><span style=\"font-weight: 400\">\ud83e\uddfd Kaareva pitk\u00e4 kahva ylt\u00e4\u00e4 mukavasti selk\u00e4\u00e4n<\/span><span style=\"font-weight: 400\"><br \/>\n<\/span><\/p>\n<p><span style=\"font-weight: 400\">\ud83e\uddf4 Turvallinen, pehme\u00e4t nailonharjakset\u2014sopivat herk\u00e4lle iholle<\/span><span style=\"font-weight: 400\"><br \/>\n<\/span><\/p>\n<p><span style=\"font-weight: 400\">\ud83d\udebf T\u00e4ydellinen p\u00e4ivitt\u00e4iseen k\u00e4ytt\u00f6\u00f6n miss\u00e4 tahansa suihkussa tai bath<\/span><\/p>\n<p><img decoding=\"async\" class=\"alignnone size-full wp-image-17573 aligncenter\" src=\"https:\/\/keluvo.com\/template\/wp-content\/uploads\/sites\/5\/2025\/05\/680c54ac-decc-4707-ad48-60f3f0e5dbf2.webp.webp\" alt=\"\" \/><\/p>\n<h2 style=\"text-align: center\">\ud83d\udee0\ufe0f K\u00e4ytt\u00f6ohje<\/h2>\n<ol>\n<li style=\"font-weight: 400\"><span style=\"font-weight: 400\">T\u00e4yt\u00e4 sis\u00e4\u00e4nrakennettu s\u00e4ili\u00f6 suosikkisuihkugeelill\u00e4si.<\/span><span style=\"font-weight: 400\"><br \/>\n<\/span><\/li>\n<li style=\"font-weight: 400\"><span style=\"font-weight: 400\">Paina kerran p\u00e4\u00e4st\u00e4\u00e4ksesi kuplat irti.<\/span><span style=\"font-weight: 400\"><br \/>\n<\/span><\/li>\n<li style=\"font-weight: 400\"><span style=\"font-weight: 400\">K\u00e4yt\u00e4 harjaa vartalosi hankaamiseen, erityisesti vaikeasti saavutettavissa oleviin alueisiin.<\/span><span style=\"font-weight: 400\"><br \/>\n<\/span><\/li>\n<li style=\"font-weight: 400\"><span style=\"font-weight: 400\">Huuhtele ja ripusta kuivumaan k\u00e4yt\u00f6n j\u00e4lkeen.<\/span><\/li>\n<\/ol>\n<h2 style=\"text-align: center\">\ud83d\udccf Tuotetiedot<\/h2>\n<ul>\n<li style=\"font-weight: 400\"><span style=\"font-weight: 400\">Materiaali: PP, PS ja pehme\u00e4t nailonharjakset<\/span><span style=\"font-weight: 400\"><br \/>\n<\/span><\/li>\n<li style=\"font-weight: 400\"><span style=\"font-weight: 400\">Koko: 36 x 9 x 4,2 cm<\/span><span style=\"font-weight: 400\"><br \/>\n<\/span><\/li>\n<li style=\"font-weight: 400\"><span style=\"font-weight: 400\">V\u00e4rit: keltainen, harmaa, vihre\u00e4, vaaleanpunainen<\/span><span style=\"font-weight: 400\"><br \/>\n<\/span><\/li>\n<li style=\"font-weight: 400\"><span style=\"font-weight: 400\">Muotoilu: kaareva pitk\u00e4 kahva, jossa on sis\u00e4\u00e4nrakennettu saippua-annostelija<\/span><\/li>\n<\/ul>\n<h2 style=\"text-align: center\">\ud83d\udce6 Pakkaus Sis\u00e4lt\u00e4\u00e4<\/h2>\n<ul>\n<li><span style=\"font-weight: 400\">1x kylpyharja (sis\u00e4\u00e4nrakennetulla suihkugeelis\u00e4ili\u00f6ll\u00e4).<\/span><\/li>\n<\/ul>\n","protected":false},"excerpt":{"rendered":"<p>Kuori, Puhdista Ja Virkist\u00e4 Vaivattomasti Koko Vartalo\u2014Jopa Selk\u00e4si. T\u00e4m\u00e4 pitk\u00e4vartinen kylpyharja tekee suihkuharjoittelusta helpompaa ja tehokkaampaa auttamalla sinua p\u00e4\u00e4sem\u00e4\u00e4n vaikeasti [&hellip;]<\/p>\n","protected":false},"featured_media":21122,"comment_status":"open","ping_status":"closed","template":"","meta":{"site-sidebar-layout":"default","site-content-layout":"","ast-site-content-layout":"default","site-content-style":"default","site-sidebar-style":"default","ast-global-header-display":"","ast-banner-title-visibility":"","ast-main-header-display":"","ast-hfb-above-header-display":"","ast-hfb-below-header-display":"","ast-hfb-mobile-header-display":"","site-post-title":"","ast-breadcrumbs-content":"","ast-featured-img":"","footer-sml-layout":"","theme-transparent-header-meta":"default","adv-header-id-meta":"","stick-header-meta":"","header-above-stick-meta":"","header-main-stick-meta":"","header-below-stick-meta":"","astra-migrate-meta-layouts":"set","ast-page-background-enabled":"default","ast-page-background-meta":{"desktop":{"background-color":"var(--ast-global-color-5)","background-image":"","background-repeat":"repeat","background-position":"center center","background-size":"auto","background-attachment":"scroll","background-type":"","background-media":"","overlay-type":"","overlay-color":"","overlay-opacity":"","overlay-gradient":""},"tablet":{"background-color":"","background-image":"","background-repeat":"repeat","background-position":"center center","background-size":"auto","background-attachment":"scroll","background-type":"","background-media":"","overlay-type":"","overlay-color":"","overlay-opacity":"","overlay-gradient":""},"mobile":{"background-color":"","background-image":"","background-repeat":"repeat","background-position":"center center","background-size":"auto","background-attachment":"scroll","background-type":"","background-media":"","overlay-type":"","overlay-color":"","overlay-opacity":"","overlay-gradient":""}},"ast-content-background-meta":{"desktop":{"background-color":"var(--ast-global-color-4)","background-image":"","background-repeat":"repeat","background-position":"center center","background-size":"auto","background-attachment":"scroll","background-type":"","background-media":"","overlay-type":"","overlay-color":"","overlay-opacity":"","overlay-gradient":""},"tablet":{"background-color":"var(--ast-global-color-4)","background-image":"","background-repeat":"repeat","background-position":"center center","background-size":"auto","background-attachment":"scroll","background-type":"","background-media":"","overlay-type":"","overlay-color":"","overlay-opacity":"","overlay-gradient":""},"mobile":{"background-color":"var(--ast-global-color-4)","background-image":"","background-repeat":"repeat","background-position":"center center","background-size":"auto","background-attachment":"scroll","background-type":"","background-media":"","overlay-type":"","overlay-color":"","overlay-opacity":"","overlay-gradient":""}}},"product_brand":[],"product_cat":[15],"product_tag":[],"class_list":{"0":"post-21126","1":"product","2":"type-product","3":"status-publish","4":"has-post-thumbnail","6":"product_cat-luokittelematon","7":"pa_37490_equfmcbu-harmaa","8":"pa_37490_equfmcbu-keltainen","9":"pa_37490_equfmcbu-vaaleanpunainen","10":"pa_37490_equfmcbu-vihrea","11":"desktop-align-left","12":"tablet-align-left","13":"mobile-align-left","15":"first","16":"instock","17":"shipping-taxable","18":"purchasable","19":"product-type-variable"},"yoast_head":"<!-- This site is optimized with the Yoast SEO plugin v26.6 - https:\/\/yoast.com\/wordpress\/plugins\/seo\/ -->\n<title>Kylpyharja - Senbera FI<\/title>\n<meta name=\"robots\" content=\"index, follow, max-snippet:-1, max-image-preview:large, max-video-preview:-1\" \/>\n<link rel=\"canonical\" href=\"https:\/\/senbera.com\/fi\/tuote\/kylpyharja\/\" \/>\n<meta property=\"og:locale\" content=\"fi_FI\" \/>\n<meta property=\"og:type\" content=\"article\" \/>\n<meta property=\"og:title\" content=\"Kylpyharja - Senbera FI\" \/>\n<meta property=\"og:description\" content=\"Kuori, Puhdista Ja Virkist\u00e4 Vaivattomasti Koko Vartalo\u2014Jopa Selk\u00e4si. T\u00e4m\u00e4 pitk\u00e4vartinen kylpyharja tekee suihkuharjoittelusta helpompaa ja tehokkaampaa auttamalla sinua p\u00e4\u00e4sem\u00e4\u00e4n vaikeasti [&hellip;]\" \/>\n<meta property=\"og:url\" content=\"https:\/\/senbera.com\/fi\/tuote\/kylpyharja\/\" \/>\n<meta property=\"og:site_name\" content=\"Senbera FI\" \/>\n<meta property=\"article:modified_time\" content=\"2026-01-19T06:43:34+00:00\" \/>\n<meta name=\"twitter:card\" content=\"summary_large_image\" \/>\n<meta name=\"twitter:label1\" content=\"Arvioitu lukuaika\" \/>\n\t<meta name=\"twitter:data1\" content=\"1 minuutti\" \/>\n<script type=\"application\/ld+json\" class=\"yoast-schema-graph\">{\"@context\":\"https:\/\/schema.org\",\"@graph\":[{\"@type\":\"WebPage\",\"@id\":\"https:\/\/senbera.com\/fi\/tuote\/kylpyharja\/\",\"url\":\"https:\/\/senbera.com\/fi\/tuote\/kylpyharja\/\",\"name\":\"Kylpyharja - Senbera FI\",\"isPartOf\":{\"@id\":\"https:\/\/senbera.com\/fi\/#website\"},\"primaryImageOfPage\":{\"@id\":\"https:\/\/senbera.com\/fi\/tuote\/kylpyharja\/#primaryimage\"},\"image\":{\"@id\":\"https:\/\/senbera.com\/fi\/tuote\/kylpyharja\/#primaryimage\"},\"thumbnailUrl\":\"https:\/\/senbera.com\/fi\/wp-content\/uploads\/sites\/19\/2026\/01\/55953vj-1.jpeg\",\"datePublished\":\"2026-01-19T06:43:25+00:00\",\"dateModified\":\"2026-01-19T06:43:34+00:00\",\"breadcrumb\":{\"@id\":\"https:\/\/senbera.com\/fi\/tuote\/kylpyharja\/#breadcrumb\"},\"inLanguage\":\"fi\",\"potentialAction\":[{\"@type\":\"ReadAction\",\"target\":[\"https:\/\/senbera.com\/fi\/tuote\/kylpyharja\/\"]}]},{\"@type\":\"ImageObject\",\"inLanguage\":\"fi\",\"@id\":\"https:\/\/senbera.com\/fi\/tuote\/kylpyharja\/#primaryimage\",\"url\":\"https:\/\/senbera.com\/fi\/wp-content\/uploads\/sites\/19\/2026\/01\/55953vj-1.jpeg\",\"contentUrl\":\"https:\/\/senbera.com\/fi\/wp-content\/uploads\/sites\/19\/2026\/01\/55953vj-1.jpeg\",\"width\":960,\"height\":960},{\"@type\":\"BreadcrumbList\",\"@id\":\"https:\/\/senbera.com\/fi\/tuote\/kylpyharja\/#breadcrumb\",\"itemListElement\":[{\"@type\":\"ListItem\",\"position\":1,\"name\":\"Home\",\"item\":\"https:\/\/senbera.com\/fi\/\"},{\"@type\":\"ListItem\",\"position\":2,\"name\":\"Kauppa\",\"item\":\"https:\/\/senbera.com\/fi\/kauppa\/\"},{\"@type\":\"ListItem\",\"position\":3,\"name\":\"Kylpyharja\"}]},{\"@type\":\"WebSite\",\"@id\":\"https:\/\/senbera.com\/fi\/#website\",\"url\":\"https:\/\/senbera.com\/fi\/\",\"name\":\"Senbera FI\",\"description\":\"\",\"publisher\":{\"@id\":\"https:\/\/senbera.com\/fi\/#organization\"},\"potentialAction\":[{\"@type\":\"SearchAction\",\"target\":{\"@type\":\"EntryPoint\",\"urlTemplate\":\"https:\/\/senbera.com\/fi\/?s={search_term_string}\"},\"query-input\":{\"@type\":\"PropertyValueSpecification\",\"valueRequired\":true,\"valueName\":\"search_term_string\"}}],\"inLanguage\":\"fi\"},{\"@type\":\"Organization\",\"@id\":\"https:\/\/senbera.com\/fi\/#organization\",\"name\":\"Mekulo\",\"url\":\"https:\/\/senbera.com\/fi\/\",\"logo\":{\"@type\":\"ImageObject\",\"inLanguage\":\"fi\",\"@id\":\"https:\/\/senbera.com\/fi\/#\/schema\/logo\/image\/\",\"url\":\"https:\/\/senbera.com\/fi\/wp-content\/uploads\/sites\/19\/2025\/12\/favicon_mekulo.png\",\"contentUrl\":\"https:\/\/senbera.com\/fi\/wp-content\/uploads\/sites\/19\/2025\/12\/favicon_mekulo.png\",\"width\":50,\"height\":50,\"caption\":\"Mekulo\"},\"image\":{\"@id\":\"https:\/\/senbera.com\/fi\/#\/schema\/logo\/image\/\"}}]}<\/script>\n<!-- \/ Yoast SEO plugin. -->","yoast_head_json":{"title":"Kylpyharja - Senbera FI","robots":{"index":"index","follow":"follow","max-snippet":"max-snippet:-1","max-image-preview":"max-image-preview:large","max-video-preview":"max-video-preview:-1"},"canonical":"https:\/\/senbera.com\/fi\/tuote\/kylpyharja\/","og_locale":"fi_FI","og_type":"article","og_title":"Kylpyharja - Senbera FI","og_description":"Kuori, Puhdista Ja Virkist\u00e4 Vaivattomasti Koko Vartalo\u2014Jopa Selk\u00e4si. T\u00e4m\u00e4 pitk\u00e4vartinen kylpyharja tekee suihkuharjoittelusta helpompaa ja tehokkaampaa auttamalla sinua p\u00e4\u00e4sem\u00e4\u00e4n vaikeasti [&hellip;]","og_url":"https:\/\/senbera.com\/fi\/tuote\/kylpyharja\/","og_site_name":"Senbera FI","article_modified_time":"2026-01-19T06:43:34+00:00","twitter_card":"summary_large_image","twitter_misc":{"Arvioitu lukuaika":"1 minuutti"},"schema":{"@context":"https:\/\/schema.org","@graph":[{"@type":"WebPage","@id":"https:\/\/senbera.com\/fi\/tuote\/kylpyharja\/","url":"https:\/\/senbera.com\/fi\/tuote\/kylpyharja\/","name":"Kylpyharja - Senbera FI","isPartOf":{"@id":"https:\/\/senbera.com\/fi\/#website"},"primaryImageOfPage":{"@id":"https:\/\/senbera.com\/fi\/tuote\/kylpyharja\/#primaryimage"},"image":{"@id":"https:\/\/senbera.com\/fi\/tuote\/kylpyharja\/#primaryimage"},"thumbnailUrl":"https:\/\/senbera.com\/fi\/wp-content\/uploads\/sites\/19\/2026\/01\/55953vj-1.jpeg","datePublished":"2026-01-19T06:43:25+00:00","dateModified":"2026-01-19T06:43:34+00:00","breadcrumb":{"@id":"https:\/\/senbera.com\/fi\/tuote\/kylpyharja\/#breadcrumb"},"inLanguage":"fi","potentialAction":[{"@type":"ReadAction","target":["https:\/\/senbera.com\/fi\/tuote\/kylpyharja\/"]}]},{"@type":"ImageObject","inLanguage":"fi","@id":"https:\/\/senbera.com\/fi\/tuote\/kylpyharja\/#primaryimage","url":"https:\/\/senbera.com\/fi\/wp-content\/uploads\/sites\/19\/2026\/01\/55953vj-1.jpeg","contentUrl":"https:\/\/senbera.com\/fi\/wp-content\/uploads\/sites\/19\/2026\/01\/55953vj-1.jpeg","width":960,"height":960},{"@type":"BreadcrumbList","@id":"https:\/\/senbera.com\/fi\/tuote\/kylpyharja\/#breadcrumb","itemListElement":[{"@type":"ListItem","position":1,"name":"Home","item":"https:\/\/senbera.com\/fi\/"},{"@type":"ListItem","position":2,"name":"Kauppa","item":"https:\/\/senbera.com\/fi\/kauppa\/"},{"@type":"ListItem","position":3,"name":"Kylpyharja"}]},{"@type":"WebSite","@id":"https:\/\/senbera.com\/fi\/#website","url":"https:\/\/senbera.com\/fi\/","name":"Senbera FI","description":"","publisher":{"@id":"https:\/\/senbera.com\/fi\/#organization"},"potentialAction":[{"@type":"SearchAction","target":{"@type":"EntryPoint","urlTemplate":"https:\/\/senbera.com\/fi\/?s={search_term_string}"},"query-input":{"@type":"PropertyValueSpecification","valueRequired":true,"valueName":"search_term_string"}}],"inLanguage":"fi"},{"@type":"Organization","@id":"https:\/\/senbera.com\/fi\/#organization","name":"Mekulo","url":"https:\/\/senbera.com\/fi\/","logo":{"@type":"ImageObject","inLanguage":"fi","@id":"https:\/\/senbera.com\/fi\/#\/schema\/logo\/image\/","url":"https:\/\/senbera.com\/fi\/wp-content\/uploads\/sites\/19\/2025\/12\/favicon_mekulo.png","contentUrl":"https:\/\/senbera.com\/fi\/wp-content\/uploads\/sites\/19\/2025\/12\/favicon_mekulo.png","width":50,"height":50,"caption":"Mekulo"},"image":{"@id":"https:\/\/senbera.com\/fi\/#\/schema\/logo\/image\/"}}]}},"_links":{"self":[{"href":"https:\/\/senbera.com\/fi\/wp-json\/wp\/v2\/product\/21126","targetHints":{"allow":["GET"]}}],"collection":[{"href":"https:\/\/senbera.com\/fi\/wp-json\/wp\/v2\/product"}],"about":[{"href":"https:\/\/senbera.com\/fi\/wp-json\/wp\/v2\/types\/product"}],"replies":[{"embeddable":true,"href":"https:\/\/senbera.com\/fi\/wp-json\/wp\/v2\/comments?post=21126"}],"wp:featuredmedia":[{"embeddable":true,"href":"https:\/\/senbera.com\/fi\/wp-json\/wp\/v2\/media\/21122"}],"wp:attachment":[{"href":"https:\/\/senbera.com\/fi\/wp-json\/wp\/v2\/media?parent=21126"}],"wp:term":[{"taxonomy":"product_brand","embeddable":true,"href":"https:\/\/senbera.com\/fi\/wp-json\/wp\/v2\/product_brand?post=21126"},{"taxonomy":"product_cat","embeddable":true,"href":"https:\/\/senbera.com\/fi\/wp-json\/wp\/v2\/product_cat?post=21126"},{"taxonomy":"product_tag","embeddable":true,"href":"https:\/\/senbera.com\/fi\/wp-json\/wp\/v2\/product_tag?post=21126"}],"curies":[{"name":"wp","href":"https:\/\/api.w.org\/{rel}","templated":true}]}}