{"id":21051,"date":"2026-01-19T08:38:31","date_gmt":"2026-01-19T06:38:31","guid":{"rendered":"https:\/\/senbera.com\/fi\/tuote\/kuoriva-kasine\/"},"modified":"2026-01-19T08:38:40","modified_gmt":"2026-01-19T06:38:40","slug":"kuoriva-kasine","status":"publish","type":"product","link":"https:\/\/senbera.com\/fi\/tuote\/kuoriva-kasine\/","title":{"rendered":"Kuoriva k\u00e4sine"},"content":{"rendered":"<p style=\"text-align: center\"><b>Esittelyss\u00e4 kuorintak\u00e4sine &#8211; pehme\u00e4 ja tehokas apuri sile\u00e4lle, puhtaalle iholle.<\/b><\/p>\n<p style=\"text-align: center\"><span style=\"font-weight: 400\">Puhdistaa syv\u00e4lt\u00e4, tuntuu pehme\u00e4lt\u00e4. T\u00e4m\u00e4 taikak\u00e4sine poistaa kuolleen ihon ja j\u00e4tt\u00e4\u00e4 sinut hehkuvaksi &#8211; ei tarvita saippuaa!<\/span><\/p>\n<p><img decoding=\"async\" class=\"alignnone size-full wp-image-17348 aligncenter\" src=\"https:\/\/keluvo.com\/template\/wp-content\/uploads\/sites\/5\/2025\/05\/8cf66e78-1a0e-4b0b-8f48-9a5ab86f9587.gif.gif\" alt=\"\" \/><\/p>\n<h2 style=\"text-align: center\">T\u00e4rkeimm\u00e4t Edut<\/h2>\n<p><span style=\"font-weight: 400\">Kuorii kuolleen ihon, lian ja \u00f6ljyn pois nopeasti<\/span><\/p>\n<p><span style=\"font-weight: 400\">Helppo k\u00e4ytt\u00e4\u00e4 ja istuu tiukasti kiinni parempaa puhdistusta varten<\/span><\/p>\n<p><span style=\"font-weight: 400\">Ei tarvita saippuaa &#8211; vain vett\u00e4 ja hell\u00e4varaista hankausta<\/span><\/p>\n<p><span style=\"font-weight: 400\">Auttaa ihon tuntumaan sile\u00e4lt\u00e4, raikkaalta ja pehme\u00e4lt\u00e4<\/span><\/p>\n<p><span style=\"font-weight: 400\">Vahvistaa verenkiertoa ja v\u00e4hent\u00e4\u00e4 kuoppia ja sis\u00e4\u00e4nkasvaneiden karvojen muodostumista<\/span><\/p>\n<p><img decoding=\"async\" class=\"alignnone size-full wp-image-17350 aligncenter\" src=\"https:\/\/keluvo.com\/template\/wp-content\/uploads\/sites\/5\/2025\/05\/S6d202a99c1a04c4c89834402800be027U.jpg_960x960q75.jpg_.jpeg\" alt=\"\" \/><\/p>\n<h2 style=\"text-align: center\">T\u00e4rkein Tarjous<\/h2>\n<p style=\"text-align: center\"><span style=\"font-weight: 400\">T\u00e4m\u00e4 kuorintak\u00e4sine sopii kaikille, jotka haluavat pehme\u00e4n, hehkuvan ihon. Liota vain l\u00e4mpim\u00e4ss\u00e4 vedess\u00e4, kierr\u00e4 k\u00e4sine ulos ja kuori &#8211; siin\u00e4 kaikki! Ei tarvita saippuoita tai kuorinta-aineita. Se on vahva mutta hell\u00e4varainen ja t\u00e4ydellinen vartalonhoitoon. K\u00e4yt\u00e4 sit\u00e4 2-4 kertaa kuukaudessa saadaksesi parhaat tulokset.<\/span><\/p>\n<h2 style=\"text-align: center\">K\u00e4ytt\u00f6ohjeet<\/h2>\n<ol>\n<li style=\"font-weight: 400\"><span style=\"font-weight: 400\">Kastele vartalosi ja k\u00e4sine l\u00e4mpim\u00e4ll\u00e4 vedell\u00e4.<\/span><span style=\"font-weight: 400\"><br \/>\n<\/span><\/li>\n<li style=\"font-weight: 400\"><span style=\"font-weight: 400\">\u00c4L\u00c4 k\u00e4yt\u00e4 mit\u00e4\u00e4n saippuaa tai vartalopesua.<\/span><span style=\"font-weight: 400\"><br \/>\n<\/span><\/li>\n<li style=\"font-weight: 400\"><span style=\"font-weight: 400\">V\u00e4\u00e4nn\u00e4 k\u00e4sine ulos.<\/span><span style=\"font-weight: 400\"><br \/>\n<\/span><\/li>\n<li style=\"font-weight: 400\"><span style=\"font-weight: 400\">Hiero ihoasi yl\u00f6s, alas ja puolelta toiselle painamalla.<\/span><span style=\"font-weight: 400\"><br \/>\n<\/span><\/li>\n<li style=\"font-weight: 400\"><span style=\"font-weight: 400\">Huuhtele pois &#8211; nauti sile\u00e4st\u00e4, puhtaasta ihosta!<\/span><\/li>\n<li style=\"font-weight: 400\"><span style=\"font-weight: 400\">\u00c4l\u00e4 k\u00e4yt\u00e4 kasvoihin.<\/span><\/li>\n<\/ol>\n<h2 style=\"text-align: center\">Pakkaus Sis\u00e4lt\u00e4\u00e4<\/h2>\n<ul>\n<li><span style=\"font-weight: 400\">1x kuorintak\u00e4sine.<\/span><\/li>\n<\/ul>\n","protected":false},"excerpt":{"rendered":"<p>Esittelyss\u00e4 kuorintak\u00e4sine &#8211; pehme\u00e4 ja tehokas apuri sile\u00e4lle, puhtaalle iholle. Puhdistaa syv\u00e4lt\u00e4, tuntuu pehme\u00e4lt\u00e4. T\u00e4m\u00e4 taikak\u00e4sine poistaa kuolleen ihon ja [&hellip;]<\/p>\n","protected":false},"featured_media":21047,"comment_status":"open","ping_status":"closed","template":"","meta":{"site-sidebar-layout":"default","site-content-layout":"","ast-site-content-layout":"default","site-content-style":"default","site-sidebar-style":"default","ast-global-header-display":"","ast-banner-title-visibility":"","ast-main-header-display":"","ast-hfb-above-header-display":"","ast-hfb-below-header-display":"","ast-hfb-mobile-header-display":"","site-post-title":"","ast-breadcrumbs-content":"","ast-featured-img":"","footer-sml-layout":"","theme-transparent-header-meta":"default","adv-header-id-meta":"","stick-header-meta":"","header-above-stick-meta":"","header-main-stick-meta":"","header-below-stick-meta":"","astra-migrate-meta-layouts":"set","ast-page-background-enabled":"default","ast-page-background-meta":{"desktop":{"background-color":"var(--ast-global-color-5)","background-image":"","background-repeat":"repeat","background-position":"center center","background-size":"auto","background-attachment":"scroll","background-type":"","background-media":"","overlay-type":"","overlay-color":"","overlay-opacity":"","overlay-gradient":""},"tablet":{"background-color":"","background-image":"","background-repeat":"repeat","background-position":"center center","background-size":"auto","background-attachment":"scroll","background-type":"","background-media":"","overlay-type":"","overlay-color":"","overlay-opacity":"","overlay-gradient":""},"mobile":{"background-color":"","background-image":"","background-repeat":"repeat","background-position":"center center","background-size":"auto","background-attachment":"scroll","background-type":"","background-media":"","overlay-type":"","overlay-color":"","overlay-opacity":"","overlay-gradient":""}},"ast-content-background-meta":{"desktop":{"background-color":"var(--ast-global-color-4)","background-image":"","background-repeat":"repeat","background-position":"center center","background-size":"auto","background-attachment":"scroll","background-type":"","background-media":"","overlay-type":"","overlay-color":"","overlay-opacity":"","overlay-gradient":""},"tablet":{"background-color":"var(--ast-global-color-4)","background-image":"","background-repeat":"repeat","background-position":"center center","background-size":"auto","background-attachment":"scroll","background-type":"","background-media":"","overlay-type":"","overlay-color":"","overlay-opacity":"","overlay-gradient":""},"mobile":{"background-color":"var(--ast-global-color-4)","background-image":"","background-repeat":"repeat","background-position":"center center","background-size":"auto","background-attachment":"scroll","background-type":"","background-media":"","overlay-type":"","overlay-color":"","overlay-opacity":"","overlay-gradient":""}}},"product_brand":[],"product_cat":[15],"product_tag":[],"class_list":{"0":"post-21051","1":"product","2":"type-product","3":"status-publish","4":"has-post-thumbnail","6":"product_cat-luokittelematon","7":"pa_21233_ot06yi7u-keltainen","8":"pa_21233_ot06yi7u-sininen","9":"pa_21233_ot06yi7u-vaaleanpunainen","10":"pa_21233_ot06yi7u-vihrea","11":"desktop-align-left","12":"tablet-align-left","13":"mobile-align-left","15":"first","16":"instock","17":"shipping-taxable","18":"purchasable","19":"product-type-variable"},"yoast_head":"<!-- This site is optimized with the Yoast SEO plugin v26.6 - https:\/\/yoast.com\/wordpress\/plugins\/seo\/ -->\n<title>Kuoriva k\u00e4sine - Senbera FI<\/title>\n<meta name=\"robots\" content=\"index, follow, max-snippet:-1, max-image-preview:large, max-video-preview:-1\" \/>\n<link rel=\"canonical\" href=\"https:\/\/senbera.com\/fi\/tuote\/kuoriva-kasine\/\" \/>\n<meta property=\"og:locale\" content=\"fi_FI\" \/>\n<meta property=\"og:type\" content=\"article\" \/>\n<meta property=\"og:title\" content=\"Kuoriva k\u00e4sine - Senbera FI\" \/>\n<meta property=\"og:description\" content=\"Esittelyss\u00e4 kuorintak\u00e4sine &#8211; pehme\u00e4 ja tehokas apuri sile\u00e4lle, puhtaalle iholle. Puhdistaa syv\u00e4lt\u00e4, tuntuu pehme\u00e4lt\u00e4. T\u00e4m\u00e4 taikak\u00e4sine poistaa kuolleen ihon ja [&hellip;]\" \/>\n<meta property=\"og:url\" content=\"https:\/\/senbera.com\/fi\/tuote\/kuoriva-kasine\/\" \/>\n<meta property=\"og:site_name\" content=\"Senbera FI\" \/>\n<meta property=\"article:modified_time\" content=\"2026-01-19T06:38:40+00:00\" \/>\n<meta name=\"twitter:card\" content=\"summary_large_image\" \/>\n<meta name=\"twitter:label1\" content=\"Arvioitu lukuaika\" \/>\n\t<meta name=\"twitter:data1\" content=\"1 minuutti\" \/>\n<script type=\"application\/ld+json\" class=\"yoast-schema-graph\">{\"@context\":\"https:\/\/schema.org\",\"@graph\":[{\"@type\":\"WebPage\",\"@id\":\"https:\/\/senbera.com\/fi\/tuote\/kuoriva-kasine\/\",\"url\":\"https:\/\/senbera.com\/fi\/tuote\/kuoriva-kasine\/\",\"name\":\"Kuoriva k\u00e4sine - Senbera FI\",\"isPartOf\":{\"@id\":\"https:\/\/senbera.com\/fi\/#website\"},\"primaryImageOfPage\":{\"@id\":\"https:\/\/senbera.com\/fi\/tuote\/kuoriva-kasine\/#primaryimage\"},\"image\":{\"@id\":\"https:\/\/senbera.com\/fi\/tuote\/kuoriva-kasine\/#primaryimage\"},\"thumbnailUrl\":\"https:\/\/senbera.com\/fi\/wp-content\/uploads\/sites\/19\/2026\/01\/zdyxlkv-1.jpeg\",\"datePublished\":\"2026-01-19T06:38:31+00:00\",\"dateModified\":\"2026-01-19T06:38:40+00:00\",\"breadcrumb\":{\"@id\":\"https:\/\/senbera.com\/fi\/tuote\/kuoriva-kasine\/#breadcrumb\"},\"inLanguage\":\"fi\",\"potentialAction\":[{\"@type\":\"ReadAction\",\"target\":[\"https:\/\/senbera.com\/fi\/tuote\/kuoriva-kasine\/\"]}]},{\"@type\":\"ImageObject\",\"inLanguage\":\"fi\",\"@id\":\"https:\/\/senbera.com\/fi\/tuote\/kuoriva-kasine\/#primaryimage\",\"url\":\"https:\/\/senbera.com\/fi\/wp-content\/uploads\/sites\/19\/2026\/01\/zdyxlkv-1.jpeg\",\"contentUrl\":\"https:\/\/senbera.com\/fi\/wp-content\/uploads\/sites\/19\/2026\/01\/zdyxlkv-1.jpeg\",\"width\":800,\"height\":800},{\"@type\":\"BreadcrumbList\",\"@id\":\"https:\/\/senbera.com\/fi\/tuote\/kuoriva-kasine\/#breadcrumb\",\"itemListElement\":[{\"@type\":\"ListItem\",\"position\":1,\"name\":\"Home\",\"item\":\"https:\/\/senbera.com\/fi\/\"},{\"@type\":\"ListItem\",\"position\":2,\"name\":\"Kauppa\",\"item\":\"https:\/\/senbera.com\/fi\/kauppa\/\"},{\"@type\":\"ListItem\",\"position\":3,\"name\":\"Kuoriva k\u00e4sine\"}]},{\"@type\":\"WebSite\",\"@id\":\"https:\/\/senbera.com\/fi\/#website\",\"url\":\"https:\/\/senbera.com\/fi\/\",\"name\":\"Senbera FI\",\"description\":\"\",\"publisher\":{\"@id\":\"https:\/\/senbera.com\/fi\/#organization\"},\"potentialAction\":[{\"@type\":\"SearchAction\",\"target\":{\"@type\":\"EntryPoint\",\"urlTemplate\":\"https:\/\/senbera.com\/fi\/?s={search_term_string}\"},\"query-input\":{\"@type\":\"PropertyValueSpecification\",\"valueRequired\":true,\"valueName\":\"search_term_string\"}}],\"inLanguage\":\"fi\"},{\"@type\":\"Organization\",\"@id\":\"https:\/\/senbera.com\/fi\/#organization\",\"name\":\"Mekulo\",\"url\":\"https:\/\/senbera.com\/fi\/\",\"logo\":{\"@type\":\"ImageObject\",\"inLanguage\":\"fi\",\"@id\":\"https:\/\/senbera.com\/fi\/#\/schema\/logo\/image\/\",\"url\":\"https:\/\/senbera.com\/fi\/wp-content\/uploads\/sites\/19\/2025\/12\/favicon_mekulo.png\",\"contentUrl\":\"https:\/\/senbera.com\/fi\/wp-content\/uploads\/sites\/19\/2025\/12\/favicon_mekulo.png\",\"width\":50,\"height\":50,\"caption\":\"Mekulo\"},\"image\":{\"@id\":\"https:\/\/senbera.com\/fi\/#\/schema\/logo\/image\/\"}}]}<\/script>\n<!-- \/ Yoast SEO plugin. -->","yoast_head_json":{"title":"Kuoriva k\u00e4sine - Senbera FI","robots":{"index":"index","follow":"follow","max-snippet":"max-snippet:-1","max-image-preview":"max-image-preview:large","max-video-preview":"max-video-preview:-1"},"canonical":"https:\/\/senbera.com\/fi\/tuote\/kuoriva-kasine\/","og_locale":"fi_FI","og_type":"article","og_title":"Kuoriva k\u00e4sine - Senbera FI","og_description":"Esittelyss\u00e4 kuorintak\u00e4sine &#8211; pehme\u00e4 ja tehokas apuri sile\u00e4lle, puhtaalle iholle. Puhdistaa syv\u00e4lt\u00e4, tuntuu pehme\u00e4lt\u00e4. T\u00e4m\u00e4 taikak\u00e4sine poistaa kuolleen ihon ja [&hellip;]","og_url":"https:\/\/senbera.com\/fi\/tuote\/kuoriva-kasine\/","og_site_name":"Senbera FI","article_modified_time":"2026-01-19T06:38:40+00:00","twitter_card":"summary_large_image","twitter_misc":{"Arvioitu lukuaika":"1 minuutti"},"schema":{"@context":"https:\/\/schema.org","@graph":[{"@type":"WebPage","@id":"https:\/\/senbera.com\/fi\/tuote\/kuoriva-kasine\/","url":"https:\/\/senbera.com\/fi\/tuote\/kuoriva-kasine\/","name":"Kuoriva k\u00e4sine - Senbera FI","isPartOf":{"@id":"https:\/\/senbera.com\/fi\/#website"},"primaryImageOfPage":{"@id":"https:\/\/senbera.com\/fi\/tuote\/kuoriva-kasine\/#primaryimage"},"image":{"@id":"https:\/\/senbera.com\/fi\/tuote\/kuoriva-kasine\/#primaryimage"},"thumbnailUrl":"https:\/\/senbera.com\/fi\/wp-content\/uploads\/sites\/19\/2026\/01\/zdyxlkv-1.jpeg","datePublished":"2026-01-19T06:38:31+00:00","dateModified":"2026-01-19T06:38:40+00:00","breadcrumb":{"@id":"https:\/\/senbera.com\/fi\/tuote\/kuoriva-kasine\/#breadcrumb"},"inLanguage":"fi","potentialAction":[{"@type":"ReadAction","target":["https:\/\/senbera.com\/fi\/tuote\/kuoriva-kasine\/"]}]},{"@type":"ImageObject","inLanguage":"fi","@id":"https:\/\/senbera.com\/fi\/tuote\/kuoriva-kasine\/#primaryimage","url":"https:\/\/senbera.com\/fi\/wp-content\/uploads\/sites\/19\/2026\/01\/zdyxlkv-1.jpeg","contentUrl":"https:\/\/senbera.com\/fi\/wp-content\/uploads\/sites\/19\/2026\/01\/zdyxlkv-1.jpeg","width":800,"height":800},{"@type":"BreadcrumbList","@id":"https:\/\/senbera.com\/fi\/tuote\/kuoriva-kasine\/#breadcrumb","itemListElement":[{"@type":"ListItem","position":1,"name":"Home","item":"https:\/\/senbera.com\/fi\/"},{"@type":"ListItem","position":2,"name":"Kauppa","item":"https:\/\/senbera.com\/fi\/kauppa\/"},{"@type":"ListItem","position":3,"name":"Kuoriva k\u00e4sine"}]},{"@type":"WebSite","@id":"https:\/\/senbera.com\/fi\/#website","url":"https:\/\/senbera.com\/fi\/","name":"Senbera FI","description":"","publisher":{"@id":"https:\/\/senbera.com\/fi\/#organization"},"potentialAction":[{"@type":"SearchAction","target":{"@type":"EntryPoint","urlTemplate":"https:\/\/senbera.com\/fi\/?s={search_term_string}"},"query-input":{"@type":"PropertyValueSpecification","valueRequired":true,"valueName":"search_term_string"}}],"inLanguage":"fi"},{"@type":"Organization","@id":"https:\/\/senbera.com\/fi\/#organization","name":"Mekulo","url":"https:\/\/senbera.com\/fi\/","logo":{"@type":"ImageObject","inLanguage":"fi","@id":"https:\/\/senbera.com\/fi\/#\/schema\/logo\/image\/","url":"https:\/\/senbera.com\/fi\/wp-content\/uploads\/sites\/19\/2025\/12\/favicon_mekulo.png","contentUrl":"https:\/\/senbera.com\/fi\/wp-content\/uploads\/sites\/19\/2025\/12\/favicon_mekulo.png","width":50,"height":50,"caption":"Mekulo"},"image":{"@id":"https:\/\/senbera.com\/fi\/#\/schema\/logo\/image\/"}}]}},"_links":{"self":[{"href":"https:\/\/senbera.com\/fi\/wp-json\/wp\/v2\/product\/21051","targetHints":{"allow":["GET"]}}],"collection":[{"href":"https:\/\/senbera.com\/fi\/wp-json\/wp\/v2\/product"}],"about":[{"href":"https:\/\/senbera.com\/fi\/wp-json\/wp\/v2\/types\/product"}],"replies":[{"embeddable":true,"href":"https:\/\/senbera.com\/fi\/wp-json\/wp\/v2\/comments?post=21051"}],"wp:featuredmedia":[{"embeddable":true,"href":"https:\/\/senbera.com\/fi\/wp-json\/wp\/v2\/media\/21047"}],"wp:attachment":[{"href":"https:\/\/senbera.com\/fi\/wp-json\/wp\/v2\/media?parent=21051"}],"wp:term":[{"taxonomy":"product_brand","embeddable":true,"href":"https:\/\/senbera.com\/fi\/wp-json\/wp\/v2\/product_brand?post=21051"},{"taxonomy":"product_cat","embeddable":true,"href":"https:\/\/senbera.com\/fi\/wp-json\/wp\/v2\/product_cat?post=21051"},{"taxonomy":"product_tag","embeddable":true,"href":"https:\/\/senbera.com\/fi\/wp-json\/wp\/v2\/product_tag?post=21051"}],"curies":[{"name":"wp","href":"https:\/\/api.w.org\/{rel}","templated":true}]}}