{"id":21017,"date":"2026-01-19T08:36:29","date_gmt":"2026-01-19T06:36:29","guid":{"rendered":"https:\/\/senbera.com\/fi\/tuote\/hiusten-kihartamistyokalu\/"},"modified":"2026-01-19T08:36:38","modified_gmt":"2026-01-19T06:36:38","slug":"hiusten-kihartamistyokalu","status":"publish","type":"product","link":"https:\/\/senbera.com\/fi\/tuote\/hiusten-kihartamistyokalu\/","title":{"rendered":"Hiusten kihartamisty\u00f6kalu"},"content":{"rendered":"<p style=\"text-align: center\"><strong>Esittelyss\u00e4 Ei-L\u00e4mp\u00f6inen Kihartimet \u2013 Hell\u00e4varainen Tapa Saada Pehme\u00e4t, Terhakat Kiharat Ilman Vaurioita.<\/strong><\/p>\n<p style=\"text-align: center\"><span style=\"font-weight: 400\">Kihartimet ilman l\u00e4mp\u00f6\u00e4, helppoa, mukavaa ja turvallista kaikille hiustyypeille.<\/span><\/p>\n<p><img decoding=\"async\" class=\"alignnone size-full wp-image-17342 aligncenter\" src=\"https:\/\/keluvo.com\/template\/wp-content\/uploads\/sites\/5\/2025\/05\/CurlingIron-ezgif.com-video-to-webp-converter.webp\" alt=\"\" \/><\/p>\n<h2 style=\"text-align: center\">T\u00e4rkeimm\u00e4t Edut<\/h2>\n<p><span style=\"font-weight: 400\">Kihartimet ilman l\u00e4mp\u00f6\u00e4 &#8211; ei vaurioita tai kuivumista<\/span><\/p>\n<p><span style=\"font-weight: 400\">Pehme\u00e4 ja mukava k\u00e4ytt\u00e4\u00e4 nukkuessasi<\/span><\/p>\n<p><span style=\"font-weight: 400\">El\u00e4m\u00e4n helppok\u00e4ytt\u00f6inen &#8211; vain kiedo ja kiinnit\u00e4 ennen nukkumaanmenoa<\/span><\/p>\n<p><span style=\"font-weight: 400\">S\u00e4\u00e4st\u00e4\u00e4 aikaa &#8211; her\u00e4\u00e4 heti valmiit kiharat<\/span><\/p>\n<p><span style=\"font-weight: 400\">Sopii hyvin kotioloissa, matkoilla tai p\u00e4ivitt\u00e4isess\u00e4 k\u00e4yt\u00f6ss\u00e4<\/span><\/p>\n<p><img decoding=\"async\" class=\"alignnone size-full wp-image-17336 aligncenter\" src=\"https:\/\/keluvo.com\/template\/wp-content\/uploads\/sites\/5\/2025\/05\/S303d837f111a413280dffe494723fcefX.jpg_960x960q75.jpg_.jpeg\" alt=\"\" \/><\/p>\n<h2 style=\"text-align: center\">Tarjous<\/h2>\n<p style=\"text-align: center\"><span style=\"font-weight: 400\">T\u00e4m\u00e4 kihartimissetti sopii kaikille, jotka haluavat kauniita kiharoita ilman l\u00e4mp\u00f6\u00e4. Kiedo vain hiukset pehme\u00e4n tikun ymp\u00e4rille y\u00f6ll\u00e4, ja aamulla sinulla on kauniit kiharat. Se on turvallinen, uudelleenk\u00e4ytett\u00e4v\u00e4 ja niin helppo &#8211; ei pistokkeita, ei l\u00e4mp\u00f6\u00e4, ei h\u00f6ss\u00f6tyst\u00e4. T\u00e4ydellinen p\u00e4ivitt\u00e4iseen muotoiluun tai erityistapahtumiin. My\u00f6s loistava lahja yst\u00e4ville tai perheelle!<\/span><\/p>\n<h2 style=\"text-align: center\">K\u00e4ytt\u00f6<\/h2>\n<ol>\n<li style=\"font-weight: 400\"><span style=\"font-weight: 400\">K\u00e4yt\u00e4 kampaa jaa hieman kosteat hiuksesi.<\/span><span style=\"font-weight: 400\"><br \/>\n<\/span><\/li>\n<li style=\"font-weight: 400\"><span style=\"font-weight: 400\">Kiedo pieni\u00e4 osia pehme\u00e4n tikun ymp\u00e4rille.<\/span><span style=\"font-weight: 400\"><br \/>\n<\/span><\/li>\n<li style=\"font-weight: 400\"><span style=\"font-weight: 400\">Kiinnit\u00e4 kumpikin puoli mukana toimitetuilla hiusrenkailla.<\/span><span style=\"font-weight: 400\"><br \/>\n<\/span><\/li>\n<li style=\"font-weight: 400\"><span style=\"font-weight: 400\">K\u00e4yt\u00e4 klipsi\u00e4 pit\u00e4m\u00e4\u00e4n se paikallaan y\u00f6n yli.<\/span><span style=\"font-weight: 400\"><br \/>\n<\/span><\/li>\n<li style=\"font-weight: 400\"><span style=\"font-weight: 400\">Aamulla poista ja nauti kiharoista!<\/span><\/li>\n<\/ol>\n<h2 style=\"text-align: center\">Pakkaus Sis\u00e4lt\u00e4\u00e4<\/h2>\n<ul>\n<li style=\"font-weight: 400\"><span style=\"font-weight: 400\">1x kihartamisty\u00f6kalu<\/span><\/li>\n<li style=\"font-weight: 400\"><span style=\"font-weight: 400\">2x hiusrenkaat<\/span><\/li>\n<li style=\"font-weight: 400\"><span style=\"font-weight: 400\">1x hiusklipsi.<\/span><\/li>\n<\/ul>\n","protected":false},"excerpt":{"rendered":"<p>Esittelyss\u00e4 Ei-L\u00e4mp\u00f6inen Kihartimet \u2013 Hell\u00e4varainen Tapa Saada Pehme\u00e4t, Terhakat Kiharat Ilman Vaurioita. Kihartimet ilman l\u00e4mp\u00f6\u00e4, helppoa, mukavaa ja turvallista kaikille [&hellip;]<\/p>\n","protected":false},"featured_media":21013,"comment_status":"open","ping_status":"closed","template":"","meta":{"site-sidebar-layout":"default","site-content-layout":"","ast-site-content-layout":"default","site-content-style":"default","site-sidebar-style":"default","ast-global-header-display":"","ast-banner-title-visibility":"","ast-main-header-display":"","ast-hfb-above-header-display":"","ast-hfb-below-header-display":"","ast-hfb-mobile-header-display":"","site-post-title":"","ast-breadcrumbs-content":"","ast-featured-img":"","footer-sml-layout":"","theme-transparent-header-meta":"default","adv-header-id-meta":"","stick-header-meta":"","header-above-stick-meta":"","header-main-stick-meta":"","header-below-stick-meta":"","astra-migrate-meta-layouts":"set","ast-page-background-enabled":"default","ast-page-background-meta":{"desktop":{"background-color":"var(--ast-global-color-5)","background-image":"","background-repeat":"repeat","background-position":"center center","background-size":"auto","background-attachment":"scroll","background-type":"","background-media":"","overlay-type":"","overlay-color":"","overlay-opacity":"","overlay-gradient":""},"tablet":{"background-color":"","background-image":"","background-repeat":"repeat","background-position":"center center","background-size":"auto","background-attachment":"scroll","background-type":"","background-media":"","overlay-type":"","overlay-color":"","overlay-opacity":"","overlay-gradient":""},"mobile":{"background-color":"","background-image":"","background-repeat":"repeat","background-position":"center center","background-size":"auto","background-attachment":"scroll","background-type":"","background-media":"","overlay-type":"","overlay-color":"","overlay-opacity":"","overlay-gradient":""}},"ast-content-background-meta":{"desktop":{"background-color":"var(--ast-global-color-4)","background-image":"","background-repeat":"repeat","background-position":"center center","background-size":"auto","background-attachment":"scroll","background-type":"","background-media":"","overlay-type":"","overlay-color":"","overlay-opacity":"","overlay-gradient":""},"tablet":{"background-color":"var(--ast-global-color-4)","background-image":"","background-repeat":"repeat","background-position":"center center","background-size":"auto","background-attachment":"scroll","background-type":"","background-media":"","overlay-type":"","overlay-color":"","overlay-opacity":"","overlay-gradient":""},"mobile":{"background-color":"var(--ast-global-color-4)","background-image":"","background-repeat":"repeat","background-position":"center center","background-size":"auto","background-attachment":"scroll","background-type":"","background-media":"","overlay-type":"","overlay-color":"","overlay-opacity":"","overlay-gradient":""}}},"product_brand":[],"product_cat":[15],"product_tag":[],"class_list":{"0":"post-21017","1":"product","2":"type-product","3":"status-publish","4":"has-post-thumbnail","6":"product_cat-luokittelematon","7":"pa_44367_7jzmdwaw-leopardi","8":"pa_44367_7jzmdwaw-musta","9":"pa_44367_7jzmdwaw-samppanja","10":"pa_44367_7jzmdwaw-vaaleanpunainen","11":"desktop-align-left","12":"tablet-align-left","13":"mobile-align-left","15":"first","16":"instock","17":"shipping-taxable","18":"purchasable","19":"product-type-variable"},"yoast_head":"<!-- This site is optimized with the Yoast SEO plugin v26.6 - https:\/\/yoast.com\/wordpress\/plugins\/seo\/ -->\n<title>Hiusten kihartamisty\u00f6kalu - Senbera FI<\/title>\n<meta name=\"robots\" content=\"index, follow, max-snippet:-1, max-image-preview:large, max-video-preview:-1\" \/>\n<link rel=\"canonical\" href=\"https:\/\/senbera.com\/fi\/tuote\/hiusten-kihartamistyokalu\/\" \/>\n<meta property=\"og:locale\" content=\"fi_FI\" \/>\n<meta property=\"og:type\" content=\"article\" \/>\n<meta property=\"og:title\" content=\"Hiusten kihartamisty\u00f6kalu - Senbera FI\" \/>\n<meta property=\"og:description\" content=\"Esittelyss\u00e4 Ei-L\u00e4mp\u00f6inen Kihartimet \u2013 Hell\u00e4varainen Tapa Saada Pehme\u00e4t, Terhakat Kiharat Ilman Vaurioita. Kihartimet ilman l\u00e4mp\u00f6\u00e4, helppoa, mukavaa ja turvallista kaikille [&hellip;]\" \/>\n<meta property=\"og:url\" content=\"https:\/\/senbera.com\/fi\/tuote\/hiusten-kihartamistyokalu\/\" \/>\n<meta property=\"og:site_name\" content=\"Senbera FI\" \/>\n<meta property=\"article:modified_time\" content=\"2026-01-19T06:36:38+00:00\" \/>\n<meta property=\"og:image\" content=\"https:\/\/senbera.com\/fi\/wp-content\/uploads\/sites\/19\/2026\/01\/6ukbq47-1.jpeg\" \/>\n\t<meta property=\"og:image:width\" content=\"800\" \/>\n\t<meta property=\"og:image:height\" content=\"800\" \/>\n\t<meta property=\"og:image:type\" content=\"image\/jpeg\" \/>\n<meta name=\"twitter:card\" content=\"summary_large_image\" \/>\n<meta name=\"twitter:label1\" content=\"Arvioitu lukuaika\" \/>\n\t<meta name=\"twitter:data1\" content=\"2 minuuttia\" \/>\n<script type=\"application\/ld+json\" class=\"yoast-schema-graph\">{\"@context\":\"https:\/\/schema.org\",\"@graph\":[{\"@type\":\"WebPage\",\"@id\":\"https:\/\/senbera.com\/fi\/tuote\/hiusten-kihartamistyokalu\/\",\"url\":\"https:\/\/senbera.com\/fi\/tuote\/hiusten-kihartamistyokalu\/\",\"name\":\"Hiusten kihartamisty\u00f6kalu - Senbera FI\",\"isPartOf\":{\"@id\":\"https:\/\/senbera.com\/fi\/#website\"},\"primaryImageOfPage\":{\"@id\":\"https:\/\/senbera.com\/fi\/tuote\/hiusten-kihartamistyokalu\/#primaryimage\"},\"image\":{\"@id\":\"https:\/\/senbera.com\/fi\/tuote\/hiusten-kihartamistyokalu\/#primaryimage\"},\"thumbnailUrl\":\"https:\/\/senbera.com\/fi\/wp-content\/uploads\/sites\/19\/2026\/01\/6ukbq47-1.jpeg\",\"datePublished\":\"2026-01-19T06:36:29+00:00\",\"dateModified\":\"2026-01-19T06:36:38+00:00\",\"breadcrumb\":{\"@id\":\"https:\/\/senbera.com\/fi\/tuote\/hiusten-kihartamistyokalu\/#breadcrumb\"},\"inLanguage\":\"fi\",\"potentialAction\":[{\"@type\":\"ReadAction\",\"target\":[\"https:\/\/senbera.com\/fi\/tuote\/hiusten-kihartamistyokalu\/\"]}]},{\"@type\":\"ImageObject\",\"inLanguage\":\"fi\",\"@id\":\"https:\/\/senbera.com\/fi\/tuote\/hiusten-kihartamistyokalu\/#primaryimage\",\"url\":\"https:\/\/senbera.com\/fi\/wp-content\/uploads\/sites\/19\/2026\/01\/6ukbq47-1.jpeg\",\"contentUrl\":\"https:\/\/senbera.com\/fi\/wp-content\/uploads\/sites\/19\/2026\/01\/6ukbq47-1.jpeg\",\"width\":800,\"height\":800},{\"@type\":\"BreadcrumbList\",\"@id\":\"https:\/\/senbera.com\/fi\/tuote\/hiusten-kihartamistyokalu\/#breadcrumb\",\"itemListElement\":[{\"@type\":\"ListItem\",\"position\":1,\"name\":\"Home\",\"item\":\"https:\/\/senbera.com\/fi\/\"},{\"@type\":\"ListItem\",\"position\":2,\"name\":\"Kauppa\",\"item\":\"https:\/\/senbera.com\/fi\/kauppa\/\"},{\"@type\":\"ListItem\",\"position\":3,\"name\":\"Hiusten kihartamisty\u00f6kalu\"}]},{\"@type\":\"WebSite\",\"@id\":\"https:\/\/senbera.com\/fi\/#website\",\"url\":\"https:\/\/senbera.com\/fi\/\",\"name\":\"Senbera FI\",\"description\":\"\",\"publisher\":{\"@id\":\"https:\/\/senbera.com\/fi\/#organization\"},\"potentialAction\":[{\"@type\":\"SearchAction\",\"target\":{\"@type\":\"EntryPoint\",\"urlTemplate\":\"https:\/\/senbera.com\/fi\/?s={search_term_string}\"},\"query-input\":{\"@type\":\"PropertyValueSpecification\",\"valueRequired\":true,\"valueName\":\"search_term_string\"}}],\"inLanguage\":\"fi\"},{\"@type\":\"Organization\",\"@id\":\"https:\/\/senbera.com\/fi\/#organization\",\"name\":\"Mekulo\",\"url\":\"https:\/\/senbera.com\/fi\/\",\"logo\":{\"@type\":\"ImageObject\",\"inLanguage\":\"fi\",\"@id\":\"https:\/\/senbera.com\/fi\/#\/schema\/logo\/image\/\",\"url\":\"https:\/\/senbera.com\/fi\/wp-content\/uploads\/sites\/19\/2025\/12\/favicon_mekulo.png\",\"contentUrl\":\"https:\/\/senbera.com\/fi\/wp-content\/uploads\/sites\/19\/2025\/12\/favicon_mekulo.png\",\"width\":50,\"height\":50,\"caption\":\"Mekulo\"},\"image\":{\"@id\":\"https:\/\/senbera.com\/fi\/#\/schema\/logo\/image\/\"}}]}<\/script>\n<!-- \/ Yoast SEO plugin. -->","yoast_head_json":{"title":"Hiusten kihartamisty\u00f6kalu - Senbera FI","robots":{"index":"index","follow":"follow","max-snippet":"max-snippet:-1","max-image-preview":"max-image-preview:large","max-video-preview":"max-video-preview:-1"},"canonical":"https:\/\/senbera.com\/fi\/tuote\/hiusten-kihartamistyokalu\/","og_locale":"fi_FI","og_type":"article","og_title":"Hiusten kihartamisty\u00f6kalu - Senbera FI","og_description":"Esittelyss\u00e4 Ei-L\u00e4mp\u00f6inen Kihartimet \u2013 Hell\u00e4varainen Tapa Saada Pehme\u00e4t, Terhakat Kiharat Ilman Vaurioita. Kihartimet ilman l\u00e4mp\u00f6\u00e4, helppoa, mukavaa ja turvallista kaikille [&hellip;]","og_url":"https:\/\/senbera.com\/fi\/tuote\/hiusten-kihartamistyokalu\/","og_site_name":"Senbera FI","article_modified_time":"2026-01-19T06:36:38+00:00","og_image":[{"width":800,"height":800,"url":"https:\/\/senbera.com\/fi\/wp-content\/uploads\/sites\/19\/2026\/01\/6ukbq47-1.jpeg","type":"image\/jpeg"}],"twitter_card":"summary_large_image","twitter_misc":{"Arvioitu lukuaika":"2 minuuttia"},"schema":{"@context":"https:\/\/schema.org","@graph":[{"@type":"WebPage","@id":"https:\/\/senbera.com\/fi\/tuote\/hiusten-kihartamistyokalu\/","url":"https:\/\/senbera.com\/fi\/tuote\/hiusten-kihartamistyokalu\/","name":"Hiusten kihartamisty\u00f6kalu - Senbera FI","isPartOf":{"@id":"https:\/\/senbera.com\/fi\/#website"},"primaryImageOfPage":{"@id":"https:\/\/senbera.com\/fi\/tuote\/hiusten-kihartamistyokalu\/#primaryimage"},"image":{"@id":"https:\/\/senbera.com\/fi\/tuote\/hiusten-kihartamistyokalu\/#primaryimage"},"thumbnailUrl":"https:\/\/senbera.com\/fi\/wp-content\/uploads\/sites\/19\/2026\/01\/6ukbq47-1.jpeg","datePublished":"2026-01-19T06:36:29+00:00","dateModified":"2026-01-19T06:36:38+00:00","breadcrumb":{"@id":"https:\/\/senbera.com\/fi\/tuote\/hiusten-kihartamistyokalu\/#breadcrumb"},"inLanguage":"fi","potentialAction":[{"@type":"ReadAction","target":["https:\/\/senbera.com\/fi\/tuote\/hiusten-kihartamistyokalu\/"]}]},{"@type":"ImageObject","inLanguage":"fi","@id":"https:\/\/senbera.com\/fi\/tuote\/hiusten-kihartamistyokalu\/#primaryimage","url":"https:\/\/senbera.com\/fi\/wp-content\/uploads\/sites\/19\/2026\/01\/6ukbq47-1.jpeg","contentUrl":"https:\/\/senbera.com\/fi\/wp-content\/uploads\/sites\/19\/2026\/01\/6ukbq47-1.jpeg","width":800,"height":800},{"@type":"BreadcrumbList","@id":"https:\/\/senbera.com\/fi\/tuote\/hiusten-kihartamistyokalu\/#breadcrumb","itemListElement":[{"@type":"ListItem","position":1,"name":"Home","item":"https:\/\/senbera.com\/fi\/"},{"@type":"ListItem","position":2,"name":"Kauppa","item":"https:\/\/senbera.com\/fi\/kauppa\/"},{"@type":"ListItem","position":3,"name":"Hiusten kihartamisty\u00f6kalu"}]},{"@type":"WebSite","@id":"https:\/\/senbera.com\/fi\/#website","url":"https:\/\/senbera.com\/fi\/","name":"Senbera FI","description":"","publisher":{"@id":"https:\/\/senbera.com\/fi\/#organization"},"potentialAction":[{"@type":"SearchAction","target":{"@type":"EntryPoint","urlTemplate":"https:\/\/senbera.com\/fi\/?s={search_term_string}"},"query-input":{"@type":"PropertyValueSpecification","valueRequired":true,"valueName":"search_term_string"}}],"inLanguage":"fi"},{"@type":"Organization","@id":"https:\/\/senbera.com\/fi\/#organization","name":"Mekulo","url":"https:\/\/senbera.com\/fi\/","logo":{"@type":"ImageObject","inLanguage":"fi","@id":"https:\/\/senbera.com\/fi\/#\/schema\/logo\/image\/","url":"https:\/\/senbera.com\/fi\/wp-content\/uploads\/sites\/19\/2025\/12\/favicon_mekulo.png","contentUrl":"https:\/\/senbera.com\/fi\/wp-content\/uploads\/sites\/19\/2025\/12\/favicon_mekulo.png","width":50,"height":50,"caption":"Mekulo"},"image":{"@id":"https:\/\/senbera.com\/fi\/#\/schema\/logo\/image\/"}}]}},"_links":{"self":[{"href":"https:\/\/senbera.com\/fi\/wp-json\/wp\/v2\/product\/21017","targetHints":{"allow":["GET"]}}],"collection":[{"href":"https:\/\/senbera.com\/fi\/wp-json\/wp\/v2\/product"}],"about":[{"href":"https:\/\/senbera.com\/fi\/wp-json\/wp\/v2\/types\/product"}],"replies":[{"embeddable":true,"href":"https:\/\/senbera.com\/fi\/wp-json\/wp\/v2\/comments?post=21017"}],"wp:featuredmedia":[{"embeddable":true,"href":"https:\/\/senbera.com\/fi\/wp-json\/wp\/v2\/media\/21013"}],"wp:attachment":[{"href":"https:\/\/senbera.com\/fi\/wp-json\/wp\/v2\/media?parent=21017"}],"wp:term":[{"taxonomy":"product_brand","embeddable":true,"href":"https:\/\/senbera.com\/fi\/wp-json\/wp\/v2\/product_brand?post=21017"},{"taxonomy":"product_cat","embeddable":true,"href":"https:\/\/senbera.com\/fi\/wp-json\/wp\/v2\/product_cat?post=21017"},{"taxonomy":"product_tag","embeddable":true,"href":"https:\/\/senbera.com\/fi\/wp-json\/wp\/v2\/product_tag?post=21017"}],"curies":[{"name":"wp","href":"https:\/\/api.w.org\/{rel}","templated":true}]}}