{"id":20988,"date":"2026-01-19T08:35:18","date_gmt":"2026-01-19T06:35:18","guid":{"rendered":"https:\/\/senbera.com\/fi\/tuote\/kadenjalki-pakkaus-40g\/"},"modified":"2026-01-19T08:35:39","modified_gmt":"2026-01-19T06:35:39","slug":"kadenjalki-pakkaus-40g","status":"publish","type":"product","link":"https:\/\/senbera.com\/fi\/tuote\/kadenjalki-pakkaus-40g\/","title":{"rendered":"K\u00e4denj\u00e4lki-pakkaus (40g)"},"content":{"rendered":"<p style=\"text-align: center\"><b>\ud83d\udc76Luo ikuisesti kest\u00e4v\u00e4 muisto vauvasi pienest\u00e4 k\u00e4den- tai jalanj\u00e4ljest\u00e4.\ud83d\udc63<\/b><\/p>\n<p style=\"text-align: center\"><span style=\"font-weight: 400\">T\u00e4m\u00e4 pehme\u00e4 ja turvallinen vauvasavipakkaus on kaunis tapa tallentaa vastasyntyneen k\u00e4den- tai jalanj\u00e4lki muistoesineeksi. Olipa kyseess\u00e4 vauvasi ensimm\u00e4iset p\u00e4iv\u00e4t tai lahja uusille vanhemmille, t\u00e4m\u00e4 DIY-savi on helppo ja merkityksellinen tapa muistaa nuo arvokkaat pienet yksityiskohdat.<\/span><\/p>\n<p><img decoding=\"async\" class=\"size-full wp-image-17412 aligncenter\" src=\"https:\/\/keluvo.com\/template\/wp-content\/uploads\/sites\/5\/2025\/05\/babu-ezgif.com-video-to-webp-converter.webp\" alt=\"\" \/><\/p>\n<h2 style=\"text-align: center\">\ud83c\udf1f T\u00e4rkeimm\u00e4t Edut<\/h2>\n<p><span style=\"font-weight: 400\">\ud83d\udc63 Helppo tehd\u00e4 k\u00e4si- tai jalanj\u00e4lki\u00e4 kotona<\/span><span style=\"font-weight: 400\"><br \/>\n<\/span><\/p>\n<p><span style=\"font-weight: 400\">\ud83e\uddfc Pehme\u00e4, sile\u00e4 ja tahmea savi &#8211; ei sotkua<\/span><span style=\"font-weight: 400\"><br \/>\n<\/span><\/p>\n<p><span style=\"font-weight: 400\">\ud83c\udf7c Turvallinen ja myrkyt\u00f6n vastasyntyneen iholle<\/span><span style=\"font-weight: 400\"><br \/>\n<\/span><\/p>\n<p><span style=\"font-weight: 400\">\ud83c\udf81 T\u00e4ydellinen lahja tai vauvajuhlien muisto<\/span><span style=\"font-weight: 400\"><br \/>\n<\/span><\/p>\n<p><span style=\"font-weight: 400\">\u23f3 Ilmakuivuu vuorokaudessa &#8211; ei vaadi leivontaa<\/span><\/p>\n<p><span style=\"font-weight: 400\">\ud83d\udce6 Helppo ja kevyt varastoida tai display<\/span><\/p>\n<p><img decoding=\"async\" class=\"size-full wp-image-17414 aligncenter\" src=\"https:\/\/keluvo.com\/template\/wp-content\/uploads\/sites\/5\/2025\/05\/S212343efbfea4c87a096f854eb10cc083.jpg_960x960q75.jpg_.avif\" alt=\"\" \/><\/p>\n<h2 style=\"text-align: center\">\ud83d\udee0\ufe0f K\u00e4ytt\u00f6ohjeet<\/h2>\n<ol>\n<li style=\"font-weight: 400\"><span style=\"font-weight: 400\">Avaa savipakkaus.<\/span><span style=\"font-weight: 400\"><br \/>\n<\/span><\/li>\n<li style=\"font-weight: 400\"><span style=\"font-weight: 400\">Litist\u00e4 savi ympyr\u00e4n tai neli\u00f6n muotoon.<\/span><span style=\"font-weight: 400\"><br \/>\n<\/span><\/li>\n<li style=\"font-weight: 400\"><span style=\"font-weight: 400\">Paina vauvan k\u00e4si tai jalka varovasti saveen.<\/span><\/li>\n<li style=\"font-weight: 400\"><span style=\"font-weight: 400\">Anna sen kuivua ilmassa 24 tuntia puhtaassa tilassa.<\/span><\/li>\n<\/ol>\n<h2 style=\"text-align: center\">\ud83d\udccf Tuotetiedot<\/h2>\n<ul>\n<li style=\"font-weight: 400\"><span style=\"font-weight: 400\">Materiaali: luonnollinen kalsiumjauhe, kasvi\u00f6ljy, purukumi<\/span><span style=\"font-weight: 400\"><br \/>\n<\/span><\/li>\n<li style=\"font-weight: 400\"><span style=\"font-weight: 400\">Paino: 40g per pakkaus<\/span><span style=\"font-weight: 400\"><br \/>\n<\/span><\/li>\n<li style=\"font-weight: 400\"><span style=\"font-weight: 400\">Soveltuu vastasyntyneille 6 kk:n ik\u00e4isille<\/span><\/li>\n<li style=\"font-weight: 400\"><span style=\"font-weight: 400\">Kuivuu luonnollisesti ilmassa ja valossa<\/span><\/li>\n<\/ul>\n<h2 style=\"text-align: center\">\ud83d\udce6 Pakkaus Sis\u00e4lt\u00e4\u00e4<\/h2>\n<ul>\n<li style=\"font-weight: 400\"><span style=\"font-weight: 400\">1x pussi vauvan jalanj\u00e4lkisavea.<\/span><\/li>\n<\/ul>\n<p>&nbsp;<\/p>\n<p>&nbsp;<\/p>\n","protected":false},"excerpt":{"rendered":"<p>\ud83d\udc76Luo ikuisesti kest\u00e4v\u00e4 muisto vauvasi pienest\u00e4 k\u00e4den- tai jalanj\u00e4ljest\u00e4.\ud83d\udc63 T\u00e4m\u00e4 pehme\u00e4 ja turvallinen vauvasavipakkaus on kaunis tapa tallentaa vastasyntyneen k\u00e4den- [&hellip;]<\/p>\n","protected":false},"featured_media":20984,"comment_status":"open","ping_status":"closed","template":"","meta":{"site-sidebar-layout":"default","site-content-layout":"","ast-site-content-layout":"default","site-content-style":"default","site-sidebar-style":"default","ast-global-header-display":"","ast-banner-title-visibility":"","ast-main-header-display":"","ast-hfb-above-header-display":"","ast-hfb-below-header-display":"","ast-hfb-mobile-header-display":"","site-post-title":"","ast-breadcrumbs-content":"","ast-featured-img":"","footer-sml-layout":"","theme-transparent-header-meta":"default","adv-header-id-meta":"","stick-header-meta":"","header-above-stick-meta":"","header-main-stick-meta":"","header-below-stick-meta":"","astra-migrate-meta-layouts":"set","ast-page-background-enabled":"default","ast-page-background-meta":{"desktop":{"background-color":"var(--ast-global-color-5)","background-image":"","background-repeat":"repeat","background-position":"center center","background-size":"auto","background-attachment":"scroll","background-type":"","background-media":"","overlay-type":"","overlay-color":"","overlay-opacity":"","overlay-gradient":""},"tablet":{"background-color":"","background-image":"","background-repeat":"repeat","background-position":"center center","background-size":"auto","background-attachment":"scroll","background-type":"","background-media":"","overlay-type":"","overlay-color":"","overlay-opacity":"","overlay-gradient":""},"mobile":{"background-color":"","background-image":"","background-repeat":"repeat","background-position":"center center","background-size":"auto","background-attachment":"scroll","background-type":"","background-media":"","overlay-type":"","overlay-color":"","overlay-opacity":"","overlay-gradient":""}},"ast-content-background-meta":{"desktop":{"background-color":"var(--ast-global-color-4)","background-image":"","background-repeat":"repeat","background-position":"center center","background-size":"auto","background-attachment":"scroll","background-type":"","background-media":"","overlay-type":"","overlay-color":"","overlay-opacity":"","overlay-gradient":""},"tablet":{"background-color":"var(--ast-global-color-4)","background-image":"","background-repeat":"repeat","background-position":"center center","background-size":"auto","background-attachment":"scroll","background-type":"","background-media":"","overlay-type":"","overlay-color":"","overlay-opacity":"","overlay-gradient":""},"mobile":{"background-color":"var(--ast-global-color-4)","background-image":"","background-repeat":"repeat","background-position":"center center","background-size":"auto","background-attachment":"scroll","background-type":"","background-media":"","overlay-type":"","overlay-color":"","overlay-opacity":"","overlay-gradient":""}}},"product_brand":[],"product_cat":[15],"product_tag":[],"class_list":{"0":"post-20988","1":"product","2":"type-product","3":"status-publish","4":"has-post-thumbnail","6":"product_cat-luokittelematon","7":"pa_20220_ycw14kbm-keltainen","8":"pa_20220_ycw14kbm-musta","9":"pa_20220_ycw14kbm-oranssi","10":"pa_20220_ycw14kbm-punainen","11":"pa_20220_ycw14kbm-ruskea","12":"pa_20220_ycw14kbm-sininen","13":"pa_20220_ycw14kbm-vaaleanpunainen","14":"pa_20220_ycw14kbm-valkoinen","15":"pa_20220_ycw14kbm-vihrea","16":"pa_20220_ycw14kbm-violetti","17":"desktop-align-left","18":"tablet-align-left","19":"mobile-align-left","21":"first","22":"instock","23":"shipping-taxable","24":"purchasable","25":"product-type-variable"},"yoast_head":"<!-- This site is optimized with the Yoast SEO plugin v26.6 - https:\/\/yoast.com\/wordpress\/plugins\/seo\/ -->\n<title>K\u00e4denj\u00e4lki-pakkaus (40g) - Senbera FI<\/title>\n<meta name=\"robots\" content=\"index, follow, max-snippet:-1, max-image-preview:large, max-video-preview:-1\" \/>\n<link rel=\"canonical\" href=\"https:\/\/senbera.com\/fi\/tuote\/kadenjalki-pakkaus-40g\/\" \/>\n<meta property=\"og:locale\" content=\"fi_FI\" \/>\n<meta property=\"og:type\" content=\"article\" \/>\n<meta property=\"og:title\" content=\"K\u00e4denj\u00e4lki-pakkaus (40g) - Senbera FI\" \/>\n<meta property=\"og:description\" content=\"\ud83d\udc76Luo ikuisesti kest\u00e4v\u00e4 muisto vauvasi pienest\u00e4 k\u00e4den- tai jalanj\u00e4ljest\u00e4.\ud83d\udc63 T\u00e4m\u00e4 pehme\u00e4 ja turvallinen vauvasavipakkaus on kaunis tapa tallentaa vastasyntyneen k\u00e4den- [&hellip;]\" \/>\n<meta property=\"og:url\" content=\"https:\/\/senbera.com\/fi\/tuote\/kadenjalki-pakkaus-40g\/\" \/>\n<meta property=\"og:site_name\" content=\"Senbera FI\" \/>\n<meta property=\"article:modified_time\" content=\"2026-01-19T06:35:39+00:00\" \/>\n<meta name=\"twitter:card\" content=\"summary_large_image\" \/>\n<meta name=\"twitter:label1\" content=\"Arvioitu lukuaika\" \/>\n\t<meta name=\"twitter:data1\" content=\"1 minuutti\" \/>\n<script type=\"application\/ld+json\" class=\"yoast-schema-graph\">{\"@context\":\"https:\/\/schema.org\",\"@graph\":[{\"@type\":\"WebPage\",\"@id\":\"https:\/\/senbera.com\/fi\/tuote\/kadenjalki-pakkaus-40g\/\",\"url\":\"https:\/\/senbera.com\/fi\/tuote\/kadenjalki-pakkaus-40g\/\",\"name\":\"K\u00e4denj\u00e4lki-pakkaus (40g) - Senbera FI\",\"isPartOf\":{\"@id\":\"https:\/\/senbera.com\/fi\/#website\"},\"primaryImageOfPage\":{\"@id\":\"https:\/\/senbera.com\/fi\/tuote\/kadenjalki-pakkaus-40g\/#primaryimage\"},\"image\":{\"@id\":\"https:\/\/senbera.com\/fi\/tuote\/kadenjalki-pakkaus-40g\/#primaryimage\"},\"thumbnailUrl\":\"https:\/\/senbera.com\/fi\/wp-content\/uploads\/sites\/19\/2026\/01\/k0eepbo-1.jpg\",\"datePublished\":\"2026-01-19T06:35:18+00:00\",\"dateModified\":\"2026-01-19T06:35:39+00:00\",\"breadcrumb\":{\"@id\":\"https:\/\/senbera.com\/fi\/tuote\/kadenjalki-pakkaus-40g\/#breadcrumb\"},\"inLanguage\":\"fi\",\"potentialAction\":[{\"@type\":\"ReadAction\",\"target\":[\"https:\/\/senbera.com\/fi\/tuote\/kadenjalki-pakkaus-40g\/\"]}]},{\"@type\":\"ImageObject\",\"inLanguage\":\"fi\",\"@id\":\"https:\/\/senbera.com\/fi\/tuote\/kadenjalki-pakkaus-40g\/#primaryimage\",\"url\":\"https:\/\/senbera.com\/fi\/wp-content\/uploads\/sites\/19\/2026\/01\/k0eepbo-1.jpg\",\"contentUrl\":\"https:\/\/senbera.com\/fi\/wp-content\/uploads\/sites\/19\/2026\/01\/k0eepbo-1.jpg\",\"width\":800,\"height\":800},{\"@type\":\"BreadcrumbList\",\"@id\":\"https:\/\/senbera.com\/fi\/tuote\/kadenjalki-pakkaus-40g\/#breadcrumb\",\"itemListElement\":[{\"@type\":\"ListItem\",\"position\":1,\"name\":\"Home\",\"item\":\"https:\/\/senbera.com\/fi\/\"},{\"@type\":\"ListItem\",\"position\":2,\"name\":\"Kauppa\",\"item\":\"https:\/\/senbera.com\/fi\/kauppa\/\"},{\"@type\":\"ListItem\",\"position\":3,\"name\":\"K\u00e4denj\u00e4lki-pakkaus (40g)\"}]},{\"@type\":\"WebSite\",\"@id\":\"https:\/\/senbera.com\/fi\/#website\",\"url\":\"https:\/\/senbera.com\/fi\/\",\"name\":\"Senbera FI\",\"description\":\"\",\"publisher\":{\"@id\":\"https:\/\/senbera.com\/fi\/#organization\"},\"potentialAction\":[{\"@type\":\"SearchAction\",\"target\":{\"@type\":\"EntryPoint\",\"urlTemplate\":\"https:\/\/senbera.com\/fi\/?s={search_term_string}\"},\"query-input\":{\"@type\":\"PropertyValueSpecification\",\"valueRequired\":true,\"valueName\":\"search_term_string\"}}],\"inLanguage\":\"fi\"},{\"@type\":\"Organization\",\"@id\":\"https:\/\/senbera.com\/fi\/#organization\",\"name\":\"Mekulo\",\"url\":\"https:\/\/senbera.com\/fi\/\",\"logo\":{\"@type\":\"ImageObject\",\"inLanguage\":\"fi\",\"@id\":\"https:\/\/senbera.com\/fi\/#\/schema\/logo\/image\/\",\"url\":\"https:\/\/senbera.com\/fi\/wp-content\/uploads\/sites\/19\/2025\/12\/favicon_mekulo.png\",\"contentUrl\":\"https:\/\/senbera.com\/fi\/wp-content\/uploads\/sites\/19\/2025\/12\/favicon_mekulo.png\",\"width\":50,\"height\":50,\"caption\":\"Mekulo\"},\"image\":{\"@id\":\"https:\/\/senbera.com\/fi\/#\/schema\/logo\/image\/\"}}]}<\/script>\n<!-- \/ Yoast SEO plugin. -->","yoast_head_json":{"title":"K\u00e4denj\u00e4lki-pakkaus (40g) - Senbera FI","robots":{"index":"index","follow":"follow","max-snippet":"max-snippet:-1","max-image-preview":"max-image-preview:large","max-video-preview":"max-video-preview:-1"},"canonical":"https:\/\/senbera.com\/fi\/tuote\/kadenjalki-pakkaus-40g\/","og_locale":"fi_FI","og_type":"article","og_title":"K\u00e4denj\u00e4lki-pakkaus (40g) - Senbera FI","og_description":"\ud83d\udc76Luo ikuisesti kest\u00e4v\u00e4 muisto vauvasi pienest\u00e4 k\u00e4den- tai jalanj\u00e4ljest\u00e4.\ud83d\udc63 T\u00e4m\u00e4 pehme\u00e4 ja turvallinen vauvasavipakkaus on kaunis tapa tallentaa vastasyntyneen k\u00e4den- [&hellip;]","og_url":"https:\/\/senbera.com\/fi\/tuote\/kadenjalki-pakkaus-40g\/","og_site_name":"Senbera FI","article_modified_time":"2026-01-19T06:35:39+00:00","twitter_card":"summary_large_image","twitter_misc":{"Arvioitu lukuaika":"1 minuutti"},"schema":{"@context":"https:\/\/schema.org","@graph":[{"@type":"WebPage","@id":"https:\/\/senbera.com\/fi\/tuote\/kadenjalki-pakkaus-40g\/","url":"https:\/\/senbera.com\/fi\/tuote\/kadenjalki-pakkaus-40g\/","name":"K\u00e4denj\u00e4lki-pakkaus (40g) - Senbera FI","isPartOf":{"@id":"https:\/\/senbera.com\/fi\/#website"},"primaryImageOfPage":{"@id":"https:\/\/senbera.com\/fi\/tuote\/kadenjalki-pakkaus-40g\/#primaryimage"},"image":{"@id":"https:\/\/senbera.com\/fi\/tuote\/kadenjalki-pakkaus-40g\/#primaryimage"},"thumbnailUrl":"https:\/\/senbera.com\/fi\/wp-content\/uploads\/sites\/19\/2026\/01\/k0eepbo-1.jpg","datePublished":"2026-01-19T06:35:18+00:00","dateModified":"2026-01-19T06:35:39+00:00","breadcrumb":{"@id":"https:\/\/senbera.com\/fi\/tuote\/kadenjalki-pakkaus-40g\/#breadcrumb"},"inLanguage":"fi","potentialAction":[{"@type":"ReadAction","target":["https:\/\/senbera.com\/fi\/tuote\/kadenjalki-pakkaus-40g\/"]}]},{"@type":"ImageObject","inLanguage":"fi","@id":"https:\/\/senbera.com\/fi\/tuote\/kadenjalki-pakkaus-40g\/#primaryimage","url":"https:\/\/senbera.com\/fi\/wp-content\/uploads\/sites\/19\/2026\/01\/k0eepbo-1.jpg","contentUrl":"https:\/\/senbera.com\/fi\/wp-content\/uploads\/sites\/19\/2026\/01\/k0eepbo-1.jpg","width":800,"height":800},{"@type":"BreadcrumbList","@id":"https:\/\/senbera.com\/fi\/tuote\/kadenjalki-pakkaus-40g\/#breadcrumb","itemListElement":[{"@type":"ListItem","position":1,"name":"Home","item":"https:\/\/senbera.com\/fi\/"},{"@type":"ListItem","position":2,"name":"Kauppa","item":"https:\/\/senbera.com\/fi\/kauppa\/"},{"@type":"ListItem","position":3,"name":"K\u00e4denj\u00e4lki-pakkaus (40g)"}]},{"@type":"WebSite","@id":"https:\/\/senbera.com\/fi\/#website","url":"https:\/\/senbera.com\/fi\/","name":"Senbera FI","description":"","publisher":{"@id":"https:\/\/senbera.com\/fi\/#organization"},"potentialAction":[{"@type":"SearchAction","target":{"@type":"EntryPoint","urlTemplate":"https:\/\/senbera.com\/fi\/?s={search_term_string}"},"query-input":{"@type":"PropertyValueSpecification","valueRequired":true,"valueName":"search_term_string"}}],"inLanguage":"fi"},{"@type":"Organization","@id":"https:\/\/senbera.com\/fi\/#organization","name":"Mekulo","url":"https:\/\/senbera.com\/fi\/","logo":{"@type":"ImageObject","inLanguage":"fi","@id":"https:\/\/senbera.com\/fi\/#\/schema\/logo\/image\/","url":"https:\/\/senbera.com\/fi\/wp-content\/uploads\/sites\/19\/2025\/12\/favicon_mekulo.png","contentUrl":"https:\/\/senbera.com\/fi\/wp-content\/uploads\/sites\/19\/2025\/12\/favicon_mekulo.png","width":50,"height":50,"caption":"Mekulo"},"image":{"@id":"https:\/\/senbera.com\/fi\/#\/schema\/logo\/image\/"}}]}},"_links":{"self":[{"href":"https:\/\/senbera.com\/fi\/wp-json\/wp\/v2\/product\/20988","targetHints":{"allow":["GET"]}}],"collection":[{"href":"https:\/\/senbera.com\/fi\/wp-json\/wp\/v2\/product"}],"about":[{"href":"https:\/\/senbera.com\/fi\/wp-json\/wp\/v2\/types\/product"}],"replies":[{"embeddable":true,"href":"https:\/\/senbera.com\/fi\/wp-json\/wp\/v2\/comments?post=20988"}],"wp:featuredmedia":[{"embeddable":true,"href":"https:\/\/senbera.com\/fi\/wp-json\/wp\/v2\/media\/20984"}],"wp:attachment":[{"href":"https:\/\/senbera.com\/fi\/wp-json\/wp\/v2\/media?parent=20988"}],"wp:term":[{"taxonomy":"product_brand","embeddable":true,"href":"https:\/\/senbera.com\/fi\/wp-json\/wp\/v2\/product_brand?post=20988"},{"taxonomy":"product_cat","embeddable":true,"href":"https:\/\/senbera.com\/fi\/wp-json\/wp\/v2\/product_cat?post=20988"},{"taxonomy":"product_tag","embeddable":true,"href":"https:\/\/senbera.com\/fi\/wp-json\/wp\/v2\/product_tag?post=20988"}],"curies":[{"name":"wp","href":"https:\/\/api.w.org\/{rel}","templated":true}]}}