{"id":20933,"date":"2026-01-19T08:31:56","date_gmt":"2026-01-19T06:31:56","guid":{"rendered":"https:\/\/senbera.com\/fi\/tuote\/pesukoneen-tuki\/"},"modified":"2026-01-19T08:32:07","modified_gmt":"2026-01-19T06:32:07","slug":"pesukoneen-tuki","status":"publish","type":"product","link":"https:\/\/senbera.com\/fi\/tuote\/pesukoneen-tuki\/","title":{"rendered":"Pesukoneen tuki"},"content":{"rendered":"<p style=\"text-align: center\"><b>Esittelyss\u00e4 pesukonetuki &#8211; helppo ratkaisu meluisiin, t\u00e4riseviin koneisiin.<\/b><\/p>\n<p style=\"text-align: center\"><span style=\"font-weight: 400\">N\u00e4m\u00e4 tyynyt pys\u00e4ytt\u00e4v\u00e4t t\u00e4rin\u00e4n ja pit\u00e4v\u00e4t pesukoneesi ja kuivausrummun hiljaisena, vakaana ja turvallisena.<\/span><\/p>\n<p><img decoding=\"async\" class=\"alignnone size-full wp-image-17290 aligncenter\" src=\"https:\/\/keluvo.com\/template\/wp-content\/uploads\/sites\/5\/2025\/05\/Washingmachinesupport-ezgif.com-video-to-webp-converter.webp\" alt=\"\" \/><\/p>\n<h2 style=\"text-align: center\"><strong>T\u00e4rkeimm\u00e4t Hy\u00f6dyt<\/strong><\/h2>\n<p><span style=\"font-weight: 400\">Seis\u00e4\u00e4 pesukoneiden t\u00e4rin\u00e4n ja melun<\/span><\/p>\n<p><span style=\"font-weight: 400\">Suojaa lattiaa naarmuilta ja j\u00e4lkilt\u00e4<\/span><\/p>\n<p><span style=\"font-weight: 400\">Suojaa huonekaluja ja koneita liikkumasta<\/span><\/p>\n<p><span style=\"font-weight: 400\">Sopii useimpiin pesukoneisiin, kuivausrumpuihin, s\u00e4nkyihin, p\u00f6ytiin ja tuoleihin<\/span><\/p>\n<p><span style=\"font-weight: 400\">Valmistettu vahvasta, vedenpit\u00e4v\u00e4st\u00e4 materiaalista, joka kest\u00e4\u00e4 pitk\u00e4\u00e4n.<\/span><\/p>\n<p><img decoding=\"async\" class=\"alignnone size-full wp-image-17288 aligncenter\" src=\"https:\/\/keluvo.com\/template\/wp-content\/uploads\/sites\/5\/2025\/05\/Sc730dce2c22542e788de6eca1759833bw.jpg_960x960q75.jpg_.jpeg\" alt=\"\" \/><\/p>\n<h2 style=\"text-align: center\"><strong>T\u00e4rkein Tarjous<\/strong><\/h2>\n<p style=\"text-align: center\"><span style=\"font-weight: 400\">N\u00e4m\u00e4 liukuestetyynyt sopivat t\u00e4ydellisesti jokaiselle, joka on kyll\u00e4stynyt \u00e4\u00e4nekk\u00e4\u00e4seen pyykinpesuun tai liukuviin kalusteisiin. Ne pit\u00e4v\u00e4t pesukoneesi vakaana, v\u00e4hent\u00e4v\u00e4t melua ja suojaavat lattioita. K\u00e4yt\u00e4 niit\u00e4 my\u00f6s sohvien, p\u00f6ytien, s\u00e4nkyjen tai tuolien alla. Nopea ja helppo k\u00e4ytt\u00e4\u00e4 &#8211; aseta ne vain jalkojen alle!<\/span><\/p>\n<h2 style=\"text-align: center\"><strong>K\u00e4ytt\u00f6ohje<\/strong><\/h2>\n<ol>\n<li style=\"font-weight: 400\"><span style=\"font-weight: 400\">Nosta huonekalua tai konetta hieman.<\/span><span style=\"font-weight: 400\"><br \/>\n<\/span><\/li>\n<li style=\"font-weight: 400\"><span style=\"font-weight: 400\">Aseta yksi tyyny kunkin jalan tai kulman alle.<\/span><span style=\"font-weight: 400\"><br \/>\n<\/span><\/li>\n<li style=\"font-weight: 400\"><span style=\"font-weight: 400\">Anna tyynyn tarttua lattiaan ja pys\u00e4ytt\u00e4\u00e4 liikkeen.<\/span><span style=\"font-weight: 400\"><br \/>\n<\/span><\/li>\n<li style=\"font-weight: 400\"><span style=\"font-weight: 400\">Nauti hiljaisemmasta ja vakaammasta huoneesta!<\/span><\/li>\n<\/ol>\n<h2 style=\"text-align: center\"><strong>Pakkaus Sis\u00e4lt\u00e4\u00e4<\/strong><\/h2>\n<ul>\n<li><span style=\"font-weight: 400\">4, 8, 12, 16x <\/span><span style=\"font-weight: 400\">pyykinpesukoneen jalkatyynyj\u00e4.<\/span><\/li>\n<\/ul>\n<p>&nbsp;<\/p>\n","protected":false},"excerpt":{"rendered":"<p>Esittelyss\u00e4 pesukonetuki &#8211; helppo ratkaisu meluisiin, t\u00e4riseviin koneisiin. N\u00e4m\u00e4 tyynyt pys\u00e4ytt\u00e4v\u00e4t t\u00e4rin\u00e4n ja pit\u00e4v\u00e4t pesukoneesi ja kuivausrummun hiljaisena, vakaana ja [&hellip;]<\/p>\n","protected":false},"featured_media":20929,"comment_status":"open","ping_status":"closed","template":"","meta":{"site-sidebar-layout":"default","site-content-layout":"","ast-site-content-layout":"default","site-content-style":"default","site-sidebar-style":"default","ast-global-header-display":"","ast-banner-title-visibility":"","ast-main-header-display":"","ast-hfb-above-header-display":"","ast-hfb-below-header-display":"","ast-hfb-mobile-header-display":"","site-post-title":"","ast-breadcrumbs-content":"","ast-featured-img":"","footer-sml-layout":"","ast-disable-related-posts":"","theme-transparent-header-meta":"default","adv-header-id-meta":"","stick-header-meta":"","header-above-stick-meta":"","header-main-stick-meta":"","header-below-stick-meta":"","astra-migrate-meta-layouts":"set","ast-page-background-enabled":"default","ast-page-background-meta":{"desktop":{"background-color":"var(--ast-global-color-5)","background-image":"","background-repeat":"repeat","background-position":"center center","background-size":"auto","background-attachment":"scroll","background-type":"","background-media":"","overlay-type":"","overlay-color":"","overlay-opacity":"","overlay-gradient":""},"tablet":{"background-color":"","background-image":"","background-repeat":"repeat","background-position":"center center","background-size":"auto","background-attachment":"scroll","background-type":"","background-media":"","overlay-type":"","overlay-color":"","overlay-opacity":"","overlay-gradient":""},"mobile":{"background-color":"","background-image":"","background-repeat":"repeat","background-position":"center center","background-size":"auto","background-attachment":"scroll","background-type":"","background-media":"","overlay-type":"","overlay-color":"","overlay-opacity":"","overlay-gradient":""}},"ast-content-background-meta":{"desktop":{"background-color":"var(--ast-global-color-4)","background-image":"","background-repeat":"repeat","background-position":"center center","background-size":"auto","background-attachment":"scroll","background-type":"","background-media":"","overlay-type":"","overlay-color":"","overlay-opacity":"","overlay-gradient":""},"tablet":{"background-color":"var(--ast-global-color-4)","background-image":"","background-repeat":"repeat","background-position":"center center","background-size":"auto","background-attachment":"scroll","background-type":"","background-media":"","overlay-type":"","overlay-color":"","overlay-opacity":"","overlay-gradient":""},"mobile":{"background-color":"var(--ast-global-color-4)","background-image":"","background-repeat":"repeat","background-position":"center center","background-size":"auto","background-attachment":"scroll","background-type":"","background-media":"","overlay-type":"","overlay-color":"","overlay-opacity":"","overlay-gradient":""}}},"product_brand":[],"product_cat":[15],"product_tag":[],"class_list":{"0":"post-20933","1":"product","2":"type-product","3":"status-publish","4":"has-post-thumbnail","6":"product_cat-luokittelematon","7":"pa_40594_e45b8rgi-12-kpl","8":"pa_40594_e45b8rgi-16-kpl","9":"pa_40594_e45b8rgi-4-kpl","10":"pa_40594_e45b8rgi-8-kpl","11":"desktop-align-left","12":"tablet-align-left","13":"mobile-align-left","15":"first","16":"instock","17":"shipping-taxable","18":"purchasable","19":"product-type-variable"},"yoast_head":"<!-- This site is optimized with the Yoast SEO plugin v27.4 - https:\/\/yoast.com\/product\/yoast-seo-wordpress\/ -->\n<title>Pesukoneen tuki - Senbera FI<\/title>\n<meta name=\"robots\" content=\"index, follow, max-snippet:-1, max-image-preview:large, max-video-preview:-1\" \/>\n<link rel=\"canonical\" href=\"https:\/\/senbera.com\/fi\/tuote\/pesukoneen-tuki\/\" \/>\n<meta property=\"og:locale\" content=\"fi_FI\" \/>\n<meta property=\"og:type\" content=\"article\" \/>\n<meta property=\"og:title\" content=\"Pesukoneen tuki - Senbera FI\" \/>\n<meta property=\"og:description\" content=\"Esittelyss\u00e4 pesukonetuki &#8211; helppo ratkaisu meluisiin, t\u00e4riseviin koneisiin. N\u00e4m\u00e4 tyynyt pys\u00e4ytt\u00e4v\u00e4t t\u00e4rin\u00e4n ja pit\u00e4v\u00e4t pesukoneesi ja kuivausrummun hiljaisena, vakaana ja [&hellip;]\" \/>\n<meta property=\"og:url\" content=\"https:\/\/senbera.com\/fi\/tuote\/pesukoneen-tuki\/\" \/>\n<meta property=\"og:site_name\" content=\"Senbera FI\" \/>\n<meta property=\"article:modified_time\" content=\"2026-01-19T06:32:07+00:00\" \/>\n<meta name=\"twitter:card\" content=\"summary_large_image\" \/>\n<meta name=\"twitter:label1\" content=\"Arvioitu lukuaika\" \/>\n\t<meta name=\"twitter:data1\" content=\"1 minuutti\" \/>\n<script type=\"application\/ld+json\" class=\"yoast-schema-graph\">{\"@context\":\"https:\\\/\\\/schema.org\",\"@graph\":[{\"@type\":\"WebPage\",\"@id\":\"https:\\\/\\\/senbera.com\\\/fi\\\/tuote\\\/pesukoneen-tuki\\\/\",\"url\":\"https:\\\/\\\/senbera.com\\\/fi\\\/tuote\\\/pesukoneen-tuki\\\/\",\"name\":\"Pesukoneen tuki - Senbera FI\",\"isPartOf\":{\"@id\":\"https:\\\/\\\/senbera.com\\\/fi\\\/#website\"},\"primaryImageOfPage\":{\"@id\":\"https:\\\/\\\/senbera.com\\\/fi\\\/tuote\\\/pesukoneen-tuki\\\/#primaryimage\"},\"image\":{\"@id\":\"https:\\\/\\\/senbera.com\\\/fi\\\/tuote\\\/pesukoneen-tuki\\\/#primaryimage\"},\"thumbnailUrl\":\"https:\\\/\\\/senbera.com\\\/fi\\\/wp-content\\\/uploads\\\/sites\\\/19\\\/2026\\\/01\\\/16hvxsa-1.webp\",\"datePublished\":\"2026-01-19T06:31:56+00:00\",\"dateModified\":\"2026-01-19T06:32:07+00:00\",\"breadcrumb\":{\"@id\":\"https:\\\/\\\/senbera.com\\\/fi\\\/tuote\\\/pesukoneen-tuki\\\/#breadcrumb\"},\"inLanguage\":\"fi\",\"potentialAction\":[{\"@type\":\"ReadAction\",\"target\":[\"https:\\\/\\\/senbera.com\\\/fi\\\/tuote\\\/pesukoneen-tuki\\\/\"]}]},{\"@type\":\"ImageObject\",\"inLanguage\":\"fi\",\"@id\":\"https:\\\/\\\/senbera.com\\\/fi\\\/tuote\\\/pesukoneen-tuki\\\/#primaryimage\",\"url\":\"https:\\\/\\\/senbera.com\\\/fi\\\/wp-content\\\/uploads\\\/sites\\\/19\\\/2026\\\/01\\\/16hvxsa-1.webp\",\"contentUrl\":\"https:\\\/\\\/senbera.com\\\/fi\\\/wp-content\\\/uploads\\\/sites\\\/19\\\/2026\\\/01\\\/16hvxsa-1.webp\",\"width\":800,\"height\":800},{\"@type\":\"BreadcrumbList\",\"@id\":\"https:\\\/\\\/senbera.com\\\/fi\\\/tuote\\\/pesukoneen-tuki\\\/#breadcrumb\",\"itemListElement\":[{\"@type\":\"ListItem\",\"position\":1,\"name\":\"Home\",\"item\":\"https:\\\/\\\/senbera.com\\\/fi\\\/\"},{\"@type\":\"ListItem\",\"position\":2,\"name\":\"Kauppa\",\"item\":\"https:\\\/\\\/senbera.com\\\/fi\\\/kauppa\\\/\"},{\"@type\":\"ListItem\",\"position\":3,\"name\":\"Pesukoneen tuki\"}]},{\"@type\":\"WebSite\",\"@id\":\"https:\\\/\\\/senbera.com\\\/fi\\\/#website\",\"url\":\"https:\\\/\\\/senbera.com\\\/fi\\\/\",\"name\":\"Senbera FI\",\"description\":\"\",\"publisher\":{\"@id\":\"https:\\\/\\\/senbera.com\\\/fi\\\/#organization\"},\"potentialAction\":[{\"@type\":\"SearchAction\",\"target\":{\"@type\":\"EntryPoint\",\"urlTemplate\":\"https:\\\/\\\/senbera.com\\\/fi\\\/?s={search_term_string}\"},\"query-input\":{\"@type\":\"PropertyValueSpecification\",\"valueRequired\":true,\"valueName\":\"search_term_string\"}}],\"inLanguage\":\"fi\"},{\"@type\":\"Organization\",\"@id\":\"https:\\\/\\\/senbera.com\\\/fi\\\/#organization\",\"name\":\"Mekulo\",\"url\":\"https:\\\/\\\/senbera.com\\\/fi\\\/\",\"logo\":{\"@type\":\"ImageObject\",\"inLanguage\":\"fi\",\"@id\":\"https:\\\/\\\/senbera.com\\\/fi\\\/#\\\/schema\\\/logo\\\/image\\\/\",\"url\":\"https:\\\/\\\/senbera.com\\\/fi\\\/wp-content\\\/uploads\\\/sites\\\/19\\\/2025\\\/12\\\/favicon_mekulo.png\",\"contentUrl\":\"https:\\\/\\\/senbera.com\\\/fi\\\/wp-content\\\/uploads\\\/sites\\\/19\\\/2025\\\/12\\\/favicon_mekulo.png\",\"width\":50,\"height\":50,\"caption\":\"Mekulo\"},\"image\":{\"@id\":\"https:\\\/\\\/senbera.com\\\/fi\\\/#\\\/schema\\\/logo\\\/image\\\/\"}}]}<\/script>\n<!-- \/ Yoast SEO plugin. -->","yoast_head_json":{"title":"Pesukoneen tuki - Senbera FI","robots":{"index":"index","follow":"follow","max-snippet":"max-snippet:-1","max-image-preview":"max-image-preview:large","max-video-preview":"max-video-preview:-1"},"canonical":"https:\/\/senbera.com\/fi\/tuote\/pesukoneen-tuki\/","og_locale":"fi_FI","og_type":"article","og_title":"Pesukoneen tuki - Senbera FI","og_description":"Esittelyss\u00e4 pesukonetuki &#8211; helppo ratkaisu meluisiin, t\u00e4riseviin koneisiin. N\u00e4m\u00e4 tyynyt pys\u00e4ytt\u00e4v\u00e4t t\u00e4rin\u00e4n ja pit\u00e4v\u00e4t pesukoneesi ja kuivausrummun hiljaisena, vakaana ja [&hellip;]","og_url":"https:\/\/senbera.com\/fi\/tuote\/pesukoneen-tuki\/","og_site_name":"Senbera FI","article_modified_time":"2026-01-19T06:32:07+00:00","twitter_card":"summary_large_image","twitter_misc":{"Arvioitu lukuaika":"1 minuutti"},"schema":{"@context":"https:\/\/schema.org","@graph":[{"@type":"WebPage","@id":"https:\/\/senbera.com\/fi\/tuote\/pesukoneen-tuki\/","url":"https:\/\/senbera.com\/fi\/tuote\/pesukoneen-tuki\/","name":"Pesukoneen tuki - Senbera FI","isPartOf":{"@id":"https:\/\/senbera.com\/fi\/#website"},"primaryImageOfPage":{"@id":"https:\/\/senbera.com\/fi\/tuote\/pesukoneen-tuki\/#primaryimage"},"image":{"@id":"https:\/\/senbera.com\/fi\/tuote\/pesukoneen-tuki\/#primaryimage"},"thumbnailUrl":"https:\/\/senbera.com\/fi\/wp-content\/uploads\/sites\/19\/2026\/01\/16hvxsa-1.webp","datePublished":"2026-01-19T06:31:56+00:00","dateModified":"2026-01-19T06:32:07+00:00","breadcrumb":{"@id":"https:\/\/senbera.com\/fi\/tuote\/pesukoneen-tuki\/#breadcrumb"},"inLanguage":"fi","potentialAction":[{"@type":"ReadAction","target":["https:\/\/senbera.com\/fi\/tuote\/pesukoneen-tuki\/"]}]},{"@type":"ImageObject","inLanguage":"fi","@id":"https:\/\/senbera.com\/fi\/tuote\/pesukoneen-tuki\/#primaryimage","url":"https:\/\/senbera.com\/fi\/wp-content\/uploads\/sites\/19\/2026\/01\/16hvxsa-1.webp","contentUrl":"https:\/\/senbera.com\/fi\/wp-content\/uploads\/sites\/19\/2026\/01\/16hvxsa-1.webp","width":800,"height":800},{"@type":"BreadcrumbList","@id":"https:\/\/senbera.com\/fi\/tuote\/pesukoneen-tuki\/#breadcrumb","itemListElement":[{"@type":"ListItem","position":1,"name":"Home","item":"https:\/\/senbera.com\/fi\/"},{"@type":"ListItem","position":2,"name":"Kauppa","item":"https:\/\/senbera.com\/fi\/kauppa\/"},{"@type":"ListItem","position":3,"name":"Pesukoneen tuki"}]},{"@type":"WebSite","@id":"https:\/\/senbera.com\/fi\/#website","url":"https:\/\/senbera.com\/fi\/","name":"Senbera FI","description":"","publisher":{"@id":"https:\/\/senbera.com\/fi\/#organization"},"potentialAction":[{"@type":"SearchAction","target":{"@type":"EntryPoint","urlTemplate":"https:\/\/senbera.com\/fi\/?s={search_term_string}"},"query-input":{"@type":"PropertyValueSpecification","valueRequired":true,"valueName":"search_term_string"}}],"inLanguage":"fi"},{"@type":"Organization","@id":"https:\/\/senbera.com\/fi\/#organization","name":"Mekulo","url":"https:\/\/senbera.com\/fi\/","logo":{"@type":"ImageObject","inLanguage":"fi","@id":"https:\/\/senbera.com\/fi\/#\/schema\/logo\/image\/","url":"https:\/\/senbera.com\/fi\/wp-content\/uploads\/sites\/19\/2025\/12\/favicon_mekulo.png","contentUrl":"https:\/\/senbera.com\/fi\/wp-content\/uploads\/sites\/19\/2025\/12\/favicon_mekulo.png","width":50,"height":50,"caption":"Mekulo"},"image":{"@id":"https:\/\/senbera.com\/fi\/#\/schema\/logo\/image\/"}}]}},"_links":{"self":[{"href":"https:\/\/senbera.com\/fi\/wp-json\/wp\/v2\/product\/20933","targetHints":{"allow":["GET"]}}],"collection":[{"href":"https:\/\/senbera.com\/fi\/wp-json\/wp\/v2\/product"}],"about":[{"href":"https:\/\/senbera.com\/fi\/wp-json\/wp\/v2\/types\/product"}],"replies":[{"embeddable":true,"href":"https:\/\/senbera.com\/fi\/wp-json\/wp\/v2\/comments?post=20933"}],"wp:featuredmedia":[{"embeddable":true,"href":"https:\/\/senbera.com\/fi\/wp-json\/wp\/v2\/media\/20929"}],"wp:attachment":[{"href":"https:\/\/senbera.com\/fi\/wp-json\/wp\/v2\/media?parent=20933"}],"wp:term":[{"taxonomy":"product_brand","embeddable":true,"href":"https:\/\/senbera.com\/fi\/wp-json\/wp\/v2\/product_brand?post=20933"},{"taxonomy":"product_cat","embeddable":true,"href":"https:\/\/senbera.com\/fi\/wp-json\/wp\/v2\/product_cat?post=20933"},{"taxonomy":"product_tag","embeddable":true,"href":"https:\/\/senbera.com\/fi\/wp-json\/wp\/v2\/product_tag?post=20933"}],"curies":[{"name":"wp","href":"https:\/\/api.w.org\/{rel}","templated":true}]}}