{"id":20887,"date":"2026-01-19T08:29:14","date_gmt":"2026-01-19T06:29:14","guid":{"rendered":"https:\/\/senbera.com\/fi\/tuote\/musiikkimuki\/"},"modified":"2026-01-19T08:29:45","modified_gmt":"2026-01-19T06:29:45","slug":"musiikkimuki","status":"publish","type":"product","link":"https:\/\/senbera.com\/fi\/tuote\/musiikkimuki\/","title":{"rendered":"Musiikkimuki"},"content":{"rendered":"<p style=\"text-align: center\"><span style=\"font-weight: 400\">\u2615<strong>Musiikkimuki &#8211; Iloinen Tapa Siemailla Ja Hymyill\u00e4 Joka P\u00e4iv\u00e4.<\/strong>\ud83c\udfbb<\/span><\/p>\n<p style=\"text-align: center\"><span style=\"font-weight: 400\">Juo tyylikk\u00e4\u00e4sti. T\u00e4ss\u00e4 siistiss\u00e4 mukissa on hauska soittimen muotoinen kahva &#8211; t\u00e4ydellinen musiikin yst\u00e4ville.<\/span><\/p>\n<p><img decoding=\"async\" class=\"size-full wp-image-17221 aligncenter\" src=\"https:\/\/keluvo.com\/template\/wp-content\/uploads\/sites\/5\/2025\/05\/c1e6f602-6b63-4a20-84a4-951b9528e8a9.webp\" alt=\"\" \/><\/p>\n<h2 style=\"text-align: center\">T\u00e4rkeimm\u00e4t Edut \ud83c\udfb6<\/h2>\n<p><span style=\"font-weight: 400\">Sopii kahville, teelle tai mille tahansa juomalle<\/span><\/p>\n<p><span style=\"font-weight: 400\">Se tekee p\u00e4iv\u00e4st\u00e4si valoisamman hauskojen musiikkivibojen avulla<\/span><\/p>\n<p><span style=\"font-weight: 400\">Vahva ja turvallinen &#8211; valmistettu korkealaatuisesta keramiikasta<\/span><\/p>\n<p><span style=\"font-weight: 400\">Tulee hauskoissa tyyleiss\u00e4 &#8211; voit valita 14 eri soittimesta<\/span><\/p>\n<p><span style=\"font-weight: 400\">Suuri lahja yst\u00e4ville, muusikoille ja musiikin faneille<\/span><\/p>\n<p><img decoding=\"async\" class=\"size-full wp-image-17223 aligncenter\" src=\"https:\/\/keluvo.com\/template\/wp-content\/uploads\/sites\/5\/2025\/05\/6b0ad4fb-83d7-4e48-8107-e107537d660f.webp\" alt=\"\" \/><\/p>\n<h2 style=\"text-align: center\">P\u00e4\u00e4asiallinen Tarjous <span style=\"font-weight: 400\">\u2615<\/span><\/h2>\n<p style=\"text-align: center\"><span style=\"font-weight: 400\">T\u00e4m\u00e4 muki ei ole pelkk\u00e4\u00e4 juomaa varten &#8211; se on pieni palanen iloa! Olitpa sitten musiikin yst\u00e4v\u00e4 tai halusit vain hauskan mukin, t\u00e4m\u00e4 on sinulle. Musiikkinuottipainatuksilla ja erikoiskahvalla se tuo energiaa ja hymy\u00e4 p\u00e4iv\u00e4\u00e4si. T\u00e4ydellinen aamuihin, rentouttaviin iltoihin tai hauskoihin lahjoihin.<\/span><\/p>\n<h2 style=\"text-align: center\">\ud83d\udce6Pakkaus Sis\u00e4lt\u00e4\u00e4<\/h2>\n<ul>\n<li style=\"font-weight: 400\"><span style=\"font-weight: 400\">1x keraaminen musiikkimuki (300ml).<\/span><\/li>\n<\/ul>\n","protected":false},"excerpt":{"rendered":"<p>\u2615Musiikkimuki &#8211; Iloinen Tapa Siemailla Ja Hymyill\u00e4 Joka P\u00e4iv\u00e4.\ud83c\udfbb Juo tyylikk\u00e4\u00e4sti. T\u00e4ss\u00e4 siistiss\u00e4 mukissa on hauska soittimen muotoinen kahva &#8211; [&hellip;]<\/p>\n","protected":false},"featured_media":20883,"comment_status":"open","ping_status":"closed","template":"","meta":{"site-sidebar-layout":"default","site-content-layout":"","ast-site-content-layout":"default","site-content-style":"default","site-sidebar-style":"default","ast-global-header-display":"","ast-banner-title-visibility":"","ast-main-header-display":"","ast-hfb-above-header-display":"","ast-hfb-below-header-display":"","ast-hfb-mobile-header-display":"","site-post-title":"","ast-breadcrumbs-content":"","ast-featured-img":"","footer-sml-layout":"","ast-disable-related-posts":"","theme-transparent-header-meta":"default","adv-header-id-meta":"","stick-header-meta":"","header-above-stick-meta":"","header-main-stick-meta":"","header-below-stick-meta":"","astra-migrate-meta-layouts":"set","ast-page-background-enabled":"default","ast-page-background-meta":{"desktop":{"background-color":"var(--ast-global-color-5)","background-image":"","background-repeat":"repeat","background-position":"center center","background-size":"auto","background-attachment":"scroll","background-type":"","background-media":"","overlay-type":"","overlay-color":"","overlay-opacity":"","overlay-gradient":""},"tablet":{"background-color":"","background-image":"","background-repeat":"repeat","background-position":"center center","background-size":"auto","background-attachment":"scroll","background-type":"","background-media":"","overlay-type":"","overlay-color":"","overlay-opacity":"","overlay-gradient":""},"mobile":{"background-color":"","background-image":"","background-repeat":"repeat","background-position":"center center","background-size":"auto","background-attachment":"scroll","background-type":"","background-media":"","overlay-type":"","overlay-color":"","overlay-opacity":"","overlay-gradient":""}},"ast-content-background-meta":{"desktop":{"background-color":"var(--ast-global-color-4)","background-image":"","background-repeat":"repeat","background-position":"center center","background-size":"auto","background-attachment":"scroll","background-type":"","background-media":"","overlay-type":"","overlay-color":"","overlay-opacity":"","overlay-gradient":""},"tablet":{"background-color":"var(--ast-global-color-4)","background-image":"","background-repeat":"repeat","background-position":"center center","background-size":"auto","background-attachment":"scroll","background-type":"","background-media":"","overlay-type":"","overlay-color":"","overlay-opacity":"","overlay-gradient":""},"mobile":{"background-color":"var(--ast-global-color-4)","background-image":"","background-repeat":"repeat","background-position":"center center","background-size":"auto","background-attachment":"scroll","background-type":"","background-media":"","overlay-type":"","overlay-color":"","overlay-opacity":"","overlay-gradient":""}}},"product_brand":[],"product_cat":[15],"product_tag":[],"class_list":{"0":"post-20887","1":"product","2":"type-product","3":"status-publish","4":"has-post-thumbnail","6":"product_cat-luokittelematon","7":"pa_41909_qeqe5sqw-a","8":"pa_41909_qeqe5sqw-b","9":"pa_41909_qeqe5sqw-c","10":"pa_41909_qeqe5sqw-d","11":"pa_41909_qeqe5sqw-e","12":"pa_41909_qeqe5sqw-f","13":"pa_41909_qeqe5sqw-g","14":"pa_41909_qeqe5sqw-h","15":"pa_41909_qeqe5sqw-i","16":"pa_41909_qeqe5sqw-j","17":"pa_41909_qeqe5sqw-k","18":"pa_41909_qeqe5sqw-l","19":"pa_41909_qeqe5sqw-m","20":"pa_41909_qeqe5sqw-n","21":"desktop-align-left","22":"tablet-align-left","23":"mobile-align-left","25":"first","26":"instock","27":"shipping-taxable","28":"purchasable","29":"product-type-variable"},"yoast_head":"<!-- This site is optimized with the Yoast SEO plugin v27.4 - https:\/\/yoast.com\/product\/yoast-seo-wordpress\/ -->\n<title>Musiikkimuki - Senbera FI<\/title>\n<meta name=\"robots\" content=\"index, follow, max-snippet:-1, max-image-preview:large, max-video-preview:-1\" \/>\n<link rel=\"canonical\" href=\"https:\/\/senbera.com\/fi\/tuote\/musiikkimuki\/\" \/>\n<meta property=\"og:locale\" content=\"da_DK\" \/>\n<meta property=\"og:type\" content=\"article\" \/>\n<meta property=\"og:title\" content=\"Musiikkimuki - Senbera FI\" \/>\n<meta property=\"og:description\" content=\"\u2615Musiikkimuki &#8211; Iloinen Tapa Siemailla Ja Hymyill\u00e4 Joka P\u00e4iv\u00e4.\ud83c\udfbb Juo tyylikk\u00e4\u00e4sti. T\u00e4ss\u00e4 siistiss\u00e4 mukissa on hauska soittimen muotoinen kahva &#8211; [&hellip;]\" \/>\n<meta property=\"og:url\" content=\"https:\/\/senbera.com\/fi\/tuote\/musiikkimuki\/\" \/>\n<meta property=\"og:site_name\" content=\"Senbera FI\" \/>\n<meta property=\"article:modified_time\" content=\"2026-01-19T06:29:45+00:00\" \/>\n<meta name=\"twitter:card\" content=\"summary_large_image\" \/>\n<meta name=\"twitter:label1\" content=\"Estimeret l\u00e6setid\" \/>\n\t<meta name=\"twitter:data1\" content=\"1 minut\" \/>\n<script type=\"application\/ld+json\" class=\"yoast-schema-graph\">{\"@context\":\"https:\\\/\\\/schema.org\",\"@graph\":[{\"@type\":\"WebPage\",\"@id\":\"https:\\\/\\\/senbera.com\\\/fi\\\/tuote\\\/musiikkimuki\\\/\",\"url\":\"https:\\\/\\\/senbera.com\\\/fi\\\/tuote\\\/musiikkimuki\\\/\",\"name\":\"Musiikkimuki - Senbera FI\",\"isPartOf\":{\"@id\":\"https:\\\/\\\/senbera.com\\\/fi\\\/#website\"},\"primaryImageOfPage\":{\"@id\":\"https:\\\/\\\/senbera.com\\\/fi\\\/tuote\\\/musiikkimuki\\\/#primaryimage\"},\"image\":{\"@id\":\"https:\\\/\\\/senbera.com\\\/fi\\\/tuote\\\/musiikkimuki\\\/#primaryimage\"},\"thumbnailUrl\":\"https:\\\/\\\/senbera.com\\\/fi\\\/wp-content\\\/uploads\\\/sites\\\/19\\\/2026\\\/01\\\/7lcwifg-1.jpg\",\"datePublished\":\"2026-01-19T06:29:14+00:00\",\"dateModified\":\"2026-01-19T06:29:45+00:00\",\"breadcrumb\":{\"@id\":\"https:\\\/\\\/senbera.com\\\/fi\\\/tuote\\\/musiikkimuki\\\/#breadcrumb\"},\"inLanguage\":\"da-DK\",\"potentialAction\":[{\"@type\":\"ReadAction\",\"target\":[\"https:\\\/\\\/senbera.com\\\/fi\\\/tuote\\\/musiikkimuki\\\/\"]}]},{\"@type\":\"ImageObject\",\"inLanguage\":\"da-DK\",\"@id\":\"https:\\\/\\\/senbera.com\\\/fi\\\/tuote\\\/musiikkimuki\\\/#primaryimage\",\"url\":\"https:\\\/\\\/senbera.com\\\/fi\\\/wp-content\\\/uploads\\\/sites\\\/19\\\/2026\\\/01\\\/7lcwifg-1.jpg\",\"contentUrl\":\"https:\\\/\\\/senbera.com\\\/fi\\\/wp-content\\\/uploads\\\/sites\\\/19\\\/2026\\\/01\\\/7lcwifg-1.jpg\",\"width\":800,\"height\":800},{\"@type\":\"BreadcrumbList\",\"@id\":\"https:\\\/\\\/senbera.com\\\/fi\\\/tuote\\\/musiikkimuki\\\/#breadcrumb\",\"itemListElement\":[{\"@type\":\"ListItem\",\"position\":1,\"name\":\"Home\",\"item\":\"https:\\\/\\\/senbera.com\\\/fi\\\/\"},{\"@type\":\"ListItem\",\"position\":2,\"name\":\"Kauppa\",\"item\":\"https:\\\/\\\/senbera.com\\\/fi\\\/kauppa\\\/\"},{\"@type\":\"ListItem\",\"position\":3,\"name\":\"Musiikkimuki\"}]},{\"@type\":\"WebSite\",\"@id\":\"https:\\\/\\\/senbera.com\\\/fi\\\/#website\",\"url\":\"https:\\\/\\\/senbera.com\\\/fi\\\/\",\"name\":\"Senbera FI\",\"description\":\"\",\"publisher\":{\"@id\":\"https:\\\/\\\/senbera.com\\\/fi\\\/#organization\"},\"potentialAction\":[{\"@type\":\"SearchAction\",\"target\":{\"@type\":\"EntryPoint\",\"urlTemplate\":\"https:\\\/\\\/senbera.com\\\/fi\\\/?s={search_term_string}\"},\"query-input\":{\"@type\":\"PropertyValueSpecification\",\"valueRequired\":true,\"valueName\":\"search_term_string\"}}],\"inLanguage\":\"da-DK\"},{\"@type\":\"Organization\",\"@id\":\"https:\\\/\\\/senbera.com\\\/fi\\\/#organization\",\"name\":\"Mekulo\",\"url\":\"https:\\\/\\\/senbera.com\\\/fi\\\/\",\"logo\":{\"@type\":\"ImageObject\",\"inLanguage\":\"da-DK\",\"@id\":\"https:\\\/\\\/senbera.com\\\/fi\\\/#\\\/schema\\\/logo\\\/image\\\/\",\"url\":\"https:\\\/\\\/senbera.com\\\/fi\\\/wp-content\\\/uploads\\\/sites\\\/19\\\/2025\\\/12\\\/favicon_mekulo.png\",\"contentUrl\":\"https:\\\/\\\/senbera.com\\\/fi\\\/wp-content\\\/uploads\\\/sites\\\/19\\\/2025\\\/12\\\/favicon_mekulo.png\",\"width\":50,\"height\":50,\"caption\":\"Mekulo\"},\"image\":{\"@id\":\"https:\\\/\\\/senbera.com\\\/fi\\\/#\\\/schema\\\/logo\\\/image\\\/\"}}]}<\/script>\n<!-- \/ Yoast SEO plugin. -->","yoast_head_json":{"title":"Musiikkimuki - Senbera FI","robots":{"index":"index","follow":"follow","max-snippet":"max-snippet:-1","max-image-preview":"max-image-preview:large","max-video-preview":"max-video-preview:-1"},"canonical":"https:\/\/senbera.com\/fi\/tuote\/musiikkimuki\/","og_locale":"da_DK","og_type":"article","og_title":"Musiikkimuki - Senbera FI","og_description":"\u2615Musiikkimuki &#8211; Iloinen Tapa Siemailla Ja Hymyill\u00e4 Joka P\u00e4iv\u00e4.\ud83c\udfbb Juo tyylikk\u00e4\u00e4sti. T\u00e4ss\u00e4 siistiss\u00e4 mukissa on hauska soittimen muotoinen kahva &#8211; [&hellip;]","og_url":"https:\/\/senbera.com\/fi\/tuote\/musiikkimuki\/","og_site_name":"Senbera FI","article_modified_time":"2026-01-19T06:29:45+00:00","twitter_card":"summary_large_image","twitter_misc":{"Estimeret l\u00e6setid":"1 minut"},"schema":{"@context":"https:\/\/schema.org","@graph":[{"@type":"WebPage","@id":"https:\/\/senbera.com\/fi\/tuote\/musiikkimuki\/","url":"https:\/\/senbera.com\/fi\/tuote\/musiikkimuki\/","name":"Musiikkimuki - Senbera FI","isPartOf":{"@id":"https:\/\/senbera.com\/fi\/#website"},"primaryImageOfPage":{"@id":"https:\/\/senbera.com\/fi\/tuote\/musiikkimuki\/#primaryimage"},"image":{"@id":"https:\/\/senbera.com\/fi\/tuote\/musiikkimuki\/#primaryimage"},"thumbnailUrl":"https:\/\/senbera.com\/fi\/wp-content\/uploads\/sites\/19\/2026\/01\/7lcwifg-1.jpg","datePublished":"2026-01-19T06:29:14+00:00","dateModified":"2026-01-19T06:29:45+00:00","breadcrumb":{"@id":"https:\/\/senbera.com\/fi\/tuote\/musiikkimuki\/#breadcrumb"},"inLanguage":"da-DK","potentialAction":[{"@type":"ReadAction","target":["https:\/\/senbera.com\/fi\/tuote\/musiikkimuki\/"]}]},{"@type":"ImageObject","inLanguage":"da-DK","@id":"https:\/\/senbera.com\/fi\/tuote\/musiikkimuki\/#primaryimage","url":"https:\/\/senbera.com\/fi\/wp-content\/uploads\/sites\/19\/2026\/01\/7lcwifg-1.jpg","contentUrl":"https:\/\/senbera.com\/fi\/wp-content\/uploads\/sites\/19\/2026\/01\/7lcwifg-1.jpg","width":800,"height":800},{"@type":"BreadcrumbList","@id":"https:\/\/senbera.com\/fi\/tuote\/musiikkimuki\/#breadcrumb","itemListElement":[{"@type":"ListItem","position":1,"name":"Home","item":"https:\/\/senbera.com\/fi\/"},{"@type":"ListItem","position":2,"name":"Kauppa","item":"https:\/\/senbera.com\/fi\/kauppa\/"},{"@type":"ListItem","position":3,"name":"Musiikkimuki"}]},{"@type":"WebSite","@id":"https:\/\/senbera.com\/fi\/#website","url":"https:\/\/senbera.com\/fi\/","name":"Senbera FI","description":"","publisher":{"@id":"https:\/\/senbera.com\/fi\/#organization"},"potentialAction":[{"@type":"SearchAction","target":{"@type":"EntryPoint","urlTemplate":"https:\/\/senbera.com\/fi\/?s={search_term_string}"},"query-input":{"@type":"PropertyValueSpecification","valueRequired":true,"valueName":"search_term_string"}}],"inLanguage":"da-DK"},{"@type":"Organization","@id":"https:\/\/senbera.com\/fi\/#organization","name":"Mekulo","url":"https:\/\/senbera.com\/fi\/","logo":{"@type":"ImageObject","inLanguage":"da-DK","@id":"https:\/\/senbera.com\/fi\/#\/schema\/logo\/image\/","url":"https:\/\/senbera.com\/fi\/wp-content\/uploads\/sites\/19\/2025\/12\/favicon_mekulo.png","contentUrl":"https:\/\/senbera.com\/fi\/wp-content\/uploads\/sites\/19\/2025\/12\/favicon_mekulo.png","width":50,"height":50,"caption":"Mekulo"},"image":{"@id":"https:\/\/senbera.com\/fi\/#\/schema\/logo\/image\/"}}]}},"_links":{"self":[{"href":"https:\/\/senbera.com\/fi\/wp-json\/wp\/v2\/product\/20887","targetHints":{"allow":["GET"]}}],"collection":[{"href":"https:\/\/senbera.com\/fi\/wp-json\/wp\/v2\/product"}],"about":[{"href":"https:\/\/senbera.com\/fi\/wp-json\/wp\/v2\/types\/product"}],"replies":[{"embeddable":true,"href":"https:\/\/senbera.com\/fi\/wp-json\/wp\/v2\/comments?post=20887"}],"wp:featuredmedia":[{"embeddable":true,"href":"https:\/\/senbera.com\/fi\/wp-json\/wp\/v2\/media\/20883"}],"wp:attachment":[{"href":"https:\/\/senbera.com\/fi\/wp-json\/wp\/v2\/media?parent=20887"}],"wp:term":[{"taxonomy":"product_brand","embeddable":true,"href":"https:\/\/senbera.com\/fi\/wp-json\/wp\/v2\/product_brand?post=20887"},{"taxonomy":"product_cat","embeddable":true,"href":"https:\/\/senbera.com\/fi\/wp-json\/wp\/v2\/product_cat?post=20887"},{"taxonomy":"product_tag","embeddable":true,"href":"https:\/\/senbera.com\/fi\/wp-json\/wp\/v2\/product_tag?post=20887"}],"curies":[{"name":"wp","href":"https:\/\/api.w.org\/{rel}","templated":true}]}}