{"id":20782,"date":"2026-01-19T08:23:22","date_gmt":"2026-01-19T06:23:22","guid":{"rendered":"https:\/\/senbera.com\/fi\/tuote\/auton-maalauskyna\/"},"modified":"2026-01-19T08:23:26","modified_gmt":"2026-01-19T06:23:26","slug":"auton-maalauskyna","status":"publish","type":"product","link":"https:\/\/senbera.com\/fi\/tuote\/auton-maalauskyna\/","title":{"rendered":"Auton maalauskyn\u00e4"},"content":{"rendered":"<p style=\"text-align: center\"><strong><span style=\"font-weight: 400\">\u270d\ufe0f<\/span>Fix naarmuja tai luo hienoja taideteoksia yhdell\u00e4 helppok\u00e4ytt\u00f6isell\u00e4 maalikyn\u00e4ll\u00e4.<span style=\"font-weight: 400\">\ud83c\udfa8<\/span><\/strong><\/p>\n<p style=\"text-align: center\"><span style=\"font-weight: 400\">Automaalikyn\u00e4 on tarkkuutta vaativa ty\u00f6kalu, joka on suunniteltu nopeisiin korjauksiin, yksityiskohtien korjaamiseen ja luoviin projekteihin. Sen eritt\u00e4in hieno k\u00e4rki ja vintage-messinkinen muotoilu antavat sinulle t\u00e4yden hallinnan maalin virtaukseen, korjaatpa sitten pieni\u00e4 maalin lohkeamia tai lis\u00e4\u00e4t hienovaraisia viivoja tasaisille pinnoille.<\/span><\/p>\n<p><img decoding=\"async\" class=\"size-full wp-image-17453 aligncenter\" src=\"https:\/\/keluvo.com\/template\/wp-content\/uploads\/sites\/5\/2025\/05\/pem1-ezgif.com-video-to-webp-converter.webp\" alt=\"\" \/><\/p>\n<h2 style=\"text-align: center\">\ud83c\udf1f Main Benefits<\/h2>\n<p><span style=\"font-weight: 400\">\u270d\ufe0f Helppok\u00e4ytt\u00f6inen &#8211; t\u00e4yt\u00e4, paina ja piirr\u00e4<\/span><span style=\"font-weight: 400\"><br \/>\n<\/span><\/p>\n<p><span style=\"font-weight: 400\">\ud83c\udfaf Eritt\u00e4in hieno k\u00e4rki takaa tarkan, tippumattoman lines<\/span><span style=\"font-weight: 400\"><br \/>\n<\/span><\/p>\n<p><span style=\"font-weight: 400\">\ud83d\udee0\ufe0f Soveltuu erinomaisesti autojen maalin korjauksiin, huonekaluihin ja rautatavaroihin<\/span><span style=\"font-weight: 400\"><br \/>\n<\/span><\/p>\n<p><span style=\"font-weight: 400\">\ud83c\udfa8 Toimii maalin, musteen kanssa, emali ja nestem\u00e4inen metalli<\/span><span style=\"font-weight: 400\"><br \/>\n<\/span><\/p>\n<p><span style=\"font-weight: 400\">\ud83e\uddf1 Soveltuu k\u00e4ytett\u00e4v\u00e4ksi metallilla, puulla, lasilla ja more<\/span><\/p>\n<p><span style=\"font-weight: 400\">\ud83d\udd70\ufe0f Vintage-henkinen messinkirunko, jossa on tyylik\u00e4s look<\/span><\/p>\n<p><img decoding=\"async\" class=\"size-full wp-image-17458 aligncenter\" src=\"https:\/\/keluvo.com\/template\/wp-content\/uploads\/sites\/5\/2025\/05\/Se58307770d214197a40dca3da5582376j.jpg_960x960q75.jpg_.avif\" alt=\"\" \/><\/p>\n<h2 style=\"text-align: center\">\ud83d\udee0\ufe0f K\u00e4ytt\u00f6ohjeet<\/h2>\n<ol>\n<li style=\"font-weight: 400\"><span style=\"font-weight: 400\">Laimenna maali tai neste tasaiseksi, vetiseksi.<\/span><span style=\"font-weight: 400\"><br \/>\n<\/span><\/li>\n<li style=\"font-weight: 400\"><span style=\"font-weight: 400\">Kaada maali kyn\u00e4n s\u00e4ilytysastiaan.<\/span><span style=\"font-weight: 400\"><br \/>\n<\/span><\/li>\n<li style=\"font-weight: 400\"><span style=\"font-weight: 400\">Pid\u00e4 kyn\u00e4\u00e4 kuin kirjoitusv\u00e4linett\u00e4 ja paina kevyesti kyn\u00e4n k\u00e4rke\u00e4.<\/span><span style=\"font-weight: 400\"><br \/>\n<\/span><\/li>\n<li style=\"font-weight: 400\"><span style=\"font-weight: 400\">Levit\u00e4 maalia tasaisin vedoin tasaisesti pinnalle.<\/span><span style=\"font-weight: 400\"><br \/>\n<\/span><\/li>\n<li style=\"font-weight: 400\"><span style=\"font-weight: 400\">Puhdista kyn\u00e4 mukana tulevalla ty\u00f6kalulla jokaisen k\u00e4ytt\u00f6kerran j\u00e4lkeen.<\/span><\/li>\n<\/ol>\n<h2 style=\"text-align: center\">\ud83d\udccf Tuotetiedot<\/h2>\n<ul>\n<li style=\"font-weight: 400\"><span style=\"font-weight: 400\">Materiaali: messinki, ruostumaton ter\u00e4s, 6061 alumiiniseos<\/span><span style=\"font-weight: 400\"><br \/>\n<\/span><\/li>\n<li style=\"font-weight: 400\"><span style=\"font-weight: 400\">Kyn\u00e4n k\u00e4rjen koko: 0,5 mm tai 0,7 mm<\/span><span style=\"font-weight: 400\"><br \/>\n<\/span><\/li>\n<li style=\"font-weight: 400\"><span style=\"font-weight: 400\">Kyn\u00e4n koko: 1.2 x 20 x 8 cm<\/span><\/li>\n<li style=\"font-weight: 400\"><span style=\"font-weight: 400\">Toiminnot: maalin korjailu, taide-, piirustus-, kirjoitus-, viimeistelymaalit<\/span><\/li>\n<\/ul>\n<h2 style=\"text-align: center\">\ud83d\udce6 Pakkaus sis\u00e4lt\u00e4\u00e4<\/h2>\n<ul>\n<li style=\"font-weight: 400\"><span style=\"font-weight: 400\">1x maalikyn\u00e4.<\/span><\/li>\n<\/ul>\n","protected":false},"excerpt":{"rendered":"<p>\u270d\ufe0fFix naarmuja tai luo hienoja taideteoksia yhdell\u00e4 helppok\u00e4ytt\u00f6isell\u00e4 maalikyn\u00e4ll\u00e4.\ud83c\udfa8 Automaalikyn\u00e4 on tarkkuutta vaativa ty\u00f6kalu, joka on suunniteltu nopeisiin korjauksiin, yksityiskohtien [&hellip;]<\/p>\n","protected":false},"featured_media":20778,"comment_status":"open","ping_status":"closed","template":"","meta":{"site-sidebar-layout":"default","site-content-layout":"","ast-site-content-layout":"default","site-content-style":"default","site-sidebar-style":"default","ast-global-header-display":"","ast-banner-title-visibility":"","ast-main-header-display":"","ast-hfb-above-header-display":"","ast-hfb-below-header-display":"","ast-hfb-mobile-header-display":"","site-post-title":"","ast-breadcrumbs-content":"","ast-featured-img":"","footer-sml-layout":"","ast-disable-related-posts":"","theme-transparent-header-meta":"default","adv-header-id-meta":"","stick-header-meta":"","header-above-stick-meta":"","header-main-stick-meta":"","header-below-stick-meta":"","astra-migrate-meta-layouts":"set","ast-page-background-enabled":"default","ast-page-background-meta":{"desktop":{"background-color":"var(--ast-global-color-5)","background-image":"","background-repeat":"repeat","background-position":"center center","background-size":"auto","background-attachment":"scroll","background-type":"","background-media":"","overlay-type":"","overlay-color":"","overlay-opacity":"","overlay-gradient":""},"tablet":{"background-color":"","background-image":"","background-repeat":"repeat","background-position":"center center","background-size":"auto","background-attachment":"scroll","background-type":"","background-media":"","overlay-type":"","overlay-color":"","overlay-opacity":"","overlay-gradient":""},"mobile":{"background-color":"","background-image":"","background-repeat":"repeat","background-position":"center center","background-size":"auto","background-attachment":"scroll","background-type":"","background-media":"","overlay-type":"","overlay-color":"","overlay-opacity":"","overlay-gradient":""}},"ast-content-background-meta":{"desktop":{"background-color":"var(--ast-global-color-4)","background-image":"","background-repeat":"repeat","background-position":"center center","background-size":"auto","background-attachment":"scroll","background-type":"","background-media":"","overlay-type":"","overlay-color":"","overlay-opacity":"","overlay-gradient":""},"tablet":{"background-color":"var(--ast-global-color-4)","background-image":"","background-repeat":"repeat","background-position":"center center","background-size":"auto","background-attachment":"scroll","background-type":"","background-media":"","overlay-type":"","overlay-color":"","overlay-opacity":"","overlay-gradient":""},"mobile":{"background-color":"var(--ast-global-color-4)","background-image":"","background-repeat":"repeat","background-position":"center center","background-size":"auto","background-attachment":"scroll","background-type":"","background-media":"","overlay-type":"","overlay-color":"","overlay-opacity":"","overlay-gradient":""}}},"product_brand":[],"product_cat":[15],"product_tag":[],"class_list":{"0":"post-20782","1":"product","2":"type-product","3":"status-publish","4":"has-post-thumbnail","6":"product_cat-luokittelematon","7":"pa_29641_ztnu1nyq-0-5mm","8":"pa_29641_ztnu1nyq-0-7mm","9":"desktop-align-left","10":"tablet-align-left","11":"mobile-align-left","13":"first","14":"instock","15":"shipping-taxable","16":"purchasable","17":"product-type-variable"},"yoast_head":"<!-- This site is optimized with the Yoast SEO plugin v27.4 - https:\/\/yoast.com\/product\/yoast-seo-wordpress\/ -->\n<title>Auton maalauskyn\u00e4 - Senbera FI<\/title>\n<meta name=\"robots\" content=\"index, follow, max-snippet:-1, max-image-preview:large, max-video-preview:-1\" \/>\n<link rel=\"canonical\" href=\"https:\/\/senbera.com\/fi\/tuote\/auton-maalauskyna\/\" \/>\n<meta property=\"og:locale\" content=\"fi_FI\" \/>\n<meta property=\"og:type\" content=\"article\" \/>\n<meta property=\"og:title\" content=\"Auton maalauskyn\u00e4 - Senbera FI\" \/>\n<meta property=\"og:description\" content=\"\u270d\ufe0fFix naarmuja tai luo hienoja taideteoksia yhdell\u00e4 helppok\u00e4ytt\u00f6isell\u00e4 maalikyn\u00e4ll\u00e4.\ud83c\udfa8 Automaalikyn\u00e4 on tarkkuutta vaativa ty\u00f6kalu, joka on suunniteltu nopeisiin korjauksiin, yksityiskohtien [&hellip;]\" \/>\n<meta property=\"og:url\" content=\"https:\/\/senbera.com\/fi\/tuote\/auton-maalauskyna\/\" \/>\n<meta property=\"og:site_name\" content=\"Senbera FI\" \/>\n<meta property=\"article:modified_time\" content=\"2026-01-19T06:23:26+00:00\" \/>\n<meta name=\"twitter:card\" content=\"summary_large_image\" \/>\n<meta name=\"twitter:label1\" content=\"Arvioitu lukuaika\" \/>\n\t<meta name=\"twitter:data1\" content=\"1 minuutti\" \/>\n<script type=\"application\/ld+json\" class=\"yoast-schema-graph\">{\"@context\":\"https:\\\/\\\/schema.org\",\"@graph\":[{\"@type\":\"WebPage\",\"@id\":\"https:\\\/\\\/senbera.com\\\/fi\\\/tuote\\\/auton-maalauskyna\\\/\",\"url\":\"https:\\\/\\\/senbera.com\\\/fi\\\/tuote\\\/auton-maalauskyna\\\/\",\"name\":\"Auton maalauskyn\u00e4 - Senbera FI\",\"isPartOf\":{\"@id\":\"https:\\\/\\\/senbera.com\\\/fi\\\/#website\"},\"primaryImageOfPage\":{\"@id\":\"https:\\\/\\\/senbera.com\\\/fi\\\/tuote\\\/auton-maalauskyna\\\/#primaryimage\"},\"image\":{\"@id\":\"https:\\\/\\\/senbera.com\\\/fi\\\/tuote\\\/auton-maalauskyna\\\/#primaryimage\"},\"thumbnailUrl\":\"https:\\\/\\\/senbera.com\\\/fi\\\/wp-content\\\/uploads\\\/sites\\\/19\\\/2026\\\/01\\\/jbbo22x-1.jpg\",\"datePublished\":\"2026-01-19T06:23:22+00:00\",\"dateModified\":\"2026-01-19T06:23:26+00:00\",\"breadcrumb\":{\"@id\":\"https:\\\/\\\/senbera.com\\\/fi\\\/tuote\\\/auton-maalauskyna\\\/#breadcrumb\"},\"inLanguage\":\"fi\",\"potentialAction\":[{\"@type\":\"ReadAction\",\"target\":[\"https:\\\/\\\/senbera.com\\\/fi\\\/tuote\\\/auton-maalauskyna\\\/\"]}]},{\"@type\":\"ImageObject\",\"inLanguage\":\"fi\",\"@id\":\"https:\\\/\\\/senbera.com\\\/fi\\\/tuote\\\/auton-maalauskyna\\\/#primaryimage\",\"url\":\"https:\\\/\\\/senbera.com\\\/fi\\\/wp-content\\\/uploads\\\/sites\\\/19\\\/2026\\\/01\\\/jbbo22x-1.jpg\",\"contentUrl\":\"https:\\\/\\\/senbera.com\\\/fi\\\/wp-content\\\/uploads\\\/sites\\\/19\\\/2026\\\/01\\\/jbbo22x-1.jpg\",\"width\":1080,\"height\":1080},{\"@type\":\"BreadcrumbList\",\"@id\":\"https:\\\/\\\/senbera.com\\\/fi\\\/tuote\\\/auton-maalauskyna\\\/#breadcrumb\",\"itemListElement\":[{\"@type\":\"ListItem\",\"position\":1,\"name\":\"Home\",\"item\":\"https:\\\/\\\/senbera.com\\\/fi\\\/\"},{\"@type\":\"ListItem\",\"position\":2,\"name\":\"Kauppa\",\"item\":\"https:\\\/\\\/senbera.com\\\/fi\\\/kauppa\\\/\"},{\"@type\":\"ListItem\",\"position\":3,\"name\":\"Auton maalauskyn\u00e4\"}]},{\"@type\":\"WebSite\",\"@id\":\"https:\\\/\\\/senbera.com\\\/fi\\\/#website\",\"url\":\"https:\\\/\\\/senbera.com\\\/fi\\\/\",\"name\":\"Senbera FI\",\"description\":\"\",\"publisher\":{\"@id\":\"https:\\\/\\\/senbera.com\\\/fi\\\/#organization\"},\"potentialAction\":[{\"@type\":\"SearchAction\",\"target\":{\"@type\":\"EntryPoint\",\"urlTemplate\":\"https:\\\/\\\/senbera.com\\\/fi\\\/?s={search_term_string}\"},\"query-input\":{\"@type\":\"PropertyValueSpecification\",\"valueRequired\":true,\"valueName\":\"search_term_string\"}}],\"inLanguage\":\"fi\"},{\"@type\":\"Organization\",\"@id\":\"https:\\\/\\\/senbera.com\\\/fi\\\/#organization\",\"name\":\"Mekulo\",\"url\":\"https:\\\/\\\/senbera.com\\\/fi\\\/\",\"logo\":{\"@type\":\"ImageObject\",\"inLanguage\":\"fi\",\"@id\":\"https:\\\/\\\/senbera.com\\\/fi\\\/#\\\/schema\\\/logo\\\/image\\\/\",\"url\":\"https:\\\/\\\/senbera.com\\\/fi\\\/wp-content\\\/uploads\\\/sites\\\/19\\\/2025\\\/12\\\/favicon_mekulo.png\",\"contentUrl\":\"https:\\\/\\\/senbera.com\\\/fi\\\/wp-content\\\/uploads\\\/sites\\\/19\\\/2025\\\/12\\\/favicon_mekulo.png\",\"width\":50,\"height\":50,\"caption\":\"Mekulo\"},\"image\":{\"@id\":\"https:\\\/\\\/senbera.com\\\/fi\\\/#\\\/schema\\\/logo\\\/image\\\/\"}}]}<\/script>\n<!-- \/ Yoast SEO plugin. -->","yoast_head_json":{"title":"Auton maalauskyn\u00e4 - Senbera FI","robots":{"index":"index","follow":"follow","max-snippet":"max-snippet:-1","max-image-preview":"max-image-preview:large","max-video-preview":"max-video-preview:-1"},"canonical":"https:\/\/senbera.com\/fi\/tuote\/auton-maalauskyna\/","og_locale":"fi_FI","og_type":"article","og_title":"Auton maalauskyn\u00e4 - Senbera FI","og_description":"\u270d\ufe0fFix naarmuja tai luo hienoja taideteoksia yhdell\u00e4 helppok\u00e4ytt\u00f6isell\u00e4 maalikyn\u00e4ll\u00e4.\ud83c\udfa8 Automaalikyn\u00e4 on tarkkuutta vaativa ty\u00f6kalu, joka on suunniteltu nopeisiin korjauksiin, yksityiskohtien [&hellip;]","og_url":"https:\/\/senbera.com\/fi\/tuote\/auton-maalauskyna\/","og_site_name":"Senbera FI","article_modified_time":"2026-01-19T06:23:26+00:00","twitter_card":"summary_large_image","twitter_misc":{"Arvioitu lukuaika":"1 minuutti"},"schema":{"@context":"https:\/\/schema.org","@graph":[{"@type":"WebPage","@id":"https:\/\/senbera.com\/fi\/tuote\/auton-maalauskyna\/","url":"https:\/\/senbera.com\/fi\/tuote\/auton-maalauskyna\/","name":"Auton maalauskyn\u00e4 - Senbera FI","isPartOf":{"@id":"https:\/\/senbera.com\/fi\/#website"},"primaryImageOfPage":{"@id":"https:\/\/senbera.com\/fi\/tuote\/auton-maalauskyna\/#primaryimage"},"image":{"@id":"https:\/\/senbera.com\/fi\/tuote\/auton-maalauskyna\/#primaryimage"},"thumbnailUrl":"https:\/\/senbera.com\/fi\/wp-content\/uploads\/sites\/19\/2026\/01\/jbbo22x-1.jpg","datePublished":"2026-01-19T06:23:22+00:00","dateModified":"2026-01-19T06:23:26+00:00","breadcrumb":{"@id":"https:\/\/senbera.com\/fi\/tuote\/auton-maalauskyna\/#breadcrumb"},"inLanguage":"fi","potentialAction":[{"@type":"ReadAction","target":["https:\/\/senbera.com\/fi\/tuote\/auton-maalauskyna\/"]}]},{"@type":"ImageObject","inLanguage":"fi","@id":"https:\/\/senbera.com\/fi\/tuote\/auton-maalauskyna\/#primaryimage","url":"https:\/\/senbera.com\/fi\/wp-content\/uploads\/sites\/19\/2026\/01\/jbbo22x-1.jpg","contentUrl":"https:\/\/senbera.com\/fi\/wp-content\/uploads\/sites\/19\/2026\/01\/jbbo22x-1.jpg","width":1080,"height":1080},{"@type":"BreadcrumbList","@id":"https:\/\/senbera.com\/fi\/tuote\/auton-maalauskyna\/#breadcrumb","itemListElement":[{"@type":"ListItem","position":1,"name":"Home","item":"https:\/\/senbera.com\/fi\/"},{"@type":"ListItem","position":2,"name":"Kauppa","item":"https:\/\/senbera.com\/fi\/kauppa\/"},{"@type":"ListItem","position":3,"name":"Auton maalauskyn\u00e4"}]},{"@type":"WebSite","@id":"https:\/\/senbera.com\/fi\/#website","url":"https:\/\/senbera.com\/fi\/","name":"Senbera FI","description":"","publisher":{"@id":"https:\/\/senbera.com\/fi\/#organization"},"potentialAction":[{"@type":"SearchAction","target":{"@type":"EntryPoint","urlTemplate":"https:\/\/senbera.com\/fi\/?s={search_term_string}"},"query-input":{"@type":"PropertyValueSpecification","valueRequired":true,"valueName":"search_term_string"}}],"inLanguage":"fi"},{"@type":"Organization","@id":"https:\/\/senbera.com\/fi\/#organization","name":"Mekulo","url":"https:\/\/senbera.com\/fi\/","logo":{"@type":"ImageObject","inLanguage":"fi","@id":"https:\/\/senbera.com\/fi\/#\/schema\/logo\/image\/","url":"https:\/\/senbera.com\/fi\/wp-content\/uploads\/sites\/19\/2025\/12\/favicon_mekulo.png","contentUrl":"https:\/\/senbera.com\/fi\/wp-content\/uploads\/sites\/19\/2025\/12\/favicon_mekulo.png","width":50,"height":50,"caption":"Mekulo"},"image":{"@id":"https:\/\/senbera.com\/fi\/#\/schema\/logo\/image\/"}}]}},"_links":{"self":[{"href":"https:\/\/senbera.com\/fi\/wp-json\/wp\/v2\/product\/20782","targetHints":{"allow":["GET"]}}],"collection":[{"href":"https:\/\/senbera.com\/fi\/wp-json\/wp\/v2\/product"}],"about":[{"href":"https:\/\/senbera.com\/fi\/wp-json\/wp\/v2\/types\/product"}],"replies":[{"embeddable":true,"href":"https:\/\/senbera.com\/fi\/wp-json\/wp\/v2\/comments?post=20782"}],"wp:featuredmedia":[{"embeddable":true,"href":"https:\/\/senbera.com\/fi\/wp-json\/wp\/v2\/media\/20778"}],"wp:attachment":[{"href":"https:\/\/senbera.com\/fi\/wp-json\/wp\/v2\/media?parent=20782"}],"wp:term":[{"taxonomy":"product_brand","embeddable":true,"href":"https:\/\/senbera.com\/fi\/wp-json\/wp\/v2\/product_brand?post=20782"},{"taxonomy":"product_cat","embeddable":true,"href":"https:\/\/senbera.com\/fi\/wp-json\/wp\/v2\/product_cat?post=20782"},{"taxonomy":"product_tag","embeddable":true,"href":"https:\/\/senbera.com\/fi\/wp-json\/wp\/v2\/product_tag?post=20782"}],"curies":[{"name":"wp","href":"https:\/\/api.w.org\/{rel}","templated":true}]}}