{"id":20589,"date":"2026-01-16T10:08:39","date_gmt":"2026-01-16T08:08:39","guid":{"rendered":"https:\/\/senbera.com\/fi\/tuote\/lemmikkielainten-vesimatto\/"},"modified":"2026-01-16T10:09:33","modified_gmt":"2026-01-16T08:09:33","slug":"lemmikkielainten-vesimatto","status":"publish","type":"product","link":"https:\/\/senbera.com\/fi\/tuote\/lemmikkielainten-vesimatto\/","title":{"rendered":"Lemmikkiel\u00e4inten vesimatto"},"content":{"rendered":"<p style=\"text-align: center\"><b>\ud83d\udca6 Esittelyss\u00e4 lemmikkiel\u00e4inten vesimatto &#8211; kissasi leikkis\u00e4 ja rentouttava vesi-ihmemaa! \ud83d\udc08<\/b><\/p>\n<p style=\"text-align: center\"><span style=\"font-weight: 400\">T\u00e4m\u00e4 pehme\u00e4 vesimatto pit\u00e4\u00e4 kissasi uteliaana, iloisena ja sitoutuneena. Kosketa mattoa ja katso, kuinka kalat &#8221;uivat&#8221; sen sis\u00e4ll\u00e4 &#8211; se on kuin minimeri kotona!<\/span><\/p>\n<p><img decoding=\"async\" class=\"size-full wp-image-16957 aligncenter\" src=\"https:\/\/keluvo.com\/template\/wp-content\/uploads\/sites\/5\/2025\/05\/paet-ezgif.com-video-to-webp-converter.webp\" alt=\"\" \/><\/p>\n<h2 style=\"text-align: center\"><strong>Main Benefits<\/strong><\/h2>\n<p><span style=\"font-weight: 400\">Interaktiivinen aistileikki &#8211; kissat rakastavat tassutella sis\u00e4ll\u00e4 liikkuvia kaloja<\/span><span style=\"font-weight: 400\"><br \/>\n<\/span><\/p>\n<p><span style=\"font-weight: 400\">Hyv\u00e4 sek\u00e4 leikkiin ett\u00e4 lepoon &#8211; mukava, kotoisa ja viile\u00e4 makuualusta<\/span><span style=\"font-weight: 400\"><br \/>\n<\/span><\/p>\n<p><span style=\"font-weight: 400\">Valmistettu vahvasta, korkealaatuisesta PVC:st\u00e4 &#8211; pitk\u00e4ik\u00e4inen ja turvallinen<\/span><span style=\"font-weight: 400\"><br \/>\n<\/span><\/p>\n<p><span style=\"font-weight: 400\">Hauskat vedenalaiset kuviot &#8211; stimuloi kissan mielt\u00e4 ja aisteja<\/span><span style=\"font-weight: 400\"><br \/>\n<\/span><\/p>\n<p><span style=\"font-weight: 400\">Hauskaa my\u00f6s lapsille &#8211; nauttikaa katselusta tai leikkimisest\u00e4 yhdess\u00e4<\/span><\/p>\n<p><img decoding=\"async\" class=\"size-full wp-image-16960 aligncenter\" src=\"https:\/\/keluvo.com\/template\/wp-content\/uploads\/sites\/5\/2025\/05\/301e182f-3aae-43f7-a649-462a7bff0620.webp\" alt=\"&quot;\" \/><\/p>\n<h2 style=\"text-align: center\"><strong>How This Product Helps You<\/strong><\/h2>\n<p style=\"text-align: center\"><span style=\"font-weight: 400\">Lemmikkiel\u00e4inten vesimatto on muutakin kuin lelu &#8211; se auttaa pit\u00e4m\u00e4\u00e4n kissasi henkisesti aktiivisena, fyysisesti leikkis\u00e4n\u00e4 ja iloisesti viihdytt\u00e4v\u00e4n\u00e4.<\/span><\/p>\n<p style=\"text-align: center\"><span style=\"font-weight: 400\"> Se sopii t\u00e4ydellisesti:<\/span><\/p>\n<ul>\n<li style=\"font-weight: 400\"><span style=\"font-weight: 400\">pit\u00e4m\u00e4\u00e4n kissasi kiireisen\u00e4 sis\u00e4tiloissa<\/span><span style=\"font-weight: 400\"><br \/>\n<\/span><\/li>\n<li style=\"font-weight: 400\"><span style=\"font-weight: 400\">Aistimelliseen leikkiin, joka aktivoi kosketusta ja n\u00e4k\u00f6\u00e4<\/span><\/li>\n<li style=\"font-weight: 400\"><span style=\"font-weight: 400\">Jaamaan vuorovaikutteista hauskanpitoa lemmikkisi ja perheesi kanssa.<\/span><\/li>\n<\/ul>\n<h2 style=\"text-align: center\"><strong>\ud83d\udce6 Package Includes<\/strong><\/h2>\n<ul>\n<li style=\"font-weight: 400\"><span style=\"font-weight: 400\">1x lemmikkiel\u00e4inten vesimatto (interaktiivinen kalamalli).<\/span><span style=\"font-weight: 400\"><br \/>\n<\/span><\/li>\n<\/ul>\n","protected":false},"excerpt":{"rendered":"<p>\ud83d\udca6 Esittelyss\u00e4 lemmikkiel\u00e4inten vesimatto &#8211; kissasi leikkis\u00e4 ja rentouttava vesi-ihmemaa! \ud83d\udc08 T\u00e4m\u00e4 pehme\u00e4 vesimatto pit\u00e4\u00e4 kissasi uteliaana, iloisena ja sitoutuneena. [&hellip;]<\/p>\n","protected":false},"featured_media":20585,"comment_status":"open","ping_status":"closed","template":"","meta":{"site-sidebar-layout":"default","site-content-layout":"","ast-site-content-layout":"default","site-content-style":"default","site-sidebar-style":"default","ast-global-header-display":"","ast-banner-title-visibility":"","ast-main-header-display":"","ast-hfb-above-header-display":"","ast-hfb-below-header-display":"","ast-hfb-mobile-header-display":"","site-post-title":"","ast-breadcrumbs-content":"","ast-featured-img":"","footer-sml-layout":"","ast-disable-related-posts":"","theme-transparent-header-meta":"default","adv-header-id-meta":"","stick-header-meta":"","header-above-stick-meta":"","header-main-stick-meta":"","header-below-stick-meta":"","astra-migrate-meta-layouts":"set","ast-page-background-enabled":"default","ast-page-background-meta":{"desktop":{"background-color":"var(--ast-global-color-5)","background-image":"","background-repeat":"repeat","background-position":"center center","background-size":"auto","background-attachment":"scroll","background-type":"","background-media":"","overlay-type":"","overlay-color":"","overlay-opacity":"","overlay-gradient":""},"tablet":{"background-color":"","background-image":"","background-repeat":"repeat","background-position":"center center","background-size":"auto","background-attachment":"scroll","background-type":"","background-media":"","overlay-type":"","overlay-color":"","overlay-opacity":"","overlay-gradient":""},"mobile":{"background-color":"","background-image":"","background-repeat":"repeat","background-position":"center center","background-size":"auto","background-attachment":"scroll","background-type":"","background-media":"","overlay-type":"","overlay-color":"","overlay-opacity":"","overlay-gradient":""}},"ast-content-background-meta":{"desktop":{"background-color":"var(--ast-global-color-4)","background-image":"","background-repeat":"repeat","background-position":"center center","background-size":"auto","background-attachment":"scroll","background-type":"","background-media":"","overlay-type":"","overlay-color":"","overlay-opacity":"","overlay-gradient":""},"tablet":{"background-color":"var(--ast-global-color-4)","background-image":"","background-repeat":"repeat","background-position":"center center","background-size":"auto","background-attachment":"scroll","background-type":"","background-media":"","overlay-type":"","overlay-color":"","overlay-opacity":"","overlay-gradient":""},"mobile":{"background-color":"var(--ast-global-color-4)","background-image":"","background-repeat":"repeat","background-position":"center center","background-size":"auto","background-attachment":"scroll","background-type":"","background-media":"","overlay-type":"","overlay-color":"","overlay-opacity":"","overlay-gradient":""}}},"product_brand":[],"product_cat":[15],"product_tag":[],"class_list":{"0":"post-20589","1":"product","2":"type-product","3":"status-publish","4":"has-post-thumbnail","6":"product_cat-luokittelematon","7":"pa_29909_oyqr26hj-a","8":"pa_29909_oyqr26hj-b","9":"pa_29909_oyqr26hj-c","10":"pa_29909_oyqr26hj-d","11":"pa_29909_oyqr26hj-e","12":"pa_29909_oyqr26hj-f","13":"pa_29909_oyqr26hj-g","14":"pa_29909_oyqr26hj-h","15":"pa_29909_oyqr26hj-i","16":"pa_29909_oyqr26hj-j","17":"pa_29909_oyqr26hj-k","18":"pa_29909_oyqr26hj-l","19":"pa_29909_oyqr26hj-m","20":"pa_29909_oyqr26hj-n","21":"pa_29909_oyqr26hj-o","22":"desktop-align-left","23":"tablet-align-left","24":"mobile-align-left","26":"first","27":"instock","28":"shipping-taxable","29":"purchasable","30":"product-type-variable"},"yoast_head":"<!-- This site is optimized with the Yoast SEO plugin v27.4 - https:\/\/yoast.com\/product\/yoast-seo-wordpress\/ -->\n<title>Lemmikkiel\u00e4inten vesimatto - Senbera FI<\/title>\n<meta name=\"robots\" content=\"index, follow, max-snippet:-1, max-image-preview:large, max-video-preview:-1\" \/>\n<link rel=\"canonical\" href=\"https:\/\/senbera.com\/fi\/tuote\/lemmikkielainten-vesimatto\/\" \/>\n<meta property=\"og:locale\" content=\"fi_FI\" \/>\n<meta property=\"og:type\" content=\"article\" \/>\n<meta property=\"og:title\" content=\"Lemmikkiel\u00e4inten vesimatto - Senbera FI\" \/>\n<meta property=\"og:description\" content=\"\ud83d\udca6 Esittelyss\u00e4 lemmikkiel\u00e4inten vesimatto &#8211; kissasi leikkis\u00e4 ja rentouttava vesi-ihmemaa! \ud83d\udc08 T\u00e4m\u00e4 pehme\u00e4 vesimatto pit\u00e4\u00e4 kissasi uteliaana, iloisena ja sitoutuneena. [&hellip;]\" \/>\n<meta property=\"og:url\" content=\"https:\/\/senbera.com\/fi\/tuote\/lemmikkielainten-vesimatto\/\" \/>\n<meta property=\"og:site_name\" content=\"Senbera FI\" \/>\n<meta property=\"article:modified_time\" content=\"2026-01-16T08:09:33+00:00\" \/>\n<meta name=\"twitter:card\" content=\"summary_large_image\" \/>\n<meta name=\"twitter:label1\" content=\"Arvioitu lukuaika\" \/>\n\t<meta name=\"twitter:data1\" content=\"1 minuutti\" \/>\n<script type=\"application\/ld+json\" class=\"yoast-schema-graph\">{\"@context\":\"https:\\\/\\\/schema.org\",\"@graph\":[{\"@type\":\"WebPage\",\"@id\":\"https:\\\/\\\/senbera.com\\\/fi\\\/tuote\\\/lemmikkielainten-vesimatto\\\/\",\"url\":\"https:\\\/\\\/senbera.com\\\/fi\\\/tuote\\\/lemmikkielainten-vesimatto\\\/\",\"name\":\"Lemmikkiel\u00e4inten vesimatto - Senbera FI\",\"isPartOf\":{\"@id\":\"https:\\\/\\\/senbera.com\\\/fi\\\/#website\"},\"primaryImageOfPage\":{\"@id\":\"https:\\\/\\\/senbera.com\\\/fi\\\/tuote\\\/lemmikkielainten-vesimatto\\\/#primaryimage\"},\"image\":{\"@id\":\"https:\\\/\\\/senbera.com\\\/fi\\\/tuote\\\/lemmikkielainten-vesimatto\\\/#primaryimage\"},\"thumbnailUrl\":\"https:\\\/\\\/senbera.com\\\/fi\\\/wp-content\\\/uploads\\\/sites\\\/19\\\/2026\\\/01\\\/wv4kstb-1.webp\",\"datePublished\":\"2026-01-16T08:08:39+00:00\",\"dateModified\":\"2026-01-16T08:09:33+00:00\",\"breadcrumb\":{\"@id\":\"https:\\\/\\\/senbera.com\\\/fi\\\/tuote\\\/lemmikkielainten-vesimatto\\\/#breadcrumb\"},\"inLanguage\":\"fi\",\"potentialAction\":[{\"@type\":\"ReadAction\",\"target\":[\"https:\\\/\\\/senbera.com\\\/fi\\\/tuote\\\/lemmikkielainten-vesimatto\\\/\"]}]},{\"@type\":\"ImageObject\",\"inLanguage\":\"fi\",\"@id\":\"https:\\\/\\\/senbera.com\\\/fi\\\/tuote\\\/lemmikkielainten-vesimatto\\\/#primaryimage\",\"url\":\"https:\\\/\\\/senbera.com\\\/fi\\\/wp-content\\\/uploads\\\/sites\\\/19\\\/2026\\\/01\\\/wv4kstb-1.webp\",\"contentUrl\":\"https:\\\/\\\/senbera.com\\\/fi\\\/wp-content\\\/uploads\\\/sites\\\/19\\\/2026\\\/01\\\/wv4kstb-1.webp\",\"width\":800,\"height\":800},{\"@type\":\"BreadcrumbList\",\"@id\":\"https:\\\/\\\/senbera.com\\\/fi\\\/tuote\\\/lemmikkielainten-vesimatto\\\/#breadcrumb\",\"itemListElement\":[{\"@type\":\"ListItem\",\"position\":1,\"name\":\"Home\",\"item\":\"https:\\\/\\\/senbera.com\\\/fi\\\/\"},{\"@type\":\"ListItem\",\"position\":2,\"name\":\"Kauppa\",\"item\":\"https:\\\/\\\/senbera.com\\\/fi\\\/kauppa\\\/\"},{\"@type\":\"ListItem\",\"position\":3,\"name\":\"Lemmikkiel\u00e4inten vesimatto\"}]},{\"@type\":\"WebSite\",\"@id\":\"https:\\\/\\\/senbera.com\\\/fi\\\/#website\",\"url\":\"https:\\\/\\\/senbera.com\\\/fi\\\/\",\"name\":\"Senbera FI\",\"description\":\"\",\"publisher\":{\"@id\":\"https:\\\/\\\/senbera.com\\\/fi\\\/#organization\"},\"potentialAction\":[{\"@type\":\"SearchAction\",\"target\":{\"@type\":\"EntryPoint\",\"urlTemplate\":\"https:\\\/\\\/senbera.com\\\/fi\\\/?s={search_term_string}\"},\"query-input\":{\"@type\":\"PropertyValueSpecification\",\"valueRequired\":true,\"valueName\":\"search_term_string\"}}],\"inLanguage\":\"fi\"},{\"@type\":\"Organization\",\"@id\":\"https:\\\/\\\/senbera.com\\\/fi\\\/#organization\",\"name\":\"Mekulo\",\"url\":\"https:\\\/\\\/senbera.com\\\/fi\\\/\",\"logo\":{\"@type\":\"ImageObject\",\"inLanguage\":\"fi\",\"@id\":\"https:\\\/\\\/senbera.com\\\/fi\\\/#\\\/schema\\\/logo\\\/image\\\/\",\"url\":\"https:\\\/\\\/senbera.com\\\/fi\\\/wp-content\\\/uploads\\\/sites\\\/19\\\/2025\\\/12\\\/favicon_mekulo.png\",\"contentUrl\":\"https:\\\/\\\/senbera.com\\\/fi\\\/wp-content\\\/uploads\\\/sites\\\/19\\\/2025\\\/12\\\/favicon_mekulo.png\",\"width\":50,\"height\":50,\"caption\":\"Mekulo\"},\"image\":{\"@id\":\"https:\\\/\\\/senbera.com\\\/fi\\\/#\\\/schema\\\/logo\\\/image\\\/\"}}]}<\/script>\n<!-- \/ Yoast SEO plugin. -->","yoast_head_json":{"title":"Lemmikkiel\u00e4inten vesimatto - Senbera FI","robots":{"index":"index","follow":"follow","max-snippet":"max-snippet:-1","max-image-preview":"max-image-preview:large","max-video-preview":"max-video-preview:-1"},"canonical":"https:\/\/senbera.com\/fi\/tuote\/lemmikkielainten-vesimatto\/","og_locale":"fi_FI","og_type":"article","og_title":"Lemmikkiel\u00e4inten vesimatto - Senbera FI","og_description":"\ud83d\udca6 Esittelyss\u00e4 lemmikkiel\u00e4inten vesimatto &#8211; kissasi leikkis\u00e4 ja rentouttava vesi-ihmemaa! \ud83d\udc08 T\u00e4m\u00e4 pehme\u00e4 vesimatto pit\u00e4\u00e4 kissasi uteliaana, iloisena ja sitoutuneena. [&hellip;]","og_url":"https:\/\/senbera.com\/fi\/tuote\/lemmikkielainten-vesimatto\/","og_site_name":"Senbera FI","article_modified_time":"2026-01-16T08:09:33+00:00","twitter_card":"summary_large_image","twitter_misc":{"Arvioitu lukuaika":"1 minuutti"},"schema":{"@context":"https:\/\/schema.org","@graph":[{"@type":"WebPage","@id":"https:\/\/senbera.com\/fi\/tuote\/lemmikkielainten-vesimatto\/","url":"https:\/\/senbera.com\/fi\/tuote\/lemmikkielainten-vesimatto\/","name":"Lemmikkiel\u00e4inten vesimatto - Senbera FI","isPartOf":{"@id":"https:\/\/senbera.com\/fi\/#website"},"primaryImageOfPage":{"@id":"https:\/\/senbera.com\/fi\/tuote\/lemmikkielainten-vesimatto\/#primaryimage"},"image":{"@id":"https:\/\/senbera.com\/fi\/tuote\/lemmikkielainten-vesimatto\/#primaryimage"},"thumbnailUrl":"https:\/\/senbera.com\/fi\/wp-content\/uploads\/sites\/19\/2026\/01\/wv4kstb-1.webp","datePublished":"2026-01-16T08:08:39+00:00","dateModified":"2026-01-16T08:09:33+00:00","breadcrumb":{"@id":"https:\/\/senbera.com\/fi\/tuote\/lemmikkielainten-vesimatto\/#breadcrumb"},"inLanguage":"fi","potentialAction":[{"@type":"ReadAction","target":["https:\/\/senbera.com\/fi\/tuote\/lemmikkielainten-vesimatto\/"]}]},{"@type":"ImageObject","inLanguage":"fi","@id":"https:\/\/senbera.com\/fi\/tuote\/lemmikkielainten-vesimatto\/#primaryimage","url":"https:\/\/senbera.com\/fi\/wp-content\/uploads\/sites\/19\/2026\/01\/wv4kstb-1.webp","contentUrl":"https:\/\/senbera.com\/fi\/wp-content\/uploads\/sites\/19\/2026\/01\/wv4kstb-1.webp","width":800,"height":800},{"@type":"BreadcrumbList","@id":"https:\/\/senbera.com\/fi\/tuote\/lemmikkielainten-vesimatto\/#breadcrumb","itemListElement":[{"@type":"ListItem","position":1,"name":"Home","item":"https:\/\/senbera.com\/fi\/"},{"@type":"ListItem","position":2,"name":"Kauppa","item":"https:\/\/senbera.com\/fi\/kauppa\/"},{"@type":"ListItem","position":3,"name":"Lemmikkiel\u00e4inten vesimatto"}]},{"@type":"WebSite","@id":"https:\/\/senbera.com\/fi\/#website","url":"https:\/\/senbera.com\/fi\/","name":"Senbera FI","description":"","publisher":{"@id":"https:\/\/senbera.com\/fi\/#organization"},"potentialAction":[{"@type":"SearchAction","target":{"@type":"EntryPoint","urlTemplate":"https:\/\/senbera.com\/fi\/?s={search_term_string}"},"query-input":{"@type":"PropertyValueSpecification","valueRequired":true,"valueName":"search_term_string"}}],"inLanguage":"fi"},{"@type":"Organization","@id":"https:\/\/senbera.com\/fi\/#organization","name":"Mekulo","url":"https:\/\/senbera.com\/fi\/","logo":{"@type":"ImageObject","inLanguage":"fi","@id":"https:\/\/senbera.com\/fi\/#\/schema\/logo\/image\/","url":"https:\/\/senbera.com\/fi\/wp-content\/uploads\/sites\/19\/2025\/12\/favicon_mekulo.png","contentUrl":"https:\/\/senbera.com\/fi\/wp-content\/uploads\/sites\/19\/2025\/12\/favicon_mekulo.png","width":50,"height":50,"caption":"Mekulo"},"image":{"@id":"https:\/\/senbera.com\/fi\/#\/schema\/logo\/image\/"}}]}},"_links":{"self":[{"href":"https:\/\/senbera.com\/fi\/wp-json\/wp\/v2\/product\/20589","targetHints":{"allow":["GET"]}}],"collection":[{"href":"https:\/\/senbera.com\/fi\/wp-json\/wp\/v2\/product"}],"about":[{"href":"https:\/\/senbera.com\/fi\/wp-json\/wp\/v2\/types\/product"}],"replies":[{"embeddable":true,"href":"https:\/\/senbera.com\/fi\/wp-json\/wp\/v2\/comments?post=20589"}],"wp:featuredmedia":[{"embeddable":true,"href":"https:\/\/senbera.com\/fi\/wp-json\/wp\/v2\/media\/20585"}],"wp:attachment":[{"href":"https:\/\/senbera.com\/fi\/wp-json\/wp\/v2\/media?parent=20589"}],"wp:term":[{"taxonomy":"product_brand","embeddable":true,"href":"https:\/\/senbera.com\/fi\/wp-json\/wp\/v2\/product_brand?post=20589"},{"taxonomy":"product_cat","embeddable":true,"href":"https:\/\/senbera.com\/fi\/wp-json\/wp\/v2\/product_cat?post=20589"},{"taxonomy":"product_tag","embeddable":true,"href":"https:\/\/senbera.com\/fi\/wp-json\/wp\/v2\/product_tag?post=20589"}],"curies":[{"name":"wp","href":"https:\/\/api.w.org\/{rel}","templated":true}]}}