{"id":20527,"date":"2026-01-16T10:03:25","date_gmt":"2026-01-16T08:03:25","guid":{"rendered":"https:\/\/senbera.com\/fi\/tuote\/mini-kyna-kalastusvapa\/"},"modified":"2026-01-16T10:03:43","modified_gmt":"2026-01-16T08:03:43","slug":"mini-kyna-kalastusvapa","status":"publish","type":"product","link":"https:\/\/senbera.com\/fi\/tuote\/mini-kyna-kalastusvapa\/","title":{"rendered":"Mini kyn\u00e4 kalastusvapa"},"content":{"rendered":"<p style=\"text-align: center\"><strong>\ud83c\udfa3 Esittelyss\u00e4 Minikyn\u00e4n Onkivapa \u2013 Taskukokoinen Kalastuskaverisi Hauskanpitoon Miss\u00e4 Ja Milloin Tahansa! \ud83d\udc1f<\/strong><\/p>\n<p style=\"text-align: center\"><span style=\"font-weight: 400\">T\u00e4m\u00e4 pikkuruinen vavan n\u00e4ytt\u00e4\u00e4 kyn\u00e4lt\u00e4, mutta muuttuu vahvaksi onkivavaksi. Helppo kuljettaa mukana, yksinkertainen k\u00e4ytt\u00e4\u00e4 ja t\u00e4ydellinen nopeisiin kalastusseikkailuihin!<\/span><\/p>\n<p><img decoding=\"async\" class=\"size-full wp-image-16684 aligncenter\" src=\"https:\/\/keluvo.com\/template\/wp-content\/uploads\/sites\/5\/2025\/05\/Fishing-ezgif.com-video-to-webp-converter.webp\" alt=\"\" \/><\/p>\n<h2 style=\"text-align: center\">T\u00e4rkeimm\u00e4t Edut<\/h2>\n<p><span style=\"font-weight: 400\">Eritt\u00e4in pieni ja kannettava &#8211; mahtuu taskuihin, laukkuihin tai reppuihin<\/span><span style=\"font-weight: 400\"><br \/>\n<\/span><\/p>\n<p><span style=\"font-weight: 400\">Vahva ja kest\u00e4v\u00e4 &#8211; valmistettu lasikuidusta ja alumiiniseoksesta<\/span><span style=\"font-weight: 400\"><br \/>\n<\/span><\/p>\n<p><span style=\"font-weight: 400\">Tulee valmiina kelalla, siimalla, koukuilla ja sy\u00f6till\u00e4 &#8211; kalasta milloin tahansa<\/span><span style=\"font-weight: 400\"><br \/>\n<\/span><\/p>\n<p><span style=\"font-weight: 400\">Helppo aloittelijoille, lapsille ja aikuisille &#8211; ei monimutkaisia asetuksia<\/span><\/p>\n<p><span style=\"font-weight: 400\">Sopii erinomaisesti kalastukseen veneill\u00e4, patoaltailla, j\u00e4rvill\u00e4 tai jopa j\u00e4\u00e4ll\u00e4<\/span><\/p>\n<p><img decoding=\"async\" class=\"size-full wp-image-16685 aligncenter\" src=\"https:\/\/keluvo.com\/template\/wp-content\/uploads\/sites\/5\/2025\/05\/202abc38-789b-44bb-ba67-247d527a5c85.webp\" alt=\"\" \/><\/p>\n<h2 style=\"text-align: center\">Miten T\u00e4st\u00e4 Tuotteesta On Apua<\/h2>\n<p style=\"text-align: center\"><span style=\"font-weight: 400\">Minikyn\u00e4kalastusvapa sopii kaikille, jotka rakastavat kalastusta, mutta vihaavat isojen v\u00e4lineiden kantamista.<\/span><\/p>\n<p style=\"text-align: center\"><span style=\"font-weight: 400\"> Se sopii erinomaisesti:<\/span><\/p>\n<ul>\n<li style=\"font-weight: 400\"><span style=\"font-weight: 400\">Pikaisiin retkiin j\u00e4rvelle tai joelle<\/span><span style=\"font-weight: 400\"><br \/>\n<\/span><\/li>\n<li style=\"font-weight: 400\"><span style=\"font-weight: 400\">Patikointiin, reppureissaamiseen ja ulkoilmaseikkailuihin<\/span><\/li>\n<li style=\"font-weight: 400\"><span style=\"font-weight: 400\">Lapsille tai aloittelijoille hauska ja helppo tapa kalastaa.<\/span><\/li>\n<\/ul>\n<h2 style=\"text-align: center\">Pakkaus Sis\u00e4lt\u00e4\u00e4<\/h2>\n<ul>\n<li style=\"font-weight: 400\"><span style=\"font-weight: 400\">1x minikyn\u00e4n onkivapa<\/span><span style=\"font-weight: 400\"><br \/>\n<\/span><\/li>\n<li style=\"font-weight: 400\"><span style=\"font-weight: 400\">1x minikalastuskela (mukana on siima, koukut ja sy\u00f6tti).<\/span><\/li>\n<\/ul>\n","protected":false},"excerpt":{"rendered":"<p>\ud83c\udfa3 Esittelyss\u00e4 Minikyn\u00e4n Onkivapa \u2013 Taskukokoinen Kalastuskaverisi Hauskanpitoon Miss\u00e4 Ja Milloin Tahansa! \ud83d\udc1f T\u00e4m\u00e4 pikkuruinen vavan n\u00e4ytt\u00e4\u00e4 kyn\u00e4lt\u00e4, mutta muuttuu [&hellip;]<\/p>\n","protected":false},"featured_media":20523,"comment_status":"open","ping_status":"closed","template":"","meta":{"site-sidebar-layout":"default","site-content-layout":"","ast-site-content-layout":"default","site-content-style":"default","site-sidebar-style":"default","ast-global-header-display":"","ast-banner-title-visibility":"","ast-main-header-display":"","ast-hfb-above-header-display":"","ast-hfb-below-header-display":"","ast-hfb-mobile-header-display":"","site-post-title":"","ast-breadcrumbs-content":"","ast-featured-img":"","footer-sml-layout":"","theme-transparent-header-meta":"default","adv-header-id-meta":"","stick-header-meta":"","header-above-stick-meta":"","header-main-stick-meta":"","header-below-stick-meta":"","astra-migrate-meta-layouts":"set","ast-page-background-enabled":"default","ast-page-background-meta":{"desktop":{"background-color":"var(--ast-global-color-5)","background-image":"","background-repeat":"repeat","background-position":"center center","background-size":"auto","background-attachment":"scroll","background-type":"","background-media":"","overlay-type":"","overlay-color":"","overlay-opacity":"","overlay-gradient":""},"tablet":{"background-color":"","background-image":"","background-repeat":"repeat","background-position":"center center","background-size":"auto","background-attachment":"scroll","background-type":"","background-media":"","overlay-type":"","overlay-color":"","overlay-opacity":"","overlay-gradient":""},"mobile":{"background-color":"","background-image":"","background-repeat":"repeat","background-position":"center center","background-size":"auto","background-attachment":"scroll","background-type":"","background-media":"","overlay-type":"","overlay-color":"","overlay-opacity":"","overlay-gradient":""}},"ast-content-background-meta":{"desktop":{"background-color":"var(--ast-global-color-4)","background-image":"","background-repeat":"repeat","background-position":"center center","background-size":"auto","background-attachment":"scroll","background-type":"","background-media":"","overlay-type":"","overlay-color":"","overlay-opacity":"","overlay-gradient":""},"tablet":{"background-color":"var(--ast-global-color-4)","background-image":"","background-repeat":"repeat","background-position":"center center","background-size":"auto","background-attachment":"scroll","background-type":"","background-media":"","overlay-type":"","overlay-color":"","overlay-opacity":"","overlay-gradient":""},"mobile":{"background-color":"var(--ast-global-color-4)","background-image":"","background-repeat":"repeat","background-position":"center center","background-size":"auto","background-attachment":"scroll","background-type":"","background-media":"","overlay-type":"","overlay-color":"","overlay-opacity":"","overlay-gradient":""}}},"product_brand":[],"product_cat":[15],"product_tag":[],"class_list":{"0":"post-20527","1":"product","2":"type-product","3":"status-publish","4":"has-post-thumbnail","6":"product_cat-luokittelematon","7":"pa_22197_6t4qj1mg-hopea","8":"pa_22197_6t4qj1mg-musta","9":"pa_22197_6t4qj1mg-punainen","10":"pa_22197_6t4qj1mg-sininen","11":"pa_22197_6t4qj1mg-violetti","12":"desktop-align-left","13":"tablet-align-left","14":"mobile-align-left","16":"first","17":"instock","18":"shipping-taxable","19":"purchasable","20":"product-type-variable"},"yoast_head":"<!-- This site is optimized with the Yoast SEO plugin v26.6 - https:\/\/yoast.com\/wordpress\/plugins\/seo\/ -->\n<title>Mini kyn\u00e4 kalastusvapa - Senbera FI<\/title>\n<meta name=\"robots\" content=\"index, follow, max-snippet:-1, max-image-preview:large, max-video-preview:-1\" \/>\n<link rel=\"canonical\" href=\"https:\/\/senbera.com\/fi\/tuote\/mini-kyna-kalastusvapa\/\" \/>\n<meta property=\"og:locale\" content=\"fi_FI\" \/>\n<meta property=\"og:type\" content=\"article\" \/>\n<meta property=\"og:title\" content=\"Mini kyn\u00e4 kalastusvapa - Senbera FI\" \/>\n<meta property=\"og:description\" content=\"\ud83c\udfa3 Esittelyss\u00e4 Minikyn\u00e4n Onkivapa \u2013 Taskukokoinen Kalastuskaverisi Hauskanpitoon Miss\u00e4 Ja Milloin Tahansa! \ud83d\udc1f T\u00e4m\u00e4 pikkuruinen vavan n\u00e4ytt\u00e4\u00e4 kyn\u00e4lt\u00e4, mutta muuttuu [&hellip;]\" \/>\n<meta property=\"og:url\" content=\"https:\/\/senbera.com\/fi\/tuote\/mini-kyna-kalastusvapa\/\" \/>\n<meta property=\"og:site_name\" content=\"Senbera FI\" \/>\n<meta property=\"article:modified_time\" content=\"2026-01-16T08:03:43+00:00\" \/>\n<meta name=\"twitter:card\" content=\"summary_large_image\" \/>\n<meta name=\"twitter:label1\" content=\"Arvioitu lukuaika\" \/>\n\t<meta name=\"twitter:data1\" content=\"1 minuutti\" \/>\n<script type=\"application\/ld+json\" class=\"yoast-schema-graph\">{\"@context\":\"https:\/\/schema.org\",\"@graph\":[{\"@type\":\"WebPage\",\"@id\":\"https:\/\/senbera.com\/fi\/tuote\/mini-kyna-kalastusvapa\/\",\"url\":\"https:\/\/senbera.com\/fi\/tuote\/mini-kyna-kalastusvapa\/\",\"name\":\"Mini kyn\u00e4 kalastusvapa - Senbera FI\",\"isPartOf\":{\"@id\":\"https:\/\/senbera.com\/fi\/#website\"},\"primaryImageOfPage\":{\"@id\":\"https:\/\/senbera.com\/fi\/tuote\/mini-kyna-kalastusvapa\/#primaryimage\"},\"image\":{\"@id\":\"https:\/\/senbera.com\/fi\/tuote\/mini-kyna-kalastusvapa\/#primaryimage\"},\"thumbnailUrl\":\"https:\/\/senbera.com\/fi\/wp-content\/uploads\/sites\/19\/2026\/01\/ud95lee-1.webp\",\"datePublished\":\"2026-01-16T08:03:25+00:00\",\"dateModified\":\"2026-01-16T08:03:43+00:00\",\"breadcrumb\":{\"@id\":\"https:\/\/senbera.com\/fi\/tuote\/mini-kyna-kalastusvapa\/#breadcrumb\"},\"inLanguage\":\"fi\",\"potentialAction\":[{\"@type\":\"ReadAction\",\"target\":[\"https:\/\/senbera.com\/fi\/tuote\/mini-kyna-kalastusvapa\/\"]}]},{\"@type\":\"ImageObject\",\"inLanguage\":\"fi\",\"@id\":\"https:\/\/senbera.com\/fi\/tuote\/mini-kyna-kalastusvapa\/#primaryimage\",\"url\":\"https:\/\/senbera.com\/fi\/wp-content\/uploads\/sites\/19\/2026\/01\/ud95lee-1.webp\",\"contentUrl\":\"https:\/\/senbera.com\/fi\/wp-content\/uploads\/sites\/19\/2026\/01\/ud95lee-1.webp\",\"width\":543,\"height\":543},{\"@type\":\"BreadcrumbList\",\"@id\":\"https:\/\/senbera.com\/fi\/tuote\/mini-kyna-kalastusvapa\/#breadcrumb\",\"itemListElement\":[{\"@type\":\"ListItem\",\"position\":1,\"name\":\"Home\",\"item\":\"https:\/\/senbera.com\/fi\/\"},{\"@type\":\"ListItem\",\"position\":2,\"name\":\"Kauppa\",\"item\":\"https:\/\/senbera.com\/fi\/kauppa\/\"},{\"@type\":\"ListItem\",\"position\":3,\"name\":\"Mini kyn\u00e4 kalastusvapa\"}]},{\"@type\":\"WebSite\",\"@id\":\"https:\/\/senbera.com\/fi\/#website\",\"url\":\"https:\/\/senbera.com\/fi\/\",\"name\":\"Senbera FI\",\"description\":\"\",\"publisher\":{\"@id\":\"https:\/\/senbera.com\/fi\/#organization\"},\"potentialAction\":[{\"@type\":\"SearchAction\",\"target\":{\"@type\":\"EntryPoint\",\"urlTemplate\":\"https:\/\/senbera.com\/fi\/?s={search_term_string}\"},\"query-input\":{\"@type\":\"PropertyValueSpecification\",\"valueRequired\":true,\"valueName\":\"search_term_string\"}}],\"inLanguage\":\"fi\"},{\"@type\":\"Organization\",\"@id\":\"https:\/\/senbera.com\/fi\/#organization\",\"name\":\"Mekulo\",\"url\":\"https:\/\/senbera.com\/fi\/\",\"logo\":{\"@type\":\"ImageObject\",\"inLanguage\":\"fi\",\"@id\":\"https:\/\/senbera.com\/fi\/#\/schema\/logo\/image\/\",\"url\":\"https:\/\/senbera.com\/fi\/wp-content\/uploads\/sites\/19\/2025\/12\/favicon_mekulo.png\",\"contentUrl\":\"https:\/\/senbera.com\/fi\/wp-content\/uploads\/sites\/19\/2025\/12\/favicon_mekulo.png\",\"width\":50,\"height\":50,\"caption\":\"Mekulo\"},\"image\":{\"@id\":\"https:\/\/senbera.com\/fi\/#\/schema\/logo\/image\/\"}}]}<\/script>\n<!-- \/ Yoast SEO plugin. -->","yoast_head_json":{"title":"Mini kyn\u00e4 kalastusvapa - Senbera FI","robots":{"index":"index","follow":"follow","max-snippet":"max-snippet:-1","max-image-preview":"max-image-preview:large","max-video-preview":"max-video-preview:-1"},"canonical":"https:\/\/senbera.com\/fi\/tuote\/mini-kyna-kalastusvapa\/","og_locale":"fi_FI","og_type":"article","og_title":"Mini kyn\u00e4 kalastusvapa - Senbera FI","og_description":"\ud83c\udfa3 Esittelyss\u00e4 Minikyn\u00e4n Onkivapa \u2013 Taskukokoinen Kalastuskaverisi Hauskanpitoon Miss\u00e4 Ja Milloin Tahansa! \ud83d\udc1f T\u00e4m\u00e4 pikkuruinen vavan n\u00e4ytt\u00e4\u00e4 kyn\u00e4lt\u00e4, mutta muuttuu [&hellip;]","og_url":"https:\/\/senbera.com\/fi\/tuote\/mini-kyna-kalastusvapa\/","og_site_name":"Senbera FI","article_modified_time":"2026-01-16T08:03:43+00:00","twitter_card":"summary_large_image","twitter_misc":{"Arvioitu lukuaika":"1 minuutti"},"schema":{"@context":"https:\/\/schema.org","@graph":[{"@type":"WebPage","@id":"https:\/\/senbera.com\/fi\/tuote\/mini-kyna-kalastusvapa\/","url":"https:\/\/senbera.com\/fi\/tuote\/mini-kyna-kalastusvapa\/","name":"Mini kyn\u00e4 kalastusvapa - Senbera FI","isPartOf":{"@id":"https:\/\/senbera.com\/fi\/#website"},"primaryImageOfPage":{"@id":"https:\/\/senbera.com\/fi\/tuote\/mini-kyna-kalastusvapa\/#primaryimage"},"image":{"@id":"https:\/\/senbera.com\/fi\/tuote\/mini-kyna-kalastusvapa\/#primaryimage"},"thumbnailUrl":"https:\/\/senbera.com\/fi\/wp-content\/uploads\/sites\/19\/2026\/01\/ud95lee-1.webp","datePublished":"2026-01-16T08:03:25+00:00","dateModified":"2026-01-16T08:03:43+00:00","breadcrumb":{"@id":"https:\/\/senbera.com\/fi\/tuote\/mini-kyna-kalastusvapa\/#breadcrumb"},"inLanguage":"fi","potentialAction":[{"@type":"ReadAction","target":["https:\/\/senbera.com\/fi\/tuote\/mini-kyna-kalastusvapa\/"]}]},{"@type":"ImageObject","inLanguage":"fi","@id":"https:\/\/senbera.com\/fi\/tuote\/mini-kyna-kalastusvapa\/#primaryimage","url":"https:\/\/senbera.com\/fi\/wp-content\/uploads\/sites\/19\/2026\/01\/ud95lee-1.webp","contentUrl":"https:\/\/senbera.com\/fi\/wp-content\/uploads\/sites\/19\/2026\/01\/ud95lee-1.webp","width":543,"height":543},{"@type":"BreadcrumbList","@id":"https:\/\/senbera.com\/fi\/tuote\/mini-kyna-kalastusvapa\/#breadcrumb","itemListElement":[{"@type":"ListItem","position":1,"name":"Home","item":"https:\/\/senbera.com\/fi\/"},{"@type":"ListItem","position":2,"name":"Kauppa","item":"https:\/\/senbera.com\/fi\/kauppa\/"},{"@type":"ListItem","position":3,"name":"Mini kyn\u00e4 kalastusvapa"}]},{"@type":"WebSite","@id":"https:\/\/senbera.com\/fi\/#website","url":"https:\/\/senbera.com\/fi\/","name":"Senbera FI","description":"","publisher":{"@id":"https:\/\/senbera.com\/fi\/#organization"},"potentialAction":[{"@type":"SearchAction","target":{"@type":"EntryPoint","urlTemplate":"https:\/\/senbera.com\/fi\/?s={search_term_string}"},"query-input":{"@type":"PropertyValueSpecification","valueRequired":true,"valueName":"search_term_string"}}],"inLanguage":"fi"},{"@type":"Organization","@id":"https:\/\/senbera.com\/fi\/#organization","name":"Mekulo","url":"https:\/\/senbera.com\/fi\/","logo":{"@type":"ImageObject","inLanguage":"fi","@id":"https:\/\/senbera.com\/fi\/#\/schema\/logo\/image\/","url":"https:\/\/senbera.com\/fi\/wp-content\/uploads\/sites\/19\/2025\/12\/favicon_mekulo.png","contentUrl":"https:\/\/senbera.com\/fi\/wp-content\/uploads\/sites\/19\/2025\/12\/favicon_mekulo.png","width":50,"height":50,"caption":"Mekulo"},"image":{"@id":"https:\/\/senbera.com\/fi\/#\/schema\/logo\/image\/"}}]}},"_links":{"self":[{"href":"https:\/\/senbera.com\/fi\/wp-json\/wp\/v2\/product\/20527","targetHints":{"allow":["GET"]}}],"collection":[{"href":"https:\/\/senbera.com\/fi\/wp-json\/wp\/v2\/product"}],"about":[{"href":"https:\/\/senbera.com\/fi\/wp-json\/wp\/v2\/types\/product"}],"replies":[{"embeddable":true,"href":"https:\/\/senbera.com\/fi\/wp-json\/wp\/v2\/comments?post=20527"}],"wp:featuredmedia":[{"embeddable":true,"href":"https:\/\/senbera.com\/fi\/wp-json\/wp\/v2\/media\/20523"}],"wp:attachment":[{"href":"https:\/\/senbera.com\/fi\/wp-json\/wp\/v2\/media?parent=20527"}],"wp:term":[{"taxonomy":"product_brand","embeddable":true,"href":"https:\/\/senbera.com\/fi\/wp-json\/wp\/v2\/product_brand?post=20527"},{"taxonomy":"product_cat","embeddable":true,"href":"https:\/\/senbera.com\/fi\/wp-json\/wp\/v2\/product_cat?post=20527"},{"taxonomy":"product_tag","embeddable":true,"href":"https:\/\/senbera.com\/fi\/wp-json\/wp\/v2\/product_tag?post=20527"}],"curies":[{"name":"wp","href":"https:\/\/api.w.org\/{rel}","templated":true}]}}