{"id":20482,"date":"2026-01-16T09:56:25","date_gmt":"2026-01-16T07:56:25","guid":{"rendered":"https:\/\/senbera.com\/fi\/tuote\/peitevoide\/"},"modified":"2026-01-16T09:56:36","modified_gmt":"2026-01-16T07:56:36","slug":"peitevoide","status":"publish","type":"product","link":"https:\/\/senbera.com\/fi\/tuote\/peitevoide\/","title":{"rendered":"Peitevoide"},"content":{"rendered":"<p style=\"text-align: center\"><strong>\ud83d\udc86\u200d\u2640\ufe0f Esittelyss\u00e4 Kolmiv\u00e4rinen Peitevoide &#8211; Kaikki Yhdess\u00e4 -Ratkaisu Virheett\u00f6m\u00e4\u00e4n Ihoon! \ud83e\udde1<\/strong><\/p>\n<p style=\"text-align: center\"><span style=\"font-weight: 400\">T\u00e4m\u00e4 \u00e4lyk\u00e4s peitevoide peitt\u00e4\u00e4 n\u00e4ppyl\u00e4t, tummat silm\u00e4naluset ja paljon muuta yhdell\u00e4 vedolla. Se sulautuu t\u00e4ydellisesti ja kest\u00e4\u00e4 koko p\u00e4iv\u00e4n.<\/span><\/p>\n<p><img decoding=\"async\" class=\"size-full wp-image-16994 aligncenter\" src=\"https:\/\/keluvo.com\/template\/wp-content\/uploads\/sites\/5\/2025\/05\/makeup-ezgif.com-video-to-webp-converter.webp\" alt=\"\" \/><\/p>\n<h2 style=\"text-align: center\">T\u00e4rkeimm\u00e4t Edut<\/h2>\n<p><span style=\"font-weight: 400\">Kolme s\u00e4vy\u00e4 yhdess\u00e4 &#8211; korjaa, muotoilee ja korostaa helposti<\/span><span style=\"font-weight: 400\"><br \/>\n<\/span><\/p>\n<p><span style=\"font-weight: 400\">Sile\u00e4 voidetekstuuri &#8211; liukuu pehme\u00e4sti ja sulautuu luonnollisesti<\/span><span style=\"font-weight: 400\"><br \/>\n<\/span><\/p>\n<p><span style=\"font-weight: 400\">Peitt\u00e4\u00e4 pilkut, silm\u00e4naluset, arvet ja juonteet<\/span><span style=\"font-weight: 400\"><br \/>\n<\/span><\/p>\n<p><span style=\"font-weight: 400\">Pitk\u00e4kestoinen koostumus &#8211; kest\u00e4\u00e4 hike\u00e4 ja \u00f6ljy\u00e4<\/span><\/p>\n<p><span style=\"font-weight: 400\">Kompakti ja helppo kuljettaa mukana &#8211; sopii hyvin koti- tai matkak\u00e4ytt\u00f6\u00f6n<\/span><\/p>\n<p><img decoding=\"async\" class=\"size-full wp-image-16997 aligncenter\" src=\"https:\/\/keluvo.com\/template\/wp-content\/uploads\/sites\/5\/2025\/05\/3a13481a-d163-4af3-ae88-05fa3fad5c8a.webp\" alt=\"\" \/><\/p>\n<h2 style=\"text-align: center\">Miten T\u00e4m\u00e4 Tuote Auttaa Sinua<b><br \/>\n<\/b><\/h2>\n<p style=\"text-align: center\"><span style=\"font-weight: 400\">Kolmenv\u00e4rinen peitevoide antaa sinulle nopean, tasaisen ja luonnollisen n\u00e4k\u00f6isen peitt\u00e4vyyden.<\/span><\/p>\n<p style=\"text-align: center\"><span style=\"font-weight: 400\"> Se sopii t\u00e4ydellisesti:<\/span><\/p>\n<ul>\n<li style=\"font-weight: 400\"><span style=\"font-weight: 400\">Tummien alueiden kirkastamiseen ja ihon s\u00e4vyn tasoittamiseen<\/span><\/li>\n<li style=\"font-weight: 400\"><span style=\"font-weight: 400\">Virheiden, l\u00e4iskien tai punoituksen piilottamiseen<\/span><\/li>\n<li style=\"font-weight: 400\"><span style=\"font-weight: 400\">Kasvojen muotoiluun \u00e4\u00e4riviivojen ja korostusten avulla.<\/span><\/li>\n<\/ul>\n<h2 style=\"text-align: center\">\ud83d\udce6 Pakkaus Sis\u00e4lt\u00e4\u00e4<\/h2>\n<ul>\n<li style=\"font-weight: 400\"><span style=\"font-weight: 400\">1x kolmiv\u00e4rinen peitevoide.<\/span><\/li>\n<\/ul>\n<p>&nbsp;<\/p>\n","protected":false},"excerpt":{"rendered":"<p>\ud83d\udc86\u200d\u2640\ufe0f Esittelyss\u00e4 Kolmiv\u00e4rinen Peitevoide &#8211; Kaikki Yhdess\u00e4 -Ratkaisu Virheett\u00f6m\u00e4\u00e4n Ihoon! \ud83e\udde1 T\u00e4m\u00e4 \u00e4lyk\u00e4s peitevoide peitt\u00e4\u00e4 n\u00e4ppyl\u00e4t, tummat silm\u00e4naluset ja paljon [&hellip;]<\/p>\n","protected":false},"featured_media":20478,"comment_status":"open","ping_status":"closed","template":"","meta":{"site-sidebar-layout":"default","site-content-layout":"","ast-site-content-layout":"default","site-content-style":"default","site-sidebar-style":"default","ast-global-header-display":"","ast-banner-title-visibility":"","ast-main-header-display":"","ast-hfb-above-header-display":"","ast-hfb-below-header-display":"","ast-hfb-mobile-header-display":"","site-post-title":"","ast-breadcrumbs-content":"","ast-featured-img":"","footer-sml-layout":"","ast-disable-related-posts":"","theme-transparent-header-meta":"default","adv-header-id-meta":"","stick-header-meta":"","header-above-stick-meta":"","header-main-stick-meta":"","header-below-stick-meta":"","astra-migrate-meta-layouts":"set","ast-page-background-enabled":"default","ast-page-background-meta":{"desktop":{"background-color":"var(--ast-global-color-5)","background-image":"","background-repeat":"repeat","background-position":"center center","background-size":"auto","background-attachment":"scroll","background-type":"","background-media":"","overlay-type":"","overlay-color":"","overlay-opacity":"","overlay-gradient":""},"tablet":{"background-color":"","background-image":"","background-repeat":"repeat","background-position":"center center","background-size":"auto","background-attachment":"scroll","background-type":"","background-media":"","overlay-type":"","overlay-color":"","overlay-opacity":"","overlay-gradient":""},"mobile":{"background-color":"","background-image":"","background-repeat":"repeat","background-position":"center center","background-size":"auto","background-attachment":"scroll","background-type":"","background-media":"","overlay-type":"","overlay-color":"","overlay-opacity":"","overlay-gradient":""}},"ast-content-background-meta":{"desktop":{"background-color":"var(--ast-global-color-4)","background-image":"","background-repeat":"repeat","background-position":"center center","background-size":"auto","background-attachment":"scroll","background-type":"","background-media":"","overlay-type":"","overlay-color":"","overlay-opacity":"","overlay-gradient":""},"tablet":{"background-color":"var(--ast-global-color-4)","background-image":"","background-repeat":"repeat","background-position":"center center","background-size":"auto","background-attachment":"scroll","background-type":"","background-media":"","overlay-type":"","overlay-color":"","overlay-opacity":"","overlay-gradient":""},"mobile":{"background-color":"var(--ast-global-color-4)","background-image":"","background-repeat":"repeat","background-position":"center center","background-size":"auto","background-attachment":"scroll","background-type":"","background-media":"","overlay-type":"","overlay-color":"","overlay-opacity":"","overlay-gradient":""}}},"product_brand":[],"product_cat":[15],"product_tag":[],"class_list":{"0":"post-20482","1":"product","2":"type-product","3":"status-publish","4":"has-post-thumbnail","6":"product_cat-luokittelematon","7":"pa_21877_y21s5e49-a","8":"pa_21877_y21s5e49-b","9":"pa_21877_y21s5e49-c","10":"desktop-align-left","11":"tablet-align-left","12":"mobile-align-left","14":"first","15":"instock","16":"shipping-taxable","17":"purchasable","18":"product-type-variable"},"yoast_head":"<!-- This site is optimized with the Yoast SEO plugin v27.4 - https:\/\/yoast.com\/product\/yoast-seo-wordpress\/ -->\n<title>Peitevoide - Senbera FI<\/title>\n<meta name=\"robots\" content=\"index, follow, max-snippet:-1, max-image-preview:large, max-video-preview:-1\" \/>\n<link rel=\"canonical\" href=\"https:\/\/senbera.com\/fi\/tuote\/peitevoide\/\" \/>\n<meta property=\"og:locale\" content=\"fi_FI\" \/>\n<meta property=\"og:type\" content=\"article\" \/>\n<meta property=\"og:title\" content=\"Peitevoide - Senbera FI\" \/>\n<meta property=\"og:description\" content=\"\ud83d\udc86\u200d\u2640\ufe0f Esittelyss\u00e4 Kolmiv\u00e4rinen Peitevoide &#8211; Kaikki Yhdess\u00e4 -Ratkaisu Virheett\u00f6m\u00e4\u00e4n Ihoon! \ud83e\udde1 T\u00e4m\u00e4 \u00e4lyk\u00e4s peitevoide peitt\u00e4\u00e4 n\u00e4ppyl\u00e4t, tummat silm\u00e4naluset ja paljon [&hellip;]\" \/>\n<meta property=\"og:url\" content=\"https:\/\/senbera.com\/fi\/tuote\/peitevoide\/\" \/>\n<meta property=\"og:site_name\" content=\"Senbera FI\" \/>\n<meta property=\"article:modified_time\" content=\"2026-01-16T07:56:36+00:00\" \/>\n<meta name=\"twitter:card\" content=\"summary_large_image\" \/>\n<meta name=\"twitter:label1\" content=\"Arvioitu lukuaika\" \/>\n\t<meta name=\"twitter:data1\" content=\"1 minuutti\" \/>\n<script type=\"application\/ld+json\" class=\"yoast-schema-graph\">{\"@context\":\"https:\\\/\\\/schema.org\",\"@graph\":[{\"@type\":\"WebPage\",\"@id\":\"https:\\\/\\\/senbera.com\\\/fi\\\/tuote\\\/peitevoide\\\/\",\"url\":\"https:\\\/\\\/senbera.com\\\/fi\\\/tuote\\\/peitevoide\\\/\",\"name\":\"Peitevoide - Senbera FI\",\"isPartOf\":{\"@id\":\"https:\\\/\\\/senbera.com\\\/fi\\\/#website\"},\"primaryImageOfPage\":{\"@id\":\"https:\\\/\\\/senbera.com\\\/fi\\\/tuote\\\/peitevoide\\\/#primaryimage\"},\"image\":{\"@id\":\"https:\\\/\\\/senbera.com\\\/fi\\\/tuote\\\/peitevoide\\\/#primaryimage\"},\"thumbnailUrl\":\"https:\\\/\\\/senbera.com\\\/fi\\\/wp-content\\\/uploads\\\/sites\\\/19\\\/2026\\\/01\\\/ig3335f-1.webp\",\"datePublished\":\"2026-01-16T07:56:25+00:00\",\"dateModified\":\"2026-01-16T07:56:36+00:00\",\"breadcrumb\":{\"@id\":\"https:\\\/\\\/senbera.com\\\/fi\\\/tuote\\\/peitevoide\\\/#breadcrumb\"},\"inLanguage\":\"fi\",\"potentialAction\":[{\"@type\":\"ReadAction\",\"target\":[\"https:\\\/\\\/senbera.com\\\/fi\\\/tuote\\\/peitevoide\\\/\"]}]},{\"@type\":\"ImageObject\",\"inLanguage\":\"fi\",\"@id\":\"https:\\\/\\\/senbera.com\\\/fi\\\/tuote\\\/peitevoide\\\/#primaryimage\",\"url\":\"https:\\\/\\\/senbera.com\\\/fi\\\/wp-content\\\/uploads\\\/sites\\\/19\\\/2026\\\/01\\\/ig3335f-1.webp\",\"contentUrl\":\"https:\\\/\\\/senbera.com\\\/fi\\\/wp-content\\\/uploads\\\/sites\\\/19\\\/2026\\\/01\\\/ig3335f-1.webp\",\"width\":800,\"height\":800},{\"@type\":\"BreadcrumbList\",\"@id\":\"https:\\\/\\\/senbera.com\\\/fi\\\/tuote\\\/peitevoide\\\/#breadcrumb\",\"itemListElement\":[{\"@type\":\"ListItem\",\"position\":1,\"name\":\"Home\",\"item\":\"https:\\\/\\\/senbera.com\\\/fi\\\/\"},{\"@type\":\"ListItem\",\"position\":2,\"name\":\"Kauppa\",\"item\":\"https:\\\/\\\/senbera.com\\\/fi\\\/kauppa\\\/\"},{\"@type\":\"ListItem\",\"position\":3,\"name\":\"Peitevoide\"}]},{\"@type\":\"WebSite\",\"@id\":\"https:\\\/\\\/senbera.com\\\/fi\\\/#website\",\"url\":\"https:\\\/\\\/senbera.com\\\/fi\\\/\",\"name\":\"Senbera FI\",\"description\":\"\",\"publisher\":{\"@id\":\"https:\\\/\\\/senbera.com\\\/fi\\\/#organization\"},\"potentialAction\":[{\"@type\":\"SearchAction\",\"target\":{\"@type\":\"EntryPoint\",\"urlTemplate\":\"https:\\\/\\\/senbera.com\\\/fi\\\/?s={search_term_string}\"},\"query-input\":{\"@type\":\"PropertyValueSpecification\",\"valueRequired\":true,\"valueName\":\"search_term_string\"}}],\"inLanguage\":\"fi\"},{\"@type\":\"Organization\",\"@id\":\"https:\\\/\\\/senbera.com\\\/fi\\\/#organization\",\"name\":\"Mekulo\",\"url\":\"https:\\\/\\\/senbera.com\\\/fi\\\/\",\"logo\":{\"@type\":\"ImageObject\",\"inLanguage\":\"fi\",\"@id\":\"https:\\\/\\\/senbera.com\\\/fi\\\/#\\\/schema\\\/logo\\\/image\\\/\",\"url\":\"https:\\\/\\\/senbera.com\\\/fi\\\/wp-content\\\/uploads\\\/sites\\\/19\\\/2025\\\/12\\\/favicon_mekulo.png\",\"contentUrl\":\"https:\\\/\\\/senbera.com\\\/fi\\\/wp-content\\\/uploads\\\/sites\\\/19\\\/2025\\\/12\\\/favicon_mekulo.png\",\"width\":50,\"height\":50,\"caption\":\"Mekulo\"},\"image\":{\"@id\":\"https:\\\/\\\/senbera.com\\\/fi\\\/#\\\/schema\\\/logo\\\/image\\\/\"}}]}<\/script>\n<!-- \/ Yoast SEO plugin. -->","yoast_head_json":{"title":"Peitevoide - Senbera FI","robots":{"index":"index","follow":"follow","max-snippet":"max-snippet:-1","max-image-preview":"max-image-preview:large","max-video-preview":"max-video-preview:-1"},"canonical":"https:\/\/senbera.com\/fi\/tuote\/peitevoide\/","og_locale":"fi_FI","og_type":"article","og_title":"Peitevoide - Senbera FI","og_description":"\ud83d\udc86\u200d\u2640\ufe0f Esittelyss\u00e4 Kolmiv\u00e4rinen Peitevoide &#8211; Kaikki Yhdess\u00e4 -Ratkaisu Virheett\u00f6m\u00e4\u00e4n Ihoon! \ud83e\udde1 T\u00e4m\u00e4 \u00e4lyk\u00e4s peitevoide peitt\u00e4\u00e4 n\u00e4ppyl\u00e4t, tummat silm\u00e4naluset ja paljon [&hellip;]","og_url":"https:\/\/senbera.com\/fi\/tuote\/peitevoide\/","og_site_name":"Senbera FI","article_modified_time":"2026-01-16T07:56:36+00:00","twitter_card":"summary_large_image","twitter_misc":{"Arvioitu lukuaika":"1 minuutti"},"schema":{"@context":"https:\/\/schema.org","@graph":[{"@type":"WebPage","@id":"https:\/\/senbera.com\/fi\/tuote\/peitevoide\/","url":"https:\/\/senbera.com\/fi\/tuote\/peitevoide\/","name":"Peitevoide - Senbera FI","isPartOf":{"@id":"https:\/\/senbera.com\/fi\/#website"},"primaryImageOfPage":{"@id":"https:\/\/senbera.com\/fi\/tuote\/peitevoide\/#primaryimage"},"image":{"@id":"https:\/\/senbera.com\/fi\/tuote\/peitevoide\/#primaryimage"},"thumbnailUrl":"https:\/\/senbera.com\/fi\/wp-content\/uploads\/sites\/19\/2026\/01\/ig3335f-1.webp","datePublished":"2026-01-16T07:56:25+00:00","dateModified":"2026-01-16T07:56:36+00:00","breadcrumb":{"@id":"https:\/\/senbera.com\/fi\/tuote\/peitevoide\/#breadcrumb"},"inLanguage":"fi","potentialAction":[{"@type":"ReadAction","target":["https:\/\/senbera.com\/fi\/tuote\/peitevoide\/"]}]},{"@type":"ImageObject","inLanguage":"fi","@id":"https:\/\/senbera.com\/fi\/tuote\/peitevoide\/#primaryimage","url":"https:\/\/senbera.com\/fi\/wp-content\/uploads\/sites\/19\/2026\/01\/ig3335f-1.webp","contentUrl":"https:\/\/senbera.com\/fi\/wp-content\/uploads\/sites\/19\/2026\/01\/ig3335f-1.webp","width":800,"height":800},{"@type":"BreadcrumbList","@id":"https:\/\/senbera.com\/fi\/tuote\/peitevoide\/#breadcrumb","itemListElement":[{"@type":"ListItem","position":1,"name":"Home","item":"https:\/\/senbera.com\/fi\/"},{"@type":"ListItem","position":2,"name":"Kauppa","item":"https:\/\/senbera.com\/fi\/kauppa\/"},{"@type":"ListItem","position":3,"name":"Peitevoide"}]},{"@type":"WebSite","@id":"https:\/\/senbera.com\/fi\/#website","url":"https:\/\/senbera.com\/fi\/","name":"Senbera FI","description":"","publisher":{"@id":"https:\/\/senbera.com\/fi\/#organization"},"potentialAction":[{"@type":"SearchAction","target":{"@type":"EntryPoint","urlTemplate":"https:\/\/senbera.com\/fi\/?s={search_term_string}"},"query-input":{"@type":"PropertyValueSpecification","valueRequired":true,"valueName":"search_term_string"}}],"inLanguage":"fi"},{"@type":"Organization","@id":"https:\/\/senbera.com\/fi\/#organization","name":"Mekulo","url":"https:\/\/senbera.com\/fi\/","logo":{"@type":"ImageObject","inLanguage":"fi","@id":"https:\/\/senbera.com\/fi\/#\/schema\/logo\/image\/","url":"https:\/\/senbera.com\/fi\/wp-content\/uploads\/sites\/19\/2025\/12\/favicon_mekulo.png","contentUrl":"https:\/\/senbera.com\/fi\/wp-content\/uploads\/sites\/19\/2025\/12\/favicon_mekulo.png","width":50,"height":50,"caption":"Mekulo"},"image":{"@id":"https:\/\/senbera.com\/fi\/#\/schema\/logo\/image\/"}}]}},"_links":{"self":[{"href":"https:\/\/senbera.com\/fi\/wp-json\/wp\/v2\/product\/20482","targetHints":{"allow":["GET"]}}],"collection":[{"href":"https:\/\/senbera.com\/fi\/wp-json\/wp\/v2\/product"}],"about":[{"href":"https:\/\/senbera.com\/fi\/wp-json\/wp\/v2\/types\/product"}],"replies":[{"embeddable":true,"href":"https:\/\/senbera.com\/fi\/wp-json\/wp\/v2\/comments?post=20482"}],"wp:featuredmedia":[{"embeddable":true,"href":"https:\/\/senbera.com\/fi\/wp-json\/wp\/v2\/media\/20478"}],"wp:attachment":[{"href":"https:\/\/senbera.com\/fi\/wp-json\/wp\/v2\/media?parent=20482"}],"wp:term":[{"taxonomy":"product_brand","embeddable":true,"href":"https:\/\/senbera.com\/fi\/wp-json\/wp\/v2\/product_brand?post=20482"},{"taxonomy":"product_cat","embeddable":true,"href":"https:\/\/senbera.com\/fi\/wp-json\/wp\/v2\/product_cat?post=20482"},{"taxonomy":"product_tag","embeddable":true,"href":"https:\/\/senbera.com\/fi\/wp-json\/wp\/v2\/product_tag?post=20482"}],"curies":[{"name":"wp","href":"https:\/\/api.w.org\/{rel}","templated":true}]}}