{"id":20391,"date":"2026-01-16T09:49:39","date_gmt":"2026-01-16T07:49:39","guid":{"rendered":"https:\/\/senbera.com\/fi\/tuote\/meikkilaatikko\/"},"modified":"2026-01-16T09:49:50","modified_gmt":"2026-01-16T07:49:50","slug":"meikkilaatikko","status":"publish","type":"product","link":"https:\/\/senbera.com\/fi\/tuote\/meikkilaatikko\/","title":{"rendered":"Meikkilaatikko"},"content":{"rendered":"<p style=\"text-align: center\"><b>Meikkilaatikko &#8211; kompakti kauneuskotelosi, jossa on valoa ja tyyli\u00e4.<\/b><\/p>\n<p style=\"text-align: center\"><span style=\"font-weight: 400\">T\u00e4ss\u00e4 matkameikkilaatikossa on s\u00f6p\u00f6 muotoilu, t\u00e4ydelliset s\u00e4ilytystilat ja sis\u00e4\u00e4nrakennettu LED-peili t\u00e4ydellist\u00e4 valaistusta varten joka kerta, kun hehkut!<\/span><\/p>\n<p><img decoding=\"async\" class=\"size-full wp-image-17145 aligncenter\" src=\"https:\/\/keluvo.com\/template\/wp-content\/uploads\/sites\/5\/2025\/04\/2-17.jpg\" alt=\"\" \/><\/p>\n<h2 style=\"text-align: center\"><strong>T\u00e4rkeimm\u00e4t Edut<\/strong><\/h2>\n<p><span style=\"font-weight: 400\">Sis\u00e4\u00e4nrakennettu LED-peili &#8211; voit valita l\u00e4mpim\u00e4n, luonnollisen tai viile\u00e4n valon<\/span><\/p>\n<p><span style=\"font-weight: 400\">Kompakti ja j\u00e4rjestetty &#8211; pit\u00e4\u00e4 meikit ja korut j\u00e4rjestyksess\u00e4<\/span><\/p>\n<p><span style=\"font-weight: 400\">Tyylik\u00e4s ja vahva &#8211; valmistettu pehme\u00e4st\u00e4 ja kest\u00e4v\u00e4st\u00e4 nahasta<\/span><\/p>\n<p><span style=\"font-weight: 400\">T\u00e4ydellinen lahja &#8211; toimitetaan kauniissa laatikossa helppoa lahjoittamista varten<\/span><\/p>\n<p><img decoding=\"async\" class=\"size-full wp-image-16236 aligncenter\" src=\"https:\/\/keluvo.com\/template\/wp-content\/uploads\/sites\/5\/2025\/04\/318bddd5-9c5f-457a-9d2c-27ea746edb27.webp\" alt=\"\" \/><\/p>\n<h2 style=\"text-align: center\"><strong>Miten T\u00e4m\u00e4 Tuote Auttaa Sinua<\/strong><\/h2>\n<p style=\"text-align: center\"><b><\/b><span style=\"font-weight: 400\"> Meikkilaatikko tekee kauneudenhoitotoimenpiteist\u00e4 helpompia ja erikoisempia.<\/span><\/p>\n<p style=\"text-align: center\"><span style=\"font-weight: 400\"> Se sopii t\u00e4ydellisesti:<\/span><\/p>\n<ul>\n<li style=\"font-weight: 400\"><span style=\"font-weight: 400\">Meikkaamiseen matkalla<\/span><\/li>\n<li style=\"font-weight: 400\"><span style=\"font-weight: 400\">Kauneus- ja korutarvikkeiden s\u00e4ilytt\u00e4miseen yhdess\u00e4 paikassa<\/span><\/li>\n<li style=\"font-weight: 400\"><span style=\"font-weight: 400\">Lahjaksi rakkaallesi (tai itsellesi!)<\/span><\/li>\n<\/ul>\n<h2 style=\"text-align: center\"><strong>K\u00e4ytt\u00f6ohjeet<\/strong><\/h2>\n<ol>\n<li style=\"font-weight: 400\"><span style=\"font-weight: 400\">Avaa laatikko, niin p\u00e4\u00e4set k\u00e4siksi LED-peiliin ja s\u00e4ilytysosioihin.<\/span><\/li>\n<li style=\"font-weight: 400\"><span style=\"font-weight: 400\">S\u00e4\u00e4d\u00e4 valoa napauttamalla, jotta meikki on aina virheet\u00f6n.<\/span><\/li>\n<li style=\"font-weight: 400\"><span style=\"font-weight: 400\">S\u00e4ilyt\u00e4 siveltimi\u00e4, huulipunia, sormuksia ja korvakoruja helposti.<\/span><\/li>\n<li style=\"font-weight: 400\"><span style=\"font-weight: 400\">Sulje ja kanna &#8211; kaunis, j\u00e4rjestetty ja matkustusvalmis!<\/span><\/li>\n<\/ol>\n<h2 style=\"text-align: center\"><strong>Pakkaus Sis\u00e4lt\u00e4\u00e4<\/strong><\/h2>\n<ul>\n<li style=\"font-weight: 400\"><span style=\"font-weight: 400\">1x meikkilaatikko<\/span><\/li>\n<li style=\"font-weight: 400\"><span style=\"font-weight: 400\">1x sis\u00e4\u00e4nrakennettu LED-meikkipeili, jossa on 3 valotilaa<\/span><\/li>\n<li style=\"font-weight: 400\"><span style=\"font-weight: 400\">Tulee lahjapakkauksessa (t\u00e4ydellinen lahja).<\/span><\/li>\n<\/ul>\n","protected":false},"excerpt":{"rendered":"<p>Meikkilaatikko &#8211; kompakti kauneuskotelosi, jossa on valoa ja tyyli\u00e4. T\u00e4ss\u00e4 matkameikkilaatikossa on s\u00f6p\u00f6 muotoilu, t\u00e4ydelliset s\u00e4ilytystilat ja sis\u00e4\u00e4nrakennettu LED-peili t\u00e4ydellist\u00e4 [&hellip;]<\/p>\n","protected":false},"featured_media":20388,"comment_status":"open","ping_status":"closed","template":"","meta":{"site-sidebar-layout":"default","site-content-layout":"","ast-site-content-layout":"default","site-content-style":"default","site-sidebar-style":"default","ast-global-header-display":"","ast-banner-title-visibility":"","ast-main-header-display":"","ast-hfb-above-header-display":"","ast-hfb-below-header-display":"","ast-hfb-mobile-header-display":"","site-post-title":"","ast-breadcrumbs-content":"","ast-featured-img":"","footer-sml-layout":"","theme-transparent-header-meta":"default","adv-header-id-meta":"","stick-header-meta":"","header-above-stick-meta":"","header-main-stick-meta":"","header-below-stick-meta":"","astra-migrate-meta-layouts":"set","ast-page-background-enabled":"default","ast-page-background-meta":{"desktop":{"background-color":"var(--ast-global-color-5)","background-image":"","background-repeat":"repeat","background-position":"center center","background-size":"auto","background-attachment":"scroll","background-type":"","background-media":"","overlay-type":"","overlay-color":"","overlay-opacity":"","overlay-gradient":""},"tablet":{"background-color":"","background-image":"","background-repeat":"repeat","background-position":"center center","background-size":"auto","background-attachment":"scroll","background-type":"","background-media":"","overlay-type":"","overlay-color":"","overlay-opacity":"","overlay-gradient":""},"mobile":{"background-color":"","background-image":"","background-repeat":"repeat","background-position":"center center","background-size":"auto","background-attachment":"scroll","background-type":"","background-media":"","overlay-type":"","overlay-color":"","overlay-opacity":"","overlay-gradient":""}},"ast-content-background-meta":{"desktop":{"background-color":"var(--ast-global-color-4)","background-image":"","background-repeat":"repeat","background-position":"center center","background-size":"auto","background-attachment":"scroll","background-type":"","background-media":"","overlay-type":"","overlay-color":"","overlay-opacity":"","overlay-gradient":""},"tablet":{"background-color":"var(--ast-global-color-4)","background-image":"","background-repeat":"repeat","background-position":"center center","background-size":"auto","background-attachment":"scroll","background-type":"","background-media":"","overlay-type":"","overlay-color":"","overlay-opacity":"","overlay-gradient":""},"mobile":{"background-color":"var(--ast-global-color-4)","background-image":"","background-repeat":"repeat","background-position":"center center","background-size":"auto","background-attachment":"scroll","background-type":"","background-media":"","overlay-type":"","overlay-color":"","overlay-opacity":"","overlay-gradient":""}}},"product_brand":[],"product_cat":[15],"product_tag":[],"class_list":{"0":"post-20391","1":"product","2":"type-product","3":"status-publish","4":"has-post-thumbnail","6":"product_cat-luokittelematon","7":"pa_35990_iqhuf3h4-vaaleanpunainen","8":"pa_35990_iqhuf3h4-valkoinen","9":"pa_35990_iqhuf3h4-vihrea","10":"desktop-align-left","11":"tablet-align-left","12":"mobile-align-left","14":"first","15":"instock","16":"shipping-taxable","17":"purchasable","18":"product-type-variable"},"yoast_head":"<!-- This site is optimized with the Yoast SEO plugin v26.6 - https:\/\/yoast.com\/wordpress\/plugins\/seo\/ -->\n<title>Meikkilaatikko - Senbera FI<\/title>\n<meta name=\"robots\" content=\"index, follow, max-snippet:-1, max-image-preview:large, max-video-preview:-1\" \/>\n<link rel=\"canonical\" href=\"https:\/\/senbera.com\/fi\/tuote\/meikkilaatikko\/\" \/>\n<meta property=\"og:locale\" content=\"fi_FI\" \/>\n<meta property=\"og:type\" content=\"article\" \/>\n<meta property=\"og:title\" content=\"Meikkilaatikko - Senbera FI\" \/>\n<meta property=\"og:description\" content=\"Meikkilaatikko &#8211; kompakti kauneuskotelosi, jossa on valoa ja tyyli\u00e4. T\u00e4ss\u00e4 matkameikkilaatikossa on s\u00f6p\u00f6 muotoilu, t\u00e4ydelliset s\u00e4ilytystilat ja sis\u00e4\u00e4nrakennettu LED-peili t\u00e4ydellist\u00e4 [&hellip;]\" \/>\n<meta property=\"og:url\" content=\"https:\/\/senbera.com\/fi\/tuote\/meikkilaatikko\/\" \/>\n<meta property=\"og:site_name\" content=\"Senbera FI\" \/>\n<meta property=\"article:modified_time\" content=\"2026-01-16T07:49:50+00:00\" \/>\n<meta name=\"twitter:card\" content=\"summary_large_image\" \/>\n<meta name=\"twitter:label1\" content=\"Arvioitu lukuaika\" \/>\n\t<meta name=\"twitter:data1\" content=\"1 minuutti\" \/>\n<script type=\"application\/ld+json\" class=\"yoast-schema-graph\">{\"@context\":\"https:\/\/schema.org\",\"@graph\":[{\"@type\":\"WebPage\",\"@id\":\"https:\/\/senbera.com\/fi\/tuote\/meikkilaatikko\/\",\"url\":\"https:\/\/senbera.com\/fi\/tuote\/meikkilaatikko\/\",\"name\":\"Meikkilaatikko - Senbera FI\",\"isPartOf\":{\"@id\":\"https:\/\/senbera.com\/fi\/#website\"},\"primaryImageOfPage\":{\"@id\":\"https:\/\/senbera.com\/fi\/tuote\/meikkilaatikko\/#primaryimage\"},\"image\":{\"@id\":\"https:\/\/senbera.com\/fi\/tuote\/meikkilaatikko\/#primaryimage\"},\"thumbnailUrl\":\"https:\/\/senbera.com\/fi\/wp-content\/uploads\/sites\/19\/2026\/01\/3jenasu-1.webp\",\"datePublished\":\"2026-01-16T07:49:39+00:00\",\"dateModified\":\"2026-01-16T07:49:50+00:00\",\"breadcrumb\":{\"@id\":\"https:\/\/senbera.com\/fi\/tuote\/meikkilaatikko\/#breadcrumb\"},\"inLanguage\":\"fi\",\"potentialAction\":[{\"@type\":\"ReadAction\",\"target\":[\"https:\/\/senbera.com\/fi\/tuote\/meikkilaatikko\/\"]}]},{\"@type\":\"ImageObject\",\"inLanguage\":\"fi\",\"@id\":\"https:\/\/senbera.com\/fi\/tuote\/meikkilaatikko\/#primaryimage\",\"url\":\"https:\/\/senbera.com\/fi\/wp-content\/uploads\/sites\/19\/2026\/01\/3jenasu-1.webp\",\"contentUrl\":\"https:\/\/senbera.com\/fi\/wp-content\/uploads\/sites\/19\/2026\/01\/3jenasu-1.webp\",\"width\":1000,\"height\":1000},{\"@type\":\"BreadcrumbList\",\"@id\":\"https:\/\/senbera.com\/fi\/tuote\/meikkilaatikko\/#breadcrumb\",\"itemListElement\":[{\"@type\":\"ListItem\",\"position\":1,\"name\":\"Home\",\"item\":\"https:\/\/senbera.com\/fi\/\"},{\"@type\":\"ListItem\",\"position\":2,\"name\":\"Kauppa\",\"item\":\"https:\/\/senbera.com\/fi\/kauppa\/\"},{\"@type\":\"ListItem\",\"position\":3,\"name\":\"Meikkilaatikko\"}]},{\"@type\":\"WebSite\",\"@id\":\"https:\/\/senbera.com\/fi\/#website\",\"url\":\"https:\/\/senbera.com\/fi\/\",\"name\":\"Senbera FI\",\"description\":\"\",\"publisher\":{\"@id\":\"https:\/\/senbera.com\/fi\/#organization\"},\"potentialAction\":[{\"@type\":\"SearchAction\",\"target\":{\"@type\":\"EntryPoint\",\"urlTemplate\":\"https:\/\/senbera.com\/fi\/?s={search_term_string}\"},\"query-input\":{\"@type\":\"PropertyValueSpecification\",\"valueRequired\":true,\"valueName\":\"search_term_string\"}}],\"inLanguage\":\"fi\"},{\"@type\":\"Organization\",\"@id\":\"https:\/\/senbera.com\/fi\/#organization\",\"name\":\"Mekulo\",\"url\":\"https:\/\/senbera.com\/fi\/\",\"logo\":{\"@type\":\"ImageObject\",\"inLanguage\":\"fi\",\"@id\":\"https:\/\/senbera.com\/fi\/#\/schema\/logo\/image\/\",\"url\":\"https:\/\/senbera.com\/fi\/wp-content\/uploads\/sites\/19\/2025\/12\/favicon_mekulo.png\",\"contentUrl\":\"https:\/\/senbera.com\/fi\/wp-content\/uploads\/sites\/19\/2025\/12\/favicon_mekulo.png\",\"width\":50,\"height\":50,\"caption\":\"Mekulo\"},\"image\":{\"@id\":\"https:\/\/senbera.com\/fi\/#\/schema\/logo\/image\/\"}}]}<\/script>\n<!-- \/ Yoast SEO plugin. -->","yoast_head_json":{"title":"Meikkilaatikko - Senbera FI","robots":{"index":"index","follow":"follow","max-snippet":"max-snippet:-1","max-image-preview":"max-image-preview:large","max-video-preview":"max-video-preview:-1"},"canonical":"https:\/\/senbera.com\/fi\/tuote\/meikkilaatikko\/","og_locale":"fi_FI","og_type":"article","og_title":"Meikkilaatikko - Senbera FI","og_description":"Meikkilaatikko &#8211; kompakti kauneuskotelosi, jossa on valoa ja tyyli\u00e4. T\u00e4ss\u00e4 matkameikkilaatikossa on s\u00f6p\u00f6 muotoilu, t\u00e4ydelliset s\u00e4ilytystilat ja sis\u00e4\u00e4nrakennettu LED-peili t\u00e4ydellist\u00e4 [&hellip;]","og_url":"https:\/\/senbera.com\/fi\/tuote\/meikkilaatikko\/","og_site_name":"Senbera FI","article_modified_time":"2026-01-16T07:49:50+00:00","twitter_card":"summary_large_image","twitter_misc":{"Arvioitu lukuaika":"1 minuutti"},"schema":{"@context":"https:\/\/schema.org","@graph":[{"@type":"WebPage","@id":"https:\/\/senbera.com\/fi\/tuote\/meikkilaatikko\/","url":"https:\/\/senbera.com\/fi\/tuote\/meikkilaatikko\/","name":"Meikkilaatikko - Senbera FI","isPartOf":{"@id":"https:\/\/senbera.com\/fi\/#website"},"primaryImageOfPage":{"@id":"https:\/\/senbera.com\/fi\/tuote\/meikkilaatikko\/#primaryimage"},"image":{"@id":"https:\/\/senbera.com\/fi\/tuote\/meikkilaatikko\/#primaryimage"},"thumbnailUrl":"https:\/\/senbera.com\/fi\/wp-content\/uploads\/sites\/19\/2026\/01\/3jenasu-1.webp","datePublished":"2026-01-16T07:49:39+00:00","dateModified":"2026-01-16T07:49:50+00:00","breadcrumb":{"@id":"https:\/\/senbera.com\/fi\/tuote\/meikkilaatikko\/#breadcrumb"},"inLanguage":"fi","potentialAction":[{"@type":"ReadAction","target":["https:\/\/senbera.com\/fi\/tuote\/meikkilaatikko\/"]}]},{"@type":"ImageObject","inLanguage":"fi","@id":"https:\/\/senbera.com\/fi\/tuote\/meikkilaatikko\/#primaryimage","url":"https:\/\/senbera.com\/fi\/wp-content\/uploads\/sites\/19\/2026\/01\/3jenasu-1.webp","contentUrl":"https:\/\/senbera.com\/fi\/wp-content\/uploads\/sites\/19\/2026\/01\/3jenasu-1.webp","width":1000,"height":1000},{"@type":"BreadcrumbList","@id":"https:\/\/senbera.com\/fi\/tuote\/meikkilaatikko\/#breadcrumb","itemListElement":[{"@type":"ListItem","position":1,"name":"Home","item":"https:\/\/senbera.com\/fi\/"},{"@type":"ListItem","position":2,"name":"Kauppa","item":"https:\/\/senbera.com\/fi\/kauppa\/"},{"@type":"ListItem","position":3,"name":"Meikkilaatikko"}]},{"@type":"WebSite","@id":"https:\/\/senbera.com\/fi\/#website","url":"https:\/\/senbera.com\/fi\/","name":"Senbera FI","description":"","publisher":{"@id":"https:\/\/senbera.com\/fi\/#organization"},"potentialAction":[{"@type":"SearchAction","target":{"@type":"EntryPoint","urlTemplate":"https:\/\/senbera.com\/fi\/?s={search_term_string}"},"query-input":{"@type":"PropertyValueSpecification","valueRequired":true,"valueName":"search_term_string"}}],"inLanguage":"fi"},{"@type":"Organization","@id":"https:\/\/senbera.com\/fi\/#organization","name":"Mekulo","url":"https:\/\/senbera.com\/fi\/","logo":{"@type":"ImageObject","inLanguage":"fi","@id":"https:\/\/senbera.com\/fi\/#\/schema\/logo\/image\/","url":"https:\/\/senbera.com\/fi\/wp-content\/uploads\/sites\/19\/2025\/12\/favicon_mekulo.png","contentUrl":"https:\/\/senbera.com\/fi\/wp-content\/uploads\/sites\/19\/2025\/12\/favicon_mekulo.png","width":50,"height":50,"caption":"Mekulo"},"image":{"@id":"https:\/\/senbera.com\/fi\/#\/schema\/logo\/image\/"}}]}},"_links":{"self":[{"href":"https:\/\/senbera.com\/fi\/wp-json\/wp\/v2\/product\/20391","targetHints":{"allow":["GET"]}}],"collection":[{"href":"https:\/\/senbera.com\/fi\/wp-json\/wp\/v2\/product"}],"about":[{"href":"https:\/\/senbera.com\/fi\/wp-json\/wp\/v2\/types\/product"}],"replies":[{"embeddable":true,"href":"https:\/\/senbera.com\/fi\/wp-json\/wp\/v2\/comments?post=20391"}],"wp:featuredmedia":[{"embeddable":true,"href":"https:\/\/senbera.com\/fi\/wp-json\/wp\/v2\/media\/20388"}],"wp:attachment":[{"href":"https:\/\/senbera.com\/fi\/wp-json\/wp\/v2\/media?parent=20391"}],"wp:term":[{"taxonomy":"product_brand","embeddable":true,"href":"https:\/\/senbera.com\/fi\/wp-json\/wp\/v2\/product_brand?post=20391"},{"taxonomy":"product_cat","embeddable":true,"href":"https:\/\/senbera.com\/fi\/wp-json\/wp\/v2\/product_cat?post=20391"},{"taxonomy":"product_tag","embeddable":true,"href":"https:\/\/senbera.com\/fi\/wp-json\/wp\/v2\/product_tag?post=20391"}],"curies":[{"name":"wp","href":"https:\/\/api.w.org\/{rel}","templated":true}]}}