{"id":20384,"date":"2026-01-16T09:48:50","date_gmt":"2026-01-16T07:48:50","guid":{"rendered":"https:\/\/senbera.com\/fi\/tuote\/lattiavalaisin\/"},"modified":"2026-01-16T09:48:50","modified_gmt":"2026-01-16T07:48:50","slug":"lattiavalaisin","status":"publish","type":"product","link":"https:\/\/senbera.com\/fi\/tuote\/lattiavalaisin\/","title":{"rendered":"Lattiavalaisin"},"content":{"rendered":"<p style=\"text-align: center\"><strong>\ud83d\udca1Se Esittelee Lattiavalaisimen \u2013 Maaginen Valosi Unenomaisiin \u00d6ihin Ja Tyylikk\u00e4isiin Tiloihin.\ud83d\udc9c<\/strong><\/p>\n<p style=\"text-align: center\"><span style=\"font-weight: 400\">T\u00e4m\u00e4 valaisin ei vain hehku &#8211; se h\u00e4ik\u00e4isee v\u00e4reill\u00e4 ja kuvioilla, tehden huoneestasi maagisen ja kodikkaan tuntuisen samanaikaisesti.<\/span><\/p>\n<p><img decoding=\"async\" class=\"size-full wp-image-16372 aligncenter\" src=\"https:\/\/keluvo.com\/template\/wp-content\/uploads\/sites\/5\/2025\/04\/728ed45c-7a90-4d94-bebf-6f941f5dbed3.webp\" alt=\"\" \/><\/p>\n<h2 style=\"text-align: center\">T\u00e4rkeimm\u00e4t Edut<\/h2>\n<p><span style=\"font-weight: 400\">3D-efekti &#8211; luo hauskan, el\u00e4v\u00e4n n\u00e4k\u00f6isen hehkuvan kuvion<\/span><\/p>\n<p><span style=\"font-weight: 400\">Romanttinen valaistus &#8211; kirkas, v\u00e4rik\u00e4s hehku viihtyisiin iltoihin<\/span><\/p>\n<p><span style=\"font-weight: 400\">Turvallinen silmille &#8211; ei v\u00e4lkky\u00e4, ei kovaa valoa, ei surinaa<\/span><\/p>\n<p><span style=\"font-weight: 400\">K\u00e4yt\u00e4 miss\u00e4 tahansa &#8211; sis\u00e4ll\u00e4 tai ulkona juhliin tai kodin sisustukseen<\/span><\/p>\n<p><span style=\"font-weight: 400\">Hyv\u00e4 kaikenik\u00e4isille &#8211; sopii lastenhuoneisiin, h\u00e4ihin tai juhlatilaisuuksiin<\/span><\/p>\n<p><img decoding=\"async\" class=\"size-full wp-image-16369 aligncenter\" src=\"https:\/\/keluvo.com\/template\/wp-content\/uploads\/sites\/5\/2025\/04\/44f0c6bb-2676-4923-b345-b046ab376eda.webp\" alt=\"\" \/><\/p>\n<h2 style=\"text-align: center\">Miten T\u00e4m\u00e4 Tuote Auttaa Sinua<\/h2>\n<ul>\n<li style=\"font-weight: 400\"><span style=\"font-weight: 400\">Makuuhuoneiden, terassien tai olohuoneiden koristelu<\/span><span style=\"font-weight: 400\"><br \/>\n<\/span><\/li>\n<li style=\"font-weight: 400\"><span style=\"font-weight: 400\">V\u00e4rin lis\u00e4\u00e4minen tapahtumiin, kuten syntym\u00e4p\u00e4iviin tai h\u00e4ihin<\/span><\/li>\n<li style=\"font-weight: 400\"><span style=\"font-weight: 400\">Lahjaksi antaminen, joka on sek\u00e4 hauska ett\u00e4 hy\u00f6dyllinen.<\/span><\/li>\n<\/ul>\n<h2 style=\"text-align: center\">Pakkaus Sis\u00e4lt\u00e4\u00e4<\/h2>\n<ul>\n<li style=\"font-weight: 400\"><span style=\"font-weight: 400\">1x 3D-v\u00e4rik\u00e4s LED-lattiavalaisin<\/span><span style=\"font-weight: 400\"><br \/>\n<\/span><\/li>\n<li style=\"font-weight: 400\"><span style=\"font-weight: 400\">Virtaliit\u00e4nt\u00e4 ja jalusta asennusta varten.<\/span><\/li>\n<\/ul>\n<p>&nbsp;<\/p>\n","protected":false},"excerpt":{"rendered":"<p>\ud83d\udca1Se Esittelee Lattiavalaisimen \u2013 Maaginen Valosi Unenomaisiin \u00d6ihin Ja Tyylikk\u00e4isiin Tiloihin.\ud83d\udc9c T\u00e4m\u00e4 valaisin ei vain hehku &#8211; se h\u00e4ik\u00e4isee v\u00e4reill\u00e4 [&hellip;]<\/p>\n","protected":false},"featured_media":20380,"comment_status":"open","ping_status":"closed","template":"","meta":{"site-sidebar-layout":"default","site-content-layout":"","ast-site-content-layout":"default","site-content-style":"default","site-sidebar-style":"default","ast-global-header-display":"","ast-banner-title-visibility":"","ast-main-header-display":"","ast-hfb-above-header-display":"","ast-hfb-below-header-display":"","ast-hfb-mobile-header-display":"","site-post-title":"","ast-breadcrumbs-content":"","ast-featured-img":"","footer-sml-layout":"","ast-disable-related-posts":"","theme-transparent-header-meta":"default","adv-header-id-meta":"","stick-header-meta":"","header-above-stick-meta":"","header-main-stick-meta":"","header-below-stick-meta":"","astra-migrate-meta-layouts":"set","ast-page-background-enabled":"default","ast-page-background-meta":{"desktop":{"background-color":"var(--ast-global-color-5)","background-image":"","background-repeat":"repeat","background-position":"center center","background-size":"auto","background-attachment":"scroll","background-type":"","background-media":"","overlay-type":"","overlay-color":"","overlay-opacity":"","overlay-gradient":""},"tablet":{"background-color":"","background-image":"","background-repeat":"repeat","background-position":"center center","background-size":"auto","background-attachment":"scroll","background-type":"","background-media":"","overlay-type":"","overlay-color":"","overlay-opacity":"","overlay-gradient":""},"mobile":{"background-color":"","background-image":"","background-repeat":"repeat","background-position":"center center","background-size":"auto","background-attachment":"scroll","background-type":"","background-media":"","overlay-type":"","overlay-color":"","overlay-opacity":"","overlay-gradient":""}},"ast-content-background-meta":{"desktop":{"background-color":"var(--ast-global-color-4)","background-image":"","background-repeat":"repeat","background-position":"center center","background-size":"auto","background-attachment":"scroll","background-type":"","background-media":"","overlay-type":"","overlay-color":"","overlay-opacity":"","overlay-gradient":""},"tablet":{"background-color":"var(--ast-global-color-4)","background-image":"","background-repeat":"repeat","background-position":"center center","background-size":"auto","background-attachment":"scroll","background-type":"","background-media":"","overlay-type":"","overlay-color":"","overlay-opacity":"","overlay-gradient":""},"mobile":{"background-color":"var(--ast-global-color-4)","background-image":"","background-repeat":"repeat","background-position":"center center","background-size":"auto","background-attachment":"scroll","background-type":"","background-media":"","overlay-type":"","overlay-color":"","overlay-opacity":"","overlay-gradient":""}}},"product_brand":[],"product_cat":[15],"product_tag":[],"class_list":{"0":"post-20384","1":"product","2":"type-product","3":"status-publish","4":"has-post-thumbnail","6":"product_cat-luokittelematon","7":"desktop-align-left","8":"tablet-align-left","9":"mobile-align-left","11":"first","12":"instock","13":"shipping-taxable","14":"purchasable","15":"product-type-simple"},"yoast_head":"<!-- This site is optimized with the Yoast SEO plugin v27.4 - https:\/\/yoast.com\/product\/yoast-seo-wordpress\/ -->\n<title>Lattiavalaisin - Senbera FI<\/title>\n<meta name=\"robots\" content=\"index, follow, max-snippet:-1, max-image-preview:large, max-video-preview:-1\" \/>\n<link rel=\"canonical\" href=\"https:\/\/senbera.com\/fi\/tuote\/lattiavalaisin\/\" \/>\n<meta property=\"og:locale\" content=\"fi_FI\" \/>\n<meta property=\"og:type\" content=\"article\" \/>\n<meta property=\"og:title\" content=\"Lattiavalaisin - Senbera FI\" \/>\n<meta property=\"og:description\" content=\"\ud83d\udca1Se Esittelee Lattiavalaisimen \u2013 Maaginen Valosi Unenomaisiin \u00d6ihin Ja Tyylikk\u00e4isiin Tiloihin.\ud83d\udc9c T\u00e4m\u00e4 valaisin ei vain hehku &#8211; se h\u00e4ik\u00e4isee v\u00e4reill\u00e4 [&hellip;]\" \/>\n<meta property=\"og:url\" content=\"https:\/\/senbera.com\/fi\/tuote\/lattiavalaisin\/\" \/>\n<meta property=\"og:site_name\" content=\"Senbera FI\" \/>\n<meta name=\"twitter:card\" content=\"summary_large_image\" \/>\n<meta name=\"twitter:label1\" content=\"Arvioitu lukuaika\" \/>\n\t<meta name=\"twitter:data1\" content=\"1 minuutti\" \/>\n<script type=\"application\/ld+json\" class=\"yoast-schema-graph\">{\"@context\":\"https:\\\/\\\/schema.org\",\"@graph\":[{\"@type\":\"WebPage\",\"@id\":\"https:\\\/\\\/senbera.com\\\/fi\\\/tuote\\\/lattiavalaisin\\\/\",\"url\":\"https:\\\/\\\/senbera.com\\\/fi\\\/tuote\\\/lattiavalaisin\\\/\",\"name\":\"Lattiavalaisin - Senbera FI\",\"isPartOf\":{\"@id\":\"https:\\\/\\\/senbera.com\\\/fi\\\/#website\"},\"primaryImageOfPage\":{\"@id\":\"https:\\\/\\\/senbera.com\\\/fi\\\/tuote\\\/lattiavalaisin\\\/#primaryimage\"},\"image\":{\"@id\":\"https:\\\/\\\/senbera.com\\\/fi\\\/tuote\\\/lattiavalaisin\\\/#primaryimage\"},\"thumbnailUrl\":\"https:\\\/\\\/senbera.com\\\/fi\\\/wp-content\\\/uploads\\\/sites\\\/19\\\/2026\\\/01\\\/z40c69b-1.webp\",\"datePublished\":\"2026-01-16T07:48:50+00:00\",\"breadcrumb\":{\"@id\":\"https:\\\/\\\/senbera.com\\\/fi\\\/tuote\\\/lattiavalaisin\\\/#breadcrumb\"},\"inLanguage\":\"fi\",\"potentialAction\":[{\"@type\":\"ReadAction\",\"target\":[\"https:\\\/\\\/senbera.com\\\/fi\\\/tuote\\\/lattiavalaisin\\\/\"]}]},{\"@type\":\"ImageObject\",\"inLanguage\":\"fi\",\"@id\":\"https:\\\/\\\/senbera.com\\\/fi\\\/tuote\\\/lattiavalaisin\\\/#primaryimage\",\"url\":\"https:\\\/\\\/senbera.com\\\/fi\\\/wp-content\\\/uploads\\\/sites\\\/19\\\/2026\\\/01\\\/z40c69b-1.webp\",\"contentUrl\":\"https:\\\/\\\/senbera.com\\\/fi\\\/wp-content\\\/uploads\\\/sites\\\/19\\\/2026\\\/01\\\/z40c69b-1.webp\",\"width\":749,\"height\":999},{\"@type\":\"BreadcrumbList\",\"@id\":\"https:\\\/\\\/senbera.com\\\/fi\\\/tuote\\\/lattiavalaisin\\\/#breadcrumb\",\"itemListElement\":[{\"@type\":\"ListItem\",\"position\":1,\"name\":\"Home\",\"item\":\"https:\\\/\\\/senbera.com\\\/fi\\\/\"},{\"@type\":\"ListItem\",\"position\":2,\"name\":\"Kauppa\",\"item\":\"https:\\\/\\\/senbera.com\\\/fi\\\/kauppa\\\/\"},{\"@type\":\"ListItem\",\"position\":3,\"name\":\"Lattiavalaisin\"}]},{\"@type\":\"WebSite\",\"@id\":\"https:\\\/\\\/senbera.com\\\/fi\\\/#website\",\"url\":\"https:\\\/\\\/senbera.com\\\/fi\\\/\",\"name\":\"Senbera FI\",\"description\":\"\",\"publisher\":{\"@id\":\"https:\\\/\\\/senbera.com\\\/fi\\\/#organization\"},\"potentialAction\":[{\"@type\":\"SearchAction\",\"target\":{\"@type\":\"EntryPoint\",\"urlTemplate\":\"https:\\\/\\\/senbera.com\\\/fi\\\/?s={search_term_string}\"},\"query-input\":{\"@type\":\"PropertyValueSpecification\",\"valueRequired\":true,\"valueName\":\"search_term_string\"}}],\"inLanguage\":\"fi\"},{\"@type\":\"Organization\",\"@id\":\"https:\\\/\\\/senbera.com\\\/fi\\\/#organization\",\"name\":\"Mekulo\",\"url\":\"https:\\\/\\\/senbera.com\\\/fi\\\/\",\"logo\":{\"@type\":\"ImageObject\",\"inLanguage\":\"fi\",\"@id\":\"https:\\\/\\\/senbera.com\\\/fi\\\/#\\\/schema\\\/logo\\\/image\\\/\",\"url\":\"https:\\\/\\\/senbera.com\\\/fi\\\/wp-content\\\/uploads\\\/sites\\\/19\\\/2025\\\/12\\\/favicon_mekulo.png\",\"contentUrl\":\"https:\\\/\\\/senbera.com\\\/fi\\\/wp-content\\\/uploads\\\/sites\\\/19\\\/2025\\\/12\\\/favicon_mekulo.png\",\"width\":50,\"height\":50,\"caption\":\"Mekulo\"},\"image\":{\"@id\":\"https:\\\/\\\/senbera.com\\\/fi\\\/#\\\/schema\\\/logo\\\/image\\\/\"}}]}<\/script>\n<!-- \/ Yoast SEO plugin. -->","yoast_head_json":{"title":"Lattiavalaisin - Senbera FI","robots":{"index":"index","follow":"follow","max-snippet":"max-snippet:-1","max-image-preview":"max-image-preview:large","max-video-preview":"max-video-preview:-1"},"canonical":"https:\/\/senbera.com\/fi\/tuote\/lattiavalaisin\/","og_locale":"fi_FI","og_type":"article","og_title":"Lattiavalaisin - Senbera FI","og_description":"\ud83d\udca1Se Esittelee Lattiavalaisimen \u2013 Maaginen Valosi Unenomaisiin \u00d6ihin Ja Tyylikk\u00e4isiin Tiloihin.\ud83d\udc9c T\u00e4m\u00e4 valaisin ei vain hehku &#8211; se h\u00e4ik\u00e4isee v\u00e4reill\u00e4 [&hellip;]","og_url":"https:\/\/senbera.com\/fi\/tuote\/lattiavalaisin\/","og_site_name":"Senbera FI","twitter_card":"summary_large_image","twitter_misc":{"Arvioitu lukuaika":"1 minuutti"},"schema":{"@context":"https:\/\/schema.org","@graph":[{"@type":"WebPage","@id":"https:\/\/senbera.com\/fi\/tuote\/lattiavalaisin\/","url":"https:\/\/senbera.com\/fi\/tuote\/lattiavalaisin\/","name":"Lattiavalaisin - Senbera FI","isPartOf":{"@id":"https:\/\/senbera.com\/fi\/#website"},"primaryImageOfPage":{"@id":"https:\/\/senbera.com\/fi\/tuote\/lattiavalaisin\/#primaryimage"},"image":{"@id":"https:\/\/senbera.com\/fi\/tuote\/lattiavalaisin\/#primaryimage"},"thumbnailUrl":"https:\/\/senbera.com\/fi\/wp-content\/uploads\/sites\/19\/2026\/01\/z40c69b-1.webp","datePublished":"2026-01-16T07:48:50+00:00","breadcrumb":{"@id":"https:\/\/senbera.com\/fi\/tuote\/lattiavalaisin\/#breadcrumb"},"inLanguage":"fi","potentialAction":[{"@type":"ReadAction","target":["https:\/\/senbera.com\/fi\/tuote\/lattiavalaisin\/"]}]},{"@type":"ImageObject","inLanguage":"fi","@id":"https:\/\/senbera.com\/fi\/tuote\/lattiavalaisin\/#primaryimage","url":"https:\/\/senbera.com\/fi\/wp-content\/uploads\/sites\/19\/2026\/01\/z40c69b-1.webp","contentUrl":"https:\/\/senbera.com\/fi\/wp-content\/uploads\/sites\/19\/2026\/01\/z40c69b-1.webp","width":749,"height":999},{"@type":"BreadcrumbList","@id":"https:\/\/senbera.com\/fi\/tuote\/lattiavalaisin\/#breadcrumb","itemListElement":[{"@type":"ListItem","position":1,"name":"Home","item":"https:\/\/senbera.com\/fi\/"},{"@type":"ListItem","position":2,"name":"Kauppa","item":"https:\/\/senbera.com\/fi\/kauppa\/"},{"@type":"ListItem","position":3,"name":"Lattiavalaisin"}]},{"@type":"WebSite","@id":"https:\/\/senbera.com\/fi\/#website","url":"https:\/\/senbera.com\/fi\/","name":"Senbera FI","description":"","publisher":{"@id":"https:\/\/senbera.com\/fi\/#organization"},"potentialAction":[{"@type":"SearchAction","target":{"@type":"EntryPoint","urlTemplate":"https:\/\/senbera.com\/fi\/?s={search_term_string}"},"query-input":{"@type":"PropertyValueSpecification","valueRequired":true,"valueName":"search_term_string"}}],"inLanguage":"fi"},{"@type":"Organization","@id":"https:\/\/senbera.com\/fi\/#organization","name":"Mekulo","url":"https:\/\/senbera.com\/fi\/","logo":{"@type":"ImageObject","inLanguage":"fi","@id":"https:\/\/senbera.com\/fi\/#\/schema\/logo\/image\/","url":"https:\/\/senbera.com\/fi\/wp-content\/uploads\/sites\/19\/2025\/12\/favicon_mekulo.png","contentUrl":"https:\/\/senbera.com\/fi\/wp-content\/uploads\/sites\/19\/2025\/12\/favicon_mekulo.png","width":50,"height":50,"caption":"Mekulo"},"image":{"@id":"https:\/\/senbera.com\/fi\/#\/schema\/logo\/image\/"}}]}},"_links":{"self":[{"href":"https:\/\/senbera.com\/fi\/wp-json\/wp\/v2\/product\/20384","targetHints":{"allow":["GET"]}}],"collection":[{"href":"https:\/\/senbera.com\/fi\/wp-json\/wp\/v2\/product"}],"about":[{"href":"https:\/\/senbera.com\/fi\/wp-json\/wp\/v2\/types\/product"}],"replies":[{"embeddable":true,"href":"https:\/\/senbera.com\/fi\/wp-json\/wp\/v2\/comments?post=20384"}],"wp:featuredmedia":[{"embeddable":true,"href":"https:\/\/senbera.com\/fi\/wp-json\/wp\/v2\/media\/20380"}],"wp:attachment":[{"href":"https:\/\/senbera.com\/fi\/wp-json\/wp\/v2\/media?parent=20384"}],"wp:term":[{"taxonomy":"product_brand","embeddable":true,"href":"https:\/\/senbera.com\/fi\/wp-json\/wp\/v2\/product_brand?post=20384"},{"taxonomy":"product_cat","embeddable":true,"href":"https:\/\/senbera.com\/fi\/wp-json\/wp\/v2\/product_cat?post=20384"},{"taxonomy":"product_tag","embeddable":true,"href":"https:\/\/senbera.com\/fi\/wp-json\/wp\/v2\/product_tag?post=20384"}],"curies":[{"name":"wp","href":"https:\/\/api.w.org\/{rel}","templated":true}]}}