{"id":20223,"date":"2026-01-16T09:36:24","date_gmt":"2026-01-16T07:36:24","guid":{"rendered":"https:\/\/senbera.com\/fi\/tuote\/kengan-paarit\/"},"modified":"2026-01-16T09:36:31","modified_gmt":"2026-01-16T07:36:31","slug":"kengan-paarit","status":"publish","type":"product","link":"https:\/\/senbera.com\/fi\/tuote\/kengan-paarit\/","title":{"rendered":"Keng\u00e4n paarit"},"content":{"rendered":"<p style=\"text-align: center\"><strong>Esittelyss\u00e4 Keng\u00e4nvenytt\u00e4j\u00e4 \u2013 Helppo Tie Mukavuuteen Ja T\u00e4ydelliseen Istuvuuteen!<\/strong><\/p>\n<p style=\"text-align: center\"><span style=\"font-weight: 400\"> Ei en\u00e4\u00e4 tiukkoja kenki\u00e4! Saat t\u00e4ydellisen istuvuuden helposti ja suojaat suosikkiparejasi.<\/span><\/p>\n<p><img decoding=\"async\" class=\"size-full wp-image-16201 aligncenter\" src=\"https:\/\/keluvo.com\/template\/wp-content\/uploads\/sites\/5\/2025\/04\/stretcher-ezgif.com-video-to-webp-converter.webp\" alt=\"\" \/><\/p>\n<h2 style=\"text-align: center\">T\u00e4rkeimm\u00e4t Edut<\/h2>\n<p><span style=\"font-weight: 400\">\u2705 <\/span><b>Venytt\u00e4\u00e4 kenki\u00e4 helposti<\/b><span style=\"font-weight: 400\"> &#8211; 2-suuntaisen laajennuksen avulla voit levent\u00e4\u00e4 kenki\u00e4 parempaa ja mukavampaa istuvuutta varten<\/span><\/p>\n<p><span style=\"font-weight: 400\"> \u2705 <\/span><b>Suojaa keng\u00e4n muotoa<\/b><span style=\"font-weight: 400\"> &#8211; Pit\u00e4\u00e4 keng\u00e4t uuden n\u00e4k\u00f6isin\u00e4 ja ehk\u00e4isee tiukkoja kohtia<\/span><\/p>\n<p><span style=\"font-weight: 400\"> \u2705 <\/span><b>Kohdistaa kipupisteet<\/b><span style=\"font-weight: 400\"> &#8211; Sis\u00e4lt\u00e4\u00e4 4 tulppaa, joilla voit venytt\u00e4\u00e4 kenki\u00e4 juuri siell\u00e4, miss\u00e4 tarvitset helpotusta<\/span><\/p>\n<p><span style=\"font-weight: 400\"> \u2705 <\/span><b>Pit\u00e4\u00e4 keng\u00e4t raikkaina<\/b><span style=\"font-weight: 400\"> &#8211; Seetripuupallot imev\u00e4t itseens\u00e4 kosteutta ja hajuja puhdasta tuoksua<\/span><\/p>\n<p><span style=\"font-weight: 400\"> \u2705 <\/span><b>Vahva ja kest\u00e4v\u00e4<\/b><span style=\"font-weight: 400\"> &#8211; Valmistettu sitke\u00e4st\u00e4 m\u00e4ntypuusta, jotta se s\u00e4ilyy pitk\u00e4\u00e4n nahan p\u00e4\u00e4ll\u00e4, mokkanahkaan ja muuhun<\/span><\/p>\n<p><img decoding=\"async\" class=\"size-full wp-image-16197 aligncenter\" src=\"https:\/\/keluvo.com\/template\/wp-content\/uploads\/sites\/5\/2025\/04\/94f06335-33e9-45fe-b148-5c6c58038544.webp\" alt=\"\" \/><\/p>\n<h2 style=\"text-align: center\">Miksi T\u00e4m\u00e4 On Sinulle<\/h2>\n<p style=\"text-align: center\"><span style=\"font-weight: 400\">T\u00e4m\u00e4 keng\u00e4nvenytt\u00e4j\u00e4 on pakollinen apuv\u00e4lineesi tiukkojen kenkien korjaamiseen! Olivatpa uudet kenk\u00e4si puristavat tai haluat tehd\u00e4 vanhoista suosikeistasi mukavammat, n\u00e4m\u00e4 venyttimet toimivat helposti. Saat my\u00f6s setripuupallot, jotka pit\u00e4v\u00e4t kenk\u00e4si raikkaina, bonuskeng\u00e4nkiinnityssarven, joka helpottaa kenkien k\u00e4ytt\u00e4mist\u00e4, ja s\u00e4ilytyspussin, jossa kaikki pysyy siistin\u00e4. Pid\u00e4 huolta jaloistasi ja kengist\u00e4si yhdell\u00e4 \u00e4lykk\u00e4\u00e4ll\u00e4 paketilla!<\/span><\/p>\n<h2 style=\"text-align: center\">N\u00e4in K\u00e4yt\u00e4t<\/h2>\n<ol>\n<li style=\"font-weight: 400\"><span style=\"font-weight: 400\">Asenna keng\u00e4nvenytt\u00e4j\u00e4 kenk\u00e4\u00e4n.<\/span><\/li>\n<li style=\"font-weight: 400\"><span style=\"font-weight: 400\">K\u00e4\u00e4nn\u00e4 suurta py\u00f6r\u00e4\u00e4 laajentaaksesi kenk\u00e4\u00e4 hitaasti.<\/span><\/li>\n<li style=\"font-weight: 400\"><span style=\"font-weight: 400\">Lis\u00e4\u00e4 paineenalennustulpat alueille, jotka tarvitsevat lis\u00e4venytyst\u00e4.<\/span><\/li>\n<li style=\"font-weight: 400\"><span style=\"font-weight: 400\">J\u00e4t\u00e4 keng\u00e4nvenytt\u00e4j\u00e4 sis\u00e4lle muutamaksi tunniksi tai y\u00f6n yli parhaiden tulosten saavuttamiseksi.<\/span><\/li>\n<li style=\"font-weight: 400\"><span style=\"font-weight: 400\">Nauti paremmasta ja mukavammasta istuvuudesta!<\/span><\/li>\n<\/ol>\n<h2 style=\"text-align: center\">Pakkaus Sis\u00e4lt\u00e4\u00e4<\/h2>\n<ul>\n<li style=\"font-weight: 400\"><span style=\"font-weight: 400\">1x puinen keng\u00e4nvenytt\u00e4j\u00e4<\/span><\/li>\n<li style=\"font-weight: 400\"><span style=\"font-weight: 400\">4x paineenalennustulpat<\/span><\/li>\n<li style=\"font-weight: 400\"><span style=\"font-weight: 400\">1x bonuskeng\u00e4nsarvi<\/span><\/li>\n<li style=\"font-weight: 400\"><span style=\"font-weight: 400\">1x kiristysny\u00f6rill\u00e4 varustettu s\u00e4ilytyspussi<\/span><\/li>\n<li style=\"font-weight: 400\"><span style=\"font-weight: 400\">Sadripuupallot tuoreuden s\u00e4ilytt\u00e4miseksi.<\/span><\/li>\n<\/ul>\n","protected":false},"excerpt":{"rendered":"<p>Esittelyss\u00e4 Keng\u00e4nvenytt\u00e4j\u00e4 \u2013 Helppo Tie Mukavuuteen Ja T\u00e4ydelliseen Istuvuuteen! Ei en\u00e4\u00e4 tiukkoja kenki\u00e4! Saat t\u00e4ydellisen istuvuuden helposti ja suojaat suosikkiparejasi. [&hellip;]<\/p>\n","protected":false},"featured_media":20219,"comment_status":"open","ping_status":"closed","template":"","meta":{"site-sidebar-layout":"default","site-content-layout":"","ast-site-content-layout":"default","site-content-style":"default","site-sidebar-style":"default","ast-global-header-display":"","ast-banner-title-visibility":"","ast-main-header-display":"","ast-hfb-above-header-display":"","ast-hfb-below-header-display":"","ast-hfb-mobile-header-display":"","site-post-title":"","ast-breadcrumbs-content":"","ast-featured-img":"","footer-sml-layout":"","theme-transparent-header-meta":"default","adv-header-id-meta":"","stick-header-meta":"","header-above-stick-meta":"","header-main-stick-meta":"","header-below-stick-meta":"","astra-migrate-meta-layouts":"set","ast-page-background-enabled":"default","ast-page-background-meta":{"desktop":{"background-color":"var(--ast-global-color-5)","background-image":"","background-repeat":"repeat","background-position":"center center","background-size":"auto","background-attachment":"scroll","background-type":"","background-media":"","overlay-type":"","overlay-color":"","overlay-opacity":"","overlay-gradient":""},"tablet":{"background-color":"","background-image":"","background-repeat":"repeat","background-position":"center center","background-size":"auto","background-attachment":"scroll","background-type":"","background-media":"","overlay-type":"","overlay-color":"","overlay-opacity":"","overlay-gradient":""},"mobile":{"background-color":"","background-image":"","background-repeat":"repeat","background-position":"center center","background-size":"auto","background-attachment":"scroll","background-type":"","background-media":"","overlay-type":"","overlay-color":"","overlay-opacity":"","overlay-gradient":""}},"ast-content-background-meta":{"desktop":{"background-color":"var(--ast-global-color-4)","background-image":"","background-repeat":"repeat","background-position":"center center","background-size":"auto","background-attachment":"scroll","background-type":"","background-media":"","overlay-type":"","overlay-color":"","overlay-opacity":"","overlay-gradient":""},"tablet":{"background-color":"var(--ast-global-color-4)","background-image":"","background-repeat":"repeat","background-position":"center center","background-size":"auto","background-attachment":"scroll","background-type":"","background-media":"","overlay-type":"","overlay-color":"","overlay-opacity":"","overlay-gradient":""},"mobile":{"background-color":"var(--ast-global-color-4)","background-image":"","background-repeat":"repeat","background-position":"center center","background-size":"auto","background-attachment":"scroll","background-type":"","background-media":"","overlay-type":"","overlay-color":"","overlay-opacity":"","overlay-gradient":""}}},"product_brand":[],"product_cat":[15],"product_tag":[],"class_list":{"0":"post-20223","1":"product","2":"type-product","3":"status-publish","4":"has-post-thumbnail","6":"product_cat-luokittelematon","7":"pa_19220_qn6j8alg-l-42-46","8":"pa_19220_qn6j8alg-m-39-41","9":"desktop-align-left","10":"tablet-align-left","11":"mobile-align-left","13":"first","14":"instock","15":"shipping-taxable","16":"purchasable","17":"product-type-variable"},"yoast_head":"<!-- This site is optimized with the Yoast SEO plugin v26.6 - https:\/\/yoast.com\/wordpress\/plugins\/seo\/ -->\n<title>Keng\u00e4n paarit - Senbera FI<\/title>\n<meta name=\"robots\" content=\"index, follow, max-snippet:-1, max-image-preview:large, max-video-preview:-1\" \/>\n<link rel=\"canonical\" href=\"https:\/\/senbera.com\/fi\/tuote\/kengan-paarit\/\" \/>\n<meta property=\"og:locale\" content=\"fi_FI\" \/>\n<meta property=\"og:type\" content=\"article\" \/>\n<meta property=\"og:title\" content=\"Keng\u00e4n paarit - Senbera FI\" \/>\n<meta property=\"og:description\" content=\"Esittelyss\u00e4 Keng\u00e4nvenytt\u00e4j\u00e4 \u2013 Helppo Tie Mukavuuteen Ja T\u00e4ydelliseen Istuvuuteen! Ei en\u00e4\u00e4 tiukkoja kenki\u00e4! Saat t\u00e4ydellisen istuvuuden helposti ja suojaat suosikkiparejasi. [&hellip;]\" \/>\n<meta property=\"og:url\" content=\"https:\/\/senbera.com\/fi\/tuote\/kengan-paarit\/\" \/>\n<meta property=\"og:site_name\" content=\"Senbera FI\" \/>\n<meta property=\"article:modified_time\" content=\"2026-01-16T07:36:31+00:00\" \/>\n<meta name=\"twitter:card\" content=\"summary_large_image\" \/>\n<meta name=\"twitter:label1\" content=\"Arvioitu lukuaika\" \/>\n\t<meta name=\"twitter:data1\" content=\"1 minuutti\" \/>\n<script type=\"application\/ld+json\" class=\"yoast-schema-graph\">{\"@context\":\"https:\/\/schema.org\",\"@graph\":[{\"@type\":\"WebPage\",\"@id\":\"https:\/\/senbera.com\/fi\/tuote\/kengan-paarit\/\",\"url\":\"https:\/\/senbera.com\/fi\/tuote\/kengan-paarit\/\",\"name\":\"Keng\u00e4n paarit - Senbera FI\",\"isPartOf\":{\"@id\":\"https:\/\/senbera.com\/fi\/#website\"},\"primaryImageOfPage\":{\"@id\":\"https:\/\/senbera.com\/fi\/tuote\/kengan-paarit\/#primaryimage\"},\"image\":{\"@id\":\"https:\/\/senbera.com\/fi\/tuote\/kengan-paarit\/#primaryimage\"},\"thumbnailUrl\":\"https:\/\/senbera.com\/fi\/wp-content\/uploads\/sites\/19\/2026\/01\/35c1mbj-1.webp\",\"datePublished\":\"2026-01-16T07:36:24+00:00\",\"dateModified\":\"2026-01-16T07:36:31+00:00\",\"breadcrumb\":{\"@id\":\"https:\/\/senbera.com\/fi\/tuote\/kengan-paarit\/#breadcrumb\"},\"inLanguage\":\"fi\",\"potentialAction\":[{\"@type\":\"ReadAction\",\"target\":[\"https:\/\/senbera.com\/fi\/tuote\/kengan-paarit\/\"]}]},{\"@type\":\"ImageObject\",\"inLanguage\":\"fi\",\"@id\":\"https:\/\/senbera.com\/fi\/tuote\/kengan-paarit\/#primaryimage\",\"url\":\"https:\/\/senbera.com\/fi\/wp-content\/uploads\/sites\/19\/2026\/01\/35c1mbj-1.webp\",\"contentUrl\":\"https:\/\/senbera.com\/fi\/wp-content\/uploads\/sites\/19\/2026\/01\/35c1mbj-1.webp\",\"width\":720,\"height\":720},{\"@type\":\"BreadcrumbList\",\"@id\":\"https:\/\/senbera.com\/fi\/tuote\/kengan-paarit\/#breadcrumb\",\"itemListElement\":[{\"@type\":\"ListItem\",\"position\":1,\"name\":\"Home\",\"item\":\"https:\/\/senbera.com\/fi\/\"},{\"@type\":\"ListItem\",\"position\":2,\"name\":\"Kauppa\",\"item\":\"https:\/\/senbera.com\/fi\/kauppa\/\"},{\"@type\":\"ListItem\",\"position\":3,\"name\":\"Keng\u00e4n paarit\"}]},{\"@type\":\"WebSite\",\"@id\":\"https:\/\/senbera.com\/fi\/#website\",\"url\":\"https:\/\/senbera.com\/fi\/\",\"name\":\"Senbera FI\",\"description\":\"\",\"publisher\":{\"@id\":\"https:\/\/senbera.com\/fi\/#organization\"},\"potentialAction\":[{\"@type\":\"SearchAction\",\"target\":{\"@type\":\"EntryPoint\",\"urlTemplate\":\"https:\/\/senbera.com\/fi\/?s={search_term_string}\"},\"query-input\":{\"@type\":\"PropertyValueSpecification\",\"valueRequired\":true,\"valueName\":\"search_term_string\"}}],\"inLanguage\":\"fi\"},{\"@type\":\"Organization\",\"@id\":\"https:\/\/senbera.com\/fi\/#organization\",\"name\":\"Mekulo\",\"url\":\"https:\/\/senbera.com\/fi\/\",\"logo\":{\"@type\":\"ImageObject\",\"inLanguage\":\"fi\",\"@id\":\"https:\/\/senbera.com\/fi\/#\/schema\/logo\/image\/\",\"url\":\"https:\/\/senbera.com\/fi\/wp-content\/uploads\/sites\/19\/2025\/12\/favicon_mekulo.png\",\"contentUrl\":\"https:\/\/senbera.com\/fi\/wp-content\/uploads\/sites\/19\/2025\/12\/favicon_mekulo.png\",\"width\":50,\"height\":50,\"caption\":\"Mekulo\"},\"image\":{\"@id\":\"https:\/\/senbera.com\/fi\/#\/schema\/logo\/image\/\"}}]}<\/script>\n<!-- \/ Yoast SEO plugin. -->","yoast_head_json":{"title":"Keng\u00e4n paarit - Senbera FI","robots":{"index":"index","follow":"follow","max-snippet":"max-snippet:-1","max-image-preview":"max-image-preview:large","max-video-preview":"max-video-preview:-1"},"canonical":"https:\/\/senbera.com\/fi\/tuote\/kengan-paarit\/","og_locale":"fi_FI","og_type":"article","og_title":"Keng\u00e4n paarit - Senbera FI","og_description":"Esittelyss\u00e4 Keng\u00e4nvenytt\u00e4j\u00e4 \u2013 Helppo Tie Mukavuuteen Ja T\u00e4ydelliseen Istuvuuteen! Ei en\u00e4\u00e4 tiukkoja kenki\u00e4! Saat t\u00e4ydellisen istuvuuden helposti ja suojaat suosikkiparejasi. [&hellip;]","og_url":"https:\/\/senbera.com\/fi\/tuote\/kengan-paarit\/","og_site_name":"Senbera FI","article_modified_time":"2026-01-16T07:36:31+00:00","twitter_card":"summary_large_image","twitter_misc":{"Arvioitu lukuaika":"1 minuutti"},"schema":{"@context":"https:\/\/schema.org","@graph":[{"@type":"WebPage","@id":"https:\/\/senbera.com\/fi\/tuote\/kengan-paarit\/","url":"https:\/\/senbera.com\/fi\/tuote\/kengan-paarit\/","name":"Keng\u00e4n paarit - Senbera FI","isPartOf":{"@id":"https:\/\/senbera.com\/fi\/#website"},"primaryImageOfPage":{"@id":"https:\/\/senbera.com\/fi\/tuote\/kengan-paarit\/#primaryimage"},"image":{"@id":"https:\/\/senbera.com\/fi\/tuote\/kengan-paarit\/#primaryimage"},"thumbnailUrl":"https:\/\/senbera.com\/fi\/wp-content\/uploads\/sites\/19\/2026\/01\/35c1mbj-1.webp","datePublished":"2026-01-16T07:36:24+00:00","dateModified":"2026-01-16T07:36:31+00:00","breadcrumb":{"@id":"https:\/\/senbera.com\/fi\/tuote\/kengan-paarit\/#breadcrumb"},"inLanguage":"fi","potentialAction":[{"@type":"ReadAction","target":["https:\/\/senbera.com\/fi\/tuote\/kengan-paarit\/"]}]},{"@type":"ImageObject","inLanguage":"fi","@id":"https:\/\/senbera.com\/fi\/tuote\/kengan-paarit\/#primaryimage","url":"https:\/\/senbera.com\/fi\/wp-content\/uploads\/sites\/19\/2026\/01\/35c1mbj-1.webp","contentUrl":"https:\/\/senbera.com\/fi\/wp-content\/uploads\/sites\/19\/2026\/01\/35c1mbj-1.webp","width":720,"height":720},{"@type":"BreadcrumbList","@id":"https:\/\/senbera.com\/fi\/tuote\/kengan-paarit\/#breadcrumb","itemListElement":[{"@type":"ListItem","position":1,"name":"Home","item":"https:\/\/senbera.com\/fi\/"},{"@type":"ListItem","position":2,"name":"Kauppa","item":"https:\/\/senbera.com\/fi\/kauppa\/"},{"@type":"ListItem","position":3,"name":"Keng\u00e4n paarit"}]},{"@type":"WebSite","@id":"https:\/\/senbera.com\/fi\/#website","url":"https:\/\/senbera.com\/fi\/","name":"Senbera FI","description":"","publisher":{"@id":"https:\/\/senbera.com\/fi\/#organization"},"potentialAction":[{"@type":"SearchAction","target":{"@type":"EntryPoint","urlTemplate":"https:\/\/senbera.com\/fi\/?s={search_term_string}"},"query-input":{"@type":"PropertyValueSpecification","valueRequired":true,"valueName":"search_term_string"}}],"inLanguage":"fi"},{"@type":"Organization","@id":"https:\/\/senbera.com\/fi\/#organization","name":"Mekulo","url":"https:\/\/senbera.com\/fi\/","logo":{"@type":"ImageObject","inLanguage":"fi","@id":"https:\/\/senbera.com\/fi\/#\/schema\/logo\/image\/","url":"https:\/\/senbera.com\/fi\/wp-content\/uploads\/sites\/19\/2025\/12\/favicon_mekulo.png","contentUrl":"https:\/\/senbera.com\/fi\/wp-content\/uploads\/sites\/19\/2025\/12\/favicon_mekulo.png","width":50,"height":50,"caption":"Mekulo"},"image":{"@id":"https:\/\/senbera.com\/fi\/#\/schema\/logo\/image\/"}}]}},"_links":{"self":[{"href":"https:\/\/senbera.com\/fi\/wp-json\/wp\/v2\/product\/20223","targetHints":{"allow":["GET"]}}],"collection":[{"href":"https:\/\/senbera.com\/fi\/wp-json\/wp\/v2\/product"}],"about":[{"href":"https:\/\/senbera.com\/fi\/wp-json\/wp\/v2\/types\/product"}],"replies":[{"embeddable":true,"href":"https:\/\/senbera.com\/fi\/wp-json\/wp\/v2\/comments?post=20223"}],"wp:featuredmedia":[{"embeddable":true,"href":"https:\/\/senbera.com\/fi\/wp-json\/wp\/v2\/media\/20219"}],"wp:attachment":[{"href":"https:\/\/senbera.com\/fi\/wp-json\/wp\/v2\/media?parent=20223"}],"wp:term":[{"taxonomy":"product_brand","embeddable":true,"href":"https:\/\/senbera.com\/fi\/wp-json\/wp\/v2\/product_brand?post=20223"},{"taxonomy":"product_cat","embeddable":true,"href":"https:\/\/senbera.com\/fi\/wp-json\/wp\/v2\/product_cat?post=20223"},{"taxonomy":"product_tag","embeddable":true,"href":"https:\/\/senbera.com\/fi\/wp-json\/wp\/v2\/product_tag?post=20223"}],"curies":[{"name":"wp","href":"https:\/\/api.w.org\/{rel}","templated":true}]}}