{"id":20116,"date":"2026-01-16T09:27:58","date_gmt":"2026-01-16T07:27:58","guid":{"rendered":"https:\/\/senbera.com\/fi\/tuote\/lelujen-sailytyspussi\/"},"modified":"2026-01-16T09:28:12","modified_gmt":"2026-01-16T07:28:12","slug":"lelujen-sailytyspussi","status":"publish","type":"product","link":"https:\/\/senbera.com\/fi\/tuote\/lelujen-sailytyspussi\/","title":{"rendered":"Lelujen s\u00e4ilytyspussi"},"content":{"rendered":"<p style=\"text-align: center\"><b>Esittelyss\u00e4 lelujen s\u00e4ilytyspussi &#8211; hauska ja helppo tapa pit\u00e4\u00e4 lelut siistin\u00e4 ja valmiina leikki\u00e4 varten!<\/b><\/p>\n<p style=\"text-align: center\">J\u00e4rjest\u00e4 ja leiki samaan aikaan. <b><\/b><span style=\"font-weight: 400\">T\u00e4h\u00e4n \u00e4lykk\u00e4\u00e4seen s\u00e4ilytyspussiin mahtuu paljon leluja, kirjoja ja muuta. Se avautuu my\u00f6s leikkimatoksi! Ei en\u00e4\u00e4 sotkuisia huoneita &#8211; siivoaminen on nopeaa ja helppoa.<\/span><\/p>\n<p><img decoding=\"async\" class=\"alignnone size-full wp-image-16481 aligncenter\" src=\"https:\/\/keluvo.com\/template\/wp-content\/uploads\/sites\/5\/2025\/04\/Toystoragebag-ezgif.com-video-to-webp-converter.webp\" alt=\"\" \/><\/p>\n<h2 style=\"text-align: center\"><strong>T\u00e4rkeimm\u00e4t Edut<\/strong><\/h2>\n<p><span style=\"font-weight: 400\">T\u00e4ysin suuri, jotta siihen mahtuu paljon leluja, palikoita, kirjoja ja askarteluv\u00e4lineit\u00e4<\/span><span style=\"font-weight: 400\"><br \/>\n<\/span><\/p>\n<p><span style=\"font-weight: 400\">Aukeaa leikkimatoksi, johon p\u00e4\u00e4see helposti k\u00e4siksi<\/span><span style=\"font-weight: 400\"><br \/>\n<\/span><\/p>\n<p><span style=\"font-weight: 400\">Kevyt ja kokoontaitettava &#8211; helppo siirt\u00e4\u00e4 ja s\u00e4ilytt\u00e4\u00e4<\/span><span style=\"font-weight: 400\"><br \/>\n<\/span><\/p>\n<p><span style=\"font-weight: 400\">Hauska ja s\u00f6p\u00f6 muotoilu, josta lapset pit\u00e4v\u00e4t<\/span><span style=\"font-weight: 400\"><br \/>\n<\/span><\/p>\n<p><span style=\"font-weight: 400\">Vahva ja pehme\u00e4 kangas, joka kest\u00e4\u00e4 pitk\u00e4\u00e4n<\/span><\/p>\n<p><img decoding=\"async\" class=\"alignnone size-full wp-image-16479 aligncenter\" src=\"https:\/\/keluvo.com\/template\/wp-content\/uploads\/sites\/5\/2025\/04\/S5e2f3ae9d97b49b6a668e0c74a145c46o.jpg_960x960q75.jpg_.jpeg\" alt=\"\" \/><\/p>\n<h2 style=\"text-align: center\"><strong>Kuinka T\u00e4st\u00e4 Tuotteesta On Apua<\/strong><\/h2>\n<p style=\"text-align: center\"><span style=\"font-weight: 400\">Lelujen s\u00e4ilytyspussi tekee siivoamisesta helppoa ja hauskaa. Lapset voivat levitt\u00e4\u00e4 lelunsa matolle, ja kun leikkiaika on ohi, ved\u00e4 se vain yhteen ja s\u00e4ilyt\u00e4 kaikki sekunneissa!<\/span><\/p>\n<h2 style=\"text-align: center\"><strong>Se Sopii T\u00e4ydellisesti<\/strong><\/h2>\n<ul>\n<li style=\"font-weight: 400\"><span style=\"font-weight: 400\">Kiireisille vanhemmille, jotka tarvitsevat nopeita siivousratkaisuja<\/span><span style=\"font-weight: 400\"><br \/>\n<\/span><\/li>\n<li style=\"font-weight: 400\"><span style=\"font-weight: 400\">Lapsille, jotka rakastavat leikkimist\u00e4, mutta eiv\u00e4t siivoamista<\/span><span style=\"font-weight: 400\"><br \/>\n<\/span><\/li>\n<li style=\"font-weight: 400\"><span style=\"font-weight: 400\">Pienet tilat, jotka tarvitsevat organisoitua s\u00e4ilytyst\u00e4<\/span><\/li>\n<\/ul>\n<h2 style=\"text-align: center\"><strong>K\u00e4ytt\u00f6kohteet<\/strong><\/h2>\n<ol>\n<li style=\"font-weight: 400\"><span style=\"font-weight: 400\">Avaa pussi ja levit\u00e4 se maton tapaan.<\/span><span style=\"font-weight: 400\"><br \/>\n<\/span><\/li>\n<li style=\"font-weight: 400\"><span style=\"font-weight: 400\">Anna lasten leikki\u00e4 matolla.<\/span><span style=\"font-weight: 400\"><br \/>\n<\/span><\/li>\n<li style=\"font-weight: 400\"><span style=\"font-weight: 400\">Kun olet valmis leikkim\u00e4\u00e4n, nosta pussi yl\u00f6s ja ved\u00e4 se yhteen s\u00e4ilytt\u00e4\u00e4ksesi sis\u00e4ll\u00e4 olevat lelut.<\/span><\/li>\n<\/ol>\n<h2 style=\"text-align: center\"><strong>Pakkaus Sis\u00e4lt\u00e4\u00e4<\/strong><\/h2>\n<ul>\n<li style=\"font-weight: 400\"><span style=\"font-weight: 400\">1x lelujen s\u00e4ilytyspussi leikkimattoa varten.<\/span><\/li>\n<\/ul>\n","protected":false},"excerpt":{"rendered":"<p>Esittelyss\u00e4 lelujen s\u00e4ilytyspussi &#8211; hauska ja helppo tapa pit\u00e4\u00e4 lelut siistin\u00e4 ja valmiina leikki\u00e4 varten! J\u00e4rjest\u00e4 ja leiki samaan aikaan. [&hellip;]<\/p>\n","protected":false},"featured_media":20112,"comment_status":"open","ping_status":"closed","template":"","meta":{"site-sidebar-layout":"default","site-content-layout":"","ast-site-content-layout":"default","site-content-style":"default","site-sidebar-style":"default","ast-global-header-display":"","ast-banner-title-visibility":"","ast-main-header-display":"","ast-hfb-above-header-display":"","ast-hfb-below-header-display":"","ast-hfb-mobile-header-display":"","site-post-title":"","ast-breadcrumbs-content":"","ast-featured-img":"","footer-sml-layout":"","theme-transparent-header-meta":"default","adv-header-id-meta":"","stick-header-meta":"","header-above-stick-meta":"","header-main-stick-meta":"","header-below-stick-meta":"","astra-migrate-meta-layouts":"set","ast-page-background-enabled":"default","ast-page-background-meta":{"desktop":{"background-color":"var(--ast-global-color-5)","background-image":"","background-repeat":"repeat","background-position":"center center","background-size":"auto","background-attachment":"scroll","background-type":"","background-media":"","overlay-type":"","overlay-color":"","overlay-opacity":"","overlay-gradient":""},"tablet":{"background-color":"","background-image":"","background-repeat":"repeat","background-position":"center center","background-size":"auto","background-attachment":"scroll","background-type":"","background-media":"","overlay-type":"","overlay-color":"","overlay-opacity":"","overlay-gradient":""},"mobile":{"background-color":"","background-image":"","background-repeat":"repeat","background-position":"center center","background-size":"auto","background-attachment":"scroll","background-type":"","background-media":"","overlay-type":"","overlay-color":"","overlay-opacity":"","overlay-gradient":""}},"ast-content-background-meta":{"desktop":{"background-color":"var(--ast-global-color-4)","background-image":"","background-repeat":"repeat","background-position":"center center","background-size":"auto","background-attachment":"scroll","background-type":"","background-media":"","overlay-type":"","overlay-color":"","overlay-opacity":"","overlay-gradient":""},"tablet":{"background-color":"var(--ast-global-color-4)","background-image":"","background-repeat":"repeat","background-position":"center center","background-size":"auto","background-attachment":"scroll","background-type":"","background-media":"","overlay-type":"","overlay-color":"","overlay-opacity":"","overlay-gradient":""},"mobile":{"background-color":"var(--ast-global-color-4)","background-image":"","background-repeat":"repeat","background-position":"center center","background-size":"auto","background-attachment":"scroll","background-type":"","background-media":"","overlay-type":"","overlay-color":"","overlay-opacity":"","overlay-gradient":""}}},"product_brand":[],"product_cat":[15],"product_tag":[],"class_list":{"0":"post-20116","1":"product","2":"type-product","3":"status-publish","4":"has-post-thumbnail","6":"product_cat-luokittelematon","7":"pa_34112_5sdfssf5-elefantti","8":"pa_34112_5sdfssf5-leijona","9":"pa_34112_5sdfssf5-punainen-dinosaurus","10":"pa_34112_5sdfssf5-vihrea-dinosaurus","11":"desktop-align-left","12":"tablet-align-left","13":"mobile-align-left","15":"first","16":"instock","17":"shipping-taxable","18":"purchasable","19":"product-type-variable"},"yoast_head":"<!-- This site is optimized with the Yoast SEO plugin v26.6 - https:\/\/yoast.com\/wordpress\/plugins\/seo\/ -->\n<title>Lelujen s\u00e4ilytyspussi - Senbera FI<\/title>\n<meta name=\"robots\" content=\"index, follow, max-snippet:-1, max-image-preview:large, max-video-preview:-1\" \/>\n<link rel=\"canonical\" href=\"https:\/\/senbera.com\/fi\/tuote\/lelujen-sailytyspussi\/\" \/>\n<meta property=\"og:locale\" content=\"fi_FI\" \/>\n<meta property=\"og:type\" content=\"article\" \/>\n<meta property=\"og:title\" content=\"Lelujen s\u00e4ilytyspussi - Senbera FI\" \/>\n<meta property=\"og:description\" content=\"Esittelyss\u00e4 lelujen s\u00e4ilytyspussi &#8211; hauska ja helppo tapa pit\u00e4\u00e4 lelut siistin\u00e4 ja valmiina leikki\u00e4 varten! J\u00e4rjest\u00e4 ja leiki samaan aikaan. [&hellip;]\" \/>\n<meta property=\"og:url\" content=\"https:\/\/senbera.com\/fi\/tuote\/lelujen-sailytyspussi\/\" \/>\n<meta property=\"og:site_name\" content=\"Senbera FI\" \/>\n<meta property=\"article:modified_time\" content=\"2026-01-16T07:28:12+00:00\" \/>\n<meta name=\"twitter:card\" content=\"summary_large_image\" \/>\n<meta name=\"twitter:label1\" content=\"Arvioitu lukuaika\" \/>\n\t<meta name=\"twitter:data1\" content=\"1 minuutti\" \/>\n<script type=\"application\/ld+json\" class=\"yoast-schema-graph\">{\"@context\":\"https:\/\/schema.org\",\"@graph\":[{\"@type\":\"WebPage\",\"@id\":\"https:\/\/senbera.com\/fi\/tuote\/lelujen-sailytyspussi\/\",\"url\":\"https:\/\/senbera.com\/fi\/tuote\/lelujen-sailytyspussi\/\",\"name\":\"Lelujen s\u00e4ilytyspussi - Senbera FI\",\"isPartOf\":{\"@id\":\"https:\/\/senbera.com\/fi\/#website\"},\"primaryImageOfPage\":{\"@id\":\"https:\/\/senbera.com\/fi\/tuote\/lelujen-sailytyspussi\/#primaryimage\"},\"image\":{\"@id\":\"https:\/\/senbera.com\/fi\/tuote\/lelujen-sailytyspussi\/#primaryimage\"},\"thumbnailUrl\":\"https:\/\/senbera.com\/fi\/wp-content\/uploads\/sites\/19\/2026\/01\/683t7nd-1.jpeg\",\"datePublished\":\"2026-01-16T07:27:58+00:00\",\"dateModified\":\"2026-01-16T07:28:12+00:00\",\"breadcrumb\":{\"@id\":\"https:\/\/senbera.com\/fi\/tuote\/lelujen-sailytyspussi\/#breadcrumb\"},\"inLanguage\":\"fi\",\"potentialAction\":[{\"@type\":\"ReadAction\",\"target\":[\"https:\/\/senbera.com\/fi\/tuote\/lelujen-sailytyspussi\/\"]}]},{\"@type\":\"ImageObject\",\"inLanguage\":\"fi\",\"@id\":\"https:\/\/senbera.com\/fi\/tuote\/lelujen-sailytyspussi\/#primaryimage\",\"url\":\"https:\/\/senbera.com\/fi\/wp-content\/uploads\/sites\/19\/2026\/01\/683t7nd-1.jpeg\",\"contentUrl\":\"https:\/\/senbera.com\/fi\/wp-content\/uploads\/sites\/19\/2026\/01\/683t7nd-1.jpeg\",\"width\":960,\"height\":960},{\"@type\":\"BreadcrumbList\",\"@id\":\"https:\/\/senbera.com\/fi\/tuote\/lelujen-sailytyspussi\/#breadcrumb\",\"itemListElement\":[{\"@type\":\"ListItem\",\"position\":1,\"name\":\"Home\",\"item\":\"https:\/\/senbera.com\/fi\/\"},{\"@type\":\"ListItem\",\"position\":2,\"name\":\"Kauppa\",\"item\":\"https:\/\/senbera.com\/fi\/kauppa\/\"},{\"@type\":\"ListItem\",\"position\":3,\"name\":\"Lelujen s\u00e4ilytyspussi\"}]},{\"@type\":\"WebSite\",\"@id\":\"https:\/\/senbera.com\/fi\/#website\",\"url\":\"https:\/\/senbera.com\/fi\/\",\"name\":\"Senbera FI\",\"description\":\"\",\"publisher\":{\"@id\":\"https:\/\/senbera.com\/fi\/#organization\"},\"potentialAction\":[{\"@type\":\"SearchAction\",\"target\":{\"@type\":\"EntryPoint\",\"urlTemplate\":\"https:\/\/senbera.com\/fi\/?s={search_term_string}\"},\"query-input\":{\"@type\":\"PropertyValueSpecification\",\"valueRequired\":true,\"valueName\":\"search_term_string\"}}],\"inLanguage\":\"fi\"},{\"@type\":\"Organization\",\"@id\":\"https:\/\/senbera.com\/fi\/#organization\",\"name\":\"Mekulo\",\"url\":\"https:\/\/senbera.com\/fi\/\",\"logo\":{\"@type\":\"ImageObject\",\"inLanguage\":\"fi\",\"@id\":\"https:\/\/senbera.com\/fi\/#\/schema\/logo\/image\/\",\"url\":\"https:\/\/senbera.com\/fi\/wp-content\/uploads\/sites\/19\/2025\/12\/favicon_mekulo.png\",\"contentUrl\":\"https:\/\/senbera.com\/fi\/wp-content\/uploads\/sites\/19\/2025\/12\/favicon_mekulo.png\",\"width\":50,\"height\":50,\"caption\":\"Mekulo\"},\"image\":{\"@id\":\"https:\/\/senbera.com\/fi\/#\/schema\/logo\/image\/\"}}]}<\/script>\n<!-- \/ Yoast SEO plugin. -->","yoast_head_json":{"title":"Lelujen s\u00e4ilytyspussi - Senbera FI","robots":{"index":"index","follow":"follow","max-snippet":"max-snippet:-1","max-image-preview":"max-image-preview:large","max-video-preview":"max-video-preview:-1"},"canonical":"https:\/\/senbera.com\/fi\/tuote\/lelujen-sailytyspussi\/","og_locale":"fi_FI","og_type":"article","og_title":"Lelujen s\u00e4ilytyspussi - Senbera FI","og_description":"Esittelyss\u00e4 lelujen s\u00e4ilytyspussi &#8211; hauska ja helppo tapa pit\u00e4\u00e4 lelut siistin\u00e4 ja valmiina leikki\u00e4 varten! J\u00e4rjest\u00e4 ja leiki samaan aikaan. [&hellip;]","og_url":"https:\/\/senbera.com\/fi\/tuote\/lelujen-sailytyspussi\/","og_site_name":"Senbera FI","article_modified_time":"2026-01-16T07:28:12+00:00","twitter_card":"summary_large_image","twitter_misc":{"Arvioitu lukuaika":"1 minuutti"},"schema":{"@context":"https:\/\/schema.org","@graph":[{"@type":"WebPage","@id":"https:\/\/senbera.com\/fi\/tuote\/lelujen-sailytyspussi\/","url":"https:\/\/senbera.com\/fi\/tuote\/lelujen-sailytyspussi\/","name":"Lelujen s\u00e4ilytyspussi - Senbera FI","isPartOf":{"@id":"https:\/\/senbera.com\/fi\/#website"},"primaryImageOfPage":{"@id":"https:\/\/senbera.com\/fi\/tuote\/lelujen-sailytyspussi\/#primaryimage"},"image":{"@id":"https:\/\/senbera.com\/fi\/tuote\/lelujen-sailytyspussi\/#primaryimage"},"thumbnailUrl":"https:\/\/senbera.com\/fi\/wp-content\/uploads\/sites\/19\/2026\/01\/683t7nd-1.jpeg","datePublished":"2026-01-16T07:27:58+00:00","dateModified":"2026-01-16T07:28:12+00:00","breadcrumb":{"@id":"https:\/\/senbera.com\/fi\/tuote\/lelujen-sailytyspussi\/#breadcrumb"},"inLanguage":"fi","potentialAction":[{"@type":"ReadAction","target":["https:\/\/senbera.com\/fi\/tuote\/lelujen-sailytyspussi\/"]}]},{"@type":"ImageObject","inLanguage":"fi","@id":"https:\/\/senbera.com\/fi\/tuote\/lelujen-sailytyspussi\/#primaryimage","url":"https:\/\/senbera.com\/fi\/wp-content\/uploads\/sites\/19\/2026\/01\/683t7nd-1.jpeg","contentUrl":"https:\/\/senbera.com\/fi\/wp-content\/uploads\/sites\/19\/2026\/01\/683t7nd-1.jpeg","width":960,"height":960},{"@type":"BreadcrumbList","@id":"https:\/\/senbera.com\/fi\/tuote\/lelujen-sailytyspussi\/#breadcrumb","itemListElement":[{"@type":"ListItem","position":1,"name":"Home","item":"https:\/\/senbera.com\/fi\/"},{"@type":"ListItem","position":2,"name":"Kauppa","item":"https:\/\/senbera.com\/fi\/kauppa\/"},{"@type":"ListItem","position":3,"name":"Lelujen s\u00e4ilytyspussi"}]},{"@type":"WebSite","@id":"https:\/\/senbera.com\/fi\/#website","url":"https:\/\/senbera.com\/fi\/","name":"Senbera FI","description":"","publisher":{"@id":"https:\/\/senbera.com\/fi\/#organization"},"potentialAction":[{"@type":"SearchAction","target":{"@type":"EntryPoint","urlTemplate":"https:\/\/senbera.com\/fi\/?s={search_term_string}"},"query-input":{"@type":"PropertyValueSpecification","valueRequired":true,"valueName":"search_term_string"}}],"inLanguage":"fi"},{"@type":"Organization","@id":"https:\/\/senbera.com\/fi\/#organization","name":"Mekulo","url":"https:\/\/senbera.com\/fi\/","logo":{"@type":"ImageObject","inLanguage":"fi","@id":"https:\/\/senbera.com\/fi\/#\/schema\/logo\/image\/","url":"https:\/\/senbera.com\/fi\/wp-content\/uploads\/sites\/19\/2025\/12\/favicon_mekulo.png","contentUrl":"https:\/\/senbera.com\/fi\/wp-content\/uploads\/sites\/19\/2025\/12\/favicon_mekulo.png","width":50,"height":50,"caption":"Mekulo"},"image":{"@id":"https:\/\/senbera.com\/fi\/#\/schema\/logo\/image\/"}}]}},"_links":{"self":[{"href":"https:\/\/senbera.com\/fi\/wp-json\/wp\/v2\/product\/20116","targetHints":{"allow":["GET"]}}],"collection":[{"href":"https:\/\/senbera.com\/fi\/wp-json\/wp\/v2\/product"}],"about":[{"href":"https:\/\/senbera.com\/fi\/wp-json\/wp\/v2\/types\/product"}],"replies":[{"embeddable":true,"href":"https:\/\/senbera.com\/fi\/wp-json\/wp\/v2\/comments?post=20116"}],"wp:featuredmedia":[{"embeddable":true,"href":"https:\/\/senbera.com\/fi\/wp-json\/wp\/v2\/media\/20112"}],"wp:attachment":[{"href":"https:\/\/senbera.com\/fi\/wp-json\/wp\/v2\/media?parent=20116"}],"wp:term":[{"taxonomy":"product_brand","embeddable":true,"href":"https:\/\/senbera.com\/fi\/wp-json\/wp\/v2\/product_brand?post=20116"},{"taxonomy":"product_cat","embeddable":true,"href":"https:\/\/senbera.com\/fi\/wp-json\/wp\/v2\/product_cat?post=20116"},{"taxonomy":"product_tag","embeddable":true,"href":"https:\/\/senbera.com\/fi\/wp-json\/wp\/v2\/product_tag?post=20116"}],"curies":[{"name":"wp","href":"https:\/\/api.w.org\/{rel}","templated":true}]}}