{"id":20099,"date":"2026-01-16T09:26:31","date_gmt":"2026-01-16T07:26:31","guid":{"rendered":"https:\/\/senbera.com\/fi\/tuote\/kannettava-pilleri-jarjestaja\/"},"modified":"2026-01-16T09:26:46","modified_gmt":"2026-01-16T07:26:46","slug":"kannettava-pilleri-jarjestaja","status":"publish","type":"product","link":"https:\/\/senbera.com\/fi\/tuote\/kannettava-pilleri-jarjestaja\/","title":{"rendered":"Kannettava pilleri j\u00e4rjest\u00e4j\u00e4"},"content":{"rendered":"<p style=\"text-align: center\"><b>Esittelyss\u00e4 on kannettava pillerij\u00e4rjest\u00e4j\u00e4 &#8211; helppo tapa pit\u00e4\u00e4 l\u00e4\u00e4kkeet turvassa, kuivina ja valmiina koko viikon!<\/b><\/p>\n<p style=\"text-align: center\">Pysy j\u00e4rjestyksess\u00e4 joka p\u00e4iv\u00e4. <span style=\"font-weight: 400\">T\u00e4m\u00e4n \u00e4lykk\u00e4\u00e4n laatikon avulla voit suunnitella ja kuljettaa kaikki pillerisi seitsem\u00e4n p\u00e4iv\u00e4n ajan. Se sopii erinomaisesti kiireisille ihmisille ja senioreille.<\/span><\/p>\n<p><img decoding=\"async\" class=\"alignnone size-full wp-image-16420 aligncenter\" src=\"https:\/\/keluvo.com\/template\/wp-content\/uploads\/sites\/5\/2025\/04\/04301-ezgif.com-video-to-webp-converter.webp\" alt=\"\" \/><\/p>\n<h2 style=\"text-align: center\"><strong>T\u00e4rkeimm\u00e4t Edut<\/strong><\/h2>\n<p><span style=\"font-weight: 400\">Pit\u00e4v\u00e4t pillerit turvassa kosteudelta ja kosteudelta<\/span><\/p>\n<p><span style=\"font-weight: 400\">Suunnittele l\u00e4\u00e4kkeesi koko viikoksi<\/span><span style=\"font-weight: 400\"><br \/>\n<\/span><\/p>\n<p><span style=\"font-weight: 400\">Helppo kuljettaa &#8211; pieni ja kevyt<\/span><span style=\"font-weight: 400\"><br \/>\n<\/span><\/p>\n<p><span style=\"font-weight: 400\">Eritt\u00e4in helppo k\u00e4ytt\u00e4\u00e4, vaikka sinulla olisi ongelmia k\u00e4sien kanssa<\/span><\/p>\n<p><span style=\"font-weight: 400\">Valmistettu turvallisesta, hajuttomasta materiaalista<\/span><\/p>\n<p style=\"text-align: center\"><img decoding=\"async\" class=\"alignnone size-full wp-image-16432\" src=\"https:\/\/keluvo.com\/template\/wp-content\/uploads\/sites\/5\/2025\/04\/Sc83783786fb44e86b5899fbde77a4608y.jpg_960x960q75.jpg_.jpeg\" alt=\"\" \/><\/p>\n<h2 style=\"text-align: center\"><strong>Miten T\u00e4m\u00e4 Tuote Auttaa Sinua<\/strong><\/h2>\n<p style=\"text-align: center\"><span style=\"font-weight: 400\">T\u00e4m\u00e4n pillerij\u00e4rjestelij\u00e4n avulla tied\u00e4t aina, milloin ja mit\u00e4 ottaa. Ei en\u00e4\u00e4 unohtuneita annoksia! Ei en\u00e4\u00e4 monien pullojen kantamista. Tunnet olosi j\u00e4rjest\u00e4ytyneemm\u00e4ksi ja v\u00e4hemm\u00e4n stressaantuneeksi.<\/span><\/p>\n<h2 style=\"text-align: center\"><strong>Se Sopii Erinomaisesti<\/strong><\/h2>\n<ul>\n<li style=\"font-weight: 400\"><span style=\"font-weight: 400\">Senioreille, jotka tarvitsevat p\u00e4ivitt\u00e4isi\u00e4 l\u00e4\u00e4kkeit\u00e4<\/span><span style=\"font-weight: 400\"><br \/>\n<\/span><\/li>\n<li style=\"font-weight: 400\"><span style=\"font-weight: 400\">Kiireille ihmisille, jotka ovat liikkeell\u00e4<\/span><span style=\"font-weight: 400\"><br \/>\n<\/span><\/li>\n<li style=\"font-weight: 400\"><span style=\"font-weight: 400\">Matkoilla ja jokap\u00e4iv\u00e4isess\u00e4 k\u00e4yt\u00f6ss\u00e4<\/span><\/li>\n<\/ul>\n<h2 style=\"text-align: center\"><strong>K\u00e4ytt\u00f6kohteet<\/strong><\/h2>\n<ol>\n<li style=\"font-weight: 400\"><span style=\"font-weight: 400\">Avaa kukin kansi ja laita pillerit sis\u00e4lle jokaista p\u00e4iv\u00e4\u00e4 varten.<\/span><span style=\"font-weight: 400\"><br \/>\n<\/span><\/li>\n<li style=\"font-weight: 400\"><span style=\"font-weight: 400\">Sulje kannet tiiviisti, jotta pillerit pysyv\u00e4t kuivina ja turvallisina.<\/span><span style=\"font-weight: 400\"><br \/>\n<\/span><\/li>\n<li style=\"font-weight: 400\"><span style=\"font-weight: 400\">Ota pillerisi oikeasta osiosta joka p\u00e4iv\u00e4.<\/span><\/li>\n<\/ol>\n<h2 style=\"text-align: center\"><strong>Pakkaus Sis\u00e4lt\u00e4\u00e4<\/strong><\/h2>\n<ul>\n<li style=\"font-weight: 400\"><span style=\"font-weight: 400\">1x kannettava pillerilaatikko.<\/span><\/li>\n<\/ul>\n<p>&nbsp;<\/p>\n","protected":false},"excerpt":{"rendered":"<p>Esittelyss\u00e4 on kannettava pillerij\u00e4rjest\u00e4j\u00e4 &#8211; helppo tapa pit\u00e4\u00e4 l\u00e4\u00e4kkeet turvassa, kuivina ja valmiina koko viikon! Pysy j\u00e4rjestyksess\u00e4 joka p\u00e4iv\u00e4. T\u00e4m\u00e4n [&hellip;]<\/p>\n","protected":false},"featured_media":20095,"comment_status":"open","ping_status":"closed","template":"","meta":{"site-sidebar-layout":"default","site-content-layout":"","ast-site-content-layout":"default","site-content-style":"default","site-sidebar-style":"default","ast-global-header-display":"","ast-banner-title-visibility":"","ast-main-header-display":"","ast-hfb-above-header-display":"","ast-hfb-below-header-display":"","ast-hfb-mobile-header-display":"","site-post-title":"","ast-breadcrumbs-content":"","ast-featured-img":"","footer-sml-layout":"","ast-disable-related-posts":"","theme-transparent-header-meta":"default","adv-header-id-meta":"","stick-header-meta":"","header-above-stick-meta":"","header-main-stick-meta":"","header-below-stick-meta":"","astra-migrate-meta-layouts":"set","ast-page-background-enabled":"default","ast-page-background-meta":{"desktop":{"background-color":"var(--ast-global-color-5)","background-image":"","background-repeat":"repeat","background-position":"center center","background-size":"auto","background-attachment":"scroll","background-type":"","background-media":"","overlay-type":"","overlay-color":"","overlay-opacity":"","overlay-gradient":""},"tablet":{"background-color":"","background-image":"","background-repeat":"repeat","background-position":"center center","background-size":"auto","background-attachment":"scroll","background-type":"","background-media":"","overlay-type":"","overlay-color":"","overlay-opacity":"","overlay-gradient":""},"mobile":{"background-color":"","background-image":"","background-repeat":"repeat","background-position":"center center","background-size":"auto","background-attachment":"scroll","background-type":"","background-media":"","overlay-type":"","overlay-color":"","overlay-opacity":"","overlay-gradient":""}},"ast-content-background-meta":{"desktop":{"background-color":"var(--ast-global-color-4)","background-image":"","background-repeat":"repeat","background-position":"center center","background-size":"auto","background-attachment":"scroll","background-type":"","background-media":"","overlay-type":"","overlay-color":"","overlay-opacity":"","overlay-gradient":""},"tablet":{"background-color":"var(--ast-global-color-4)","background-image":"","background-repeat":"repeat","background-position":"center center","background-size":"auto","background-attachment":"scroll","background-type":"","background-media":"","overlay-type":"","overlay-color":"","overlay-opacity":"","overlay-gradient":""},"mobile":{"background-color":"var(--ast-global-color-4)","background-image":"","background-repeat":"repeat","background-position":"center center","background-size":"auto","background-attachment":"scroll","background-type":"","background-media":"","overlay-type":"","overlay-color":"","overlay-opacity":"","overlay-gradient":""}}},"product_brand":[],"product_cat":[15],"product_tag":[],"class_list":{"0":"post-20099","1":"product","2":"type-product","3":"status-publish","4":"has-post-thumbnail","6":"product_cat-luokittelematon","7":"pa_32083_4pvj4m0i-musta","8":"pa_32083_4pvj4m0i-valkoinen","9":"pa_32083_vz4jx76b-nelio","10":"pa_32083_vz4jx76b-suorakulmio","11":"desktop-align-left","12":"tablet-align-left","13":"mobile-align-left","15":"first","16":"instock","17":"shipping-taxable","18":"purchasable","19":"product-type-variable","20":"has-default-attributes"},"yoast_head":"<!-- This site is optimized with the Yoast SEO plugin v27.4 - https:\/\/yoast.com\/product\/yoast-seo-wordpress\/ -->\n<title>Kannettava pilleri j\u00e4rjest\u00e4j\u00e4 - Senbera FI<\/title>\n<meta name=\"robots\" content=\"index, follow, max-snippet:-1, max-image-preview:large, max-video-preview:-1\" \/>\n<link rel=\"canonical\" href=\"https:\/\/senbera.com\/fi\/tuote\/kannettava-pilleri-jarjestaja\/\" \/>\n<meta property=\"og:locale\" content=\"fi_FI\" \/>\n<meta property=\"og:type\" content=\"article\" \/>\n<meta property=\"og:title\" content=\"Kannettava pilleri j\u00e4rjest\u00e4j\u00e4 - Senbera FI\" \/>\n<meta property=\"og:description\" content=\"Esittelyss\u00e4 on kannettava pillerij\u00e4rjest\u00e4j\u00e4 &#8211; helppo tapa pit\u00e4\u00e4 l\u00e4\u00e4kkeet turvassa, kuivina ja valmiina koko viikon! Pysy j\u00e4rjestyksess\u00e4 joka p\u00e4iv\u00e4. T\u00e4m\u00e4n [&hellip;]\" \/>\n<meta property=\"og:url\" content=\"https:\/\/senbera.com\/fi\/tuote\/kannettava-pilleri-jarjestaja\/\" \/>\n<meta property=\"og:site_name\" content=\"Senbera FI\" \/>\n<meta property=\"article:modified_time\" content=\"2026-01-16T07:26:46+00:00\" \/>\n<meta property=\"og:image\" content=\"https:\/\/senbera.com\/fi\/wp-content\/uploads\/sites\/19\/2026\/01\/xcv0bbi-1.jpeg\" \/>\n\t<meta property=\"og:image:width\" content=\"850\" \/>\n\t<meta property=\"og:image:height\" content=\"850\" \/>\n\t<meta property=\"og:image:type\" content=\"image\/jpeg\" \/>\n<meta name=\"twitter:card\" content=\"summary_large_image\" \/>\n<meta name=\"twitter:label1\" content=\"Arvioitu lukuaika\" \/>\n\t<meta name=\"twitter:data1\" content=\"2 minuuttia\" \/>\n<script type=\"application\/ld+json\" class=\"yoast-schema-graph\">{\"@context\":\"https:\\\/\\\/schema.org\",\"@graph\":[{\"@type\":\"WebPage\",\"@id\":\"https:\\\/\\\/senbera.com\\\/fi\\\/tuote\\\/kannettava-pilleri-jarjestaja\\\/\",\"url\":\"https:\\\/\\\/senbera.com\\\/fi\\\/tuote\\\/kannettava-pilleri-jarjestaja\\\/\",\"name\":\"Kannettava pilleri j\u00e4rjest\u00e4j\u00e4 - Senbera FI\",\"isPartOf\":{\"@id\":\"https:\\\/\\\/senbera.com\\\/fi\\\/#website\"},\"primaryImageOfPage\":{\"@id\":\"https:\\\/\\\/senbera.com\\\/fi\\\/tuote\\\/kannettava-pilleri-jarjestaja\\\/#primaryimage\"},\"image\":{\"@id\":\"https:\\\/\\\/senbera.com\\\/fi\\\/tuote\\\/kannettava-pilleri-jarjestaja\\\/#primaryimage\"},\"thumbnailUrl\":\"https:\\\/\\\/senbera.com\\\/fi\\\/wp-content\\\/uploads\\\/sites\\\/19\\\/2026\\\/01\\\/xcv0bbi-1.jpeg\",\"datePublished\":\"2026-01-16T07:26:31+00:00\",\"dateModified\":\"2026-01-16T07:26:46+00:00\",\"breadcrumb\":{\"@id\":\"https:\\\/\\\/senbera.com\\\/fi\\\/tuote\\\/kannettava-pilleri-jarjestaja\\\/#breadcrumb\"},\"inLanguage\":\"fi\",\"potentialAction\":[{\"@type\":\"ReadAction\",\"target\":[\"https:\\\/\\\/senbera.com\\\/fi\\\/tuote\\\/kannettava-pilleri-jarjestaja\\\/\"]}]},{\"@type\":\"ImageObject\",\"inLanguage\":\"fi\",\"@id\":\"https:\\\/\\\/senbera.com\\\/fi\\\/tuote\\\/kannettava-pilleri-jarjestaja\\\/#primaryimage\",\"url\":\"https:\\\/\\\/senbera.com\\\/fi\\\/wp-content\\\/uploads\\\/sites\\\/19\\\/2026\\\/01\\\/xcv0bbi-1.jpeg\",\"contentUrl\":\"https:\\\/\\\/senbera.com\\\/fi\\\/wp-content\\\/uploads\\\/sites\\\/19\\\/2026\\\/01\\\/xcv0bbi-1.jpeg\",\"width\":850,\"height\":850},{\"@type\":\"BreadcrumbList\",\"@id\":\"https:\\\/\\\/senbera.com\\\/fi\\\/tuote\\\/kannettava-pilleri-jarjestaja\\\/#breadcrumb\",\"itemListElement\":[{\"@type\":\"ListItem\",\"position\":1,\"name\":\"Home\",\"item\":\"https:\\\/\\\/senbera.com\\\/fi\\\/\"},{\"@type\":\"ListItem\",\"position\":2,\"name\":\"Kauppa\",\"item\":\"https:\\\/\\\/senbera.com\\\/fi\\\/kauppa\\\/\"},{\"@type\":\"ListItem\",\"position\":3,\"name\":\"Kannettava pilleri j\u00e4rjest\u00e4j\u00e4\"}]},{\"@type\":\"WebSite\",\"@id\":\"https:\\\/\\\/senbera.com\\\/fi\\\/#website\",\"url\":\"https:\\\/\\\/senbera.com\\\/fi\\\/\",\"name\":\"Senbera FI\",\"description\":\"\",\"publisher\":{\"@id\":\"https:\\\/\\\/senbera.com\\\/fi\\\/#organization\"},\"potentialAction\":[{\"@type\":\"SearchAction\",\"target\":{\"@type\":\"EntryPoint\",\"urlTemplate\":\"https:\\\/\\\/senbera.com\\\/fi\\\/?s={search_term_string}\"},\"query-input\":{\"@type\":\"PropertyValueSpecification\",\"valueRequired\":true,\"valueName\":\"search_term_string\"}}],\"inLanguage\":\"fi\"},{\"@type\":\"Organization\",\"@id\":\"https:\\\/\\\/senbera.com\\\/fi\\\/#organization\",\"name\":\"Mekulo\",\"url\":\"https:\\\/\\\/senbera.com\\\/fi\\\/\",\"logo\":{\"@type\":\"ImageObject\",\"inLanguage\":\"fi\",\"@id\":\"https:\\\/\\\/senbera.com\\\/fi\\\/#\\\/schema\\\/logo\\\/image\\\/\",\"url\":\"https:\\\/\\\/senbera.com\\\/fi\\\/wp-content\\\/uploads\\\/sites\\\/19\\\/2025\\\/12\\\/favicon_mekulo.png\",\"contentUrl\":\"https:\\\/\\\/senbera.com\\\/fi\\\/wp-content\\\/uploads\\\/sites\\\/19\\\/2025\\\/12\\\/favicon_mekulo.png\",\"width\":50,\"height\":50,\"caption\":\"Mekulo\"},\"image\":{\"@id\":\"https:\\\/\\\/senbera.com\\\/fi\\\/#\\\/schema\\\/logo\\\/image\\\/\"}}]}<\/script>\n<!-- \/ Yoast SEO plugin. -->","yoast_head_json":{"title":"Kannettava pilleri j\u00e4rjest\u00e4j\u00e4 - Senbera FI","robots":{"index":"index","follow":"follow","max-snippet":"max-snippet:-1","max-image-preview":"max-image-preview:large","max-video-preview":"max-video-preview:-1"},"canonical":"https:\/\/senbera.com\/fi\/tuote\/kannettava-pilleri-jarjestaja\/","og_locale":"fi_FI","og_type":"article","og_title":"Kannettava pilleri j\u00e4rjest\u00e4j\u00e4 - Senbera FI","og_description":"Esittelyss\u00e4 on kannettava pillerij\u00e4rjest\u00e4j\u00e4 &#8211; helppo tapa pit\u00e4\u00e4 l\u00e4\u00e4kkeet turvassa, kuivina ja valmiina koko viikon! Pysy j\u00e4rjestyksess\u00e4 joka p\u00e4iv\u00e4. T\u00e4m\u00e4n [&hellip;]","og_url":"https:\/\/senbera.com\/fi\/tuote\/kannettava-pilleri-jarjestaja\/","og_site_name":"Senbera FI","article_modified_time":"2026-01-16T07:26:46+00:00","og_image":[{"width":850,"height":850,"url":"https:\/\/senbera.com\/fi\/wp-content\/uploads\/sites\/19\/2026\/01\/xcv0bbi-1.jpeg","type":"image\/jpeg"}],"twitter_card":"summary_large_image","twitter_misc":{"Arvioitu lukuaika":"2 minuuttia"},"schema":{"@context":"https:\/\/schema.org","@graph":[{"@type":"WebPage","@id":"https:\/\/senbera.com\/fi\/tuote\/kannettava-pilleri-jarjestaja\/","url":"https:\/\/senbera.com\/fi\/tuote\/kannettava-pilleri-jarjestaja\/","name":"Kannettava pilleri j\u00e4rjest\u00e4j\u00e4 - Senbera FI","isPartOf":{"@id":"https:\/\/senbera.com\/fi\/#website"},"primaryImageOfPage":{"@id":"https:\/\/senbera.com\/fi\/tuote\/kannettava-pilleri-jarjestaja\/#primaryimage"},"image":{"@id":"https:\/\/senbera.com\/fi\/tuote\/kannettava-pilleri-jarjestaja\/#primaryimage"},"thumbnailUrl":"https:\/\/senbera.com\/fi\/wp-content\/uploads\/sites\/19\/2026\/01\/xcv0bbi-1.jpeg","datePublished":"2026-01-16T07:26:31+00:00","dateModified":"2026-01-16T07:26:46+00:00","breadcrumb":{"@id":"https:\/\/senbera.com\/fi\/tuote\/kannettava-pilleri-jarjestaja\/#breadcrumb"},"inLanguage":"fi","potentialAction":[{"@type":"ReadAction","target":["https:\/\/senbera.com\/fi\/tuote\/kannettava-pilleri-jarjestaja\/"]}]},{"@type":"ImageObject","inLanguage":"fi","@id":"https:\/\/senbera.com\/fi\/tuote\/kannettava-pilleri-jarjestaja\/#primaryimage","url":"https:\/\/senbera.com\/fi\/wp-content\/uploads\/sites\/19\/2026\/01\/xcv0bbi-1.jpeg","contentUrl":"https:\/\/senbera.com\/fi\/wp-content\/uploads\/sites\/19\/2026\/01\/xcv0bbi-1.jpeg","width":850,"height":850},{"@type":"BreadcrumbList","@id":"https:\/\/senbera.com\/fi\/tuote\/kannettava-pilleri-jarjestaja\/#breadcrumb","itemListElement":[{"@type":"ListItem","position":1,"name":"Home","item":"https:\/\/senbera.com\/fi\/"},{"@type":"ListItem","position":2,"name":"Kauppa","item":"https:\/\/senbera.com\/fi\/kauppa\/"},{"@type":"ListItem","position":3,"name":"Kannettava pilleri j\u00e4rjest\u00e4j\u00e4"}]},{"@type":"WebSite","@id":"https:\/\/senbera.com\/fi\/#website","url":"https:\/\/senbera.com\/fi\/","name":"Senbera FI","description":"","publisher":{"@id":"https:\/\/senbera.com\/fi\/#organization"},"potentialAction":[{"@type":"SearchAction","target":{"@type":"EntryPoint","urlTemplate":"https:\/\/senbera.com\/fi\/?s={search_term_string}"},"query-input":{"@type":"PropertyValueSpecification","valueRequired":true,"valueName":"search_term_string"}}],"inLanguage":"fi"},{"@type":"Organization","@id":"https:\/\/senbera.com\/fi\/#organization","name":"Mekulo","url":"https:\/\/senbera.com\/fi\/","logo":{"@type":"ImageObject","inLanguage":"fi","@id":"https:\/\/senbera.com\/fi\/#\/schema\/logo\/image\/","url":"https:\/\/senbera.com\/fi\/wp-content\/uploads\/sites\/19\/2025\/12\/favicon_mekulo.png","contentUrl":"https:\/\/senbera.com\/fi\/wp-content\/uploads\/sites\/19\/2025\/12\/favicon_mekulo.png","width":50,"height":50,"caption":"Mekulo"},"image":{"@id":"https:\/\/senbera.com\/fi\/#\/schema\/logo\/image\/"}}]}},"_links":{"self":[{"href":"https:\/\/senbera.com\/fi\/wp-json\/wp\/v2\/product\/20099","targetHints":{"allow":["GET"]}}],"collection":[{"href":"https:\/\/senbera.com\/fi\/wp-json\/wp\/v2\/product"}],"about":[{"href":"https:\/\/senbera.com\/fi\/wp-json\/wp\/v2\/types\/product"}],"replies":[{"embeddable":true,"href":"https:\/\/senbera.com\/fi\/wp-json\/wp\/v2\/comments?post=20099"}],"wp:featuredmedia":[{"embeddable":true,"href":"https:\/\/senbera.com\/fi\/wp-json\/wp\/v2\/media\/20095"}],"wp:attachment":[{"href":"https:\/\/senbera.com\/fi\/wp-json\/wp\/v2\/media?parent=20099"}],"wp:term":[{"taxonomy":"product_brand","embeddable":true,"href":"https:\/\/senbera.com\/fi\/wp-json\/wp\/v2\/product_brand?post=20099"},{"taxonomy":"product_cat","embeddable":true,"href":"https:\/\/senbera.com\/fi\/wp-json\/wp\/v2\/product_cat?post=20099"},{"taxonomy":"product_tag","embeddable":true,"href":"https:\/\/senbera.com\/fi\/wp-json\/wp\/v2\/product_tag?post=20099"}],"curies":[{"name":"wp","href":"https:\/\/api.w.org\/{rel}","templated":true}]}}