{"id":20042,"date":"2026-01-16T09:23:51","date_gmt":"2026-01-16T07:23:51","guid":{"rendered":"https:\/\/senbera.com\/fi\/tuote\/leirintaalueen-koysi\/"},"modified":"2026-01-16T09:25:24","modified_gmt":"2026-01-16T07:25:24","slug":"leirintaalueen-koysi","status":"publish","type":"product","link":"https:\/\/senbera.com\/fi\/tuote\/leirintaalueen-koysi\/","title":{"rendered":"Leirint\u00e4alueen k\u00f6ysi"},"content":{"rendered":"<p style=\"text-align: center\"><b>Esittelyss\u00e4 retkeilyk\u00f6ysi &#8211; vahva ja turvallinen ulkoiluapulainen!<\/b><\/p>\n<p style=\"text-align: center\"><span style=\"font-weight: 400\">Kiinnit\u00e4 varusteesi nopeasti ja helposti.<\/span><\/p>\n<p><img decoding=\"async\" class=\"alignnone size-full wp-image-16540 aligncenter\" src=\"https:\/\/keluvo.com\/template\/wp-content\/uploads\/sites\/5\/2025\/04\/CampingRope-ezgif.com-video-to-webp-converter.webp\" alt=\"\" \/><\/p>\n<h2 style=\"text-align: center\"><strong>T\u00e4rkeimm\u00e4t Edut<\/strong><\/h2>\n<p>\u2705 Supervahva ja heijastava &#8211; Paksu k\u00f6ysi, joka loistaa y\u00f6ll\u00e4, jotta et kompastu<\/p>\n<p>\u2705 Helppo kirist\u00e4\u00e4 &#8211; Ved\u00e4 vain k\u00f6ydest\u00e4 ja se pysyy paikoillaan<\/p>\n<p>\u2705 Nopea irrottaa &#8211; Toggle twist -muotoilun avulla voit s\u00e4\u00e4t\u00e4\u00e4 sen sekunneissa<\/p>\n<p>\u2705 Eritt\u00e4in turvallinen &#8211; Mukana 2 kantavaa solkea, jotka pit\u00e4v\u00e4t lujasti my\u00f6s kovassa tuulessa<\/p>\n<p>\u2705 T\u00e4ydellinen ulkoiluun &#8211; Sopii erinomaisesti teltoille, retkeilyvarusteille, riippumatoille ja muulle<\/p>\n<p><img decoding=\"async\" class=\"alignnone size-full wp-image-16511 aligncenter\" src=\"https:\/\/keluvo.com\/template\/wp-content\/uploads\/sites\/5\/2025\/04\/Sfc93bb92a2b1470ab06f093d51cd4576h.jpg_960x960q75.jpg_.jpeg\" alt=\"\" \/><\/p>\n<h2 style=\"text-align: center\"><strong>Eritt\u00e4in Vahva!<\/strong><\/h2>\n<p style=\"text-align: center\"><span style=\"font-weight: 400\">Retkik\u00f6ysi antaa sinulle voimaa ja turvallisuutta minne ikin\u00e4 menetkin. Kest\u00e4v\u00e4st\u00e4 nailonista ja vahvasta alumiiniseoksesta valmistettu k\u00f6ysi sopii t\u00e4ydellisesti teltan kiinnitt\u00e4miseen, valojen ripustamiseen, pressujen pystytt\u00e4miseen ja varusteidesi pit\u00e4miseen turvassa. Se on helppo asentaa ja purkaa, ja se loistaa kirkkaana y\u00f6ll\u00e4 pit\u00e4\u00e4kseen sinut turvassa. Olitpa sitten patikoimassa, retkeilem\u00e4ss\u00e4 tai pit\u00e4m\u00e4ss\u00e4 hauskaa takapihalla, t\u00e4m\u00e4 k\u00f6ysi on pakollinen tarvike!<\/span><\/p>\n<h2 style=\"text-align: center\"><strong>Kuinka K\u00e4ytt\u00e4\u00e4<\/strong><\/h2>\n<ol>\n<li style=\"font-weight: 400\"><span style=\"font-weight: 400\">Koukista solki telttaan, pressuun tai varusteisiin.<\/span><span style=\"font-weight: 400\"><br \/>\n<\/span><\/li>\n<li style=\"font-weight: 400\"><span style=\"font-weight: 400\">Ved\u00e4 k\u00f6ytt\u00e4 kevyesti kirist\u00e4\u00e4ksesi sit\u00e4.<\/span><span style=\"font-weight: 400\"><br \/>\n<\/span><\/li>\n<li style=\"font-weight: 400\"><span style=\"font-weight: 400\">Vapauta tai s\u00e4\u00e4d\u00e4 se tarvittaessa v\u00e4\u00e4nt\u00f6kytkimell\u00e4.<\/span><span style=\"font-weight: 400\"><br \/>\n<\/span><\/li>\n<li style=\"font-weight: 400\"><span style=\"font-weight: 400\">Nauti turvallisesta ja varmasta asennuksesta vain muutamassa sekunnissa!<\/span><\/li>\n<\/ol>\n<h2 style=\"text-align: center\"><strong>Pakkaus Sis\u00e4lt\u00e4\u00e4<\/strong><\/h2>\n<ul>\n<li style=\"font-weight: 400\"><span style=\"font-weight: 400\">1, 2, 4x retkeilyk\u00f6yden<\/span><span style=\"font-weight: 400\"><br \/>\n<\/span><\/li>\n<li style=\"font-weight: 400\"><span style=\"font-weight: 400\">2, 4, 8x kuormitusta kest\u00e4v\u00e4t soljet.<\/span><\/li>\n<\/ul>\n<p>&nbsp;<\/p>\n","protected":false},"excerpt":{"rendered":"<p>Esittelyss\u00e4 retkeilyk\u00f6ysi &#8211; vahva ja turvallinen ulkoiluapulainen! Kiinnit\u00e4 varusteesi nopeasti ja helposti. T\u00e4rkeimm\u00e4t Edut \u2705 Supervahva ja heijastava &#8211; Paksu [&hellip;]<\/p>\n","protected":false},"featured_media":20038,"comment_status":"open","ping_status":"closed","template":"","meta":{"site-sidebar-layout":"default","site-content-layout":"","ast-site-content-layout":"default","site-content-style":"default","site-sidebar-style":"default","ast-global-header-display":"","ast-banner-title-visibility":"","ast-main-header-display":"","ast-hfb-above-header-display":"","ast-hfb-below-header-display":"","ast-hfb-mobile-header-display":"","site-post-title":"","ast-breadcrumbs-content":"","ast-featured-img":"","footer-sml-layout":"","theme-transparent-header-meta":"default","adv-header-id-meta":"","stick-header-meta":"","header-above-stick-meta":"","header-main-stick-meta":"","header-below-stick-meta":"","astra-migrate-meta-layouts":"set","ast-page-background-enabled":"default","ast-page-background-meta":{"desktop":{"background-color":"var(--ast-global-color-5)","background-image":"","background-repeat":"repeat","background-position":"center center","background-size":"auto","background-attachment":"scroll","background-type":"","background-media":"","overlay-type":"","overlay-color":"","overlay-opacity":"","overlay-gradient":""},"tablet":{"background-color":"","background-image":"","background-repeat":"repeat","background-position":"center center","background-size":"auto","background-attachment":"scroll","background-type":"","background-media":"","overlay-type":"","overlay-color":"","overlay-opacity":"","overlay-gradient":""},"mobile":{"background-color":"","background-image":"","background-repeat":"repeat","background-position":"center center","background-size":"auto","background-attachment":"scroll","background-type":"","background-media":"","overlay-type":"","overlay-color":"","overlay-opacity":"","overlay-gradient":""}},"ast-content-background-meta":{"desktop":{"background-color":"var(--ast-global-color-4)","background-image":"","background-repeat":"repeat","background-position":"center center","background-size":"auto","background-attachment":"scroll","background-type":"","background-media":"","overlay-type":"","overlay-color":"","overlay-opacity":"","overlay-gradient":""},"tablet":{"background-color":"var(--ast-global-color-4)","background-image":"","background-repeat":"repeat","background-position":"center center","background-size":"auto","background-attachment":"scroll","background-type":"","background-media":"","overlay-type":"","overlay-color":"","overlay-opacity":"","overlay-gradient":""},"mobile":{"background-color":"var(--ast-global-color-4)","background-image":"","background-repeat":"repeat","background-position":"center center","background-size":"auto","background-attachment":"scroll","background-type":"","background-media":"","overlay-type":"","overlay-color":"","overlay-opacity":"","overlay-gradient":""}}},"product_brand":[],"product_cat":[15],"product_tag":[],"class_list":{"0":"post-20042","1":"product","2":"type-product","3":"status-publish","4":"has-post-thumbnail","6":"product_cat-luokittelematon","7":"pa_30366_dufex162-musta","8":"pa_30366_dufex162-oranssi","9":"pa_30366_dufex162-punainen","10":"pa_30366_dufex162-vihrea","11":"pa_30366_f4felmo6-4m","12":"pa_30366_f4felmo6-5m","13":"pa_30366_jxyf11bs-1-kpl","14":"pa_30366_jxyf11bs-2-kpl","15":"pa_30366_jxyf11bs-4-kpl","16":"desktop-align-left","17":"tablet-align-left","18":"mobile-align-left","20":"first","21":"instock","22":"shipping-taxable","23":"purchasable","24":"product-type-variable","25":"has-default-attributes"},"yoast_head":"<!-- This site is optimized with the Yoast SEO plugin v26.6 - https:\/\/yoast.com\/wordpress\/plugins\/seo\/ -->\n<title>Leirint\u00e4alueen k\u00f6ysi - Senbera FI<\/title>\n<meta name=\"robots\" content=\"index, follow, max-snippet:-1, max-image-preview:large, max-video-preview:-1\" \/>\n<link rel=\"canonical\" href=\"https:\/\/senbera.com\/fi\/tuote\/leirintaalueen-koysi\/\" \/>\n<meta property=\"og:locale\" content=\"fi_FI\" \/>\n<meta property=\"og:type\" content=\"article\" \/>\n<meta property=\"og:title\" content=\"Leirint\u00e4alueen k\u00f6ysi - Senbera FI\" \/>\n<meta property=\"og:description\" content=\"Esittelyss\u00e4 retkeilyk\u00f6ysi &#8211; vahva ja turvallinen ulkoiluapulainen! Kiinnit\u00e4 varusteesi nopeasti ja helposti. T\u00e4rkeimm\u00e4t Edut \u2705 Supervahva ja heijastava &#8211; Paksu [&hellip;]\" \/>\n<meta property=\"og:url\" content=\"https:\/\/senbera.com\/fi\/tuote\/leirintaalueen-koysi\/\" \/>\n<meta property=\"og:site_name\" content=\"Senbera FI\" \/>\n<meta property=\"article:modified_time\" content=\"2026-01-16T07:25:24+00:00\" \/>\n<meta name=\"twitter:card\" content=\"summary_large_image\" \/>\n<meta name=\"twitter:label1\" content=\"Arvioitu lukuaika\" \/>\n\t<meta name=\"twitter:data1\" content=\"1 minuutti\" \/>\n<script type=\"application\/ld+json\" class=\"yoast-schema-graph\">{\"@context\":\"https:\/\/schema.org\",\"@graph\":[{\"@type\":\"WebPage\",\"@id\":\"https:\/\/senbera.com\/fi\/tuote\/leirintaalueen-koysi\/\",\"url\":\"https:\/\/senbera.com\/fi\/tuote\/leirintaalueen-koysi\/\",\"name\":\"Leirint\u00e4alueen k\u00f6ysi - Senbera FI\",\"isPartOf\":{\"@id\":\"https:\/\/senbera.com\/fi\/#website\"},\"primaryImageOfPage\":{\"@id\":\"https:\/\/senbera.com\/fi\/tuote\/leirintaalueen-koysi\/#primaryimage\"},\"image\":{\"@id\":\"https:\/\/senbera.com\/fi\/tuote\/leirintaalueen-koysi\/#primaryimage\"},\"thumbnailUrl\":\"https:\/\/senbera.com\/fi\/wp-content\/uploads\/sites\/19\/2026\/01\/b4a1iw5-1.jpg\",\"datePublished\":\"2026-01-16T07:23:51+00:00\",\"dateModified\":\"2026-01-16T07:25:24+00:00\",\"breadcrumb\":{\"@id\":\"https:\/\/senbera.com\/fi\/tuote\/leirintaalueen-koysi\/#breadcrumb\"},\"inLanguage\":\"fi\",\"potentialAction\":[{\"@type\":\"ReadAction\",\"target\":[\"https:\/\/senbera.com\/fi\/tuote\/leirintaalueen-koysi\/\"]}]},{\"@type\":\"ImageObject\",\"inLanguage\":\"fi\",\"@id\":\"https:\/\/senbera.com\/fi\/tuote\/leirintaalueen-koysi\/#primaryimage\",\"url\":\"https:\/\/senbera.com\/fi\/wp-content\/uploads\/sites\/19\/2026\/01\/b4a1iw5-1.jpg\",\"contentUrl\":\"https:\/\/senbera.com\/fi\/wp-content\/uploads\/sites\/19\/2026\/01\/b4a1iw5-1.jpg\",\"width\":960,\"height\":960},{\"@type\":\"BreadcrumbList\",\"@id\":\"https:\/\/senbera.com\/fi\/tuote\/leirintaalueen-koysi\/#breadcrumb\",\"itemListElement\":[{\"@type\":\"ListItem\",\"position\":1,\"name\":\"Home\",\"item\":\"https:\/\/senbera.com\/fi\/\"},{\"@type\":\"ListItem\",\"position\":2,\"name\":\"Kauppa\",\"item\":\"https:\/\/senbera.com\/fi\/kauppa\/\"},{\"@type\":\"ListItem\",\"position\":3,\"name\":\"Leirint\u00e4alueen k\u00f6ysi\"}]},{\"@type\":\"WebSite\",\"@id\":\"https:\/\/senbera.com\/fi\/#website\",\"url\":\"https:\/\/senbera.com\/fi\/\",\"name\":\"Senbera FI\",\"description\":\"\",\"publisher\":{\"@id\":\"https:\/\/senbera.com\/fi\/#organization\"},\"potentialAction\":[{\"@type\":\"SearchAction\",\"target\":{\"@type\":\"EntryPoint\",\"urlTemplate\":\"https:\/\/senbera.com\/fi\/?s={search_term_string}\"},\"query-input\":{\"@type\":\"PropertyValueSpecification\",\"valueRequired\":true,\"valueName\":\"search_term_string\"}}],\"inLanguage\":\"fi\"},{\"@type\":\"Organization\",\"@id\":\"https:\/\/senbera.com\/fi\/#organization\",\"name\":\"Mekulo\",\"url\":\"https:\/\/senbera.com\/fi\/\",\"logo\":{\"@type\":\"ImageObject\",\"inLanguage\":\"fi\",\"@id\":\"https:\/\/senbera.com\/fi\/#\/schema\/logo\/image\/\",\"url\":\"https:\/\/senbera.com\/fi\/wp-content\/uploads\/sites\/19\/2025\/12\/favicon_mekulo.png\",\"contentUrl\":\"https:\/\/senbera.com\/fi\/wp-content\/uploads\/sites\/19\/2025\/12\/favicon_mekulo.png\",\"width\":50,\"height\":50,\"caption\":\"Mekulo\"},\"image\":{\"@id\":\"https:\/\/senbera.com\/fi\/#\/schema\/logo\/image\/\"}}]}<\/script>\n<!-- \/ Yoast SEO plugin. -->","yoast_head_json":{"title":"Leirint\u00e4alueen k\u00f6ysi - Senbera FI","robots":{"index":"index","follow":"follow","max-snippet":"max-snippet:-1","max-image-preview":"max-image-preview:large","max-video-preview":"max-video-preview:-1"},"canonical":"https:\/\/senbera.com\/fi\/tuote\/leirintaalueen-koysi\/","og_locale":"fi_FI","og_type":"article","og_title":"Leirint\u00e4alueen k\u00f6ysi - Senbera FI","og_description":"Esittelyss\u00e4 retkeilyk\u00f6ysi &#8211; vahva ja turvallinen ulkoiluapulainen! Kiinnit\u00e4 varusteesi nopeasti ja helposti. T\u00e4rkeimm\u00e4t Edut \u2705 Supervahva ja heijastava &#8211; Paksu [&hellip;]","og_url":"https:\/\/senbera.com\/fi\/tuote\/leirintaalueen-koysi\/","og_site_name":"Senbera FI","article_modified_time":"2026-01-16T07:25:24+00:00","twitter_card":"summary_large_image","twitter_misc":{"Arvioitu lukuaika":"1 minuutti"},"schema":{"@context":"https:\/\/schema.org","@graph":[{"@type":"WebPage","@id":"https:\/\/senbera.com\/fi\/tuote\/leirintaalueen-koysi\/","url":"https:\/\/senbera.com\/fi\/tuote\/leirintaalueen-koysi\/","name":"Leirint\u00e4alueen k\u00f6ysi - Senbera FI","isPartOf":{"@id":"https:\/\/senbera.com\/fi\/#website"},"primaryImageOfPage":{"@id":"https:\/\/senbera.com\/fi\/tuote\/leirintaalueen-koysi\/#primaryimage"},"image":{"@id":"https:\/\/senbera.com\/fi\/tuote\/leirintaalueen-koysi\/#primaryimage"},"thumbnailUrl":"https:\/\/senbera.com\/fi\/wp-content\/uploads\/sites\/19\/2026\/01\/b4a1iw5-1.jpg","datePublished":"2026-01-16T07:23:51+00:00","dateModified":"2026-01-16T07:25:24+00:00","breadcrumb":{"@id":"https:\/\/senbera.com\/fi\/tuote\/leirintaalueen-koysi\/#breadcrumb"},"inLanguage":"fi","potentialAction":[{"@type":"ReadAction","target":["https:\/\/senbera.com\/fi\/tuote\/leirintaalueen-koysi\/"]}]},{"@type":"ImageObject","inLanguage":"fi","@id":"https:\/\/senbera.com\/fi\/tuote\/leirintaalueen-koysi\/#primaryimage","url":"https:\/\/senbera.com\/fi\/wp-content\/uploads\/sites\/19\/2026\/01\/b4a1iw5-1.jpg","contentUrl":"https:\/\/senbera.com\/fi\/wp-content\/uploads\/sites\/19\/2026\/01\/b4a1iw5-1.jpg","width":960,"height":960},{"@type":"BreadcrumbList","@id":"https:\/\/senbera.com\/fi\/tuote\/leirintaalueen-koysi\/#breadcrumb","itemListElement":[{"@type":"ListItem","position":1,"name":"Home","item":"https:\/\/senbera.com\/fi\/"},{"@type":"ListItem","position":2,"name":"Kauppa","item":"https:\/\/senbera.com\/fi\/kauppa\/"},{"@type":"ListItem","position":3,"name":"Leirint\u00e4alueen k\u00f6ysi"}]},{"@type":"WebSite","@id":"https:\/\/senbera.com\/fi\/#website","url":"https:\/\/senbera.com\/fi\/","name":"Senbera FI","description":"","publisher":{"@id":"https:\/\/senbera.com\/fi\/#organization"},"potentialAction":[{"@type":"SearchAction","target":{"@type":"EntryPoint","urlTemplate":"https:\/\/senbera.com\/fi\/?s={search_term_string}"},"query-input":{"@type":"PropertyValueSpecification","valueRequired":true,"valueName":"search_term_string"}}],"inLanguage":"fi"},{"@type":"Organization","@id":"https:\/\/senbera.com\/fi\/#organization","name":"Mekulo","url":"https:\/\/senbera.com\/fi\/","logo":{"@type":"ImageObject","inLanguage":"fi","@id":"https:\/\/senbera.com\/fi\/#\/schema\/logo\/image\/","url":"https:\/\/senbera.com\/fi\/wp-content\/uploads\/sites\/19\/2025\/12\/favicon_mekulo.png","contentUrl":"https:\/\/senbera.com\/fi\/wp-content\/uploads\/sites\/19\/2025\/12\/favicon_mekulo.png","width":50,"height":50,"caption":"Mekulo"},"image":{"@id":"https:\/\/senbera.com\/fi\/#\/schema\/logo\/image\/"}}]}},"_links":{"self":[{"href":"https:\/\/senbera.com\/fi\/wp-json\/wp\/v2\/product\/20042","targetHints":{"allow":["GET"]}}],"collection":[{"href":"https:\/\/senbera.com\/fi\/wp-json\/wp\/v2\/product"}],"about":[{"href":"https:\/\/senbera.com\/fi\/wp-json\/wp\/v2\/types\/product"}],"replies":[{"embeddable":true,"href":"https:\/\/senbera.com\/fi\/wp-json\/wp\/v2\/comments?post=20042"}],"wp:featuredmedia":[{"embeddable":true,"href":"https:\/\/senbera.com\/fi\/wp-json\/wp\/v2\/media\/20038"}],"wp:attachment":[{"href":"https:\/\/senbera.com\/fi\/wp-json\/wp\/v2\/media?parent=20042"}],"wp:term":[{"taxonomy":"product_brand","embeddable":true,"href":"https:\/\/senbera.com\/fi\/wp-json\/wp\/v2\/product_brand?post=20042"},{"taxonomy":"product_cat","embeddable":true,"href":"https:\/\/senbera.com\/fi\/wp-json\/wp\/v2\/product_cat?post=20042"},{"taxonomy":"product_tag","embeddable":true,"href":"https:\/\/senbera.com\/fi\/wp-json\/wp\/v2\/product_tag?post=20042"}],"curies":[{"name":"wp","href":"https:\/\/api.w.org\/{rel}","templated":true}]}}