{"id":20014,"date":"2026-01-16T09:21:08","date_gmt":"2026-01-16T07:21:08","guid":{"rendered":"https:\/\/senbera.com\/fi\/tuote\/kylpylelu\/"},"modified":"2026-01-16T09:21:26","modified_gmt":"2026-01-16T07:21:26","slug":"kylpylelu","status":"publish","type":"product","link":"https:\/\/senbera.com\/fi\/tuote\/kylpylelu\/","title":{"rendered":"Kylpylelu"},"content":{"rendered":"<p style=\"text-align: center\"><strong>Esittelyss\u00e4 Hauska Kylpylelu \u2013 Tee Jokaisesta Kylpyhetkest\u00e4 Splash Party! \ud83d\udec1<\/strong><\/p>\n<p style=\"text-align: center\"><span style=\"font-weight: 400\">Ruiskuta, roisku ja hymyile joka kylvyss\u00e4.<\/span><\/p>\n<p><img decoding=\"async\" class=\"alignnone size-full wp-image-16270 aligncenter\" src=\"https:\/\/keluvo.com\/template\/wp-content\/uploads\/sites\/5\/2025\/04\/Bathtoy-ezgif.com-video-to-webp-converter-1.webp\" alt=\"\" \/><\/p>\n<h2 style=\"text-align: center\">T\u00e4rkeimm\u00e4t Edut<\/h2>\n<p><span style=\"font-weight: 400\">\u2705 <strong>Hauska Ja Leikkis\u00e4<\/strong> \u2013 s\u00f6p\u00f6t ankanpoikaset, pingviinit ja dinosaurukset suihkuttavat vett\u00e4 ja ponnahtelevat sis\u00e4\u00e4n ja ulos munistaan<\/span><\/p>\n<p><span style=\"font-weight: 400\">\u2705 <strong>Turvallinen Ja Kest\u00e4v\u00e4<\/strong> \u2013 valmistettu sitke\u00e4st\u00e4, ymp\u00e4rist\u00f6yst\u00e4v\u00e4llisest\u00e4 abs-muovista, t\u00e4ydellinen jokap\u00e4iv\u00e4iseen kylpyl\u00e4hupailuun<\/span><\/p>\n<p><span style=\"font-weight: 400\">\u2705 <strong>Pojille Ja Tyt\u00f6ille<\/strong> \u2013 kirkas, hauska muotoilu, jota jokainen lapsi rakastaa<\/span><\/p>\n<p><span style=\"font-weight: 400\">\u2705 <strong>Auttaa Motorisia Taitoja<\/strong> \u2013 sopii 12 kk-6-vuotiaille lapsille kehitt\u00e4m\u00e4\u00e4n silm\u00e4-k\u00e4si-koordinaatiota hauskanpidon ohessa<\/span><\/p>\n<p><span style=\"font-weight: 400\">\u2705 <strong>Helppok\u00e4ytt\u00f6inen<\/strong> \u2013 upota muna veteen ja katso, miten taika tapahtuu, ei monimutkaisia asetuksia!<\/span><\/p>\n<p><img decoding=\"async\" class=\"alignnone size-full wp-image-16271 aligncenter\" src=\"https:\/\/keluvo.com\/template\/wp-content\/uploads\/sites\/5\/2025\/04\/Hedb30ae0d8a2424faf6aa8f2d9256b33J.jpg_960x960q75.jpg_.jpeg\" alt=\"\" \/><\/p>\n<h2 style=\"text-align: center\">P\u00e4\u00e4tarjous<\/h2>\n<p style=\"text-align: center\"><span style=\"font-weight: 400\">Hauska kylpylelu on t\u00e4ydellinen kaveri kylpyaikaan! Upota muna vain veteen &#8211; ja yll\u00e4tys! Suloinen ankanpoikanen, pingviini tai dinosaurus ponnahtaa ulos ja suihkuttaa vett\u00e4. Se ei ole vain hauska, vaan se on my\u00f6s loistava tapa auttaa pient\u00e4 lastasi nauttimaan kylvyst\u00e4, parantamaan motorisia taitojaan ja nauramaan puhdistautuessaan. Turvallinen, v\u00e4rik\u00e4s ja j\u00e4nnitt\u00e4v\u00e4 vauvoille, taaperoille ja nuorille lapsille!<\/span><\/p>\n<h2 style=\"text-align: center\">K\u00e4ytt\u00f6<\/h2>\n<ul>\n<li><span style=\"font-weight: 400\">T\u00e4yt\u00e4 kylpyamme tai allas vedell\u00e4.<\/span><\/li>\n<li><span style=\"font-weight: 400\">Upota koko muna veteen.<\/span><\/li>\n<li><span style=\"font-weight: 400\">Katso, kuinka s\u00f6p\u00f6 el\u00e4in ponnahtaa ulos ja suihkuttaa vett\u00e4!<\/span><\/li>\n<li><span style=\"font-weight: 400\">Nosta muna &#8211; vesi valuu pois ja el\u00e4in piiloutuu takaisin kuoreen.<\/span><\/li>\n<li><span style=\"font-weight: 400\">Paina p\u00e4\u00e4t\u00e4 veden alla, jotta se suihkuttaa viel\u00e4 enemm\u00e4n!<\/span><\/li>\n<\/ul>\n<h2 style=\"text-align: center\">Pakkaus Sis\u00e4lt\u00e4\u00e4<\/h2>\n<ul>\n<li style=\"font-weight: 400\"><span style=\"font-weight: 400\">1x kylpylelu.<\/span><\/li>\n<\/ul>\n","protected":false},"excerpt":{"rendered":"<p>Esittelyss\u00e4 Hauska Kylpylelu \u2013 Tee Jokaisesta Kylpyhetkest\u00e4 Splash Party! \ud83d\udec1 Ruiskuta, roisku ja hymyile joka kylvyss\u00e4. T\u00e4rkeimm\u00e4t Edut \u2705 Hauska [&hellip;]<\/p>\n","protected":false},"featured_media":20010,"comment_status":"open","ping_status":"closed","template":"","meta":{"site-sidebar-layout":"default","site-content-layout":"","ast-site-content-layout":"default","site-content-style":"default","site-sidebar-style":"default","ast-global-header-display":"","ast-banner-title-visibility":"","ast-main-header-display":"","ast-hfb-above-header-display":"","ast-hfb-below-header-display":"","ast-hfb-mobile-header-display":"","site-post-title":"","ast-breadcrumbs-content":"","ast-featured-img":"","footer-sml-layout":"","theme-transparent-header-meta":"default","adv-header-id-meta":"","stick-header-meta":"","header-above-stick-meta":"","header-main-stick-meta":"","header-below-stick-meta":"","astra-migrate-meta-layouts":"set","ast-page-background-enabled":"default","ast-page-background-meta":{"desktop":{"background-color":"var(--ast-global-color-5)","background-image":"","background-repeat":"repeat","background-position":"center center","background-size":"auto","background-attachment":"scroll","background-type":"","background-media":"","overlay-type":"","overlay-color":"","overlay-opacity":"","overlay-gradient":""},"tablet":{"background-color":"","background-image":"","background-repeat":"repeat","background-position":"center center","background-size":"auto","background-attachment":"scroll","background-type":"","background-media":"","overlay-type":"","overlay-color":"","overlay-opacity":"","overlay-gradient":""},"mobile":{"background-color":"","background-image":"","background-repeat":"repeat","background-position":"center center","background-size":"auto","background-attachment":"scroll","background-type":"","background-media":"","overlay-type":"","overlay-color":"","overlay-opacity":"","overlay-gradient":""}},"ast-content-background-meta":{"desktop":{"background-color":"var(--ast-global-color-4)","background-image":"","background-repeat":"repeat","background-position":"center center","background-size":"auto","background-attachment":"scroll","background-type":"","background-media":"","overlay-type":"","overlay-color":"","overlay-opacity":"","overlay-gradient":""},"tablet":{"background-color":"var(--ast-global-color-4)","background-image":"","background-repeat":"repeat","background-position":"center center","background-size":"auto","background-attachment":"scroll","background-type":"","background-media":"","overlay-type":"","overlay-color":"","overlay-opacity":"","overlay-gradient":""},"mobile":{"background-color":"var(--ast-global-color-4)","background-image":"","background-repeat":"repeat","background-position":"center center","background-size":"auto","background-attachment":"scroll","background-type":"","background-media":"","overlay-type":"","overlay-color":"","overlay-opacity":"","overlay-gradient":""}}},"product_brand":[],"product_cat":[15],"product_tag":[],"class_list":{"0":"post-20014","1":"product","2":"type-product","3":"status-publish","4":"has-post-thumbnail","6":"product_cat-luokittelematon","7":"pa_19396_pkal7653-keltainen","8":"pa_19396_pkal7653-musta","9":"pa_19396_pkal7653-punainen","10":"pa_19396_pkal7653-sininen","11":"pa_19396_pkal7653-vaaleanpunainen","12":"desktop-align-left","13":"tablet-align-left","14":"mobile-align-left","16":"first","17":"instock","18":"shipping-taxable","19":"purchasable","20":"product-type-variable"},"yoast_head":"<!-- This site is optimized with the Yoast SEO plugin v26.6 - https:\/\/yoast.com\/wordpress\/plugins\/seo\/ -->\n<title>Kylpylelu - Senbera FI<\/title>\n<meta name=\"robots\" content=\"index, follow, max-snippet:-1, max-image-preview:large, max-video-preview:-1\" \/>\n<link rel=\"canonical\" href=\"https:\/\/senbera.com\/fi\/tuote\/kylpylelu\/\" \/>\n<meta property=\"og:locale\" content=\"fi_FI\" \/>\n<meta property=\"og:type\" content=\"article\" \/>\n<meta property=\"og:title\" content=\"Kylpylelu - Senbera FI\" \/>\n<meta property=\"og:description\" content=\"Esittelyss\u00e4 Hauska Kylpylelu \u2013 Tee Jokaisesta Kylpyhetkest\u00e4 Splash Party! \ud83d\udec1 Ruiskuta, roisku ja hymyile joka kylvyss\u00e4. T\u00e4rkeimm\u00e4t Edut \u2705 Hauska [&hellip;]\" \/>\n<meta property=\"og:url\" content=\"https:\/\/senbera.com\/fi\/tuote\/kylpylelu\/\" \/>\n<meta property=\"og:site_name\" content=\"Senbera FI\" \/>\n<meta property=\"article:modified_time\" content=\"2026-01-16T07:21:26+00:00\" \/>\n<meta name=\"twitter:card\" content=\"summary_large_image\" \/>\n<meta name=\"twitter:label1\" content=\"Arvioitu lukuaika\" \/>\n\t<meta name=\"twitter:data1\" content=\"1 minuutti\" \/>\n<script type=\"application\/ld+json\" class=\"yoast-schema-graph\">{\"@context\":\"https:\/\/schema.org\",\"@graph\":[{\"@type\":\"WebPage\",\"@id\":\"https:\/\/senbera.com\/fi\/tuote\/kylpylelu\/\",\"url\":\"https:\/\/senbera.com\/fi\/tuote\/kylpylelu\/\",\"name\":\"Kylpylelu - Senbera FI\",\"isPartOf\":{\"@id\":\"https:\/\/senbera.com\/fi\/#website\"},\"primaryImageOfPage\":{\"@id\":\"https:\/\/senbera.com\/fi\/tuote\/kylpylelu\/#primaryimage\"},\"image\":{\"@id\":\"https:\/\/senbera.com\/fi\/tuote\/kylpylelu\/#primaryimage\"},\"thumbnailUrl\":\"https:\/\/senbera.com\/fi\/wp-content\/uploads\/sites\/19\/2026\/01\/bigj7qs-1.jpeg\",\"datePublished\":\"2026-01-16T07:21:08+00:00\",\"dateModified\":\"2026-01-16T07:21:26+00:00\",\"breadcrumb\":{\"@id\":\"https:\/\/senbera.com\/fi\/tuote\/kylpylelu\/#breadcrumb\"},\"inLanguage\":\"fi\",\"potentialAction\":[{\"@type\":\"ReadAction\",\"target\":[\"https:\/\/senbera.com\/fi\/tuote\/kylpylelu\/\"]}]},{\"@type\":\"ImageObject\",\"inLanguage\":\"fi\",\"@id\":\"https:\/\/senbera.com\/fi\/tuote\/kylpylelu\/#primaryimage\",\"url\":\"https:\/\/senbera.com\/fi\/wp-content\/uploads\/sites\/19\/2026\/01\/bigj7qs-1.jpeg\",\"contentUrl\":\"https:\/\/senbera.com\/fi\/wp-content\/uploads\/sites\/19\/2026\/01\/bigj7qs-1.jpeg\",\"width\":800,\"height\":800},{\"@type\":\"BreadcrumbList\",\"@id\":\"https:\/\/senbera.com\/fi\/tuote\/kylpylelu\/#breadcrumb\",\"itemListElement\":[{\"@type\":\"ListItem\",\"position\":1,\"name\":\"Home\",\"item\":\"https:\/\/senbera.com\/fi\/\"},{\"@type\":\"ListItem\",\"position\":2,\"name\":\"Kauppa\",\"item\":\"https:\/\/senbera.com\/fi\/kauppa\/\"},{\"@type\":\"ListItem\",\"position\":3,\"name\":\"Kylpylelu\"}]},{\"@type\":\"WebSite\",\"@id\":\"https:\/\/senbera.com\/fi\/#website\",\"url\":\"https:\/\/senbera.com\/fi\/\",\"name\":\"Senbera FI\",\"description\":\"\",\"publisher\":{\"@id\":\"https:\/\/senbera.com\/fi\/#organization\"},\"potentialAction\":[{\"@type\":\"SearchAction\",\"target\":{\"@type\":\"EntryPoint\",\"urlTemplate\":\"https:\/\/senbera.com\/fi\/?s={search_term_string}\"},\"query-input\":{\"@type\":\"PropertyValueSpecification\",\"valueRequired\":true,\"valueName\":\"search_term_string\"}}],\"inLanguage\":\"fi\"},{\"@type\":\"Organization\",\"@id\":\"https:\/\/senbera.com\/fi\/#organization\",\"name\":\"Mekulo\",\"url\":\"https:\/\/senbera.com\/fi\/\",\"logo\":{\"@type\":\"ImageObject\",\"inLanguage\":\"fi\",\"@id\":\"https:\/\/senbera.com\/fi\/#\/schema\/logo\/image\/\",\"url\":\"https:\/\/senbera.com\/fi\/wp-content\/uploads\/sites\/19\/2025\/12\/favicon_mekulo.png\",\"contentUrl\":\"https:\/\/senbera.com\/fi\/wp-content\/uploads\/sites\/19\/2025\/12\/favicon_mekulo.png\",\"width\":50,\"height\":50,\"caption\":\"Mekulo\"},\"image\":{\"@id\":\"https:\/\/senbera.com\/fi\/#\/schema\/logo\/image\/\"}}]}<\/script>\n<!-- \/ Yoast SEO plugin. -->","yoast_head_json":{"title":"Kylpylelu - Senbera FI","robots":{"index":"index","follow":"follow","max-snippet":"max-snippet:-1","max-image-preview":"max-image-preview:large","max-video-preview":"max-video-preview:-1"},"canonical":"https:\/\/senbera.com\/fi\/tuote\/kylpylelu\/","og_locale":"fi_FI","og_type":"article","og_title":"Kylpylelu - Senbera FI","og_description":"Esittelyss\u00e4 Hauska Kylpylelu \u2013 Tee Jokaisesta Kylpyhetkest\u00e4 Splash Party! \ud83d\udec1 Ruiskuta, roisku ja hymyile joka kylvyss\u00e4. T\u00e4rkeimm\u00e4t Edut \u2705 Hauska [&hellip;]","og_url":"https:\/\/senbera.com\/fi\/tuote\/kylpylelu\/","og_site_name":"Senbera FI","article_modified_time":"2026-01-16T07:21:26+00:00","twitter_card":"summary_large_image","twitter_misc":{"Arvioitu lukuaika":"1 minuutti"},"schema":{"@context":"https:\/\/schema.org","@graph":[{"@type":"WebPage","@id":"https:\/\/senbera.com\/fi\/tuote\/kylpylelu\/","url":"https:\/\/senbera.com\/fi\/tuote\/kylpylelu\/","name":"Kylpylelu - Senbera FI","isPartOf":{"@id":"https:\/\/senbera.com\/fi\/#website"},"primaryImageOfPage":{"@id":"https:\/\/senbera.com\/fi\/tuote\/kylpylelu\/#primaryimage"},"image":{"@id":"https:\/\/senbera.com\/fi\/tuote\/kylpylelu\/#primaryimage"},"thumbnailUrl":"https:\/\/senbera.com\/fi\/wp-content\/uploads\/sites\/19\/2026\/01\/bigj7qs-1.jpeg","datePublished":"2026-01-16T07:21:08+00:00","dateModified":"2026-01-16T07:21:26+00:00","breadcrumb":{"@id":"https:\/\/senbera.com\/fi\/tuote\/kylpylelu\/#breadcrumb"},"inLanguage":"fi","potentialAction":[{"@type":"ReadAction","target":["https:\/\/senbera.com\/fi\/tuote\/kylpylelu\/"]}]},{"@type":"ImageObject","inLanguage":"fi","@id":"https:\/\/senbera.com\/fi\/tuote\/kylpylelu\/#primaryimage","url":"https:\/\/senbera.com\/fi\/wp-content\/uploads\/sites\/19\/2026\/01\/bigj7qs-1.jpeg","contentUrl":"https:\/\/senbera.com\/fi\/wp-content\/uploads\/sites\/19\/2026\/01\/bigj7qs-1.jpeg","width":800,"height":800},{"@type":"BreadcrumbList","@id":"https:\/\/senbera.com\/fi\/tuote\/kylpylelu\/#breadcrumb","itemListElement":[{"@type":"ListItem","position":1,"name":"Home","item":"https:\/\/senbera.com\/fi\/"},{"@type":"ListItem","position":2,"name":"Kauppa","item":"https:\/\/senbera.com\/fi\/kauppa\/"},{"@type":"ListItem","position":3,"name":"Kylpylelu"}]},{"@type":"WebSite","@id":"https:\/\/senbera.com\/fi\/#website","url":"https:\/\/senbera.com\/fi\/","name":"Senbera FI","description":"","publisher":{"@id":"https:\/\/senbera.com\/fi\/#organization"},"potentialAction":[{"@type":"SearchAction","target":{"@type":"EntryPoint","urlTemplate":"https:\/\/senbera.com\/fi\/?s={search_term_string}"},"query-input":{"@type":"PropertyValueSpecification","valueRequired":true,"valueName":"search_term_string"}}],"inLanguage":"fi"},{"@type":"Organization","@id":"https:\/\/senbera.com\/fi\/#organization","name":"Mekulo","url":"https:\/\/senbera.com\/fi\/","logo":{"@type":"ImageObject","inLanguage":"fi","@id":"https:\/\/senbera.com\/fi\/#\/schema\/logo\/image\/","url":"https:\/\/senbera.com\/fi\/wp-content\/uploads\/sites\/19\/2025\/12\/favicon_mekulo.png","contentUrl":"https:\/\/senbera.com\/fi\/wp-content\/uploads\/sites\/19\/2025\/12\/favicon_mekulo.png","width":50,"height":50,"caption":"Mekulo"},"image":{"@id":"https:\/\/senbera.com\/fi\/#\/schema\/logo\/image\/"}}]}},"_links":{"self":[{"href":"https:\/\/senbera.com\/fi\/wp-json\/wp\/v2\/product\/20014","targetHints":{"allow":["GET"]}}],"collection":[{"href":"https:\/\/senbera.com\/fi\/wp-json\/wp\/v2\/product"}],"about":[{"href":"https:\/\/senbera.com\/fi\/wp-json\/wp\/v2\/types\/product"}],"replies":[{"embeddable":true,"href":"https:\/\/senbera.com\/fi\/wp-json\/wp\/v2\/comments?post=20014"}],"wp:featuredmedia":[{"embeddable":true,"href":"https:\/\/senbera.com\/fi\/wp-json\/wp\/v2\/media\/20010"}],"wp:attachment":[{"href":"https:\/\/senbera.com\/fi\/wp-json\/wp\/v2\/media?parent=20014"}],"wp:term":[{"taxonomy":"product_brand","embeddable":true,"href":"https:\/\/senbera.com\/fi\/wp-json\/wp\/v2\/product_brand?post=20014"},{"taxonomy":"product_cat","embeddable":true,"href":"https:\/\/senbera.com\/fi\/wp-json\/wp\/v2\/product_cat?post=20014"},{"taxonomy":"product_tag","embeddable":true,"href":"https:\/\/senbera.com\/fi\/wp-json\/wp\/v2\/product_tag?post=20014"}],"curies":[{"name":"wp","href":"https:\/\/api.w.org\/{rel}","templated":true}]}}