{"id":19982,"date":"2026-01-16T09:18:50","date_gmt":"2026-01-16T07:18:50","guid":{"rendered":"https:\/\/senbera.com\/fi\/tuote\/maalinpoistoaine\/"},"modified":"2026-01-16T09:19:00","modified_gmt":"2026-01-16T07:19:00","slug":"maalinpoistoaine","status":"publish","type":"product","link":"https:\/\/senbera.com\/fi\/tuote\/maalinpoistoaine\/","title":{"rendered":"Maalinpoistoaine"},"content":{"rendered":"<p style=\"text-align: center\"><b>Esittelyss\u00e4 maalinpoistoaine &#8211; helppo tapa virkist\u00e4\u00e4 ja uudistaa! \ud83c\udfa8<\/b><\/p>\n<p style=\"text-align: center\"><span style=\"font-weight: 400\">Saat sein\u00e4t, huonekalut, autot ja lelut n\u00e4ytt\u00e4m\u00e4\u00e4n taas upouudelta &#8211; helposti ja nopeasti!<\/span><\/p>\n<p><img decoding=\"async\" class=\"size-full wp-image-16193 aligncenter\" src=\"https:\/\/keluvo.com\/template\/wp-content\/uploads\/sites\/5\/2025\/04\/5075b5b2-8a26-4992-8919-69770bd3b254-ezgif.com-video-to-webp-converter.webp\" alt=\"\" \/><\/p>\n<h2 style=\"text-align: center\"><strong>T\u00e4rkeimm\u00e4t Edut<\/strong><\/h2>\n<p><span style=\"font-weight: 400\">\u2705 <\/span><b>Irrottaa maalin nopeasti<\/b><span style=\"font-weight: 400\"> &#8211; Poistaa nopeasti vanhan, ei-toivotun maalin monilta pinnoilta<\/span><\/p>\n<p><span style=\"font-weight: 400\"> \u2705 <\/span><b>Tehokas ja tehokas<\/b><span style=\"font-weight: 400\"> &#8211; Vahva liuotin toimii nopeasti irrottaakseen maalin pois<\/span><\/p>\n<p><span style=\"font-weight: 400\"> \u2705 <\/span><b>Turvallinen k\u00e4ytt\u00e4\u00e4<\/b><span style=\"font-weight: 400\"> &#8211; Ei haittaa pintaa, k\u00e4si\u00e4si, tai ymp\u00e4rist\u00f6lle<\/span><\/p>\n<p><span style=\"font-weight: 400\"> \u2705 <\/span><b>Helppo k\u00e4ytt\u00e4\u00e4<\/b><span style=\"font-weight: 400\"> &#8211; Suihkuta, odota ja huuhtele pois<\/span><\/p>\n<p><span style=\"font-weight: 400\"> \u2705 <\/span><b>T\u00e4ydellinen moniin t\u00f6ihin<\/b><span style=\"font-weight: 400\"> &#8211; Soveltuu erinomaisesti autoihin, seiniin, huonekaluihin, metalliin, leluihin ja paljon muuhun<\/span><\/p>\n<p><img decoding=\"async\" class=\"size-full wp-image-16194 aligncenter\" src=\"https:\/\/keluvo.com\/template\/wp-content\/uploads\/sites\/5\/2025\/04\/ezgif.com-video-to-webp-converter.webp\" alt=\"\" \/><\/p>\n<h2 style=\"text-align: center\"><strong>Miksi T\u00e4m\u00e4 On Sinulle<\/strong><\/h2>\n<p style=\"text-align: center\"><span style=\"font-weight: 400\">Maalinpoistoaine on paras yst\u00e4v\u00e4si kotiprojekteihin, autohommiin ja remontteihin! Se irrottaa helposti vanhan maalin vahingoittamatta sen alla olevaa pintaa. Olitpa sitten virkist\u00e4m\u00e4ss\u00e4 vanhoja huonekaluja, puhdistamassa graffiteja tai valmistelemassa autoa uutta maalipintaa varten, t\u00e4m\u00e4 maalinpoistoaine s\u00e4\u00e4st\u00e4\u00e4 aikaa, vaivaa ja stressi\u00e4. Rakastu kotiisi tai autoosi uudelleen!<\/span><\/p>\n<h2 style=\"text-align: center\"><strong>K\u00e4ytt\u00f6ohjeet<\/strong><\/h2>\n<ol>\n<li style=\"font-weight: 400\"><span style=\"font-weight: 400\">Ruiskuta maalinpoistoaine hyvin ennen k\u00e4ytt\u00f6\u00e4.<\/span><span style=\"font-weight: 400\"><br \/>\n<\/span><\/li>\n<li style=\"font-weight: 400\"><span style=\"font-weight: 400\">Suihkuta sit\u00e4 puhdistettavaan maalattuun pintaan.<\/span><span style=\"font-weight: 400\"><br \/>\n<\/span><\/li>\n<li style=\"font-weight: 400\"><span style=\"font-weight: 400\">Odota noin 15 minuuttia, kunnes maali kuplii ja irtoaa.<\/span><span style=\"font-weight: 400\"><br \/>\n<\/span><\/li>\n<li style=\"font-weight: 400\"><span style=\"font-weight: 400\">Huuhtele vedell\u00e4 pest\u00e4ksesi vanhan maalin pois.<\/span><span style=\"font-weight: 400\"><br \/>\n<\/span><\/li>\n<li style=\"font-weight: 400\"><span style=\"font-weight: 400\">Nauti puhtaasta, raikkaasta pinnastasi, joka on valmis uutta v\u00e4ri\u00e4 varten!<\/span><\/li>\n<\/ol>\n<h2 style=\"text-align: center\"><strong>Pakkaus Sis\u00e4lt\u00e4\u00e4<\/strong><\/h2>\n<ul>\n<li style=\"font-weight: 400\"><span style=\"font-weight: 400\">1, 2, 3x pulloa 100ml maalinpoistoainepullot<\/span><\/li>\n<li style=\"font-weight: 400\"><span style=\"font-weight: 400\">1, 2, 3x maaliharja.<\/span><\/li>\n<\/ul>\n<p>&nbsp;<\/p>\n","protected":false},"excerpt":{"rendered":"<p>Esittelyss\u00e4 maalinpoistoaine &#8211; helppo tapa virkist\u00e4\u00e4 ja uudistaa! \ud83c\udfa8 Saat sein\u00e4t, huonekalut, autot ja lelut n\u00e4ytt\u00e4m\u00e4\u00e4n taas upouudelta &#8211; helposti [&hellip;]<\/p>\n","protected":false},"featured_media":19978,"comment_status":"open","ping_status":"closed","template":"","meta":{"site-sidebar-layout":"default","site-content-layout":"","ast-site-content-layout":"default","site-content-style":"default","site-sidebar-style":"default","ast-global-header-display":"","ast-banner-title-visibility":"","ast-main-header-display":"","ast-hfb-above-header-display":"","ast-hfb-below-header-display":"","ast-hfb-mobile-header-display":"","site-post-title":"","ast-breadcrumbs-content":"","ast-featured-img":"","footer-sml-layout":"","ast-disable-related-posts":"","theme-transparent-header-meta":"default","adv-header-id-meta":"","stick-header-meta":"","header-above-stick-meta":"","header-main-stick-meta":"","header-below-stick-meta":"","astra-migrate-meta-layouts":"set","ast-page-background-enabled":"default","ast-page-background-meta":{"desktop":{"background-color":"var(--ast-global-color-5)","background-image":"","background-repeat":"repeat","background-position":"center center","background-size":"auto","background-attachment":"scroll","background-type":"","background-media":"","overlay-type":"","overlay-color":"","overlay-opacity":"","overlay-gradient":""},"tablet":{"background-color":"","background-image":"","background-repeat":"repeat","background-position":"center center","background-size":"auto","background-attachment":"scroll","background-type":"","background-media":"","overlay-type":"","overlay-color":"","overlay-opacity":"","overlay-gradient":""},"mobile":{"background-color":"","background-image":"","background-repeat":"repeat","background-position":"center center","background-size":"auto","background-attachment":"scroll","background-type":"","background-media":"","overlay-type":"","overlay-color":"","overlay-opacity":"","overlay-gradient":""}},"ast-content-background-meta":{"desktop":{"background-color":"var(--ast-global-color-4)","background-image":"","background-repeat":"repeat","background-position":"center center","background-size":"auto","background-attachment":"scroll","background-type":"","background-media":"","overlay-type":"","overlay-color":"","overlay-opacity":"","overlay-gradient":""},"tablet":{"background-color":"var(--ast-global-color-4)","background-image":"","background-repeat":"repeat","background-position":"center center","background-size":"auto","background-attachment":"scroll","background-type":"","background-media":"","overlay-type":"","overlay-color":"","overlay-opacity":"","overlay-gradient":""},"mobile":{"background-color":"var(--ast-global-color-4)","background-image":"","background-repeat":"repeat","background-position":"center center","background-size":"auto","background-attachment":"scroll","background-type":"","background-media":"","overlay-type":"","overlay-color":"","overlay-opacity":"","overlay-gradient":""}}},"product_brand":[],"product_cat":[15],"product_tag":[],"class_list":{"0":"post-19982","1":"product","2":"type-product","3":"status-publish","4":"has-post-thumbnail","6":"product_cat-luokittelematon","7":"pa_29385_sx1iroem-1-kpl","8":"pa_29385_sx1iroem-2-kpl","9":"pa_29385_sx1iroem-3-kpl","10":"desktop-align-left","11":"tablet-align-left","12":"mobile-align-left","14":"first","15":"instock","16":"shipping-taxable","17":"purchasable","18":"product-type-variable"},"yoast_head":"<!-- This site is optimized with the Yoast SEO plugin v27.4 - https:\/\/yoast.com\/product\/yoast-seo-wordpress\/ -->\n<title>Maalinpoistoaine - Senbera FI<\/title>\n<meta name=\"robots\" content=\"index, follow, max-snippet:-1, max-image-preview:large, max-video-preview:-1\" \/>\n<link rel=\"canonical\" href=\"https:\/\/senbera.com\/fi\/tuote\/maalinpoistoaine\/\" \/>\n<meta property=\"og:locale\" content=\"fi_FI\" \/>\n<meta property=\"og:type\" content=\"article\" \/>\n<meta property=\"og:title\" content=\"Maalinpoistoaine - Senbera FI\" \/>\n<meta property=\"og:description\" content=\"Esittelyss\u00e4 maalinpoistoaine &#8211; helppo tapa virkist\u00e4\u00e4 ja uudistaa! \ud83c\udfa8 Saat sein\u00e4t, huonekalut, autot ja lelut n\u00e4ytt\u00e4m\u00e4\u00e4n taas upouudelta &#8211; helposti [&hellip;]\" \/>\n<meta property=\"og:url\" content=\"https:\/\/senbera.com\/fi\/tuote\/maalinpoistoaine\/\" \/>\n<meta property=\"og:site_name\" content=\"Senbera FI\" \/>\n<meta property=\"article:modified_time\" content=\"2026-01-16T07:19:00+00:00\" \/>\n<meta name=\"twitter:card\" content=\"summary_large_image\" \/>\n<meta name=\"twitter:label1\" content=\"Arvioitu lukuaika\" \/>\n\t<meta name=\"twitter:data1\" content=\"1 minuutti\" \/>\n<script type=\"application\/ld+json\" class=\"yoast-schema-graph\">{\"@context\":\"https:\\\/\\\/schema.org\",\"@graph\":[{\"@type\":\"WebPage\",\"@id\":\"https:\\\/\\\/senbera.com\\\/fi\\\/tuote\\\/maalinpoistoaine\\\/\",\"url\":\"https:\\\/\\\/senbera.com\\\/fi\\\/tuote\\\/maalinpoistoaine\\\/\",\"name\":\"Maalinpoistoaine - Senbera FI\",\"isPartOf\":{\"@id\":\"https:\\\/\\\/senbera.com\\\/fi\\\/#website\"},\"primaryImageOfPage\":{\"@id\":\"https:\\\/\\\/senbera.com\\\/fi\\\/tuote\\\/maalinpoistoaine\\\/#primaryimage\"},\"image\":{\"@id\":\"https:\\\/\\\/senbera.com\\\/fi\\\/tuote\\\/maalinpoistoaine\\\/#primaryimage\"},\"thumbnailUrl\":\"https:\\\/\\\/senbera.com\\\/fi\\\/wp-content\\\/uploads\\\/sites\\\/19\\\/2026\\\/01\\\/nb081mz-1.webp\",\"datePublished\":\"2026-01-16T07:18:50+00:00\",\"dateModified\":\"2026-01-16T07:19:00+00:00\",\"breadcrumb\":{\"@id\":\"https:\\\/\\\/senbera.com\\\/fi\\\/tuote\\\/maalinpoistoaine\\\/#breadcrumb\"},\"inLanguage\":\"fi\",\"potentialAction\":[{\"@type\":\"ReadAction\",\"target\":[\"https:\\\/\\\/senbera.com\\\/fi\\\/tuote\\\/maalinpoistoaine\\\/\"]}]},{\"@type\":\"ImageObject\",\"inLanguage\":\"fi\",\"@id\":\"https:\\\/\\\/senbera.com\\\/fi\\\/tuote\\\/maalinpoistoaine\\\/#primaryimage\",\"url\":\"https:\\\/\\\/senbera.com\\\/fi\\\/wp-content\\\/uploads\\\/sites\\\/19\\\/2026\\\/01\\\/nb081mz-1.webp\",\"contentUrl\":\"https:\\\/\\\/senbera.com\\\/fi\\\/wp-content\\\/uploads\\\/sites\\\/19\\\/2026\\\/01\\\/nb081mz-1.webp\",\"width\":800,\"height\":800},{\"@type\":\"BreadcrumbList\",\"@id\":\"https:\\\/\\\/senbera.com\\\/fi\\\/tuote\\\/maalinpoistoaine\\\/#breadcrumb\",\"itemListElement\":[{\"@type\":\"ListItem\",\"position\":1,\"name\":\"Home\",\"item\":\"https:\\\/\\\/senbera.com\\\/fi\\\/\"},{\"@type\":\"ListItem\",\"position\":2,\"name\":\"Kauppa\",\"item\":\"https:\\\/\\\/senbera.com\\\/fi\\\/kauppa\\\/\"},{\"@type\":\"ListItem\",\"position\":3,\"name\":\"Maalinpoistoaine\"}]},{\"@type\":\"WebSite\",\"@id\":\"https:\\\/\\\/senbera.com\\\/fi\\\/#website\",\"url\":\"https:\\\/\\\/senbera.com\\\/fi\\\/\",\"name\":\"Senbera FI\",\"description\":\"\",\"publisher\":{\"@id\":\"https:\\\/\\\/senbera.com\\\/fi\\\/#organization\"},\"potentialAction\":[{\"@type\":\"SearchAction\",\"target\":{\"@type\":\"EntryPoint\",\"urlTemplate\":\"https:\\\/\\\/senbera.com\\\/fi\\\/?s={search_term_string}\"},\"query-input\":{\"@type\":\"PropertyValueSpecification\",\"valueRequired\":true,\"valueName\":\"search_term_string\"}}],\"inLanguage\":\"fi\"},{\"@type\":\"Organization\",\"@id\":\"https:\\\/\\\/senbera.com\\\/fi\\\/#organization\",\"name\":\"Mekulo\",\"url\":\"https:\\\/\\\/senbera.com\\\/fi\\\/\",\"logo\":{\"@type\":\"ImageObject\",\"inLanguage\":\"fi\",\"@id\":\"https:\\\/\\\/senbera.com\\\/fi\\\/#\\\/schema\\\/logo\\\/image\\\/\",\"url\":\"https:\\\/\\\/senbera.com\\\/fi\\\/wp-content\\\/uploads\\\/sites\\\/19\\\/2025\\\/12\\\/favicon_mekulo.png\",\"contentUrl\":\"https:\\\/\\\/senbera.com\\\/fi\\\/wp-content\\\/uploads\\\/sites\\\/19\\\/2025\\\/12\\\/favicon_mekulo.png\",\"width\":50,\"height\":50,\"caption\":\"Mekulo\"},\"image\":{\"@id\":\"https:\\\/\\\/senbera.com\\\/fi\\\/#\\\/schema\\\/logo\\\/image\\\/\"}}]}<\/script>\n<!-- \/ Yoast SEO plugin. -->","yoast_head_json":{"title":"Maalinpoistoaine - Senbera FI","robots":{"index":"index","follow":"follow","max-snippet":"max-snippet:-1","max-image-preview":"max-image-preview:large","max-video-preview":"max-video-preview:-1"},"canonical":"https:\/\/senbera.com\/fi\/tuote\/maalinpoistoaine\/","og_locale":"fi_FI","og_type":"article","og_title":"Maalinpoistoaine - Senbera FI","og_description":"Esittelyss\u00e4 maalinpoistoaine &#8211; helppo tapa virkist\u00e4\u00e4 ja uudistaa! \ud83c\udfa8 Saat sein\u00e4t, huonekalut, autot ja lelut n\u00e4ytt\u00e4m\u00e4\u00e4n taas upouudelta &#8211; helposti [&hellip;]","og_url":"https:\/\/senbera.com\/fi\/tuote\/maalinpoistoaine\/","og_site_name":"Senbera FI","article_modified_time":"2026-01-16T07:19:00+00:00","twitter_card":"summary_large_image","twitter_misc":{"Arvioitu lukuaika":"1 minuutti"},"schema":{"@context":"https:\/\/schema.org","@graph":[{"@type":"WebPage","@id":"https:\/\/senbera.com\/fi\/tuote\/maalinpoistoaine\/","url":"https:\/\/senbera.com\/fi\/tuote\/maalinpoistoaine\/","name":"Maalinpoistoaine - Senbera FI","isPartOf":{"@id":"https:\/\/senbera.com\/fi\/#website"},"primaryImageOfPage":{"@id":"https:\/\/senbera.com\/fi\/tuote\/maalinpoistoaine\/#primaryimage"},"image":{"@id":"https:\/\/senbera.com\/fi\/tuote\/maalinpoistoaine\/#primaryimage"},"thumbnailUrl":"https:\/\/senbera.com\/fi\/wp-content\/uploads\/sites\/19\/2026\/01\/nb081mz-1.webp","datePublished":"2026-01-16T07:18:50+00:00","dateModified":"2026-01-16T07:19:00+00:00","breadcrumb":{"@id":"https:\/\/senbera.com\/fi\/tuote\/maalinpoistoaine\/#breadcrumb"},"inLanguage":"fi","potentialAction":[{"@type":"ReadAction","target":["https:\/\/senbera.com\/fi\/tuote\/maalinpoistoaine\/"]}]},{"@type":"ImageObject","inLanguage":"fi","@id":"https:\/\/senbera.com\/fi\/tuote\/maalinpoistoaine\/#primaryimage","url":"https:\/\/senbera.com\/fi\/wp-content\/uploads\/sites\/19\/2026\/01\/nb081mz-1.webp","contentUrl":"https:\/\/senbera.com\/fi\/wp-content\/uploads\/sites\/19\/2026\/01\/nb081mz-1.webp","width":800,"height":800},{"@type":"BreadcrumbList","@id":"https:\/\/senbera.com\/fi\/tuote\/maalinpoistoaine\/#breadcrumb","itemListElement":[{"@type":"ListItem","position":1,"name":"Home","item":"https:\/\/senbera.com\/fi\/"},{"@type":"ListItem","position":2,"name":"Kauppa","item":"https:\/\/senbera.com\/fi\/kauppa\/"},{"@type":"ListItem","position":3,"name":"Maalinpoistoaine"}]},{"@type":"WebSite","@id":"https:\/\/senbera.com\/fi\/#website","url":"https:\/\/senbera.com\/fi\/","name":"Senbera FI","description":"","publisher":{"@id":"https:\/\/senbera.com\/fi\/#organization"},"potentialAction":[{"@type":"SearchAction","target":{"@type":"EntryPoint","urlTemplate":"https:\/\/senbera.com\/fi\/?s={search_term_string}"},"query-input":{"@type":"PropertyValueSpecification","valueRequired":true,"valueName":"search_term_string"}}],"inLanguage":"fi"},{"@type":"Organization","@id":"https:\/\/senbera.com\/fi\/#organization","name":"Mekulo","url":"https:\/\/senbera.com\/fi\/","logo":{"@type":"ImageObject","inLanguage":"fi","@id":"https:\/\/senbera.com\/fi\/#\/schema\/logo\/image\/","url":"https:\/\/senbera.com\/fi\/wp-content\/uploads\/sites\/19\/2025\/12\/favicon_mekulo.png","contentUrl":"https:\/\/senbera.com\/fi\/wp-content\/uploads\/sites\/19\/2025\/12\/favicon_mekulo.png","width":50,"height":50,"caption":"Mekulo"},"image":{"@id":"https:\/\/senbera.com\/fi\/#\/schema\/logo\/image\/"}}]}},"_links":{"self":[{"href":"https:\/\/senbera.com\/fi\/wp-json\/wp\/v2\/product\/19982","targetHints":{"allow":["GET"]}}],"collection":[{"href":"https:\/\/senbera.com\/fi\/wp-json\/wp\/v2\/product"}],"about":[{"href":"https:\/\/senbera.com\/fi\/wp-json\/wp\/v2\/types\/product"}],"replies":[{"embeddable":true,"href":"https:\/\/senbera.com\/fi\/wp-json\/wp\/v2\/comments?post=19982"}],"wp:featuredmedia":[{"embeddable":true,"href":"https:\/\/senbera.com\/fi\/wp-json\/wp\/v2\/media\/19978"}],"wp:attachment":[{"href":"https:\/\/senbera.com\/fi\/wp-json\/wp\/v2\/media?parent=19982"}],"wp:term":[{"taxonomy":"product_brand","embeddable":true,"href":"https:\/\/senbera.com\/fi\/wp-json\/wp\/v2\/product_brand?post=19982"},{"taxonomy":"product_cat","embeddable":true,"href":"https:\/\/senbera.com\/fi\/wp-json\/wp\/v2\/product_cat?post=19982"},{"taxonomy":"product_tag","embeddable":true,"href":"https:\/\/senbera.com\/fi\/wp-json\/wp\/v2\/product_tag?post=19982"}],"curies":[{"name":"wp","href":"https:\/\/api.w.org\/{rel}","templated":true}]}}