{"id":19955,"date":"2026-01-15T19:48:18","date_gmt":"2026-01-15T17:48:18","guid":{"rendered":"https:\/\/senbera.com\/fi\/tuote\/all-in-one-neulontatyokalu\/"},"modified":"2026-01-15T19:48:18","modified_gmt":"2026-01-15T17:48:18","slug":"all-in-one-neulontatyokalu","status":"publish","type":"product","link":"https:\/\/senbera.com\/fi\/tuote\/all-in-one-neulontatyokalu\/","title":{"rendered":"All-in-one-neulontaty\u00f6kalu"},"content":{"rendered":"<p style=\"text-align: center\"><strong>Ei En\u00e4\u00e4 Sotkeentumista, Vain Sujuvaa Askartelua \ud83e\uddf6<\/strong><span style=\"font-weight: 400\"><br \/>\n<\/span><\/p>\n<p style=\"text-align: center\"><span style=\"font-weight: 400\">T\u00e4m\u00e4 \u00e4lyk\u00e4s lankakulho pit\u00e4\u00e4 langat, j\u00e4rjest\u00e4\u00e4 ty\u00f6kalut ja auttaa sinua neulomaan tai virkkaamaan nopeammin ja helpommin. Kaikki tarvitsemasi on yhdess\u00e4 paikassa!<\/span><\/p>\n<p><img decoding=\"async\" class=\"size-full wp-image-15715 aligncenter\" src=\"https:\/\/keluvo.com\/template\/wp-content\/uploads\/sites\/5\/2025\/04\/72291aa4-ba57-42a5-9114-8181938f3d44.webp\" alt=\"\" \/><\/p>\n<h2 style=\"text-align: center\">T\u00e4rkeimm\u00e4t Edut<\/h2>\n<p><b>Ei en\u00e4\u00e4 sotkua<\/b><span style=\"font-weight: 400\"> \u2013 lanka pysyy paikallaan eik\u00e4 sotkeudu<\/span><span style=\"font-weight: 400\"><br \/>\n<\/span><b><\/b><\/p>\n<p><b>Kaikki ty\u00f6kalut mukana<\/b><span style=\"font-weight: 400\"> \u2013 mukana on mittoja, tulppia ja s\u00e4ilytyspaikkoja<\/span><span style=\"font-weight: 400\"><br \/>\n<\/span><b><\/b><\/p>\n<p><b>Helppo k\u00e4ytt\u00e4\u00e4<\/b><span style=\"font-weight: 400\"> \u2013 nappaat tarvitsemasi ilman laatikon kaivamista<\/span><span style=\"font-weight: 400\"><br \/>\n<\/span><b><\/b><\/p>\n<p><b>T\u00e4ydellinen kaikille langoille<\/b><span style=\"font-weight: 400\"> \u2013 pit\u00e4\u00e4 ja lajittelee kaikentyyppiset ja -kokoiset langat<\/span><span style=\"font-weight: 400\"><br \/>\n<\/span><b><\/b><\/p>\n<p><b>S\u00e4\u00e4st\u00e4\u00e4 aikaa ja tilaa<\/b><span style=\"font-weight: 400\"> \u2013 pit\u00e4\u00e4 ty\u00f6skentelyalueesi siistin\u00e4 ja valmiina<\/span><\/p>\n<h2 style=\"text-align: center\"><img fetchpriority=\"high\" decoding=\"async\" class=\"size-full wp-image-15720 aligncenter\" src=\"https:\/\/keluvo.com\/template\/wp-content\/uploads\/sites\/5\/2025\/04\/2f0b1279-52eb-4aa8-812b-56792db07691.webp\" alt=\"\" width=\"800\" height=\"800\" \/><\/h2>\n<h2 style=\"text-align: center\">T\u00e4ydellinen Mihin Tahansa K\u00e4sity\u00f6h\u00f6n<\/h2>\n<p style=\"text-align: center\"><span style=\"font-weight: 400\">T\u00e4m\u00e4 ei ole pelkk\u00e4 lankakulho &#8211; se on uusi askarteluapulaisesi! Se pit\u00e4\u00e4 lankasi ty\u00f6skentelyn aikana ja s\u00e4ilytt\u00e4\u00e4 kaikki ty\u00f6kalusi yhdess\u00e4 k\u00e4tev\u00e4ss\u00e4 paikassa. T\u00e4m\u00e4 kulho tekee jokaisesta projektista yksinkertaisemman ja hauskemman, neuloitpa sitten neulomalla, virkkaamalla tai molemmilla aloilla. Sopii erinomaisesti niin aloittelijoille kuin ammattilaisillekin!<\/span><\/p>\n<p><img decoding=\"async\" class=\"size-full wp-image-15721 aligncenter\" src=\"https:\/\/keluvo.com\/template\/wp-content\/uploads\/sites\/5\/2025\/04\/4274b416-df75-4b68-a9ed-64bc5f57a0bf.webp\" alt=\"\" width=\"300\" height=\"300\" \/><\/p>\n<h2 style=\"text-align: center\">K\u00e4ytt\u00f6<\/h2>\n<ol>\n<li style=\"font-weight: 400\"><span style=\"font-weight: 400\">Asenna lankapallosi kulhoon.<\/span><span style=\"font-weight: 400\"><br \/>\n<\/span><\/li>\n<li style=\"font-weight: 400\"><span style=\"font-weight: 400\">K\u00e4yt\u00e4 sivussa olevaa langanohjainta est\u00e4m\u00e4\u00e4n sotkeutuminen.<\/span><span style=\"font-weight: 400\"><br \/>\n<\/span><\/li>\n<li style=\"font-weight: 400\"><span style=\"font-weight: 400\">S\u00e4ilyt\u00e4 ty\u00f6kalut sis\u00e4\u00e4nrakennettuihin lokeroihin.<\/span><span style=\"font-weight: 400\"><br \/>\n<\/span><\/li>\n<li style=\"font-weight: 400\"><span style=\"font-weight: 400\">Aloita askartelu, kun kaikki on k\u00e4den ulottuvilla.<\/span><\/li>\n<\/ol>\n<p>&nbsp;<\/p>\n<p><img decoding=\"async\" class=\"size-full wp-image-15723 aligncenter\" src=\"https:\/\/keluvo.com\/template\/wp-content\/uploads\/sites\/5\/2025\/04\/b7dcccde-0e74-4937-8b90-20b0798d3e23.webp\" alt=\"\" \/><\/p>\n<h2 style=\"text-align: center\">Pakkaus Sis\u00e4lt\u00e4\u00e4<\/h2>\n<ul>\n<li style=\"font-weight: 400\"><span style=\"font-weight: 400\">1x all-in-one-neulontaty\u00f6kalu<\/span><span style=\"font-weight: 400\"><br \/>\n<\/span><\/li>\n<li style=\"font-weight: 400\"><span style=\"font-weight: 400\">Sis\u00e4\u00e4nrakennettu lankapidike<\/span><span style=\"font-weight: 400\"><br \/>\n<\/span><\/li>\n<li style=\"font-weight: 400\"><span style=\"font-weight: 400\">Ty\u00f6kalulautaset, joissa on:<\/span><span style=\"font-weight: 400\"><br \/>\n<\/span><span style=\"font-weight: 400\"> \u2022 Tiheysmittari<\/span><span style=\"font-weight: 400\"><br \/>\n<\/span><span style=\"font-weight: 400\"> \u2022 Puikkomitta<\/span><span style=\"font-weight: 400\"><br \/>\n<\/span><span style=\"font-weight: 400\"> \u2022 Neulepuikon pys\u00e4ytin<\/span><span style=\"font-weight: 400\"><br \/>\n<\/span><span style=\"font-weight: 400\"> \u2022 Virkkausmitta<\/span><span style=\"font-weight: 400\"><br \/>\n<\/span><span style=\"font-weight: 400\"> \u2022 Yhdistelytaulu<\/span><span style=\"font-weight: 400\"><br \/>\n<\/span><span style=\"font-weight: 400\"> \u2022 K\u00e4sity\u00f6kalujen s\u00e4ilytyslaatikko.<\/span><\/li>\n<\/ul>\n<p><img decoding=\"async\" class=\"size-full wp-image-15722 aligncenter\" src=\"https:\/\/keluvo.com\/template\/wp-content\/uploads\/sites\/5\/2025\/04\/8b47aa1e-1d25-4eab-ad40-f59b78b4750f.webp\" alt=\"\" width=\"480\" height=\"480\" \/><\/p>\n","protected":false},"excerpt":{"rendered":"<p>Ei En\u00e4\u00e4 Sotkeentumista, Vain Sujuvaa Askartelua \ud83e\uddf6 T\u00e4m\u00e4 \u00e4lyk\u00e4s lankakulho pit\u00e4\u00e4 langat, j\u00e4rjest\u00e4\u00e4 ty\u00f6kalut ja auttaa sinua neulomaan tai virkkaamaan [&hellip;]<\/p>\n","protected":false},"featured_media":19951,"comment_status":"open","ping_status":"closed","template":"","meta":{"site-sidebar-layout":"default","site-content-layout":"","ast-site-content-layout":"default","site-content-style":"default","site-sidebar-style":"default","ast-global-header-display":"","ast-banner-title-visibility":"","ast-main-header-display":"","ast-hfb-above-header-display":"","ast-hfb-below-header-display":"","ast-hfb-mobile-header-display":"","site-post-title":"","ast-breadcrumbs-content":"","ast-featured-img":"","footer-sml-layout":"","ast-disable-related-posts":"","theme-transparent-header-meta":"default","adv-header-id-meta":"","stick-header-meta":"","header-above-stick-meta":"","header-main-stick-meta":"","header-below-stick-meta":"","astra-migrate-meta-layouts":"set","ast-page-background-enabled":"default","ast-page-background-meta":{"desktop":{"background-color":"var(--ast-global-color-5)","background-image":"","background-repeat":"repeat","background-position":"center center","background-size":"auto","background-attachment":"scroll","background-type":"","background-media":"","overlay-type":"","overlay-color":"","overlay-opacity":"","overlay-gradient":""},"tablet":{"background-color":"","background-image":"","background-repeat":"repeat","background-position":"center center","background-size":"auto","background-attachment":"scroll","background-type":"","background-media":"","overlay-type":"","overlay-color":"","overlay-opacity":"","overlay-gradient":""},"mobile":{"background-color":"","background-image":"","background-repeat":"repeat","background-position":"center center","background-size":"auto","background-attachment":"scroll","background-type":"","background-media":"","overlay-type":"","overlay-color":"","overlay-opacity":"","overlay-gradient":""}},"ast-content-background-meta":{"desktop":{"background-color":"var(--ast-global-color-4)","background-image":"","background-repeat":"repeat","background-position":"center center","background-size":"auto","background-attachment":"scroll","background-type":"","background-media":"","overlay-type":"","overlay-color":"","overlay-opacity":"","overlay-gradient":""},"tablet":{"background-color":"var(--ast-global-color-4)","background-image":"","background-repeat":"repeat","background-position":"center center","background-size":"auto","background-attachment":"scroll","background-type":"","background-media":"","overlay-type":"","overlay-color":"","overlay-opacity":"","overlay-gradient":""},"mobile":{"background-color":"var(--ast-global-color-4)","background-image":"","background-repeat":"repeat","background-position":"center center","background-size":"auto","background-attachment":"scroll","background-type":"","background-media":"","overlay-type":"","overlay-color":"","overlay-opacity":"","overlay-gradient":""}}},"product_brand":[],"product_cat":[15],"product_tag":[],"class_list":{"0":"post-19955","1":"product","2":"type-product","3":"status-publish","4":"has-post-thumbnail","6":"product_cat-luokittelematon","7":"desktop-align-left","8":"tablet-align-left","9":"mobile-align-left","11":"first","12":"instock","13":"shipping-taxable","14":"purchasable","15":"product-type-simple"},"yoast_head":"<!-- This site is optimized with the Yoast SEO plugin v27.4 - https:\/\/yoast.com\/product\/yoast-seo-wordpress\/ -->\n<title>All-in-one-neulontaty\u00f6kalu - Senbera FI<\/title>\n<meta name=\"robots\" content=\"index, follow, max-snippet:-1, max-image-preview:large, max-video-preview:-1\" \/>\n<link rel=\"canonical\" href=\"https:\/\/senbera.com\/fi\/tuote\/all-in-one-neulontatyokalu\/\" \/>\n<meta property=\"og:locale\" content=\"fi_FI\" \/>\n<meta property=\"og:type\" content=\"article\" \/>\n<meta property=\"og:title\" content=\"All-in-one-neulontaty\u00f6kalu - Senbera FI\" \/>\n<meta property=\"og:description\" content=\"Ei En\u00e4\u00e4 Sotkeentumista, Vain Sujuvaa Askartelua \ud83e\uddf6 T\u00e4m\u00e4 \u00e4lyk\u00e4s lankakulho pit\u00e4\u00e4 langat, j\u00e4rjest\u00e4\u00e4 ty\u00f6kalut ja auttaa sinua neulomaan tai virkkaamaan [&hellip;]\" \/>\n<meta property=\"og:url\" content=\"https:\/\/senbera.com\/fi\/tuote\/all-in-one-neulontatyokalu\/\" \/>\n<meta property=\"og:site_name\" content=\"Senbera FI\" \/>\n<meta name=\"twitter:card\" content=\"summary_large_image\" \/>\n<meta name=\"twitter:label1\" content=\"Arvioitu lukuaika\" \/>\n\t<meta name=\"twitter:data1\" content=\"1 minuutti\" \/>\n<script type=\"application\/ld+json\" class=\"yoast-schema-graph\">{\"@context\":\"https:\\\/\\\/schema.org\",\"@graph\":[{\"@type\":\"WebPage\",\"@id\":\"https:\\\/\\\/senbera.com\\\/fi\\\/tuote\\\/all-in-one-neulontatyokalu\\\/\",\"url\":\"https:\\\/\\\/senbera.com\\\/fi\\\/tuote\\\/all-in-one-neulontatyokalu\\\/\",\"name\":\"All-in-one-neulontaty\u00f6kalu - Senbera FI\",\"isPartOf\":{\"@id\":\"https:\\\/\\\/senbera.com\\\/fi\\\/#website\"},\"primaryImageOfPage\":{\"@id\":\"https:\\\/\\\/senbera.com\\\/fi\\\/tuote\\\/all-in-one-neulontatyokalu\\\/#primaryimage\"},\"image\":{\"@id\":\"https:\\\/\\\/senbera.com\\\/fi\\\/tuote\\\/all-in-one-neulontatyokalu\\\/#primaryimage\"},\"thumbnailUrl\":\"https:\\\/\\\/senbera.com\\\/fi\\\/wp-content\\\/uploads\\\/sites\\\/19\\\/2026\\\/01\\\/iy1wmng-1.webp\",\"datePublished\":\"2026-01-15T17:48:18+00:00\",\"breadcrumb\":{\"@id\":\"https:\\\/\\\/senbera.com\\\/fi\\\/tuote\\\/all-in-one-neulontatyokalu\\\/#breadcrumb\"},\"inLanguage\":\"fi\",\"potentialAction\":[{\"@type\":\"ReadAction\",\"target\":[\"https:\\\/\\\/senbera.com\\\/fi\\\/tuote\\\/all-in-one-neulontatyokalu\\\/\"]}]},{\"@type\":\"ImageObject\",\"inLanguage\":\"fi\",\"@id\":\"https:\\\/\\\/senbera.com\\\/fi\\\/tuote\\\/all-in-one-neulontatyokalu\\\/#primaryimage\",\"url\":\"https:\\\/\\\/senbera.com\\\/fi\\\/wp-content\\\/uploads\\\/sites\\\/19\\\/2026\\\/01\\\/iy1wmng-1.webp\",\"contentUrl\":\"https:\\\/\\\/senbera.com\\\/fi\\\/wp-content\\\/uploads\\\/sites\\\/19\\\/2026\\\/01\\\/iy1wmng-1.webp\",\"width\":800,\"height\":800},{\"@type\":\"BreadcrumbList\",\"@id\":\"https:\\\/\\\/senbera.com\\\/fi\\\/tuote\\\/all-in-one-neulontatyokalu\\\/#breadcrumb\",\"itemListElement\":[{\"@type\":\"ListItem\",\"position\":1,\"name\":\"Home\",\"item\":\"https:\\\/\\\/senbera.com\\\/fi\\\/\"},{\"@type\":\"ListItem\",\"position\":2,\"name\":\"Kauppa\",\"item\":\"https:\\\/\\\/senbera.com\\\/fi\\\/kauppa\\\/\"},{\"@type\":\"ListItem\",\"position\":3,\"name\":\"All-in-one-neulontaty\u00f6kalu\"}]},{\"@type\":\"WebSite\",\"@id\":\"https:\\\/\\\/senbera.com\\\/fi\\\/#website\",\"url\":\"https:\\\/\\\/senbera.com\\\/fi\\\/\",\"name\":\"Senbera FI\",\"description\":\"\",\"publisher\":{\"@id\":\"https:\\\/\\\/senbera.com\\\/fi\\\/#organization\"},\"potentialAction\":[{\"@type\":\"SearchAction\",\"target\":{\"@type\":\"EntryPoint\",\"urlTemplate\":\"https:\\\/\\\/senbera.com\\\/fi\\\/?s={search_term_string}\"},\"query-input\":{\"@type\":\"PropertyValueSpecification\",\"valueRequired\":true,\"valueName\":\"search_term_string\"}}],\"inLanguage\":\"fi\"},{\"@type\":\"Organization\",\"@id\":\"https:\\\/\\\/senbera.com\\\/fi\\\/#organization\",\"name\":\"Mekulo\",\"url\":\"https:\\\/\\\/senbera.com\\\/fi\\\/\",\"logo\":{\"@type\":\"ImageObject\",\"inLanguage\":\"fi\",\"@id\":\"https:\\\/\\\/senbera.com\\\/fi\\\/#\\\/schema\\\/logo\\\/image\\\/\",\"url\":\"https:\\\/\\\/senbera.com\\\/fi\\\/wp-content\\\/uploads\\\/sites\\\/19\\\/2025\\\/12\\\/favicon_mekulo.png\",\"contentUrl\":\"https:\\\/\\\/senbera.com\\\/fi\\\/wp-content\\\/uploads\\\/sites\\\/19\\\/2025\\\/12\\\/favicon_mekulo.png\",\"width\":50,\"height\":50,\"caption\":\"Mekulo\"},\"image\":{\"@id\":\"https:\\\/\\\/senbera.com\\\/fi\\\/#\\\/schema\\\/logo\\\/image\\\/\"}}]}<\/script>\n<!-- \/ Yoast SEO plugin. -->","yoast_head_json":{"title":"All-in-one-neulontaty\u00f6kalu - Senbera FI","robots":{"index":"index","follow":"follow","max-snippet":"max-snippet:-1","max-image-preview":"max-image-preview:large","max-video-preview":"max-video-preview:-1"},"canonical":"https:\/\/senbera.com\/fi\/tuote\/all-in-one-neulontatyokalu\/","og_locale":"fi_FI","og_type":"article","og_title":"All-in-one-neulontaty\u00f6kalu - Senbera FI","og_description":"Ei En\u00e4\u00e4 Sotkeentumista, Vain Sujuvaa Askartelua \ud83e\uddf6 T\u00e4m\u00e4 \u00e4lyk\u00e4s lankakulho pit\u00e4\u00e4 langat, j\u00e4rjest\u00e4\u00e4 ty\u00f6kalut ja auttaa sinua neulomaan tai virkkaamaan [&hellip;]","og_url":"https:\/\/senbera.com\/fi\/tuote\/all-in-one-neulontatyokalu\/","og_site_name":"Senbera FI","twitter_card":"summary_large_image","twitter_misc":{"Arvioitu lukuaika":"1 minuutti"},"schema":{"@context":"https:\/\/schema.org","@graph":[{"@type":"WebPage","@id":"https:\/\/senbera.com\/fi\/tuote\/all-in-one-neulontatyokalu\/","url":"https:\/\/senbera.com\/fi\/tuote\/all-in-one-neulontatyokalu\/","name":"All-in-one-neulontaty\u00f6kalu - Senbera FI","isPartOf":{"@id":"https:\/\/senbera.com\/fi\/#website"},"primaryImageOfPage":{"@id":"https:\/\/senbera.com\/fi\/tuote\/all-in-one-neulontatyokalu\/#primaryimage"},"image":{"@id":"https:\/\/senbera.com\/fi\/tuote\/all-in-one-neulontatyokalu\/#primaryimage"},"thumbnailUrl":"https:\/\/senbera.com\/fi\/wp-content\/uploads\/sites\/19\/2026\/01\/iy1wmng-1.webp","datePublished":"2026-01-15T17:48:18+00:00","breadcrumb":{"@id":"https:\/\/senbera.com\/fi\/tuote\/all-in-one-neulontatyokalu\/#breadcrumb"},"inLanguage":"fi","potentialAction":[{"@type":"ReadAction","target":["https:\/\/senbera.com\/fi\/tuote\/all-in-one-neulontatyokalu\/"]}]},{"@type":"ImageObject","inLanguage":"fi","@id":"https:\/\/senbera.com\/fi\/tuote\/all-in-one-neulontatyokalu\/#primaryimage","url":"https:\/\/senbera.com\/fi\/wp-content\/uploads\/sites\/19\/2026\/01\/iy1wmng-1.webp","contentUrl":"https:\/\/senbera.com\/fi\/wp-content\/uploads\/sites\/19\/2026\/01\/iy1wmng-1.webp","width":800,"height":800},{"@type":"BreadcrumbList","@id":"https:\/\/senbera.com\/fi\/tuote\/all-in-one-neulontatyokalu\/#breadcrumb","itemListElement":[{"@type":"ListItem","position":1,"name":"Home","item":"https:\/\/senbera.com\/fi\/"},{"@type":"ListItem","position":2,"name":"Kauppa","item":"https:\/\/senbera.com\/fi\/kauppa\/"},{"@type":"ListItem","position":3,"name":"All-in-one-neulontaty\u00f6kalu"}]},{"@type":"WebSite","@id":"https:\/\/senbera.com\/fi\/#website","url":"https:\/\/senbera.com\/fi\/","name":"Senbera FI","description":"","publisher":{"@id":"https:\/\/senbera.com\/fi\/#organization"},"potentialAction":[{"@type":"SearchAction","target":{"@type":"EntryPoint","urlTemplate":"https:\/\/senbera.com\/fi\/?s={search_term_string}"},"query-input":{"@type":"PropertyValueSpecification","valueRequired":true,"valueName":"search_term_string"}}],"inLanguage":"fi"},{"@type":"Organization","@id":"https:\/\/senbera.com\/fi\/#organization","name":"Mekulo","url":"https:\/\/senbera.com\/fi\/","logo":{"@type":"ImageObject","inLanguage":"fi","@id":"https:\/\/senbera.com\/fi\/#\/schema\/logo\/image\/","url":"https:\/\/senbera.com\/fi\/wp-content\/uploads\/sites\/19\/2025\/12\/favicon_mekulo.png","contentUrl":"https:\/\/senbera.com\/fi\/wp-content\/uploads\/sites\/19\/2025\/12\/favicon_mekulo.png","width":50,"height":50,"caption":"Mekulo"},"image":{"@id":"https:\/\/senbera.com\/fi\/#\/schema\/logo\/image\/"}}]}},"_links":{"self":[{"href":"https:\/\/senbera.com\/fi\/wp-json\/wp\/v2\/product\/19955","targetHints":{"allow":["GET"]}}],"collection":[{"href":"https:\/\/senbera.com\/fi\/wp-json\/wp\/v2\/product"}],"about":[{"href":"https:\/\/senbera.com\/fi\/wp-json\/wp\/v2\/types\/product"}],"replies":[{"embeddable":true,"href":"https:\/\/senbera.com\/fi\/wp-json\/wp\/v2\/comments?post=19955"}],"wp:featuredmedia":[{"embeddable":true,"href":"https:\/\/senbera.com\/fi\/wp-json\/wp\/v2\/media\/19951"}],"wp:attachment":[{"href":"https:\/\/senbera.com\/fi\/wp-json\/wp\/v2\/media?parent=19955"}],"wp:term":[{"taxonomy":"product_brand","embeddable":true,"href":"https:\/\/senbera.com\/fi\/wp-json\/wp\/v2\/product_brand?post=19955"},{"taxonomy":"product_cat","embeddable":true,"href":"https:\/\/senbera.com\/fi\/wp-json\/wp\/v2\/product_cat?post=19955"},{"taxonomy":"product_tag","embeddable":true,"href":"https:\/\/senbera.com\/fi\/wp-json\/wp\/v2\/product_tag?post=19955"}],"curies":[{"name":"wp","href":"https:\/\/api.w.org\/{rel}","templated":true}]}}