{"id":19946,"date":"2026-01-15T19:47:06","date_gmt":"2026-01-15T17:47:06","guid":{"rendered":"https:\/\/senbera.com\/fi\/tuote\/shot-lasin-annostelija\/"},"modified":"2026-01-15T19:47:06","modified_gmt":"2026-01-15T17:47:06","slug":"shot-lasin-annostelija","status":"publish","type":"product","link":"https:\/\/senbera.com\/fi\/tuote\/shot-lasin-annostelija\/","title":{"rendered":"Shot-lasin annostelija"},"content":{"rendered":"<p style=\"text-align: center\"><strong>Hauska, nopea ja t\u00e4ydellinen juhliin \ud83e\udd43<\/strong><span style=\"font-weight: 400\"><br \/>\n<\/span><\/p>\n<p style=\"text-align: center\"><span style=\"font-weight: 400\">T\u00e4m\u00e4 n\u00e4pp\u00e4r\u00e4 annostelija kaataa kuusi shottia kerralla. Ei sotkua, ei odottelua &#8211; vain enemm\u00e4n hauskanpitoa kaikille!<\/span><\/p>\n<h2 style=\"text-align: center\"><img decoding=\"async\" class=\"size-full wp-image-15769 aligncenter\" src=\"https:\/\/keluvo.com\/template\/wp-content\/uploads\/sites\/5\/2025\/04\/9bcdd5eb-87b4-4a2c-b48c-f5d5b1d58ae2-ezgif.com-gif-to-webp-converter.webp\" alt=\"\" \/><strong>T\u00e4rkeimm\u00e4t Edut<\/strong><\/h2>\n<p><b>Tasainen kaato joka kerta<\/b><span style=\"font-weight: 400\"> \u2013 jakaa nesteen tasaisesti kaikkiin kuuteen lasiin<\/span><\/p>\n<p><b>Vahva ja turvallinen<\/b><span style=\"font-weight: 400\"> \u2013 valmistettu elintarvikekelpoisesta, kest\u00e4v\u00e4st\u00e4 akryylist\u00e4<\/span><\/p>\n<p><b>Nopea &amp; helppo asennus<\/b><span style=\"font-weight: 400\"> \u2013 s\u00e4\u00e4st\u00e4\u00e4 aikaa ja lis\u00e4\u00e4 juhlatunnelmaa<\/span><\/p>\n<p><b>Sile\u00e4 pinta<\/b><span style=\"font-weight: 400\"> \u2013 helppo puhdistaa k\u00e4yt\u00f6n j\u00e4lkeen<\/span><\/p>\n<p><b>Toimii mink\u00e4 tahansa juoman kanssa<\/b><span style=\"font-weight: 400\"> \u2013 k\u00e4yt\u00e4 viinin, mehun, v\u00e4kevien alkoholijuomien tai cocktailien kanssa<\/span><\/p>\n<h2 style=\"text-align: center\"><img decoding=\"async\" class=\"size-full wp-image-15772 aligncenter\" src=\"https:\/\/keluvo.com\/template\/wp-content\/uploads\/sites\/5\/2025\/04\/main-image-4-19.jpeg\" alt=\"\" \/><strong>Parasta Mihin Tahansa Juhliin<\/strong><\/h2>\n<p style=\"text-align: center\"><span style=\"font-weight: 400\">Valmisteletko juhlia? T\u00e4m\u00e4 paukkuannostelija tekee siit\u00e4 helppoa ja j\u00e4nnitt\u00e4v\u00e4\u00e4. Kaada vain yl\u00e4osaan ja katso, miten se virtaa kuuteen lasiin kerralla. Valitsitpa sitten klassisen l\u00e4pin\u00e4kyv\u00e4n sarjan tai valaistun valos\u00e4hk\u00f6isen version, se tekee varmasti vaikutuksen vieraisiin ja pit\u00e4\u00e4 hauskaa!<\/span><\/p>\n<h2 style=\"text-align: center\"><img decoding=\"async\" class=\"size-full wp-image-15773 aligncenter\" src=\"https:\/\/keluvo.com\/template\/wp-content\/uploads\/sites\/5\/2025\/04\/7eca0451-bd74-457b-b218-28eb7bc1f968.webp\" alt=\"\" \/><strong>K\u00e4ytt\u00f6<\/strong><\/h2>\n<ol>\n<li><span style=\"font-weight: 400\">Asenna kuusi shottilasia annostelijan alle.<\/span><span style=\"font-weight: 400\"><br \/>\n<\/span><\/li>\n<li><span style=\"font-weight: 400\">Kaada juomasi yl\u00e4osaan.<\/span><span style=\"font-weight: 400\"><br \/>\n<\/span><\/li>\n<li><span style=\"font-weight: 400\">Katso, kuinka neste virtaa tasaisesti jokaiseen lasiin.<\/span><span style=\"font-weight: 400\"><br \/>\n<\/span><\/li>\n<li><span style=\"font-weight: 400\">Ota lasisi ja nauti!<\/span><span style=\"font-weight: 400\"><br \/>\n<\/span><\/li>\n<\/ol>\n<p><img fetchpriority=\"high\" decoding=\"async\" class=\"size-full wp-image-15774 aligncenter\" src=\"https:\/\/keluvo.com\/template\/wp-content\/uploads\/sites\/5\/2025\/04\/c717a390-d135-4cde-b241-05ff62034e13.webp\" alt=\"\" width=\"416\" height=\"416\" \/><\/p>\n<h2 style=\"text-align: center\"><strong>Pakkaus Sis\u00e4lt\u00e4\u00e4<\/strong><b><br \/>\n<\/b><\/h2>\n<ul>\n<li><span style=\"font-weight: 400\">1x shottilasiannostelija<\/span><span style=\"font-weight: 400\"><br \/>\n<\/span><\/li>\n<li><span style=\"font-weight: 400\">6x shottilasit.<\/span><\/li>\n<\/ul>\n","protected":false},"excerpt":{"rendered":"<p>Hauska, nopea ja t\u00e4ydellinen juhliin \ud83e\udd43 T\u00e4m\u00e4 n\u00e4pp\u00e4r\u00e4 annostelija kaataa kuusi shottia kerralla. Ei sotkua, ei odottelua &#8211; vain enemm\u00e4n [&hellip;]<\/p>\n","protected":false},"featured_media":19942,"comment_status":"open","ping_status":"closed","template":"","meta":{"site-sidebar-layout":"default","site-content-layout":"","ast-site-content-layout":"default","site-content-style":"default","site-sidebar-style":"default","ast-global-header-display":"","ast-banner-title-visibility":"","ast-main-header-display":"","ast-hfb-above-header-display":"","ast-hfb-below-header-display":"","ast-hfb-mobile-header-display":"","site-post-title":"","ast-breadcrumbs-content":"","ast-featured-img":"","footer-sml-layout":"","theme-transparent-header-meta":"default","adv-header-id-meta":"","stick-header-meta":"","header-above-stick-meta":"","header-main-stick-meta":"","header-below-stick-meta":"","astra-migrate-meta-layouts":"set","ast-page-background-enabled":"default","ast-page-background-meta":{"desktop":{"background-color":"var(--ast-global-color-5)","background-image":"","background-repeat":"repeat","background-position":"center center","background-size":"auto","background-attachment":"scroll","background-type":"","background-media":"","overlay-type":"","overlay-color":"","overlay-opacity":"","overlay-gradient":""},"tablet":{"background-color":"","background-image":"","background-repeat":"repeat","background-position":"center center","background-size":"auto","background-attachment":"scroll","background-type":"","background-media":"","overlay-type":"","overlay-color":"","overlay-opacity":"","overlay-gradient":""},"mobile":{"background-color":"","background-image":"","background-repeat":"repeat","background-position":"center center","background-size":"auto","background-attachment":"scroll","background-type":"","background-media":"","overlay-type":"","overlay-color":"","overlay-opacity":"","overlay-gradient":""}},"ast-content-background-meta":{"desktop":{"background-color":"var(--ast-global-color-4)","background-image":"","background-repeat":"repeat","background-position":"center center","background-size":"auto","background-attachment":"scroll","background-type":"","background-media":"","overlay-type":"","overlay-color":"","overlay-opacity":"","overlay-gradient":""},"tablet":{"background-color":"var(--ast-global-color-4)","background-image":"","background-repeat":"repeat","background-position":"center center","background-size":"auto","background-attachment":"scroll","background-type":"","background-media":"","overlay-type":"","overlay-color":"","overlay-opacity":"","overlay-gradient":""},"mobile":{"background-color":"var(--ast-global-color-4)","background-image":"","background-repeat":"repeat","background-position":"center center","background-size":"auto","background-attachment":"scroll","background-type":"","background-media":"","overlay-type":"","overlay-color":"","overlay-opacity":"","overlay-gradient":""}}},"product_brand":[],"product_cat":[15],"product_tag":[],"class_list":{"0":"post-19946","1":"product","2":"type-product","3":"status-publish","4":"has-post-thumbnail","6":"product_cat-luokittelematon","7":"desktop-align-left","8":"tablet-align-left","9":"mobile-align-left","11":"first","12":"instock","13":"shipping-taxable","14":"purchasable","15":"product-type-simple"},"yoast_head":"<!-- This site is optimized with the Yoast SEO plugin v26.6 - https:\/\/yoast.com\/wordpress\/plugins\/seo\/ -->\n<title>Shot-lasin annostelija - Senbera FI<\/title>\n<meta name=\"robots\" content=\"index, follow, max-snippet:-1, max-image-preview:large, max-video-preview:-1\" \/>\n<link rel=\"canonical\" href=\"https:\/\/senbera.com\/fi\/tuote\/shot-lasin-annostelija\/\" \/>\n<meta property=\"og:locale\" content=\"fi_FI\" \/>\n<meta property=\"og:type\" content=\"article\" \/>\n<meta property=\"og:title\" content=\"Shot-lasin annostelija - Senbera FI\" \/>\n<meta property=\"og:description\" content=\"Hauska, nopea ja t\u00e4ydellinen juhliin \ud83e\udd43 T\u00e4m\u00e4 n\u00e4pp\u00e4r\u00e4 annostelija kaataa kuusi shottia kerralla. Ei sotkua, ei odottelua &#8211; vain enemm\u00e4n [&hellip;]\" \/>\n<meta property=\"og:url\" content=\"https:\/\/senbera.com\/fi\/tuote\/shot-lasin-annostelija\/\" \/>\n<meta property=\"og:site_name\" content=\"Senbera FI\" \/>\n<meta name=\"twitter:card\" content=\"summary_large_image\" \/>\n<meta name=\"twitter:label1\" content=\"Arvioitu lukuaika\" \/>\n\t<meta name=\"twitter:data1\" content=\"1 minuutti\" \/>\n<script type=\"application\/ld+json\" class=\"yoast-schema-graph\">{\"@context\":\"https:\/\/schema.org\",\"@graph\":[{\"@type\":\"WebPage\",\"@id\":\"https:\/\/senbera.com\/fi\/tuote\/shot-lasin-annostelija\/\",\"url\":\"https:\/\/senbera.com\/fi\/tuote\/shot-lasin-annostelija\/\",\"name\":\"Shot-lasin annostelija - Senbera FI\",\"isPartOf\":{\"@id\":\"https:\/\/senbera.com\/fi\/#website\"},\"primaryImageOfPage\":{\"@id\":\"https:\/\/senbera.com\/fi\/tuote\/shot-lasin-annostelija\/#primaryimage\"},\"image\":{\"@id\":\"https:\/\/senbera.com\/fi\/tuote\/shot-lasin-annostelija\/#primaryimage\"},\"thumbnailUrl\":\"https:\/\/senbera.com\/fi\/wp-content\/uploads\/sites\/19\/2026\/01\/bi7nshy-1.jpeg\",\"datePublished\":\"2026-01-15T17:47:06+00:00\",\"breadcrumb\":{\"@id\":\"https:\/\/senbera.com\/fi\/tuote\/shot-lasin-annostelija\/#breadcrumb\"},\"inLanguage\":\"fi\",\"potentialAction\":[{\"@type\":\"ReadAction\",\"target\":[\"https:\/\/senbera.com\/fi\/tuote\/shot-lasin-annostelija\/\"]}]},{\"@type\":\"ImageObject\",\"inLanguage\":\"fi\",\"@id\":\"https:\/\/senbera.com\/fi\/tuote\/shot-lasin-annostelija\/#primaryimage\",\"url\":\"https:\/\/senbera.com\/fi\/wp-content\/uploads\/sites\/19\/2026\/01\/bi7nshy-1.jpeg\",\"contentUrl\":\"https:\/\/senbera.com\/fi\/wp-content\/uploads\/sites\/19\/2026\/01\/bi7nshy-1.jpeg\",\"width\":800,\"height\":800},{\"@type\":\"BreadcrumbList\",\"@id\":\"https:\/\/senbera.com\/fi\/tuote\/shot-lasin-annostelija\/#breadcrumb\",\"itemListElement\":[{\"@type\":\"ListItem\",\"position\":1,\"name\":\"Home\",\"item\":\"https:\/\/senbera.com\/fi\/\"},{\"@type\":\"ListItem\",\"position\":2,\"name\":\"Kauppa\",\"item\":\"https:\/\/senbera.com\/fi\/kauppa\/\"},{\"@type\":\"ListItem\",\"position\":3,\"name\":\"Shot-lasin annostelija\"}]},{\"@type\":\"WebSite\",\"@id\":\"https:\/\/senbera.com\/fi\/#website\",\"url\":\"https:\/\/senbera.com\/fi\/\",\"name\":\"Senbera FI\",\"description\":\"\",\"publisher\":{\"@id\":\"https:\/\/senbera.com\/fi\/#organization\"},\"potentialAction\":[{\"@type\":\"SearchAction\",\"target\":{\"@type\":\"EntryPoint\",\"urlTemplate\":\"https:\/\/senbera.com\/fi\/?s={search_term_string}\"},\"query-input\":{\"@type\":\"PropertyValueSpecification\",\"valueRequired\":true,\"valueName\":\"search_term_string\"}}],\"inLanguage\":\"fi\"},{\"@type\":\"Organization\",\"@id\":\"https:\/\/senbera.com\/fi\/#organization\",\"name\":\"Mekulo\",\"url\":\"https:\/\/senbera.com\/fi\/\",\"logo\":{\"@type\":\"ImageObject\",\"inLanguage\":\"fi\",\"@id\":\"https:\/\/senbera.com\/fi\/#\/schema\/logo\/image\/\",\"url\":\"https:\/\/senbera.com\/fi\/wp-content\/uploads\/sites\/19\/2025\/12\/favicon_mekulo.png\",\"contentUrl\":\"https:\/\/senbera.com\/fi\/wp-content\/uploads\/sites\/19\/2025\/12\/favicon_mekulo.png\",\"width\":50,\"height\":50,\"caption\":\"Mekulo\"},\"image\":{\"@id\":\"https:\/\/senbera.com\/fi\/#\/schema\/logo\/image\/\"}}]}<\/script>\n<!-- \/ Yoast SEO plugin. -->","yoast_head_json":{"title":"Shot-lasin annostelija - Senbera FI","robots":{"index":"index","follow":"follow","max-snippet":"max-snippet:-1","max-image-preview":"max-image-preview:large","max-video-preview":"max-video-preview:-1"},"canonical":"https:\/\/senbera.com\/fi\/tuote\/shot-lasin-annostelija\/","og_locale":"fi_FI","og_type":"article","og_title":"Shot-lasin annostelija - Senbera FI","og_description":"Hauska, nopea ja t\u00e4ydellinen juhliin \ud83e\udd43 T\u00e4m\u00e4 n\u00e4pp\u00e4r\u00e4 annostelija kaataa kuusi shottia kerralla. Ei sotkua, ei odottelua &#8211; vain enemm\u00e4n [&hellip;]","og_url":"https:\/\/senbera.com\/fi\/tuote\/shot-lasin-annostelija\/","og_site_name":"Senbera FI","twitter_card":"summary_large_image","twitter_misc":{"Arvioitu lukuaika":"1 minuutti"},"schema":{"@context":"https:\/\/schema.org","@graph":[{"@type":"WebPage","@id":"https:\/\/senbera.com\/fi\/tuote\/shot-lasin-annostelija\/","url":"https:\/\/senbera.com\/fi\/tuote\/shot-lasin-annostelija\/","name":"Shot-lasin annostelija - Senbera FI","isPartOf":{"@id":"https:\/\/senbera.com\/fi\/#website"},"primaryImageOfPage":{"@id":"https:\/\/senbera.com\/fi\/tuote\/shot-lasin-annostelija\/#primaryimage"},"image":{"@id":"https:\/\/senbera.com\/fi\/tuote\/shot-lasin-annostelija\/#primaryimage"},"thumbnailUrl":"https:\/\/senbera.com\/fi\/wp-content\/uploads\/sites\/19\/2026\/01\/bi7nshy-1.jpeg","datePublished":"2026-01-15T17:47:06+00:00","breadcrumb":{"@id":"https:\/\/senbera.com\/fi\/tuote\/shot-lasin-annostelija\/#breadcrumb"},"inLanguage":"fi","potentialAction":[{"@type":"ReadAction","target":["https:\/\/senbera.com\/fi\/tuote\/shot-lasin-annostelija\/"]}]},{"@type":"ImageObject","inLanguage":"fi","@id":"https:\/\/senbera.com\/fi\/tuote\/shot-lasin-annostelija\/#primaryimage","url":"https:\/\/senbera.com\/fi\/wp-content\/uploads\/sites\/19\/2026\/01\/bi7nshy-1.jpeg","contentUrl":"https:\/\/senbera.com\/fi\/wp-content\/uploads\/sites\/19\/2026\/01\/bi7nshy-1.jpeg","width":800,"height":800},{"@type":"BreadcrumbList","@id":"https:\/\/senbera.com\/fi\/tuote\/shot-lasin-annostelija\/#breadcrumb","itemListElement":[{"@type":"ListItem","position":1,"name":"Home","item":"https:\/\/senbera.com\/fi\/"},{"@type":"ListItem","position":2,"name":"Kauppa","item":"https:\/\/senbera.com\/fi\/kauppa\/"},{"@type":"ListItem","position":3,"name":"Shot-lasin annostelija"}]},{"@type":"WebSite","@id":"https:\/\/senbera.com\/fi\/#website","url":"https:\/\/senbera.com\/fi\/","name":"Senbera FI","description":"","publisher":{"@id":"https:\/\/senbera.com\/fi\/#organization"},"potentialAction":[{"@type":"SearchAction","target":{"@type":"EntryPoint","urlTemplate":"https:\/\/senbera.com\/fi\/?s={search_term_string}"},"query-input":{"@type":"PropertyValueSpecification","valueRequired":true,"valueName":"search_term_string"}}],"inLanguage":"fi"},{"@type":"Organization","@id":"https:\/\/senbera.com\/fi\/#organization","name":"Mekulo","url":"https:\/\/senbera.com\/fi\/","logo":{"@type":"ImageObject","inLanguage":"fi","@id":"https:\/\/senbera.com\/fi\/#\/schema\/logo\/image\/","url":"https:\/\/senbera.com\/fi\/wp-content\/uploads\/sites\/19\/2025\/12\/favicon_mekulo.png","contentUrl":"https:\/\/senbera.com\/fi\/wp-content\/uploads\/sites\/19\/2025\/12\/favicon_mekulo.png","width":50,"height":50,"caption":"Mekulo"},"image":{"@id":"https:\/\/senbera.com\/fi\/#\/schema\/logo\/image\/"}}]}},"_links":{"self":[{"href":"https:\/\/senbera.com\/fi\/wp-json\/wp\/v2\/product\/19946","targetHints":{"allow":["GET"]}}],"collection":[{"href":"https:\/\/senbera.com\/fi\/wp-json\/wp\/v2\/product"}],"about":[{"href":"https:\/\/senbera.com\/fi\/wp-json\/wp\/v2\/types\/product"}],"replies":[{"embeddable":true,"href":"https:\/\/senbera.com\/fi\/wp-json\/wp\/v2\/comments?post=19946"}],"wp:featuredmedia":[{"embeddable":true,"href":"https:\/\/senbera.com\/fi\/wp-json\/wp\/v2\/media\/19942"}],"wp:attachment":[{"href":"https:\/\/senbera.com\/fi\/wp-json\/wp\/v2\/media?parent=19946"}],"wp:term":[{"taxonomy":"product_brand","embeddable":true,"href":"https:\/\/senbera.com\/fi\/wp-json\/wp\/v2\/product_brand?post=19946"},{"taxonomy":"product_cat","embeddable":true,"href":"https:\/\/senbera.com\/fi\/wp-json\/wp\/v2\/product_cat?post=19946"},{"taxonomy":"product_tag","embeddable":true,"href":"https:\/\/senbera.com\/fi\/wp-json\/wp\/v2\/product_tag?post=19946"}],"curies":[{"name":"wp","href":"https:\/\/api.w.org\/{rel}","templated":true}]}}