{"id":19933,"date":"2026-01-15T19:46:19","date_gmt":"2026-01-15T17:46:19","guid":{"rendered":"https:\/\/senbera.com\/fi\/tuote\/koiran-kantolaukku\/"},"modified":"2026-01-15T19:46:26","modified_gmt":"2026-01-15T17:46:26","slug":"koiran-kantolaukku","status":"publish","type":"product","link":"https:\/\/senbera.com\/fi\/tuote\/koiran-kantolaukku\/","title":{"rendered":"Koiran kantolaukku"},"content":{"rendered":"<p style=\"text-align: center\"><strong>Turvallinen, mukava ja t\u00e4ydellinen matkustamiseen \ud83d\udc36<\/strong><span style=\"font-weight: 400\"><br \/>\n<\/span><\/p>\n<p style=\"text-align: center\"><span style=\"font-weight: 400\">T\u00e4m\u00e4 all-in-one-lemmikkien kuljetuslaukku toimii laukkuna, turvaistuimena ja viihtyis\u00e4n\u00e4 s\u00e4nkyn\u00e4. Se pit\u00e4\u00e4 pienen koirasi tai kissasi turvassa, mukavana ja onnellisena &#8211; riippumatta siit\u00e4, minne menet.<\/span><\/p>\n<h2 style=\"text-align: center\"><img decoding=\"async\" class=\"size-full wp-image-15800 aligncenter\" src=\"https:\/\/keluvo.com\/template\/wp-content\/uploads\/sites\/5\/2025\/04\/c40fa7a7-1f90-4ce5-bba2-9ce23e56e789.webp\" alt=\"\" \/><strong>T\u00e4rkeimm\u00e4t Edut<\/strong><\/h2>\n<p><b>3-in-1-muotoilu<\/b><span style=\"font-weight: 400\"> \u2013 k\u00e4yt\u00e4 sit\u00e4 matkalaukkuna, turvaistuimena tai lemmikkiel\u00e4inten s\u00e4nkyn\u00e4<\/span><span style=\"font-weight: 400\"><br \/>\n<\/span><b><\/b><\/p>\n<p><b>Pehme\u00e4 ja vahva<\/b><span style=\"font-weight: 400\"> \u2013 naarmuuntumaton ulkopuoli, pehme\u00e4 tyyny sis\u00e4puolella<\/span><span style=\"font-weight: 400\"><br \/>\n<\/span><b><\/b><\/p>\n<p><b>Ymp\u00e4rivuotinen mukavuus<\/b><span style=\"font-weight: 400\"> \u2013 l\u00e4mmin puoli kylmiin p\u00e4iviin, viile\u00e4 puoli l\u00e4mpimiin p\u00e4iviin<\/span><span style=\"font-weight: 400\"><br \/>\n<\/span><b><\/b><\/p>\n<p><b>Turvallinen autoihin<\/b><span style=\"font-weight: 400\"> \u2013 sis\u00e4\u00e4nrakennettu turvahihna soljella pit\u00e4\u00e4 lemmikkiel\u00e4imet turvassa<\/span><span style=\"font-weight: 400\"><br \/>\n<\/span><b><\/b><\/p>\n<p><b>Helppo asentaa ja siivota<\/b><span style=\"font-weight: 400\"> \u2013 sopii useimpiin autoihin, irrotettavissa olevat osat nopeaan puhdistukseen<\/span><\/p>\n<p><img decoding=\"async\" class=\"size-full wp-image-15796 aligncenter\" src=\"https:\/\/keluvo.com\/template\/wp-content\/uploads\/sites\/5\/2025\/04\/130b16b9-bc09-4dde-b8db-3249fa698fb6.webp\" alt=\"\" \/><\/p>\n<h2 style=\"text-align: center\"><strong>T\u00e4ydellinen Mille Tahansa Lemmikkiel\u00e4imelle<\/strong><\/h2>\n<p style=\"text-align: center\"><span style=\"font-weight: 400\">T\u00e4m\u00e4 lemmikkiel\u00e4inten kantokoppa sopii t\u00e4ydelliseksi karvakaverin kanssa teht\u00e4viin seikkailuihin. Se on tarpeeksi mukava p\u00e4iv\u00e4unille, tarpeeksi kest\u00e4v\u00e4 autokyytej\u00e4 varten ja tarpeeksi kevyt kannettavaksi. Vahvan kahvan ja pehme\u00e4n muistivaahtomuovin sis\u00e4lt\u00e4 se on rakennettu mukavuutta ja turvallisuutta varten. Sopii erinomaisesti pienille lemmikkiel\u00e4imille, joiden paino on enint\u00e4\u00e4n 35 lbs.<\/span><\/p>\n<h2 style=\"text-align: center\"><img decoding=\"async\" class=\"size-full wp-image-15804 aligncenter\" src=\"https:\/\/keluvo.com\/template\/wp-content\/uploads\/sites\/5\/2025\/04\/0dbbd2e0-c205-4ced-9ae7-6b3068f8467a.webp\" alt=\"\" \/><strong>Pakkaus Sis\u00e4lt\u00e4\u00e4<\/strong><\/h2>\n<ul>\n<li style=\"font-weight: 400\"><span style=\"font-weight: 400\">1x lemmikkiel\u00e4inten kuljetuslaukku<\/span><span style=\"font-weight: 400\"><br \/>\n<\/span><\/li>\n<li style=\"font-weight: 400\"><span style=\"font-weight: 400\">1x pehme\u00e4 lemmikkimatto (laukun pohjalle)<\/span><span style=\"font-weight: 400\"><br \/>\n<\/span><\/li>\n<li style=\"font-weight: 400\"><span style=\"font-weight: 400\">1x l\u00e4mp\u00f6eristetty sis\u00e4pussi (k\u00e4\u00e4nnett\u00e4v\u00e4 &#8211; l\u00e4mmin &amp; viile\u00e4t sivut).<\/span><span style=\"font-weight: 400\"><br \/>\n<\/span><\/li>\n<\/ul>\n","protected":false},"excerpt":{"rendered":"<p>Turvallinen, mukava ja t\u00e4ydellinen matkustamiseen \ud83d\udc36 T\u00e4m\u00e4 all-in-one-lemmikkien kuljetuslaukku toimii laukkuna, turvaistuimena ja viihtyis\u00e4n\u00e4 s\u00e4nkyn\u00e4. Se pit\u00e4\u00e4 pienen koirasi tai [&hellip;]<\/p>\n","protected":false},"featured_media":19929,"comment_status":"open","ping_status":"closed","template":"","meta":{"site-sidebar-layout":"default","site-content-layout":"","ast-site-content-layout":"default","site-content-style":"default","site-sidebar-style":"default","ast-global-header-display":"","ast-banner-title-visibility":"","ast-main-header-display":"","ast-hfb-above-header-display":"","ast-hfb-below-header-display":"","ast-hfb-mobile-header-display":"","site-post-title":"","ast-breadcrumbs-content":"","ast-featured-img":"","footer-sml-layout":"","theme-transparent-header-meta":"default","adv-header-id-meta":"","stick-header-meta":"","header-above-stick-meta":"","header-main-stick-meta":"","header-below-stick-meta":"","astra-migrate-meta-layouts":"set","ast-page-background-enabled":"default","ast-page-background-meta":{"desktop":{"background-color":"var(--ast-global-color-5)","background-image":"","background-repeat":"repeat","background-position":"center center","background-size":"auto","background-attachment":"scroll","background-type":"","background-media":"","overlay-type":"","overlay-color":"","overlay-opacity":"","overlay-gradient":""},"tablet":{"background-color":"","background-image":"","background-repeat":"repeat","background-position":"center center","background-size":"auto","background-attachment":"scroll","background-type":"","background-media":"","overlay-type":"","overlay-color":"","overlay-opacity":"","overlay-gradient":""},"mobile":{"background-color":"","background-image":"","background-repeat":"repeat","background-position":"center center","background-size":"auto","background-attachment":"scroll","background-type":"","background-media":"","overlay-type":"","overlay-color":"","overlay-opacity":"","overlay-gradient":""}},"ast-content-background-meta":{"desktop":{"background-color":"var(--ast-global-color-4)","background-image":"","background-repeat":"repeat","background-position":"center center","background-size":"auto","background-attachment":"scroll","background-type":"","background-media":"","overlay-type":"","overlay-color":"","overlay-opacity":"","overlay-gradient":""},"tablet":{"background-color":"var(--ast-global-color-4)","background-image":"","background-repeat":"repeat","background-position":"center center","background-size":"auto","background-attachment":"scroll","background-type":"","background-media":"","overlay-type":"","overlay-color":"","overlay-opacity":"","overlay-gradient":""},"mobile":{"background-color":"var(--ast-global-color-4)","background-image":"","background-repeat":"repeat","background-position":"center center","background-size":"auto","background-attachment":"scroll","background-type":"","background-media":"","overlay-type":"","overlay-color":"","overlay-opacity":"","overlay-gradient":""}}},"product_brand":[],"product_cat":[15],"product_tag":[],"class_list":{"0":"post-19933","1":"product","2":"type-product","3":"status-publish","4":"has-post-thumbnail","6":"product_cat-luokittelematon","7":"pa_47895_v49tnb5c-beige","8":"pa_47895_v49tnb5c-musta","9":"desktop-align-left","10":"tablet-align-left","11":"mobile-align-left","13":"first","14":"instock","15":"shipping-taxable","16":"purchasable","17":"product-type-variable"},"yoast_head":"<!-- This site is optimized with the Yoast SEO plugin v26.6 - https:\/\/yoast.com\/wordpress\/plugins\/seo\/ -->\n<title>Koiran kantolaukku - Senbera FI<\/title>\n<meta name=\"robots\" content=\"index, follow, max-snippet:-1, max-image-preview:large, max-video-preview:-1\" \/>\n<link rel=\"canonical\" href=\"https:\/\/senbera.com\/fi\/tuote\/koiran-kantolaukku\/\" \/>\n<meta property=\"og:locale\" content=\"fi_FI\" \/>\n<meta property=\"og:type\" content=\"article\" \/>\n<meta property=\"og:title\" content=\"Koiran kantolaukku - Senbera FI\" \/>\n<meta property=\"og:description\" content=\"Turvallinen, mukava ja t\u00e4ydellinen matkustamiseen \ud83d\udc36 T\u00e4m\u00e4 all-in-one-lemmikkien kuljetuslaukku toimii laukkuna, turvaistuimena ja viihtyis\u00e4n\u00e4 s\u00e4nkyn\u00e4. Se pit\u00e4\u00e4 pienen koirasi tai [&hellip;]\" \/>\n<meta property=\"og:url\" content=\"https:\/\/senbera.com\/fi\/tuote\/koiran-kantolaukku\/\" \/>\n<meta property=\"og:site_name\" content=\"Senbera FI\" \/>\n<meta property=\"article:modified_time\" content=\"2026-01-15T17:46:26+00:00\" \/>\n<meta name=\"twitter:card\" content=\"summary_large_image\" \/>\n<meta name=\"twitter:label1\" content=\"Arvioitu lukuaika\" \/>\n\t<meta name=\"twitter:data1\" content=\"1 minuutti\" \/>\n<script type=\"application\/ld+json\" class=\"yoast-schema-graph\">{\"@context\":\"https:\/\/schema.org\",\"@graph\":[{\"@type\":\"WebPage\",\"@id\":\"https:\/\/senbera.com\/fi\/tuote\/koiran-kantolaukku\/\",\"url\":\"https:\/\/senbera.com\/fi\/tuote\/koiran-kantolaukku\/\",\"name\":\"Koiran kantolaukku - Senbera FI\",\"isPartOf\":{\"@id\":\"https:\/\/senbera.com\/fi\/#website\"},\"primaryImageOfPage\":{\"@id\":\"https:\/\/senbera.com\/fi\/tuote\/koiran-kantolaukku\/#primaryimage\"},\"image\":{\"@id\":\"https:\/\/senbera.com\/fi\/tuote\/koiran-kantolaukku\/#primaryimage\"},\"thumbnailUrl\":\"https:\/\/senbera.com\/fi\/wp-content\/uploads\/sites\/19\/2026\/01\/lsiqsyr-1.webp\",\"datePublished\":\"2026-01-15T17:46:19+00:00\",\"dateModified\":\"2026-01-15T17:46:26+00:00\",\"breadcrumb\":{\"@id\":\"https:\/\/senbera.com\/fi\/tuote\/koiran-kantolaukku\/#breadcrumb\"},\"inLanguage\":\"fi\",\"potentialAction\":[{\"@type\":\"ReadAction\",\"target\":[\"https:\/\/senbera.com\/fi\/tuote\/koiran-kantolaukku\/\"]}]},{\"@type\":\"ImageObject\",\"inLanguage\":\"fi\",\"@id\":\"https:\/\/senbera.com\/fi\/tuote\/koiran-kantolaukku\/#primaryimage\",\"url\":\"https:\/\/senbera.com\/fi\/wp-content\/uploads\/sites\/19\/2026\/01\/lsiqsyr-1.webp\",\"contentUrl\":\"https:\/\/senbera.com\/fi\/wp-content\/uploads\/sites\/19\/2026\/01\/lsiqsyr-1.webp\",\"width\":768,\"height\":768},{\"@type\":\"BreadcrumbList\",\"@id\":\"https:\/\/senbera.com\/fi\/tuote\/koiran-kantolaukku\/#breadcrumb\",\"itemListElement\":[{\"@type\":\"ListItem\",\"position\":1,\"name\":\"Home\",\"item\":\"https:\/\/senbera.com\/fi\/\"},{\"@type\":\"ListItem\",\"position\":2,\"name\":\"Kauppa\",\"item\":\"https:\/\/senbera.com\/fi\/kauppa\/\"},{\"@type\":\"ListItem\",\"position\":3,\"name\":\"Koiran kantolaukku\"}]},{\"@type\":\"WebSite\",\"@id\":\"https:\/\/senbera.com\/fi\/#website\",\"url\":\"https:\/\/senbera.com\/fi\/\",\"name\":\"Senbera FI\",\"description\":\"\",\"publisher\":{\"@id\":\"https:\/\/senbera.com\/fi\/#organization\"},\"potentialAction\":[{\"@type\":\"SearchAction\",\"target\":{\"@type\":\"EntryPoint\",\"urlTemplate\":\"https:\/\/senbera.com\/fi\/?s={search_term_string}\"},\"query-input\":{\"@type\":\"PropertyValueSpecification\",\"valueRequired\":true,\"valueName\":\"search_term_string\"}}],\"inLanguage\":\"fi\"},{\"@type\":\"Organization\",\"@id\":\"https:\/\/senbera.com\/fi\/#organization\",\"name\":\"Mekulo\",\"url\":\"https:\/\/senbera.com\/fi\/\",\"logo\":{\"@type\":\"ImageObject\",\"inLanguage\":\"fi\",\"@id\":\"https:\/\/senbera.com\/fi\/#\/schema\/logo\/image\/\",\"url\":\"https:\/\/senbera.com\/fi\/wp-content\/uploads\/sites\/19\/2025\/12\/favicon_mekulo.png\",\"contentUrl\":\"https:\/\/senbera.com\/fi\/wp-content\/uploads\/sites\/19\/2025\/12\/favicon_mekulo.png\",\"width\":50,\"height\":50,\"caption\":\"Mekulo\"},\"image\":{\"@id\":\"https:\/\/senbera.com\/fi\/#\/schema\/logo\/image\/\"}}]}<\/script>\n<!-- \/ Yoast SEO plugin. -->","yoast_head_json":{"title":"Koiran kantolaukku - Senbera FI","robots":{"index":"index","follow":"follow","max-snippet":"max-snippet:-1","max-image-preview":"max-image-preview:large","max-video-preview":"max-video-preview:-1"},"canonical":"https:\/\/senbera.com\/fi\/tuote\/koiran-kantolaukku\/","og_locale":"fi_FI","og_type":"article","og_title":"Koiran kantolaukku - Senbera FI","og_description":"Turvallinen, mukava ja t\u00e4ydellinen matkustamiseen \ud83d\udc36 T\u00e4m\u00e4 all-in-one-lemmikkien kuljetuslaukku toimii laukkuna, turvaistuimena ja viihtyis\u00e4n\u00e4 s\u00e4nkyn\u00e4. Se pit\u00e4\u00e4 pienen koirasi tai [&hellip;]","og_url":"https:\/\/senbera.com\/fi\/tuote\/koiran-kantolaukku\/","og_site_name":"Senbera FI","article_modified_time":"2026-01-15T17:46:26+00:00","twitter_card":"summary_large_image","twitter_misc":{"Arvioitu lukuaika":"1 minuutti"},"schema":{"@context":"https:\/\/schema.org","@graph":[{"@type":"WebPage","@id":"https:\/\/senbera.com\/fi\/tuote\/koiran-kantolaukku\/","url":"https:\/\/senbera.com\/fi\/tuote\/koiran-kantolaukku\/","name":"Koiran kantolaukku - Senbera FI","isPartOf":{"@id":"https:\/\/senbera.com\/fi\/#website"},"primaryImageOfPage":{"@id":"https:\/\/senbera.com\/fi\/tuote\/koiran-kantolaukku\/#primaryimage"},"image":{"@id":"https:\/\/senbera.com\/fi\/tuote\/koiran-kantolaukku\/#primaryimage"},"thumbnailUrl":"https:\/\/senbera.com\/fi\/wp-content\/uploads\/sites\/19\/2026\/01\/lsiqsyr-1.webp","datePublished":"2026-01-15T17:46:19+00:00","dateModified":"2026-01-15T17:46:26+00:00","breadcrumb":{"@id":"https:\/\/senbera.com\/fi\/tuote\/koiran-kantolaukku\/#breadcrumb"},"inLanguage":"fi","potentialAction":[{"@type":"ReadAction","target":["https:\/\/senbera.com\/fi\/tuote\/koiran-kantolaukku\/"]}]},{"@type":"ImageObject","inLanguage":"fi","@id":"https:\/\/senbera.com\/fi\/tuote\/koiran-kantolaukku\/#primaryimage","url":"https:\/\/senbera.com\/fi\/wp-content\/uploads\/sites\/19\/2026\/01\/lsiqsyr-1.webp","contentUrl":"https:\/\/senbera.com\/fi\/wp-content\/uploads\/sites\/19\/2026\/01\/lsiqsyr-1.webp","width":768,"height":768},{"@type":"BreadcrumbList","@id":"https:\/\/senbera.com\/fi\/tuote\/koiran-kantolaukku\/#breadcrumb","itemListElement":[{"@type":"ListItem","position":1,"name":"Home","item":"https:\/\/senbera.com\/fi\/"},{"@type":"ListItem","position":2,"name":"Kauppa","item":"https:\/\/senbera.com\/fi\/kauppa\/"},{"@type":"ListItem","position":3,"name":"Koiran kantolaukku"}]},{"@type":"WebSite","@id":"https:\/\/senbera.com\/fi\/#website","url":"https:\/\/senbera.com\/fi\/","name":"Senbera FI","description":"","publisher":{"@id":"https:\/\/senbera.com\/fi\/#organization"},"potentialAction":[{"@type":"SearchAction","target":{"@type":"EntryPoint","urlTemplate":"https:\/\/senbera.com\/fi\/?s={search_term_string}"},"query-input":{"@type":"PropertyValueSpecification","valueRequired":true,"valueName":"search_term_string"}}],"inLanguage":"fi"},{"@type":"Organization","@id":"https:\/\/senbera.com\/fi\/#organization","name":"Mekulo","url":"https:\/\/senbera.com\/fi\/","logo":{"@type":"ImageObject","inLanguage":"fi","@id":"https:\/\/senbera.com\/fi\/#\/schema\/logo\/image\/","url":"https:\/\/senbera.com\/fi\/wp-content\/uploads\/sites\/19\/2025\/12\/favicon_mekulo.png","contentUrl":"https:\/\/senbera.com\/fi\/wp-content\/uploads\/sites\/19\/2025\/12\/favicon_mekulo.png","width":50,"height":50,"caption":"Mekulo"},"image":{"@id":"https:\/\/senbera.com\/fi\/#\/schema\/logo\/image\/"}}]}},"_links":{"self":[{"href":"https:\/\/senbera.com\/fi\/wp-json\/wp\/v2\/product\/19933","targetHints":{"allow":["GET"]}}],"collection":[{"href":"https:\/\/senbera.com\/fi\/wp-json\/wp\/v2\/product"}],"about":[{"href":"https:\/\/senbera.com\/fi\/wp-json\/wp\/v2\/types\/product"}],"replies":[{"embeddable":true,"href":"https:\/\/senbera.com\/fi\/wp-json\/wp\/v2\/comments?post=19933"}],"wp:featuredmedia":[{"embeddable":true,"href":"https:\/\/senbera.com\/fi\/wp-json\/wp\/v2\/media\/19929"}],"wp:attachment":[{"href":"https:\/\/senbera.com\/fi\/wp-json\/wp\/v2\/media?parent=19933"}],"wp:term":[{"taxonomy":"product_brand","embeddable":true,"href":"https:\/\/senbera.com\/fi\/wp-json\/wp\/v2\/product_brand?post=19933"},{"taxonomy":"product_cat","embeddable":true,"href":"https:\/\/senbera.com\/fi\/wp-json\/wp\/v2\/product_cat?post=19933"},{"taxonomy":"product_tag","embeddable":true,"href":"https:\/\/senbera.com\/fi\/wp-json\/wp\/v2\/product_tag?post=19933"}],"curies":[{"name":"wp","href":"https:\/\/api.w.org\/{rel}","templated":true}]}}