{"id":19924,"date":"2026-01-15T19:45:17","date_gmt":"2026-01-15T17:45:17","guid":{"rendered":"https:\/\/senbera.com\/fi\/tuote\/sydan-kadet-veistos\/"},"modified":"2026-01-15T19:45:17","modified_gmt":"2026-01-15T17:45:17","slug":"sydan-kadet-veistos","status":"publish","type":"product","link":"https:\/\/senbera.com\/fi\/tuote\/sydan-kadet-veistos\/","title":{"rendered":"Syd\u00e4n k\u00e4det veistos"},"content":{"rendered":"<p style=\"text-align: center\"><strong>Vieh\u00e4tt\u00e4v\u00e4, V\u00e4rik\u00e4s Ja T\u00e4ynn\u00e4 Merkityst\u00e4 \ud83e\udd0e<\/strong><\/p>\n<p style=\"text-align: center\"><span style=\"font-weight: 400\">T\u00e4m\u00e4 suloinen syd\u00e4menmuotoinen k\u00e4sipatsas on kaunis tapa osoittaa rakkautta. Olipa se sitten kotiisi, puutarhaan tai lahjaksi &#8211; se tuo hymyn kaikkialle.<\/span><\/p>\n<p><img fetchpriority=\"high\" decoding=\"async\" class=\"size-full wp-image-15814 aligncenter\" src=\"https:\/\/keluvo.com\/template\/wp-content\/uploads\/sites\/5\/2025\/04\/ce126f59-c0a3-410a-bafb-9ab3cc5a7124.webp\" alt=\"\" width=\"800\" height=\"800\" \/><\/p>\n<h2 style=\"text-align: center\"><strong>T\u00e4ydellinen Koriste Mihin Tahansa Kotiin<\/strong><\/h2>\n<p style=\"text-align: center\"><span style=\"font-weight: 400\">T\u00e4m\u00e4 syd\u00e4menmuotoinen k\u00e4sipatsas on enemm\u00e4n kuin pelkk\u00e4 koriste &#8211; se on rakkauden, huolenpidon ja yhteyden symboli. Annatpa sen sitten lahjaksi tai lis\u00e4\u00e4t sen suosikkitilaasi, se on teos, joka puhuu syd\u00e4mest\u00e4si. Se on kevyt, v\u00e4rik\u00e4s ja tehty pirist\u00e4m\u00e4\u00e4n mit\u00e4 tahansa huonetta.<\/span><\/p>\n<p><img decoding=\"async\" class=\"size-full wp-image-15815 aligncenter\" src=\"https:\/\/keluvo.com\/template\/wp-content\/uploads\/sites\/5\/2025\/04\/afdf7487-8e56-458c-8b9b-a75af843593e.webp\" alt=\"\" width=\"600\" height=\"531\" \/><\/p>\n<h2 style=\"text-align: center\"><strong>Pakkaus Sis\u00e4lt\u00e4\u00e4<\/strong><b><\/b><\/h2>\n<ul>\n<li style=\"font-weight: 400\"><span style=\"font-weight: 400\">1x syd\u00e4menmuotoinen k\u00e4sipatsas<\/span><span style=\"font-weight: 400\"><br \/>\n<\/span><\/li>\n<li style=\"font-weight: 400\"><span style=\"font-weight: 400\">Koko: 11 x 18,5 x 7 cm.<\/span><span style=\"font-weight: 400\"><br \/>\n<\/span><\/li>\n<\/ul>\n","protected":false},"excerpt":{"rendered":"<p>Vieh\u00e4tt\u00e4v\u00e4, V\u00e4rik\u00e4s Ja T\u00e4ynn\u00e4 Merkityst\u00e4 \ud83e\udd0e T\u00e4m\u00e4 suloinen syd\u00e4menmuotoinen k\u00e4sipatsas on kaunis tapa osoittaa rakkautta. Olipa se sitten kotiisi, puutarhaan [&hellip;]<\/p>\n","protected":false},"featured_media":19920,"comment_status":"open","ping_status":"closed","template":"","meta":{"site-sidebar-layout":"default","site-content-layout":"","ast-site-content-layout":"default","site-content-style":"default","site-sidebar-style":"default","ast-global-header-display":"","ast-banner-title-visibility":"","ast-main-header-display":"","ast-hfb-above-header-display":"","ast-hfb-below-header-display":"","ast-hfb-mobile-header-display":"","site-post-title":"","ast-breadcrumbs-content":"","ast-featured-img":"","footer-sml-layout":"","theme-transparent-header-meta":"default","adv-header-id-meta":"","stick-header-meta":"","header-above-stick-meta":"","header-main-stick-meta":"","header-below-stick-meta":"","astra-migrate-meta-layouts":"set","ast-page-background-enabled":"default","ast-page-background-meta":{"desktop":{"background-color":"var(--ast-global-color-5)","background-image":"","background-repeat":"repeat","background-position":"center center","background-size":"auto","background-attachment":"scroll","background-type":"","background-media":"","overlay-type":"","overlay-color":"","overlay-opacity":"","overlay-gradient":""},"tablet":{"background-color":"","background-image":"","background-repeat":"repeat","background-position":"center center","background-size":"auto","background-attachment":"scroll","background-type":"","background-media":"","overlay-type":"","overlay-color":"","overlay-opacity":"","overlay-gradient":""},"mobile":{"background-color":"","background-image":"","background-repeat":"repeat","background-position":"center center","background-size":"auto","background-attachment":"scroll","background-type":"","background-media":"","overlay-type":"","overlay-color":"","overlay-opacity":"","overlay-gradient":""}},"ast-content-background-meta":{"desktop":{"background-color":"var(--ast-global-color-4)","background-image":"","background-repeat":"repeat","background-position":"center center","background-size":"auto","background-attachment":"scroll","background-type":"","background-media":"","overlay-type":"","overlay-color":"","overlay-opacity":"","overlay-gradient":""},"tablet":{"background-color":"var(--ast-global-color-4)","background-image":"","background-repeat":"repeat","background-position":"center center","background-size":"auto","background-attachment":"scroll","background-type":"","background-media":"","overlay-type":"","overlay-color":"","overlay-opacity":"","overlay-gradient":""},"mobile":{"background-color":"var(--ast-global-color-4)","background-image":"","background-repeat":"repeat","background-position":"center center","background-size":"auto","background-attachment":"scroll","background-type":"","background-media":"","overlay-type":"","overlay-color":"","overlay-opacity":"","overlay-gradient":""}}},"product_brand":[],"product_cat":[15],"product_tag":[],"class_list":{"0":"post-19924","1":"product","2":"type-product","3":"status-publish","4":"has-post-thumbnail","6":"product_cat-luokittelematon","7":"desktop-align-left","8":"tablet-align-left","9":"mobile-align-left","11":"first","12":"instock","13":"shipping-taxable","14":"purchasable","15":"product-type-simple"},"yoast_head":"<!-- This site is optimized with the Yoast SEO plugin v26.6 - https:\/\/yoast.com\/wordpress\/plugins\/seo\/ -->\n<title>Syd\u00e4n k\u00e4det veistos - Senbera FI<\/title>\n<meta name=\"robots\" content=\"index, follow, max-snippet:-1, max-image-preview:large, max-video-preview:-1\" \/>\n<link rel=\"canonical\" href=\"https:\/\/senbera.com\/fi\/tuote\/sydan-kadet-veistos\/\" \/>\n<meta property=\"og:locale\" content=\"fi_FI\" \/>\n<meta property=\"og:type\" content=\"article\" \/>\n<meta property=\"og:title\" content=\"Syd\u00e4n k\u00e4det veistos - Senbera FI\" \/>\n<meta property=\"og:description\" content=\"Vieh\u00e4tt\u00e4v\u00e4, V\u00e4rik\u00e4s Ja T\u00e4ynn\u00e4 Merkityst\u00e4 \ud83e\udd0e T\u00e4m\u00e4 suloinen syd\u00e4menmuotoinen k\u00e4sipatsas on kaunis tapa osoittaa rakkautta. Olipa se sitten kotiisi, puutarhaan [&hellip;]\" \/>\n<meta property=\"og:url\" content=\"https:\/\/senbera.com\/fi\/tuote\/sydan-kadet-veistos\/\" \/>\n<meta property=\"og:site_name\" content=\"Senbera FI\" \/>\n<meta name=\"twitter:card\" content=\"summary_large_image\" \/>\n<meta name=\"twitter:label1\" content=\"Arvioitu lukuaika\" \/>\n\t<meta name=\"twitter:data1\" content=\"1 minuutti\" \/>\n<script type=\"application\/ld+json\" class=\"yoast-schema-graph\">{\"@context\":\"https:\/\/schema.org\",\"@graph\":[{\"@type\":\"WebPage\",\"@id\":\"https:\/\/senbera.com\/fi\/tuote\/sydan-kadet-veistos\/\",\"url\":\"https:\/\/senbera.com\/fi\/tuote\/sydan-kadet-veistos\/\",\"name\":\"Syd\u00e4n k\u00e4det veistos - Senbera FI\",\"isPartOf\":{\"@id\":\"https:\/\/senbera.com\/fi\/#website\"},\"primaryImageOfPage\":{\"@id\":\"https:\/\/senbera.com\/fi\/tuote\/sydan-kadet-veistos\/#primaryimage\"},\"image\":{\"@id\":\"https:\/\/senbera.com\/fi\/tuote\/sydan-kadet-veistos\/#primaryimage\"},\"thumbnailUrl\":\"https:\/\/senbera.com\/fi\/wp-content\/uploads\/sites\/19\/2026\/01\/hr333pz-1.webp\",\"datePublished\":\"2026-01-15T17:45:17+00:00\",\"breadcrumb\":{\"@id\":\"https:\/\/senbera.com\/fi\/tuote\/sydan-kadet-veistos\/#breadcrumb\"},\"inLanguage\":\"fi\",\"potentialAction\":[{\"@type\":\"ReadAction\",\"target\":[\"https:\/\/senbera.com\/fi\/tuote\/sydan-kadet-veistos\/\"]}]},{\"@type\":\"ImageObject\",\"inLanguage\":\"fi\",\"@id\":\"https:\/\/senbera.com\/fi\/tuote\/sydan-kadet-veistos\/#primaryimage\",\"url\":\"https:\/\/senbera.com\/fi\/wp-content\/uploads\/sites\/19\/2026\/01\/hr333pz-1.webp\",\"contentUrl\":\"https:\/\/senbera.com\/fi\/wp-content\/uploads\/sites\/19\/2026\/01\/hr333pz-1.webp\",\"width\":1000,\"height\":1000},{\"@type\":\"BreadcrumbList\",\"@id\":\"https:\/\/senbera.com\/fi\/tuote\/sydan-kadet-veistos\/#breadcrumb\",\"itemListElement\":[{\"@type\":\"ListItem\",\"position\":1,\"name\":\"Home\",\"item\":\"https:\/\/senbera.com\/fi\/\"},{\"@type\":\"ListItem\",\"position\":2,\"name\":\"Kauppa\",\"item\":\"https:\/\/senbera.com\/fi\/kauppa\/\"},{\"@type\":\"ListItem\",\"position\":3,\"name\":\"Syd\u00e4n k\u00e4det veistos\"}]},{\"@type\":\"WebSite\",\"@id\":\"https:\/\/senbera.com\/fi\/#website\",\"url\":\"https:\/\/senbera.com\/fi\/\",\"name\":\"Senbera FI\",\"description\":\"\",\"publisher\":{\"@id\":\"https:\/\/senbera.com\/fi\/#organization\"},\"potentialAction\":[{\"@type\":\"SearchAction\",\"target\":{\"@type\":\"EntryPoint\",\"urlTemplate\":\"https:\/\/senbera.com\/fi\/?s={search_term_string}\"},\"query-input\":{\"@type\":\"PropertyValueSpecification\",\"valueRequired\":true,\"valueName\":\"search_term_string\"}}],\"inLanguage\":\"fi\"},{\"@type\":\"Organization\",\"@id\":\"https:\/\/senbera.com\/fi\/#organization\",\"name\":\"Mekulo\",\"url\":\"https:\/\/senbera.com\/fi\/\",\"logo\":{\"@type\":\"ImageObject\",\"inLanguage\":\"fi\",\"@id\":\"https:\/\/senbera.com\/fi\/#\/schema\/logo\/image\/\",\"url\":\"https:\/\/senbera.com\/fi\/wp-content\/uploads\/sites\/19\/2025\/12\/favicon_mekulo.png\",\"contentUrl\":\"https:\/\/senbera.com\/fi\/wp-content\/uploads\/sites\/19\/2025\/12\/favicon_mekulo.png\",\"width\":50,\"height\":50,\"caption\":\"Mekulo\"},\"image\":{\"@id\":\"https:\/\/senbera.com\/fi\/#\/schema\/logo\/image\/\"}}]}<\/script>\n<!-- \/ Yoast SEO plugin. -->","yoast_head_json":{"title":"Syd\u00e4n k\u00e4det veistos - Senbera FI","robots":{"index":"index","follow":"follow","max-snippet":"max-snippet:-1","max-image-preview":"max-image-preview:large","max-video-preview":"max-video-preview:-1"},"canonical":"https:\/\/senbera.com\/fi\/tuote\/sydan-kadet-veistos\/","og_locale":"fi_FI","og_type":"article","og_title":"Syd\u00e4n k\u00e4det veistos - Senbera FI","og_description":"Vieh\u00e4tt\u00e4v\u00e4, V\u00e4rik\u00e4s Ja T\u00e4ynn\u00e4 Merkityst\u00e4 \ud83e\udd0e T\u00e4m\u00e4 suloinen syd\u00e4menmuotoinen k\u00e4sipatsas on kaunis tapa osoittaa rakkautta. Olipa se sitten kotiisi, puutarhaan [&hellip;]","og_url":"https:\/\/senbera.com\/fi\/tuote\/sydan-kadet-veistos\/","og_site_name":"Senbera FI","twitter_card":"summary_large_image","twitter_misc":{"Arvioitu lukuaika":"1 minuutti"},"schema":{"@context":"https:\/\/schema.org","@graph":[{"@type":"WebPage","@id":"https:\/\/senbera.com\/fi\/tuote\/sydan-kadet-veistos\/","url":"https:\/\/senbera.com\/fi\/tuote\/sydan-kadet-veistos\/","name":"Syd\u00e4n k\u00e4det veistos - Senbera FI","isPartOf":{"@id":"https:\/\/senbera.com\/fi\/#website"},"primaryImageOfPage":{"@id":"https:\/\/senbera.com\/fi\/tuote\/sydan-kadet-veistos\/#primaryimage"},"image":{"@id":"https:\/\/senbera.com\/fi\/tuote\/sydan-kadet-veistos\/#primaryimage"},"thumbnailUrl":"https:\/\/senbera.com\/fi\/wp-content\/uploads\/sites\/19\/2026\/01\/hr333pz-1.webp","datePublished":"2026-01-15T17:45:17+00:00","breadcrumb":{"@id":"https:\/\/senbera.com\/fi\/tuote\/sydan-kadet-veistos\/#breadcrumb"},"inLanguage":"fi","potentialAction":[{"@type":"ReadAction","target":["https:\/\/senbera.com\/fi\/tuote\/sydan-kadet-veistos\/"]}]},{"@type":"ImageObject","inLanguage":"fi","@id":"https:\/\/senbera.com\/fi\/tuote\/sydan-kadet-veistos\/#primaryimage","url":"https:\/\/senbera.com\/fi\/wp-content\/uploads\/sites\/19\/2026\/01\/hr333pz-1.webp","contentUrl":"https:\/\/senbera.com\/fi\/wp-content\/uploads\/sites\/19\/2026\/01\/hr333pz-1.webp","width":1000,"height":1000},{"@type":"BreadcrumbList","@id":"https:\/\/senbera.com\/fi\/tuote\/sydan-kadet-veistos\/#breadcrumb","itemListElement":[{"@type":"ListItem","position":1,"name":"Home","item":"https:\/\/senbera.com\/fi\/"},{"@type":"ListItem","position":2,"name":"Kauppa","item":"https:\/\/senbera.com\/fi\/kauppa\/"},{"@type":"ListItem","position":3,"name":"Syd\u00e4n k\u00e4det veistos"}]},{"@type":"WebSite","@id":"https:\/\/senbera.com\/fi\/#website","url":"https:\/\/senbera.com\/fi\/","name":"Senbera FI","description":"","publisher":{"@id":"https:\/\/senbera.com\/fi\/#organization"},"potentialAction":[{"@type":"SearchAction","target":{"@type":"EntryPoint","urlTemplate":"https:\/\/senbera.com\/fi\/?s={search_term_string}"},"query-input":{"@type":"PropertyValueSpecification","valueRequired":true,"valueName":"search_term_string"}}],"inLanguage":"fi"},{"@type":"Organization","@id":"https:\/\/senbera.com\/fi\/#organization","name":"Mekulo","url":"https:\/\/senbera.com\/fi\/","logo":{"@type":"ImageObject","inLanguage":"fi","@id":"https:\/\/senbera.com\/fi\/#\/schema\/logo\/image\/","url":"https:\/\/senbera.com\/fi\/wp-content\/uploads\/sites\/19\/2025\/12\/favicon_mekulo.png","contentUrl":"https:\/\/senbera.com\/fi\/wp-content\/uploads\/sites\/19\/2025\/12\/favicon_mekulo.png","width":50,"height":50,"caption":"Mekulo"},"image":{"@id":"https:\/\/senbera.com\/fi\/#\/schema\/logo\/image\/"}}]}},"_links":{"self":[{"href":"https:\/\/senbera.com\/fi\/wp-json\/wp\/v2\/product\/19924","targetHints":{"allow":["GET"]}}],"collection":[{"href":"https:\/\/senbera.com\/fi\/wp-json\/wp\/v2\/product"}],"about":[{"href":"https:\/\/senbera.com\/fi\/wp-json\/wp\/v2\/types\/product"}],"replies":[{"embeddable":true,"href":"https:\/\/senbera.com\/fi\/wp-json\/wp\/v2\/comments?post=19924"}],"wp:featuredmedia":[{"embeddable":true,"href":"https:\/\/senbera.com\/fi\/wp-json\/wp\/v2\/media\/19920"}],"wp:attachment":[{"href":"https:\/\/senbera.com\/fi\/wp-json\/wp\/v2\/media?parent=19924"}],"wp:term":[{"taxonomy":"product_brand","embeddable":true,"href":"https:\/\/senbera.com\/fi\/wp-json\/wp\/v2\/product_brand?post=19924"},{"taxonomy":"product_cat","embeddable":true,"href":"https:\/\/senbera.com\/fi\/wp-json\/wp\/v2\/product_cat?post=19924"},{"taxonomy":"product_tag","embeddable":true,"href":"https:\/\/senbera.com\/fi\/wp-json\/wp\/v2\/product_tag?post=19924"}],"curies":[{"name":"wp","href":"https:\/\/api.w.org\/{rel}","templated":true}]}}