{"id":19890,"date":"2026-01-15T19:43:24","date_gmt":"2026-01-15T17:43:24","guid":{"rendered":"https:\/\/senbera.com\/fi\/tuote\/led-kaapin-anturivalo\/"},"modified":"2026-01-15T19:43:46","modified_gmt":"2026-01-15T17:43:46","slug":"led-kaapin-anturivalo","status":"publish","type":"product","link":"https:\/\/senbera.com\/fi\/tuote\/led-kaapin-anturivalo\/","title":{"rendered":"LED-kaapin anturivalo"},"content":{"rendered":"<p style=\"text-align: center\"><strong>Kirkas, \u00c4lyk\u00e4s Ja Helppo Asentaa<\/strong><\/p>\n<p style=\"text-align: center\"><span style=\"font-weight: 400\">T\u00e4m\u00e4 pieni valo syttyy, kun avaat kaapin &#8211; ei en\u00e4\u00e4 pime\u00e4ss\u00e4 etsimist\u00e4!<\/span><\/p>\n<p><img decoding=\"async\" class=\"size-full wp-image-15853 aligncenter\" src=\"https:\/\/keluvo.com\/template\/wp-content\/uploads\/sites\/5\/2025\/04\/h0YV5HVoE23D8NbweZv4-Trim-ezgif.com-video-to-webp-converter.webp\" alt=\"\" \/><\/p>\n<h2 style=\"text-align: center\">T\u00e4rkeimm\u00e4t Edut<\/h2>\n<p><b>Valot syttyv\u00e4t automaattisesti<\/b><span style=\"font-weight: 400\"> &#8211; avautuu oven avautuessa ja sammuu, kun suljet sen<\/span><span style=\"font-weight: 400\"><br \/>\n<\/span><b><\/b><\/p>\n<p><b>S\u00e4\u00e4st\u00e4\u00e4 energiaa<\/b><span style=\"font-weight: 400\"> &#8211; kirkas, mutta v\u00e4h\u00e4virtainen<\/span><span style=\"font-weight: 400\"><br \/>\n<\/span><b><\/b><\/p>\n<p><b>Nopea asentaa<\/b><span style=\"font-weight: 400\"> &#8211; vain yksi ruuvi ja olet valmis<\/span><\/p>\n<p><b>Pieni, mutta tehokas<\/b><span style=\"font-weight: 400\"> &#8211; valaisee koko kaapin<\/span><span style=\"font-weight: 400\"><br \/>\n<\/span><b><\/b><\/p>\n<p><b>Ei tarvita k\u00e4si\u00e4<\/b><span style=\"font-weight: 400\"> &#8211; l\u00f6yd\u00e4t asiat nopeasti ilman taskulamppua<\/span><\/p>\n<p><img decoding=\"async\" class=\"size-full wp-image-15854 aligncenter\" src=\"https:\/\/keluvo.com\/template\/wp-content\/uploads\/sites\/5\/2025\/04\/d76b7f81-52c0-47a7-aa31-9f9decfae783-ezgif.com-gif-to-webp-converter.webp\" alt=\"\" \/><\/p>\n<h2 style=\"text-align: center\">T\u00e4ydellinen Mihin Tahansa Kaappiin<\/h2>\n<p style=\"text-align: center\"><span style=\"font-weight: 400\">T\u00e4m\u00e4 \u00e4lyk\u00e4s LED-valo mahtuu kaapin, kaapin tai kaapin sis\u00e4\u00e4n. Se syttyy heti, kun avaat oven, ja sammuu, kun suljet sen. Sopii erinomaisesti keitti\u00f6\u00f6n, vaatekaappiin, kylpyhuoneeseen tai mihin tahansa tilaan, jossa tarvitset v\u00e4h\u00e4n valoa k\u00e4\u00e4nt\u00e4m\u00e4tt\u00e4 kytkint\u00e4. Se on yksinkertainen, \u00e4lyk\u00e4s ja tekee el\u00e4m\u00e4st\u00e4 helpompaa.<\/span><\/p>\n<p><img decoding=\"async\" class=\"size-full wp-image-15855 aligncenter\" src=\"https:\/\/keluvo.com\/template\/wp-content\/uploads\/sites\/5\/2025\/04\/30245134-762b-4ea1-92b2-71c6298d0567-ezgif.com-gif-to-webp-converter.webp\" alt=\"\" \/><\/p>\n<h2 style=\"text-align: center\">K\u00e4ytt\u00f6<\/h2>\n<ol>\n<li style=\"font-weight: 400\"><span style=\"font-weight: 400\">K\u00e4yt\u00e4 mukana tulevaa ruuvia kiinnitt\u00e4\u00e4ksesi valon kaapin saranaan.<\/span><span style=\"font-weight: 400\"><br \/>\n<\/span><\/li>\n<li style=\"font-weight: 400\"><span style=\"font-weight: 400\">Aseta 23A 12V paristo (ei sis\u00e4lly).<\/span><span style=\"font-weight: 400\"><br \/>\n<\/span><\/li>\n<li><span style=\"font-weight: 400\">Sulje ovi sammuttaaksesi sen.<\/span><span style=\"font-weight: 400\"><br \/>\n<\/span><\/li>\n<li><span style=\"font-weight: 400\">Avaa ovi &#8211; valo syttyy automaattisesti.<\/span><span style=\"font-weight: 400\"><br \/>\n<\/span><\/li>\n<\/ol>\n<h2 style=\"text-align: center\"><b>Pakkaus Sis\u00e4lt\u00e4\u00e4<\/b><\/h2>\n<ul>\n<li style=\"font-weight: 400\"><span style=\"font-weight: 400\">1, 5, 10x LED-kaappitunnistinvalo <\/span><span style=\"font-weight: 400\"><br \/>\n<\/span><\/li>\n<li style=\"font-weight: 400\"><span style=\"font-weight: 400\">1x ruuvi helppoa asennusta varten<\/span><span style=\"font-weight: 400\"><br \/>\n<\/span><\/li>\n<li style=\"font-weight: 400\"><i><span style=\"font-weight: 400\">Paristo ei sis\u00e4lly.<\/span><\/i><\/li>\n<\/ul>\n","protected":false},"excerpt":{"rendered":"<p>Kirkas, \u00c4lyk\u00e4s Ja Helppo Asentaa T\u00e4m\u00e4 pieni valo syttyy, kun avaat kaapin &#8211; ei en\u00e4\u00e4 pime\u00e4ss\u00e4 etsimist\u00e4! T\u00e4rkeimm\u00e4t Edut Valot [&hellip;]<\/p>\n","protected":false},"featured_media":19886,"comment_status":"open","ping_status":"closed","template":"","meta":{"site-sidebar-layout":"default","site-content-layout":"","ast-site-content-layout":"default","site-content-style":"default","site-sidebar-style":"default","ast-global-header-display":"","ast-banner-title-visibility":"","ast-main-header-display":"","ast-hfb-above-header-display":"","ast-hfb-below-header-display":"","ast-hfb-mobile-header-display":"","site-post-title":"","ast-breadcrumbs-content":"","ast-featured-img":"","footer-sml-layout":"","ast-disable-related-posts":"","theme-transparent-header-meta":"default","adv-header-id-meta":"","stick-header-meta":"","header-above-stick-meta":"","header-main-stick-meta":"","header-below-stick-meta":"","astra-migrate-meta-layouts":"set","ast-page-background-enabled":"default","ast-page-background-meta":{"desktop":{"background-color":"var(--ast-global-color-5)","background-image":"","background-repeat":"repeat","background-position":"center center","background-size":"auto","background-attachment":"scroll","background-type":"","background-media":"","overlay-type":"","overlay-color":"","overlay-opacity":"","overlay-gradient":""},"tablet":{"background-color":"","background-image":"","background-repeat":"repeat","background-position":"center center","background-size":"auto","background-attachment":"scroll","background-type":"","background-media":"","overlay-type":"","overlay-color":"","overlay-opacity":"","overlay-gradient":""},"mobile":{"background-color":"","background-image":"","background-repeat":"repeat","background-position":"center center","background-size":"auto","background-attachment":"scroll","background-type":"","background-media":"","overlay-type":"","overlay-color":"","overlay-opacity":"","overlay-gradient":""}},"ast-content-background-meta":{"desktop":{"background-color":"var(--ast-global-color-4)","background-image":"","background-repeat":"repeat","background-position":"center center","background-size":"auto","background-attachment":"scroll","background-type":"","background-media":"","overlay-type":"","overlay-color":"","overlay-opacity":"","overlay-gradient":""},"tablet":{"background-color":"var(--ast-global-color-4)","background-image":"","background-repeat":"repeat","background-position":"center center","background-size":"auto","background-attachment":"scroll","background-type":"","background-media":"","overlay-type":"","overlay-color":"","overlay-opacity":"","overlay-gradient":""},"mobile":{"background-color":"var(--ast-global-color-4)","background-image":"","background-repeat":"repeat","background-position":"center center","background-size":"auto","background-attachment":"scroll","background-type":"","background-media":"","overlay-type":"","overlay-color":"","overlay-opacity":"","overlay-gradient":""}}},"product_brand":[],"product_cat":[15],"product_tag":[],"class_list":{"0":"post-19890","1":"product","2":"type-product","3":"status-publish","4":"has-post-thumbnail","6":"product_cat-luokittelematon","7":"pa_30949_l8zfl7f2-kylma-valo","8":"pa_30949_l8zfl7f2-lammin-valo","9":"pa_30949_w900dssz-1-kpl","10":"pa_30949_w900dssz-10-kpl","11":"pa_30949_w900dssz-5-kpl","12":"desktop-align-left","13":"tablet-align-left","14":"mobile-align-left","16":"first","17":"instock","18":"shipping-taxable","19":"purchasable","20":"product-type-variable","21":"has-default-attributes"},"yoast_head":"<!-- This site is optimized with the Yoast SEO plugin v27.4 - https:\/\/yoast.com\/product\/yoast-seo-wordpress\/ -->\n<title>LED-kaapin anturivalo - Senbera FI<\/title>\n<meta name=\"robots\" content=\"index, follow, max-snippet:-1, max-image-preview:large, max-video-preview:-1\" \/>\n<link rel=\"canonical\" href=\"https:\/\/senbera.com\/fi\/tuote\/led-kaapin-anturivalo\/\" \/>\n<meta property=\"og:locale\" content=\"fi_FI\" \/>\n<meta property=\"og:type\" content=\"article\" \/>\n<meta property=\"og:title\" content=\"LED-kaapin anturivalo - Senbera FI\" \/>\n<meta property=\"og:description\" content=\"Kirkas, \u00c4lyk\u00e4s Ja Helppo Asentaa T\u00e4m\u00e4 pieni valo syttyy, kun avaat kaapin &#8211; ei en\u00e4\u00e4 pime\u00e4ss\u00e4 etsimist\u00e4! T\u00e4rkeimm\u00e4t Edut Valot [&hellip;]\" \/>\n<meta property=\"og:url\" content=\"https:\/\/senbera.com\/fi\/tuote\/led-kaapin-anturivalo\/\" \/>\n<meta property=\"og:site_name\" content=\"Senbera FI\" \/>\n<meta property=\"article:modified_time\" content=\"2026-01-15T17:43:46+00:00\" \/>\n<meta name=\"twitter:card\" content=\"summary_large_image\" \/>\n<meta name=\"twitter:label1\" content=\"Arvioitu lukuaika\" \/>\n\t<meta name=\"twitter:data1\" content=\"1 minuutti\" \/>\n<script type=\"application\/ld+json\" class=\"yoast-schema-graph\">{\"@context\":\"https:\\\/\\\/schema.org\",\"@graph\":[{\"@type\":\"WebPage\",\"@id\":\"https:\\\/\\\/senbera.com\\\/fi\\\/tuote\\\/led-kaapin-anturivalo\\\/\",\"url\":\"https:\\\/\\\/senbera.com\\\/fi\\\/tuote\\\/led-kaapin-anturivalo\\\/\",\"name\":\"LED-kaapin anturivalo - Senbera FI\",\"isPartOf\":{\"@id\":\"https:\\\/\\\/senbera.com\\\/fi\\\/#website\"},\"primaryImageOfPage\":{\"@id\":\"https:\\\/\\\/senbera.com\\\/fi\\\/tuote\\\/led-kaapin-anturivalo\\\/#primaryimage\"},\"image\":{\"@id\":\"https:\\\/\\\/senbera.com\\\/fi\\\/tuote\\\/led-kaapin-anturivalo\\\/#primaryimage\"},\"thumbnailUrl\":\"https:\\\/\\\/senbera.com\\\/fi\\\/wp-content\\\/uploads\\\/sites\\\/19\\\/2026\\\/01\\\/7k1r96t-1.jpg\",\"datePublished\":\"2026-01-15T17:43:24+00:00\",\"dateModified\":\"2026-01-15T17:43:46+00:00\",\"breadcrumb\":{\"@id\":\"https:\\\/\\\/senbera.com\\\/fi\\\/tuote\\\/led-kaapin-anturivalo\\\/#breadcrumb\"},\"inLanguage\":\"fi\",\"potentialAction\":[{\"@type\":\"ReadAction\",\"target\":[\"https:\\\/\\\/senbera.com\\\/fi\\\/tuote\\\/led-kaapin-anturivalo\\\/\"]}]},{\"@type\":\"ImageObject\",\"inLanguage\":\"fi\",\"@id\":\"https:\\\/\\\/senbera.com\\\/fi\\\/tuote\\\/led-kaapin-anturivalo\\\/#primaryimage\",\"url\":\"https:\\\/\\\/senbera.com\\\/fi\\\/wp-content\\\/uploads\\\/sites\\\/19\\\/2026\\\/01\\\/7k1r96t-1.jpg\",\"contentUrl\":\"https:\\\/\\\/senbera.com\\\/fi\\\/wp-content\\\/uploads\\\/sites\\\/19\\\/2026\\\/01\\\/7k1r96t-1.jpg\",\"width\":800,\"height\":800},{\"@type\":\"BreadcrumbList\",\"@id\":\"https:\\\/\\\/senbera.com\\\/fi\\\/tuote\\\/led-kaapin-anturivalo\\\/#breadcrumb\",\"itemListElement\":[{\"@type\":\"ListItem\",\"position\":1,\"name\":\"Home\",\"item\":\"https:\\\/\\\/senbera.com\\\/fi\\\/\"},{\"@type\":\"ListItem\",\"position\":2,\"name\":\"Kauppa\",\"item\":\"https:\\\/\\\/senbera.com\\\/fi\\\/kauppa\\\/\"},{\"@type\":\"ListItem\",\"position\":3,\"name\":\"LED-kaapin anturivalo\"}]},{\"@type\":\"WebSite\",\"@id\":\"https:\\\/\\\/senbera.com\\\/fi\\\/#website\",\"url\":\"https:\\\/\\\/senbera.com\\\/fi\\\/\",\"name\":\"Senbera FI\",\"description\":\"\",\"publisher\":{\"@id\":\"https:\\\/\\\/senbera.com\\\/fi\\\/#organization\"},\"potentialAction\":[{\"@type\":\"SearchAction\",\"target\":{\"@type\":\"EntryPoint\",\"urlTemplate\":\"https:\\\/\\\/senbera.com\\\/fi\\\/?s={search_term_string}\"},\"query-input\":{\"@type\":\"PropertyValueSpecification\",\"valueRequired\":true,\"valueName\":\"search_term_string\"}}],\"inLanguage\":\"fi\"},{\"@type\":\"Organization\",\"@id\":\"https:\\\/\\\/senbera.com\\\/fi\\\/#organization\",\"name\":\"Mekulo\",\"url\":\"https:\\\/\\\/senbera.com\\\/fi\\\/\",\"logo\":{\"@type\":\"ImageObject\",\"inLanguage\":\"fi\",\"@id\":\"https:\\\/\\\/senbera.com\\\/fi\\\/#\\\/schema\\\/logo\\\/image\\\/\",\"url\":\"https:\\\/\\\/senbera.com\\\/fi\\\/wp-content\\\/uploads\\\/sites\\\/19\\\/2025\\\/12\\\/favicon_mekulo.png\",\"contentUrl\":\"https:\\\/\\\/senbera.com\\\/fi\\\/wp-content\\\/uploads\\\/sites\\\/19\\\/2025\\\/12\\\/favicon_mekulo.png\",\"width\":50,\"height\":50,\"caption\":\"Mekulo\"},\"image\":{\"@id\":\"https:\\\/\\\/senbera.com\\\/fi\\\/#\\\/schema\\\/logo\\\/image\\\/\"}}]}<\/script>\n<!-- \/ Yoast SEO plugin. -->","yoast_head_json":{"title":"LED-kaapin anturivalo - Senbera FI","robots":{"index":"index","follow":"follow","max-snippet":"max-snippet:-1","max-image-preview":"max-image-preview:large","max-video-preview":"max-video-preview:-1"},"canonical":"https:\/\/senbera.com\/fi\/tuote\/led-kaapin-anturivalo\/","og_locale":"fi_FI","og_type":"article","og_title":"LED-kaapin anturivalo - Senbera FI","og_description":"Kirkas, \u00c4lyk\u00e4s Ja Helppo Asentaa T\u00e4m\u00e4 pieni valo syttyy, kun avaat kaapin &#8211; ei en\u00e4\u00e4 pime\u00e4ss\u00e4 etsimist\u00e4! T\u00e4rkeimm\u00e4t Edut Valot [&hellip;]","og_url":"https:\/\/senbera.com\/fi\/tuote\/led-kaapin-anturivalo\/","og_site_name":"Senbera FI","article_modified_time":"2026-01-15T17:43:46+00:00","twitter_card":"summary_large_image","twitter_misc":{"Arvioitu lukuaika":"1 minuutti"},"schema":{"@context":"https:\/\/schema.org","@graph":[{"@type":"WebPage","@id":"https:\/\/senbera.com\/fi\/tuote\/led-kaapin-anturivalo\/","url":"https:\/\/senbera.com\/fi\/tuote\/led-kaapin-anturivalo\/","name":"LED-kaapin anturivalo - Senbera FI","isPartOf":{"@id":"https:\/\/senbera.com\/fi\/#website"},"primaryImageOfPage":{"@id":"https:\/\/senbera.com\/fi\/tuote\/led-kaapin-anturivalo\/#primaryimage"},"image":{"@id":"https:\/\/senbera.com\/fi\/tuote\/led-kaapin-anturivalo\/#primaryimage"},"thumbnailUrl":"https:\/\/senbera.com\/fi\/wp-content\/uploads\/sites\/19\/2026\/01\/7k1r96t-1.jpg","datePublished":"2026-01-15T17:43:24+00:00","dateModified":"2026-01-15T17:43:46+00:00","breadcrumb":{"@id":"https:\/\/senbera.com\/fi\/tuote\/led-kaapin-anturivalo\/#breadcrumb"},"inLanguage":"fi","potentialAction":[{"@type":"ReadAction","target":["https:\/\/senbera.com\/fi\/tuote\/led-kaapin-anturivalo\/"]}]},{"@type":"ImageObject","inLanguage":"fi","@id":"https:\/\/senbera.com\/fi\/tuote\/led-kaapin-anturivalo\/#primaryimage","url":"https:\/\/senbera.com\/fi\/wp-content\/uploads\/sites\/19\/2026\/01\/7k1r96t-1.jpg","contentUrl":"https:\/\/senbera.com\/fi\/wp-content\/uploads\/sites\/19\/2026\/01\/7k1r96t-1.jpg","width":800,"height":800},{"@type":"BreadcrumbList","@id":"https:\/\/senbera.com\/fi\/tuote\/led-kaapin-anturivalo\/#breadcrumb","itemListElement":[{"@type":"ListItem","position":1,"name":"Home","item":"https:\/\/senbera.com\/fi\/"},{"@type":"ListItem","position":2,"name":"Kauppa","item":"https:\/\/senbera.com\/fi\/kauppa\/"},{"@type":"ListItem","position":3,"name":"LED-kaapin anturivalo"}]},{"@type":"WebSite","@id":"https:\/\/senbera.com\/fi\/#website","url":"https:\/\/senbera.com\/fi\/","name":"Senbera FI","description":"","publisher":{"@id":"https:\/\/senbera.com\/fi\/#organization"},"potentialAction":[{"@type":"SearchAction","target":{"@type":"EntryPoint","urlTemplate":"https:\/\/senbera.com\/fi\/?s={search_term_string}"},"query-input":{"@type":"PropertyValueSpecification","valueRequired":true,"valueName":"search_term_string"}}],"inLanguage":"fi"},{"@type":"Organization","@id":"https:\/\/senbera.com\/fi\/#organization","name":"Mekulo","url":"https:\/\/senbera.com\/fi\/","logo":{"@type":"ImageObject","inLanguage":"fi","@id":"https:\/\/senbera.com\/fi\/#\/schema\/logo\/image\/","url":"https:\/\/senbera.com\/fi\/wp-content\/uploads\/sites\/19\/2025\/12\/favicon_mekulo.png","contentUrl":"https:\/\/senbera.com\/fi\/wp-content\/uploads\/sites\/19\/2025\/12\/favicon_mekulo.png","width":50,"height":50,"caption":"Mekulo"},"image":{"@id":"https:\/\/senbera.com\/fi\/#\/schema\/logo\/image\/"}}]}},"_links":{"self":[{"href":"https:\/\/senbera.com\/fi\/wp-json\/wp\/v2\/product\/19890","targetHints":{"allow":["GET"]}}],"collection":[{"href":"https:\/\/senbera.com\/fi\/wp-json\/wp\/v2\/product"}],"about":[{"href":"https:\/\/senbera.com\/fi\/wp-json\/wp\/v2\/types\/product"}],"replies":[{"embeddable":true,"href":"https:\/\/senbera.com\/fi\/wp-json\/wp\/v2\/comments?post=19890"}],"wp:featuredmedia":[{"embeddable":true,"href":"https:\/\/senbera.com\/fi\/wp-json\/wp\/v2\/media\/19886"}],"wp:attachment":[{"href":"https:\/\/senbera.com\/fi\/wp-json\/wp\/v2\/media?parent=19890"}],"wp:term":[{"taxonomy":"product_brand","embeddable":true,"href":"https:\/\/senbera.com\/fi\/wp-json\/wp\/v2\/product_brand?post=19890"},{"taxonomy":"product_cat","embeddable":true,"href":"https:\/\/senbera.com\/fi\/wp-json\/wp\/v2\/product_cat?post=19890"},{"taxonomy":"product_tag","embeddable":true,"href":"https:\/\/senbera.com\/fi\/wp-json\/wp\/v2\/product_tag?post=19890"}],"curies":[{"name":"wp","href":"https:\/\/api.w.org\/{rel}","templated":true}]}}