{"id":19873,"date":"2026-01-15T19:41:48","date_gmt":"2026-01-15T17:41:48","guid":{"rendered":"https:\/\/senbera.com\/fi\/tuote\/jaahdytysmatto\/"},"modified":"2026-01-15T19:42:03","modified_gmt":"2026-01-15T17:42:03","slug":"jaahdytysmatto","status":"publish","type":"product","link":"https:\/\/senbera.com\/fi\/tuote\/jaahdytysmatto\/","title":{"rendered":"J\u00e4\u00e4hdytysmatto"},"content":{"rendered":"<p style=\"text-align: center\"><b>J\u00e4\u00e4hdyt\u00e4 lemmikkisi &#8211; tyynyll\u00e4 varustetulla lemmikin j\u00e4\u00e4hdytysmatolla!<\/b><b><br \/>\n<\/b><\/p>\n<p style=\"text-align: center\"><span style=\"font-weight: 400\">T\u00e4m\u00e4 j\u00e4\u00e4hdytysmatto auttaa koiraasi tai kissaasi pysym\u00e4\u00e4n mukavana kuumina p\u00e4ivin\u00e4. Se on pehme\u00e4 ja turvallinen, ja siin\u00e4 on jopa sis\u00e4\u00e4nrakennettu tyyny, joka takaa lemmikin parhaat unet ikin\u00e4!<\/span><\/p>\n<p><img decoding=\"async\" class=\"size-full wp-image-15865 aligncenter\" src=\"https:\/\/keluvo.com\/template\/wp-content\/uploads\/sites\/5\/2025\/04\/Untitled-video-Made-with-Clipchamp.gif\" alt=\"\" \/><\/p>\n<h2 style=\"text-align: center\">T\u00e4rkeimm\u00e4t Edut<\/h2>\n<p><b><\/b><span style=\"font-weight: 400\"> \u2705 <\/span><b>Pit\u00e4\u00e4 lemmikkiel\u00e4imet viilein\u00e4<\/b><span style=\"font-weight: 400\"> &#8211; Erikoiskangas auttaa alentamaan kehon l\u00e4mp\u00f6\u00e4 luonnollisesti<\/span><\/p>\n<p><span style=\"font-weight: 400\"> \u2705 <\/span><b>Pehme\u00e4 ja turvallinen<\/b><span style=\"font-weight: 400\"> &#8211; Ei geeli\u00e4, ei sotkua, vain turvallista viilennysmukavuutta<\/span><\/p>\n<p><span style=\"font-weight: 400\"> \u2705 <\/span><b>Sis\u00e4\u00e4nrakennettu tyyny<\/b><span style=\"font-weight: 400\"> &#8211; Lis\u00e4mukava paikka lemmikkisi lepuuttaa p\u00e4\u00e4t\u00e4\u00e4n<\/span><\/p>\n<p><span style=\"font-weight: 400\"> \u2705 <\/span><b>Loistava matkustamiseen<\/b><span style=\"font-weight: 400\"> &#8211; Kevyt, kokoontaitettava ja helppo kuljettaa<\/span><\/p>\n<p><span style=\"font-weight: 400\"> \u2705 <\/span><b>Helppo puhdistaa<\/b><span style=\"font-weight: 400\"> &#8211; Heit\u00e4 se pesukoneeseen raikasta puhtautta varten<\/span><\/p>\n<p><img decoding=\"async\" class=\"size-full wp-image-15869 aligncenter\" src=\"https:\/\/keluvo.com\/template\/wp-content\/uploads\/sites\/5\/2025\/04\/e5ad9bbe-9c16-464b-a6d7-2113407b310a.webp\" alt=\"\" \/><\/p>\n<h2 style=\"text-align: center\">My\u00f6s Kuin Pelkk\u00e4 S\u00e4nky<\/h2>\n<p style=\"text-align: center\"><span style=\"font-weight: 400\">Se on kes\u00e4n pakollinen varuste pienille koirille ja kissoille. Pehme\u00e4n materiaalin ja mukavan tyynyn ansiosta karvainen yst\u00e4v\u00e4si pysyy viile\u00e4n\u00e4 ja nukkuu paremmin, olipa h\u00e4n sitten kotona tai liikkeell\u00e4. Se on t\u00e4ydellinen yhdistelm\u00e4 mukavuutta, turvallisuutta ja s\u00f6p\u00f6\u00e4 muotoilua!<\/span><\/p>\n<h2 style=\"text-align: center\">K\u00e4ytt\u00f6<\/h2>\n<ol>\n<li style=\"font-weight: 400\"><span style=\"font-weight: 400\">Avaa matto lemmikkisi suosikkipaikalle<\/span><\/li>\n<li style=\"font-weight: 400\"><span style=\"font-weight: 400\">Anna koirasi tai kissasi maata ja rentoutua<\/span><\/li>\n<li style=\"font-weight: 400\"><span style=\"font-weight: 400\">Pese tarvittaessa &#8211; se on konepest\u00e4v\u00e4!<\/span><\/li>\n<\/ol>\n<h2 style=\"text-align: center\">Pakkaus Sis\u00e4lt\u00e4\u00e4<b><\/b><\/h2>\n<ul>\n<li style=\"font-weight: 400\"><span style=\"font-weight: 400\">1x itsest\u00e4\u00e4n viilent\u00e4v\u00e4 lemmikkimatto, jossa on sis\u00e4\u00e4nrakennettu tyyny<\/span><\/li>\n<li style=\"font-weight: 400\"><span style=\"font-weight: 400\">Valitsemasi koko:<\/span><span style=\"font-weight: 400\"><br \/>\n<\/span><span style=\"font-weight: 400\"> \u2022 Small: 60cm x 40cm<\/span><span style=\"font-weight: 400\"><br \/>\n<\/span><span style=\"font-weight: 400\"> \u2022 Medium: 80cm x 60cm<\/span><\/li>\n<li style=\"font-weight: 400\"><span style=\"font-weight: 400\">Kevyt ja kokoontaitettava, helppo s\u00e4ilytt\u00e4\u00e4 ja matkustaa.<\/span><\/li>\n<\/ul>\n<p>&nbsp;<\/p>\n<p>&nbsp;<\/p>\n","protected":false},"excerpt":{"rendered":"<p>J\u00e4\u00e4hdyt\u00e4 lemmikkisi &#8211; tyynyll\u00e4 varustetulla lemmikin j\u00e4\u00e4hdytysmatolla! T\u00e4m\u00e4 j\u00e4\u00e4hdytysmatto auttaa koiraasi tai kissaasi pysym\u00e4\u00e4n mukavana kuumina p\u00e4ivin\u00e4. Se on pehme\u00e4 [&hellip;]<\/p>\n","protected":false},"featured_media":19869,"comment_status":"open","ping_status":"closed","template":"","meta":{"site-sidebar-layout":"default","site-content-layout":"","ast-site-content-layout":"default","site-content-style":"default","site-sidebar-style":"default","ast-global-header-display":"","ast-banner-title-visibility":"","ast-main-header-display":"","ast-hfb-above-header-display":"","ast-hfb-below-header-display":"","ast-hfb-mobile-header-display":"","site-post-title":"","ast-breadcrumbs-content":"","ast-featured-img":"","footer-sml-layout":"","ast-disable-related-posts":"","theme-transparent-header-meta":"default","adv-header-id-meta":"","stick-header-meta":"","header-above-stick-meta":"","header-main-stick-meta":"","header-below-stick-meta":"","astra-migrate-meta-layouts":"set","ast-page-background-enabled":"default","ast-page-background-meta":{"desktop":{"background-color":"var(--ast-global-color-5)","background-image":"","background-repeat":"repeat","background-position":"center center","background-size":"auto","background-attachment":"scroll","background-type":"","background-media":"","overlay-type":"","overlay-color":"","overlay-opacity":"","overlay-gradient":""},"tablet":{"background-color":"","background-image":"","background-repeat":"repeat","background-position":"center center","background-size":"auto","background-attachment":"scroll","background-type":"","background-media":"","overlay-type":"","overlay-color":"","overlay-opacity":"","overlay-gradient":""},"mobile":{"background-color":"","background-image":"","background-repeat":"repeat","background-position":"center center","background-size":"auto","background-attachment":"scroll","background-type":"","background-media":"","overlay-type":"","overlay-color":"","overlay-opacity":"","overlay-gradient":""}},"ast-content-background-meta":{"desktop":{"background-color":"var(--ast-global-color-4)","background-image":"","background-repeat":"repeat","background-position":"center center","background-size":"auto","background-attachment":"scroll","background-type":"","background-media":"","overlay-type":"","overlay-color":"","overlay-opacity":"","overlay-gradient":""},"tablet":{"background-color":"var(--ast-global-color-4)","background-image":"","background-repeat":"repeat","background-position":"center center","background-size":"auto","background-attachment":"scroll","background-type":"","background-media":"","overlay-type":"","overlay-color":"","overlay-opacity":"","overlay-gradient":""},"mobile":{"background-color":"var(--ast-global-color-4)","background-image":"","background-repeat":"repeat","background-position":"center center","background-size":"auto","background-attachment":"scroll","background-type":"","background-media":"","overlay-type":"","overlay-color":"","overlay-opacity":"","overlay-gradient":""}}},"product_brand":[],"product_cat":[15],"product_tag":[],"class_list":{"0":"post-19873","1":"product","2":"type-product","3":"status-publish","4":"has-post-thumbnail","6":"product_cat-luokittelematon","7":"pa_21629_loman3kg-medium","8":"pa_21629_loman3kg-pieni","9":"pa_21629_wzzhg891-vaaleanpunainen","10":"pa_21629_wzzhg891-vihrea","11":"desktop-align-left","12":"tablet-align-left","13":"mobile-align-left","15":"first","16":"instock","17":"shipping-taxable","18":"purchasable","19":"product-type-variable","20":"has-default-attributes"},"yoast_head":"<!-- This site is optimized with the Yoast SEO plugin v27.4 - https:\/\/yoast.com\/product\/yoast-seo-wordpress\/ -->\n<title>J\u00e4\u00e4hdytysmatto - Senbera FI<\/title>\n<meta name=\"robots\" content=\"index, follow, max-snippet:-1, max-image-preview:large, max-video-preview:-1\" \/>\n<link rel=\"canonical\" href=\"https:\/\/senbera.com\/fi\/tuote\/jaahdytysmatto\/\" \/>\n<meta property=\"og:locale\" content=\"fi_FI\" \/>\n<meta property=\"og:type\" content=\"article\" \/>\n<meta property=\"og:title\" content=\"J\u00e4\u00e4hdytysmatto - Senbera FI\" \/>\n<meta property=\"og:description\" content=\"J\u00e4\u00e4hdyt\u00e4 lemmikkisi &#8211; tyynyll\u00e4 varustetulla lemmikin j\u00e4\u00e4hdytysmatolla! T\u00e4m\u00e4 j\u00e4\u00e4hdytysmatto auttaa koiraasi tai kissaasi pysym\u00e4\u00e4n mukavana kuumina p\u00e4ivin\u00e4. Se on pehme\u00e4 [&hellip;]\" \/>\n<meta property=\"og:url\" content=\"https:\/\/senbera.com\/fi\/tuote\/jaahdytysmatto\/\" \/>\n<meta property=\"og:site_name\" content=\"Senbera FI\" \/>\n<meta property=\"article:modified_time\" content=\"2026-01-15T17:42:03+00:00\" \/>\n<meta name=\"twitter:card\" content=\"summary_large_image\" \/>\n<meta name=\"twitter:label1\" content=\"Arvioitu lukuaika\" \/>\n\t<meta name=\"twitter:data1\" content=\"1 minuutti\" \/>\n<script type=\"application\/ld+json\" class=\"yoast-schema-graph\">{\"@context\":\"https:\\\/\\\/schema.org\",\"@graph\":[{\"@type\":\"WebPage\",\"@id\":\"https:\\\/\\\/senbera.com\\\/fi\\\/tuote\\\/jaahdytysmatto\\\/\",\"url\":\"https:\\\/\\\/senbera.com\\\/fi\\\/tuote\\\/jaahdytysmatto\\\/\",\"name\":\"J\u00e4\u00e4hdytysmatto - Senbera FI\",\"isPartOf\":{\"@id\":\"https:\\\/\\\/senbera.com\\\/fi\\\/#website\"},\"primaryImageOfPage\":{\"@id\":\"https:\\\/\\\/senbera.com\\\/fi\\\/tuote\\\/jaahdytysmatto\\\/#primaryimage\"},\"image\":{\"@id\":\"https:\\\/\\\/senbera.com\\\/fi\\\/tuote\\\/jaahdytysmatto\\\/#primaryimage\"},\"thumbnailUrl\":\"https:\\\/\\\/senbera.com\\\/fi\\\/wp-content\\\/uploads\\\/sites\\\/19\\\/2026\\\/01\\\/331h4v0-1.webp\",\"datePublished\":\"2026-01-15T17:41:48+00:00\",\"dateModified\":\"2026-01-15T17:42:03+00:00\",\"breadcrumb\":{\"@id\":\"https:\\\/\\\/senbera.com\\\/fi\\\/tuote\\\/jaahdytysmatto\\\/#breadcrumb\"},\"inLanguage\":\"fi\",\"potentialAction\":[{\"@type\":\"ReadAction\",\"target\":[\"https:\\\/\\\/senbera.com\\\/fi\\\/tuote\\\/jaahdytysmatto\\\/\"]}]},{\"@type\":\"ImageObject\",\"inLanguage\":\"fi\",\"@id\":\"https:\\\/\\\/senbera.com\\\/fi\\\/tuote\\\/jaahdytysmatto\\\/#primaryimage\",\"url\":\"https:\\\/\\\/senbera.com\\\/fi\\\/wp-content\\\/uploads\\\/sites\\\/19\\\/2026\\\/01\\\/331h4v0-1.webp\",\"contentUrl\":\"https:\\\/\\\/senbera.com\\\/fi\\\/wp-content\\\/uploads\\\/sites\\\/19\\\/2026\\\/01\\\/331h4v0-1.webp\",\"width\":800,\"height\":800},{\"@type\":\"BreadcrumbList\",\"@id\":\"https:\\\/\\\/senbera.com\\\/fi\\\/tuote\\\/jaahdytysmatto\\\/#breadcrumb\",\"itemListElement\":[{\"@type\":\"ListItem\",\"position\":1,\"name\":\"Home\",\"item\":\"https:\\\/\\\/senbera.com\\\/fi\\\/\"},{\"@type\":\"ListItem\",\"position\":2,\"name\":\"Kauppa\",\"item\":\"https:\\\/\\\/senbera.com\\\/fi\\\/kauppa\\\/\"},{\"@type\":\"ListItem\",\"position\":3,\"name\":\"J\u00e4\u00e4hdytysmatto\"}]},{\"@type\":\"WebSite\",\"@id\":\"https:\\\/\\\/senbera.com\\\/fi\\\/#website\",\"url\":\"https:\\\/\\\/senbera.com\\\/fi\\\/\",\"name\":\"Senbera FI\",\"description\":\"\",\"publisher\":{\"@id\":\"https:\\\/\\\/senbera.com\\\/fi\\\/#organization\"},\"potentialAction\":[{\"@type\":\"SearchAction\",\"target\":{\"@type\":\"EntryPoint\",\"urlTemplate\":\"https:\\\/\\\/senbera.com\\\/fi\\\/?s={search_term_string}\"},\"query-input\":{\"@type\":\"PropertyValueSpecification\",\"valueRequired\":true,\"valueName\":\"search_term_string\"}}],\"inLanguage\":\"fi\"},{\"@type\":\"Organization\",\"@id\":\"https:\\\/\\\/senbera.com\\\/fi\\\/#organization\",\"name\":\"Mekulo\",\"url\":\"https:\\\/\\\/senbera.com\\\/fi\\\/\",\"logo\":{\"@type\":\"ImageObject\",\"inLanguage\":\"fi\",\"@id\":\"https:\\\/\\\/senbera.com\\\/fi\\\/#\\\/schema\\\/logo\\\/image\\\/\",\"url\":\"https:\\\/\\\/senbera.com\\\/fi\\\/wp-content\\\/uploads\\\/sites\\\/19\\\/2025\\\/12\\\/favicon_mekulo.png\",\"contentUrl\":\"https:\\\/\\\/senbera.com\\\/fi\\\/wp-content\\\/uploads\\\/sites\\\/19\\\/2025\\\/12\\\/favicon_mekulo.png\",\"width\":50,\"height\":50,\"caption\":\"Mekulo\"},\"image\":{\"@id\":\"https:\\\/\\\/senbera.com\\\/fi\\\/#\\\/schema\\\/logo\\\/image\\\/\"}}]}<\/script>\n<!-- \/ Yoast SEO plugin. -->","yoast_head_json":{"title":"J\u00e4\u00e4hdytysmatto - Senbera FI","robots":{"index":"index","follow":"follow","max-snippet":"max-snippet:-1","max-image-preview":"max-image-preview:large","max-video-preview":"max-video-preview:-1"},"canonical":"https:\/\/senbera.com\/fi\/tuote\/jaahdytysmatto\/","og_locale":"fi_FI","og_type":"article","og_title":"J\u00e4\u00e4hdytysmatto - Senbera FI","og_description":"J\u00e4\u00e4hdyt\u00e4 lemmikkisi &#8211; tyynyll\u00e4 varustetulla lemmikin j\u00e4\u00e4hdytysmatolla! T\u00e4m\u00e4 j\u00e4\u00e4hdytysmatto auttaa koiraasi tai kissaasi pysym\u00e4\u00e4n mukavana kuumina p\u00e4ivin\u00e4. Se on pehme\u00e4 [&hellip;]","og_url":"https:\/\/senbera.com\/fi\/tuote\/jaahdytysmatto\/","og_site_name":"Senbera FI","article_modified_time":"2026-01-15T17:42:03+00:00","twitter_card":"summary_large_image","twitter_misc":{"Arvioitu lukuaika":"1 minuutti"},"schema":{"@context":"https:\/\/schema.org","@graph":[{"@type":"WebPage","@id":"https:\/\/senbera.com\/fi\/tuote\/jaahdytysmatto\/","url":"https:\/\/senbera.com\/fi\/tuote\/jaahdytysmatto\/","name":"J\u00e4\u00e4hdytysmatto - Senbera FI","isPartOf":{"@id":"https:\/\/senbera.com\/fi\/#website"},"primaryImageOfPage":{"@id":"https:\/\/senbera.com\/fi\/tuote\/jaahdytysmatto\/#primaryimage"},"image":{"@id":"https:\/\/senbera.com\/fi\/tuote\/jaahdytysmatto\/#primaryimage"},"thumbnailUrl":"https:\/\/senbera.com\/fi\/wp-content\/uploads\/sites\/19\/2026\/01\/331h4v0-1.webp","datePublished":"2026-01-15T17:41:48+00:00","dateModified":"2026-01-15T17:42:03+00:00","breadcrumb":{"@id":"https:\/\/senbera.com\/fi\/tuote\/jaahdytysmatto\/#breadcrumb"},"inLanguage":"fi","potentialAction":[{"@type":"ReadAction","target":["https:\/\/senbera.com\/fi\/tuote\/jaahdytysmatto\/"]}]},{"@type":"ImageObject","inLanguage":"fi","@id":"https:\/\/senbera.com\/fi\/tuote\/jaahdytysmatto\/#primaryimage","url":"https:\/\/senbera.com\/fi\/wp-content\/uploads\/sites\/19\/2026\/01\/331h4v0-1.webp","contentUrl":"https:\/\/senbera.com\/fi\/wp-content\/uploads\/sites\/19\/2026\/01\/331h4v0-1.webp","width":800,"height":800},{"@type":"BreadcrumbList","@id":"https:\/\/senbera.com\/fi\/tuote\/jaahdytysmatto\/#breadcrumb","itemListElement":[{"@type":"ListItem","position":1,"name":"Home","item":"https:\/\/senbera.com\/fi\/"},{"@type":"ListItem","position":2,"name":"Kauppa","item":"https:\/\/senbera.com\/fi\/kauppa\/"},{"@type":"ListItem","position":3,"name":"J\u00e4\u00e4hdytysmatto"}]},{"@type":"WebSite","@id":"https:\/\/senbera.com\/fi\/#website","url":"https:\/\/senbera.com\/fi\/","name":"Senbera FI","description":"","publisher":{"@id":"https:\/\/senbera.com\/fi\/#organization"},"potentialAction":[{"@type":"SearchAction","target":{"@type":"EntryPoint","urlTemplate":"https:\/\/senbera.com\/fi\/?s={search_term_string}"},"query-input":{"@type":"PropertyValueSpecification","valueRequired":true,"valueName":"search_term_string"}}],"inLanguage":"fi"},{"@type":"Organization","@id":"https:\/\/senbera.com\/fi\/#organization","name":"Mekulo","url":"https:\/\/senbera.com\/fi\/","logo":{"@type":"ImageObject","inLanguage":"fi","@id":"https:\/\/senbera.com\/fi\/#\/schema\/logo\/image\/","url":"https:\/\/senbera.com\/fi\/wp-content\/uploads\/sites\/19\/2025\/12\/favicon_mekulo.png","contentUrl":"https:\/\/senbera.com\/fi\/wp-content\/uploads\/sites\/19\/2025\/12\/favicon_mekulo.png","width":50,"height":50,"caption":"Mekulo"},"image":{"@id":"https:\/\/senbera.com\/fi\/#\/schema\/logo\/image\/"}}]}},"_links":{"self":[{"href":"https:\/\/senbera.com\/fi\/wp-json\/wp\/v2\/product\/19873","targetHints":{"allow":["GET"]}}],"collection":[{"href":"https:\/\/senbera.com\/fi\/wp-json\/wp\/v2\/product"}],"about":[{"href":"https:\/\/senbera.com\/fi\/wp-json\/wp\/v2\/types\/product"}],"replies":[{"embeddable":true,"href":"https:\/\/senbera.com\/fi\/wp-json\/wp\/v2\/comments?post=19873"}],"wp:featuredmedia":[{"embeddable":true,"href":"https:\/\/senbera.com\/fi\/wp-json\/wp\/v2\/media\/19869"}],"wp:attachment":[{"href":"https:\/\/senbera.com\/fi\/wp-json\/wp\/v2\/media?parent=19873"}],"wp:term":[{"taxonomy":"product_brand","embeddable":true,"href":"https:\/\/senbera.com\/fi\/wp-json\/wp\/v2\/product_brand?post=19873"},{"taxonomy":"product_cat","embeddable":true,"href":"https:\/\/senbera.com\/fi\/wp-json\/wp\/v2\/product_cat?post=19873"},{"taxonomy":"product_tag","embeddable":true,"href":"https:\/\/senbera.com\/fi\/wp-json\/wp\/v2\/product_tag?post=19873"}],"curies":[{"name":"wp","href":"https:\/\/api.w.org\/{rel}","templated":true}]}}