{"id":19836,"date":"2026-01-15T19:37:29","date_gmt":"2026-01-15T17:37:29","guid":{"rendered":"https:\/\/senbera.com\/fi\/tuote\/sprinklerijarjestelma\/"},"modified":"2026-01-15T19:37:29","modified_gmt":"2026-01-15T17:37:29","slug":"sprinklerijarjestelma","status":"publish","type":"product","link":"https:\/\/senbera.com\/fi\/tuote\/sprinklerijarjestelma\/","title":{"rendered":"Sprinklerij\u00e4rjestelm\u00e4"},"content":{"rendered":"<p style=\"text-align: center\"><strong>Kastele Joka Nurkka \u2013 360\u00b0 Kolmijalkaisen Sadetinj\u00e4rjestelm\u00e4n Avulla!<\/strong><\/p>\n<p style=\"text-align: center\"><span style=\"font-weight: 400\">Helppok\u00e4ytt\u00f6inen, tehokas suihku. <\/span><span style=\"font-size: 16px;font-weight: 400\">T\u00e4m\u00e4 \u00e4lyk\u00e4s sadetin py\u00f6rii itsest\u00e4\u00e4n ja suihkuttaa vett\u00e4 kaikkialle. Se pit\u00e4\u00e4 kasvisi tyytyv\u00e4isin\u00e4 ja puutarhasi vihre\u00e4n\u00e4 &#8211; ilman, ett\u00e4 sin\u00e4 nostat sormeakaan!<\/span><\/p>\n<p><img decoding=\"async\" class=\"size-full wp-image-16448 aligncenter\" src=\"https:\/\/keluvo.com\/template\/wp-content\/uploads\/sites\/5\/2025\/04\/1961421f-f89f-4fe1-8b2d-713bb43ef815-ezgif.com-video-to-webp-converter.webp\" alt=\"\" \/><\/p>\n<h2 style=\"text-align: center\">T\u00e4rkeimm\u00e4t Edut<\/h2>\n<p><span style=\"font-weight: 400\">\u2705 <\/span><b>Kattaa jokaisen alueen<\/b><span style=\"font-weight: 400\"> &#8211; 360\u00b0 automaattisesti py\u00f6riv\u00e4 p\u00e4\u00e4 tavoittaa koko puutarhan<\/span><\/p>\n<p><span style=\"font-weight: 400\"> \u2705 <\/span><b>S\u00e4\u00e4dett\u00e4v\u00e4 korkeus<\/b><span style=\"font-weight: 400\"> &#8211; Nosta tai laske 45-89 cm kasvien tarpeiden mukaan<\/span><\/p>\n<p><span style=\"font-weight: 400\"> \u2705 <\/span><b>S\u00e4\u00e4st\u00e4\u00e4 vett\u00e4<\/b><span style=\"font-weight: 400\"> &#8211; Hieno sumusuihku pit\u00e4\u00e4 maaper\u00e4n kosteana ja v\u00e4hent\u00e4\u00e4 tuhlausta<\/span><\/p>\n<p><span style=\"font-weight: 400\"> \u2705 <\/span><b>Vahva ja kest\u00e4v\u00e4<\/b><span style=\"font-weight: 400\"> &#8211; Valmistettu ruostumattomasta ter\u00e4ksest\u00e4 ja sinkkiseoksesta pitk\u00e4\u00e4n k\u00e4ytt\u00f6\u00f6n<\/span><\/p>\n<p><span style=\"font-weight: 400\"> \u2705 <\/span><b>Mukautettu suihkutus<\/b><span style=\"font-weight: 400\"> &#8211; Vaihda suihkutuskulmaa ja -et\u00e4isyytt\u00e4 (jopa 24m!) tilaan sopivaksi<\/span><\/p>\n<p><img decoding=\"async\" class=\"size-full wp-image-16453 aligncenter\" src=\"https:\/\/keluvo.com\/template\/wp-content\/uploads\/sites\/5\/2025\/04\/05eeba7f-4cca-415b-bddd-8f8c64095470.webp\" alt=\"\" \/><\/p>\n<h2 style=\"text-align: center\">Ideaalinen Jokaiseen Puutarhaan!<\/h2>\n<p style=\"text-align: center\"><span style=\"font-weight: 400\">T\u00e4m\u00e4 sprinkleri on t\u00e4ydellinen apuri puutarhaan, nurmikolle tai maatilalle. Se py\u00f6rii itsest\u00e4\u00e4n, kattaa suuren alueen ja mukautuu mink\u00e4 tahansa kasvin korkeuteen. Olipa sinulla kukkia, ruohoa tai korkeita puita, t\u00e4m\u00e4 ty\u00f6kalu varmistaa, ett\u00e4 ne kaikki saavat oikean m\u00e4\u00e4r\u00e4n vett\u00e4 \u00e4lykk\u00e4\u00e4ll\u00e4 ja helpolla tavalla!<\/span><\/p>\n<h2 style=\"text-align: center\">K\u00e4ytt\u00f6<\/h2>\n<ol>\n<li style=\"font-weight: 400\"><span style=\"font-weight: 400\">Asenna kolmijalka puutarhaan.<\/span><\/li>\n<li style=\"font-weight: 400\"><span style=\"font-weight: 400\">S\u00e4\u00e4d\u00e4 korkeus kasveillesi sopivaksi.<\/span><\/li>\n<li style=\"font-weight: 400\"><span style=\"font-weight: 400\">Kytke puutarhaletku.<\/span><\/li>\n<li style=\"font-weight: 400\"><span style=\"font-weight: 400\">Kytke vesi p\u00e4\u00e4lle ja katso, miten se suihkuttaa ja py\u00f6rii.<\/span><\/li>\n<\/ol>\n<h2 style=\"text-align: center\">Pakkaus Sis\u00e4lt\u00e4\u00e4<\/h2>\n<ul>\n<li style=\"font-weight: 400\"><span style=\"font-weight: 400\">1x kolmijalkainen sadetinj\u00e4rjestelm\u00e4, jossa on 360\u00b0 k\u00e4\u00e4ntyv\u00e4 suihkup\u00e4\u00e4.<\/span><\/li>\n<\/ul>\n","protected":false},"excerpt":{"rendered":"<p>Kastele Joka Nurkka \u2013 360\u00b0 Kolmijalkaisen Sadetinj\u00e4rjestelm\u00e4n Avulla! Helppok\u00e4ytt\u00f6inen, tehokas suihku. T\u00e4m\u00e4 \u00e4lyk\u00e4s sadetin py\u00f6rii itsest\u00e4\u00e4n ja suihkuttaa vett\u00e4 kaikkialle. [&hellip;]<\/p>\n","protected":false},"featured_media":19832,"comment_status":"open","ping_status":"closed","template":"","meta":{"site-sidebar-layout":"default","site-content-layout":"","ast-site-content-layout":"default","site-content-style":"default","site-sidebar-style":"default","ast-global-header-display":"","ast-banner-title-visibility":"","ast-main-header-display":"","ast-hfb-above-header-display":"","ast-hfb-below-header-display":"","ast-hfb-mobile-header-display":"","site-post-title":"","ast-breadcrumbs-content":"","ast-featured-img":"","footer-sml-layout":"","ast-disable-related-posts":"","theme-transparent-header-meta":"default","adv-header-id-meta":"","stick-header-meta":"","header-above-stick-meta":"","header-main-stick-meta":"","header-below-stick-meta":"","astra-migrate-meta-layouts":"set","ast-page-background-enabled":"default","ast-page-background-meta":{"desktop":{"background-color":"var(--ast-global-color-5)","background-image":"","background-repeat":"repeat","background-position":"center center","background-size":"auto","background-attachment":"scroll","background-type":"","background-media":"","overlay-type":"","overlay-color":"","overlay-opacity":"","overlay-gradient":""},"tablet":{"background-color":"","background-image":"","background-repeat":"repeat","background-position":"center center","background-size":"auto","background-attachment":"scroll","background-type":"","background-media":"","overlay-type":"","overlay-color":"","overlay-opacity":"","overlay-gradient":""},"mobile":{"background-color":"","background-image":"","background-repeat":"repeat","background-position":"center center","background-size":"auto","background-attachment":"scroll","background-type":"","background-media":"","overlay-type":"","overlay-color":"","overlay-opacity":"","overlay-gradient":""}},"ast-content-background-meta":{"desktop":{"background-color":"var(--ast-global-color-4)","background-image":"","background-repeat":"repeat","background-position":"center center","background-size":"auto","background-attachment":"scroll","background-type":"","background-media":"","overlay-type":"","overlay-color":"","overlay-opacity":"","overlay-gradient":""},"tablet":{"background-color":"var(--ast-global-color-4)","background-image":"","background-repeat":"repeat","background-position":"center center","background-size":"auto","background-attachment":"scroll","background-type":"","background-media":"","overlay-type":"","overlay-color":"","overlay-opacity":"","overlay-gradient":""},"mobile":{"background-color":"var(--ast-global-color-4)","background-image":"","background-repeat":"repeat","background-position":"center center","background-size":"auto","background-attachment":"scroll","background-type":"","background-media":"","overlay-type":"","overlay-color":"","overlay-opacity":"","overlay-gradient":""}}},"product_brand":[],"product_cat":[15],"product_tag":[],"class_list":{"0":"post-19836","1":"product","2":"type-product","3":"status-publish","4":"has-post-thumbnail","6":"product_cat-luokittelematon","7":"desktop-align-left","8":"tablet-align-left","9":"mobile-align-left","11":"first","12":"instock","13":"shipping-taxable","14":"purchasable","15":"product-type-simple"},"yoast_head":"<!-- This site is optimized with the Yoast SEO plugin v27.4 - https:\/\/yoast.com\/product\/yoast-seo-wordpress\/ -->\n<title>Sprinklerij\u00e4rjestelm\u00e4 - Senbera FI<\/title>\n<meta name=\"robots\" content=\"index, follow, max-snippet:-1, max-image-preview:large, max-video-preview:-1\" \/>\n<link rel=\"canonical\" href=\"https:\/\/senbera.com\/fi\/tuote\/sprinklerijarjestelma\/\" \/>\n<meta property=\"og:locale\" content=\"fi_FI\" \/>\n<meta property=\"og:type\" content=\"article\" \/>\n<meta property=\"og:title\" content=\"Sprinklerij\u00e4rjestelm\u00e4 - Senbera FI\" \/>\n<meta property=\"og:description\" content=\"Kastele Joka Nurkka \u2013 360\u00b0 Kolmijalkaisen Sadetinj\u00e4rjestelm\u00e4n Avulla! Helppok\u00e4ytt\u00f6inen, tehokas suihku. T\u00e4m\u00e4 \u00e4lyk\u00e4s sadetin py\u00f6rii itsest\u00e4\u00e4n ja suihkuttaa vett\u00e4 kaikkialle. [&hellip;]\" \/>\n<meta property=\"og:url\" content=\"https:\/\/senbera.com\/fi\/tuote\/sprinklerijarjestelma\/\" \/>\n<meta property=\"og:site_name\" content=\"Senbera FI\" \/>\n<meta name=\"twitter:card\" content=\"summary_large_image\" \/>\n<meta name=\"twitter:label1\" content=\"Arvioitu lukuaika\" \/>\n\t<meta name=\"twitter:data1\" content=\"1 minuutti\" \/>\n<script type=\"application\/ld+json\" class=\"yoast-schema-graph\">{\"@context\":\"https:\\\/\\\/schema.org\",\"@graph\":[{\"@type\":\"WebPage\",\"@id\":\"https:\\\/\\\/senbera.com\\\/fi\\\/tuote\\\/sprinklerijarjestelma\\\/\",\"url\":\"https:\\\/\\\/senbera.com\\\/fi\\\/tuote\\\/sprinklerijarjestelma\\\/\",\"name\":\"Sprinklerij\u00e4rjestelm\u00e4 - Senbera FI\",\"isPartOf\":{\"@id\":\"https:\\\/\\\/senbera.com\\\/fi\\\/#website\"},\"primaryImageOfPage\":{\"@id\":\"https:\\\/\\\/senbera.com\\\/fi\\\/tuote\\\/sprinklerijarjestelma\\\/#primaryimage\"},\"image\":{\"@id\":\"https:\\\/\\\/senbera.com\\\/fi\\\/tuote\\\/sprinklerijarjestelma\\\/#primaryimage\"},\"thumbnailUrl\":\"https:\\\/\\\/senbera.com\\\/fi\\\/wp-content\\\/uploads\\\/sites\\\/19\\\/2026\\\/01\\\/mnoqt67-1.webp\",\"datePublished\":\"2026-01-15T17:37:29+00:00\",\"breadcrumb\":{\"@id\":\"https:\\\/\\\/senbera.com\\\/fi\\\/tuote\\\/sprinklerijarjestelma\\\/#breadcrumb\"},\"inLanguage\":\"fi\",\"potentialAction\":[{\"@type\":\"ReadAction\",\"target\":[\"https:\\\/\\\/senbera.com\\\/fi\\\/tuote\\\/sprinklerijarjestelma\\\/\"]}]},{\"@type\":\"ImageObject\",\"inLanguage\":\"fi\",\"@id\":\"https:\\\/\\\/senbera.com\\\/fi\\\/tuote\\\/sprinklerijarjestelma\\\/#primaryimage\",\"url\":\"https:\\\/\\\/senbera.com\\\/fi\\\/wp-content\\\/uploads\\\/sites\\\/19\\\/2026\\\/01\\\/mnoqt67-1.webp\",\"contentUrl\":\"https:\\\/\\\/senbera.com\\\/fi\\\/wp-content\\\/uploads\\\/sites\\\/19\\\/2026\\\/01\\\/mnoqt67-1.webp\",\"width\":557,\"height\":557},{\"@type\":\"BreadcrumbList\",\"@id\":\"https:\\\/\\\/senbera.com\\\/fi\\\/tuote\\\/sprinklerijarjestelma\\\/#breadcrumb\",\"itemListElement\":[{\"@type\":\"ListItem\",\"position\":1,\"name\":\"Home\",\"item\":\"https:\\\/\\\/senbera.com\\\/fi\\\/\"},{\"@type\":\"ListItem\",\"position\":2,\"name\":\"Kauppa\",\"item\":\"https:\\\/\\\/senbera.com\\\/fi\\\/kauppa\\\/\"},{\"@type\":\"ListItem\",\"position\":3,\"name\":\"Sprinklerij\u00e4rjestelm\u00e4\"}]},{\"@type\":\"WebSite\",\"@id\":\"https:\\\/\\\/senbera.com\\\/fi\\\/#website\",\"url\":\"https:\\\/\\\/senbera.com\\\/fi\\\/\",\"name\":\"Senbera FI\",\"description\":\"\",\"publisher\":{\"@id\":\"https:\\\/\\\/senbera.com\\\/fi\\\/#organization\"},\"potentialAction\":[{\"@type\":\"SearchAction\",\"target\":{\"@type\":\"EntryPoint\",\"urlTemplate\":\"https:\\\/\\\/senbera.com\\\/fi\\\/?s={search_term_string}\"},\"query-input\":{\"@type\":\"PropertyValueSpecification\",\"valueRequired\":true,\"valueName\":\"search_term_string\"}}],\"inLanguage\":\"fi\"},{\"@type\":\"Organization\",\"@id\":\"https:\\\/\\\/senbera.com\\\/fi\\\/#organization\",\"name\":\"Mekulo\",\"url\":\"https:\\\/\\\/senbera.com\\\/fi\\\/\",\"logo\":{\"@type\":\"ImageObject\",\"inLanguage\":\"fi\",\"@id\":\"https:\\\/\\\/senbera.com\\\/fi\\\/#\\\/schema\\\/logo\\\/image\\\/\",\"url\":\"https:\\\/\\\/senbera.com\\\/fi\\\/wp-content\\\/uploads\\\/sites\\\/19\\\/2025\\\/12\\\/favicon_mekulo.png\",\"contentUrl\":\"https:\\\/\\\/senbera.com\\\/fi\\\/wp-content\\\/uploads\\\/sites\\\/19\\\/2025\\\/12\\\/favicon_mekulo.png\",\"width\":50,\"height\":50,\"caption\":\"Mekulo\"},\"image\":{\"@id\":\"https:\\\/\\\/senbera.com\\\/fi\\\/#\\\/schema\\\/logo\\\/image\\\/\"}}]}<\/script>\n<!-- \/ Yoast SEO plugin. -->","yoast_head_json":{"title":"Sprinklerij\u00e4rjestelm\u00e4 - Senbera FI","robots":{"index":"index","follow":"follow","max-snippet":"max-snippet:-1","max-image-preview":"max-image-preview:large","max-video-preview":"max-video-preview:-1"},"canonical":"https:\/\/senbera.com\/fi\/tuote\/sprinklerijarjestelma\/","og_locale":"fi_FI","og_type":"article","og_title":"Sprinklerij\u00e4rjestelm\u00e4 - Senbera FI","og_description":"Kastele Joka Nurkka \u2013 360\u00b0 Kolmijalkaisen Sadetinj\u00e4rjestelm\u00e4n Avulla! Helppok\u00e4ytt\u00f6inen, tehokas suihku. T\u00e4m\u00e4 \u00e4lyk\u00e4s sadetin py\u00f6rii itsest\u00e4\u00e4n ja suihkuttaa vett\u00e4 kaikkialle. [&hellip;]","og_url":"https:\/\/senbera.com\/fi\/tuote\/sprinklerijarjestelma\/","og_site_name":"Senbera FI","twitter_card":"summary_large_image","twitter_misc":{"Arvioitu lukuaika":"1 minuutti"},"schema":{"@context":"https:\/\/schema.org","@graph":[{"@type":"WebPage","@id":"https:\/\/senbera.com\/fi\/tuote\/sprinklerijarjestelma\/","url":"https:\/\/senbera.com\/fi\/tuote\/sprinklerijarjestelma\/","name":"Sprinklerij\u00e4rjestelm\u00e4 - Senbera FI","isPartOf":{"@id":"https:\/\/senbera.com\/fi\/#website"},"primaryImageOfPage":{"@id":"https:\/\/senbera.com\/fi\/tuote\/sprinklerijarjestelma\/#primaryimage"},"image":{"@id":"https:\/\/senbera.com\/fi\/tuote\/sprinklerijarjestelma\/#primaryimage"},"thumbnailUrl":"https:\/\/senbera.com\/fi\/wp-content\/uploads\/sites\/19\/2026\/01\/mnoqt67-1.webp","datePublished":"2026-01-15T17:37:29+00:00","breadcrumb":{"@id":"https:\/\/senbera.com\/fi\/tuote\/sprinklerijarjestelma\/#breadcrumb"},"inLanguage":"fi","potentialAction":[{"@type":"ReadAction","target":["https:\/\/senbera.com\/fi\/tuote\/sprinklerijarjestelma\/"]}]},{"@type":"ImageObject","inLanguage":"fi","@id":"https:\/\/senbera.com\/fi\/tuote\/sprinklerijarjestelma\/#primaryimage","url":"https:\/\/senbera.com\/fi\/wp-content\/uploads\/sites\/19\/2026\/01\/mnoqt67-1.webp","contentUrl":"https:\/\/senbera.com\/fi\/wp-content\/uploads\/sites\/19\/2026\/01\/mnoqt67-1.webp","width":557,"height":557},{"@type":"BreadcrumbList","@id":"https:\/\/senbera.com\/fi\/tuote\/sprinklerijarjestelma\/#breadcrumb","itemListElement":[{"@type":"ListItem","position":1,"name":"Home","item":"https:\/\/senbera.com\/fi\/"},{"@type":"ListItem","position":2,"name":"Kauppa","item":"https:\/\/senbera.com\/fi\/kauppa\/"},{"@type":"ListItem","position":3,"name":"Sprinklerij\u00e4rjestelm\u00e4"}]},{"@type":"WebSite","@id":"https:\/\/senbera.com\/fi\/#website","url":"https:\/\/senbera.com\/fi\/","name":"Senbera FI","description":"","publisher":{"@id":"https:\/\/senbera.com\/fi\/#organization"},"potentialAction":[{"@type":"SearchAction","target":{"@type":"EntryPoint","urlTemplate":"https:\/\/senbera.com\/fi\/?s={search_term_string}"},"query-input":{"@type":"PropertyValueSpecification","valueRequired":true,"valueName":"search_term_string"}}],"inLanguage":"fi"},{"@type":"Organization","@id":"https:\/\/senbera.com\/fi\/#organization","name":"Mekulo","url":"https:\/\/senbera.com\/fi\/","logo":{"@type":"ImageObject","inLanguage":"fi","@id":"https:\/\/senbera.com\/fi\/#\/schema\/logo\/image\/","url":"https:\/\/senbera.com\/fi\/wp-content\/uploads\/sites\/19\/2025\/12\/favicon_mekulo.png","contentUrl":"https:\/\/senbera.com\/fi\/wp-content\/uploads\/sites\/19\/2025\/12\/favicon_mekulo.png","width":50,"height":50,"caption":"Mekulo"},"image":{"@id":"https:\/\/senbera.com\/fi\/#\/schema\/logo\/image\/"}}]}},"_links":{"self":[{"href":"https:\/\/senbera.com\/fi\/wp-json\/wp\/v2\/product\/19836","targetHints":{"allow":["GET"]}}],"collection":[{"href":"https:\/\/senbera.com\/fi\/wp-json\/wp\/v2\/product"}],"about":[{"href":"https:\/\/senbera.com\/fi\/wp-json\/wp\/v2\/types\/product"}],"replies":[{"embeddable":true,"href":"https:\/\/senbera.com\/fi\/wp-json\/wp\/v2\/comments?post=19836"}],"wp:featuredmedia":[{"embeddable":true,"href":"https:\/\/senbera.com\/fi\/wp-json\/wp\/v2\/media\/19832"}],"wp:attachment":[{"href":"https:\/\/senbera.com\/fi\/wp-json\/wp\/v2\/media?parent=19836"}],"wp:term":[{"taxonomy":"product_brand","embeddable":true,"href":"https:\/\/senbera.com\/fi\/wp-json\/wp\/v2\/product_brand?post=19836"},{"taxonomy":"product_cat","embeddable":true,"href":"https:\/\/senbera.com\/fi\/wp-json\/wp\/v2\/product_cat?post=19836"},{"taxonomy":"product_tag","embeddable":true,"href":"https:\/\/senbera.com\/fi\/wp-json\/wp\/v2\/product_tag?post=19836"}],"curies":[{"name":"wp","href":"https:\/\/api.w.org\/{rel}","templated":true}]}}