{"id":19779,"date":"2026-01-15T19:34:50","date_gmt":"2026-01-15T17:34:50","guid":{"rendered":"https:\/\/senbera.com\/fi\/tuote\/kehykseton-puhelimen-tapauksessa\/"},"modified":"2026-01-15T19:36:19","modified_gmt":"2026-01-15T17:36:19","slug":"kehykseton-puhelimen-tapauksessa","status":"publish","type":"product","link":"https:\/\/senbera.com\/fi\/tuote\/kehykseton-puhelimen-tapauksessa\/","title":{"rendered":"Kehykset\u00f6n puhelimen tapauksessa"},"content":{"rendered":"<p style=\"text-align: center\"><strong>Suojaa Puhelimesi \u2013 Kehyksett\u00f6m\u00e4ll\u00e4 L\u00e4mp\u00f6\u00e4 Haihduttavalla Kotelolla!<\/strong><\/p>\n<p style=\"text-align: center\"><span style=\"font-weight: 400\">Kevyt, viile\u00e4 ja kest\u00e4v\u00e4. <\/span><span style=\"font-size: 16px;font-weight: 400\">T\u00e4m\u00e4 puhelinkotelo pit\u00e4\u00e4 iPhonen turvassa, viile\u00e4n\u00e4 ja tyylikk\u00e4\u00e4n\u00e4. Se on ohut, vahva ja istuu t\u00e4ydellisesti ilman tilaa viev\u00e4\u00e4 tilaa.<\/span><\/p>\n<p><img decoding=\"async\" class=\"size-full wp-image-16345 aligncenter\" src=\"https:\/\/keluvo.com\/template\/wp-content\/uploads\/sites\/5\/2025\/04\/case-ezgif.com-video-to-webp-converter.webp\" alt=\"\" \/><\/p>\n<h2 style=\"text-align: center\">T\u00e4rkeimm\u00e4t Edut<\/h2>\n<p><span style=\"font-weight: 400\">\u2705 <\/span><b>J\u00e4\u00e4hdytt\u00e4\u00e4 puhelimen nopeasti<\/b><span style=\"font-weight: 400\"> &#8211; Takana olevat rei\u00e4t p\u00e4\u00e4st\u00e4v\u00e4t l\u00e4mm\u00f6n ulos, jotta kaikki toimii moitteettomasti<\/span><\/p>\n<p><span style=\"font-weight: 400\"> \u2705 <\/span><b>Suojaa kamerasi<\/b><span style=\"font-weight: 400\"> &#8211; Kehykset\u00f6n muotoilu suojaa jokaista linssi\u00e4<\/span><\/p>\n<p><span style=\"font-weight: 400\"> \u2705 <\/span><b>Kova ja kevyt<\/b><span style=\"font-weight: 400\"> &#8211; Valmistettu vahvasta PC-materiaalista, joka ei paina sinua<\/span><\/p>\n<p><span style=\"font-weight: 400\"> \u2705 <\/span><b>Sopii t\u00e4ydellisesti<\/b><span style=\"font-weight: 400\"> &#8211; Ohut istuvuus, jossa on t\u00e4ydelliset leikkaukset latausta ja painikkeita varten<\/span><\/p>\n<p><span style=\"font-weight: 400\"> \u2705 <\/span><b>T\u00e4ysi kattavuus<\/b><span style=\"font-weight: 400\"> &#8211; Korotetut reunat suojaavat n\u00e4yt\u00f6n ja kameran naarmuuntumiselta<\/span><\/p>\n<p><img decoding=\"async\" class=\"size-full wp-image-16354 aligncenter\" src=\"https:\/\/keluvo.com\/template\/wp-content\/uploads\/sites\/5\/2025\/04\/dark_purple.jpg\" alt=\"\" \/><\/p>\n<h2 style=\"text-align: center\">Suojaa Ja Tyyli\u00e4<\/h2>\n<p style=\"text-align: center\"><span style=\"font-weight: 400\">T\u00e4m\u00e4 kotelo on enemm\u00e4n kuin pelkk\u00e4\u00e4 suojaa. Se on \u00e4lyk\u00e4s ja tyylik\u00e4s v\u00e4line, jolla pid\u00e4t iPhone 15 Pro Max, 15 Pro, 15 Plus tai 15 viile\u00e4n\u00e4 ja turvassa. Sopii erinomaisesti pelaajille, striimaajille ja kaikille, jotka haluavat tyylikk\u00e4\u00e4n ulkon\u00e4\u00f6n ja vahvan suojan. Nauti paljaan puhelimen tuntumasta &#8211; ilman riskej\u00e4.<\/span><\/p>\n<h2 style=\"text-align: center\">K\u00e4ytt\u00f6ohjeet<\/h2>\n<ol>\n<li style=\"font-weight: 400\"><span style=\"font-weight: 400\">Kohdista kotelo iPhone-malliisi.<\/span><\/li>\n<li style=\"font-weight: 400\"><span style=\"font-weight: 400\">Napsauta se varovasti puhelimeesi.<\/span><\/li>\n<li style=\"font-weight: 400\"><span style=\"font-weight: 400\">Varmista, ett\u00e4 linssi ja painikkeet ovat linjassa.<\/span><\/li>\n<li style=\"font-weight: 400\"><span style=\"font-weight: 400\">Se siit\u00e4 &#8211; puhelimesi on nyt turvallinen, tyylik\u00e4s ja viile\u00e4!<\/span><\/li>\n<\/ol>\n<h2 style=\"text-align: center\">Pakkaus Sis\u00e4lt\u00e4\u00e4<\/h2>\n<ul>\n<li style=\"font-weight: 400\"><span style=\"font-weight: 400\">1x puhelimen kotelo.<\/span><\/li>\n<\/ul>\n<p>&nbsp;<\/p>\n","protected":false},"excerpt":{"rendered":"<p>Suojaa Puhelimesi \u2013 Kehyksett\u00f6m\u00e4ll\u00e4 L\u00e4mp\u00f6\u00e4 Haihduttavalla Kotelolla! Kevyt, viile\u00e4 ja kest\u00e4v\u00e4. T\u00e4m\u00e4 puhelinkotelo pit\u00e4\u00e4 iPhonen turvassa, viile\u00e4n\u00e4 ja tyylikk\u00e4\u00e4n\u00e4. Se [&hellip;]<\/p>\n","protected":false},"featured_media":19775,"comment_status":"open","ping_status":"closed","template":"","meta":{"site-sidebar-layout":"default","site-content-layout":"","ast-site-content-layout":"default","site-content-style":"default","site-sidebar-style":"default","ast-global-header-display":"","ast-banner-title-visibility":"","ast-main-header-display":"","ast-hfb-above-header-display":"","ast-hfb-below-header-display":"","ast-hfb-mobile-header-display":"","site-post-title":"","ast-breadcrumbs-content":"","ast-featured-img":"","footer-sml-layout":"","ast-disable-related-posts":"","theme-transparent-header-meta":"default","adv-header-id-meta":"","stick-header-meta":"","header-above-stick-meta":"","header-main-stick-meta":"","header-below-stick-meta":"","astra-migrate-meta-layouts":"set","ast-page-background-enabled":"default","ast-page-background-meta":{"desktop":{"background-color":"var(--ast-global-color-5)","background-image":"","background-repeat":"repeat","background-position":"center center","background-size":"auto","background-attachment":"scroll","background-type":"","background-media":"","overlay-type":"","overlay-color":"","overlay-opacity":"","overlay-gradient":""},"tablet":{"background-color":"","background-image":"","background-repeat":"repeat","background-position":"center center","background-size":"auto","background-attachment":"scroll","background-type":"","background-media":"","overlay-type":"","overlay-color":"","overlay-opacity":"","overlay-gradient":""},"mobile":{"background-color":"","background-image":"","background-repeat":"repeat","background-position":"center center","background-size":"auto","background-attachment":"scroll","background-type":"","background-media":"","overlay-type":"","overlay-color":"","overlay-opacity":"","overlay-gradient":""}},"ast-content-background-meta":{"desktop":{"background-color":"var(--ast-global-color-4)","background-image":"","background-repeat":"repeat","background-position":"center center","background-size":"auto","background-attachment":"scroll","background-type":"","background-media":"","overlay-type":"","overlay-color":"","overlay-opacity":"","overlay-gradient":""},"tablet":{"background-color":"var(--ast-global-color-4)","background-image":"","background-repeat":"repeat","background-position":"center center","background-size":"auto","background-attachment":"scroll","background-type":"","background-media":"","overlay-type":"","overlay-color":"","overlay-opacity":"","overlay-gradient":""},"mobile":{"background-color":"var(--ast-global-color-4)","background-image":"","background-repeat":"repeat","background-position":"center center","background-size":"auto","background-attachment":"scroll","background-type":"","background-media":"","overlay-type":"","overlay-color":"","overlay-opacity":"","overlay-gradient":""}}},"product_brand":[],"product_cat":[15],"product_tag":[],"class_list":{"0":"post-19779","1":"product","2":"type-product","3":"status-publish","4":"has-post-thumbnail","6":"product_cat-luokittelematon","7":"pa_19242_36rotw8a-iphone-15","8":"pa_19242_36rotw8a-iphone-15-plus","9":"pa_19242_36rotw8a-iphone-15-pro","10":"pa_19242_36rotw8a-iphone-15-pro-max","11":"pa_19242_kgkn6rtl-kulta","12":"pa_19242_kgkn6rtl-musta","13":"pa_19242_kgkn6rtl-sininen","14":"pa_19242_kgkn6rtl-valkoinen","15":"pa_19242_kgkn6rtl-vihrea","16":"pa_19242_kgkn6rtl-violetti","17":"desktop-align-left","18":"tablet-align-left","19":"mobile-align-left","21":"first","22":"instock","23":"shipping-taxable","24":"purchasable","25":"product-type-variable"},"yoast_head":"<!-- This site is optimized with the Yoast SEO plugin v27.4 - https:\/\/yoast.com\/product\/yoast-seo-wordpress\/ -->\n<title>Kehykset\u00f6n puhelimen tapauksessa - Senbera FI<\/title>\n<meta name=\"robots\" content=\"index, follow, max-snippet:-1, max-image-preview:large, max-video-preview:-1\" \/>\n<link rel=\"canonical\" href=\"https:\/\/senbera.com\/fi\/tuote\/kehykseton-puhelimen-tapauksessa\/\" \/>\n<meta property=\"og:locale\" content=\"fi_FI\" \/>\n<meta property=\"og:type\" content=\"article\" \/>\n<meta property=\"og:title\" content=\"Kehykset\u00f6n puhelimen tapauksessa - Senbera FI\" \/>\n<meta property=\"og:description\" content=\"Suojaa Puhelimesi \u2013 Kehyksett\u00f6m\u00e4ll\u00e4 L\u00e4mp\u00f6\u00e4 Haihduttavalla Kotelolla! Kevyt, viile\u00e4 ja kest\u00e4v\u00e4. T\u00e4m\u00e4 puhelinkotelo pit\u00e4\u00e4 iPhonen turvassa, viile\u00e4n\u00e4 ja tyylikk\u00e4\u00e4n\u00e4. Se [&hellip;]\" \/>\n<meta property=\"og:url\" content=\"https:\/\/senbera.com\/fi\/tuote\/kehykseton-puhelimen-tapauksessa\/\" \/>\n<meta property=\"og:site_name\" content=\"Senbera FI\" \/>\n<meta property=\"article:modified_time\" content=\"2026-01-15T17:36:19+00:00\" \/>\n<meta name=\"twitter:card\" content=\"summary_large_image\" \/>\n<meta name=\"twitter:label1\" content=\"Arvioitu lukuaika\" \/>\n\t<meta name=\"twitter:data1\" content=\"1 minuutti\" \/>\n<script type=\"application\/ld+json\" class=\"yoast-schema-graph\">{\"@context\":\"https:\\\/\\\/schema.org\",\"@graph\":[{\"@type\":\"WebPage\",\"@id\":\"https:\\\/\\\/senbera.com\\\/fi\\\/tuote\\\/kehykseton-puhelimen-tapauksessa\\\/\",\"url\":\"https:\\\/\\\/senbera.com\\\/fi\\\/tuote\\\/kehykseton-puhelimen-tapauksessa\\\/\",\"name\":\"Kehykset\u00f6n puhelimen tapauksessa - Senbera FI\",\"isPartOf\":{\"@id\":\"https:\\\/\\\/senbera.com\\\/fi\\\/#website\"},\"primaryImageOfPage\":{\"@id\":\"https:\\\/\\\/senbera.com\\\/fi\\\/tuote\\\/kehykseton-puhelimen-tapauksessa\\\/#primaryimage\"},\"image\":{\"@id\":\"https:\\\/\\\/senbera.com\\\/fi\\\/tuote\\\/kehykseton-puhelimen-tapauksessa\\\/#primaryimage\"},\"thumbnailUrl\":\"https:\\\/\\\/senbera.com\\\/fi\\\/wp-content\\\/uploads\\\/sites\\\/19\\\/2026\\\/01\\\/b15qsm4-1.jpg\",\"datePublished\":\"2026-01-15T17:34:50+00:00\",\"dateModified\":\"2026-01-15T17:36:19+00:00\",\"breadcrumb\":{\"@id\":\"https:\\\/\\\/senbera.com\\\/fi\\\/tuote\\\/kehykseton-puhelimen-tapauksessa\\\/#breadcrumb\"},\"inLanguage\":\"fi\",\"potentialAction\":[{\"@type\":\"ReadAction\",\"target\":[\"https:\\\/\\\/senbera.com\\\/fi\\\/tuote\\\/kehykseton-puhelimen-tapauksessa\\\/\"]}]},{\"@type\":\"ImageObject\",\"inLanguage\":\"fi\",\"@id\":\"https:\\\/\\\/senbera.com\\\/fi\\\/tuote\\\/kehykseton-puhelimen-tapauksessa\\\/#primaryimage\",\"url\":\"https:\\\/\\\/senbera.com\\\/fi\\\/wp-content\\\/uploads\\\/sites\\\/19\\\/2026\\\/01\\\/b15qsm4-1.jpg\",\"contentUrl\":\"https:\\\/\\\/senbera.com\\\/fi\\\/wp-content\\\/uploads\\\/sites\\\/19\\\/2026\\\/01\\\/b15qsm4-1.jpg\",\"width\":800,\"height\":800},{\"@type\":\"BreadcrumbList\",\"@id\":\"https:\\\/\\\/senbera.com\\\/fi\\\/tuote\\\/kehykseton-puhelimen-tapauksessa\\\/#breadcrumb\",\"itemListElement\":[{\"@type\":\"ListItem\",\"position\":1,\"name\":\"Home\",\"item\":\"https:\\\/\\\/senbera.com\\\/fi\\\/\"},{\"@type\":\"ListItem\",\"position\":2,\"name\":\"Kauppa\",\"item\":\"https:\\\/\\\/senbera.com\\\/fi\\\/kauppa\\\/\"},{\"@type\":\"ListItem\",\"position\":3,\"name\":\"Kehykset\u00f6n puhelimen tapauksessa\"}]},{\"@type\":\"WebSite\",\"@id\":\"https:\\\/\\\/senbera.com\\\/fi\\\/#website\",\"url\":\"https:\\\/\\\/senbera.com\\\/fi\\\/\",\"name\":\"Senbera FI\",\"description\":\"\",\"publisher\":{\"@id\":\"https:\\\/\\\/senbera.com\\\/fi\\\/#organization\"},\"potentialAction\":[{\"@type\":\"SearchAction\",\"target\":{\"@type\":\"EntryPoint\",\"urlTemplate\":\"https:\\\/\\\/senbera.com\\\/fi\\\/?s={search_term_string}\"},\"query-input\":{\"@type\":\"PropertyValueSpecification\",\"valueRequired\":true,\"valueName\":\"search_term_string\"}}],\"inLanguage\":\"fi\"},{\"@type\":\"Organization\",\"@id\":\"https:\\\/\\\/senbera.com\\\/fi\\\/#organization\",\"name\":\"Mekulo\",\"url\":\"https:\\\/\\\/senbera.com\\\/fi\\\/\",\"logo\":{\"@type\":\"ImageObject\",\"inLanguage\":\"fi\",\"@id\":\"https:\\\/\\\/senbera.com\\\/fi\\\/#\\\/schema\\\/logo\\\/image\\\/\",\"url\":\"https:\\\/\\\/senbera.com\\\/fi\\\/wp-content\\\/uploads\\\/sites\\\/19\\\/2025\\\/12\\\/favicon_mekulo.png\",\"contentUrl\":\"https:\\\/\\\/senbera.com\\\/fi\\\/wp-content\\\/uploads\\\/sites\\\/19\\\/2025\\\/12\\\/favicon_mekulo.png\",\"width\":50,\"height\":50,\"caption\":\"Mekulo\"},\"image\":{\"@id\":\"https:\\\/\\\/senbera.com\\\/fi\\\/#\\\/schema\\\/logo\\\/image\\\/\"}}]}<\/script>\n<!-- \/ Yoast SEO plugin. -->","yoast_head_json":{"title":"Kehykset\u00f6n puhelimen tapauksessa - Senbera FI","robots":{"index":"index","follow":"follow","max-snippet":"max-snippet:-1","max-image-preview":"max-image-preview:large","max-video-preview":"max-video-preview:-1"},"canonical":"https:\/\/senbera.com\/fi\/tuote\/kehykseton-puhelimen-tapauksessa\/","og_locale":"fi_FI","og_type":"article","og_title":"Kehykset\u00f6n puhelimen tapauksessa - Senbera FI","og_description":"Suojaa Puhelimesi \u2013 Kehyksett\u00f6m\u00e4ll\u00e4 L\u00e4mp\u00f6\u00e4 Haihduttavalla Kotelolla! Kevyt, viile\u00e4 ja kest\u00e4v\u00e4. T\u00e4m\u00e4 puhelinkotelo pit\u00e4\u00e4 iPhonen turvassa, viile\u00e4n\u00e4 ja tyylikk\u00e4\u00e4n\u00e4. Se [&hellip;]","og_url":"https:\/\/senbera.com\/fi\/tuote\/kehykseton-puhelimen-tapauksessa\/","og_site_name":"Senbera FI","article_modified_time":"2026-01-15T17:36:19+00:00","twitter_card":"summary_large_image","twitter_misc":{"Arvioitu lukuaika":"1 minuutti"},"schema":{"@context":"https:\/\/schema.org","@graph":[{"@type":"WebPage","@id":"https:\/\/senbera.com\/fi\/tuote\/kehykseton-puhelimen-tapauksessa\/","url":"https:\/\/senbera.com\/fi\/tuote\/kehykseton-puhelimen-tapauksessa\/","name":"Kehykset\u00f6n puhelimen tapauksessa - Senbera FI","isPartOf":{"@id":"https:\/\/senbera.com\/fi\/#website"},"primaryImageOfPage":{"@id":"https:\/\/senbera.com\/fi\/tuote\/kehykseton-puhelimen-tapauksessa\/#primaryimage"},"image":{"@id":"https:\/\/senbera.com\/fi\/tuote\/kehykseton-puhelimen-tapauksessa\/#primaryimage"},"thumbnailUrl":"https:\/\/senbera.com\/fi\/wp-content\/uploads\/sites\/19\/2026\/01\/b15qsm4-1.jpg","datePublished":"2026-01-15T17:34:50+00:00","dateModified":"2026-01-15T17:36:19+00:00","breadcrumb":{"@id":"https:\/\/senbera.com\/fi\/tuote\/kehykseton-puhelimen-tapauksessa\/#breadcrumb"},"inLanguage":"fi","potentialAction":[{"@type":"ReadAction","target":["https:\/\/senbera.com\/fi\/tuote\/kehykseton-puhelimen-tapauksessa\/"]}]},{"@type":"ImageObject","inLanguage":"fi","@id":"https:\/\/senbera.com\/fi\/tuote\/kehykseton-puhelimen-tapauksessa\/#primaryimage","url":"https:\/\/senbera.com\/fi\/wp-content\/uploads\/sites\/19\/2026\/01\/b15qsm4-1.jpg","contentUrl":"https:\/\/senbera.com\/fi\/wp-content\/uploads\/sites\/19\/2026\/01\/b15qsm4-1.jpg","width":800,"height":800},{"@type":"BreadcrumbList","@id":"https:\/\/senbera.com\/fi\/tuote\/kehykseton-puhelimen-tapauksessa\/#breadcrumb","itemListElement":[{"@type":"ListItem","position":1,"name":"Home","item":"https:\/\/senbera.com\/fi\/"},{"@type":"ListItem","position":2,"name":"Kauppa","item":"https:\/\/senbera.com\/fi\/kauppa\/"},{"@type":"ListItem","position":3,"name":"Kehykset\u00f6n puhelimen tapauksessa"}]},{"@type":"WebSite","@id":"https:\/\/senbera.com\/fi\/#website","url":"https:\/\/senbera.com\/fi\/","name":"Senbera FI","description":"","publisher":{"@id":"https:\/\/senbera.com\/fi\/#organization"},"potentialAction":[{"@type":"SearchAction","target":{"@type":"EntryPoint","urlTemplate":"https:\/\/senbera.com\/fi\/?s={search_term_string}"},"query-input":{"@type":"PropertyValueSpecification","valueRequired":true,"valueName":"search_term_string"}}],"inLanguage":"fi"},{"@type":"Organization","@id":"https:\/\/senbera.com\/fi\/#organization","name":"Mekulo","url":"https:\/\/senbera.com\/fi\/","logo":{"@type":"ImageObject","inLanguage":"fi","@id":"https:\/\/senbera.com\/fi\/#\/schema\/logo\/image\/","url":"https:\/\/senbera.com\/fi\/wp-content\/uploads\/sites\/19\/2025\/12\/favicon_mekulo.png","contentUrl":"https:\/\/senbera.com\/fi\/wp-content\/uploads\/sites\/19\/2025\/12\/favicon_mekulo.png","width":50,"height":50,"caption":"Mekulo"},"image":{"@id":"https:\/\/senbera.com\/fi\/#\/schema\/logo\/image\/"}}]}},"_links":{"self":[{"href":"https:\/\/senbera.com\/fi\/wp-json\/wp\/v2\/product\/19779","targetHints":{"allow":["GET"]}}],"collection":[{"href":"https:\/\/senbera.com\/fi\/wp-json\/wp\/v2\/product"}],"about":[{"href":"https:\/\/senbera.com\/fi\/wp-json\/wp\/v2\/types\/product"}],"replies":[{"embeddable":true,"href":"https:\/\/senbera.com\/fi\/wp-json\/wp\/v2\/comments?post=19779"}],"wp:featuredmedia":[{"embeddable":true,"href":"https:\/\/senbera.com\/fi\/wp-json\/wp\/v2\/media\/19775"}],"wp:attachment":[{"href":"https:\/\/senbera.com\/fi\/wp-json\/wp\/v2\/media?parent=19779"}],"wp:term":[{"taxonomy":"product_brand","embeddable":true,"href":"https:\/\/senbera.com\/fi\/wp-json\/wp\/v2\/product_brand?post=19779"},{"taxonomy":"product_cat","embeddable":true,"href":"https:\/\/senbera.com\/fi\/wp-json\/wp\/v2\/product_cat?post=19779"},{"taxonomy":"product_tag","embeddable":true,"href":"https:\/\/senbera.com\/fi\/wp-json\/wp\/v2\/product_tag?post=19779"}],"curies":[{"name":"wp","href":"https:\/\/api.w.org\/{rel}","templated":true}]}}