{"id":19749,"date":"2026-01-15T19:30:54","date_gmt":"2026-01-15T17:30:54","guid":{"rendered":"https:\/\/senbera.com\/fi\/tuote\/verhonsiteet\/"},"modified":"2026-01-15T19:31:08","modified_gmt":"2026-01-15T17:31:08","slug":"verhonsiteet","status":"publish","type":"product","link":"https:\/\/senbera.com\/fi\/tuote\/verhonsiteet\/","title":{"rendered":"Verhonsiteet"},"content":{"rendered":"<p style=\"text-align: center\"><strong>Sido Takaisin Tyylill\u00e4 \u2013 3D-Kukkaverhonsiteet!<\/strong><\/p>\n<p style=\"text-align: center\"><span style=\"font-weight: 400\">Kaunis, helppo, eik\u00e4 ty\u00f6kaluja tarvita<\/span><\/p>\n<p style=\"text-align: center\"><span style=\"font-weight: 400\">N\u00e4m\u00e4 kauniit verhonsiteet saavat ikkunasi n\u00e4ytt\u00e4m\u00e4\u00e4n kauniilta ja pit\u00e4v\u00e4t verhot paikallaan. Ei porausta tai koukkuja &#8211; vain kiedo ja tee tyyli!<\/span><\/p>\n<p><img decoding=\"async\" class=\"size-full wp-image-16300 aligncenter\" src=\"https:\/\/keluvo.com\/template\/wp-content\/uploads\/sites\/5\/2025\/04\/ezgif.com-video-to-webp-converter-1.webp\" alt=\"\" \/><\/p>\n<h2 style=\"text-align: center\">T\u00e4rkeimm\u00e4t Edut<\/h2>\n<p><span style=\"font-weight: 400\">\u2705 <\/span><b>Ty\u00f6kaluton k\u00e4ytt\u00f6<\/b><span style=\"font-weight: 400\"> \u2013 Ei tarvita ruuveja tai koukkuja, vain kiedo ja anna menn\u00e4<\/span><\/p>\n<p><span style=\"font-weight: 400\"> \u2705 <\/span><b>Sopii useimpiin verhoihin<\/b><span style=\"font-weight: 400\"> \u2013 Toimii erinomaisesti kevyiden, l\u00e4pikuultavien ja raskaiden verhojen kanssa<\/span><\/p>\n<p><span style=\"font-weight: 400\"> \u2705 <\/span><b>Tyylik\u00e4s muotoilu<\/b><span style=\"font-weight: 400\"> \u2013 3D-kukat ja oksakuviot tuovat pehme\u00e4n ja tyylikk\u00e4\u00e4n lis\u00e4n<\/span><\/p>\n<p><span style=\"font-weight: 400\"> \u2705 <\/span><b>T\u00e4ydellinen mihin tahansa huoneeseen<\/b><span style=\"font-weight: 400\"> \u2013 K\u00e4yt\u00e4 makuuhuoneessa, olohuoneessa, keitti\u00f6ss\u00e4 tai toimistossakin<\/span><\/p>\n<p><span style=\"font-weight: 400\"> \u2705 <\/span><b>Vahva ja joustava<\/b><span style=\"font-weight: 400\"> \u2013 Valmistettu puuvillasekoitteesta ja ter\u00e4slangasta, mik\u00e4 takaa pitk\u00e4aikaisen k\u00e4yt\u00f6n<\/span><\/p>\n<p><img decoding=\"async\" class=\"size-full wp-image-16303 aligncenter\" src=\"https:\/\/keluvo.com\/template\/wp-content\/uploads\/sites\/5\/2025\/04\/cd2f35e4-50d4-4721-8edf-6c3b9fdcb184.webp\" alt=\"\" \/><\/p>\n<h2 style=\"text-align: center\">Kaikkea Ty\u00f6kaluja, Ei Vaivaa!<\/h2>\n<p style=\"text-align: center\"><span style=\"font-weight: 400\">N\u00e4m\u00e4 verhonsiteet ovat nopea ja kaunis tapa pirist\u00e4\u00e4 mit\u00e4 tahansa tilaa. Olitpa sitten pukemassa olohuoneesi tai tekem\u00e4ss\u00e4 makuuhuoneestasi viihtyis\u00e4mm\u00e4n, n\u00e4m\u00e4 kukkak\u00e4\u00e4reet lis\u00e4\u00e4v\u00e4t vieh\u00e4tyst\u00e4 ja pit\u00e4v\u00e4t verhot t\u00e4ydellisesti paikoillaan. Ei ty\u00f6kaluja, ei vaivaa &#8211; vain tyyli\u00e4 ja yksinkertaisuutta.<\/span><\/p>\n<h2 style=\"text-align: center\">K\u00e4ytt\u00f6ohjeet<\/h2>\n<ol>\n<li style=\"font-weight: 400\"><span style=\"font-weight: 400\">Ker\u00e4\u00e4 verhosi sivulle.<\/span><\/li>\n<li style=\"font-weight: 400\"><span style=\"font-weight: 400\">Kiedo solmio verhon ymp\u00e4rille.<\/span><\/li>\n<li style=\"font-weight: 400\"><span style=\"font-weight: 400\">Kierr\u00e4 p\u00e4\u00e4t paikalleen.<\/span><\/li>\n<li style=\"font-weight: 400\"><span style=\"font-weight: 400\">Nauti pehme\u00e4st\u00e4, kukkaisesta korostuksesta huoneessasi!<\/span><\/li>\n<\/ol>\n<h2 style=\"text-align: center\">Pakkaus Sis\u00e4lt\u00e4\u00e4<\/h2>\n<ul>\n<li style=\"font-weight: 400\"><span style=\"font-weight: 400\">1x verhon solmio (pituus: 45cm | kukan halkaisija: 4cm)<\/span><span style=\"font-weight: 400\"><br \/>\n<\/span><\/li>\n<\/ul>\n","protected":false},"excerpt":{"rendered":"<p>Sido Takaisin Tyylill\u00e4 \u2013 3D-Kukkaverhonsiteet! Kaunis, helppo, eik\u00e4 ty\u00f6kaluja tarvita N\u00e4m\u00e4 kauniit verhonsiteet saavat ikkunasi n\u00e4ytt\u00e4m\u00e4\u00e4n kauniilta ja pit\u00e4v\u00e4t verhot [&hellip;]<\/p>\n","protected":false},"featured_media":19745,"comment_status":"open","ping_status":"closed","template":"","meta":{"site-sidebar-layout":"default","site-content-layout":"","ast-site-content-layout":"default","site-content-style":"default","site-sidebar-style":"default","ast-global-header-display":"","ast-banner-title-visibility":"","ast-main-header-display":"","ast-hfb-above-header-display":"","ast-hfb-below-header-display":"","ast-hfb-mobile-header-display":"","site-post-title":"","ast-breadcrumbs-content":"","ast-featured-img":"","footer-sml-layout":"","theme-transparent-header-meta":"default","adv-header-id-meta":"","stick-header-meta":"","header-above-stick-meta":"","header-main-stick-meta":"","header-below-stick-meta":"","astra-migrate-meta-layouts":"set","ast-page-background-enabled":"default","ast-page-background-meta":{"desktop":{"background-color":"var(--ast-global-color-5)","background-image":"","background-repeat":"repeat","background-position":"center center","background-size":"auto","background-attachment":"scroll","background-type":"","background-media":"","overlay-type":"","overlay-color":"","overlay-opacity":"","overlay-gradient":""},"tablet":{"background-color":"","background-image":"","background-repeat":"repeat","background-position":"center center","background-size":"auto","background-attachment":"scroll","background-type":"","background-media":"","overlay-type":"","overlay-color":"","overlay-opacity":"","overlay-gradient":""},"mobile":{"background-color":"","background-image":"","background-repeat":"repeat","background-position":"center center","background-size":"auto","background-attachment":"scroll","background-type":"","background-media":"","overlay-type":"","overlay-color":"","overlay-opacity":"","overlay-gradient":""}},"ast-content-background-meta":{"desktop":{"background-color":"var(--ast-global-color-4)","background-image":"","background-repeat":"repeat","background-position":"center center","background-size":"auto","background-attachment":"scroll","background-type":"","background-media":"","overlay-type":"","overlay-color":"","overlay-opacity":"","overlay-gradient":""},"tablet":{"background-color":"var(--ast-global-color-4)","background-image":"","background-repeat":"repeat","background-position":"center center","background-size":"auto","background-attachment":"scroll","background-type":"","background-media":"","overlay-type":"","overlay-color":"","overlay-opacity":"","overlay-gradient":""},"mobile":{"background-color":"var(--ast-global-color-4)","background-image":"","background-repeat":"repeat","background-position":"center center","background-size":"auto","background-attachment":"scroll","background-type":"","background-media":"","overlay-type":"","overlay-color":"","overlay-opacity":"","overlay-gradient":""}}},"product_brand":[],"product_cat":[15],"product_tag":[],"class_list":{"0":"post-19749","1":"product","2":"type-product","3":"status-publish","4":"has-post-thumbnail","6":"product_cat-luokittelematon","7":"pa_45102_6dwkjbop-harmaa","8":"pa_45102_6dwkjbop-ruskea","9":"pa_45102_6dwkjbop-sininen","10":"pa_45102_6dwkjbop-vaaleanpunainen","11":"desktop-align-left","12":"tablet-align-left","13":"mobile-align-left","15":"first","16":"instock","17":"shipping-taxable","18":"purchasable","19":"product-type-variable"},"yoast_head":"<!-- This site is optimized with the Yoast SEO plugin v26.6 - https:\/\/yoast.com\/wordpress\/plugins\/seo\/ -->\n<title>Verhonsiteet - Senbera FI<\/title>\n<meta name=\"robots\" content=\"index, follow, max-snippet:-1, max-image-preview:large, max-video-preview:-1\" \/>\n<link rel=\"canonical\" href=\"https:\/\/senbera.com\/fi\/tuote\/verhonsiteet\/\" \/>\n<meta property=\"og:locale\" content=\"fi_FI\" \/>\n<meta property=\"og:type\" content=\"article\" \/>\n<meta property=\"og:title\" content=\"Verhonsiteet - Senbera FI\" \/>\n<meta property=\"og:description\" content=\"Sido Takaisin Tyylill\u00e4 \u2013 3D-Kukkaverhonsiteet! Kaunis, helppo, eik\u00e4 ty\u00f6kaluja tarvita N\u00e4m\u00e4 kauniit verhonsiteet saavat ikkunasi n\u00e4ytt\u00e4m\u00e4\u00e4n kauniilta ja pit\u00e4v\u00e4t verhot [&hellip;]\" \/>\n<meta property=\"og:url\" content=\"https:\/\/senbera.com\/fi\/tuote\/verhonsiteet\/\" \/>\n<meta property=\"og:site_name\" content=\"Senbera FI\" \/>\n<meta property=\"article:modified_time\" content=\"2026-01-15T17:31:08+00:00\" \/>\n<meta name=\"twitter:card\" content=\"summary_large_image\" \/>\n<meta name=\"twitter:label1\" content=\"Arvioitu lukuaika\" \/>\n\t<meta name=\"twitter:data1\" content=\"1 minuutti\" \/>\n<script type=\"application\/ld+json\" class=\"yoast-schema-graph\">{\"@context\":\"https:\/\/schema.org\",\"@graph\":[{\"@type\":\"WebPage\",\"@id\":\"https:\/\/senbera.com\/fi\/tuote\/verhonsiteet\/\",\"url\":\"https:\/\/senbera.com\/fi\/tuote\/verhonsiteet\/\",\"name\":\"Verhonsiteet - Senbera FI\",\"isPartOf\":{\"@id\":\"https:\/\/senbera.com\/fi\/#website\"},\"primaryImageOfPage\":{\"@id\":\"https:\/\/senbera.com\/fi\/tuote\/verhonsiteet\/#primaryimage\"},\"image\":{\"@id\":\"https:\/\/senbera.com\/fi\/tuote\/verhonsiteet\/#primaryimage\"},\"thumbnailUrl\":\"https:\/\/senbera.com\/fi\/wp-content\/uploads\/sites\/19\/2026\/01\/r27igl0-1.webp\",\"datePublished\":\"2026-01-15T17:30:54+00:00\",\"dateModified\":\"2026-01-15T17:31:08+00:00\",\"breadcrumb\":{\"@id\":\"https:\/\/senbera.com\/fi\/tuote\/verhonsiteet\/#breadcrumb\"},\"inLanguage\":\"fi\",\"potentialAction\":[{\"@type\":\"ReadAction\",\"target\":[\"https:\/\/senbera.com\/fi\/tuote\/verhonsiteet\/\"]}]},{\"@type\":\"ImageObject\",\"inLanguage\":\"fi\",\"@id\":\"https:\/\/senbera.com\/fi\/tuote\/verhonsiteet\/#primaryimage\",\"url\":\"https:\/\/senbera.com\/fi\/wp-content\/uploads\/sites\/19\/2026\/01\/r27igl0-1.webp\",\"contentUrl\":\"https:\/\/senbera.com\/fi\/wp-content\/uploads\/sites\/19\/2026\/01\/r27igl0-1.webp\",\"width\":1000,\"height\":1000},{\"@type\":\"BreadcrumbList\",\"@id\":\"https:\/\/senbera.com\/fi\/tuote\/verhonsiteet\/#breadcrumb\",\"itemListElement\":[{\"@type\":\"ListItem\",\"position\":1,\"name\":\"Home\",\"item\":\"https:\/\/senbera.com\/fi\/\"},{\"@type\":\"ListItem\",\"position\":2,\"name\":\"Kauppa\",\"item\":\"https:\/\/senbera.com\/fi\/kauppa\/\"},{\"@type\":\"ListItem\",\"position\":3,\"name\":\"Verhonsiteet\"}]},{\"@type\":\"WebSite\",\"@id\":\"https:\/\/senbera.com\/fi\/#website\",\"url\":\"https:\/\/senbera.com\/fi\/\",\"name\":\"Senbera FI\",\"description\":\"\",\"publisher\":{\"@id\":\"https:\/\/senbera.com\/fi\/#organization\"},\"potentialAction\":[{\"@type\":\"SearchAction\",\"target\":{\"@type\":\"EntryPoint\",\"urlTemplate\":\"https:\/\/senbera.com\/fi\/?s={search_term_string}\"},\"query-input\":{\"@type\":\"PropertyValueSpecification\",\"valueRequired\":true,\"valueName\":\"search_term_string\"}}],\"inLanguage\":\"fi\"},{\"@type\":\"Organization\",\"@id\":\"https:\/\/senbera.com\/fi\/#organization\",\"name\":\"Mekulo\",\"url\":\"https:\/\/senbera.com\/fi\/\",\"logo\":{\"@type\":\"ImageObject\",\"inLanguage\":\"fi\",\"@id\":\"https:\/\/senbera.com\/fi\/#\/schema\/logo\/image\/\",\"url\":\"https:\/\/senbera.com\/fi\/wp-content\/uploads\/sites\/19\/2025\/12\/favicon_mekulo.png\",\"contentUrl\":\"https:\/\/senbera.com\/fi\/wp-content\/uploads\/sites\/19\/2025\/12\/favicon_mekulo.png\",\"width\":50,\"height\":50,\"caption\":\"Mekulo\"},\"image\":{\"@id\":\"https:\/\/senbera.com\/fi\/#\/schema\/logo\/image\/\"}}]}<\/script>\n<!-- \/ Yoast SEO plugin. -->","yoast_head_json":{"title":"Verhonsiteet - Senbera FI","robots":{"index":"index","follow":"follow","max-snippet":"max-snippet:-1","max-image-preview":"max-image-preview:large","max-video-preview":"max-video-preview:-1"},"canonical":"https:\/\/senbera.com\/fi\/tuote\/verhonsiteet\/","og_locale":"fi_FI","og_type":"article","og_title":"Verhonsiteet - Senbera FI","og_description":"Sido Takaisin Tyylill\u00e4 \u2013 3D-Kukkaverhonsiteet! Kaunis, helppo, eik\u00e4 ty\u00f6kaluja tarvita N\u00e4m\u00e4 kauniit verhonsiteet saavat ikkunasi n\u00e4ytt\u00e4m\u00e4\u00e4n kauniilta ja pit\u00e4v\u00e4t verhot [&hellip;]","og_url":"https:\/\/senbera.com\/fi\/tuote\/verhonsiteet\/","og_site_name":"Senbera FI","article_modified_time":"2026-01-15T17:31:08+00:00","twitter_card":"summary_large_image","twitter_misc":{"Arvioitu lukuaika":"1 minuutti"},"schema":{"@context":"https:\/\/schema.org","@graph":[{"@type":"WebPage","@id":"https:\/\/senbera.com\/fi\/tuote\/verhonsiteet\/","url":"https:\/\/senbera.com\/fi\/tuote\/verhonsiteet\/","name":"Verhonsiteet - Senbera FI","isPartOf":{"@id":"https:\/\/senbera.com\/fi\/#website"},"primaryImageOfPage":{"@id":"https:\/\/senbera.com\/fi\/tuote\/verhonsiteet\/#primaryimage"},"image":{"@id":"https:\/\/senbera.com\/fi\/tuote\/verhonsiteet\/#primaryimage"},"thumbnailUrl":"https:\/\/senbera.com\/fi\/wp-content\/uploads\/sites\/19\/2026\/01\/r27igl0-1.webp","datePublished":"2026-01-15T17:30:54+00:00","dateModified":"2026-01-15T17:31:08+00:00","breadcrumb":{"@id":"https:\/\/senbera.com\/fi\/tuote\/verhonsiteet\/#breadcrumb"},"inLanguage":"fi","potentialAction":[{"@type":"ReadAction","target":["https:\/\/senbera.com\/fi\/tuote\/verhonsiteet\/"]}]},{"@type":"ImageObject","inLanguage":"fi","@id":"https:\/\/senbera.com\/fi\/tuote\/verhonsiteet\/#primaryimage","url":"https:\/\/senbera.com\/fi\/wp-content\/uploads\/sites\/19\/2026\/01\/r27igl0-1.webp","contentUrl":"https:\/\/senbera.com\/fi\/wp-content\/uploads\/sites\/19\/2026\/01\/r27igl0-1.webp","width":1000,"height":1000},{"@type":"BreadcrumbList","@id":"https:\/\/senbera.com\/fi\/tuote\/verhonsiteet\/#breadcrumb","itemListElement":[{"@type":"ListItem","position":1,"name":"Home","item":"https:\/\/senbera.com\/fi\/"},{"@type":"ListItem","position":2,"name":"Kauppa","item":"https:\/\/senbera.com\/fi\/kauppa\/"},{"@type":"ListItem","position":3,"name":"Verhonsiteet"}]},{"@type":"WebSite","@id":"https:\/\/senbera.com\/fi\/#website","url":"https:\/\/senbera.com\/fi\/","name":"Senbera FI","description":"","publisher":{"@id":"https:\/\/senbera.com\/fi\/#organization"},"potentialAction":[{"@type":"SearchAction","target":{"@type":"EntryPoint","urlTemplate":"https:\/\/senbera.com\/fi\/?s={search_term_string}"},"query-input":{"@type":"PropertyValueSpecification","valueRequired":true,"valueName":"search_term_string"}}],"inLanguage":"fi"},{"@type":"Organization","@id":"https:\/\/senbera.com\/fi\/#organization","name":"Mekulo","url":"https:\/\/senbera.com\/fi\/","logo":{"@type":"ImageObject","inLanguage":"fi","@id":"https:\/\/senbera.com\/fi\/#\/schema\/logo\/image\/","url":"https:\/\/senbera.com\/fi\/wp-content\/uploads\/sites\/19\/2025\/12\/favicon_mekulo.png","contentUrl":"https:\/\/senbera.com\/fi\/wp-content\/uploads\/sites\/19\/2025\/12\/favicon_mekulo.png","width":50,"height":50,"caption":"Mekulo"},"image":{"@id":"https:\/\/senbera.com\/fi\/#\/schema\/logo\/image\/"}}]}},"_links":{"self":[{"href":"https:\/\/senbera.com\/fi\/wp-json\/wp\/v2\/product\/19749","targetHints":{"allow":["GET"]}}],"collection":[{"href":"https:\/\/senbera.com\/fi\/wp-json\/wp\/v2\/product"}],"about":[{"href":"https:\/\/senbera.com\/fi\/wp-json\/wp\/v2\/types\/product"}],"replies":[{"embeddable":true,"href":"https:\/\/senbera.com\/fi\/wp-json\/wp\/v2\/comments?post=19749"}],"wp:featuredmedia":[{"embeddable":true,"href":"https:\/\/senbera.com\/fi\/wp-json\/wp\/v2\/media\/19745"}],"wp:attachment":[{"href":"https:\/\/senbera.com\/fi\/wp-json\/wp\/v2\/media?parent=19749"}],"wp:term":[{"taxonomy":"product_brand","embeddable":true,"href":"https:\/\/senbera.com\/fi\/wp-json\/wp\/v2\/product_brand?post=19749"},{"taxonomy":"product_cat","embeddable":true,"href":"https:\/\/senbera.com\/fi\/wp-json\/wp\/v2\/product_cat?post=19749"},{"taxonomy":"product_tag","embeddable":true,"href":"https:\/\/senbera.com\/fi\/wp-json\/wp\/v2\/product_tag?post=19749"}],"curies":[{"name":"wp","href":"https:\/\/api.w.org\/{rel}","templated":true}]}}