{"id":19736,"date":"2026-01-15T19:29:25","date_gmt":"2026-01-15T17:29:25","guid":{"rendered":"https:\/\/senbera.com\/fi\/tuote\/kristalli-korvakorut\/"},"modified":"2026-01-15T19:29:32","modified_gmt":"2026-01-15T17:29:32","slug":"kristalli-korvakorut","status":"publish","type":"product","link":"https:\/\/senbera.com\/fi\/tuote\/kristalli-korvakorut\/","title":{"rendered":"Kristalli korvakorut"},"content":{"rendered":"<p style=\"text-align: center\"><strong>Hehkua Tyylill\u00e4 \u2013 Violetit Kristallipudotuskorvakorut!<\/strong><\/p>\n<p style=\"text-align: center\"><span style=\"font-weight: 400\">Tyylikk\u00e4\u00e4t, kevyet ja t\u00e4ydelliset jokaiseen p\u00e4iv\u00e4\u00e4n. <\/span><span style=\"font-size: 16px;font-weight: 400\">N\u00e4m\u00e4 kauniit korvakorut on valmistettu kiilt\u00e4vist\u00e4 violeteista kristalleista. Ne n\u00e4ytt\u00e4v\u00e4t hienoilta, tuntuvat kevyilt\u00e4 ja lis\u00e4\u00e4v\u00e4t kimallusta mihin tahansa asuun.<\/span><\/p>\n<p><img decoding=\"async\" class=\"size-full wp-image-16296 aligncenter\" src=\"https:\/\/keluvo.com\/template\/wp-content\/uploads\/sites\/5\/2025\/04\/purple.jpg\" alt=\"\" \/><\/p>\n<h2 style=\"text-align: center\">T\u00e4rkeimm\u00e4t Edut<\/h2>\n<p><span style=\"font-weight: 400\">\u2705 <\/span><b>Tyylik\u00e4s muotoilu<\/b><span style=\"font-weight: 400\"> \u2013 Yksinkertainen ja tyylik\u00e4s kaikkiin tyyleihin<\/span><\/p>\n<p><span style=\"font-weight: 400\"> \u2705 <\/span><b>Kevyt k\u00e4ytt\u00f6mukavuus<\/b><span style=\"font-weight: 400\"> \u2013 K\u00e4yt\u00e4 niit\u00e4 koko p\u00e4iv\u00e4n tuntematta itse\u00e4si raskaaksi<\/span><\/p>\n<p><span style=\"font-weight: 400\"> \u2705 <\/span><b>Korkealuokkainen tuntuma<\/b><span style=\"font-weight: 400\"> \u2013 Valmistettu ensiluokkaisesta violetista kristallista<\/span><\/p>\n<p><span style=\"font-weight: 400\"> \u2705 <\/span><b>Valmistettu kest\u00e4m\u00e4\u00e4n<\/b><span style=\"font-weight: 400\"> \u2013 Laatu on valmistettu kiinnitt\u00e4en huomiota yksityiskohtiin<\/span><\/p>\n<p><span style=\"font-weight: 400\"> \u2705 <\/span><b>Jokaiseen tilaisuuteen<\/b><span style=\"font-weight: 400\"> \u2013 T\u00e4ydelliset niin rentoihin p\u00e4iviin kuin juhlatilaisuuksiinkin<\/span><\/p>\n<p><img decoding=\"async\" class=\"size-full wp-image-16291 aligncenter\" src=\"https:\/\/keluvo.com\/template\/wp-content\/uploads\/sites\/5\/2025\/04\/2-13.jpg\" alt=\"\" \/><\/p>\n<h2 style=\"text-align: center\">T\u00e4ydellinen Eleganssi!<\/h2>\n<p style=\"text-align: center\"><span style=\"font-weight: 400\">N\u00e4m\u00e4 korvakorut ovat t\u00e4ydellinen ripauksen tyylikkyytt\u00e4 jokaiselle naiselle. Olitpa sitten pukeutumassa juhliin, illalliselle tai halusit vain lis\u00e4t\u00e4 kimallusta p\u00e4iv\u00e4\u00e4si, n\u00e4m\u00e4 violetit kristallikorvakorut on tehty tekem\u00e4\u00e4n vaikutuksen. Tyylikk\u00e4\u00e4t, helppok\u00e4ytt\u00f6iset ja sopivat kaiken kanssa!<\/span><\/p>\n<h2 style=\"text-align: center\">Pakkaus Sis\u00e4lt\u00e4\u00e4<\/h2>\n<ul>\n<li style=\"font-weight: 400\"><span style=\"font-weight: 400\">1x pari korvakoruja<\/span><span style=\"font-weight: 400\">.<\/span><\/li>\n<\/ul>\n","protected":false},"excerpt":{"rendered":"<p>Hehkua Tyylill\u00e4 \u2013 Violetit Kristallipudotuskorvakorut! Tyylikk\u00e4\u00e4t, kevyet ja t\u00e4ydelliset jokaiseen p\u00e4iv\u00e4\u00e4n. N\u00e4m\u00e4 kauniit korvakorut on valmistettu kiilt\u00e4vist\u00e4 violeteista kristalleista. Ne [&hellip;]<\/p>\n","protected":false},"featured_media":19732,"comment_status":"open","ping_status":"closed","template":"","meta":{"site-sidebar-layout":"default","site-content-layout":"","ast-site-content-layout":"default","site-content-style":"default","site-sidebar-style":"default","ast-global-header-display":"","ast-banner-title-visibility":"","ast-main-header-display":"","ast-hfb-above-header-display":"","ast-hfb-below-header-display":"","ast-hfb-mobile-header-display":"","site-post-title":"","ast-breadcrumbs-content":"","ast-featured-img":"","footer-sml-layout":"","theme-transparent-header-meta":"default","adv-header-id-meta":"","stick-header-meta":"","header-above-stick-meta":"","header-main-stick-meta":"","header-below-stick-meta":"","astra-migrate-meta-layouts":"set","ast-page-background-enabled":"default","ast-page-background-meta":{"desktop":{"background-color":"var(--ast-global-color-5)","background-image":"","background-repeat":"repeat","background-position":"center center","background-size":"auto","background-attachment":"scroll","background-type":"","background-media":"","overlay-type":"","overlay-color":"","overlay-opacity":"","overlay-gradient":""},"tablet":{"background-color":"","background-image":"","background-repeat":"repeat","background-position":"center center","background-size":"auto","background-attachment":"scroll","background-type":"","background-media":"","overlay-type":"","overlay-color":"","overlay-opacity":"","overlay-gradient":""},"mobile":{"background-color":"","background-image":"","background-repeat":"repeat","background-position":"center center","background-size":"auto","background-attachment":"scroll","background-type":"","background-media":"","overlay-type":"","overlay-color":"","overlay-opacity":"","overlay-gradient":""}},"ast-content-background-meta":{"desktop":{"background-color":"var(--ast-global-color-4)","background-image":"","background-repeat":"repeat","background-position":"center center","background-size":"auto","background-attachment":"scroll","background-type":"","background-media":"","overlay-type":"","overlay-color":"","overlay-opacity":"","overlay-gradient":""},"tablet":{"background-color":"var(--ast-global-color-4)","background-image":"","background-repeat":"repeat","background-position":"center center","background-size":"auto","background-attachment":"scroll","background-type":"","background-media":"","overlay-type":"","overlay-color":"","overlay-opacity":"","overlay-gradient":""},"mobile":{"background-color":"var(--ast-global-color-4)","background-image":"","background-repeat":"repeat","background-position":"center center","background-size":"auto","background-attachment":"scroll","background-type":"","background-media":"","overlay-type":"","overlay-color":"","overlay-opacity":"","overlay-gradient":""}}},"product_brand":[],"product_cat":[15],"product_tag":[],"class_list":{"0":"post-19736","1":"product","2":"type-product","3":"status-publish","4":"has-post-thumbnail","6":"product_cat-luokittelematon","7":"pa_41088_2l5nurdl-vihrea","8":"pa_41088_2l5nurdl-violetti","9":"desktop-align-left","10":"tablet-align-left","11":"mobile-align-left","13":"first","14":"instock","15":"shipping-taxable","16":"purchasable","17":"product-type-variable"},"yoast_head":"<!-- This site is optimized with the Yoast SEO plugin v26.6 - https:\/\/yoast.com\/wordpress\/plugins\/seo\/ -->\n<title>Kristalli korvakorut - Senbera FI<\/title>\n<meta name=\"robots\" content=\"index, follow, max-snippet:-1, max-image-preview:large, max-video-preview:-1\" \/>\n<link rel=\"canonical\" href=\"https:\/\/senbera.com\/fi\/tuote\/kristalli-korvakorut\/\" \/>\n<meta property=\"og:locale\" content=\"fi_FI\" \/>\n<meta property=\"og:type\" content=\"article\" \/>\n<meta property=\"og:title\" content=\"Kristalli korvakorut - Senbera FI\" \/>\n<meta property=\"og:description\" content=\"Hehkua Tyylill\u00e4 \u2013 Violetit Kristallipudotuskorvakorut! Tyylikk\u00e4\u00e4t, kevyet ja t\u00e4ydelliset jokaiseen p\u00e4iv\u00e4\u00e4n. N\u00e4m\u00e4 kauniit korvakorut on valmistettu kiilt\u00e4vist\u00e4 violeteista kristalleista. Ne [&hellip;]\" \/>\n<meta property=\"og:url\" content=\"https:\/\/senbera.com\/fi\/tuote\/kristalli-korvakorut\/\" \/>\n<meta property=\"og:site_name\" content=\"Senbera FI\" \/>\n<meta property=\"article:modified_time\" content=\"2026-01-15T17:29:32+00:00\" \/>\n<meta name=\"twitter:card\" content=\"summary_large_image\" \/>\n<meta name=\"twitter:label1\" content=\"Arvioitu lukuaika\" \/>\n\t<meta name=\"twitter:data1\" content=\"1 minuutti\" \/>\n<script type=\"application\/ld+json\" class=\"yoast-schema-graph\">{\"@context\":\"https:\/\/schema.org\",\"@graph\":[{\"@type\":\"WebPage\",\"@id\":\"https:\/\/senbera.com\/fi\/tuote\/kristalli-korvakorut\/\",\"url\":\"https:\/\/senbera.com\/fi\/tuote\/kristalli-korvakorut\/\",\"name\":\"Kristalli korvakorut - Senbera FI\",\"isPartOf\":{\"@id\":\"https:\/\/senbera.com\/fi\/#website\"},\"primaryImageOfPage\":{\"@id\":\"https:\/\/senbera.com\/fi\/tuote\/kristalli-korvakorut\/#primaryimage\"},\"image\":{\"@id\":\"https:\/\/senbera.com\/fi\/tuote\/kristalli-korvakorut\/#primaryimage\"},\"thumbnailUrl\":\"https:\/\/senbera.com\/fi\/wp-content\/uploads\/sites\/19\/2026\/01\/uczclxv-1.jpg\",\"datePublished\":\"2026-01-15T17:29:25+00:00\",\"dateModified\":\"2026-01-15T17:29:32+00:00\",\"breadcrumb\":{\"@id\":\"https:\/\/senbera.com\/fi\/tuote\/kristalli-korvakorut\/#breadcrumb\"},\"inLanguage\":\"fi\",\"potentialAction\":[{\"@type\":\"ReadAction\",\"target\":[\"https:\/\/senbera.com\/fi\/tuote\/kristalli-korvakorut\/\"]}]},{\"@type\":\"ImageObject\",\"inLanguage\":\"fi\",\"@id\":\"https:\/\/senbera.com\/fi\/tuote\/kristalli-korvakorut\/#primaryimage\",\"url\":\"https:\/\/senbera.com\/fi\/wp-content\/uploads\/sites\/19\/2026\/01\/uczclxv-1.jpg\",\"contentUrl\":\"https:\/\/senbera.com\/fi\/wp-content\/uploads\/sites\/19\/2026\/01\/uczclxv-1.jpg\",\"width\":800,\"height\":800},{\"@type\":\"BreadcrumbList\",\"@id\":\"https:\/\/senbera.com\/fi\/tuote\/kristalli-korvakorut\/#breadcrumb\",\"itemListElement\":[{\"@type\":\"ListItem\",\"position\":1,\"name\":\"Home\",\"item\":\"https:\/\/senbera.com\/fi\/\"},{\"@type\":\"ListItem\",\"position\":2,\"name\":\"Kauppa\",\"item\":\"https:\/\/senbera.com\/fi\/kauppa\/\"},{\"@type\":\"ListItem\",\"position\":3,\"name\":\"Kristalli korvakorut\"}]},{\"@type\":\"WebSite\",\"@id\":\"https:\/\/senbera.com\/fi\/#website\",\"url\":\"https:\/\/senbera.com\/fi\/\",\"name\":\"Senbera FI\",\"description\":\"\",\"publisher\":{\"@id\":\"https:\/\/senbera.com\/fi\/#organization\"},\"potentialAction\":[{\"@type\":\"SearchAction\",\"target\":{\"@type\":\"EntryPoint\",\"urlTemplate\":\"https:\/\/senbera.com\/fi\/?s={search_term_string}\"},\"query-input\":{\"@type\":\"PropertyValueSpecification\",\"valueRequired\":true,\"valueName\":\"search_term_string\"}}],\"inLanguage\":\"fi\"},{\"@type\":\"Organization\",\"@id\":\"https:\/\/senbera.com\/fi\/#organization\",\"name\":\"Mekulo\",\"url\":\"https:\/\/senbera.com\/fi\/\",\"logo\":{\"@type\":\"ImageObject\",\"inLanguage\":\"fi\",\"@id\":\"https:\/\/senbera.com\/fi\/#\/schema\/logo\/image\/\",\"url\":\"https:\/\/senbera.com\/fi\/wp-content\/uploads\/sites\/19\/2025\/12\/favicon_mekulo.png\",\"contentUrl\":\"https:\/\/senbera.com\/fi\/wp-content\/uploads\/sites\/19\/2025\/12\/favicon_mekulo.png\",\"width\":50,\"height\":50,\"caption\":\"Mekulo\"},\"image\":{\"@id\":\"https:\/\/senbera.com\/fi\/#\/schema\/logo\/image\/\"}}]}<\/script>\n<!-- \/ Yoast SEO plugin. -->","yoast_head_json":{"title":"Kristalli korvakorut - Senbera FI","robots":{"index":"index","follow":"follow","max-snippet":"max-snippet:-1","max-image-preview":"max-image-preview:large","max-video-preview":"max-video-preview:-1"},"canonical":"https:\/\/senbera.com\/fi\/tuote\/kristalli-korvakorut\/","og_locale":"fi_FI","og_type":"article","og_title":"Kristalli korvakorut - Senbera FI","og_description":"Hehkua Tyylill\u00e4 \u2013 Violetit Kristallipudotuskorvakorut! Tyylikk\u00e4\u00e4t, kevyet ja t\u00e4ydelliset jokaiseen p\u00e4iv\u00e4\u00e4n. N\u00e4m\u00e4 kauniit korvakorut on valmistettu kiilt\u00e4vist\u00e4 violeteista kristalleista. Ne [&hellip;]","og_url":"https:\/\/senbera.com\/fi\/tuote\/kristalli-korvakorut\/","og_site_name":"Senbera FI","article_modified_time":"2026-01-15T17:29:32+00:00","twitter_card":"summary_large_image","twitter_misc":{"Arvioitu lukuaika":"1 minuutti"},"schema":{"@context":"https:\/\/schema.org","@graph":[{"@type":"WebPage","@id":"https:\/\/senbera.com\/fi\/tuote\/kristalli-korvakorut\/","url":"https:\/\/senbera.com\/fi\/tuote\/kristalli-korvakorut\/","name":"Kristalli korvakorut - Senbera FI","isPartOf":{"@id":"https:\/\/senbera.com\/fi\/#website"},"primaryImageOfPage":{"@id":"https:\/\/senbera.com\/fi\/tuote\/kristalli-korvakorut\/#primaryimage"},"image":{"@id":"https:\/\/senbera.com\/fi\/tuote\/kristalli-korvakorut\/#primaryimage"},"thumbnailUrl":"https:\/\/senbera.com\/fi\/wp-content\/uploads\/sites\/19\/2026\/01\/uczclxv-1.jpg","datePublished":"2026-01-15T17:29:25+00:00","dateModified":"2026-01-15T17:29:32+00:00","breadcrumb":{"@id":"https:\/\/senbera.com\/fi\/tuote\/kristalli-korvakorut\/#breadcrumb"},"inLanguage":"fi","potentialAction":[{"@type":"ReadAction","target":["https:\/\/senbera.com\/fi\/tuote\/kristalli-korvakorut\/"]}]},{"@type":"ImageObject","inLanguage":"fi","@id":"https:\/\/senbera.com\/fi\/tuote\/kristalli-korvakorut\/#primaryimage","url":"https:\/\/senbera.com\/fi\/wp-content\/uploads\/sites\/19\/2026\/01\/uczclxv-1.jpg","contentUrl":"https:\/\/senbera.com\/fi\/wp-content\/uploads\/sites\/19\/2026\/01\/uczclxv-1.jpg","width":800,"height":800},{"@type":"BreadcrumbList","@id":"https:\/\/senbera.com\/fi\/tuote\/kristalli-korvakorut\/#breadcrumb","itemListElement":[{"@type":"ListItem","position":1,"name":"Home","item":"https:\/\/senbera.com\/fi\/"},{"@type":"ListItem","position":2,"name":"Kauppa","item":"https:\/\/senbera.com\/fi\/kauppa\/"},{"@type":"ListItem","position":3,"name":"Kristalli korvakorut"}]},{"@type":"WebSite","@id":"https:\/\/senbera.com\/fi\/#website","url":"https:\/\/senbera.com\/fi\/","name":"Senbera FI","description":"","publisher":{"@id":"https:\/\/senbera.com\/fi\/#organization"},"potentialAction":[{"@type":"SearchAction","target":{"@type":"EntryPoint","urlTemplate":"https:\/\/senbera.com\/fi\/?s={search_term_string}"},"query-input":{"@type":"PropertyValueSpecification","valueRequired":true,"valueName":"search_term_string"}}],"inLanguage":"fi"},{"@type":"Organization","@id":"https:\/\/senbera.com\/fi\/#organization","name":"Mekulo","url":"https:\/\/senbera.com\/fi\/","logo":{"@type":"ImageObject","inLanguage":"fi","@id":"https:\/\/senbera.com\/fi\/#\/schema\/logo\/image\/","url":"https:\/\/senbera.com\/fi\/wp-content\/uploads\/sites\/19\/2025\/12\/favicon_mekulo.png","contentUrl":"https:\/\/senbera.com\/fi\/wp-content\/uploads\/sites\/19\/2025\/12\/favicon_mekulo.png","width":50,"height":50,"caption":"Mekulo"},"image":{"@id":"https:\/\/senbera.com\/fi\/#\/schema\/logo\/image\/"}}]}},"_links":{"self":[{"href":"https:\/\/senbera.com\/fi\/wp-json\/wp\/v2\/product\/19736","targetHints":{"allow":["GET"]}}],"collection":[{"href":"https:\/\/senbera.com\/fi\/wp-json\/wp\/v2\/product"}],"about":[{"href":"https:\/\/senbera.com\/fi\/wp-json\/wp\/v2\/types\/product"}],"replies":[{"embeddable":true,"href":"https:\/\/senbera.com\/fi\/wp-json\/wp\/v2\/comments?post=19736"}],"wp:featuredmedia":[{"embeddable":true,"href":"https:\/\/senbera.com\/fi\/wp-json\/wp\/v2\/media\/19732"}],"wp:attachment":[{"href":"https:\/\/senbera.com\/fi\/wp-json\/wp\/v2\/media?parent=19736"}],"wp:term":[{"taxonomy":"product_brand","embeddable":true,"href":"https:\/\/senbera.com\/fi\/wp-json\/wp\/v2\/product_brand?post=19736"},{"taxonomy":"product_cat","embeddable":true,"href":"https:\/\/senbera.com\/fi\/wp-json\/wp\/v2\/product_cat?post=19736"},{"taxonomy":"product_tag","embeddable":true,"href":"https:\/\/senbera.com\/fi\/wp-json\/wp\/v2\/product_tag?post=19736"}],"curies":[{"name":"wp","href":"https:\/\/api.w.org\/{rel}","templated":true}]}}