{"id":19723,"date":"2026-01-15T19:28:08","date_gmt":"2026-01-15T17:28:08","guid":{"rendered":"https:\/\/senbera.com\/fi\/tuote\/paanauha\/"},"modified":"2026-01-15T19:28:15","modified_gmt":"2026-01-15T17:28:15","slug":"paanauha","status":"publish","type":"product","link":"https:\/\/senbera.com\/fi\/tuote\/paanauha\/","title":{"rendered":"P\u00e4\u00e4nauha"},"content":{"rendered":"<p style=\"text-align: center\"><strong>Muotoile Hiuksesi Sekunneissa \u2013 Kaksoisklipsill\u00e4 Varustetulla Hiuspannalla!<\/strong><\/p>\n<p style=\"text-align: center\"><span style=\"font-weight: 400\">Pysy s\u00f6p\u00f6n\u00e4, mukavana ja hallitsevana. <\/span><span style=\"font-size: 16px;font-weight: 400\">T\u00e4m\u00e4 hiuspanta on kevyt, vahva ja eritt\u00e4in helppok\u00e4ytt\u00f6inen. Se pit\u00e4\u00e4 hiuksesi paikallaan ja antaa sinun luoda hauskoja tyylej\u00e4 miss\u00e4 ja milloin tahansa.<\/span><\/p>\n<p><img decoding=\"async\" class=\"size-full wp-image-16280 aligncenter\" src=\"https:\/\/keluvo.com\/template\/wp-content\/uploads\/sites\/5\/2025\/04\/798e9d3d-94b2-4317-95f9-8c77f90002f6-ezgif.com-video-to-webp-converter.webp\" alt=\"\" \/><\/p>\n<h2 style=\"text-align: center\">T\u00e4rkeimm\u00e4t Edut<\/h2>\n<p><span style=\"font-weight: 400\">\u2705 <\/span><b>Pehme\u00e4 ja joustava<\/b><span style=\"font-weight: 400\"> &#8211; Valmistettu vahvasta mutta hell\u00e4varaisesta ABS-hartsista<\/span><\/p>\n<p><span style=\"font-weight: 400\"> \u2705 <\/span><b>Helppo k\u00e4ytt\u00e4\u00e4<\/b><span style=\"font-weight: 400\"> &#8211; Tuntuu kevyelt\u00e4 ja mukavalta p\u00e4\u00e4ss\u00e4si<\/span><\/p>\n<p><span style=\"font-weight: 400\"> \u2705 <\/span><b>Ei vaurioita<\/b><span style=\"font-weight: 400\"> &#8211; Pit\u00e4\u00e4 hiukset kiinni vet\u00e4m\u00e4tt\u00e4 tai satuttamatta<\/span><\/p>\n<p><span style=\"font-weight: 400\"> \u2705 <\/span><b>Mukautetut tyylit<\/b><span style=\"font-weight: 400\"> &#8211; 8 sis\u00e4\u00e4nrakennetun klipsin avulla voit muotoilla hiuksiasi haluamallasi tavalla<\/span><\/p>\n<p><span style=\"font-weight: 400\"> \u2705 <\/span><b>Kaksikerroksinen muotoilu<\/b><span style=\"font-weight: 400\"> &#8211; Yksi kerros pit\u00e4\u00e4 otsatukan, toinen pit\u00e4\u00e4 hiukset poissa kasvoiltasi<\/span><\/p>\n<p><img decoding=\"async\" class=\"size-full wp-image-16285 aligncenter\" src=\"https:\/\/keluvo.com\/template\/wp-content\/uploads\/sites\/5\/2025\/04\/2-12.jpg\" alt=\"\" \/><\/p>\n<h2 style=\"text-align: center\">T\u00e4m\u00e4 Ei Ole Pelkk\u00e4 Hiuspanta\u2014Se On Jokap\u00e4iv\u00e4inen Hiusapulainen.<\/h2>\n<p style=\"text-align: center\"><span style=\"font-weight: 400\">\u00a0Tee sill\u00e4 hauskoja tyylej\u00e4 kouluun, t\u00f6ihin tai rentoutumiseen kotona. Se sopii kaikille hiustyypeille &#8211; pitkille, lyhyille, suorille tai kiharille. Sopii erinomaisesti meikkaukseen, joogaan tai vain pit\u00e4m\u00e4\u00e4n hiuksesi siistin\u00e4 ja tyylikk\u00e4\u00e4n\u00e4!<\/span><\/p>\n<h2 style=\"text-align: center\">K\u00e4ytt\u00f6<\/h2>\n<ol>\n<li style=\"font-weight: 400\"><span style=\"font-weight: 400\">Asenna hiuspanta p\u00e4\u00e4h\u00e4si.<\/span><\/li>\n<li style=\"font-weight: 400\"><span style=\"font-weight: 400\">Valitse pieni nippu hiuksia.<\/span><\/li>\n<li style=\"font-weight: 400\"><span style=\"font-weight: 400\">Kierr\u00e4 sit\u00e4 hieman ja kiinnit\u00e4 se paikalleen.<\/span><\/li>\n<li style=\"font-weight: 400\"><span style=\"font-weight: 400\">K\u00e4yt\u00e4 niin monta klipsi\u00e4 kuin haluat muotoillaksesi tyyli\u00e4si.<\/span><\/li>\n<\/ol>\n<h2 style=\"text-align: center\">Pakkaus Sis\u00e4lt\u00e4\u00e4<\/h2>\n<ul>\n<li style=\"font-weight: 400\"><span style=\"font-weight: 400\">1x klipsihiuspanta<\/span><\/li>\n<\/ul>\n","protected":false},"excerpt":{"rendered":"<p>Muotoile Hiuksesi Sekunneissa \u2013 Kaksoisklipsill\u00e4 Varustetulla Hiuspannalla! Pysy s\u00f6p\u00f6n\u00e4, mukavana ja hallitsevana. T\u00e4m\u00e4 hiuspanta on kevyt, vahva ja eritt\u00e4in helppok\u00e4ytt\u00f6inen. [&hellip;]<\/p>\n","protected":false},"featured_media":19719,"comment_status":"open","ping_status":"closed","template":"","meta":{"site-sidebar-layout":"default","site-content-layout":"","ast-site-content-layout":"default","site-content-style":"default","site-sidebar-style":"default","ast-global-header-display":"","ast-banner-title-visibility":"","ast-main-header-display":"","ast-hfb-above-header-display":"","ast-hfb-below-header-display":"","ast-hfb-mobile-header-display":"","site-post-title":"","ast-breadcrumbs-content":"","ast-featured-img":"","footer-sml-layout":"","theme-transparent-header-meta":"default","adv-header-id-meta":"","stick-header-meta":"","header-above-stick-meta":"","header-main-stick-meta":"","header-below-stick-meta":"","astra-migrate-meta-layouts":"set","ast-page-background-enabled":"default","ast-page-background-meta":{"desktop":{"background-color":"var(--ast-global-color-5)","background-image":"","background-repeat":"repeat","background-position":"center center","background-size":"auto","background-attachment":"scroll","background-type":"","background-media":"","overlay-type":"","overlay-color":"","overlay-opacity":"","overlay-gradient":""},"tablet":{"background-color":"","background-image":"","background-repeat":"repeat","background-position":"center center","background-size":"auto","background-attachment":"scroll","background-type":"","background-media":"","overlay-type":"","overlay-color":"","overlay-opacity":"","overlay-gradient":""},"mobile":{"background-color":"","background-image":"","background-repeat":"repeat","background-position":"center center","background-size":"auto","background-attachment":"scroll","background-type":"","background-media":"","overlay-type":"","overlay-color":"","overlay-opacity":"","overlay-gradient":""}},"ast-content-background-meta":{"desktop":{"background-color":"var(--ast-global-color-4)","background-image":"","background-repeat":"repeat","background-position":"center center","background-size":"auto","background-attachment":"scroll","background-type":"","background-media":"","overlay-type":"","overlay-color":"","overlay-opacity":"","overlay-gradient":""},"tablet":{"background-color":"var(--ast-global-color-4)","background-image":"","background-repeat":"repeat","background-position":"center center","background-size":"auto","background-attachment":"scroll","background-type":"","background-media":"","overlay-type":"","overlay-color":"","overlay-opacity":"","overlay-gradient":""},"mobile":{"background-color":"var(--ast-global-color-4)","background-image":"","background-repeat":"repeat","background-position":"center center","background-size":"auto","background-attachment":"scroll","background-type":"","background-media":"","overlay-type":"","overlay-color":"","overlay-opacity":"","overlay-gradient":""}}},"product_brand":[],"product_cat":[15],"product_tag":[],"class_list":{"0":"post-19723","1":"product","2":"type-product","3":"status-publish","4":"has-post-thumbnail","6":"product_cat-luokittelematon","7":"pa_36272_347x9pog-musta","8":"pa_36272_347x9pog-ruskea","9":"desktop-align-left","10":"tablet-align-left","11":"mobile-align-left","13":"first","14":"instock","15":"shipping-taxable","16":"purchasable","17":"product-type-variable"},"yoast_head":"<!-- This site is optimized with the Yoast SEO plugin v26.6 - https:\/\/yoast.com\/wordpress\/plugins\/seo\/ -->\n<title>P\u00e4\u00e4nauha - Senbera FI<\/title>\n<meta name=\"robots\" content=\"index, follow, max-snippet:-1, max-image-preview:large, max-video-preview:-1\" \/>\n<link rel=\"canonical\" href=\"https:\/\/senbera.com\/fi\/tuote\/paanauha\/\" \/>\n<meta property=\"og:locale\" content=\"fi_FI\" \/>\n<meta property=\"og:type\" content=\"article\" \/>\n<meta property=\"og:title\" content=\"P\u00e4\u00e4nauha - Senbera FI\" \/>\n<meta property=\"og:description\" content=\"Muotoile Hiuksesi Sekunneissa \u2013 Kaksoisklipsill\u00e4 Varustetulla Hiuspannalla! Pysy s\u00f6p\u00f6n\u00e4, mukavana ja hallitsevana. T\u00e4m\u00e4 hiuspanta on kevyt, vahva ja eritt\u00e4in helppok\u00e4ytt\u00f6inen. [&hellip;]\" \/>\n<meta property=\"og:url\" content=\"https:\/\/senbera.com\/fi\/tuote\/paanauha\/\" \/>\n<meta property=\"og:site_name\" content=\"Senbera FI\" \/>\n<meta property=\"article:modified_time\" content=\"2026-01-15T17:28:15+00:00\" \/>\n<meta name=\"twitter:card\" content=\"summary_large_image\" \/>\n<meta name=\"twitter:label1\" content=\"Arvioitu lukuaika\" \/>\n\t<meta name=\"twitter:data1\" content=\"1 minuutti\" \/>\n<script type=\"application\/ld+json\" class=\"yoast-schema-graph\">{\"@context\":\"https:\/\/schema.org\",\"@graph\":[{\"@type\":\"WebPage\",\"@id\":\"https:\/\/senbera.com\/fi\/tuote\/paanauha\/\",\"url\":\"https:\/\/senbera.com\/fi\/tuote\/paanauha\/\",\"name\":\"P\u00e4\u00e4nauha - Senbera FI\",\"isPartOf\":{\"@id\":\"https:\/\/senbera.com\/fi\/#website\"},\"primaryImageOfPage\":{\"@id\":\"https:\/\/senbera.com\/fi\/tuote\/paanauha\/#primaryimage\"},\"image\":{\"@id\":\"https:\/\/senbera.com\/fi\/tuote\/paanauha\/#primaryimage\"},\"thumbnailUrl\":\"https:\/\/senbera.com\/fi\/wp-content\/uploads\/sites\/19\/2026\/01\/ok8jfz1-1.webp\",\"datePublished\":\"2026-01-15T17:28:08+00:00\",\"dateModified\":\"2026-01-15T17:28:15+00:00\",\"breadcrumb\":{\"@id\":\"https:\/\/senbera.com\/fi\/tuote\/paanauha\/#breadcrumb\"},\"inLanguage\":\"fi\",\"potentialAction\":[{\"@type\":\"ReadAction\",\"target\":[\"https:\/\/senbera.com\/fi\/tuote\/paanauha\/\"]}]},{\"@type\":\"ImageObject\",\"inLanguage\":\"fi\",\"@id\":\"https:\/\/senbera.com\/fi\/tuote\/paanauha\/#primaryimage\",\"url\":\"https:\/\/senbera.com\/fi\/wp-content\/uploads\/sites\/19\/2026\/01\/ok8jfz1-1.webp\",\"contentUrl\":\"https:\/\/senbera.com\/fi\/wp-content\/uploads\/sites\/19\/2026\/01\/ok8jfz1-1.webp\",\"width\":999,\"height\":890},{\"@type\":\"BreadcrumbList\",\"@id\":\"https:\/\/senbera.com\/fi\/tuote\/paanauha\/#breadcrumb\",\"itemListElement\":[{\"@type\":\"ListItem\",\"position\":1,\"name\":\"Home\",\"item\":\"https:\/\/senbera.com\/fi\/\"},{\"@type\":\"ListItem\",\"position\":2,\"name\":\"Kauppa\",\"item\":\"https:\/\/senbera.com\/fi\/kauppa\/\"},{\"@type\":\"ListItem\",\"position\":3,\"name\":\"P\u00e4\u00e4nauha\"}]},{\"@type\":\"WebSite\",\"@id\":\"https:\/\/senbera.com\/fi\/#website\",\"url\":\"https:\/\/senbera.com\/fi\/\",\"name\":\"Senbera FI\",\"description\":\"\",\"publisher\":{\"@id\":\"https:\/\/senbera.com\/fi\/#organization\"},\"potentialAction\":[{\"@type\":\"SearchAction\",\"target\":{\"@type\":\"EntryPoint\",\"urlTemplate\":\"https:\/\/senbera.com\/fi\/?s={search_term_string}\"},\"query-input\":{\"@type\":\"PropertyValueSpecification\",\"valueRequired\":true,\"valueName\":\"search_term_string\"}}],\"inLanguage\":\"fi\"},{\"@type\":\"Organization\",\"@id\":\"https:\/\/senbera.com\/fi\/#organization\",\"name\":\"Mekulo\",\"url\":\"https:\/\/senbera.com\/fi\/\",\"logo\":{\"@type\":\"ImageObject\",\"inLanguage\":\"fi\",\"@id\":\"https:\/\/senbera.com\/fi\/#\/schema\/logo\/image\/\",\"url\":\"https:\/\/senbera.com\/fi\/wp-content\/uploads\/sites\/19\/2025\/12\/favicon_mekulo.png\",\"contentUrl\":\"https:\/\/senbera.com\/fi\/wp-content\/uploads\/sites\/19\/2025\/12\/favicon_mekulo.png\",\"width\":50,\"height\":50,\"caption\":\"Mekulo\"},\"image\":{\"@id\":\"https:\/\/senbera.com\/fi\/#\/schema\/logo\/image\/\"}}]}<\/script>\n<!-- \/ Yoast SEO plugin. -->","yoast_head_json":{"title":"P\u00e4\u00e4nauha - Senbera FI","robots":{"index":"index","follow":"follow","max-snippet":"max-snippet:-1","max-image-preview":"max-image-preview:large","max-video-preview":"max-video-preview:-1"},"canonical":"https:\/\/senbera.com\/fi\/tuote\/paanauha\/","og_locale":"fi_FI","og_type":"article","og_title":"P\u00e4\u00e4nauha - Senbera FI","og_description":"Muotoile Hiuksesi Sekunneissa \u2013 Kaksoisklipsill\u00e4 Varustetulla Hiuspannalla! Pysy s\u00f6p\u00f6n\u00e4, mukavana ja hallitsevana. T\u00e4m\u00e4 hiuspanta on kevyt, vahva ja eritt\u00e4in helppok\u00e4ytt\u00f6inen. [&hellip;]","og_url":"https:\/\/senbera.com\/fi\/tuote\/paanauha\/","og_site_name":"Senbera FI","article_modified_time":"2026-01-15T17:28:15+00:00","twitter_card":"summary_large_image","twitter_misc":{"Arvioitu lukuaika":"1 minuutti"},"schema":{"@context":"https:\/\/schema.org","@graph":[{"@type":"WebPage","@id":"https:\/\/senbera.com\/fi\/tuote\/paanauha\/","url":"https:\/\/senbera.com\/fi\/tuote\/paanauha\/","name":"P\u00e4\u00e4nauha - Senbera FI","isPartOf":{"@id":"https:\/\/senbera.com\/fi\/#website"},"primaryImageOfPage":{"@id":"https:\/\/senbera.com\/fi\/tuote\/paanauha\/#primaryimage"},"image":{"@id":"https:\/\/senbera.com\/fi\/tuote\/paanauha\/#primaryimage"},"thumbnailUrl":"https:\/\/senbera.com\/fi\/wp-content\/uploads\/sites\/19\/2026\/01\/ok8jfz1-1.webp","datePublished":"2026-01-15T17:28:08+00:00","dateModified":"2026-01-15T17:28:15+00:00","breadcrumb":{"@id":"https:\/\/senbera.com\/fi\/tuote\/paanauha\/#breadcrumb"},"inLanguage":"fi","potentialAction":[{"@type":"ReadAction","target":["https:\/\/senbera.com\/fi\/tuote\/paanauha\/"]}]},{"@type":"ImageObject","inLanguage":"fi","@id":"https:\/\/senbera.com\/fi\/tuote\/paanauha\/#primaryimage","url":"https:\/\/senbera.com\/fi\/wp-content\/uploads\/sites\/19\/2026\/01\/ok8jfz1-1.webp","contentUrl":"https:\/\/senbera.com\/fi\/wp-content\/uploads\/sites\/19\/2026\/01\/ok8jfz1-1.webp","width":999,"height":890},{"@type":"BreadcrumbList","@id":"https:\/\/senbera.com\/fi\/tuote\/paanauha\/#breadcrumb","itemListElement":[{"@type":"ListItem","position":1,"name":"Home","item":"https:\/\/senbera.com\/fi\/"},{"@type":"ListItem","position":2,"name":"Kauppa","item":"https:\/\/senbera.com\/fi\/kauppa\/"},{"@type":"ListItem","position":3,"name":"P\u00e4\u00e4nauha"}]},{"@type":"WebSite","@id":"https:\/\/senbera.com\/fi\/#website","url":"https:\/\/senbera.com\/fi\/","name":"Senbera FI","description":"","publisher":{"@id":"https:\/\/senbera.com\/fi\/#organization"},"potentialAction":[{"@type":"SearchAction","target":{"@type":"EntryPoint","urlTemplate":"https:\/\/senbera.com\/fi\/?s={search_term_string}"},"query-input":{"@type":"PropertyValueSpecification","valueRequired":true,"valueName":"search_term_string"}}],"inLanguage":"fi"},{"@type":"Organization","@id":"https:\/\/senbera.com\/fi\/#organization","name":"Mekulo","url":"https:\/\/senbera.com\/fi\/","logo":{"@type":"ImageObject","inLanguage":"fi","@id":"https:\/\/senbera.com\/fi\/#\/schema\/logo\/image\/","url":"https:\/\/senbera.com\/fi\/wp-content\/uploads\/sites\/19\/2025\/12\/favicon_mekulo.png","contentUrl":"https:\/\/senbera.com\/fi\/wp-content\/uploads\/sites\/19\/2025\/12\/favicon_mekulo.png","width":50,"height":50,"caption":"Mekulo"},"image":{"@id":"https:\/\/senbera.com\/fi\/#\/schema\/logo\/image\/"}}]}},"_links":{"self":[{"href":"https:\/\/senbera.com\/fi\/wp-json\/wp\/v2\/product\/19723","targetHints":{"allow":["GET"]}}],"collection":[{"href":"https:\/\/senbera.com\/fi\/wp-json\/wp\/v2\/product"}],"about":[{"href":"https:\/\/senbera.com\/fi\/wp-json\/wp\/v2\/types\/product"}],"replies":[{"embeddable":true,"href":"https:\/\/senbera.com\/fi\/wp-json\/wp\/v2\/comments?post=19723"}],"wp:featuredmedia":[{"embeddable":true,"href":"https:\/\/senbera.com\/fi\/wp-json\/wp\/v2\/media\/19719"}],"wp:attachment":[{"href":"https:\/\/senbera.com\/fi\/wp-json\/wp\/v2\/media?parent=19723"}],"wp:term":[{"taxonomy":"product_brand","embeddable":true,"href":"https:\/\/senbera.com\/fi\/wp-json\/wp\/v2\/product_brand?post=19723"},{"taxonomy":"product_cat","embeddable":true,"href":"https:\/\/senbera.com\/fi\/wp-json\/wp\/v2\/product_cat?post=19723"},{"taxonomy":"product_tag","embeddable":true,"href":"https:\/\/senbera.com\/fi\/wp-json\/wp\/v2\/product_tag?post=19723"}],"curies":[{"name":"wp","href":"https:\/\/api.w.org\/{rel}","templated":true}]}}