{"id":19710,"date":"2026-01-15T11:51:02","date_gmt":"2026-01-15T09:51:02","guid":{"rendered":"https:\/\/senbera.com\/fi\/tuote\/laattaleikkuri-kyna\/"},"modified":"2026-01-15T11:51:09","modified_gmt":"2026-01-15T09:51:09","slug":"laattaleikkuri-kyna","status":"publish","type":"product","link":"https:\/\/senbera.com\/fi\/tuote\/laattaleikkuri-kyna\/","title":{"rendered":"Laattaleikkuri kyn\u00e4"},"content":{"rendered":"<h2 style=\"text-align: center\">Ter\u00e4v\u00e4 Ja Vahva Apuri Tasaisiin Merkint\u00f6ihin<\/h2>\n<p style=\"text-align: center\"><span style=\"font-weight: 400\">T\u00e4m\u00e4n kyn\u00e4n avulla laattojen ja lasin leikkaaminen ja merkitseminen on eritt\u00e4in helppoa. Se n\u00e4ytt\u00e4\u00e4 tavalliselta kyn\u00e4lt\u00e4, mutta se on tehty koviin t\u00f6ihin!<\/span><\/p>\n<h2 style=\"text-align: center\"><img decoding=\"async\" class=\"size-full wp-image-16845 aligncenter\" src=\"https:\/\/keluvo.com\/template\/wp-content\/uploads\/sites\/5\/2025\/04\/juWCpobP30OMUgaczT20-Trim-ezgif.com-video-to-webp-converter-1.webp\" alt=\"\" \/>T\u00e4rkeimm\u00e4t Edut<\/h2>\n<p><b>\u2714 Merkitsee kovat pinnat nopeasti<\/b><span style=\"font-weight: 400\"> \u2013 Toimii kaakeleihin, lasiin, ter\u00e4kseen ja jopa marmoriin<\/span><\/p>\n<p><b>\u2714 Vahva ja pitk\u00e4ik\u00e4inen<\/b><span style=\"font-weight: 400\"> \u2013 Valmistettu kovasta volframiter\u00e4ksest\u00e4, joka ei kulu<\/span><\/p>\n<p><b>\u2714 Helppo kuljettaa mukana<\/b><span style=\"font-weight: 400\"> \u2013 Aivan kuin kyn\u00e4, kiinnit\u00e4 se taskuusi ja l\u00e4hde matkaan<\/span><\/p>\n<p><b>\u2714 Mukava k\u00e4ytt\u00e4\u00e4<\/b><span style=\"font-weight: 400\"> \u2013 Liukumaton ote ja sile\u00e4 k\u00e4rki helpottavat hallintaa<\/span><\/p>\n<p><b>\u2714 Tarkat ja sile\u00e4t viivat<\/b><span style=\"font-weight: 400\"> \u2013 Yksi pyyhk\u00e4isy riitt\u00e4\u00e4 j\u00e4tt\u00e4m\u00e4\u00e4n puhtaan j\u00e4ljen<\/span><\/p>\n<h2 style=\"text-align: center\"><img decoding=\"async\" class=\"size-full wp-image-16843 aligncenter\" src=\"https:\/\/keluvo.com\/template\/wp-content\/uploads\/sites\/5\/2025\/04\/ads-Trim-ezgif.com-video-to-webp-converter-1.webp\" alt=\"\" \/>Yksinkertainen Ty\u00f6kalu Isoon Ty\u00f6h\u00f6n!<\/h2>\n<p style=\"text-align: center\"><span style=\"font-weight: 400\">Tarvitsetko yksinkertaisen ty\u00f6kalun, joka tekee ison ty\u00f6n? T\u00e4m\u00e4 laattaleikkuri-kyn\u00e4 sopii t\u00e4ydellisesti rakentajille, askartelijoille tai DIY-rakastajille. Se on pieni, vahva ja eritt\u00e4in k\u00e4tev\u00e4 nopeiden ja tarkkojen merkkien tekemiseen metalliin, kaakeleihin tai lasiin. Ty\u00f6skentelitp\u00e4 sitten kotona tai ty\u00f6maalla, t\u00e4m\u00e4 ty\u00f6kalu on aina valmiina auttamaan.<\/span><\/p>\n<h2 style=\"text-align: center\"><img decoding=\"async\" class=\"size-full wp-image-16272 aligncenter\" src=\"https:\/\/keluvo.com\/template\/wp-content\/uploads\/sites\/5\/2025\/04\/77433b1d-3f60-4f43-bffb-dfb31dc6df7a.webp.jpg\" alt=\"\" \/>K\u00e4ytt\u00f6<\/h2>\n<ol>\n<li style=\"font-weight: 400\"><span style=\"font-weight: 400\">Kannattaa sit\u00e4 kuin tavallista kyn\u00e4\u00e4.<\/span><\/li>\n<li style=\"font-weight: 400\"><span style=\"font-weight: 400\">Paina kevyesti pintaa vasten.<\/span><span style=\"font-weight: 400\"><br \/>\n<\/span><\/li>\n<li style=\"font-weight: 400\"><span style=\"font-weight: 400\">Piirr\u00e4 viiva tai merkki sinne, miss\u00e4 sit\u00e4 tarvitaan.<\/span><span style=\"font-weight: 400\"><br \/>\n<\/span><\/li>\n<li style=\"font-weight: 400\"><span style=\"font-weight: 400\">Valmis! Olet valmis leikkaamaan tai mittaamaan.<\/span><\/li>\n<\/ol>\n<h2 style=\"text-align: center\">Pakkaus Sis\u00e4lt\u00e4\u00e4<\/h2>\n<p style=\"text-align: center\"><span style=\"font-weight: 400\">Kun ostat t\u00e4m\u00e4n tuotteen, saat:<\/span><\/p>\n<ul>\n<li style=\"font-weight: 400\"><span style=\"font-weight: 400\">1x rile cutter pen (145mm).<\/span><\/li>\n<\/ul>\n","protected":false},"excerpt":{"rendered":"<p>Ter\u00e4v\u00e4 Ja Vahva Apuri Tasaisiin Merkint\u00f6ihin T\u00e4m\u00e4n kyn\u00e4n avulla laattojen ja lasin leikkaaminen ja merkitseminen on eritt\u00e4in helppoa. Se n\u00e4ytt\u00e4\u00e4 [&hellip;]<\/p>\n","protected":false},"featured_media":19706,"comment_status":"open","ping_status":"closed","template":"","meta":{"site-sidebar-layout":"default","site-content-layout":"","ast-site-content-layout":"default","site-content-style":"default","site-sidebar-style":"default","ast-global-header-display":"","ast-banner-title-visibility":"","ast-main-header-display":"","ast-hfb-above-header-display":"","ast-hfb-below-header-display":"","ast-hfb-mobile-header-display":"","site-post-title":"","ast-breadcrumbs-content":"","ast-featured-img":"","footer-sml-layout":"","theme-transparent-header-meta":"default","adv-header-id-meta":"","stick-header-meta":"","header-above-stick-meta":"","header-main-stick-meta":"","header-below-stick-meta":"","astra-migrate-meta-layouts":"set","ast-page-background-enabled":"default","ast-page-background-meta":{"desktop":{"background-color":"var(--ast-global-color-5)","background-image":"","background-repeat":"repeat","background-position":"center center","background-size":"auto","background-attachment":"scroll","background-type":"","background-media":"","overlay-type":"","overlay-color":"","overlay-opacity":"","overlay-gradient":""},"tablet":{"background-color":"","background-image":"","background-repeat":"repeat","background-position":"center center","background-size":"auto","background-attachment":"scroll","background-type":"","background-media":"","overlay-type":"","overlay-color":"","overlay-opacity":"","overlay-gradient":""},"mobile":{"background-color":"","background-image":"","background-repeat":"repeat","background-position":"center center","background-size":"auto","background-attachment":"scroll","background-type":"","background-media":"","overlay-type":"","overlay-color":"","overlay-opacity":"","overlay-gradient":""}},"ast-content-background-meta":{"desktop":{"background-color":"var(--ast-global-color-4)","background-image":"","background-repeat":"repeat","background-position":"center center","background-size":"auto","background-attachment":"scroll","background-type":"","background-media":"","overlay-type":"","overlay-color":"","overlay-opacity":"","overlay-gradient":""},"tablet":{"background-color":"var(--ast-global-color-4)","background-image":"","background-repeat":"repeat","background-position":"center center","background-size":"auto","background-attachment":"scroll","background-type":"","background-media":"","overlay-type":"","overlay-color":"","overlay-opacity":"","overlay-gradient":""},"mobile":{"background-color":"var(--ast-global-color-4)","background-image":"","background-repeat":"repeat","background-position":"center center","background-size":"auto","background-attachment":"scroll","background-type":"","background-media":"","overlay-type":"","overlay-color":"","overlay-opacity":"","overlay-gradient":""}}},"product_brand":[],"product_cat":[15],"product_tag":[],"class_list":{"0":"post-19710","1":"product","2":"type-product","3":"status-publish","4":"has-post-thumbnail","6":"product_cat-luokittelematon","7":"pa_42983_hiywf3jz-hopea","8":"pa_42983_hiywf3jz-kulta","9":"desktop-align-left","10":"tablet-align-left","11":"mobile-align-left","13":"first","14":"instock","15":"shipping-taxable","16":"purchasable","17":"product-type-variable"},"yoast_head":"<!-- This site is optimized with the Yoast SEO plugin v26.6 - https:\/\/yoast.com\/wordpress\/plugins\/seo\/ -->\n<title>Laattaleikkuri kyn\u00e4 - Senbera FI<\/title>\n<meta name=\"robots\" content=\"index, follow, max-snippet:-1, max-image-preview:large, max-video-preview:-1\" \/>\n<link rel=\"canonical\" href=\"https:\/\/senbera.com\/fi\/tuote\/laattaleikkuri-kyna\/\" \/>\n<meta property=\"og:locale\" content=\"fi_FI\" \/>\n<meta property=\"og:type\" content=\"article\" \/>\n<meta property=\"og:title\" content=\"Laattaleikkuri kyn\u00e4 - Senbera FI\" \/>\n<meta property=\"og:description\" content=\"Ter\u00e4v\u00e4 Ja Vahva Apuri Tasaisiin Merkint\u00f6ihin T\u00e4m\u00e4n kyn\u00e4n avulla laattojen ja lasin leikkaaminen ja merkitseminen on eritt\u00e4in helppoa. Se n\u00e4ytt\u00e4\u00e4 [&hellip;]\" \/>\n<meta property=\"og:url\" content=\"https:\/\/senbera.com\/fi\/tuote\/laattaleikkuri-kyna\/\" \/>\n<meta property=\"og:site_name\" content=\"Senbera FI\" \/>\n<meta property=\"article:modified_time\" content=\"2026-01-15T09:51:09+00:00\" \/>\n<meta name=\"twitter:card\" content=\"summary_large_image\" \/>\n<meta name=\"twitter:label1\" content=\"Arvioitu lukuaika\" \/>\n\t<meta name=\"twitter:data1\" content=\"1 minuutti\" \/>\n<script type=\"application\/ld+json\" class=\"yoast-schema-graph\">{\"@context\":\"https:\/\/schema.org\",\"@graph\":[{\"@type\":\"WebPage\",\"@id\":\"https:\/\/senbera.com\/fi\/tuote\/laattaleikkuri-kyna\/\",\"url\":\"https:\/\/senbera.com\/fi\/tuote\/laattaleikkuri-kyna\/\",\"name\":\"Laattaleikkuri kyn\u00e4 - Senbera FI\",\"isPartOf\":{\"@id\":\"https:\/\/senbera.com\/fi\/#website\"},\"primaryImageOfPage\":{\"@id\":\"https:\/\/senbera.com\/fi\/tuote\/laattaleikkuri-kyna\/#primaryimage\"},\"image\":{\"@id\":\"https:\/\/senbera.com\/fi\/tuote\/laattaleikkuri-kyna\/#primaryimage\"},\"thumbnailUrl\":\"https:\/\/senbera.com\/fi\/wp-content\/uploads\/sites\/19\/2026\/01\/7f9nwra-1.jpg\",\"datePublished\":\"2026-01-15T09:51:02+00:00\",\"dateModified\":\"2026-01-15T09:51:09+00:00\",\"breadcrumb\":{\"@id\":\"https:\/\/senbera.com\/fi\/tuote\/laattaleikkuri-kyna\/#breadcrumb\"},\"inLanguage\":\"fi\",\"potentialAction\":[{\"@type\":\"ReadAction\",\"target\":[\"https:\/\/senbera.com\/fi\/tuote\/laattaleikkuri-kyna\/\"]}]},{\"@type\":\"ImageObject\",\"inLanguage\":\"fi\",\"@id\":\"https:\/\/senbera.com\/fi\/tuote\/laattaleikkuri-kyna\/#primaryimage\",\"url\":\"https:\/\/senbera.com\/fi\/wp-content\/uploads\/sites\/19\/2026\/01\/7f9nwra-1.jpg\",\"contentUrl\":\"https:\/\/senbera.com\/fi\/wp-content\/uploads\/sites\/19\/2026\/01\/7f9nwra-1.jpg\",\"width\":540,\"height\":540},{\"@type\":\"BreadcrumbList\",\"@id\":\"https:\/\/senbera.com\/fi\/tuote\/laattaleikkuri-kyna\/#breadcrumb\",\"itemListElement\":[{\"@type\":\"ListItem\",\"position\":1,\"name\":\"Home\",\"item\":\"https:\/\/senbera.com\/fi\/\"},{\"@type\":\"ListItem\",\"position\":2,\"name\":\"Kauppa\",\"item\":\"https:\/\/senbera.com\/fi\/kauppa\/\"},{\"@type\":\"ListItem\",\"position\":3,\"name\":\"Laattaleikkuri kyn\u00e4\"}]},{\"@type\":\"WebSite\",\"@id\":\"https:\/\/senbera.com\/fi\/#website\",\"url\":\"https:\/\/senbera.com\/fi\/\",\"name\":\"Senbera FI\",\"description\":\"\",\"publisher\":{\"@id\":\"https:\/\/senbera.com\/fi\/#organization\"},\"potentialAction\":[{\"@type\":\"SearchAction\",\"target\":{\"@type\":\"EntryPoint\",\"urlTemplate\":\"https:\/\/senbera.com\/fi\/?s={search_term_string}\"},\"query-input\":{\"@type\":\"PropertyValueSpecification\",\"valueRequired\":true,\"valueName\":\"search_term_string\"}}],\"inLanguage\":\"fi\"},{\"@type\":\"Organization\",\"@id\":\"https:\/\/senbera.com\/fi\/#organization\",\"name\":\"Mekulo\",\"url\":\"https:\/\/senbera.com\/fi\/\",\"logo\":{\"@type\":\"ImageObject\",\"inLanguage\":\"fi\",\"@id\":\"https:\/\/senbera.com\/fi\/#\/schema\/logo\/image\/\",\"url\":\"https:\/\/senbera.com\/fi\/wp-content\/uploads\/sites\/19\/2025\/12\/favicon_mekulo.png\",\"contentUrl\":\"https:\/\/senbera.com\/fi\/wp-content\/uploads\/sites\/19\/2025\/12\/favicon_mekulo.png\",\"width\":50,\"height\":50,\"caption\":\"Mekulo\"},\"image\":{\"@id\":\"https:\/\/senbera.com\/fi\/#\/schema\/logo\/image\/\"}}]}<\/script>\n<!-- \/ Yoast SEO plugin. -->","yoast_head_json":{"title":"Laattaleikkuri kyn\u00e4 - Senbera FI","robots":{"index":"index","follow":"follow","max-snippet":"max-snippet:-1","max-image-preview":"max-image-preview:large","max-video-preview":"max-video-preview:-1"},"canonical":"https:\/\/senbera.com\/fi\/tuote\/laattaleikkuri-kyna\/","og_locale":"fi_FI","og_type":"article","og_title":"Laattaleikkuri kyn\u00e4 - Senbera FI","og_description":"Ter\u00e4v\u00e4 Ja Vahva Apuri Tasaisiin Merkint\u00f6ihin T\u00e4m\u00e4n kyn\u00e4n avulla laattojen ja lasin leikkaaminen ja merkitseminen on eritt\u00e4in helppoa. Se n\u00e4ytt\u00e4\u00e4 [&hellip;]","og_url":"https:\/\/senbera.com\/fi\/tuote\/laattaleikkuri-kyna\/","og_site_name":"Senbera FI","article_modified_time":"2026-01-15T09:51:09+00:00","twitter_card":"summary_large_image","twitter_misc":{"Arvioitu lukuaika":"1 minuutti"},"schema":{"@context":"https:\/\/schema.org","@graph":[{"@type":"WebPage","@id":"https:\/\/senbera.com\/fi\/tuote\/laattaleikkuri-kyna\/","url":"https:\/\/senbera.com\/fi\/tuote\/laattaleikkuri-kyna\/","name":"Laattaleikkuri kyn\u00e4 - Senbera FI","isPartOf":{"@id":"https:\/\/senbera.com\/fi\/#website"},"primaryImageOfPage":{"@id":"https:\/\/senbera.com\/fi\/tuote\/laattaleikkuri-kyna\/#primaryimage"},"image":{"@id":"https:\/\/senbera.com\/fi\/tuote\/laattaleikkuri-kyna\/#primaryimage"},"thumbnailUrl":"https:\/\/senbera.com\/fi\/wp-content\/uploads\/sites\/19\/2026\/01\/7f9nwra-1.jpg","datePublished":"2026-01-15T09:51:02+00:00","dateModified":"2026-01-15T09:51:09+00:00","breadcrumb":{"@id":"https:\/\/senbera.com\/fi\/tuote\/laattaleikkuri-kyna\/#breadcrumb"},"inLanguage":"fi","potentialAction":[{"@type":"ReadAction","target":["https:\/\/senbera.com\/fi\/tuote\/laattaleikkuri-kyna\/"]}]},{"@type":"ImageObject","inLanguage":"fi","@id":"https:\/\/senbera.com\/fi\/tuote\/laattaleikkuri-kyna\/#primaryimage","url":"https:\/\/senbera.com\/fi\/wp-content\/uploads\/sites\/19\/2026\/01\/7f9nwra-1.jpg","contentUrl":"https:\/\/senbera.com\/fi\/wp-content\/uploads\/sites\/19\/2026\/01\/7f9nwra-1.jpg","width":540,"height":540},{"@type":"BreadcrumbList","@id":"https:\/\/senbera.com\/fi\/tuote\/laattaleikkuri-kyna\/#breadcrumb","itemListElement":[{"@type":"ListItem","position":1,"name":"Home","item":"https:\/\/senbera.com\/fi\/"},{"@type":"ListItem","position":2,"name":"Kauppa","item":"https:\/\/senbera.com\/fi\/kauppa\/"},{"@type":"ListItem","position":3,"name":"Laattaleikkuri kyn\u00e4"}]},{"@type":"WebSite","@id":"https:\/\/senbera.com\/fi\/#website","url":"https:\/\/senbera.com\/fi\/","name":"Senbera FI","description":"","publisher":{"@id":"https:\/\/senbera.com\/fi\/#organization"},"potentialAction":[{"@type":"SearchAction","target":{"@type":"EntryPoint","urlTemplate":"https:\/\/senbera.com\/fi\/?s={search_term_string}"},"query-input":{"@type":"PropertyValueSpecification","valueRequired":true,"valueName":"search_term_string"}}],"inLanguage":"fi"},{"@type":"Organization","@id":"https:\/\/senbera.com\/fi\/#organization","name":"Mekulo","url":"https:\/\/senbera.com\/fi\/","logo":{"@type":"ImageObject","inLanguage":"fi","@id":"https:\/\/senbera.com\/fi\/#\/schema\/logo\/image\/","url":"https:\/\/senbera.com\/fi\/wp-content\/uploads\/sites\/19\/2025\/12\/favicon_mekulo.png","contentUrl":"https:\/\/senbera.com\/fi\/wp-content\/uploads\/sites\/19\/2025\/12\/favicon_mekulo.png","width":50,"height":50,"caption":"Mekulo"},"image":{"@id":"https:\/\/senbera.com\/fi\/#\/schema\/logo\/image\/"}}]}},"_links":{"self":[{"href":"https:\/\/senbera.com\/fi\/wp-json\/wp\/v2\/product\/19710","targetHints":{"allow":["GET"]}}],"collection":[{"href":"https:\/\/senbera.com\/fi\/wp-json\/wp\/v2\/product"}],"about":[{"href":"https:\/\/senbera.com\/fi\/wp-json\/wp\/v2\/types\/product"}],"replies":[{"embeddable":true,"href":"https:\/\/senbera.com\/fi\/wp-json\/wp\/v2\/comments?post=19710"}],"wp:featuredmedia":[{"embeddable":true,"href":"https:\/\/senbera.com\/fi\/wp-json\/wp\/v2\/media\/19706"}],"wp:attachment":[{"href":"https:\/\/senbera.com\/fi\/wp-json\/wp\/v2\/media?parent=19710"}],"wp:term":[{"taxonomy":"product_brand","embeddable":true,"href":"https:\/\/senbera.com\/fi\/wp-json\/wp\/v2\/product_brand?post=19710"},{"taxonomy":"product_cat","embeddable":true,"href":"https:\/\/senbera.com\/fi\/wp-json\/wp\/v2\/product_cat?post=19710"},{"taxonomy":"product_tag","embeddable":true,"href":"https:\/\/senbera.com\/fi\/wp-json\/wp\/v2\/product_tag?post=19710"}],"curies":[{"name":"wp","href":"https:\/\/api.w.org\/{rel}","templated":true}]}}