{"id":19691,"date":"2026-01-15T11:49:58","date_gmt":"2026-01-15T09:49:58","guid":{"rendered":"https:\/\/senbera.com\/fi\/tuote\/kenkien-korjauslaastarit\/"},"modified":"2026-01-15T11:50:17","modified_gmt":"2026-01-15T09:50:17","slug":"kenkien-korjauslaastarit","status":"publish","type":"product","link":"https:\/\/senbera.com\/fi\/tuote\/kenkien-korjauslaastarit\/","title":{"rendered":"Kenkien korjauslaastarit"},"content":{"rendered":"<p style=\"text-align: center\"><b>\ud83d\udc5e Korjaa kenk\u00e4si nopeasti &#8211; keng\u00e4nkorjauslaastarilla! \ud83d\udc5f<\/b><\/p>\n<p style=\"text-align: center\"><span style=\"font-weight: 400\">T\u00e4m\u00e4 laastari auttaa korjaamaan kuluneita kohtia kenkiesi sis\u00e4ll\u00e4. Kiinnit\u00e4 laastari vain paikalleen ja kenk\u00e4si tuntuvat taas uusilta. Ei liimaa, ei ty\u00f6kaluja, vain kuori ja liimaa.<\/span><\/p>\n<p><img decoding=\"async\" class=\"size-full wp-image-15744 aligncenter\" src=\"https:\/\/keluvo.com\/template\/wp-content\/uploads\/sites\/5\/2025\/04\/shoe-ezgif.com-video-to-webp-converter.webp\" alt=\"\" \/><\/p>\n<h2 style=\"text-align: center\">T\u00e4rkeimm\u00e4t Edut<\/h2>\n<p><b><\/b><span style=\"font-weight: 400\"> \u2705 <\/span><b>Korjaa keng\u00e4n rei\u00e4t nopeasti<\/b><span style=\"font-weight: 400\"> &#8211; Peitt\u00e4\u00e4 kuluneet tai repeytyneet kohdat keng\u00e4n sis\u00e4ll\u00e4<\/span><\/p>\n<p><span style=\"font-weight: 400\"> \u2705 <\/span><b>Saa keng\u00e4t kest\u00e4m\u00e4\u00e4n pidemp\u00e4\u00e4n<\/b><span style=\"font-weight: 400\"> &#8211; Suojaa kantap\u00e4\u00e4t ja varpaat kulumiselta<\/span><\/p>\n<p><span style=\"font-weight: 400\"> \u2705 <\/span><b>Helppo k\u00e4ytt\u00e4\u00e4<\/b><span style=\"font-weight: 400\"> &#8211; Vain kuori ja liimaa, ei sotkua tai liimaa<\/span><\/p>\n<p><span style=\"font-weight: 400\"> \u2705 <\/span><b>Tuntuu pehme\u00e4lt\u00e4 ja mukavalta<\/b><span style=\"font-weight: 400\"> &#8211; Valmistettu hengitt\u00e4v\u00e4st\u00e4, pehme\u00e4st\u00e4 kuitunahasta<\/span><\/p>\n<p><span style=\"font-weight: 400\"> \u2705 <\/span><b>Sulautuu t\u00e4ydellisesti<\/b><span style=\"font-weight: 400\"> &#8211; Toimii l\u00e4hes kaikkiin kenk\u00e4tyyppeihin ja -v\u00e4reihin<\/span><\/p>\n<p><img decoding=\"async\" class=\"size-full wp-image-15748 aligncenter\" src=\"https:\/\/keluvo.com\/template\/wp-content\/uploads\/sites\/5\/2025\/04\/e66c9af8-3e2a-4c8d-87a3-fe8f331bcb0f.webp\" alt=\"\" \/><\/p>\n<h2 style=\"text-align: center\">Hyv\u00e4 Korjaus Kaikkiin Kenkiin!<\/h2>\n<p style=\"text-align: center\"><span style=\"font-weight: 400\">T\u00e4m\u00e4 tuote on t\u00e4ydellinen, jos kenk\u00e4si kuluvat sis\u00e4lt\u00e4. Olipa kyse sitten kantap\u00e4\u00e4st\u00e4, varpaista tai sivusta, kiinnit\u00e4 laastari ja k\u00e4yt\u00e4 kenki\u00e4si edelleen kuin mit\u00e4\u00e4n ei olisi tapahtunutkaan! Soveltuu erinomaisesti lenkkareihin, saappaisiin, korkokenkiin ja paljon muuhun.<\/span><\/p>\n<h2 style=\"text-align: center\">K\u00e4ytt\u00f6<\/h2>\n<ol>\n<li style=\"font-weight: 400\"><span style=\"font-weight: 400\">Poimi kuluneeseen kohtaan sopiva laastari.<\/span><\/li>\n<li style=\"font-weight: 400\"><span style=\"font-weight: 400\">Kuori takapaperi irti.<\/span><\/li>\n<li style=\"font-weight: 400\"><span style=\"font-weight: 400\">Kiinnit\u00e4 se tiukasti keng\u00e4n sis\u00e4puolelle.<\/span><\/li>\n<li style=\"font-weight: 400\"><span style=\"font-weight: 400\">Paina sit\u00e4 alasp\u00e4in muutaman sekunnin ajan &#8211; valmis!<\/span><\/li>\n<\/ol>\n<h2 style=\"text-align: center\">Pakkaus Sis\u00e4lt\u00e4\u00e4<\/h2>\n<ul>\n<li style=\"font-weight: 400\"><span style=\"font-weight: 400\">4x itseliimautuvaa keng\u00e4nkorjauslaastaria\u00a0<\/span><\/li>\n<\/ul>\n","protected":false},"excerpt":{"rendered":"<p>\ud83d\udc5e Korjaa kenk\u00e4si nopeasti &#8211; keng\u00e4nkorjauslaastarilla! \ud83d\udc5f T\u00e4m\u00e4 laastari auttaa korjaamaan kuluneita kohtia kenkiesi sis\u00e4ll\u00e4. Kiinnit\u00e4 laastari vain paikalleen ja [&hellip;]<\/p>\n","protected":false},"featured_media":19687,"comment_status":"open","ping_status":"closed","template":"","meta":{"site-sidebar-layout":"default","site-content-layout":"","ast-site-content-layout":"default","site-content-style":"default","site-sidebar-style":"default","ast-global-header-display":"","ast-banner-title-visibility":"","ast-main-header-display":"","ast-hfb-above-header-display":"","ast-hfb-below-header-display":"","ast-hfb-mobile-header-display":"","site-post-title":"","ast-breadcrumbs-content":"","ast-featured-img":"","footer-sml-layout":"","theme-transparent-header-meta":"default","adv-header-id-meta":"","stick-header-meta":"","header-above-stick-meta":"","header-main-stick-meta":"","header-below-stick-meta":"","astra-migrate-meta-layouts":"set","ast-page-background-enabled":"default","ast-page-background-meta":{"desktop":{"background-color":"var(--ast-global-color-5)","background-image":"","background-repeat":"repeat","background-position":"center center","background-size":"auto","background-attachment":"scroll","background-type":"","background-media":"","overlay-type":"","overlay-color":"","overlay-opacity":"","overlay-gradient":""},"tablet":{"background-color":"","background-image":"","background-repeat":"repeat","background-position":"center center","background-size":"auto","background-attachment":"scroll","background-type":"","background-media":"","overlay-type":"","overlay-color":"","overlay-opacity":"","overlay-gradient":""},"mobile":{"background-color":"","background-image":"","background-repeat":"repeat","background-position":"center center","background-size":"auto","background-attachment":"scroll","background-type":"","background-media":"","overlay-type":"","overlay-color":"","overlay-opacity":"","overlay-gradient":""}},"ast-content-background-meta":{"desktop":{"background-color":"var(--ast-global-color-4)","background-image":"","background-repeat":"repeat","background-position":"center center","background-size":"auto","background-attachment":"scroll","background-type":"","background-media":"","overlay-type":"","overlay-color":"","overlay-opacity":"","overlay-gradient":""},"tablet":{"background-color":"var(--ast-global-color-4)","background-image":"","background-repeat":"repeat","background-position":"center center","background-size":"auto","background-attachment":"scroll","background-type":"","background-media":"","overlay-type":"","overlay-color":"","overlay-opacity":"","overlay-gradient":""},"mobile":{"background-color":"var(--ast-global-color-4)","background-image":"","background-repeat":"repeat","background-position":"center center","background-size":"auto","background-attachment":"scroll","background-type":"","background-media":"","overlay-type":"","overlay-color":"","overlay-opacity":"","overlay-gradient":""}}},"product_brand":[],"product_cat":[15],"product_tag":[],"class_list":{"0":"post-19691","1":"product","2":"type-product","3":"status-publish","4":"has-post-thumbnail","6":"product_cat-luokittelematon","7":"pa_16315_dchx23g1-beige","8":"pa_16315_dchx23g1-harmaa","9":"pa_16315_dchx23g1-musta","10":"pa_16315_dchx23g1-punainen","11":"pa_16315_dchx23g1-valkoinen","12":"desktop-align-left","13":"tablet-align-left","14":"mobile-align-left","16":"first","17":"instock","18":"shipping-taxable","19":"purchasable","20":"product-type-variable"},"yoast_head":"<!-- This site is optimized with the Yoast SEO plugin v26.6 - https:\/\/yoast.com\/wordpress\/plugins\/seo\/ -->\n<title>Kenkien korjauslaastarit - Senbera FI<\/title>\n<meta name=\"robots\" content=\"index, follow, max-snippet:-1, max-image-preview:large, max-video-preview:-1\" \/>\n<link rel=\"canonical\" href=\"https:\/\/senbera.com\/fi\/tuote\/kenkien-korjauslaastarit\/\" \/>\n<meta property=\"og:locale\" content=\"fi_FI\" \/>\n<meta property=\"og:type\" content=\"article\" \/>\n<meta property=\"og:title\" content=\"Kenkien korjauslaastarit - Senbera FI\" \/>\n<meta property=\"og:description\" content=\"\ud83d\udc5e Korjaa kenk\u00e4si nopeasti &#8211; keng\u00e4nkorjauslaastarilla! \ud83d\udc5f T\u00e4m\u00e4 laastari auttaa korjaamaan kuluneita kohtia kenkiesi sis\u00e4ll\u00e4. Kiinnit\u00e4 laastari vain paikalleen ja [&hellip;]\" \/>\n<meta property=\"og:url\" content=\"https:\/\/senbera.com\/fi\/tuote\/kenkien-korjauslaastarit\/\" \/>\n<meta property=\"og:site_name\" content=\"Senbera FI\" \/>\n<meta property=\"article:modified_time\" content=\"2026-01-15T09:50:17+00:00\" \/>\n<meta name=\"twitter:card\" content=\"summary_large_image\" \/>\n<meta name=\"twitter:label1\" content=\"Arvioitu lukuaika\" \/>\n\t<meta name=\"twitter:data1\" content=\"1 minuutti\" \/>\n<script type=\"application\/ld+json\" class=\"yoast-schema-graph\">{\"@context\":\"https:\/\/schema.org\",\"@graph\":[{\"@type\":\"WebPage\",\"@id\":\"https:\/\/senbera.com\/fi\/tuote\/kenkien-korjauslaastarit\/\",\"url\":\"https:\/\/senbera.com\/fi\/tuote\/kenkien-korjauslaastarit\/\",\"name\":\"Kenkien korjauslaastarit - Senbera FI\",\"isPartOf\":{\"@id\":\"https:\/\/senbera.com\/fi\/#website\"},\"primaryImageOfPage\":{\"@id\":\"https:\/\/senbera.com\/fi\/tuote\/kenkien-korjauslaastarit\/#primaryimage\"},\"image\":{\"@id\":\"https:\/\/senbera.com\/fi\/tuote\/kenkien-korjauslaastarit\/#primaryimage\"},\"thumbnailUrl\":\"https:\/\/senbera.com\/fi\/wp-content\/uploads\/sites\/19\/2026\/01\/lobr695-1.webp\",\"datePublished\":\"2026-01-15T09:49:58+00:00\",\"dateModified\":\"2026-01-15T09:50:17+00:00\",\"breadcrumb\":{\"@id\":\"https:\/\/senbera.com\/fi\/tuote\/kenkien-korjauslaastarit\/#breadcrumb\"},\"inLanguage\":\"fi\",\"potentialAction\":[{\"@type\":\"ReadAction\",\"target\":[\"https:\/\/senbera.com\/fi\/tuote\/kenkien-korjauslaastarit\/\"]}]},{\"@type\":\"ImageObject\",\"inLanguage\":\"fi\",\"@id\":\"https:\/\/senbera.com\/fi\/tuote\/kenkien-korjauslaastarit\/#primaryimage\",\"url\":\"https:\/\/senbera.com\/fi\/wp-content\/uploads\/sites\/19\/2026\/01\/lobr695-1.webp\",\"contentUrl\":\"https:\/\/senbera.com\/fi\/wp-content\/uploads\/sites\/19\/2026\/01\/lobr695-1.webp\",\"width\":300,\"height\":300},{\"@type\":\"BreadcrumbList\",\"@id\":\"https:\/\/senbera.com\/fi\/tuote\/kenkien-korjauslaastarit\/#breadcrumb\",\"itemListElement\":[{\"@type\":\"ListItem\",\"position\":1,\"name\":\"Home\",\"item\":\"https:\/\/senbera.com\/fi\/\"},{\"@type\":\"ListItem\",\"position\":2,\"name\":\"Kauppa\",\"item\":\"https:\/\/senbera.com\/fi\/kauppa\/\"},{\"@type\":\"ListItem\",\"position\":3,\"name\":\"Kenkien korjauslaastarit\"}]},{\"@type\":\"WebSite\",\"@id\":\"https:\/\/senbera.com\/fi\/#website\",\"url\":\"https:\/\/senbera.com\/fi\/\",\"name\":\"Senbera FI\",\"description\":\"\",\"publisher\":{\"@id\":\"https:\/\/senbera.com\/fi\/#organization\"},\"potentialAction\":[{\"@type\":\"SearchAction\",\"target\":{\"@type\":\"EntryPoint\",\"urlTemplate\":\"https:\/\/senbera.com\/fi\/?s={search_term_string}\"},\"query-input\":{\"@type\":\"PropertyValueSpecification\",\"valueRequired\":true,\"valueName\":\"search_term_string\"}}],\"inLanguage\":\"fi\"},{\"@type\":\"Organization\",\"@id\":\"https:\/\/senbera.com\/fi\/#organization\",\"name\":\"Mekulo\",\"url\":\"https:\/\/senbera.com\/fi\/\",\"logo\":{\"@type\":\"ImageObject\",\"inLanguage\":\"fi\",\"@id\":\"https:\/\/senbera.com\/fi\/#\/schema\/logo\/image\/\",\"url\":\"https:\/\/senbera.com\/fi\/wp-content\/uploads\/sites\/19\/2025\/12\/favicon_mekulo.png\",\"contentUrl\":\"https:\/\/senbera.com\/fi\/wp-content\/uploads\/sites\/19\/2025\/12\/favicon_mekulo.png\",\"width\":50,\"height\":50,\"caption\":\"Mekulo\"},\"image\":{\"@id\":\"https:\/\/senbera.com\/fi\/#\/schema\/logo\/image\/\"}}]}<\/script>\n<!-- \/ Yoast SEO plugin. -->","yoast_head_json":{"title":"Kenkien korjauslaastarit - Senbera FI","robots":{"index":"index","follow":"follow","max-snippet":"max-snippet:-1","max-image-preview":"max-image-preview:large","max-video-preview":"max-video-preview:-1"},"canonical":"https:\/\/senbera.com\/fi\/tuote\/kenkien-korjauslaastarit\/","og_locale":"fi_FI","og_type":"article","og_title":"Kenkien korjauslaastarit - Senbera FI","og_description":"\ud83d\udc5e Korjaa kenk\u00e4si nopeasti &#8211; keng\u00e4nkorjauslaastarilla! \ud83d\udc5f T\u00e4m\u00e4 laastari auttaa korjaamaan kuluneita kohtia kenkiesi sis\u00e4ll\u00e4. Kiinnit\u00e4 laastari vain paikalleen ja [&hellip;]","og_url":"https:\/\/senbera.com\/fi\/tuote\/kenkien-korjauslaastarit\/","og_site_name":"Senbera FI","article_modified_time":"2026-01-15T09:50:17+00:00","twitter_card":"summary_large_image","twitter_misc":{"Arvioitu lukuaika":"1 minuutti"},"schema":{"@context":"https:\/\/schema.org","@graph":[{"@type":"WebPage","@id":"https:\/\/senbera.com\/fi\/tuote\/kenkien-korjauslaastarit\/","url":"https:\/\/senbera.com\/fi\/tuote\/kenkien-korjauslaastarit\/","name":"Kenkien korjauslaastarit - Senbera FI","isPartOf":{"@id":"https:\/\/senbera.com\/fi\/#website"},"primaryImageOfPage":{"@id":"https:\/\/senbera.com\/fi\/tuote\/kenkien-korjauslaastarit\/#primaryimage"},"image":{"@id":"https:\/\/senbera.com\/fi\/tuote\/kenkien-korjauslaastarit\/#primaryimage"},"thumbnailUrl":"https:\/\/senbera.com\/fi\/wp-content\/uploads\/sites\/19\/2026\/01\/lobr695-1.webp","datePublished":"2026-01-15T09:49:58+00:00","dateModified":"2026-01-15T09:50:17+00:00","breadcrumb":{"@id":"https:\/\/senbera.com\/fi\/tuote\/kenkien-korjauslaastarit\/#breadcrumb"},"inLanguage":"fi","potentialAction":[{"@type":"ReadAction","target":["https:\/\/senbera.com\/fi\/tuote\/kenkien-korjauslaastarit\/"]}]},{"@type":"ImageObject","inLanguage":"fi","@id":"https:\/\/senbera.com\/fi\/tuote\/kenkien-korjauslaastarit\/#primaryimage","url":"https:\/\/senbera.com\/fi\/wp-content\/uploads\/sites\/19\/2026\/01\/lobr695-1.webp","contentUrl":"https:\/\/senbera.com\/fi\/wp-content\/uploads\/sites\/19\/2026\/01\/lobr695-1.webp","width":300,"height":300},{"@type":"BreadcrumbList","@id":"https:\/\/senbera.com\/fi\/tuote\/kenkien-korjauslaastarit\/#breadcrumb","itemListElement":[{"@type":"ListItem","position":1,"name":"Home","item":"https:\/\/senbera.com\/fi\/"},{"@type":"ListItem","position":2,"name":"Kauppa","item":"https:\/\/senbera.com\/fi\/kauppa\/"},{"@type":"ListItem","position":3,"name":"Kenkien korjauslaastarit"}]},{"@type":"WebSite","@id":"https:\/\/senbera.com\/fi\/#website","url":"https:\/\/senbera.com\/fi\/","name":"Senbera FI","description":"","publisher":{"@id":"https:\/\/senbera.com\/fi\/#organization"},"potentialAction":[{"@type":"SearchAction","target":{"@type":"EntryPoint","urlTemplate":"https:\/\/senbera.com\/fi\/?s={search_term_string}"},"query-input":{"@type":"PropertyValueSpecification","valueRequired":true,"valueName":"search_term_string"}}],"inLanguage":"fi"},{"@type":"Organization","@id":"https:\/\/senbera.com\/fi\/#organization","name":"Mekulo","url":"https:\/\/senbera.com\/fi\/","logo":{"@type":"ImageObject","inLanguage":"fi","@id":"https:\/\/senbera.com\/fi\/#\/schema\/logo\/image\/","url":"https:\/\/senbera.com\/fi\/wp-content\/uploads\/sites\/19\/2025\/12\/favicon_mekulo.png","contentUrl":"https:\/\/senbera.com\/fi\/wp-content\/uploads\/sites\/19\/2025\/12\/favicon_mekulo.png","width":50,"height":50,"caption":"Mekulo"},"image":{"@id":"https:\/\/senbera.com\/fi\/#\/schema\/logo\/image\/"}}]}},"_links":{"self":[{"href":"https:\/\/senbera.com\/fi\/wp-json\/wp\/v2\/product\/19691","targetHints":{"allow":["GET"]}}],"collection":[{"href":"https:\/\/senbera.com\/fi\/wp-json\/wp\/v2\/product"}],"about":[{"href":"https:\/\/senbera.com\/fi\/wp-json\/wp\/v2\/types\/product"}],"replies":[{"embeddable":true,"href":"https:\/\/senbera.com\/fi\/wp-json\/wp\/v2\/comments?post=19691"}],"wp:featuredmedia":[{"embeddable":true,"href":"https:\/\/senbera.com\/fi\/wp-json\/wp\/v2\/media\/19687"}],"wp:attachment":[{"href":"https:\/\/senbera.com\/fi\/wp-json\/wp\/v2\/media?parent=19691"}],"wp:term":[{"taxonomy":"product_brand","embeddable":true,"href":"https:\/\/senbera.com\/fi\/wp-json\/wp\/v2\/product_brand?post=19691"},{"taxonomy":"product_cat","embeddable":true,"href":"https:\/\/senbera.com\/fi\/wp-json\/wp\/v2\/product_cat?post=19691"},{"taxonomy":"product_tag","embeddable":true,"href":"https:\/\/senbera.com\/fi\/wp-json\/wp\/v2\/product_tag?post=19691"}],"curies":[{"name":"wp","href":"https:\/\/api.w.org\/{rel}","templated":true}]}}