{"id":19682,"date":"2026-01-15T11:48:59","date_gmt":"2026-01-15T09:48:59","guid":{"rendered":"https:\/\/senbera.com\/fi\/tuote\/lazy-susan-levypoydan-jarjestaja\/"},"modified":"2026-01-15T11:48:59","modified_gmt":"2026-01-15T09:48:59","slug":"lazy-susan-levypoydan-jarjestaja","status":"publish","type":"product","link":"https:\/\/senbera.com\/fi\/tuote\/lazy-susan-levypoydan-jarjestaja\/","title":{"rendered":"Lazy susan levyp\u00f6yd\u00e4n j\u00e4rjest\u00e4j\u00e4"},"content":{"rendered":"<p style=\"text-align: center\"><strong>Helppo P\u00e4\u00e4sy, Ei En\u00e4\u00e4 Sotkua!<\/strong><\/p>\n<p style=\"text-align: center\"><span style=\"font-weight: 400\">T\u00e4m\u00e4n k\u00e4\u00e4nt\u00f6p\u00f6yd\u00e4n avulla p\u00e4\u00e4set helposti k\u00e4siksi mihin tahansa j\u00e4\u00e4kaapissa, kaapissa tai tiskill\u00e4 olevaan tavaraan. Py\u00f6r\u00e4yt\u00e4 sit\u00e4 vain, ja kaikki on aivan edess\u00e4si &#8211; ei en\u00e4\u00e4 kaivamista tai tavaroiden siirtely\u00e4!<\/span><\/p>\n<p><img fetchpriority=\"high\" decoding=\"async\" class=\"size-full wp-image-16838 aligncenter\" src=\"https:\/\/keluvo.com\/template\/wp-content\/uploads\/sites\/5\/2025\/04\/ecf51526-0a23-46a4-84e1-6a7b4c723e04-Trim-ezgif.com-video-to-webp-converter-1.webp\" alt=\"\" width=\"500\" height=\"500\" \/><\/p>\n<h2 style=\"text-align: center\">T\u00e4rkeimm\u00e4t Edut<\/h2>\n<p><b>\u2714 360\u00b0 tasainen py\u00f6r\u00e4ytys<\/b><span style=\"font-weight: 400\"> \u2013 Nappaa tarvitsemasi sekunneissa<\/span><\/p>\n<p><b>\u2714 Sopii ahtaisiin tiloihin<\/b><span style=\"font-weight: 400\"> \u2013 T\u00e4ydellinen j\u00e4\u00e4kaappeihin, hyllyihin ja ty\u00f6tasoihin<\/span><\/p>\n<p><b>\u2714 Monik\u00e4ytt\u00f6taika<\/b><span style=\"font-weight: 400\"> \u2013 K\u00e4yt\u00e4 sit\u00e4 mausteille, meikeille, juomille, v\u00e4lipaloille ja muulle<\/span><\/p>\n<p><b>\u2714 Ty\u00f6kaluton asennus<\/b><span style=\"font-weight: 400\"> \u2013 Aseta ja paina &#8211; ruuveja tai ty\u00f6kaluja ei tarvita<\/span><\/p>\n<p><b>\u2714 Vahva ja kirkas<\/b><span style=\"font-weight: 400\"> \u2013 Valmistettu kest\u00e4v\u00e4st\u00e4 akryylist\u00e4 ja PET:st\u00e4, joten n\u00e4et kaiken sis\u00e4lt\u00e4<\/span><\/p>\n<p>&nbsp;<\/p>\n<h2 style=\"text-align: center\"><img decoding=\"async\" class=\"size-full wp-image-16174 aligncenter\" src=\"https:\/\/keluvo.com\/template\/wp-content\/uploads\/sites\/5\/2025\/04\/1386314c-cb00-482c-9657-1a3f0a592b50.webp.webp\" alt=\"\" \/><\/h2>\n<h2 style=\"text-align: center\">P\u00e4\u00e4tarjous<\/h2>\n<p style=\"text-align: center\"><span style=\"font-weight: 400\">T\u00e4m\u00e4 k\u00e4\u00e4ntyv\u00e4 p\u00f6yt\u00e4 ei ole vain keitti\u00f6\u00f6n. Se sopii erinomaisesti my\u00f6s kylpyhuoneen, makuuhuoneen tai toimiston j\u00e4rjest\u00e4miseen. Olipa kyse sitten pulloista, v\u00e4lipaloista tai meikeist\u00e4, t\u00e4m\u00e4 kirkas, py\u00f6riv\u00e4 teline pit\u00e4\u00e4 tavarat siistin\u00e4, helposti tavoitettavina ja hyv\u00e4nn\u00e4k\u00f6isin\u00e4.<\/span><\/p>\n<h2 style=\"text-align: center\"><img decoding=\"async\" class=\"size-full wp-image-16173 aligncenter\" src=\"https:\/\/keluvo.com\/template\/wp-content\/uploads\/sites\/5\/2025\/04\/38ab0ff7-4a5e-4ef8-855e-1bf885fb5110.webp.webp\" alt=\"\" \/>K\u00e4ytt\u00f6ohjeet<\/h2>\n<ol>\n<li style=\"font-weight: 400\"><span style=\"font-weight: 400\">Pakkaa lazy susan-lautasesi laatikkoon.<\/span><span style=\"font-weight: 400\"><br \/>\n<\/span><\/li>\n<li style=\"font-weight: 400\"><span style=\"font-weight: 400\">Aseta se puhtaalle, sile\u00e4lle pinnalle.<\/span><span style=\"font-weight: 400\"><br \/>\n<\/span><\/li>\n<li style=\"font-weight: 400\"><span style=\"font-weight: 400\">Laita tavarasi p\u00e4\u00e4lle.<\/span><span style=\"font-weight: 400\"><br \/>\n<\/span><\/li>\n<\/ol>\n<h2 style=\"text-align: center\"><img decoding=\"async\" class=\"size-full wp-image-16175 aligncenter\" src=\"https:\/\/keluvo.com\/template\/wp-content\/uploads\/sites\/5\/2025\/04\/b5d4f46f-41b8-4dfa-b56e-d98185d2546a.webp.webp\" alt=\"\" \/>Pakkaus Sis\u00e4lt\u00e4\u00e4<\/h2>\n<ul>\n<li style=\"font-weight: 400\"><span style=\"font-weight: 400\">1x lazy susan-k\u00e4\u00e4nt\u00f6p\u00f6yd\u00e4n j\u00e4rjestelij\u00e4 (40cm x 30cm ).<\/span><\/li>\n<\/ul>\n","protected":false},"excerpt":{"rendered":"<p>Helppo P\u00e4\u00e4sy, Ei En\u00e4\u00e4 Sotkua! T\u00e4m\u00e4n k\u00e4\u00e4nt\u00f6p\u00f6yd\u00e4n avulla p\u00e4\u00e4set helposti k\u00e4siksi mihin tahansa j\u00e4\u00e4kaapissa, kaapissa tai tiskill\u00e4 olevaan tavaraan. Py\u00f6r\u00e4yt\u00e4 [&hellip;]<\/p>\n","protected":false},"featured_media":19678,"comment_status":"open","ping_status":"closed","template":"","meta":{"site-sidebar-layout":"default","site-content-layout":"","ast-site-content-layout":"default","site-content-style":"default","site-sidebar-style":"default","ast-global-header-display":"","ast-banner-title-visibility":"","ast-main-header-display":"","ast-hfb-above-header-display":"","ast-hfb-below-header-display":"","ast-hfb-mobile-header-display":"","site-post-title":"","ast-breadcrumbs-content":"","ast-featured-img":"","footer-sml-layout":"","theme-transparent-header-meta":"default","adv-header-id-meta":"","stick-header-meta":"","header-above-stick-meta":"","header-main-stick-meta":"","header-below-stick-meta":"","astra-migrate-meta-layouts":"set","ast-page-background-enabled":"default","ast-page-background-meta":{"desktop":{"background-color":"var(--ast-global-color-5)","background-image":"","background-repeat":"repeat","background-position":"center center","background-size":"auto","background-attachment":"scroll","background-type":"","background-media":"","overlay-type":"","overlay-color":"","overlay-opacity":"","overlay-gradient":""},"tablet":{"background-color":"","background-image":"","background-repeat":"repeat","background-position":"center center","background-size":"auto","background-attachment":"scroll","background-type":"","background-media":"","overlay-type":"","overlay-color":"","overlay-opacity":"","overlay-gradient":""},"mobile":{"background-color":"","background-image":"","background-repeat":"repeat","background-position":"center center","background-size":"auto","background-attachment":"scroll","background-type":"","background-media":"","overlay-type":"","overlay-color":"","overlay-opacity":"","overlay-gradient":""}},"ast-content-background-meta":{"desktop":{"background-color":"var(--ast-global-color-4)","background-image":"","background-repeat":"repeat","background-position":"center center","background-size":"auto","background-attachment":"scroll","background-type":"","background-media":"","overlay-type":"","overlay-color":"","overlay-opacity":"","overlay-gradient":""},"tablet":{"background-color":"var(--ast-global-color-4)","background-image":"","background-repeat":"repeat","background-position":"center center","background-size":"auto","background-attachment":"scroll","background-type":"","background-media":"","overlay-type":"","overlay-color":"","overlay-opacity":"","overlay-gradient":""},"mobile":{"background-color":"var(--ast-global-color-4)","background-image":"","background-repeat":"repeat","background-position":"center center","background-size":"auto","background-attachment":"scroll","background-type":"","background-media":"","overlay-type":"","overlay-color":"","overlay-opacity":"","overlay-gradient":""}}},"product_brand":[],"product_cat":[15],"product_tag":[],"class_list":{"0":"post-19682","1":"product","2":"type-product","3":"status-publish","4":"has-post-thumbnail","6":"product_cat-luokittelematon","7":"desktop-align-left","8":"tablet-align-left","9":"mobile-align-left","11":"first","12":"instock","13":"shipping-taxable","14":"purchasable","15":"product-type-simple"},"yoast_head":"<!-- This site is optimized with the Yoast SEO plugin v26.6 - https:\/\/yoast.com\/wordpress\/plugins\/seo\/ -->\n<title>Lazy susan levyp\u00f6yd\u00e4n j\u00e4rjest\u00e4j\u00e4 - Senbera FI<\/title>\n<meta name=\"robots\" content=\"index, follow, max-snippet:-1, max-image-preview:large, max-video-preview:-1\" \/>\n<link rel=\"canonical\" href=\"https:\/\/senbera.com\/fi\/tuote\/lazy-susan-levypoydan-jarjestaja\/\" \/>\n<meta property=\"og:locale\" content=\"fi_FI\" \/>\n<meta property=\"og:type\" content=\"article\" \/>\n<meta property=\"og:title\" content=\"Lazy susan levyp\u00f6yd\u00e4n j\u00e4rjest\u00e4j\u00e4 - Senbera FI\" \/>\n<meta property=\"og:description\" content=\"Helppo P\u00e4\u00e4sy, Ei En\u00e4\u00e4 Sotkua! T\u00e4m\u00e4n k\u00e4\u00e4nt\u00f6p\u00f6yd\u00e4n avulla p\u00e4\u00e4set helposti k\u00e4siksi mihin tahansa j\u00e4\u00e4kaapissa, kaapissa tai tiskill\u00e4 olevaan tavaraan. Py\u00f6r\u00e4yt\u00e4 [&hellip;]\" \/>\n<meta property=\"og:url\" content=\"https:\/\/senbera.com\/fi\/tuote\/lazy-susan-levypoydan-jarjestaja\/\" \/>\n<meta property=\"og:site_name\" content=\"Senbera FI\" \/>\n<meta name=\"twitter:card\" content=\"summary_large_image\" \/>\n<meta name=\"twitter:label1\" content=\"Arvioitu lukuaika\" \/>\n\t<meta name=\"twitter:data1\" content=\"1 minuutti\" \/>\n<script type=\"application\/ld+json\" class=\"yoast-schema-graph\">{\"@context\":\"https:\/\/schema.org\",\"@graph\":[{\"@type\":\"WebPage\",\"@id\":\"https:\/\/senbera.com\/fi\/tuote\/lazy-susan-levypoydan-jarjestaja\/\",\"url\":\"https:\/\/senbera.com\/fi\/tuote\/lazy-susan-levypoydan-jarjestaja\/\",\"name\":\"Lazy susan levyp\u00f6yd\u00e4n j\u00e4rjest\u00e4j\u00e4 - Senbera FI\",\"isPartOf\":{\"@id\":\"https:\/\/senbera.com\/fi\/#website\"},\"primaryImageOfPage\":{\"@id\":\"https:\/\/senbera.com\/fi\/tuote\/lazy-susan-levypoydan-jarjestaja\/#primaryimage\"},\"image\":{\"@id\":\"https:\/\/senbera.com\/fi\/tuote\/lazy-susan-levypoydan-jarjestaja\/#primaryimage\"},\"thumbnailUrl\":\"https:\/\/senbera.com\/fi\/wp-content\/uploads\/sites\/19\/2026\/01\/lx5h46l-1.jpg\",\"datePublished\":\"2026-01-15T09:48:59+00:00\",\"breadcrumb\":{\"@id\":\"https:\/\/senbera.com\/fi\/tuote\/lazy-susan-levypoydan-jarjestaja\/#breadcrumb\"},\"inLanguage\":\"fi\",\"potentialAction\":[{\"@type\":\"ReadAction\",\"target\":[\"https:\/\/senbera.com\/fi\/tuote\/lazy-susan-levypoydan-jarjestaja\/\"]}]},{\"@type\":\"ImageObject\",\"inLanguage\":\"fi\",\"@id\":\"https:\/\/senbera.com\/fi\/tuote\/lazy-susan-levypoydan-jarjestaja\/#primaryimage\",\"url\":\"https:\/\/senbera.com\/fi\/wp-content\/uploads\/sites\/19\/2026\/01\/lx5h46l-1.jpg\",\"contentUrl\":\"https:\/\/senbera.com\/fi\/wp-content\/uploads\/sites\/19\/2026\/01\/lx5h46l-1.jpg\",\"width\":1000,\"height\":831},{\"@type\":\"BreadcrumbList\",\"@id\":\"https:\/\/senbera.com\/fi\/tuote\/lazy-susan-levypoydan-jarjestaja\/#breadcrumb\",\"itemListElement\":[{\"@type\":\"ListItem\",\"position\":1,\"name\":\"Home\",\"item\":\"https:\/\/senbera.com\/fi\/\"},{\"@type\":\"ListItem\",\"position\":2,\"name\":\"Kauppa\",\"item\":\"https:\/\/senbera.com\/fi\/kauppa\/\"},{\"@type\":\"ListItem\",\"position\":3,\"name\":\"Lazy susan levyp\u00f6yd\u00e4n j\u00e4rjest\u00e4j\u00e4\"}]},{\"@type\":\"WebSite\",\"@id\":\"https:\/\/senbera.com\/fi\/#website\",\"url\":\"https:\/\/senbera.com\/fi\/\",\"name\":\"Senbera FI\",\"description\":\"\",\"publisher\":{\"@id\":\"https:\/\/senbera.com\/fi\/#organization\"},\"potentialAction\":[{\"@type\":\"SearchAction\",\"target\":{\"@type\":\"EntryPoint\",\"urlTemplate\":\"https:\/\/senbera.com\/fi\/?s={search_term_string}\"},\"query-input\":{\"@type\":\"PropertyValueSpecification\",\"valueRequired\":true,\"valueName\":\"search_term_string\"}}],\"inLanguage\":\"fi\"},{\"@type\":\"Organization\",\"@id\":\"https:\/\/senbera.com\/fi\/#organization\",\"name\":\"Mekulo\",\"url\":\"https:\/\/senbera.com\/fi\/\",\"logo\":{\"@type\":\"ImageObject\",\"inLanguage\":\"fi\",\"@id\":\"https:\/\/senbera.com\/fi\/#\/schema\/logo\/image\/\",\"url\":\"https:\/\/senbera.com\/fi\/wp-content\/uploads\/sites\/19\/2025\/12\/favicon_mekulo.png\",\"contentUrl\":\"https:\/\/senbera.com\/fi\/wp-content\/uploads\/sites\/19\/2025\/12\/favicon_mekulo.png\",\"width\":50,\"height\":50,\"caption\":\"Mekulo\"},\"image\":{\"@id\":\"https:\/\/senbera.com\/fi\/#\/schema\/logo\/image\/\"}}]}<\/script>\n<!-- \/ Yoast SEO plugin. -->","yoast_head_json":{"title":"Lazy susan levyp\u00f6yd\u00e4n j\u00e4rjest\u00e4j\u00e4 - Senbera FI","robots":{"index":"index","follow":"follow","max-snippet":"max-snippet:-1","max-image-preview":"max-image-preview:large","max-video-preview":"max-video-preview:-1"},"canonical":"https:\/\/senbera.com\/fi\/tuote\/lazy-susan-levypoydan-jarjestaja\/","og_locale":"fi_FI","og_type":"article","og_title":"Lazy susan levyp\u00f6yd\u00e4n j\u00e4rjest\u00e4j\u00e4 - Senbera FI","og_description":"Helppo P\u00e4\u00e4sy, Ei En\u00e4\u00e4 Sotkua! T\u00e4m\u00e4n k\u00e4\u00e4nt\u00f6p\u00f6yd\u00e4n avulla p\u00e4\u00e4set helposti k\u00e4siksi mihin tahansa j\u00e4\u00e4kaapissa, kaapissa tai tiskill\u00e4 olevaan tavaraan. Py\u00f6r\u00e4yt\u00e4 [&hellip;]","og_url":"https:\/\/senbera.com\/fi\/tuote\/lazy-susan-levypoydan-jarjestaja\/","og_site_name":"Senbera FI","twitter_card":"summary_large_image","twitter_misc":{"Arvioitu lukuaika":"1 minuutti"},"schema":{"@context":"https:\/\/schema.org","@graph":[{"@type":"WebPage","@id":"https:\/\/senbera.com\/fi\/tuote\/lazy-susan-levypoydan-jarjestaja\/","url":"https:\/\/senbera.com\/fi\/tuote\/lazy-susan-levypoydan-jarjestaja\/","name":"Lazy susan levyp\u00f6yd\u00e4n j\u00e4rjest\u00e4j\u00e4 - Senbera FI","isPartOf":{"@id":"https:\/\/senbera.com\/fi\/#website"},"primaryImageOfPage":{"@id":"https:\/\/senbera.com\/fi\/tuote\/lazy-susan-levypoydan-jarjestaja\/#primaryimage"},"image":{"@id":"https:\/\/senbera.com\/fi\/tuote\/lazy-susan-levypoydan-jarjestaja\/#primaryimage"},"thumbnailUrl":"https:\/\/senbera.com\/fi\/wp-content\/uploads\/sites\/19\/2026\/01\/lx5h46l-1.jpg","datePublished":"2026-01-15T09:48:59+00:00","breadcrumb":{"@id":"https:\/\/senbera.com\/fi\/tuote\/lazy-susan-levypoydan-jarjestaja\/#breadcrumb"},"inLanguage":"fi","potentialAction":[{"@type":"ReadAction","target":["https:\/\/senbera.com\/fi\/tuote\/lazy-susan-levypoydan-jarjestaja\/"]}]},{"@type":"ImageObject","inLanguage":"fi","@id":"https:\/\/senbera.com\/fi\/tuote\/lazy-susan-levypoydan-jarjestaja\/#primaryimage","url":"https:\/\/senbera.com\/fi\/wp-content\/uploads\/sites\/19\/2026\/01\/lx5h46l-1.jpg","contentUrl":"https:\/\/senbera.com\/fi\/wp-content\/uploads\/sites\/19\/2026\/01\/lx5h46l-1.jpg","width":1000,"height":831},{"@type":"BreadcrumbList","@id":"https:\/\/senbera.com\/fi\/tuote\/lazy-susan-levypoydan-jarjestaja\/#breadcrumb","itemListElement":[{"@type":"ListItem","position":1,"name":"Home","item":"https:\/\/senbera.com\/fi\/"},{"@type":"ListItem","position":2,"name":"Kauppa","item":"https:\/\/senbera.com\/fi\/kauppa\/"},{"@type":"ListItem","position":3,"name":"Lazy susan levyp\u00f6yd\u00e4n j\u00e4rjest\u00e4j\u00e4"}]},{"@type":"WebSite","@id":"https:\/\/senbera.com\/fi\/#website","url":"https:\/\/senbera.com\/fi\/","name":"Senbera FI","description":"","publisher":{"@id":"https:\/\/senbera.com\/fi\/#organization"},"potentialAction":[{"@type":"SearchAction","target":{"@type":"EntryPoint","urlTemplate":"https:\/\/senbera.com\/fi\/?s={search_term_string}"},"query-input":{"@type":"PropertyValueSpecification","valueRequired":true,"valueName":"search_term_string"}}],"inLanguage":"fi"},{"@type":"Organization","@id":"https:\/\/senbera.com\/fi\/#organization","name":"Mekulo","url":"https:\/\/senbera.com\/fi\/","logo":{"@type":"ImageObject","inLanguage":"fi","@id":"https:\/\/senbera.com\/fi\/#\/schema\/logo\/image\/","url":"https:\/\/senbera.com\/fi\/wp-content\/uploads\/sites\/19\/2025\/12\/favicon_mekulo.png","contentUrl":"https:\/\/senbera.com\/fi\/wp-content\/uploads\/sites\/19\/2025\/12\/favicon_mekulo.png","width":50,"height":50,"caption":"Mekulo"},"image":{"@id":"https:\/\/senbera.com\/fi\/#\/schema\/logo\/image\/"}}]}},"_links":{"self":[{"href":"https:\/\/senbera.com\/fi\/wp-json\/wp\/v2\/product\/19682","targetHints":{"allow":["GET"]}}],"collection":[{"href":"https:\/\/senbera.com\/fi\/wp-json\/wp\/v2\/product"}],"about":[{"href":"https:\/\/senbera.com\/fi\/wp-json\/wp\/v2\/types\/product"}],"replies":[{"embeddable":true,"href":"https:\/\/senbera.com\/fi\/wp-json\/wp\/v2\/comments?post=19682"}],"wp:featuredmedia":[{"embeddable":true,"href":"https:\/\/senbera.com\/fi\/wp-json\/wp\/v2\/media\/19678"}],"wp:attachment":[{"href":"https:\/\/senbera.com\/fi\/wp-json\/wp\/v2\/media?parent=19682"}],"wp:term":[{"taxonomy":"product_brand","embeddable":true,"href":"https:\/\/senbera.com\/fi\/wp-json\/wp\/v2\/product_brand?post=19682"},{"taxonomy":"product_cat","embeddable":true,"href":"https:\/\/senbera.com\/fi\/wp-json\/wp\/v2\/product_cat?post=19682"},{"taxonomy":"product_tag","embeddable":true,"href":"https:\/\/senbera.com\/fi\/wp-json\/wp\/v2\/product_tag?post=19682"}],"curies":[{"name":"wp","href":"https:\/\/api.w.org\/{rel}","templated":true}]}}