{"id":19652,"date":"2026-01-15T11:46:55","date_gmt":"2026-01-15T09:46:55","guid":{"rendered":"https:\/\/senbera.com\/fi\/tuote\/mutkaton-latauskaapeli\/"},"modified":"2026-01-15T11:47:06","modified_gmt":"2026-01-15T09:47:06","slug":"mutkaton-latauskaapeli","status":"publish","type":"product","link":"https:\/\/senbera.com\/fi\/tuote\/mutkaton-latauskaapeli\/","title":{"rendered":"Mutkaton latauskaapeli"},"content":{"rendered":"<p style=\"text-align: center\"><strong>Nopea Teho, Pehme\u00e4 Tuntuma \ud83d\udcf1<\/strong><\/p>\n<p style=\"text-align: center\"><span style=\"font-weight: 400\">T\u00e4m\u00e4 latauskaapeli on tehty kest\u00e4m\u00e4\u00e4n, lataamaan nopeasti ja pysym\u00e4\u00e4n pehme\u00e4n\u00e4 ja helppok\u00e4ytt\u00f6isen\u00e4. Ei sotkeentumista. Ei katkoksia. Vain virtaa, kun tarvitset sit\u00e4.<\/span><\/p>\n<h2 style=\"text-align: center\"><img decoding=\"async\" class=\"size-full wp-image-16124 aligncenter\" src=\"https:\/\/keluvo.com\/template\/wp-content\/uploads\/sites\/5\/2025\/04\/descTrim-ezgif.com-video-to-webp-converter.webp\" alt=\"\" \/><\/h2>\n<h2 style=\"text-align: center\">T\u00e4rkeimm\u00e4t Edut \ud83d\udcf1<\/h2>\n<p>Super vahva<span style=\"font-weight: 400\"> \u2013 Taittuu yli 20 000 kertaa rikkoutumatta<\/span><span style=\"font-weight: 400\"><br \/>\n<\/span><\/p>\n<p>Nopea lataus<span style=\"font-weight: 400\"> \u2013 Virtaa USB-C-laitteesi salamannopeasti (jopa 120W)<\/span><span style=\"font-weight: 400\"><br \/>\n<\/span><\/p>\n<p>Sile\u00e4 ja pehme\u00e4<span style=\"font-weight: 400\"> \u2013 Tuntuu hyv\u00e4lt\u00e4 nestem\u00e4isen silikonipintansa ansiosta<\/span><span style=\"font-weight: 400\"><br \/>\n<\/span><\/p>\n<p>Kietoutumatonta<span style=\"font-weight: 400\"> \u2013 Pysyy siistin\u00e4 mukana tulevalla nahkahihnalla<\/span><span style=\"font-weight: 400\"><br \/>\n<\/span><\/p>\n<p>Turvallinen ja \u00e4lyk\u00e4s<span style=\"font-weight: 400\"> \u2013 Sis\u00e4\u00e4nrakennettu siru suojaa laitettasi latauksen aikana<\/span><span style=\"font-weight: 400\"><br \/>\n<\/span><\/p>\n<p>Nopea tiedostojensiirto<span style=\"font-weight: 400\"> \u2013 Siirr\u00e4 dataa nopeudella, joka on jopa 480 Mbps<\/span><\/p>\n<h2 style=\"text-align: center\"><img decoding=\"async\" class=\"size-full wp-image-16126 aligncenter\" src=\"https:\/\/keluvo.com\/template\/wp-content\/uploads\/sites\/5\/2025\/04\/af025dcb-f27a-4d6e-98c1-3010d1d9de90.webp.webp\" alt=\"\" \/><\/h2>\n<h2 style=\"text-align: center\">Tuotetiedot \ud83d\udccc<\/h2>\n<ul>\n<li style=\"text-align: left\">Teho: 120W<\/li>\n<li style=\"text-align: left\">Virta: 6A<\/li>\n<li style=\"text-align: left\">Liit\u00e4nt\u00e4: Android micro, USB<\/li>\n<li style=\"text-align: left\">Materiaali: TPE-alumiiniseos<\/li>\n<\/ul>\n<h2 style=\"text-align: center\">Pakkaus Sis\u00e4lt\u00e4\u00e4 \ud83d\udce6<\/h2>\n<ul>\n<li style=\"font-weight: 400\"><span style=\"font-weight: 400\">1x USB-C Type-C-latauskaapeli <\/span><span style=\"font-weight: 400\"><br \/>\n<\/span><\/li>\n<li style=\"font-weight: 400\"><span style=\"font-weight: 400\">1x nahkainen kaapelik\u00e4\u00e4re helppoon s\u00e4ilytykseen.<\/span><span style=\"font-weight: 400\"><br \/>\n<\/span><\/li>\n<\/ul>\n","protected":false},"excerpt":{"rendered":"<p>Nopea Teho, Pehme\u00e4 Tuntuma \ud83d\udcf1 T\u00e4m\u00e4 latauskaapeli on tehty kest\u00e4m\u00e4\u00e4n, lataamaan nopeasti ja pysym\u00e4\u00e4n pehme\u00e4n\u00e4 ja helppok\u00e4ytt\u00f6isen\u00e4. Ei sotkeentumista. Ei [&hellip;]<\/p>\n","protected":false},"featured_media":19648,"comment_status":"open","ping_status":"closed","template":"","meta":{"site-sidebar-layout":"default","site-content-layout":"","ast-site-content-layout":"default","site-content-style":"default","site-sidebar-style":"default","ast-global-header-display":"","ast-banner-title-visibility":"","ast-main-header-display":"","ast-hfb-above-header-display":"","ast-hfb-below-header-display":"","ast-hfb-mobile-header-display":"","site-post-title":"","ast-breadcrumbs-content":"","ast-featured-img":"","footer-sml-layout":"","theme-transparent-header-meta":"default","adv-header-id-meta":"","stick-header-meta":"","header-above-stick-meta":"","header-main-stick-meta":"","header-below-stick-meta":"","astra-migrate-meta-layouts":"set","ast-page-background-enabled":"default","ast-page-background-meta":{"desktop":{"background-color":"var(--ast-global-color-5)","background-image":"","background-repeat":"repeat","background-position":"center center","background-size":"auto","background-attachment":"scroll","background-type":"","background-media":"","overlay-type":"","overlay-color":"","overlay-opacity":"","overlay-gradient":""},"tablet":{"background-color":"","background-image":"","background-repeat":"repeat","background-position":"center center","background-size":"auto","background-attachment":"scroll","background-type":"","background-media":"","overlay-type":"","overlay-color":"","overlay-opacity":"","overlay-gradient":""},"mobile":{"background-color":"","background-image":"","background-repeat":"repeat","background-position":"center center","background-size":"auto","background-attachment":"scroll","background-type":"","background-media":"","overlay-type":"","overlay-color":"","overlay-opacity":"","overlay-gradient":""}},"ast-content-background-meta":{"desktop":{"background-color":"var(--ast-global-color-4)","background-image":"","background-repeat":"repeat","background-position":"center center","background-size":"auto","background-attachment":"scroll","background-type":"","background-media":"","overlay-type":"","overlay-color":"","overlay-opacity":"","overlay-gradient":""},"tablet":{"background-color":"var(--ast-global-color-4)","background-image":"","background-repeat":"repeat","background-position":"center center","background-size":"auto","background-attachment":"scroll","background-type":"","background-media":"","overlay-type":"","overlay-color":"","overlay-opacity":"","overlay-gradient":""},"mobile":{"background-color":"var(--ast-global-color-4)","background-image":"","background-repeat":"repeat","background-position":"center center","background-size":"auto","background-attachment":"scroll","background-type":"","background-media":"","overlay-type":"","overlay-color":"","overlay-opacity":"","overlay-gradient":""}}},"product_brand":[],"product_cat":[15],"product_tag":[],"class_list":{"0":"post-19652","1":"product","2":"type-product","3":"status-publish","4":"has-post-thumbnail","6":"product_cat-luokittelematon","7":"pa_18378_s4rjdr49-1-5m","8":"pa_18378_s4rjdr49-1m","9":"pa_18378_s4rjdr49-2m","10":"desktop-align-left","11":"tablet-align-left","12":"mobile-align-left","14":"first","15":"instock","16":"shipping-taxable","17":"purchasable","18":"product-type-variable"},"yoast_head":"<!-- This site is optimized with the Yoast SEO plugin v26.6 - https:\/\/yoast.com\/wordpress\/plugins\/seo\/ -->\n<title>Mutkaton latauskaapeli - Senbera FI<\/title>\n<meta name=\"robots\" content=\"index, follow, max-snippet:-1, max-image-preview:large, max-video-preview:-1\" \/>\n<link rel=\"canonical\" href=\"https:\/\/senbera.com\/fi\/tuote\/mutkaton-latauskaapeli\/\" \/>\n<meta property=\"og:locale\" content=\"fi_FI\" \/>\n<meta property=\"og:type\" content=\"article\" \/>\n<meta property=\"og:title\" content=\"Mutkaton latauskaapeli - Senbera FI\" \/>\n<meta property=\"og:description\" content=\"Nopea Teho, Pehme\u00e4 Tuntuma \ud83d\udcf1 T\u00e4m\u00e4 latauskaapeli on tehty kest\u00e4m\u00e4\u00e4n, lataamaan nopeasti ja pysym\u00e4\u00e4n pehme\u00e4n\u00e4 ja helppok\u00e4ytt\u00f6isen\u00e4. Ei sotkeentumista. Ei [&hellip;]\" \/>\n<meta property=\"og:url\" content=\"https:\/\/senbera.com\/fi\/tuote\/mutkaton-latauskaapeli\/\" \/>\n<meta property=\"og:site_name\" content=\"Senbera FI\" \/>\n<meta property=\"article:modified_time\" content=\"2026-01-15T09:47:06+00:00\" \/>\n<meta name=\"twitter:card\" content=\"summary_large_image\" \/>\n<meta name=\"twitter:label1\" content=\"Arvioitu lukuaika\" \/>\n\t<meta name=\"twitter:data1\" content=\"1 minuutti\" \/>\n<script type=\"application\/ld+json\" class=\"yoast-schema-graph\">{\"@context\":\"https:\/\/schema.org\",\"@graph\":[{\"@type\":\"WebPage\",\"@id\":\"https:\/\/senbera.com\/fi\/tuote\/mutkaton-latauskaapeli\/\",\"url\":\"https:\/\/senbera.com\/fi\/tuote\/mutkaton-latauskaapeli\/\",\"name\":\"Mutkaton latauskaapeli - Senbera FI\",\"isPartOf\":{\"@id\":\"https:\/\/senbera.com\/fi\/#website\"},\"primaryImageOfPage\":{\"@id\":\"https:\/\/senbera.com\/fi\/tuote\/mutkaton-latauskaapeli\/#primaryimage\"},\"image\":{\"@id\":\"https:\/\/senbera.com\/fi\/tuote\/mutkaton-latauskaapeli\/#primaryimage\"},\"thumbnailUrl\":\"https:\/\/senbera.com\/fi\/wp-content\/uploads\/sites\/19\/2026\/01\/k23feyw-1.webp\",\"datePublished\":\"2026-01-15T09:46:55+00:00\",\"dateModified\":\"2026-01-15T09:47:06+00:00\",\"breadcrumb\":{\"@id\":\"https:\/\/senbera.com\/fi\/tuote\/mutkaton-latauskaapeli\/#breadcrumb\"},\"inLanguage\":\"fi\",\"potentialAction\":[{\"@type\":\"ReadAction\",\"target\":[\"https:\/\/senbera.com\/fi\/tuote\/mutkaton-latauskaapeli\/\"]}]},{\"@type\":\"ImageObject\",\"inLanguage\":\"fi\",\"@id\":\"https:\/\/senbera.com\/fi\/tuote\/mutkaton-latauskaapeli\/#primaryimage\",\"url\":\"https:\/\/senbera.com\/fi\/wp-content\/uploads\/sites\/19\/2026\/01\/k23feyw-1.webp\",\"contentUrl\":\"https:\/\/senbera.com\/fi\/wp-content\/uploads\/sites\/19\/2026\/01\/k23feyw-1.webp\",\"width\":800,\"height\":800},{\"@type\":\"BreadcrumbList\",\"@id\":\"https:\/\/senbera.com\/fi\/tuote\/mutkaton-latauskaapeli\/#breadcrumb\",\"itemListElement\":[{\"@type\":\"ListItem\",\"position\":1,\"name\":\"Home\",\"item\":\"https:\/\/senbera.com\/fi\/\"},{\"@type\":\"ListItem\",\"position\":2,\"name\":\"Kauppa\",\"item\":\"https:\/\/senbera.com\/fi\/kauppa\/\"},{\"@type\":\"ListItem\",\"position\":3,\"name\":\"Mutkaton latauskaapeli\"}]},{\"@type\":\"WebSite\",\"@id\":\"https:\/\/senbera.com\/fi\/#website\",\"url\":\"https:\/\/senbera.com\/fi\/\",\"name\":\"Senbera FI\",\"description\":\"\",\"publisher\":{\"@id\":\"https:\/\/senbera.com\/fi\/#organization\"},\"potentialAction\":[{\"@type\":\"SearchAction\",\"target\":{\"@type\":\"EntryPoint\",\"urlTemplate\":\"https:\/\/senbera.com\/fi\/?s={search_term_string}\"},\"query-input\":{\"@type\":\"PropertyValueSpecification\",\"valueRequired\":true,\"valueName\":\"search_term_string\"}}],\"inLanguage\":\"fi\"},{\"@type\":\"Organization\",\"@id\":\"https:\/\/senbera.com\/fi\/#organization\",\"name\":\"Mekulo\",\"url\":\"https:\/\/senbera.com\/fi\/\",\"logo\":{\"@type\":\"ImageObject\",\"inLanguage\":\"fi\",\"@id\":\"https:\/\/senbera.com\/fi\/#\/schema\/logo\/image\/\",\"url\":\"https:\/\/senbera.com\/fi\/wp-content\/uploads\/sites\/19\/2025\/12\/favicon_mekulo.png\",\"contentUrl\":\"https:\/\/senbera.com\/fi\/wp-content\/uploads\/sites\/19\/2025\/12\/favicon_mekulo.png\",\"width\":50,\"height\":50,\"caption\":\"Mekulo\"},\"image\":{\"@id\":\"https:\/\/senbera.com\/fi\/#\/schema\/logo\/image\/\"}}]}<\/script>\n<!-- \/ Yoast SEO plugin. -->","yoast_head_json":{"title":"Mutkaton latauskaapeli - Senbera FI","robots":{"index":"index","follow":"follow","max-snippet":"max-snippet:-1","max-image-preview":"max-image-preview:large","max-video-preview":"max-video-preview:-1"},"canonical":"https:\/\/senbera.com\/fi\/tuote\/mutkaton-latauskaapeli\/","og_locale":"fi_FI","og_type":"article","og_title":"Mutkaton latauskaapeli - Senbera FI","og_description":"Nopea Teho, Pehme\u00e4 Tuntuma \ud83d\udcf1 T\u00e4m\u00e4 latauskaapeli on tehty kest\u00e4m\u00e4\u00e4n, lataamaan nopeasti ja pysym\u00e4\u00e4n pehme\u00e4n\u00e4 ja helppok\u00e4ytt\u00f6isen\u00e4. Ei sotkeentumista. Ei [&hellip;]","og_url":"https:\/\/senbera.com\/fi\/tuote\/mutkaton-latauskaapeli\/","og_site_name":"Senbera FI","article_modified_time":"2026-01-15T09:47:06+00:00","twitter_card":"summary_large_image","twitter_misc":{"Arvioitu lukuaika":"1 minuutti"},"schema":{"@context":"https:\/\/schema.org","@graph":[{"@type":"WebPage","@id":"https:\/\/senbera.com\/fi\/tuote\/mutkaton-latauskaapeli\/","url":"https:\/\/senbera.com\/fi\/tuote\/mutkaton-latauskaapeli\/","name":"Mutkaton latauskaapeli - Senbera FI","isPartOf":{"@id":"https:\/\/senbera.com\/fi\/#website"},"primaryImageOfPage":{"@id":"https:\/\/senbera.com\/fi\/tuote\/mutkaton-latauskaapeli\/#primaryimage"},"image":{"@id":"https:\/\/senbera.com\/fi\/tuote\/mutkaton-latauskaapeli\/#primaryimage"},"thumbnailUrl":"https:\/\/senbera.com\/fi\/wp-content\/uploads\/sites\/19\/2026\/01\/k23feyw-1.webp","datePublished":"2026-01-15T09:46:55+00:00","dateModified":"2026-01-15T09:47:06+00:00","breadcrumb":{"@id":"https:\/\/senbera.com\/fi\/tuote\/mutkaton-latauskaapeli\/#breadcrumb"},"inLanguage":"fi","potentialAction":[{"@type":"ReadAction","target":["https:\/\/senbera.com\/fi\/tuote\/mutkaton-latauskaapeli\/"]}]},{"@type":"ImageObject","inLanguage":"fi","@id":"https:\/\/senbera.com\/fi\/tuote\/mutkaton-latauskaapeli\/#primaryimage","url":"https:\/\/senbera.com\/fi\/wp-content\/uploads\/sites\/19\/2026\/01\/k23feyw-1.webp","contentUrl":"https:\/\/senbera.com\/fi\/wp-content\/uploads\/sites\/19\/2026\/01\/k23feyw-1.webp","width":800,"height":800},{"@type":"BreadcrumbList","@id":"https:\/\/senbera.com\/fi\/tuote\/mutkaton-latauskaapeli\/#breadcrumb","itemListElement":[{"@type":"ListItem","position":1,"name":"Home","item":"https:\/\/senbera.com\/fi\/"},{"@type":"ListItem","position":2,"name":"Kauppa","item":"https:\/\/senbera.com\/fi\/kauppa\/"},{"@type":"ListItem","position":3,"name":"Mutkaton latauskaapeli"}]},{"@type":"WebSite","@id":"https:\/\/senbera.com\/fi\/#website","url":"https:\/\/senbera.com\/fi\/","name":"Senbera FI","description":"","publisher":{"@id":"https:\/\/senbera.com\/fi\/#organization"},"potentialAction":[{"@type":"SearchAction","target":{"@type":"EntryPoint","urlTemplate":"https:\/\/senbera.com\/fi\/?s={search_term_string}"},"query-input":{"@type":"PropertyValueSpecification","valueRequired":true,"valueName":"search_term_string"}}],"inLanguage":"fi"},{"@type":"Organization","@id":"https:\/\/senbera.com\/fi\/#organization","name":"Mekulo","url":"https:\/\/senbera.com\/fi\/","logo":{"@type":"ImageObject","inLanguage":"fi","@id":"https:\/\/senbera.com\/fi\/#\/schema\/logo\/image\/","url":"https:\/\/senbera.com\/fi\/wp-content\/uploads\/sites\/19\/2025\/12\/favicon_mekulo.png","contentUrl":"https:\/\/senbera.com\/fi\/wp-content\/uploads\/sites\/19\/2025\/12\/favicon_mekulo.png","width":50,"height":50,"caption":"Mekulo"},"image":{"@id":"https:\/\/senbera.com\/fi\/#\/schema\/logo\/image\/"}}]}},"_links":{"self":[{"href":"https:\/\/senbera.com\/fi\/wp-json\/wp\/v2\/product\/19652","targetHints":{"allow":["GET"]}}],"collection":[{"href":"https:\/\/senbera.com\/fi\/wp-json\/wp\/v2\/product"}],"about":[{"href":"https:\/\/senbera.com\/fi\/wp-json\/wp\/v2\/types\/product"}],"replies":[{"embeddable":true,"href":"https:\/\/senbera.com\/fi\/wp-json\/wp\/v2\/comments?post=19652"}],"wp:featuredmedia":[{"embeddable":true,"href":"https:\/\/senbera.com\/fi\/wp-json\/wp\/v2\/media\/19648"}],"wp:attachment":[{"href":"https:\/\/senbera.com\/fi\/wp-json\/wp\/v2\/media?parent=19652"}],"wp:term":[{"taxonomy":"product_brand","embeddable":true,"href":"https:\/\/senbera.com\/fi\/wp-json\/wp\/v2\/product_brand?post=19652"},{"taxonomy":"product_cat","embeddable":true,"href":"https:\/\/senbera.com\/fi\/wp-json\/wp\/v2\/product_cat?post=19652"},{"taxonomy":"product_tag","embeddable":true,"href":"https:\/\/senbera.com\/fi\/wp-json\/wp\/v2\/product_tag?post=19652"}],"curies":[{"name":"wp","href":"https:\/\/api.w.org\/{rel}","templated":true}]}}