{"id":19626,"date":"2026-01-15T11:44:47","date_gmt":"2026-01-15T09:44:47","guid":{"rendered":"https:\/\/senbera.com\/fi\/tuote\/tiivistyssavi\/"},"modified":"2026-01-15T11:44:54","modified_gmt":"2026-01-15T09:44:54","slug":"tiivistyssavi","status":"publish","type":"product","link":"https:\/\/senbera.com\/fi\/tuote\/tiivistyssavi\/","title":{"rendered":"Tiivistyssavi"},"content":{"rendered":"<p style=\"text-align: center\"><strong>Pikakorjaus Pieniin Vuotoihin Ja Aukkoihin! \ud83d\udec1<\/strong><span style=\"font-weight: 400\"><br \/>\n<\/span><\/p>\n<p style=\"text-align: center\"><span style=\"font-weight: 400\">T\u00e4m\u00e4 helppok\u00e4ytt\u00f6inen tiivistyssavi est\u00e4\u00e4 veden ja ilman vain muutamassa sekunnissa. Revi, vaivaa ja tartu &#8211; niin helppoa se on!<\/span><\/p>\n<p><img decoding=\"async\" class=\"size-full wp-image-16098 aligncenter\" src=\"https:\/\/keluvo.com\/template\/wp-content\/uploads\/sites\/5\/2025\/04\/20794a2e-b54b-4a7a-b6a4-334f0589be7b.gif.gif\" alt=\"\" \/><\/p>\n<h2 style=\"text-align: center\">T\u00e4rkeimm\u00e4t Edut \ud83d\udc1c<\/h2>\n<p>Seals fast<span style=\"font-weight: 400\"> &#8211; Pys\u00e4ytt\u00e4\u00e4 vuodot heti<\/span><span style=\"font-weight: 400\"><br \/>\n<\/span><\/p>\n<p>Waterproof and strong<span style=\"font-weight: 400\"> &#8211; Sopii erinomaisesti ulkok\u00e4ytt\u00f6\u00f6n laattoihin ja putkiin<\/span><span style=\"font-weight: 400\"><br \/>\n<\/span><\/p>\n<p>Bends to fit<span style=\"font-weight: 400\"> &#8211; Muotoilet sen mihin tahansa muotoon tai aukkoon<\/span><span style=\"font-weight: 400\"><br \/>\n<\/span><\/p>\n<p>Safe to use<span style=\"font-weight: 400\"> &#8211; Valmistettu ymp\u00e4rist\u00f6yst\u00e4v\u00e4llisest\u00e4, myrkytt\u00f6m\u00e4st\u00e4 kumista<\/span><span style=\"font-weight: 400\"><br \/>\n<\/span><\/p>\n<p>No tools needed<span style=\"font-weight: 400\"> &#8211; Avaa, paina ja olet valmis<\/span><\/p>\n<h2 style=\"text-align: center\"><img decoding=\"async\" class=\"size-full wp-image-16103 aligncenter\" src=\"https:\/\/keluvo.com\/template\/wp-content\/uploads\/sites\/5\/2025\/04\/521b3b06-9907-4e22-b491-8d183cfdb1d6.webp.jpg\" alt=\"\" \/>P\u00e4\u00e4asiallinen Tarjous<\/h2>\n<p style=\"text-align: center\"><span style=\"font-weight: 400\">T\u00e4m\u00e4 tehokas savitiiviste sopii t\u00e4ydellisesti kodin nopeisiin korjauksiin. Onko sinulla vuotava putki? Reik\u00e4 ilmastointilaitteesi l\u00e4hell\u00e4? Halkeama johdon ymp\u00e4rill\u00e4? T\u00e4m\u00e4 tuote tiivist\u00e4\u00e4 sen tiiviisti. Se on superhelppo ja k\u00e4ytt\u00f6valmis heti pakkauksesta. Sopii loistavasti tee-se-itse-rakentelun yst\u00e4ville ja kaikille, jotka haluavat puhtaan ja kuivan kodin!<\/span><\/p>\n<h2 style=\"text-align: center\"><img decoding=\"async\" class=\"size-full wp-image-16104 aligncenter\" src=\"https:\/\/keluvo.com\/template\/wp-content\/uploads\/sites\/5\/2025\/04\/28e0d602-7211-4785-ae50-1bb4784631fb.webp.jpg\" alt=\"\" \/>K\u00e4ytt\u00f6ohjeet \ud83d\udccc<\/h2>\n<ol>\n<li style=\"font-weight: 400\"><span style=\"font-weight: 400\">Avaa pakkaus (20 g).<\/span><\/li>\n<li style=\"font-weight: 400\"><span style=\"font-weight: 400\">Ota savi ulos.<\/span><\/li>\n<li style=\"font-weight: 400\"><span style=\"font-weight: 400\">Vaivaa sit\u00e4 k\u00e4sill\u00e4si.<\/span><\/li>\n<li style=\"font-weight: 400\"><span style=\"font-weight: 400\">Paina se reik\u00e4\u00e4n tai rakoon.<\/span><\/li>\n<li style=\"font-weight: 400\">Valmis! Se tarttuu vahvasti ja tiivist\u00e4\u00e4 tiiviisti.<\/li>\n<\/ol>\n<h2 style=\"text-align: center\">Paketti Sis\u00e4lt\u00e4\u00e4 \ud83d\udce6<b><\/b><\/h2>\n<ul>\n<li style=\"font-weight: 400\"><span style=\"font-weight: 400\">4, 8x valkoista kumitiivistesavea.<\/span><\/li>\n<\/ul>\n","protected":false},"excerpt":{"rendered":"<p>Pikakorjaus Pieniin Vuotoihin Ja Aukkoihin! \ud83d\udec1 T\u00e4m\u00e4 helppok\u00e4ytt\u00f6inen tiivistyssavi est\u00e4\u00e4 veden ja ilman vain muutamassa sekunnissa. Revi, vaivaa ja tartu [&hellip;]<\/p>\n","protected":false},"featured_media":19622,"comment_status":"open","ping_status":"closed","template":"","meta":{"site-sidebar-layout":"default","site-content-layout":"","ast-site-content-layout":"default","site-content-style":"default","site-sidebar-style":"default","ast-global-header-display":"","ast-banner-title-visibility":"","ast-main-header-display":"","ast-hfb-above-header-display":"","ast-hfb-below-header-display":"","ast-hfb-mobile-header-display":"","site-post-title":"","ast-breadcrumbs-content":"","ast-featured-img":"","footer-sml-layout":"","ast-disable-related-posts":"","theme-transparent-header-meta":"default","adv-header-id-meta":"","stick-header-meta":"","header-above-stick-meta":"","header-main-stick-meta":"","header-below-stick-meta":"","astra-migrate-meta-layouts":"set","ast-page-background-enabled":"default","ast-page-background-meta":{"desktop":{"background-color":"var(--ast-global-color-5)","background-image":"","background-repeat":"repeat","background-position":"center center","background-size":"auto","background-attachment":"scroll","background-type":"","background-media":"","overlay-type":"","overlay-color":"","overlay-opacity":"","overlay-gradient":""},"tablet":{"background-color":"","background-image":"","background-repeat":"repeat","background-position":"center center","background-size":"auto","background-attachment":"scroll","background-type":"","background-media":"","overlay-type":"","overlay-color":"","overlay-opacity":"","overlay-gradient":""},"mobile":{"background-color":"","background-image":"","background-repeat":"repeat","background-position":"center center","background-size":"auto","background-attachment":"scroll","background-type":"","background-media":"","overlay-type":"","overlay-color":"","overlay-opacity":"","overlay-gradient":""}},"ast-content-background-meta":{"desktop":{"background-color":"var(--ast-global-color-4)","background-image":"","background-repeat":"repeat","background-position":"center center","background-size":"auto","background-attachment":"scroll","background-type":"","background-media":"","overlay-type":"","overlay-color":"","overlay-opacity":"","overlay-gradient":""},"tablet":{"background-color":"var(--ast-global-color-4)","background-image":"","background-repeat":"repeat","background-position":"center center","background-size":"auto","background-attachment":"scroll","background-type":"","background-media":"","overlay-type":"","overlay-color":"","overlay-opacity":"","overlay-gradient":""},"mobile":{"background-color":"var(--ast-global-color-4)","background-image":"","background-repeat":"repeat","background-position":"center center","background-size":"auto","background-attachment":"scroll","background-type":"","background-media":"","overlay-type":"","overlay-color":"","overlay-opacity":"","overlay-gradient":""}}},"product_brand":[],"product_cat":[15],"product_tag":[],"class_list":{"0":"post-19626","1":"product","2":"type-product","3":"status-publish","4":"has-post-thumbnail","6":"product_cat-luokittelematon","7":"pa_17932_tr6n6gqx-4-kpl","8":"pa_17932_tr6n6gqx-8-kpl","9":"desktop-align-left","10":"tablet-align-left","11":"mobile-align-left","13":"first","14":"instock","15":"shipping-taxable","16":"purchasable","17":"product-type-variable"},"yoast_head":"<!-- This site is optimized with the Yoast SEO plugin v27.4 - https:\/\/yoast.com\/product\/yoast-seo-wordpress\/ -->\n<title>Tiivistyssavi - Senbera FI<\/title>\n<meta name=\"robots\" content=\"index, follow, max-snippet:-1, max-image-preview:large, max-video-preview:-1\" \/>\n<link rel=\"canonical\" href=\"https:\/\/senbera.com\/fi\/tuote\/tiivistyssavi\/\" \/>\n<meta property=\"og:locale\" content=\"fi_FI\" \/>\n<meta property=\"og:type\" content=\"article\" \/>\n<meta property=\"og:title\" content=\"Tiivistyssavi - Senbera FI\" \/>\n<meta property=\"og:description\" content=\"Pikakorjaus Pieniin Vuotoihin Ja Aukkoihin! \ud83d\udec1 T\u00e4m\u00e4 helppok\u00e4ytt\u00f6inen tiivistyssavi est\u00e4\u00e4 veden ja ilman vain muutamassa sekunnissa. Revi, vaivaa ja tartu [&hellip;]\" \/>\n<meta property=\"og:url\" content=\"https:\/\/senbera.com\/fi\/tuote\/tiivistyssavi\/\" \/>\n<meta property=\"og:site_name\" content=\"Senbera FI\" \/>\n<meta property=\"article:modified_time\" content=\"2026-01-15T09:44:54+00:00\" \/>\n<meta name=\"twitter:card\" content=\"summary_large_image\" \/>\n<meta name=\"twitter:label1\" content=\"Arvioitu lukuaika\" \/>\n\t<meta name=\"twitter:data1\" content=\"1 minuutti\" \/>\n<script type=\"application\/ld+json\" class=\"yoast-schema-graph\">{\"@context\":\"https:\\\/\\\/schema.org\",\"@graph\":[{\"@type\":\"WebPage\",\"@id\":\"https:\\\/\\\/senbera.com\\\/fi\\\/tuote\\\/tiivistyssavi\\\/\",\"url\":\"https:\\\/\\\/senbera.com\\\/fi\\\/tuote\\\/tiivistyssavi\\\/\",\"name\":\"Tiivistyssavi - Senbera FI\",\"isPartOf\":{\"@id\":\"https:\\\/\\\/senbera.com\\\/fi\\\/#website\"},\"primaryImageOfPage\":{\"@id\":\"https:\\\/\\\/senbera.com\\\/fi\\\/tuote\\\/tiivistyssavi\\\/#primaryimage\"},\"image\":{\"@id\":\"https:\\\/\\\/senbera.com\\\/fi\\\/tuote\\\/tiivistyssavi\\\/#primaryimage\"},\"thumbnailUrl\":\"https:\\\/\\\/senbera.com\\\/fi\\\/wp-content\\\/uploads\\\/sites\\\/19\\\/2026\\\/01\\\/ctcgh17-1.webp\",\"datePublished\":\"2026-01-15T09:44:47+00:00\",\"dateModified\":\"2026-01-15T09:44:54+00:00\",\"breadcrumb\":{\"@id\":\"https:\\\/\\\/senbera.com\\\/fi\\\/tuote\\\/tiivistyssavi\\\/#breadcrumb\"},\"inLanguage\":\"fi\",\"potentialAction\":[{\"@type\":\"ReadAction\",\"target\":[\"https:\\\/\\\/senbera.com\\\/fi\\\/tuote\\\/tiivistyssavi\\\/\"]}]},{\"@type\":\"ImageObject\",\"inLanguage\":\"fi\",\"@id\":\"https:\\\/\\\/senbera.com\\\/fi\\\/tuote\\\/tiivistyssavi\\\/#primaryimage\",\"url\":\"https:\\\/\\\/senbera.com\\\/fi\\\/wp-content\\\/uploads\\\/sites\\\/19\\\/2026\\\/01\\\/ctcgh17-1.webp\",\"contentUrl\":\"https:\\\/\\\/senbera.com\\\/fi\\\/wp-content\\\/uploads\\\/sites\\\/19\\\/2026\\\/01\\\/ctcgh17-1.webp\",\"width\":560,\"height\":560},{\"@type\":\"BreadcrumbList\",\"@id\":\"https:\\\/\\\/senbera.com\\\/fi\\\/tuote\\\/tiivistyssavi\\\/#breadcrumb\",\"itemListElement\":[{\"@type\":\"ListItem\",\"position\":1,\"name\":\"Home\",\"item\":\"https:\\\/\\\/senbera.com\\\/fi\\\/\"},{\"@type\":\"ListItem\",\"position\":2,\"name\":\"Kauppa\",\"item\":\"https:\\\/\\\/senbera.com\\\/fi\\\/kauppa\\\/\"},{\"@type\":\"ListItem\",\"position\":3,\"name\":\"Tiivistyssavi\"}]},{\"@type\":\"WebSite\",\"@id\":\"https:\\\/\\\/senbera.com\\\/fi\\\/#website\",\"url\":\"https:\\\/\\\/senbera.com\\\/fi\\\/\",\"name\":\"Senbera FI\",\"description\":\"\",\"publisher\":{\"@id\":\"https:\\\/\\\/senbera.com\\\/fi\\\/#organization\"},\"potentialAction\":[{\"@type\":\"SearchAction\",\"target\":{\"@type\":\"EntryPoint\",\"urlTemplate\":\"https:\\\/\\\/senbera.com\\\/fi\\\/?s={search_term_string}\"},\"query-input\":{\"@type\":\"PropertyValueSpecification\",\"valueRequired\":true,\"valueName\":\"search_term_string\"}}],\"inLanguage\":\"fi\"},{\"@type\":\"Organization\",\"@id\":\"https:\\\/\\\/senbera.com\\\/fi\\\/#organization\",\"name\":\"Mekulo\",\"url\":\"https:\\\/\\\/senbera.com\\\/fi\\\/\",\"logo\":{\"@type\":\"ImageObject\",\"inLanguage\":\"fi\",\"@id\":\"https:\\\/\\\/senbera.com\\\/fi\\\/#\\\/schema\\\/logo\\\/image\\\/\",\"url\":\"https:\\\/\\\/senbera.com\\\/fi\\\/wp-content\\\/uploads\\\/sites\\\/19\\\/2025\\\/12\\\/favicon_mekulo.png\",\"contentUrl\":\"https:\\\/\\\/senbera.com\\\/fi\\\/wp-content\\\/uploads\\\/sites\\\/19\\\/2025\\\/12\\\/favicon_mekulo.png\",\"width\":50,\"height\":50,\"caption\":\"Mekulo\"},\"image\":{\"@id\":\"https:\\\/\\\/senbera.com\\\/fi\\\/#\\\/schema\\\/logo\\\/image\\\/\"}}]}<\/script>\n<!-- \/ Yoast SEO plugin. -->","yoast_head_json":{"title":"Tiivistyssavi - Senbera FI","robots":{"index":"index","follow":"follow","max-snippet":"max-snippet:-1","max-image-preview":"max-image-preview:large","max-video-preview":"max-video-preview:-1"},"canonical":"https:\/\/senbera.com\/fi\/tuote\/tiivistyssavi\/","og_locale":"fi_FI","og_type":"article","og_title":"Tiivistyssavi - Senbera FI","og_description":"Pikakorjaus Pieniin Vuotoihin Ja Aukkoihin! \ud83d\udec1 T\u00e4m\u00e4 helppok\u00e4ytt\u00f6inen tiivistyssavi est\u00e4\u00e4 veden ja ilman vain muutamassa sekunnissa. Revi, vaivaa ja tartu [&hellip;]","og_url":"https:\/\/senbera.com\/fi\/tuote\/tiivistyssavi\/","og_site_name":"Senbera FI","article_modified_time":"2026-01-15T09:44:54+00:00","twitter_card":"summary_large_image","twitter_misc":{"Arvioitu lukuaika":"1 minuutti"},"schema":{"@context":"https:\/\/schema.org","@graph":[{"@type":"WebPage","@id":"https:\/\/senbera.com\/fi\/tuote\/tiivistyssavi\/","url":"https:\/\/senbera.com\/fi\/tuote\/tiivistyssavi\/","name":"Tiivistyssavi - Senbera FI","isPartOf":{"@id":"https:\/\/senbera.com\/fi\/#website"},"primaryImageOfPage":{"@id":"https:\/\/senbera.com\/fi\/tuote\/tiivistyssavi\/#primaryimage"},"image":{"@id":"https:\/\/senbera.com\/fi\/tuote\/tiivistyssavi\/#primaryimage"},"thumbnailUrl":"https:\/\/senbera.com\/fi\/wp-content\/uploads\/sites\/19\/2026\/01\/ctcgh17-1.webp","datePublished":"2026-01-15T09:44:47+00:00","dateModified":"2026-01-15T09:44:54+00:00","breadcrumb":{"@id":"https:\/\/senbera.com\/fi\/tuote\/tiivistyssavi\/#breadcrumb"},"inLanguage":"fi","potentialAction":[{"@type":"ReadAction","target":["https:\/\/senbera.com\/fi\/tuote\/tiivistyssavi\/"]}]},{"@type":"ImageObject","inLanguage":"fi","@id":"https:\/\/senbera.com\/fi\/tuote\/tiivistyssavi\/#primaryimage","url":"https:\/\/senbera.com\/fi\/wp-content\/uploads\/sites\/19\/2026\/01\/ctcgh17-1.webp","contentUrl":"https:\/\/senbera.com\/fi\/wp-content\/uploads\/sites\/19\/2026\/01\/ctcgh17-1.webp","width":560,"height":560},{"@type":"BreadcrumbList","@id":"https:\/\/senbera.com\/fi\/tuote\/tiivistyssavi\/#breadcrumb","itemListElement":[{"@type":"ListItem","position":1,"name":"Home","item":"https:\/\/senbera.com\/fi\/"},{"@type":"ListItem","position":2,"name":"Kauppa","item":"https:\/\/senbera.com\/fi\/kauppa\/"},{"@type":"ListItem","position":3,"name":"Tiivistyssavi"}]},{"@type":"WebSite","@id":"https:\/\/senbera.com\/fi\/#website","url":"https:\/\/senbera.com\/fi\/","name":"Senbera FI","description":"","publisher":{"@id":"https:\/\/senbera.com\/fi\/#organization"},"potentialAction":[{"@type":"SearchAction","target":{"@type":"EntryPoint","urlTemplate":"https:\/\/senbera.com\/fi\/?s={search_term_string}"},"query-input":{"@type":"PropertyValueSpecification","valueRequired":true,"valueName":"search_term_string"}}],"inLanguage":"fi"},{"@type":"Organization","@id":"https:\/\/senbera.com\/fi\/#organization","name":"Mekulo","url":"https:\/\/senbera.com\/fi\/","logo":{"@type":"ImageObject","inLanguage":"fi","@id":"https:\/\/senbera.com\/fi\/#\/schema\/logo\/image\/","url":"https:\/\/senbera.com\/fi\/wp-content\/uploads\/sites\/19\/2025\/12\/favicon_mekulo.png","contentUrl":"https:\/\/senbera.com\/fi\/wp-content\/uploads\/sites\/19\/2025\/12\/favicon_mekulo.png","width":50,"height":50,"caption":"Mekulo"},"image":{"@id":"https:\/\/senbera.com\/fi\/#\/schema\/logo\/image\/"}}]}},"_links":{"self":[{"href":"https:\/\/senbera.com\/fi\/wp-json\/wp\/v2\/product\/19626","targetHints":{"allow":["GET"]}}],"collection":[{"href":"https:\/\/senbera.com\/fi\/wp-json\/wp\/v2\/product"}],"about":[{"href":"https:\/\/senbera.com\/fi\/wp-json\/wp\/v2\/types\/product"}],"replies":[{"embeddable":true,"href":"https:\/\/senbera.com\/fi\/wp-json\/wp\/v2\/comments?post=19626"}],"wp:featuredmedia":[{"embeddable":true,"href":"https:\/\/senbera.com\/fi\/wp-json\/wp\/v2\/media\/19622"}],"wp:attachment":[{"href":"https:\/\/senbera.com\/fi\/wp-json\/wp\/v2\/media?parent=19626"}],"wp:term":[{"taxonomy":"product_brand","embeddable":true,"href":"https:\/\/senbera.com\/fi\/wp-json\/wp\/v2\/product_brand?post=19626"},{"taxonomy":"product_cat","embeddable":true,"href":"https:\/\/senbera.com\/fi\/wp-json\/wp\/v2\/product_cat?post=19626"},{"taxonomy":"product_tag","embeddable":true,"href":"https:\/\/senbera.com\/fi\/wp-json\/wp\/v2\/product_tag?post=19626"}],"curies":[{"name":"wp","href":"https:\/\/api.w.org\/{rel}","templated":true}]}}