{"id":19604,"date":"2026-01-15T11:43:08","date_gmt":"2026-01-15T09:43:08","guid":{"rendered":"https:\/\/senbera.com\/fi\/tuote\/wc-istuimen-ohjain\/"},"modified":"2026-01-15T11:43:16","modified_gmt":"2026-01-15T09:43:16","slug":"wc-istuimen-ohjain","status":"publish","type":"product","link":"https:\/\/senbera.com\/fi\/tuote\/wc-istuimen-ohjain\/","title":{"rendered":"WC-istuimen ohjain"},"content":{"rendered":"<p style=\"text-align: center\"><strong>\ud83d\udebd Tee Pottailusta Helppoa \u2013 Wc-Istuimen Ohjaimen Avulla! \ud83d\udc76\ud83c\udffb<\/strong><\/p>\n<p style=\"text-align: center\"><span style=\"font-weight: 400\">This pottaistuin auttaa pikkuista tuntemaan olonsa turvalliseksi ja iloiseksi, kun h\u00e4n oppii k\u00e4ytt\u00e4m\u00e4\u00e4n vessaa. Siin\u00e4 on pehme\u00e4 istuin, vahvat askelmat, eik\u00e4 se luista. Yl\u00f6s kiipe\u00e4minen ja istuminen on helppoa ja turvallista!<\/span><\/p>\n<p><img decoding=\"async\" class=\"size-full wp-image-15775 aligncenter\" src=\"https:\/\/keluvo.com\/template\/wp-content\/uploads\/sites\/5\/2025\/04\/toiletseat-ezgif.com-video-to-webp-converter.webp\" alt=\"\" \/><\/p>\n<h2 style=\"text-align: center\">\ud83d\udc76 T\u00e4rkeimm\u00e4t Edut<\/h2>\n<p><b><\/b><span style=\"font-weight: 400\"> \u2705 <\/span>Turvallinen ja tukeva<span style=\"font-weight: 400\"> \u2013 Kest\u00e4\u00e4 jopa 50kg ja pysyy paikallaan anti-slip pads<\/span><\/p>\n<p><span style=\"font-weight: 400\"> \u2705 <\/span>Auttaa lapsia menem\u00e4\u00e4n yksin<span style=\"font-weight: 400\"> \u2013 Lapsesi voi kiivet\u00e4 yl\u00f6s ja alas ilman apua<\/span><\/p>\n<p><span style=\"font-weight: 400\"> \u2705 <\/span>Mukava istuin<span style=\"font-weight: 400\"> \u2013 Pehme\u00e4 tyyny, joka on helppo irrottaa ja puhdistaa<\/span><\/p>\n<p><span style=\"font-weight: 400\"> \u2705 <\/span>Kasvaa lapsesi mukana<span style=\"font-weight: 400\"> \u2013 S\u00e4\u00e4dett\u00e4v\u00e4n korkuiset tikkaat<\/span><\/p>\n<p><span style=\"font-weight: 400\"> \u2705 <\/span>Pysyy puhtaana ja kuivana<span style=\"font-weight: 400\"> \u2013 Roiskesuoja pit\u00e4\u00e4 asiat siistin\u00e4<\/span><\/p>\n<p><img decoding=\"async\" class=\"size-full wp-image-15778 aligncenter\" src=\"https:\/\/keluvo.com\/template\/wp-content\/uploads\/sites\/5\/2025\/04\/Sd0a7eb8d00034606a62a5563e09e0b82z.jpg_960x960q75.jpg_.png\" alt=\"\" \/><\/p>\n<h2 style=\"text-align: center\">\ud83d\udebdTurvallinen Tapa Opetella K\u00e4ym\u00e4\u00e4n Vessassa<\/h2>\n<p style=\"text-align: center\"><span style=\"font-weight: 400\">Lapsesi saa hauskan ja turvallisen tavan opetella k\u00e4ym\u00e4\u00e4n vessassa! T\u00e4m\u00e4 s\u00f6p\u00f6 pottavalmentaja sopii sek\u00e4 tyt\u00f6ille ett\u00e4 pojille ja sopii useimpiin p\u00f6ntt\u00f6ihin (py\u00f6re\u00e4t ja soikeat muodot). Se taittuu helposti kokoon, kun sit\u00e4 ei k\u00e4ytet\u00e4, ja auttaa pikkuista itsen\u00e4isemm\u00e4ksi joka p\u00e4iv\u00e4.<\/span><\/p>\n<p style=\"text-align: center\">Koko: 44 x 34 x 34cm<\/p>\n<h2 style=\"text-align: center\">\ud83d\udccc K\u00e4ytt\u00f6ohjeet<\/h2>\n<ol>\n<li style=\"font-weight: 400\"><span style=\"font-weight: 400\">Aseta pottaistuin p\u00f6ntt\u00f6\u00f6n.<\/span><\/li>\n<li style=\"font-weight: 400\"><span style=\"font-weight: 400\">S\u00e4\u00e4d\u00e4 tikkaiden korkeutta tarvittaessa.<\/span><\/li>\n<li style=\"font-weight: 400\"><span style=\"font-weight: 400\">Anna lapsesi kiivet\u00e4 yl\u00f6s ja istua mukavasti.<\/span><\/li>\n<li style=\"font-weight: 400\"><span style=\"font-weight: 400\">Taita ja s\u00e4ilyt\u00e4 se, kun sit\u00e4 ei k\u00e4ytet\u00e4.<\/span><\/li>\n<\/ol>\n<h2 style=\"text-align: center\">\ud83d\udce6 Pakkaus Sis\u00e4lt\u00e4\u00e4<\/h2>\n<ul>\n<li style=\"font-weight: 400\"><span style=\"font-weight: 400\">1x kokoontaitettava WC-istuimen kouluttaja, jossa on tikapuut<\/span><\/li>\n<li style=\"font-weight: 400\"><span style=\"font-weight: 400\">1x pehme\u00e4 ja irrotettava tyyny<\/span><\/li>\n<li style=\"font-weight: 400\"><span style=\"font-weight: 400\">1x sis\u00e4\u00e4nrakennettu roiskesuoja.<\/span><\/li>\n<\/ul>\n","protected":false},"excerpt":{"rendered":"<p>\ud83d\udebd Tee Pottailusta Helppoa \u2013 Wc-Istuimen Ohjaimen Avulla! \ud83d\udc76\ud83c\udffb This pottaistuin auttaa pikkuista tuntemaan olonsa turvalliseksi ja iloiseksi, kun h\u00e4n [&hellip;]<\/p>\n","protected":false},"featured_media":19600,"comment_status":"open","ping_status":"closed","template":"","meta":{"site-sidebar-layout":"default","site-content-layout":"","ast-site-content-layout":"default","site-content-style":"default","site-sidebar-style":"default","ast-global-header-display":"","ast-banner-title-visibility":"","ast-main-header-display":"","ast-hfb-above-header-display":"","ast-hfb-below-header-display":"","ast-hfb-mobile-header-display":"","site-post-title":"","ast-breadcrumbs-content":"","ast-featured-img":"","footer-sml-layout":"","theme-transparent-header-meta":"default","adv-header-id-meta":"","stick-header-meta":"","header-above-stick-meta":"","header-main-stick-meta":"","header-below-stick-meta":"","astra-migrate-meta-layouts":"set","ast-page-background-enabled":"default","ast-page-background-meta":{"desktop":{"background-color":"var(--ast-global-color-5)","background-image":"","background-repeat":"repeat","background-position":"center center","background-size":"auto","background-attachment":"scroll","background-type":"","background-media":"","overlay-type":"","overlay-color":"","overlay-opacity":"","overlay-gradient":""},"tablet":{"background-color":"","background-image":"","background-repeat":"repeat","background-position":"center center","background-size":"auto","background-attachment":"scroll","background-type":"","background-media":"","overlay-type":"","overlay-color":"","overlay-opacity":"","overlay-gradient":""},"mobile":{"background-color":"","background-image":"","background-repeat":"repeat","background-position":"center center","background-size":"auto","background-attachment":"scroll","background-type":"","background-media":"","overlay-type":"","overlay-color":"","overlay-opacity":"","overlay-gradient":""}},"ast-content-background-meta":{"desktop":{"background-color":"var(--ast-global-color-4)","background-image":"","background-repeat":"repeat","background-position":"center center","background-size":"auto","background-attachment":"scroll","background-type":"","background-media":"","overlay-type":"","overlay-color":"","overlay-opacity":"","overlay-gradient":""},"tablet":{"background-color":"var(--ast-global-color-4)","background-image":"","background-repeat":"repeat","background-position":"center center","background-size":"auto","background-attachment":"scroll","background-type":"","background-media":"","overlay-type":"","overlay-color":"","overlay-opacity":"","overlay-gradient":""},"mobile":{"background-color":"var(--ast-global-color-4)","background-image":"","background-repeat":"repeat","background-position":"center center","background-size":"auto","background-attachment":"scroll","background-type":"","background-media":"","overlay-type":"","overlay-color":"","overlay-opacity":"","overlay-gradient":""}}},"product_brand":[],"product_cat":[15],"product_tag":[],"class_list":{"0":"post-19604","1":"product","2":"type-product","3":"status-publish","4":"has-post-thumbnail","6":"product_cat-luokittelematon","7":"pa_16299_qj3ujd3i-sininen","8":"pa_16299_qj3ujd3i-vaaleanpunainen","9":"pa_16299_qj3ujd3i-valkoinen","10":"desktop-align-left","11":"tablet-align-left","12":"mobile-align-left","14":"first","15":"instock","16":"shipping-taxable","17":"purchasable","18":"product-type-variable"},"yoast_head":"<!-- This site is optimized with the Yoast SEO plugin v26.6 - https:\/\/yoast.com\/wordpress\/plugins\/seo\/ -->\n<title>WC-istuimen ohjain - Senbera FI<\/title>\n<meta name=\"robots\" content=\"index, follow, max-snippet:-1, max-image-preview:large, max-video-preview:-1\" \/>\n<link rel=\"canonical\" href=\"https:\/\/senbera.com\/fi\/tuote\/wc-istuimen-ohjain\/\" \/>\n<meta property=\"og:locale\" content=\"fi_FI\" \/>\n<meta property=\"og:type\" content=\"article\" \/>\n<meta property=\"og:title\" content=\"WC-istuimen ohjain - Senbera FI\" \/>\n<meta property=\"og:description\" content=\"\ud83d\udebd Tee Pottailusta Helppoa \u2013 Wc-Istuimen Ohjaimen Avulla! \ud83d\udc76\ud83c\udffb This pottaistuin auttaa pikkuista tuntemaan olonsa turvalliseksi ja iloiseksi, kun h\u00e4n [&hellip;]\" \/>\n<meta property=\"og:url\" content=\"https:\/\/senbera.com\/fi\/tuote\/wc-istuimen-ohjain\/\" \/>\n<meta property=\"og:site_name\" content=\"Senbera FI\" \/>\n<meta property=\"article:modified_time\" content=\"2026-01-15T09:43:16+00:00\" \/>\n<meta name=\"twitter:card\" content=\"summary_large_image\" \/>\n<meta name=\"twitter:label1\" content=\"Arvioitu lukuaika\" \/>\n\t<meta name=\"twitter:data1\" content=\"1 minuutti\" \/>\n<script type=\"application\/ld+json\" class=\"yoast-schema-graph\">{\"@context\":\"https:\/\/schema.org\",\"@graph\":[{\"@type\":\"WebPage\",\"@id\":\"https:\/\/senbera.com\/fi\/tuote\/wc-istuimen-ohjain\/\",\"url\":\"https:\/\/senbera.com\/fi\/tuote\/wc-istuimen-ohjain\/\",\"name\":\"WC-istuimen ohjain - Senbera FI\",\"isPartOf\":{\"@id\":\"https:\/\/senbera.com\/fi\/#website\"},\"primaryImageOfPage\":{\"@id\":\"https:\/\/senbera.com\/fi\/tuote\/wc-istuimen-ohjain\/#primaryimage\"},\"image\":{\"@id\":\"https:\/\/senbera.com\/fi\/tuote\/wc-istuimen-ohjain\/#primaryimage\"},\"thumbnailUrl\":\"https:\/\/senbera.com\/fi\/wp-content\/uploads\/sites\/19\/2026\/01\/5gcxmz3-1.png\",\"datePublished\":\"2026-01-15T09:43:08+00:00\",\"dateModified\":\"2026-01-15T09:43:16+00:00\",\"breadcrumb\":{\"@id\":\"https:\/\/senbera.com\/fi\/tuote\/wc-istuimen-ohjain\/#breadcrumb\"},\"inLanguage\":\"fi\",\"potentialAction\":[{\"@type\":\"ReadAction\",\"target\":[\"https:\/\/senbera.com\/fi\/tuote\/wc-istuimen-ohjain\/\"]}]},{\"@type\":\"ImageObject\",\"inLanguage\":\"fi\",\"@id\":\"https:\/\/senbera.com\/fi\/tuote\/wc-istuimen-ohjain\/#primaryimage\",\"url\":\"https:\/\/senbera.com\/fi\/wp-content\/uploads\/sites\/19\/2026\/01\/5gcxmz3-1.png\",\"contentUrl\":\"https:\/\/senbera.com\/fi\/wp-content\/uploads\/sites\/19\/2026\/01\/5gcxmz3-1.png\",\"width\":800,\"height\":800},{\"@type\":\"BreadcrumbList\",\"@id\":\"https:\/\/senbera.com\/fi\/tuote\/wc-istuimen-ohjain\/#breadcrumb\",\"itemListElement\":[{\"@type\":\"ListItem\",\"position\":1,\"name\":\"Home\",\"item\":\"https:\/\/senbera.com\/fi\/\"},{\"@type\":\"ListItem\",\"position\":2,\"name\":\"Kauppa\",\"item\":\"https:\/\/senbera.com\/fi\/kauppa\/\"},{\"@type\":\"ListItem\",\"position\":3,\"name\":\"WC-istuimen ohjain\"}]},{\"@type\":\"WebSite\",\"@id\":\"https:\/\/senbera.com\/fi\/#website\",\"url\":\"https:\/\/senbera.com\/fi\/\",\"name\":\"Senbera FI\",\"description\":\"\",\"publisher\":{\"@id\":\"https:\/\/senbera.com\/fi\/#organization\"},\"potentialAction\":[{\"@type\":\"SearchAction\",\"target\":{\"@type\":\"EntryPoint\",\"urlTemplate\":\"https:\/\/senbera.com\/fi\/?s={search_term_string}\"},\"query-input\":{\"@type\":\"PropertyValueSpecification\",\"valueRequired\":true,\"valueName\":\"search_term_string\"}}],\"inLanguage\":\"fi\"},{\"@type\":\"Organization\",\"@id\":\"https:\/\/senbera.com\/fi\/#organization\",\"name\":\"Mekulo\",\"url\":\"https:\/\/senbera.com\/fi\/\",\"logo\":{\"@type\":\"ImageObject\",\"inLanguage\":\"fi\",\"@id\":\"https:\/\/senbera.com\/fi\/#\/schema\/logo\/image\/\",\"url\":\"https:\/\/senbera.com\/fi\/wp-content\/uploads\/sites\/19\/2025\/12\/favicon_mekulo.png\",\"contentUrl\":\"https:\/\/senbera.com\/fi\/wp-content\/uploads\/sites\/19\/2025\/12\/favicon_mekulo.png\",\"width\":50,\"height\":50,\"caption\":\"Mekulo\"},\"image\":{\"@id\":\"https:\/\/senbera.com\/fi\/#\/schema\/logo\/image\/\"}}]}<\/script>\n<!-- \/ Yoast SEO plugin. -->","yoast_head_json":{"title":"WC-istuimen ohjain - Senbera FI","robots":{"index":"index","follow":"follow","max-snippet":"max-snippet:-1","max-image-preview":"max-image-preview:large","max-video-preview":"max-video-preview:-1"},"canonical":"https:\/\/senbera.com\/fi\/tuote\/wc-istuimen-ohjain\/","og_locale":"fi_FI","og_type":"article","og_title":"WC-istuimen ohjain - Senbera FI","og_description":"\ud83d\udebd Tee Pottailusta Helppoa \u2013 Wc-Istuimen Ohjaimen Avulla! \ud83d\udc76\ud83c\udffb This pottaistuin auttaa pikkuista tuntemaan olonsa turvalliseksi ja iloiseksi, kun h\u00e4n [&hellip;]","og_url":"https:\/\/senbera.com\/fi\/tuote\/wc-istuimen-ohjain\/","og_site_name":"Senbera FI","article_modified_time":"2026-01-15T09:43:16+00:00","twitter_card":"summary_large_image","twitter_misc":{"Arvioitu lukuaika":"1 minuutti"},"schema":{"@context":"https:\/\/schema.org","@graph":[{"@type":"WebPage","@id":"https:\/\/senbera.com\/fi\/tuote\/wc-istuimen-ohjain\/","url":"https:\/\/senbera.com\/fi\/tuote\/wc-istuimen-ohjain\/","name":"WC-istuimen ohjain - Senbera FI","isPartOf":{"@id":"https:\/\/senbera.com\/fi\/#website"},"primaryImageOfPage":{"@id":"https:\/\/senbera.com\/fi\/tuote\/wc-istuimen-ohjain\/#primaryimage"},"image":{"@id":"https:\/\/senbera.com\/fi\/tuote\/wc-istuimen-ohjain\/#primaryimage"},"thumbnailUrl":"https:\/\/senbera.com\/fi\/wp-content\/uploads\/sites\/19\/2026\/01\/5gcxmz3-1.png","datePublished":"2026-01-15T09:43:08+00:00","dateModified":"2026-01-15T09:43:16+00:00","breadcrumb":{"@id":"https:\/\/senbera.com\/fi\/tuote\/wc-istuimen-ohjain\/#breadcrumb"},"inLanguage":"fi","potentialAction":[{"@type":"ReadAction","target":["https:\/\/senbera.com\/fi\/tuote\/wc-istuimen-ohjain\/"]}]},{"@type":"ImageObject","inLanguage":"fi","@id":"https:\/\/senbera.com\/fi\/tuote\/wc-istuimen-ohjain\/#primaryimage","url":"https:\/\/senbera.com\/fi\/wp-content\/uploads\/sites\/19\/2026\/01\/5gcxmz3-1.png","contentUrl":"https:\/\/senbera.com\/fi\/wp-content\/uploads\/sites\/19\/2026\/01\/5gcxmz3-1.png","width":800,"height":800},{"@type":"BreadcrumbList","@id":"https:\/\/senbera.com\/fi\/tuote\/wc-istuimen-ohjain\/#breadcrumb","itemListElement":[{"@type":"ListItem","position":1,"name":"Home","item":"https:\/\/senbera.com\/fi\/"},{"@type":"ListItem","position":2,"name":"Kauppa","item":"https:\/\/senbera.com\/fi\/kauppa\/"},{"@type":"ListItem","position":3,"name":"WC-istuimen ohjain"}]},{"@type":"WebSite","@id":"https:\/\/senbera.com\/fi\/#website","url":"https:\/\/senbera.com\/fi\/","name":"Senbera FI","description":"","publisher":{"@id":"https:\/\/senbera.com\/fi\/#organization"},"potentialAction":[{"@type":"SearchAction","target":{"@type":"EntryPoint","urlTemplate":"https:\/\/senbera.com\/fi\/?s={search_term_string}"},"query-input":{"@type":"PropertyValueSpecification","valueRequired":true,"valueName":"search_term_string"}}],"inLanguage":"fi"},{"@type":"Organization","@id":"https:\/\/senbera.com\/fi\/#organization","name":"Mekulo","url":"https:\/\/senbera.com\/fi\/","logo":{"@type":"ImageObject","inLanguage":"fi","@id":"https:\/\/senbera.com\/fi\/#\/schema\/logo\/image\/","url":"https:\/\/senbera.com\/fi\/wp-content\/uploads\/sites\/19\/2025\/12\/favicon_mekulo.png","contentUrl":"https:\/\/senbera.com\/fi\/wp-content\/uploads\/sites\/19\/2025\/12\/favicon_mekulo.png","width":50,"height":50,"caption":"Mekulo"},"image":{"@id":"https:\/\/senbera.com\/fi\/#\/schema\/logo\/image\/"}}]}},"_links":{"self":[{"href":"https:\/\/senbera.com\/fi\/wp-json\/wp\/v2\/product\/19604","targetHints":{"allow":["GET"]}}],"collection":[{"href":"https:\/\/senbera.com\/fi\/wp-json\/wp\/v2\/product"}],"about":[{"href":"https:\/\/senbera.com\/fi\/wp-json\/wp\/v2\/types\/product"}],"replies":[{"embeddable":true,"href":"https:\/\/senbera.com\/fi\/wp-json\/wp\/v2\/comments?post=19604"}],"wp:featuredmedia":[{"embeddable":true,"href":"https:\/\/senbera.com\/fi\/wp-json\/wp\/v2\/media\/19600"}],"wp:attachment":[{"href":"https:\/\/senbera.com\/fi\/wp-json\/wp\/v2\/media?parent=19604"}],"wp:term":[{"taxonomy":"product_brand","embeddable":true,"href":"https:\/\/senbera.com\/fi\/wp-json\/wp\/v2\/product_brand?post=19604"},{"taxonomy":"product_cat","embeddable":true,"href":"https:\/\/senbera.com\/fi\/wp-json\/wp\/v2\/product_cat?post=19604"},{"taxonomy":"product_tag","embeddable":true,"href":"https:\/\/senbera.com\/fi\/wp-json\/wp\/v2\/product_tag?post=19604"}],"curies":[{"name":"wp","href":"https:\/\/api.w.org\/{rel}","templated":true}]}}