{"id":19436,"date":"2026-01-15T08:17:08","date_gmt":"2026-01-15T06:17:08","guid":{"rendered":"https:\/\/senbera.com\/fi\/tuote\/kasilaukku-puhelimen-tapauksessa\/"},"modified":"2026-01-15T08:21:41","modified_gmt":"2026-01-15T06:21:41","slug":"kasilaukku-puhelimen-tapauksessa","status":"publish","type":"product","link":"https:\/\/senbera.com\/fi\/tuote\/kasilaukku-puhelimen-tapauksessa\/","title":{"rendered":"K\u00e4silaukku puhelimen tapauksessa"},"content":{"rendered":"<h2 style=\"text-align: center\" data-start=\"0\" data-end=\"53\">\ud83d\udc5c Tyyli\u00e4 Ja Toiminnallisuutta<\/h2>\n<p class=\"\" style=\"text-align: center\" data-start=\"55\" data-end=\"174\"><span class=\"relative -mx-px my-[-0.2rem] rounded px-px py-[0.2rem] transition-colors duration-100 ease-in-out\">Nostata p\u00e4ivitt\u00e4iset tarvikkeesi k\u00e4silaukku-puhelinkotelollamme, joka on t\u00e4ydellinen sekoitus muotia ja k\u00e4yt\u00e4nn\u00f6llisyytt\u00e4.<\/span> <span class=\"relative -mx-px my-[-0.2rem] rounded px-px py-[0.2rem] transition-colors duration-100 ease-in-out\">T\u00e4m\u00e4 lis\u00e4varuste on suunniteltu niille, jotka arvostavat mukavuutta tyylist\u00e4 tinkim\u00e4tt\u00e4, ja se takaa, ett\u00e4 puhelimesi on aina k\u00e4den ulottuvilla ja suojattu.<\/span><\/p>\n<p data-start=\"55\" data-end=\"174\"><img decoding=\"async\" class=\"size-full wp-image-14312 aligncenter\" src=\"https:\/\/keluvo.com\/template\/wp-content\/uploads\/sites\/5\/2025\/04\/variant-image-6.jpeg\" alt=\"\" \/><\/p>\n<h2 style=\"text-align: center\" data-start=\"181\" data-end=\"204\">\ud83c\udf1f T\u00e4rkeimm\u00e4t Edut<\/h2>\n<p class=\"\" data-start=\"208\" data-end=\"312\">Kokonaisvaltainen muotoilu: <span class=\"relative -mx-px my-[-0.2rem] rounded px-px py-[0.2rem] transition-colors duration-100 ease-in-out\">Yhdist\u00e4\u00e4 k\u00e4silaukun hy\u00f6dyllisyyden ja puhelinkotelon suojan, mik\u00e4 v\u00e4hent\u00e4\u00e4 tarvetta kantaa useita esineit\u00e4<\/span>\u200b<\/p>\n<p class=\"\" data-start=\"315\" data-end=\"423\">Laadukas materiaali: <span class=\"relative -mx-px my-[-0.2rem] rounded px-px py-[0.2rem] transition-colors duration-100 ease-in-out\">Valmistettu kest\u00e4vist\u00e4 materiaaleista, jotka tarjoavat pehme\u00e4n tuntuman ja pitk\u00e4aikaisen k\u00e4yt\u00f6n<\/span>\u200b<\/p>\n<p class=\"\" data-start=\"426\" data-end=\"523\">Turvallinen istuvuus: <span class=\"relative -mx-px my-[-0.2rem] rounded px-px py-[0.2rem] transition-colors duration-100 ease-in-out\">R\u00e4\u00e4t\u00e4l\u00f6ity sopimaan t\u00e4ydellisesti puhelimeesi ja suojaamaan sit\u00e4 p\u00f6lylt\u00e4, naarmuilta ja iskuilta<\/span>\u200b<\/p>\n<p class=\"\" data-start=\"526\" data-end=\"631\">Helppo huolto: <span class=\"relative -mx-px my-[-0.2rem] rounded px-px py-[0.2rem] transition-colors duration-100 ease-in-out\">Kotelo on pest\u00e4v\u00e4, mik\u00e4 takaa, ett\u00e4 se pysyy puhtaana ja raikkaana ajan my\u00f6t\u00e4<\/span><\/p>\n<p><img decoding=\"async\" class=\"size-full wp-image-14309 aligncenter\" src=\"https:\/\/keluvo.com\/template\/wp-content\/uploads\/sites\/5\/2025\/04\/main-image-5-1.jpeg\" alt=\"\" \/><\/p>\n<h2 style=\"text-align: center\" data-start=\"55\" data-end=\"174\">\ud83d\udccf Tuotetiedot<\/h2>\n<ul>\n<li class=\"\" data-start=\"673\" data-end=\"774\">\n<p class=\"\" data-start=\"675\" data-end=\"774\">Materiaali: <span class=\"relative -mx-px my-[-0.2rem] rounded px-px py-[0.2rem] transition-colors duration-100 ease-in-out\">Ensiluokkainen materiaali<\/span>\u200b<\/p>\n<\/li>\n<li class=\"\" data-start=\"775\" data-end=\"874\">\n<p class=\"\" data-start=\"777\" data-end=\"874\">Muotoilu: <span class=\"relative -mx-px my-[-0.2rem] rounded px-px py-[0.2rem] transition-colors duration-100 ease-in-out\">Muodikas k\u00e4silaukkutyyli, jossa on helppo napsahtaa p\u00e4\u00e4lle\/pois-toiminto<\/span>\u200b<\/p>\n<\/li>\n<li class=\"\" data-start=\"875\" data-end=\"978\">\n<p class=\"\" data-start=\"877\" data-end=\"978\">Suojaus: <span class=\"relative -mx-px my-[-0.2rem] rounded px-px py-[0.2rem] transition-colors duration-100 ease-in-out\">Kattava suojaus p\u00f6ly\u00e4, naarmuja ja pieni\u00e4 iskuja vastaan<\/span>\u200b<\/p>\n<\/li>\n<li class=\"\" data-start=\"979\" data-end=\"1083\">\n<p class=\"\" data-start=\"981\" data-end=\"1083\">Huolto: <span class=\"relative -mx-px my-[-0.2rem] rounded px-px py-[0.2rem] transition-colors duration-100 ease-in-out\">Kest\u00e4v\u00e4 ja pest\u00e4v\u00e4 pitk\u00e4aikaiseen k\u00e4ytt\u00f6\u00f6n<\/span><\/p>\n<\/li>\n<\/ul>\n<h2 style=\"text-align: center\">\ud83d\udce6 Pakkaus Sis\u00e4lt\u00e4\u00e4<\/h2>\n<ul>\n<li>1x k\u00e4silaukun puhelinkotelo.<\/li>\n<\/ul>\n","protected":false},"excerpt":{"rendered":"<p>\ud83d\udc5c Tyyli\u00e4 Ja Toiminnallisuutta Nostata p\u00e4ivitt\u00e4iset tarvikkeesi k\u00e4silaukku-puhelinkotelollamme, joka on t\u00e4ydellinen sekoitus muotia ja k\u00e4yt\u00e4nn\u00f6llisyytt\u00e4. T\u00e4m\u00e4 lis\u00e4varuste on suunniteltu niille, [&hellip;]<\/p>\n","protected":false},"featured_media":19431,"comment_status":"open","ping_status":"closed","template":"","meta":{"site-sidebar-layout":"default","site-content-layout":"","ast-site-content-layout":"default","site-content-style":"default","site-sidebar-style":"default","ast-global-header-display":"","ast-banner-title-visibility":"","ast-main-header-display":"","ast-hfb-above-header-display":"","ast-hfb-below-header-display":"","ast-hfb-mobile-header-display":"","site-post-title":"","ast-breadcrumbs-content":"","ast-featured-img":"","footer-sml-layout":"","theme-transparent-header-meta":"default","adv-header-id-meta":"","stick-header-meta":"","header-above-stick-meta":"","header-main-stick-meta":"","header-below-stick-meta":"","astra-migrate-meta-layouts":"set","ast-page-background-enabled":"default","ast-page-background-meta":{"desktop":{"background-color":"var(--ast-global-color-5)","background-image":"","background-repeat":"repeat","background-position":"center center","background-size":"auto","background-attachment":"scroll","background-type":"","background-media":"","overlay-type":"","overlay-color":"","overlay-opacity":"","overlay-gradient":""},"tablet":{"background-color":"","background-image":"","background-repeat":"repeat","background-position":"center center","background-size":"auto","background-attachment":"scroll","background-type":"","background-media":"","overlay-type":"","overlay-color":"","overlay-opacity":"","overlay-gradient":""},"mobile":{"background-color":"","background-image":"","background-repeat":"repeat","background-position":"center center","background-size":"auto","background-attachment":"scroll","background-type":"","background-media":"","overlay-type":"","overlay-color":"","overlay-opacity":"","overlay-gradient":""}},"ast-content-background-meta":{"desktop":{"background-color":"var(--ast-global-color-4)","background-image":"","background-repeat":"repeat","background-position":"center center","background-size":"auto","background-attachment":"scroll","background-type":"","background-media":"","overlay-type":"","overlay-color":"","overlay-opacity":"","overlay-gradient":""},"tablet":{"background-color":"var(--ast-global-color-4)","background-image":"","background-repeat":"repeat","background-position":"center center","background-size":"auto","background-attachment":"scroll","background-type":"","background-media":"","overlay-type":"","overlay-color":"","overlay-opacity":"","overlay-gradient":""},"mobile":{"background-color":"var(--ast-global-color-4)","background-image":"","background-repeat":"repeat","background-position":"center center","background-size":"auto","background-attachment":"scroll","background-type":"","background-media":"","overlay-type":"","overlay-color":"","overlay-opacity":"","overlay-gradient":""}}},"product_brand":[],"product_cat":[15],"product_tag":[],"class_list":{"0":"post-19436","1":"product","2":"type-product","3":"status-publish","4":"has-post-thumbnail","6":"product_cat-luokittelematon","7":"pa_31965_1h5g2lmf-iphone-11","8":"pa_31965_1h5g2lmf-iphone-11-pro","9":"pa_31965_1h5g2lmf-iphone-11-pro-max","10":"pa_31965_1h5g2lmf-iphone-12","11":"pa_31965_1h5g2lmf-iphone-12-pro","12":"pa_31965_1h5g2lmf-iphone-12-pro-max","13":"pa_31965_1h5g2lmf-iphone-13","14":"pa_31965_1h5g2lmf-iphone-13-pro","15":"pa_31965_1h5g2lmf-iphone-13-pro-max","16":"pa_31965_1h5g2lmf-iphone-14","17":"pa_31965_1h5g2lmf-iphone-14-pro","18":"pa_31965_1h5g2lmf-iphone-14-pro-max","19":"pa_31965_1h5g2lmf-iphone-15","20":"pa_31965_1h5g2lmf-iphone-15-pro","21":"pa_31965_1h5g2lmf-iphone-15-pro-max","22":"pa_31965_446mmmj9-musta","23":"pa_31965_446mmmj9-punainen","24":"pa_31965_446mmmj9-vaaleanpunainen","25":"pa_31965_446mmmj9-valkoinen","26":"pa_31965_446mmmj9-vihrea","27":"desktop-align-left","28":"tablet-align-left","29":"mobile-align-left","31":"first","32":"instock","33":"shipping-taxable","34":"purchasable","35":"product-type-variable","36":"has-default-attributes"},"yoast_head":"<!-- This site is optimized with the Yoast SEO plugin v26.6 - https:\/\/yoast.com\/wordpress\/plugins\/seo\/ -->\n<title>K\u00e4silaukku puhelimen tapauksessa - Senbera FI<\/title>\n<meta name=\"robots\" content=\"index, follow, max-snippet:-1, max-image-preview:large, max-video-preview:-1\" \/>\n<link rel=\"canonical\" href=\"https:\/\/senbera.com\/fi\/tuote\/kasilaukku-puhelimen-tapauksessa\/\" \/>\n<meta property=\"og:locale\" content=\"fi_FI\" \/>\n<meta property=\"og:type\" content=\"article\" \/>\n<meta property=\"og:title\" content=\"K\u00e4silaukku puhelimen tapauksessa - Senbera FI\" \/>\n<meta property=\"og:description\" content=\"\ud83d\udc5c Tyyli\u00e4 Ja Toiminnallisuutta Nostata p\u00e4ivitt\u00e4iset tarvikkeesi k\u00e4silaukku-puhelinkotelollamme, joka on t\u00e4ydellinen sekoitus muotia ja k\u00e4yt\u00e4nn\u00f6llisyytt\u00e4. T\u00e4m\u00e4 lis\u00e4varuste on suunniteltu niille, [&hellip;]\" \/>\n<meta property=\"og:url\" content=\"https:\/\/senbera.com\/fi\/tuote\/kasilaukku-puhelimen-tapauksessa\/\" \/>\n<meta property=\"og:site_name\" content=\"Senbera FI\" \/>\n<meta property=\"article:modified_time\" content=\"2026-01-15T06:21:41+00:00\" \/>\n<meta name=\"twitter:card\" content=\"summary_large_image\" \/>\n<meta name=\"twitter:label1\" content=\"Arvioitu lukuaika\" \/>\n\t<meta name=\"twitter:data1\" content=\"1 minuutti\" \/>\n<script type=\"application\/ld+json\" class=\"yoast-schema-graph\">{\"@context\":\"https:\/\/schema.org\",\"@graph\":[{\"@type\":\"WebPage\",\"@id\":\"https:\/\/senbera.com\/fi\/tuote\/kasilaukku-puhelimen-tapauksessa\/\",\"url\":\"https:\/\/senbera.com\/fi\/tuote\/kasilaukku-puhelimen-tapauksessa\/\",\"name\":\"K\u00e4silaukku puhelimen tapauksessa - Senbera FI\",\"isPartOf\":{\"@id\":\"https:\/\/senbera.com\/fi\/#website\"},\"primaryImageOfPage\":{\"@id\":\"https:\/\/senbera.com\/fi\/tuote\/kasilaukku-puhelimen-tapauksessa\/#primaryimage\"},\"image\":{\"@id\":\"https:\/\/senbera.com\/fi\/tuote\/kasilaukku-puhelimen-tapauksessa\/#primaryimage\"},\"thumbnailUrl\":\"https:\/\/senbera.com\/fi\/wp-content\/uploads\/sites\/19\/2026\/01\/jllln3q-1.jpeg\",\"datePublished\":\"2026-01-15T06:17:08+00:00\",\"dateModified\":\"2026-01-15T06:21:41+00:00\",\"breadcrumb\":{\"@id\":\"https:\/\/senbera.com\/fi\/tuote\/kasilaukku-puhelimen-tapauksessa\/#breadcrumb\"},\"inLanguage\":\"fi\",\"potentialAction\":[{\"@type\":\"ReadAction\",\"target\":[\"https:\/\/senbera.com\/fi\/tuote\/kasilaukku-puhelimen-tapauksessa\/\"]}]},{\"@type\":\"ImageObject\",\"inLanguage\":\"fi\",\"@id\":\"https:\/\/senbera.com\/fi\/tuote\/kasilaukku-puhelimen-tapauksessa\/#primaryimage\",\"url\":\"https:\/\/senbera.com\/fi\/wp-content\/uploads\/sites\/19\/2026\/01\/jllln3q-1.jpeg\",\"contentUrl\":\"https:\/\/senbera.com\/fi\/wp-content\/uploads\/sites\/19\/2026\/01\/jllln3q-1.jpeg\",\"width\":950,\"height\":950},{\"@type\":\"BreadcrumbList\",\"@id\":\"https:\/\/senbera.com\/fi\/tuote\/kasilaukku-puhelimen-tapauksessa\/#breadcrumb\",\"itemListElement\":[{\"@type\":\"ListItem\",\"position\":1,\"name\":\"Home\",\"item\":\"https:\/\/senbera.com\/fi\/\"},{\"@type\":\"ListItem\",\"position\":2,\"name\":\"Kauppa\",\"item\":\"https:\/\/senbera.com\/fi\/kauppa\/\"},{\"@type\":\"ListItem\",\"position\":3,\"name\":\"K\u00e4silaukku puhelimen tapauksessa\"}]},{\"@type\":\"WebSite\",\"@id\":\"https:\/\/senbera.com\/fi\/#website\",\"url\":\"https:\/\/senbera.com\/fi\/\",\"name\":\"Senbera FI\",\"description\":\"\",\"publisher\":{\"@id\":\"https:\/\/senbera.com\/fi\/#organization\"},\"potentialAction\":[{\"@type\":\"SearchAction\",\"target\":{\"@type\":\"EntryPoint\",\"urlTemplate\":\"https:\/\/senbera.com\/fi\/?s={search_term_string}\"},\"query-input\":{\"@type\":\"PropertyValueSpecification\",\"valueRequired\":true,\"valueName\":\"search_term_string\"}}],\"inLanguage\":\"fi\"},{\"@type\":\"Organization\",\"@id\":\"https:\/\/senbera.com\/fi\/#organization\",\"name\":\"Mekulo\",\"url\":\"https:\/\/senbera.com\/fi\/\",\"logo\":{\"@type\":\"ImageObject\",\"inLanguage\":\"fi\",\"@id\":\"https:\/\/senbera.com\/fi\/#\/schema\/logo\/image\/\",\"url\":\"https:\/\/senbera.com\/fi\/wp-content\/uploads\/sites\/19\/2025\/12\/favicon_mekulo.png\",\"contentUrl\":\"https:\/\/senbera.com\/fi\/wp-content\/uploads\/sites\/19\/2025\/12\/favicon_mekulo.png\",\"width\":50,\"height\":50,\"caption\":\"Mekulo\"},\"image\":{\"@id\":\"https:\/\/senbera.com\/fi\/#\/schema\/logo\/image\/\"}}]}<\/script>\n<!-- \/ Yoast SEO plugin. -->","yoast_head_json":{"title":"K\u00e4silaukku puhelimen tapauksessa - Senbera FI","robots":{"index":"index","follow":"follow","max-snippet":"max-snippet:-1","max-image-preview":"max-image-preview:large","max-video-preview":"max-video-preview:-1"},"canonical":"https:\/\/senbera.com\/fi\/tuote\/kasilaukku-puhelimen-tapauksessa\/","og_locale":"fi_FI","og_type":"article","og_title":"K\u00e4silaukku puhelimen tapauksessa - Senbera FI","og_description":"\ud83d\udc5c Tyyli\u00e4 Ja Toiminnallisuutta Nostata p\u00e4ivitt\u00e4iset tarvikkeesi k\u00e4silaukku-puhelinkotelollamme, joka on t\u00e4ydellinen sekoitus muotia ja k\u00e4yt\u00e4nn\u00f6llisyytt\u00e4. T\u00e4m\u00e4 lis\u00e4varuste on suunniteltu niille, [&hellip;]","og_url":"https:\/\/senbera.com\/fi\/tuote\/kasilaukku-puhelimen-tapauksessa\/","og_site_name":"Senbera FI","article_modified_time":"2026-01-15T06:21:41+00:00","twitter_card":"summary_large_image","twitter_misc":{"Arvioitu lukuaika":"1 minuutti"},"schema":{"@context":"https:\/\/schema.org","@graph":[{"@type":"WebPage","@id":"https:\/\/senbera.com\/fi\/tuote\/kasilaukku-puhelimen-tapauksessa\/","url":"https:\/\/senbera.com\/fi\/tuote\/kasilaukku-puhelimen-tapauksessa\/","name":"K\u00e4silaukku puhelimen tapauksessa - Senbera FI","isPartOf":{"@id":"https:\/\/senbera.com\/fi\/#website"},"primaryImageOfPage":{"@id":"https:\/\/senbera.com\/fi\/tuote\/kasilaukku-puhelimen-tapauksessa\/#primaryimage"},"image":{"@id":"https:\/\/senbera.com\/fi\/tuote\/kasilaukku-puhelimen-tapauksessa\/#primaryimage"},"thumbnailUrl":"https:\/\/senbera.com\/fi\/wp-content\/uploads\/sites\/19\/2026\/01\/jllln3q-1.jpeg","datePublished":"2026-01-15T06:17:08+00:00","dateModified":"2026-01-15T06:21:41+00:00","breadcrumb":{"@id":"https:\/\/senbera.com\/fi\/tuote\/kasilaukku-puhelimen-tapauksessa\/#breadcrumb"},"inLanguage":"fi","potentialAction":[{"@type":"ReadAction","target":["https:\/\/senbera.com\/fi\/tuote\/kasilaukku-puhelimen-tapauksessa\/"]}]},{"@type":"ImageObject","inLanguage":"fi","@id":"https:\/\/senbera.com\/fi\/tuote\/kasilaukku-puhelimen-tapauksessa\/#primaryimage","url":"https:\/\/senbera.com\/fi\/wp-content\/uploads\/sites\/19\/2026\/01\/jllln3q-1.jpeg","contentUrl":"https:\/\/senbera.com\/fi\/wp-content\/uploads\/sites\/19\/2026\/01\/jllln3q-1.jpeg","width":950,"height":950},{"@type":"BreadcrumbList","@id":"https:\/\/senbera.com\/fi\/tuote\/kasilaukku-puhelimen-tapauksessa\/#breadcrumb","itemListElement":[{"@type":"ListItem","position":1,"name":"Home","item":"https:\/\/senbera.com\/fi\/"},{"@type":"ListItem","position":2,"name":"Kauppa","item":"https:\/\/senbera.com\/fi\/kauppa\/"},{"@type":"ListItem","position":3,"name":"K\u00e4silaukku puhelimen tapauksessa"}]},{"@type":"WebSite","@id":"https:\/\/senbera.com\/fi\/#website","url":"https:\/\/senbera.com\/fi\/","name":"Senbera FI","description":"","publisher":{"@id":"https:\/\/senbera.com\/fi\/#organization"},"potentialAction":[{"@type":"SearchAction","target":{"@type":"EntryPoint","urlTemplate":"https:\/\/senbera.com\/fi\/?s={search_term_string}"},"query-input":{"@type":"PropertyValueSpecification","valueRequired":true,"valueName":"search_term_string"}}],"inLanguage":"fi"},{"@type":"Organization","@id":"https:\/\/senbera.com\/fi\/#organization","name":"Mekulo","url":"https:\/\/senbera.com\/fi\/","logo":{"@type":"ImageObject","inLanguage":"fi","@id":"https:\/\/senbera.com\/fi\/#\/schema\/logo\/image\/","url":"https:\/\/senbera.com\/fi\/wp-content\/uploads\/sites\/19\/2025\/12\/favicon_mekulo.png","contentUrl":"https:\/\/senbera.com\/fi\/wp-content\/uploads\/sites\/19\/2025\/12\/favicon_mekulo.png","width":50,"height":50,"caption":"Mekulo"},"image":{"@id":"https:\/\/senbera.com\/fi\/#\/schema\/logo\/image\/"}}]}},"_links":{"self":[{"href":"https:\/\/senbera.com\/fi\/wp-json\/wp\/v2\/product\/19436","targetHints":{"allow":["GET"]}}],"collection":[{"href":"https:\/\/senbera.com\/fi\/wp-json\/wp\/v2\/product"}],"about":[{"href":"https:\/\/senbera.com\/fi\/wp-json\/wp\/v2\/types\/product"}],"replies":[{"embeddable":true,"href":"https:\/\/senbera.com\/fi\/wp-json\/wp\/v2\/comments?post=19436"}],"wp:featuredmedia":[{"embeddable":true,"href":"https:\/\/senbera.com\/fi\/wp-json\/wp\/v2\/media\/19431"}],"wp:attachment":[{"href":"https:\/\/senbera.com\/fi\/wp-json\/wp\/v2\/media?parent=19436"}],"wp:term":[{"taxonomy":"product_brand","embeddable":true,"href":"https:\/\/senbera.com\/fi\/wp-json\/wp\/v2\/product_brand?post=19436"},{"taxonomy":"product_cat","embeddable":true,"href":"https:\/\/senbera.com\/fi\/wp-json\/wp\/v2\/product_cat?post=19436"},{"taxonomy":"product_tag","embeddable":true,"href":"https:\/\/senbera.com\/fi\/wp-json\/wp\/v2\/product_tag?post=19436"}],"curies":[{"name":"wp","href":"https:\/\/api.w.org\/{rel}","templated":true}]}}