{"id":19391,"date":"2026-01-15T08:13:31","date_gmt":"2026-01-15T06:13:31","guid":{"rendered":"https:\/\/senbera.com\/fi\/tuote\/sahkoinen-hiomakone\/"},"modified":"2026-01-15T08:13:31","modified_gmt":"2026-01-15T06:13:31","slug":"sahkoinen-hiomakone","status":"publish","type":"product","link":"https:\/\/senbera.com\/fi\/tuote\/sahkoinen-hiomakone\/","title":{"rendered":"S\u00e4hk\u00f6inen hiomakone"},"content":{"rendered":"<h2 style=\"text-align: center\" data-start=\"40\" data-end=\"96\">\ud83d\udd2a Keitti\u00f6si uusi paras yst\u00e4v\u00e4<\/h2>\n<p class=\"\" style=\"text-align: center\" data-start=\"98\" data-end=\"217\"><span class=\"relative -mx-px my-[-0.2rem] rounded px-px py-[0.2rem] transition-colors duration-100 ease-in-out\">Tee aterianvalmistuksesta helppoa s\u00e4hk\u00f6myllymme avulla!<\/span> <span class=\"relative -mx-px my-[-0.2rem] rounded px-px py-[0.2rem] transition-colors duration-100 ease-in-out\">T\u00e4m\u00e4 tehokas ja monipuolinen keitti\u00f6ty\u00f6kalu on t\u00e4ydellinen erilaisten ainesosien pilkkomiseen, jauhamiseen ja sekoittamiseen, mik\u00e4 s\u00e4\u00e4st\u00e4\u00e4 aikaa ja vaivaa keitti\u00f6ss\u00e4.<\/span><\/p>\n<p data-start=\"98\" data-end=\"217\"><img decoding=\"async\" class=\"size-full wp-image-14365 aligncenter\" src=\"https:\/\/keluvo.com\/template\/wp-content\/uploads\/sites\/5\/2025\/04\/cutter-3.jpg\" alt=\"\" \/><\/p>\n<h2 style=\"text-align: center\">\ud83c\udf1f T\u00e4rkeimm\u00e4t edut<\/h2>\n<p class=\"\" data-start=\"251\" data-end=\"358\">Tehokas suorituskyky: <span class=\"relative -mx-px my-[-0.2rem] rounded px-px py-[0.2rem] transition-colors duration-100 ease-in-out\">Varustettu 500 W:n moottorilla ja 4 ruostumattomasta ter\u00e4ksest\u00e4 valmistetulla ter\u00e4ll\u00e4, se k\u00e4sittelee tehokkaasti lihaa, vihanneksia, hedelmi\u00e4 ja paljon muuta<\/span>\u200b<\/p>\n<p class=\"\" data-start=\"362\" data-end=\"534\">Suuri kapasiteetti: Ruostumattomasta ter\u00e4ksest\u00e4 valmistettu 2 litran kulho on kest\u00e4v\u00e4 ja helppo puhdistaa, ja se sopii t\u00e4ydellisesti koko perheen aterioiden valmistukseen<\/p>\n<p class=\"\" data-start=\"538\" data-end=\"713\">K\u00e4ytt\u00f6yst\u00e4v\u00e4llinen muotoilu: Siin\u00e4 on kaksi nopeusasetusta tarkkaa s\u00e4\u00e4t\u00f6\u00e4 varten ja liukumaton matto, joka pit\u00e4\u00e4 jauhimen vakaana k\u00e4yt\u00f6n aikana<\/p>\n<p class=\"\" data-start=\"717\" data-end=\"817\">Helppo puhdistaa: <span class=\"relative -mx-px my-[-0.2rem] rounded px-px py-[0.2rem] transition-colors duration-100 ease-in-out\">Irrotettavat osat tekev\u00e4t puhdistamisesta helppoa, mik\u00e4 varmistaa, ett\u00e4 jauhin on valmis seuraavaa k\u00e4ytt\u00f6\u00e4 varten<\/span><\/p>\n<p><img decoding=\"async\" class=\"size-full wp-image-14369 aligncenter\" src=\"https:\/\/keluvo.com\/template\/wp-content\/uploads\/sites\/5\/2025\/04\/main-image-3-2.jpeg\" alt=\"\" \/><\/p>\n<h2 style=\"text-align: center\" data-start=\"824\" data-end=\"857\">\ud83d\udccf Tuotetiedot<\/h2>\n<ul data-start=\"859\" data-end=\"1322\">\n<li class=\"\" data-start=\"859\" data-end=\"957\">\n<p class=\"\" data-start=\"861\" data-end=\"957\">Teho: <span class=\"relative -mx-px my-[-0.2rem] rounded px-px py-[0.2rem] transition-colors duration-100 ease-in-out\">500W<\/span>\u200b<\/p>\n<\/li>\n<li class=\"\" data-start=\"959\" data-end=\"1060\">\n<p class=\"\" data-start=\"961\" data-end=\"1060\">Tilavuus: <span class=\"relative -mx-px my-[-0.2rem] rounded px-px py-[0.2rem] transition-colors duration-100 ease-in-out\">2L<\/span>\u200b<\/p>\n<\/li>\n<li class=\"\" data-start=\"1062\" data-end=\"1163\">\n<p class=\"\" data-start=\"1064\" data-end=\"1163\">Materiaali: <span class=\"relative -mx-px my-[-0.2rem] rounded px-px py-[0.2rem] transition-colors duration-100 ease-in-out\">Ruostumattomasta ter\u00e4ksest\u00e4 valmistettu kulho ja ter\u00e4t<\/span><\/p>\n<\/li>\n<li class=\"\" data-start=\"1165\" data-end=\"1234\">\n<p class=\"\" data-start=\"1167\" data-end=\"1234\">Nopeudet: 2<\/p>\n<\/li>\n<\/ul>\n<h2 style=\"text-align: center\">\ud83d\udce6 Pakkaus sis\u00e4lt\u00e4\u00e4<\/h2>\n<ul>\n<li>1x elextric-myllyn.\u200b<\/li>\n<\/ul>\n","protected":false},"excerpt":{"rendered":"<p>\ud83d\udd2a Keitti\u00f6si uusi paras yst\u00e4v\u00e4 Tee aterianvalmistuksesta helppoa s\u00e4hk\u00f6myllymme avulla! T\u00e4m\u00e4 tehokas ja monipuolinen keitti\u00f6ty\u00f6kalu on t\u00e4ydellinen erilaisten ainesosien pilkkomiseen, [&hellip;]<\/p>\n","protected":false},"featured_media":19386,"comment_status":"open","ping_status":"closed","template":"","meta":{"site-sidebar-layout":"default","site-content-layout":"","ast-site-content-layout":"default","site-content-style":"default","site-sidebar-style":"default","ast-global-header-display":"","ast-banner-title-visibility":"","ast-main-header-display":"","ast-hfb-above-header-display":"","ast-hfb-below-header-display":"","ast-hfb-mobile-header-display":"","site-post-title":"","ast-breadcrumbs-content":"","ast-featured-img":"","footer-sml-layout":"","ast-disable-related-posts":"","theme-transparent-header-meta":"default","adv-header-id-meta":"","stick-header-meta":"","header-above-stick-meta":"","header-main-stick-meta":"","header-below-stick-meta":"","astra-migrate-meta-layouts":"set","ast-page-background-enabled":"default","ast-page-background-meta":{"desktop":{"background-color":"var(--ast-global-color-5)","background-image":"","background-repeat":"repeat","background-position":"center center","background-size":"auto","background-attachment":"scroll","background-type":"","background-media":"","overlay-type":"","overlay-color":"","overlay-opacity":"","overlay-gradient":""},"tablet":{"background-color":"","background-image":"","background-repeat":"repeat","background-position":"center center","background-size":"auto","background-attachment":"scroll","background-type":"","background-media":"","overlay-type":"","overlay-color":"","overlay-opacity":"","overlay-gradient":""},"mobile":{"background-color":"","background-image":"","background-repeat":"repeat","background-position":"center center","background-size":"auto","background-attachment":"scroll","background-type":"","background-media":"","overlay-type":"","overlay-color":"","overlay-opacity":"","overlay-gradient":""}},"ast-content-background-meta":{"desktop":{"background-color":"var(--ast-global-color-4)","background-image":"","background-repeat":"repeat","background-position":"center center","background-size":"auto","background-attachment":"scroll","background-type":"","background-media":"","overlay-type":"","overlay-color":"","overlay-opacity":"","overlay-gradient":""},"tablet":{"background-color":"var(--ast-global-color-4)","background-image":"","background-repeat":"repeat","background-position":"center center","background-size":"auto","background-attachment":"scroll","background-type":"","background-media":"","overlay-type":"","overlay-color":"","overlay-opacity":"","overlay-gradient":""},"mobile":{"background-color":"var(--ast-global-color-4)","background-image":"","background-repeat":"repeat","background-position":"center center","background-size":"auto","background-attachment":"scroll","background-type":"","background-media":"","overlay-type":"","overlay-color":"","overlay-opacity":"","overlay-gradient":""}}},"product_brand":[],"product_cat":[15],"product_tag":[],"class_list":{"0":"post-19391","1":"product","2":"type-product","3":"status-publish","4":"has-post-thumbnail","6":"product_cat-luokittelematon","7":"desktop-align-left","8":"tablet-align-left","9":"mobile-align-left","11":"first","12":"instock","13":"shipping-taxable","14":"purchasable","15":"product-type-simple"},"yoast_head":"<!-- This site is optimized with the Yoast SEO plugin v27.4 - https:\/\/yoast.com\/product\/yoast-seo-wordpress\/ -->\n<title>S\u00e4hk\u00f6inen hiomakone - Senbera FI<\/title>\n<meta name=\"robots\" content=\"index, follow, max-snippet:-1, max-image-preview:large, max-video-preview:-1\" \/>\n<link rel=\"canonical\" href=\"https:\/\/senbera.com\/fi\/tuote\/sahkoinen-hiomakone\/\" \/>\n<meta property=\"og:locale\" content=\"fi_FI\" \/>\n<meta property=\"og:type\" content=\"article\" \/>\n<meta property=\"og:title\" content=\"S\u00e4hk\u00f6inen hiomakone - Senbera FI\" \/>\n<meta property=\"og:description\" content=\"\ud83d\udd2a Keitti\u00f6si uusi paras yst\u00e4v\u00e4 Tee aterianvalmistuksesta helppoa s\u00e4hk\u00f6myllymme avulla! T\u00e4m\u00e4 tehokas ja monipuolinen keitti\u00f6ty\u00f6kalu on t\u00e4ydellinen erilaisten ainesosien pilkkomiseen, [&hellip;]\" \/>\n<meta property=\"og:url\" content=\"https:\/\/senbera.com\/fi\/tuote\/sahkoinen-hiomakone\/\" \/>\n<meta property=\"og:site_name\" content=\"Senbera FI\" \/>\n<meta name=\"twitter:card\" content=\"summary_large_image\" \/>\n<meta name=\"twitter:label1\" content=\"Arvioitu lukuaika\" \/>\n\t<meta name=\"twitter:data1\" content=\"1 minuutti\" \/>\n<script type=\"application\/ld+json\" class=\"yoast-schema-graph\">{\"@context\":\"https:\\\/\\\/schema.org\",\"@graph\":[{\"@type\":\"WebPage\",\"@id\":\"https:\\\/\\\/senbera.com\\\/fi\\\/tuote\\\/sahkoinen-hiomakone\\\/\",\"url\":\"https:\\\/\\\/senbera.com\\\/fi\\\/tuote\\\/sahkoinen-hiomakone\\\/\",\"name\":\"S\u00e4hk\u00f6inen hiomakone - Senbera FI\",\"isPartOf\":{\"@id\":\"https:\\\/\\\/senbera.com\\\/fi\\\/#website\"},\"primaryImageOfPage\":{\"@id\":\"https:\\\/\\\/senbera.com\\\/fi\\\/tuote\\\/sahkoinen-hiomakone\\\/#primaryimage\"},\"image\":{\"@id\":\"https:\\\/\\\/senbera.com\\\/fi\\\/tuote\\\/sahkoinen-hiomakone\\\/#primaryimage\"},\"thumbnailUrl\":\"https:\\\/\\\/senbera.com\\\/fi\\\/wp-content\\\/uploads\\\/sites\\\/19\\\/2026\\\/01\\\/gpyholo-1.jpg\",\"datePublished\":\"2026-01-15T06:13:31+00:00\",\"breadcrumb\":{\"@id\":\"https:\\\/\\\/senbera.com\\\/fi\\\/tuote\\\/sahkoinen-hiomakone\\\/#breadcrumb\"},\"inLanguage\":\"fi\",\"potentialAction\":[{\"@type\":\"ReadAction\",\"target\":[\"https:\\\/\\\/senbera.com\\\/fi\\\/tuote\\\/sahkoinen-hiomakone\\\/\"]}]},{\"@type\":\"ImageObject\",\"inLanguage\":\"fi\",\"@id\":\"https:\\\/\\\/senbera.com\\\/fi\\\/tuote\\\/sahkoinen-hiomakone\\\/#primaryimage\",\"url\":\"https:\\\/\\\/senbera.com\\\/fi\\\/wp-content\\\/uploads\\\/sites\\\/19\\\/2026\\\/01\\\/gpyholo-1.jpg\",\"contentUrl\":\"https:\\\/\\\/senbera.com\\\/fi\\\/wp-content\\\/uploads\\\/sites\\\/19\\\/2026\\\/01\\\/gpyholo-1.jpg\",\"width\":1000,\"height\":1000},{\"@type\":\"BreadcrumbList\",\"@id\":\"https:\\\/\\\/senbera.com\\\/fi\\\/tuote\\\/sahkoinen-hiomakone\\\/#breadcrumb\",\"itemListElement\":[{\"@type\":\"ListItem\",\"position\":1,\"name\":\"Home\",\"item\":\"https:\\\/\\\/senbera.com\\\/fi\\\/\"},{\"@type\":\"ListItem\",\"position\":2,\"name\":\"Kauppa\",\"item\":\"https:\\\/\\\/senbera.com\\\/fi\\\/kauppa\\\/\"},{\"@type\":\"ListItem\",\"position\":3,\"name\":\"S\u00e4hk\u00f6inen hiomakone\"}]},{\"@type\":\"WebSite\",\"@id\":\"https:\\\/\\\/senbera.com\\\/fi\\\/#website\",\"url\":\"https:\\\/\\\/senbera.com\\\/fi\\\/\",\"name\":\"Senbera FI\",\"description\":\"\",\"publisher\":{\"@id\":\"https:\\\/\\\/senbera.com\\\/fi\\\/#organization\"},\"potentialAction\":[{\"@type\":\"SearchAction\",\"target\":{\"@type\":\"EntryPoint\",\"urlTemplate\":\"https:\\\/\\\/senbera.com\\\/fi\\\/?s={search_term_string}\"},\"query-input\":{\"@type\":\"PropertyValueSpecification\",\"valueRequired\":true,\"valueName\":\"search_term_string\"}}],\"inLanguage\":\"fi\"},{\"@type\":\"Organization\",\"@id\":\"https:\\\/\\\/senbera.com\\\/fi\\\/#organization\",\"name\":\"Mekulo\",\"url\":\"https:\\\/\\\/senbera.com\\\/fi\\\/\",\"logo\":{\"@type\":\"ImageObject\",\"inLanguage\":\"fi\",\"@id\":\"https:\\\/\\\/senbera.com\\\/fi\\\/#\\\/schema\\\/logo\\\/image\\\/\",\"url\":\"https:\\\/\\\/senbera.com\\\/fi\\\/wp-content\\\/uploads\\\/sites\\\/19\\\/2025\\\/12\\\/favicon_mekulo.png\",\"contentUrl\":\"https:\\\/\\\/senbera.com\\\/fi\\\/wp-content\\\/uploads\\\/sites\\\/19\\\/2025\\\/12\\\/favicon_mekulo.png\",\"width\":50,\"height\":50,\"caption\":\"Mekulo\"},\"image\":{\"@id\":\"https:\\\/\\\/senbera.com\\\/fi\\\/#\\\/schema\\\/logo\\\/image\\\/\"}}]}<\/script>\n<!-- \/ Yoast SEO plugin. -->","yoast_head_json":{"title":"S\u00e4hk\u00f6inen hiomakone - Senbera FI","robots":{"index":"index","follow":"follow","max-snippet":"max-snippet:-1","max-image-preview":"max-image-preview:large","max-video-preview":"max-video-preview:-1"},"canonical":"https:\/\/senbera.com\/fi\/tuote\/sahkoinen-hiomakone\/","og_locale":"fi_FI","og_type":"article","og_title":"S\u00e4hk\u00f6inen hiomakone - Senbera FI","og_description":"\ud83d\udd2a Keitti\u00f6si uusi paras yst\u00e4v\u00e4 Tee aterianvalmistuksesta helppoa s\u00e4hk\u00f6myllymme avulla! T\u00e4m\u00e4 tehokas ja monipuolinen keitti\u00f6ty\u00f6kalu on t\u00e4ydellinen erilaisten ainesosien pilkkomiseen, [&hellip;]","og_url":"https:\/\/senbera.com\/fi\/tuote\/sahkoinen-hiomakone\/","og_site_name":"Senbera FI","twitter_card":"summary_large_image","twitter_misc":{"Arvioitu lukuaika":"1 minuutti"},"schema":{"@context":"https:\/\/schema.org","@graph":[{"@type":"WebPage","@id":"https:\/\/senbera.com\/fi\/tuote\/sahkoinen-hiomakone\/","url":"https:\/\/senbera.com\/fi\/tuote\/sahkoinen-hiomakone\/","name":"S\u00e4hk\u00f6inen hiomakone - Senbera FI","isPartOf":{"@id":"https:\/\/senbera.com\/fi\/#website"},"primaryImageOfPage":{"@id":"https:\/\/senbera.com\/fi\/tuote\/sahkoinen-hiomakone\/#primaryimage"},"image":{"@id":"https:\/\/senbera.com\/fi\/tuote\/sahkoinen-hiomakone\/#primaryimage"},"thumbnailUrl":"https:\/\/senbera.com\/fi\/wp-content\/uploads\/sites\/19\/2026\/01\/gpyholo-1.jpg","datePublished":"2026-01-15T06:13:31+00:00","breadcrumb":{"@id":"https:\/\/senbera.com\/fi\/tuote\/sahkoinen-hiomakone\/#breadcrumb"},"inLanguage":"fi","potentialAction":[{"@type":"ReadAction","target":["https:\/\/senbera.com\/fi\/tuote\/sahkoinen-hiomakone\/"]}]},{"@type":"ImageObject","inLanguage":"fi","@id":"https:\/\/senbera.com\/fi\/tuote\/sahkoinen-hiomakone\/#primaryimage","url":"https:\/\/senbera.com\/fi\/wp-content\/uploads\/sites\/19\/2026\/01\/gpyholo-1.jpg","contentUrl":"https:\/\/senbera.com\/fi\/wp-content\/uploads\/sites\/19\/2026\/01\/gpyholo-1.jpg","width":1000,"height":1000},{"@type":"BreadcrumbList","@id":"https:\/\/senbera.com\/fi\/tuote\/sahkoinen-hiomakone\/#breadcrumb","itemListElement":[{"@type":"ListItem","position":1,"name":"Home","item":"https:\/\/senbera.com\/fi\/"},{"@type":"ListItem","position":2,"name":"Kauppa","item":"https:\/\/senbera.com\/fi\/kauppa\/"},{"@type":"ListItem","position":3,"name":"S\u00e4hk\u00f6inen hiomakone"}]},{"@type":"WebSite","@id":"https:\/\/senbera.com\/fi\/#website","url":"https:\/\/senbera.com\/fi\/","name":"Senbera FI","description":"","publisher":{"@id":"https:\/\/senbera.com\/fi\/#organization"},"potentialAction":[{"@type":"SearchAction","target":{"@type":"EntryPoint","urlTemplate":"https:\/\/senbera.com\/fi\/?s={search_term_string}"},"query-input":{"@type":"PropertyValueSpecification","valueRequired":true,"valueName":"search_term_string"}}],"inLanguage":"fi"},{"@type":"Organization","@id":"https:\/\/senbera.com\/fi\/#organization","name":"Mekulo","url":"https:\/\/senbera.com\/fi\/","logo":{"@type":"ImageObject","inLanguage":"fi","@id":"https:\/\/senbera.com\/fi\/#\/schema\/logo\/image\/","url":"https:\/\/senbera.com\/fi\/wp-content\/uploads\/sites\/19\/2025\/12\/favicon_mekulo.png","contentUrl":"https:\/\/senbera.com\/fi\/wp-content\/uploads\/sites\/19\/2025\/12\/favicon_mekulo.png","width":50,"height":50,"caption":"Mekulo"},"image":{"@id":"https:\/\/senbera.com\/fi\/#\/schema\/logo\/image\/"}}]}},"_links":{"self":[{"href":"https:\/\/senbera.com\/fi\/wp-json\/wp\/v2\/product\/19391","targetHints":{"allow":["GET"]}}],"collection":[{"href":"https:\/\/senbera.com\/fi\/wp-json\/wp\/v2\/product"}],"about":[{"href":"https:\/\/senbera.com\/fi\/wp-json\/wp\/v2\/types\/product"}],"replies":[{"embeddable":true,"href":"https:\/\/senbera.com\/fi\/wp-json\/wp\/v2\/comments?post=19391"}],"wp:featuredmedia":[{"embeddable":true,"href":"https:\/\/senbera.com\/fi\/wp-json\/wp\/v2\/media\/19386"}],"wp:attachment":[{"href":"https:\/\/senbera.com\/fi\/wp-json\/wp\/v2\/media?parent=19391"}],"wp:term":[{"taxonomy":"product_brand","embeddable":true,"href":"https:\/\/senbera.com\/fi\/wp-json\/wp\/v2\/product_brand?post=19391"},{"taxonomy":"product_cat","embeddable":true,"href":"https:\/\/senbera.com\/fi\/wp-json\/wp\/v2\/product_cat?post=19391"},{"taxonomy":"product_tag","embeddable":true,"href":"https:\/\/senbera.com\/fi\/wp-json\/wp\/v2\/product_tag?post=19391"}],"curies":[{"name":"wp","href":"https:\/\/api.w.org\/{rel}","templated":true}]}}