{"id":19380,"date":"2026-01-15T08:12:51","date_gmt":"2026-01-15T06:12:51","guid":{"rendered":"https:\/\/senbera.com\/fi\/tuote\/hiusvoide-eelhoe-straight\/"},"modified":"2026-01-15T08:12:51","modified_gmt":"2026-01-15T06:12:51","slug":"hiusvoide-eelhoe-straight","status":"publish","type":"product","link":"https:\/\/senbera.com\/fi\/tuote\/hiusvoide-eelhoe-straight\/","title":{"rendered":"Hiusvoide EELHOE STRAIGHT"},"content":{"rendered":"<h2 style=\"text-align: center\" data-start=\"40\" data-end=\"90\">\u2728 Sile\u00e4t, suorat ja kiilt\u00e4v\u00e4t hiukset &#8211; muutamassa minuutissa<\/h2>\n<p class=\"\" style=\"text-align: center\" data-start=\"92\" data-end=\"211\"><span class=\"relative -mx-px my-[-0.2rem] rounded px-px py-[0.2rem] transition-colors duration-100 ease-in-out\">Hyv\u00e4sti p\u00f6rr\u00f6isyys ja tervehdys sileille, hallittaville hiuksille hiusten suoristusvoiteemme avulla.<\/span> <span class=\"relative -mx-px my-[-0.2rem] rounded px-px py-[0.2rem] transition-colors duration-100 ease-in-out\">T\u00e4m\u00e4 helppok\u00e4ytt\u00f6inen hoito muuttaa kiharat, aaltoilevat tai ep\u00e4s\u00e4\u00e4nn\u00f6lliset hiukset sileiksi ja suoriksi &#8211; ja kaikki t\u00e4m\u00e4 mukavasti kotonasi.<\/span><\/p>\n<p data-start=\"92\" data-end=\"211\"><img decoding=\"async\" class=\"size-full wp-image-14262 aligncenter\" src=\"https:\/\/keluvo.com\/template\/wp-content\/uploads\/sites\/5\/2025\/04\/ezgif.com-webp-maker.webp\" alt=\"\" \/><\/p>\n<h2 style=\"text-align: center\" data-start=\"218\" data-end=\"243\">\ud83c\udf1f Miksi Tulet Rakastamaan Sit\u00e4<\/h2>\n<p class=\"\" data-start=\"247\" data-end=\"349\">Pikaiset tulokset: <span class=\"relative -mx-px my-[-0.2rem] rounded px-px py-[0.2rem] transition-colors duration-100 ease-in-out\">Saavutat silkkisen suorat hiukset vain yhdell\u00e4 k\u00e4ytt\u00f6kerralla &#8211; et tarvitse l\u00e4mmitettyj\u00e4 ty\u00f6kaluja tai salonkik\u00e4yntej\u00e4<\/span><\/p>\n<p class=\"\" data-start=\"352\" data-end=\"515\">Ravitsevat ainesosat: Sis\u00e4lt\u00e4\u00e4 kollageenia, glyseriini\u00e4 ja kasviuutteita, jotka kosteuttavat ja vahvistavat hiuksiasi.<\/p>\n<p class=\"\" data-start=\"518\" data-end=\"656\">Turvallinen &amp; hell\u00e4varainen: Taltuttaa p\u00f6rr\u00f6iset hiukset ja v\u00e4hent\u00e4\u00e4 staattista s\u00e4hk\u00f6\u00e4 j\u00e4tt\u00e4en hiukset kiilt\u00e4viksi ja sileiksi.<\/p>\n<p class=\"\" data-start=\"659\" data-end=\"759\">Safe &amp; gentle: <span class=\"relative -mx-px my-[-0.2rem] rounded px-px py-[0.2rem] transition-colors duration-100 ease-in-out\">Helppo levitys: Yksinkertainen kolmivaiheinen prosessi &#8211; pese, levit\u00e4 ja huuhtele<\/span>\u200b<\/p>\n<p><img decoding=\"async\" class=\"size-full wp-image-14256 aligncenter\" src=\"https:\/\/keluvo.com\/template\/wp-content\/uploads\/sites\/5\/2025\/04\/main-image-3.jpeg\" alt=\"\" \/><\/p>\n<h2 style=\"text-align: center\" data-start=\"92\" data-end=\"211\">\u200b\ud83e\uddf4 Tuotetiedot<\/h2>\n<ul data-start=\"900\" data-end=\"1699\">\n<li class=\"\" data-start=\"998\" data-end=\"1099\">\n<p class=\"\" data-start=\"1000\" data-end=\"1099\">Tilavuus: <span class=\"relative -mx-px my-[-0.2rem] rounded px-px py-[0.2rem] transition-colors duration-100 ease-in-out\">60ml<\/span>\u200b<\/p>\n<\/li>\n<li class=\"\" data-start=\"1100\" data-end=\"1203\">\n<p class=\"\" data-start=\"1102\" data-end=\"1203\">S\u00e4ilyvyysaika: <span class=\"relative -mx-px my-[-0.2rem] rounded px-px py-[0.2rem] transition-colors duration-100 ease-in-out\">3 vuotta<\/span><\/p>\n<\/li>\n<li class=\"\" data-start=\"1204\" data-end=\"1309\">\n<p class=\"\" data-start=\"1206\" data-end=\"1309\">Soveltuu: <span class=\"relative -mx-px my-[-0.2rem] rounded px-px py-[0.2rem] transition-colors duration-100 ease-in-out\">Kaikille hiustyypeille, erityisesti kiharille tai vaurioituneille hiuksille<\/span><\/p>\n<\/li>\n<li class=\"\" data-start=\"1310\" data-end=\"1699\">\n<p class=\"\" data-start=\"1312\" data-end=\"1328\">K\u00e4ytt\u00f6vaiheet:<\/p>\n<ol data-start=\"1331\" data-end=\"1699\">\n<li class=\"\" data-start=\"1331\" data-end=\"1419\">\n<p class=\"\" data-start=\"1334\" data-end=\"1419\"><span class=\"relative -mx-px my-[-0.2rem] rounded px-px py-[0.2rem] transition-colors duration-100 ease-in-out\">Pese hiukset shampoolla ja kuivaa pyyhkeell\u00e4 puolikuivaksi.<\/span>\u200b<\/p>\n<\/li>\n<li class=\"\" data-start=\"1422\" data-end=\"1608\">\n<p class=\"\" data-start=\"1425\" data-end=\"1510\"><span class=\"relative -mx-px my-[-0.2rem] rounded px-px py-[0.2rem] transition-colors duration-100 ease-in-out\">Levit\u00e4 voidetta tasaisesti hiuksiin.<\/span>\u200b<\/p>\n<ul data-start=\"1516\" data-end=\"1608\">\n<li class=\"\" data-start=\"1516\" data-end=\"1559\">\n<p class=\"\" data-start=\"1518\" data-end=\"1559\">Anna vaikuttaa 20-30 minuuttia terveille hiuksille.<\/p>\n<\/li>\n<li class=\"\" data-start=\"1565\" data-end=\"1608\">\n<p class=\"\" data-start=\"1567\" data-end=\"1608\">Anna vaikuttaa 10-20 minuuttia vaurioituneille hiuksille.<\/p>\n<\/li>\n<\/ul>\n<\/li>\n<li class=\"\" data-start=\"1611\" data-end=\"1699\">\n<p class=\"\" data-start=\"1614\" data-end=\"1699\"><span class=\"relative -mx-px my-[-0.2rem] rounded px-px py-[0.2rem] transition-colors duration-100 ease-in-out\">Huuhtele huolellisesti vedell\u00e4.<\/span><\/p>\n<\/li>\n<\/ol>\n<\/li>\n<p>&lt;\/ul<\/p>\n","protected":false},"excerpt":{"rendered":"<p>\u2728 Sile\u00e4t, suorat ja kiilt\u00e4v\u00e4t hiukset &#8211; muutamassa minuutissa Hyv\u00e4sti p\u00f6rr\u00f6isyys ja tervehdys sileille, hallittaville hiuksille hiusten suoristusvoiteemme avulla. T\u00e4m\u00e4 [&hellip;]<\/p>\n","protected":false},"featured_media":19376,"comment_status":"open","ping_status":"closed","template":"","meta":{"site-sidebar-layout":"default","site-content-layout":"","ast-site-content-layout":"default","site-content-style":"default","site-sidebar-style":"default","ast-global-header-display":"","ast-banner-title-visibility":"","ast-main-header-display":"","ast-hfb-above-header-display":"","ast-hfb-below-header-display":"","ast-hfb-mobile-header-display":"","site-post-title":"","ast-breadcrumbs-content":"","ast-featured-img":"","footer-sml-layout":"","theme-transparent-header-meta":"default","adv-header-id-meta":"","stick-header-meta":"","header-above-stick-meta":"","header-main-stick-meta":"","header-below-stick-meta":"","astra-migrate-meta-layouts":"set","ast-page-background-enabled":"default","ast-page-background-meta":{"desktop":{"background-color":"var(--ast-global-color-5)","background-image":"","background-repeat":"repeat","background-position":"center center","background-size":"auto","background-attachment":"scroll","background-type":"","background-media":"","overlay-type":"","overlay-color":"","overlay-opacity":"","overlay-gradient":""},"tablet":{"background-color":"","background-image":"","background-repeat":"repeat","background-position":"center center","background-size":"auto","background-attachment":"scroll","background-type":"","background-media":"","overlay-type":"","overlay-color":"","overlay-opacity":"","overlay-gradient":""},"mobile":{"background-color":"","background-image":"","background-repeat":"repeat","background-position":"center center","background-size":"auto","background-attachment":"scroll","background-type":"","background-media":"","overlay-type":"","overlay-color":"","overlay-opacity":"","overlay-gradient":""}},"ast-content-background-meta":{"desktop":{"background-color":"var(--ast-global-color-4)","background-image":"","background-repeat":"repeat","background-position":"center center","background-size":"auto","background-attachment":"scroll","background-type":"","background-media":"","overlay-type":"","overlay-color":"","overlay-opacity":"","overlay-gradient":""},"tablet":{"background-color":"var(--ast-global-color-4)","background-image":"","background-repeat":"repeat","background-position":"center center","background-size":"auto","background-attachment":"scroll","background-type":"","background-media":"","overlay-type":"","overlay-color":"","overlay-opacity":"","overlay-gradient":""},"mobile":{"background-color":"var(--ast-global-color-4)","background-image":"","background-repeat":"repeat","background-position":"center center","background-size":"auto","background-attachment":"scroll","background-type":"","background-media":"","overlay-type":"","overlay-color":"","overlay-opacity":"","overlay-gradient":""}}},"product_brand":[],"product_cat":[15],"product_tag":[],"class_list":{"0":"post-19380","1":"product","2":"type-product","3":"status-publish","4":"has-post-thumbnail","6":"product_cat-luokittelematon","7":"desktop-align-left","8":"tablet-align-left","9":"mobile-align-left","11":"first","12":"instock","13":"shipping-taxable","14":"purchasable","15":"product-type-simple"},"yoast_head":"<!-- This site is optimized with the Yoast SEO plugin v26.6 - https:\/\/yoast.com\/wordpress\/plugins\/seo\/ -->\n<title>Hiusvoide EELHOE STRAIGHT - Senbera FI<\/title>\n<meta name=\"robots\" content=\"index, follow, max-snippet:-1, max-image-preview:large, max-video-preview:-1\" \/>\n<link rel=\"canonical\" href=\"https:\/\/senbera.com\/fi\/tuote\/hiusvoide-eelhoe-straight\/\" \/>\n<meta property=\"og:locale\" content=\"fi_FI\" \/>\n<meta property=\"og:type\" content=\"article\" \/>\n<meta property=\"og:title\" content=\"Hiusvoide EELHOE STRAIGHT - Senbera FI\" \/>\n<meta property=\"og:description\" content=\"\u2728 Sile\u00e4t, suorat ja kiilt\u00e4v\u00e4t hiukset &#8211; muutamassa minuutissa Hyv\u00e4sti p\u00f6rr\u00f6isyys ja tervehdys sileille, hallittaville hiuksille hiusten suoristusvoiteemme avulla. T\u00e4m\u00e4 [&hellip;]\" \/>\n<meta property=\"og:url\" content=\"https:\/\/senbera.com\/fi\/tuote\/hiusvoide-eelhoe-straight\/\" \/>\n<meta property=\"og:site_name\" content=\"Senbera FI\" \/>\n<meta name=\"twitter:card\" content=\"summary_large_image\" \/>\n<meta name=\"twitter:label1\" content=\"Arvioitu lukuaika\" \/>\n\t<meta name=\"twitter:data1\" content=\"1 minuutti\" \/>\n<script type=\"application\/ld+json\" class=\"yoast-schema-graph\">{\"@context\":\"https:\/\/schema.org\",\"@graph\":[{\"@type\":\"WebPage\",\"@id\":\"https:\/\/senbera.com\/fi\/tuote\/hiusvoide-eelhoe-straight\/\",\"url\":\"https:\/\/senbera.com\/fi\/tuote\/hiusvoide-eelhoe-straight\/\",\"name\":\"Hiusvoide EELHOE STRAIGHT - Senbera FI\",\"isPartOf\":{\"@id\":\"https:\/\/senbera.com\/fi\/#website\"},\"primaryImageOfPage\":{\"@id\":\"https:\/\/senbera.com\/fi\/tuote\/hiusvoide-eelhoe-straight\/#primaryimage\"},\"image\":{\"@id\":\"https:\/\/senbera.com\/fi\/tuote\/hiusvoide-eelhoe-straight\/#primaryimage\"},\"thumbnailUrl\":\"https:\/\/senbera.com\/fi\/wp-content\/uploads\/sites\/19\/2026\/01\/al0e4tq-1.jpeg\",\"datePublished\":\"2026-01-15T06:12:51+00:00\",\"breadcrumb\":{\"@id\":\"https:\/\/senbera.com\/fi\/tuote\/hiusvoide-eelhoe-straight\/#breadcrumb\"},\"inLanguage\":\"fi\",\"potentialAction\":[{\"@type\":\"ReadAction\",\"target\":[\"https:\/\/senbera.com\/fi\/tuote\/hiusvoide-eelhoe-straight\/\"]}]},{\"@type\":\"ImageObject\",\"inLanguage\":\"fi\",\"@id\":\"https:\/\/senbera.com\/fi\/tuote\/hiusvoide-eelhoe-straight\/#primaryimage\",\"url\":\"https:\/\/senbera.com\/fi\/wp-content\/uploads\/sites\/19\/2026\/01\/al0e4tq-1.jpeg\",\"contentUrl\":\"https:\/\/senbera.com\/fi\/wp-content\/uploads\/sites\/19\/2026\/01\/al0e4tq-1.jpeg\",\"width\":1600,\"height\":1600},{\"@type\":\"BreadcrumbList\",\"@id\":\"https:\/\/senbera.com\/fi\/tuote\/hiusvoide-eelhoe-straight\/#breadcrumb\",\"itemListElement\":[{\"@type\":\"ListItem\",\"position\":1,\"name\":\"Home\",\"item\":\"https:\/\/senbera.com\/fi\/\"},{\"@type\":\"ListItem\",\"position\":2,\"name\":\"Kauppa\",\"item\":\"https:\/\/senbera.com\/fi\/kauppa\/\"},{\"@type\":\"ListItem\",\"position\":3,\"name\":\"Hiusvoide EELHOE STRAIGHT\"}]},{\"@type\":\"WebSite\",\"@id\":\"https:\/\/senbera.com\/fi\/#website\",\"url\":\"https:\/\/senbera.com\/fi\/\",\"name\":\"Senbera FI\",\"description\":\"\",\"publisher\":{\"@id\":\"https:\/\/senbera.com\/fi\/#organization\"},\"potentialAction\":[{\"@type\":\"SearchAction\",\"target\":{\"@type\":\"EntryPoint\",\"urlTemplate\":\"https:\/\/senbera.com\/fi\/?s={search_term_string}\"},\"query-input\":{\"@type\":\"PropertyValueSpecification\",\"valueRequired\":true,\"valueName\":\"search_term_string\"}}],\"inLanguage\":\"fi\"},{\"@type\":\"Organization\",\"@id\":\"https:\/\/senbera.com\/fi\/#organization\",\"name\":\"Mekulo\",\"url\":\"https:\/\/senbera.com\/fi\/\",\"logo\":{\"@type\":\"ImageObject\",\"inLanguage\":\"fi\",\"@id\":\"https:\/\/senbera.com\/fi\/#\/schema\/logo\/image\/\",\"url\":\"https:\/\/senbera.com\/fi\/wp-content\/uploads\/sites\/19\/2025\/12\/favicon_mekulo.png\",\"contentUrl\":\"https:\/\/senbera.com\/fi\/wp-content\/uploads\/sites\/19\/2025\/12\/favicon_mekulo.png\",\"width\":50,\"height\":50,\"caption\":\"Mekulo\"},\"image\":{\"@id\":\"https:\/\/senbera.com\/fi\/#\/schema\/logo\/image\/\"}}]}<\/script>\n<!-- \/ Yoast SEO plugin. -->","yoast_head_json":{"title":"Hiusvoide EELHOE STRAIGHT - Senbera FI","robots":{"index":"index","follow":"follow","max-snippet":"max-snippet:-1","max-image-preview":"max-image-preview:large","max-video-preview":"max-video-preview:-1"},"canonical":"https:\/\/senbera.com\/fi\/tuote\/hiusvoide-eelhoe-straight\/","og_locale":"fi_FI","og_type":"article","og_title":"Hiusvoide EELHOE STRAIGHT - Senbera FI","og_description":"\u2728 Sile\u00e4t, suorat ja kiilt\u00e4v\u00e4t hiukset &#8211; muutamassa minuutissa Hyv\u00e4sti p\u00f6rr\u00f6isyys ja tervehdys sileille, hallittaville hiuksille hiusten suoristusvoiteemme avulla. T\u00e4m\u00e4 [&hellip;]","og_url":"https:\/\/senbera.com\/fi\/tuote\/hiusvoide-eelhoe-straight\/","og_site_name":"Senbera FI","twitter_card":"summary_large_image","twitter_misc":{"Arvioitu lukuaika":"1 minuutti"},"schema":{"@context":"https:\/\/schema.org","@graph":[{"@type":"WebPage","@id":"https:\/\/senbera.com\/fi\/tuote\/hiusvoide-eelhoe-straight\/","url":"https:\/\/senbera.com\/fi\/tuote\/hiusvoide-eelhoe-straight\/","name":"Hiusvoide EELHOE STRAIGHT - Senbera FI","isPartOf":{"@id":"https:\/\/senbera.com\/fi\/#website"},"primaryImageOfPage":{"@id":"https:\/\/senbera.com\/fi\/tuote\/hiusvoide-eelhoe-straight\/#primaryimage"},"image":{"@id":"https:\/\/senbera.com\/fi\/tuote\/hiusvoide-eelhoe-straight\/#primaryimage"},"thumbnailUrl":"https:\/\/senbera.com\/fi\/wp-content\/uploads\/sites\/19\/2026\/01\/al0e4tq-1.jpeg","datePublished":"2026-01-15T06:12:51+00:00","breadcrumb":{"@id":"https:\/\/senbera.com\/fi\/tuote\/hiusvoide-eelhoe-straight\/#breadcrumb"},"inLanguage":"fi","potentialAction":[{"@type":"ReadAction","target":["https:\/\/senbera.com\/fi\/tuote\/hiusvoide-eelhoe-straight\/"]}]},{"@type":"ImageObject","inLanguage":"fi","@id":"https:\/\/senbera.com\/fi\/tuote\/hiusvoide-eelhoe-straight\/#primaryimage","url":"https:\/\/senbera.com\/fi\/wp-content\/uploads\/sites\/19\/2026\/01\/al0e4tq-1.jpeg","contentUrl":"https:\/\/senbera.com\/fi\/wp-content\/uploads\/sites\/19\/2026\/01\/al0e4tq-1.jpeg","width":1600,"height":1600},{"@type":"BreadcrumbList","@id":"https:\/\/senbera.com\/fi\/tuote\/hiusvoide-eelhoe-straight\/#breadcrumb","itemListElement":[{"@type":"ListItem","position":1,"name":"Home","item":"https:\/\/senbera.com\/fi\/"},{"@type":"ListItem","position":2,"name":"Kauppa","item":"https:\/\/senbera.com\/fi\/kauppa\/"},{"@type":"ListItem","position":3,"name":"Hiusvoide EELHOE STRAIGHT"}]},{"@type":"WebSite","@id":"https:\/\/senbera.com\/fi\/#website","url":"https:\/\/senbera.com\/fi\/","name":"Senbera FI","description":"","publisher":{"@id":"https:\/\/senbera.com\/fi\/#organization"},"potentialAction":[{"@type":"SearchAction","target":{"@type":"EntryPoint","urlTemplate":"https:\/\/senbera.com\/fi\/?s={search_term_string}"},"query-input":{"@type":"PropertyValueSpecification","valueRequired":true,"valueName":"search_term_string"}}],"inLanguage":"fi"},{"@type":"Organization","@id":"https:\/\/senbera.com\/fi\/#organization","name":"Mekulo","url":"https:\/\/senbera.com\/fi\/","logo":{"@type":"ImageObject","inLanguage":"fi","@id":"https:\/\/senbera.com\/fi\/#\/schema\/logo\/image\/","url":"https:\/\/senbera.com\/fi\/wp-content\/uploads\/sites\/19\/2025\/12\/favicon_mekulo.png","contentUrl":"https:\/\/senbera.com\/fi\/wp-content\/uploads\/sites\/19\/2025\/12\/favicon_mekulo.png","width":50,"height":50,"caption":"Mekulo"},"image":{"@id":"https:\/\/senbera.com\/fi\/#\/schema\/logo\/image\/"}}]}},"_links":{"self":[{"href":"https:\/\/senbera.com\/fi\/wp-json\/wp\/v2\/product\/19380","targetHints":{"allow":["GET"]}}],"collection":[{"href":"https:\/\/senbera.com\/fi\/wp-json\/wp\/v2\/product"}],"about":[{"href":"https:\/\/senbera.com\/fi\/wp-json\/wp\/v2\/types\/product"}],"replies":[{"embeddable":true,"href":"https:\/\/senbera.com\/fi\/wp-json\/wp\/v2\/comments?post=19380"}],"wp:featuredmedia":[{"embeddable":true,"href":"https:\/\/senbera.com\/fi\/wp-json\/wp\/v2\/media\/19376"}],"wp:attachment":[{"href":"https:\/\/senbera.com\/fi\/wp-json\/wp\/v2\/media?parent=19380"}],"wp:term":[{"taxonomy":"product_brand","embeddable":true,"href":"https:\/\/senbera.com\/fi\/wp-json\/wp\/v2\/product_brand?post=19380"},{"taxonomy":"product_cat","embeddable":true,"href":"https:\/\/senbera.com\/fi\/wp-json\/wp\/v2\/product_cat?post=19380"},{"taxonomy":"product_tag","embeddable":true,"href":"https:\/\/senbera.com\/fi\/wp-json\/wp\/v2\/product_tag?post=19380"}],"curies":[{"name":"wp","href":"https:\/\/api.w.org\/{rel}","templated":true}]}}